{"id":2803,"date":"2025-12-22T22:36:40","date_gmt":"2025-12-22T22:36:40","guid":{"rendered":"https:\/\/olborglogistics.com\/product\/10-labas-tarolokontener-ablakkal-es-oldalso-ajtoval\/"},"modified":"2025-12-22T22:36:40","modified_gmt":"2025-12-22T22:36:40","slug":"10-labas-tarolokontener-ablakkal-es-oldalso-ajtoval","status":"publish","type":"product","link":"https:\/\/olborglogistics.com\/hu\/termek\/10-labas-tarolokontener-ablakkal-es-oldalso-ajtoval\/","title":{"rendered":"10 l\u00e1bas t\u00e1rol\u00f3kont\u00e9ner ablakkal \u00e9s oldals\u00f3 ajt\u00f3val."},"content":{"rendered":"<p data-start=\"507\" data-end=\"870\">A <strong data-start=\"511\" data-end=\"571\">10 l\u00e1b hossz\u00fa t\u00e1rol\u00f3kont\u00e9nert ablakkal \u00e9s oldals\u00f3 ajt\u00f3val &#8211; feh\u00e9r sz\u00ednben<\/strong> olyan \u00fcgyfelek sz\u00e1m\u00e1ra tervezt\u00e9k, akiknek <strong data-start=\"609\" data-end=\"651\">funkcion\u00e1lis \u00e9s hozz\u00e1f\u00e9rhet\u0151 t\u00e1rol\u00f3egys\u00e9gre<\/strong> van sz\u00fcks\u00e9g\u00fck kompakt form\u00e1tumban. A hagyom\u00e1nyos v\u00e9gajt\u00f3s kont\u00e9nerekkel ellent\u00e9tben ez a modell egy tov\u00e1bbi <strong data-start=\"744\" data-end=\"764\">oldals\u00f3 bej\u00e1rati ajt\u00f3val<\/strong> \u00e9s egy <strong data-start=\"771\" data-end=\"781\">ablakkal<\/strong> rendelkezik, ami praktikusabb\u00e1 teszi a gyakori haszn\u00e1latot \u00e9s a kont\u00e9ner belsej\u00e9nek jobb l\u00e1that\u00f3s\u00e1g\u00e1t. <\/p>\n<p data-start=\"872\" data-end=\"1192\">A tart\u00f3s <strong data-start=\"897\" data-end=\"913\">cortenac\u00e9lb\u00f3l<\/strong> k\u00e9sz\u00fclt kont\u00e9ner megb\u00edzhat\u00f3 v\u00e9delmet ny\u00fajt az id\u0151j\u00e1r\u00e1s \u00e9s a k\u00fcls\u0151 elemek ellen. A feh\u00e9r k\u00fcls\u0151 kivitel tiszta, professzion\u00e1lis megjelen\u00e9st k\u00f6lcs\u00f6n\u00f6z, \u00edgy alkalmas \u00e9p\u00edtkez\u00e9seken, kereskedelmi l\u00e9tes\u00edtm\u00e9nyekben, lak\u00f3ingatlanokban vagy k\u00f6nny\u0171ipari k\u00f6rnyezetben val\u00f3 haszn\u00e1latra. <\/p>\n<p data-start=\"1194\" data-end=\"1533\">Az <strong data-start=\"1198\" data-end=\"1211\">oldalajt\u00f3<\/strong> k\u00e9nyelmes bejut\u00e1st tesz lehet\u0151v\u00e9 a f\u0151 rakt\u00e9rajt\u00f3k teljes kinyit\u00e1sa n\u00e9lk\u00fcl, az <strong data-start=\"1290\" data-end=\"1300\">ablak<\/strong> pedig term\u00e9szetes napf\u00e9nyt biztos\u00edt, cs\u00f6kkentve ezzel az \u00e1lland\u00f3 mesters\u00e9ges vil\u00e1g\u00edt\u00e1s sz\u00fcks\u00e9gess\u00e9g\u00e9t a nappali haszn\u00e1lat sor\u00e1n. A bels\u0151 t\u00e9r nyitott \u00e9s sokoldal\u00fa, alkalmas szersz\u00e1mok, anyagok, berendez\u00e9sek t\u00e1rol\u00e1s\u00e1ra, vagy kisebb munkater\u00fcletk\u00e9nt, illetve h\u00e1ztart\u00e1si helyis\u00e9gk\u00e9nt szolg\u00e1l. <\/p>\n<p data-start=\"1535\" data-end=\"1703\">Ezt a kont\u00e9nert gyakran haszn\u00e1lj\u00e1k telephelyi t\u00e1rol\u00e1sra, karbantart\u00f3 helyis\u00e9gekbe, kerti vagy ingatlan t\u00e1rol\u00e1s\u00e1ra, valamint ideiglenes munkater\u00fcletekre, ahol fontos a hozz\u00e1f\u00e9rhet\u0151s\u00e9g \u00e9s a k\u00e9nyelem.<\/p>\n<hr data-start=\"1705\" data-end=\"1708\">\n<h2 data-start=\"1710\" data-end=\"1737\">M\u0171szaki specifik\u00e1ci\u00f3k<\/h2>\n<h3 data-start=\"1739\" data-end=\"1762\">\u00c1ltal\u00e1nos inform\u00e1ci\u00f3k<\/h3>\n<div class=\"TyagGW_tableContainer\">\n<div class=\"group TyagGW_tableWrapper flex w-fit flex-col-reverse\" tabindex=\"-1\">\n<table class=\"w-fit min-w-(--thread-content-width)\" data-start=\"1764\" data-end=\"2145\">\n<thead data-start=\"1764\" data-end=\"1791\">\n<tr data-start=\"1764\" data-end=\"1791\">\n<th data-start=\"1764\" data-end=\"1774\" data-col-size=\"sm\">Jellemz\u0151<\/th>\n<th data-start=\"1774\" data-end=\"1791\" data-col-size=\"md\">Specifik\u00e1ci\u00f3<\/th>\n<\/tr>\n<\/thead>\n<tbody data-start=\"1815\" data-end=\"2145\">\n<tr data-start=\"1815\" data-end=\"1858\">\n<td data-start=\"1815\" data-end=\"1832\" data-col-size=\"sm\">Kont\u00e9ner t\u00edpusa<\/td>\n<td data-col-size=\"md\" data-start=\"1832\" data-end=\"1858\">10 l\u00e1bas t\u00e1rol\u00f3 kont\u00e9ner<\/td>\n<\/tr>\n<tr data-start=\"1859\" data-end=\"1877\">\n<td data-start=\"1859\" data-end=\"1868\" data-col-size=\"sm\">Sz\u00ednes<\/td>\n<td data-col-size=\"md\" data-start=\"1868\" data-end=\"1877\">Feh\u00e9r<\/td>\n<\/tr>\n<tr data-start=\"1878\" data-end=\"1905\">\n<td data-start=\"1878\" data-end=\"1889\" data-col-size=\"sm\">Anyag<\/td>\n<td data-col-size=\"md\" data-start=\"1889\" data-end=\"1905\">Corten ac\u00e9l<\/td>\n<\/tr>\n<tr data-start=\"1906\" data-end=\"1932\">\n<td data-start=\"1906\" data-end=\"1914\" data-col-size=\"sm\">Padl\u00f3<\/td>\n<td data-start=\"1914\" data-end=\"1932\" data-col-size=\"md\">Tengeri r\u00e9tegelt lemez<\/td>\n<\/tr>\n<tr data-start=\"1933\" data-end=\"1984\">\n<td data-start=\"1933\" data-end=\"1941\" data-col-size=\"sm\">Ajt\u00f3k<\/td>\n<td data-start=\"1941\" data-end=\"1984\" data-col-size=\"md\">Oldals\u00f3 bej\u00e1rati ajt\u00f3 + standard rakom\u00e1nyajt\u00f3k<\/td>\n<\/tr>\n<tr data-start=\"1985\" data-end=\"2049\">\n<td data-start=\"1985\" data-end=\"1994\" data-col-size=\"sm\">Ablak<\/td>\n<td data-start=\"1994\" data-end=\"2049\" data-col-size=\"md\">Igen (adott esetben biztons\u00e1gi r\u00e1csokkal vagy red\u0151nnyel)<\/td>\n<\/tr>\n<tr data-start=\"2050\" data-end=\"2098\">\n<td data-start=\"2050\" data-end=\"2067\" data-col-size=\"sm\">Z\u00e1rrendszer<\/td>\n<td data-col-size=\"md\" data-start=\"2067\" data-end=\"2098\">Biztons\u00e1gos ac\u00e9l z\u00e1rrendszer<\/td>\n<\/tr>\n<tr data-start=\"2099\" data-end=\"2125\">\n<td data-start=\"2099\" data-end=\"2118\" data-col-size=\"sm\">Targonca zsebek<\/td>\n<td data-col-size=\"md\" data-start=\"2118\" data-end=\"2125\">Igen<\/td>\n<\/tr>\n<tr data-start=\"2126\" data-end=\"2145\">\n<td data-start=\"2126\" data-end=\"2138\" data-col-size=\"sm\">\u00d6ssze\u00e1ll\u00edthat\u00f3<\/td>\n<td data-col-size=\"md\" data-start=\"2138\" data-end=\"2145\">Igen<\/td>\n<\/tr>\n<\/tbody>\n<\/table>\n<\/div>\n<\/div>\n<hr data-start=\"2147\" data-end=\"2150\">\n<h3 data-start=\"2152\" data-end=\"2175\">K\u00fcls\u0151 m\u00e9retek<\/h3>\n<div class=\"TyagGW_tableContainer\">\n<div class=\"group TyagGW_tableWrapper flex w-fit flex-col-reverse\" tabindex=\"-1\">\n<table class=\"w-fit min-w-(--thread-content-width)\" data-start=\"2177\" data-end=\"2289\">\n<thead data-start=\"2177\" data-end=\"2200\">\n<tr data-start=\"2177\" data-end=\"2200\">\n<th data-start=\"2177\" data-end=\"2191\" data-col-size=\"sm\">M\u00e9r\u00e9s<\/th>\n<th data-start=\"2191\" data-end=\"2200\" data-col-size=\"sm\">\u00c9rt\u00e9k<\/th>\n<\/tr>\n<\/thead>\n<tbody data-start=\"2217\" data-end=\"2289\">\n<tr data-start=\"2217\" data-end=\"2246\">\n<td data-start=\"2217\" data-end=\"2226\" data-col-size=\"sm\">Hossz\u00fas\u00e1g<\/td>\n<td data-start=\"2226\" data-end=\"2246\" data-col-size=\"sm\">Kb. 2,991 mm<\/td>\n<\/tr>\n<tr data-start=\"2247\" data-end=\"2267\">\n<td data-start=\"2247\" data-end=\"2255\" data-col-size=\"sm\">Sz\u00e9less\u00e9g<\/td>\n<td data-col-size=\"sm\" data-start=\"2255\" data-end=\"2267\">2,438 mm<\/td>\n<\/tr>\n<tr data-start=\"2268\" data-end=\"2289\">\n<td data-start=\"2268\" data-end=\"2277\" data-col-size=\"sm\">Magass\u00e1g<\/td>\n<td data-col-size=\"sm\" data-start=\"2277\" data-end=\"2289\">2,591 mm<\/td>\n<\/tr>\n<\/tbody>\n<\/table>\n<\/div>\n<\/div>\n<hr data-start=\"2291\" data-end=\"2294\">\n<h3 data-start=\"2296\" data-end=\"2319\">Bels\u0151 m\u00e9retek<\/h3>\n<div class=\"TyagGW_tableContainer\">\n<div class=\"group TyagGW_tableWrapper flex w-fit flex-col-reverse\" tabindex=\"-1\">\n<table class=\"w-fit min-w-(--thread-content-width)\" data-start=\"2321\" data-end=\"2449\">\n<thead data-start=\"2321\" data-end=\"2344\">\n<tr data-start=\"2321\" data-end=\"2344\">\n<th data-start=\"2321\" data-end=\"2335\" data-col-size=\"sm\">M\u00e9r\u00e9s<\/th>\n<th data-start=\"2335\" data-end=\"2344\" data-col-size=\"sm\">\u00c9rt\u00e9k<\/th>\n<\/tr>\n<\/thead>\n<tbody data-start=\"2361\" data-end=\"2449\">\n<tr data-start=\"2361\" data-end=\"2390\">\n<td data-start=\"2361\" data-end=\"2370\" data-col-size=\"sm\">Hossz\u00fas\u00e1g<\/td>\n<td data-start=\"2370\" data-end=\"2390\" data-col-size=\"sm\">Kb. 2830 mm<\/td>\n<\/tr>\n<tr data-start=\"2391\" data-end=\"2419\">\n<td data-start=\"2391\" data-end=\"2399\" data-col-size=\"sm\">Sz\u00e9less\u00e9g<\/td>\n<td data-col-size=\"sm\" data-start=\"2399\" data-end=\"2419\">Kb. 2,350 mm<\/td>\n<\/tr>\n<tr data-start=\"2420\" data-end=\"2449\">\n<td data-start=\"2420\" data-end=\"2429\" data-col-size=\"sm\">Magass\u00e1g<\/td>\n<td data-start=\"2429\" data-end=\"2449\" data-col-size=\"sm\">Kb. 2390 mm<\/td>\n<\/tr>\n<\/tbody>\n<\/table>\n<\/div>\n<\/div>\n<hr data-start=\"2451\" data-end=\"2454\">\n<h3 data-start=\"2456\" data-end=\"2477\">Hozz\u00e1f\u00e9r\u00e9s \u00e9s jellemz\u0151k<\/h3>\n<div class=\"TyagGW_tableContainer\">\n<div class=\"group TyagGW_tableWrapper flex w-fit flex-col-reverse\" tabindex=\"-1\">\n<table class=\"w-fit min-w-(--thread-content-width)\" data-start=\"2479\" data-end=\"2668\">\n<thead data-start=\"2479\" data-end=\"2500\">\n<tr data-start=\"2479\" data-end=\"2500\">\n<th data-start=\"2479\" data-end=\"2489\" data-col-size=\"sm\">Jellemz\u0151<\/th>\n<th data-start=\"2489\" data-end=\"2500\" data-col-size=\"sm\">R\u00e9szletek<\/th>\n<\/tr>\n<\/thead>\n<tbody data-start=\"2519\" data-end=\"2668\">\n<tr data-start=\"2519\" data-end=\"2555\">\n<td data-start=\"2519\" data-end=\"2531\" data-col-size=\"sm\">Oldals\u00f3 ajt\u00f3<\/td>\n<td data-col-size=\"sm\" data-start=\"2531\" data-end=\"2555\">Ac\u00e9l szem\u00e9lyzeti ajt\u00f3<\/td>\n<\/tr>\n<tr data-start=\"2556\" data-end=\"2599\">\n<td data-start=\"2556\" data-end=\"2565\" data-col-size=\"sm\">Ablak<\/td>\n<td data-col-size=\"sm\" data-start=\"2565\" data-end=\"2599\">Fix ablak a term\u00e9szetes f\u00e9ny\u00e9rt<\/td>\n<\/tr>\n<tr data-start=\"2600\" data-end=\"2623\">\n<td data-start=\"2600\" data-end=\"2616\" data-col-size=\"sm\">Weather Tight<\/td>\n<td data-start=\"2616\" data-end=\"2623\" data-col-size=\"sm\">Igen<\/td>\n<\/tr>\n<tr data-start=\"2624\" data-end=\"2668\">\n<td data-start=\"2624\" data-end=\"2635\" data-col-size=\"sm\">Biztons\u00e1g<\/td>\n<td data-start=\"2635\" data-end=\"2668\" data-col-size=\"sm\">Meger\u0151s\u00edtett ac\u00e9lszerkezet<\/td>\n<\/tr>\n<\/tbody>\n<\/table>\n<\/div>\n<\/div>\n<hr data-start=\"2670\" data-end=\"2673\">\n<h3 data-start=\"2675\" data-end=\"2699\">Tipikus alkalmaz\u00e1sok<\/h3>\n<div class=\"TyagGW_tableContainer\">\n<div class=\"group TyagGW_tableWrapper flex w-fit flex-col-reverse\" tabindex=\"-1\">\n<table class=\"w-fit min-w-(--thread-content-width)\" data-start=\"2701\" data-end=\"2871\">\n<thead data-start=\"2701\" data-end=\"2713\">\n<tr data-start=\"2701\" data-end=\"2713\">\n<th data-start=\"2701\" data-end=\"2713\" data-col-size=\"sm\">Felhaszn\u00e1l\u00e1si eset<\/th>\n<\/tr>\n<\/thead>\n<tbody data-start=\"2725\" data-end=\"2871\">\n<tr data-start=\"2725\" data-end=\"2753\">\n<td data-start=\"2725\" data-end=\"2753\" data-col-size=\"sm\">Szersz\u00e1mok \u00e9s berendez\u00e9sek t\u00e1rol\u00e1sa<\/td>\n<\/tr>\n<tr data-start=\"2754\" data-end=\"2783\">\n<td data-start=\"2754\" data-end=\"2783\" data-col-size=\"sm\">\u00c9p\u00edt\u00e9si helysz\u00edn t\u00e1rol\u00e1sa<\/td>\n<\/tr>\n<tr data-start=\"2784\" data-end=\"2814\">\n<td data-start=\"2784\" data-end=\"2814\" data-col-size=\"sm\">Kert vagy ingatlan t\u00e1rol\u00e1sa<\/td>\n<\/tr>\n<tr data-start=\"2815\" data-end=\"2835\">\n<td data-start=\"2815\" data-end=\"2835\" data-col-size=\"sm\">Karbantart\u00f3 szoba<\/td>\n<\/tr>\n<tr data-start=\"2836\" data-end=\"2871\">\n<td data-start=\"2836\" data-end=\"2871\" data-col-size=\"sm\">Kis munkater\u00fclet vagy seg\u00e9degys\u00e9g<\/td>\n<\/tr>\n<\/tbody>\n<\/table>\n<\/div>\n<\/div>\n","protected":false},"excerpt":{"rendered":"<p>A 10 l\u00e1b hossz\u00fa t\u00e1rol\u00f3kont\u00e9ner ablakkal \u00e9s oldals\u00f3 ajt\u00f3val feh\u00e9r sz\u00ednben egy kompakt, biztons\u00e1gos t\u00e1rol\u00e1si megold\u00e1s k\u00f6nny\u0171 hozz\u00e1f\u00e9r\u00e9ssel \u00e9s term\u00e9szetes f\u00e9nnyel. Ide\u00e1lis szersz\u00e1mok, berendez\u00e9sek vagy telephelyi t\u00e1rol\u00e1s\u00e1ra, ahol a hely, a l\u00e1that\u00f3s\u00e1g \u00e9s a k\u00e9nyelem sz\u00e1m\u00edt. <\/p>\n","protected":false},"featured_media":608,"comment_status":"open","ping_status":"closed","template":"","meta":{"_kad_blocks_custom_css":"","_kad_blocks_head_custom_js":"","_kad_blocks_body_custom_js":"","_kad_blocks_footer_custom_js":"","_kad_post_transparent":"","_kad_post_title":"","_kad_post_layout":"","_kad_post_sidebar_id":"","_kad_post_content_style":"","_kad_post_vertical_padding":"","_kad_post_feature":"","_kad_post_feature_position":"","_kad_post_header":false,"_kad_post_footer":false,"_kad_post_classname":""},"product_brand":[],"product_cat":[457,456],"product_tag":[],"product_brands":[311],"class_list":{"0":"post-2803","1":"product","2":"type-product","3":"status-publish","4":"has-post-thumbnail","6":"product_cat-10-labas-kontener","7":"product_cat-tarolo-kontenerek","8":"pa_container-condition-uj-egy-utra","9":"pa_container-type-tarolo-kontener","10":"pa_contanier-size-10-lab","11":"product_brands-swiety-marcin-poland","13":"first","14":"instock","15":"sale","16":"taxable","17":"shipping-taxable","18":"purchasable","19":"product-type-simple","20":"entry","21":"content-bg","22":"loop-entry"},"taxonomy_info":{"product_cat":[{"value":457,"label":"10 l\u00e1bas kont\u00e9ner"},{"value":456,"label":"T\u00e1rol\u00f3 kont\u00e9nerek"}],"pa_container-condition":[{"value":413,"label":"\u00daj (egy \u00fatra)"}],"pa_container-type":[{"value":427,"label":"T\u00e1rol\u00f3 kont\u00e9ner"}],"pa_contanier-size":[{"value":455,"label":"10 l\u00e1b"}],"product_brands":[{"value":311,"label":"\u015awi\u0119ty Marcin, Poland"}]},"featured_image_src_large":["https:\/\/olborglogistics.com\/wp-content\/uploads\/2025\/12\/Weiser-10-Fus-Lagercontainer-mit-Fenster-an-der-Seite-1024x768.png",1021,766,true],"author_info":[],"comment_info":0,"_links":{"self":[{"href":"https:\/\/olborglogistics.com\/hu\/wp-json\/wp\/v2\/product\/2803","targetHints":{"allow":["GET"]}}],"collection":[{"href":"https:\/\/olborglogistics.com\/hu\/wp-json\/wp\/v2\/product"}],"about":[{"href":"https:\/\/olborglogistics.com\/hu\/wp-json\/wp\/v2\/types\/product"}],"replies":[{"embeddable":true,"href":"https:\/\/olborglogistics.com\/hu\/wp-json\/wp\/v2\/comments?post=2803"}],"wp:featuredmedia":[{"embeddable":true,"href":"https:\/\/olborglogistics.com\/hu\/wp-json\/wp\/v2\/media\/608"}],"wp:attachment":[{"href":"https:\/\/olborglogistics.com\/hu\/wp-json\/wp\/v2\/media?parent=2803"}],"wp:term":[{"taxonomy":"product_brand","embeddable":true,"href":"https:\/\/olborglogistics.com\/hu\/wp-json\/wp\/v2\/product_brand?post=2803"},{"taxonomy":"product_cat","embeddable":true,"href":"https:\/\/olborglogistics.com\/hu\/wp-json\/wp\/v2\/product_cat?post=2803"},{"taxonomy":"product_tag","embeddable":true,"href":"https:\/\/olborglogistics.com\/hu\/wp-json\/wp\/v2\/product_tag?post=2803"},{"taxonomy":"product_brands","embeddable":true,"href":"https:\/\/olborglogistics.com\/hu\/wp-json\/wp\/v2\/product_brands?post=2803"}],"curies":[{"name":"wp","href":"https:\/\/api.w.org\/{rel}","templated":true}]}}