{"id":2781,"date":"2025-12-22T22:28:32","date_gmt":"2025-12-22T22:28:32","guid":{"rendered":"https:\/\/olborglogistics.com\/product\/hasznalt-20ft-standard-szallitasi-kontenerek\/"},"modified":"2025-12-22T22:28:32","modified_gmt":"2025-12-22T22:28:32","slug":"hasznalt-20ft-standard-szallitasi-kontenerek","status":"publish","type":"product","link":"https:\/\/olborglogistics.com\/hu\/termek\/hasznalt-20ft-standard-szallitasi-kontenerek\/","title":{"rendered":"Haszn\u00e1lt 20ft Standard sz\u00e1ll\u00edt\u00e1si kont\u00e9nerek"},"content":{"rendered":"<div class=\"text-base my-auto mx-auto pb-10 [--thread-content-margin:--spacing(4)] @w-sm\/main:[--thread-content-margin:--spacing(6)] @w-lg\/main:[--thread-content-margin:--spacing(16)] px-(--thread-content-margin)\">\n<div class=\"[--thread-content-max-width:40rem] @w-lg\/main:[--thread-content-max-width:48rem] mx-auto max-w-(--thread-content-max-width) flex-1 group\/turn-messages focus-visible:outline-hidden relative flex w-full min-w-0 flex-col agent-turn\" tabindex=\"-1\">\n<div class=\"flex max-w-full flex-col grow\">\n<div class=\"min-h-8 text-message relative flex w-full flex-col items-end gap-2 text-start break-words whitespace-normal [.text-message+&amp;]:mt-1\" dir=\"auto\" data-message-author-role=\"assistant\" data-message-id=\"b67d1634-e156-4b49-9128-4f6e7400b495\" data-message-model-slug=\"gpt-5-2\">\n<div class=\"flex w-full flex-col gap-1 empty:hidden first:pt-[1px]\">\n<div class=\"markdown prose dark:prose-invert w-full break-words dark markdown-new-styling\">\n<p data-start=\"562\" data-end=\"915\">A <strong data-start=\"562\" data-end=\"604\">haszn\u00e1lt 20 l\u00e1bas standard sz\u00e1ll\u00edt\u00f3kont\u00e9nerek<\/strong> n\u00e9pszer\u0171 \u00e9s gazdas\u00e1gos megold\u00e1st jelentenek azon \u00fcgyfelek sz\u00e1m\u00e1ra, akiknek megb\u00edzhat\u00f3 t\u00e1rol\u00e1sra vagy sz\u00e1ll\u00edt\u00e1sra van sz\u00fcks\u00e9g\u00fck az \u00faj kont\u00e9nerek pr\u00e9mium k\u00f6lts\u00e9gei n\u00e9lk\u00fcl. Ezek a kont\u00e9nerek t\u00f6bb sz\u00e1ll\u00edt\u00e1si cikluson kereszt\u00fcl voltak haszn\u00e1latban, ez\u00e9rt <strong data-start=\"828\" data-end=\"887\">olyan haszn\u00e1lati jeleket<\/strong> mutatnak <strong data-start=\"828\" data-end=\"887\">, mint a fel\u00fcleti rozsda, horpad\u00e1sok vagy fest\u00e9kkop\u00e1s<\/strong>, amelyek puszt\u00e1n kozmetikai jelleg\u0171ek. <\/p>\n<p data-start=\"917\" data-end=\"1237\">Haszn\u00e1lt \u00e1llapotuk ellen\u00e9re minden kont\u00e9ner <strong data-start=\"969\" data-end=\"1001\">v\u00edzhatlan \u00e9s rakom\u00e1nyra alkalmas<\/strong> marad, biztos\u00edtva az \u00e1ruk v\u00e9delm\u00e9t az es\u0151t\u0151l, sz\u00e9lt\u0151l \u00e9s a k\u00fcls\u0151 elemekt\u0151l. Minden egys\u00e9g meg\u0151rzi szerkezeti integrit\u00e1s\u00e1t, m\u0171k\u00f6d\u0151k\u00e9pes ajt\u00f3it \u00e9s biztons\u00e1gos z\u00e1rszerkezet\u00e9t, \u00edgy alkalmas statikus t\u00e1rol\u00e1sra \u00e9s folyamatos rakom\u00e1nyhaszn\u00e1latra egyar\u00e1nt. <\/p>\n<p data-start=\"1239\" data-end=\"1548\">A tart\u00f3s <strong data-start=\"1264\" data-end=\"1280\">cortenac\u00e9lb\u00f3l<\/strong> k\u00e9sz\u00fclt haszn\u00e1lt kont\u00e9nereket \u00fagy tervezt\u00e9k, hogy ellen\u00e1lljanak a zord k\u00f6rnyezetnek \u00e9s a neh\u00e9z kezel\u00e9snek. \u00c1ltal\u00e1ban \u00e9p\u00edtkez\u00e9seken, ipari t\u00e1rol\u00e1sra, m\u0171helyekben, gazdas\u00e1gokban, rakt\u00e1rakban, valamint nemzetk\u00f6zi vagy belf\u00f6ldi sz\u00e1ll\u00edt\u00e1shoz haszn\u00e1lj\u00e1k, ahol a megjelen\u00e9s kev\u00e9sb\u00e9 kritikus, mint a funkci\u00f3. <\/p>\n<p data-start=\"1550\" data-end=\"1716\">A haszn\u00e1lt 20 l\u00e1bas kont\u00e9nerek kiv\u00e1l\u00f3 \u00e1r-\u00e9rt\u00e9k ar\u00e1nyt k\u00edn\u00e1lnak, \u00e9s sz\u00e9les k\u00f6rben v\u00e1lasztj\u00e1k olyan projektekhez, ahol a tart\u00f3ss\u00e1g, a praktikum \u00e9s a k\u00f6lts\u00e9gvet\u00e9si hat\u00e9konys\u00e1g a f\u0151 priorit\u00e1sok.<\/p>\n<hr data-start=\"1718\" data-end=\"1721\">\n<h2 data-start=\"1723\" data-end=\"1750\">M\u0171szaki specifik\u00e1ci\u00f3k<\/h2>\n<h3 data-start=\"1752\" data-end=\"1775\">\u00c1ltal\u00e1nos inform\u00e1ci\u00f3k<\/h3>\n<div class=\"TyagGW_tableContainer\">\n<div class=\"group TyagGW_tableWrapper flex w-fit flex-col-reverse\" tabindex=\"-1\">\n<table class=\"w-fit min-w-(--thread-content-width)\" data-start=\"1777\" data-end=\"2182\">\n<thead data-start=\"1777\" data-end=\"1804\">\n<tr data-start=\"1777\" data-end=\"1804\">\n<th data-start=\"1777\" data-end=\"1787\" data-col-size=\"sm\">Jellemz\u0151<\/th>\n<th data-start=\"1787\" data-end=\"1804\" data-col-size=\"sm\">Specifik\u00e1ci\u00f3<\/th>\n<\/tr>\n<\/thead>\n<tbody data-start=\"1828\" data-end=\"2182\">\n<tr data-start=\"1828\" data-end=\"1881\">\n<td data-start=\"1828\" data-end=\"1845\" data-col-size=\"sm\">Kont\u00e9ner t\u00edpusa<\/td>\n<td data-start=\"1845\" data-end=\"1881\" data-col-size=\"sm\">20 l\u00e1bas szabv\u00e1nyos sz\u00e1ll\u00edt\u00f3 kont\u00e9ner<\/td>\n<\/tr>\n<tr data-start=\"1882\" data-end=\"1918\">\n<td data-start=\"1882\" data-end=\"1894\" data-col-size=\"sm\">Felt\u00e9tel<\/td>\n<td data-start=\"1894\" data-end=\"1918\" data-col-size=\"sm\">Haszn\u00e1lt (t\u00f6bbsz\u00f6ri haszn\u00e1lat)<\/td>\n<\/tr>\n<tr data-start=\"1919\" data-end=\"1941\">\n<td data-start=\"1919\" data-end=\"1934\" data-col-size=\"sm\">Cargo Worthy<\/td>\n<td data-start=\"1934\" data-end=\"1941\" data-col-size=\"sm\">Igen<\/td>\n<\/tr>\n<tr data-start=\"1942\" data-end=\"1963\">\n<td data-start=\"1942\" data-end=\"1956\" data-col-size=\"sm\">V\u00edzz\u00e1r\u00f3<\/td>\n<td data-start=\"1956\" data-end=\"1963\" data-col-size=\"sm\">Igen<\/td>\n<\/tr>\n<tr data-start=\"1964\" data-end=\"1991\">\n<td data-start=\"1964\" data-end=\"1975\" data-col-size=\"sm\">Anyag<\/td>\n<td data-start=\"1975\" data-end=\"1991\" data-col-size=\"sm\">Corten ac\u00e9l<\/td>\n<\/tr>\n<tr data-start=\"1992\" data-end=\"2018\">\n<td data-start=\"1992\" data-end=\"2000\" data-col-size=\"sm\">Padl\u00f3<\/td>\n<td data-start=\"2000\" data-end=\"2018\" data-col-size=\"sm\">Tengeri r\u00e9tegelt lemez<\/td>\n<\/tr>\n<tr data-start=\"2019\" data-end=\"2049\">\n<td data-start=\"2019\" data-end=\"2027\" data-col-size=\"sm\">Ajt\u00f3k<\/td>\n<td data-start=\"2027\" data-end=\"2049\" data-col-size=\"sm\">Dupla rakom\u00e1nyajt\u00f3k<\/td>\n<\/tr>\n<tr data-start=\"2050\" data-end=\"2083\">\n<td data-start=\"2050\" data-end=\"2067\" data-col-size=\"sm\">Z\u00e1rrendszer<\/td>\n<td data-start=\"2067\" data-end=\"2083\" data-col-size=\"sm\">R\u00f6gz\u00edt\u0151 rudak<\/td>\n<\/tr>\n<tr data-start=\"2084\" data-end=\"2110\">\n<td data-start=\"2084\" data-end=\"2103\" data-col-size=\"sm\">Targonca zsebek<\/td>\n<td data-start=\"2103\" data-end=\"2110\" data-col-size=\"sm\">Igen<\/td>\n<\/tr>\n<tr data-start=\"2111\" data-end=\"2162\">\n<td data-start=\"2111\" data-end=\"2127\" data-col-size=\"sm\">CSC tan\u00fas\u00edtott<\/td>\n<td data-start=\"2127\" data-end=\"2162\" data-col-size=\"sm\">Igen (ha a sz\u00e1ll\u00edt\u00e1shoz sz\u00fcks\u00e9ges)<\/td>\n<\/tr>\n<tr data-start=\"2163\" data-end=\"2182\">\n<td data-start=\"2163\" data-end=\"2175\" data-col-size=\"sm\">\u00d6ssze\u00e1ll\u00edthat\u00f3<\/td>\n<td data-start=\"2175\" data-end=\"2182\" data-col-size=\"sm\">Igen<\/td>\n<\/tr>\n<\/tbody>\n<\/table>\n<\/div>\n<\/div>\n<hr data-start=\"2184\" data-end=\"2187\">\n<h3 data-start=\"2189\" data-end=\"2212\">K\u00fcls\u0151 m\u00e9retek<\/h3>\n<div class=\"TyagGW_tableContainer\">\n<div class=\"group TyagGW_tableWrapper flex w-fit flex-col-reverse\" tabindex=\"-1\">\n<table class=\"w-fit min-w-(--thread-content-width)\" data-start=\"2214\" data-end=\"2318\">\n<thead data-start=\"2214\" data-end=\"2237\">\n<tr data-start=\"2214\" data-end=\"2237\">\n<th data-start=\"2214\" data-end=\"2228\" data-col-size=\"sm\">M\u00e9r\u00e9s<\/th>\n<th data-start=\"2228\" data-end=\"2237\" data-col-size=\"sm\">\u00c9rt\u00e9k<\/th>\n<\/tr>\n<\/thead>\n<tbody data-start=\"2254\" data-end=\"2318\">\n<tr data-start=\"2254\" data-end=\"2275\">\n<td data-start=\"2254\" data-end=\"2263\" data-col-size=\"sm\">Hossz\u00fas\u00e1g<\/td>\n<td data-start=\"2263\" data-end=\"2275\" data-col-size=\"sm\">6,058 mm<\/td>\n<\/tr>\n<tr data-start=\"2276\" data-end=\"2296\">\n<td data-start=\"2276\" data-end=\"2284\" data-col-size=\"sm\">Sz\u00e9less\u00e9g<\/td>\n<td data-start=\"2284\" data-end=\"2296\" data-col-size=\"sm\">2,438 mm<\/td>\n<\/tr>\n<tr data-start=\"2297\" data-end=\"2318\">\n<td data-start=\"2297\" data-end=\"2306\" data-col-size=\"sm\">Magass\u00e1g<\/td>\n<td data-start=\"2306\" data-end=\"2318\" data-col-size=\"sm\">2,591 mm<\/td>\n<\/tr>\n<\/tbody>\n<\/table>\n<\/div>\n<\/div>\n<hr data-start=\"2320\" data-end=\"2323\">\n<h3 data-start=\"2325\" data-end=\"2348\">Bels\u0151 m\u00e9retek<\/h3>\n<div class=\"TyagGW_tableContainer\">\n<div class=\"group TyagGW_tableWrapper flex w-fit flex-col-reverse\" tabindex=\"-1\">\n<table class=\"w-fit min-w-(--thread-content-width)\" data-start=\"2350\" data-end=\"2478\">\n<thead data-start=\"2350\" data-end=\"2373\">\n<tr data-start=\"2350\" data-end=\"2373\">\n<th data-start=\"2350\" data-end=\"2364\" data-col-size=\"sm\">M\u00e9r\u00e9s<\/th>\n<th data-start=\"2364\" data-end=\"2373\" data-col-size=\"sm\">\u00c9rt\u00e9k<\/th>\n<\/tr>\n<\/thead>\n<tbody data-start=\"2390\" data-end=\"2478\">\n<tr data-start=\"2390\" data-end=\"2419\">\n<td data-start=\"2390\" data-end=\"2399\" data-col-size=\"sm\">Hossz\u00fas\u00e1g<\/td>\n<td data-start=\"2399\" data-end=\"2419\" data-col-size=\"sm\">Kb. 5,898 mm<\/td>\n<\/tr>\n<tr data-start=\"2420\" data-end=\"2448\">\n<td data-start=\"2420\" data-end=\"2428\" data-col-size=\"sm\">Sz\u00e9less\u00e9g<\/td>\n<td data-start=\"2428\" data-end=\"2448\" data-col-size=\"sm\">Kb. 2,352 mm<\/td>\n<\/tr>\n<tr data-start=\"2449\" data-end=\"2478\">\n<td data-start=\"2449\" data-end=\"2458\" data-col-size=\"sm\">Magass\u00e1g<\/td>\n<td data-start=\"2458\" data-end=\"2478\" data-col-size=\"sm\">Kb. 2,393 mm<\/td>\n<\/tr>\n<\/tbody>\n<\/table>\n<\/div>\n<\/div>\n<hr data-start=\"2480\" data-end=\"2483\">\n<h3 data-start=\"2485\" data-end=\"2513\">Ajt\u00f3 m\u00e9retek \u00e9s hozz\u00e1f\u00e9r\u00e9s<\/h3>\n<div class=\"TyagGW_tableContainer\">\n<div class=\"group TyagGW_tableWrapper flex w-fit flex-col-reverse\" tabindex=\"-1\">\n<table class=\"w-fit min-w-(--thread-content-width)\" data-start=\"2515\" data-end=\"2682\">\n<thead data-start=\"2515\" data-end=\"2540\">\n<tr data-start=\"2515\" data-end=\"2540\">\n<th data-start=\"2515\" data-end=\"2525\" data-col-size=\"sm\">Jellemz\u0151<\/th>\n<th data-start=\"2525\" data-end=\"2540\" data-col-size=\"sm\">M\u00e9r\u00e9s<\/th>\n<\/tr>\n<\/thead>\n<tbody data-start=\"2562\" data-end=\"2682\">\n<tr data-start=\"2562\" data-end=\"2603\">\n<td data-start=\"2562\" data-end=\"2583\" data-col-size=\"sm\">Ajt\u00f3ny\u00edl\u00e1s sz\u00e9less\u00e9ge<\/td>\n<td data-start=\"2583\" data-end=\"2603\" data-col-size=\"sm\">Kb. 2,343 mm<\/td>\n<\/tr>\n<tr data-start=\"2604\" data-end=\"2646\">\n<td data-start=\"2604\" data-end=\"2626\" data-col-size=\"sm\">Ajt\u00f3ny\u00edl\u00e1s magass\u00e1ga<\/td>\n<td data-start=\"2626\" data-end=\"2646\" data-col-size=\"sm\">Kb. 2280 mm<\/td>\n<\/tr>\n<tr data-start=\"2647\" data-end=\"2682\">\n<td data-start=\"2647\" data-end=\"2668\" data-col-size=\"sm\">Ajt\u00f3nyit\u00e1s sz\u00f6ge<\/td>\n<td data-start=\"2668\" data-end=\"2682\" data-col-size=\"sm\">Ak\u00e1r 270\u00b0<\/td>\n<\/tr>\n<\/tbody>\n<\/table>\n<\/div>\n<\/div>\n<hr data-start=\"2684\" data-end=\"2687\">\n<h3 data-start=\"2689\" data-end=\"2710\">S\u00faly \u00e9s kapacit\u00e1s<\/h3>\n<div class=\"TyagGW_tableContainer\">\n<div class=\"group TyagGW_tableWrapper flex w-fit flex-col-reverse\" tabindex=\"-1\">\n<table class=\"w-fit min-w-(--thread-content-width)\" data-start=\"2712\" data-end=\"2956\">\n<thead data-start=\"2712\" data-end=\"2739\">\n<tr data-start=\"2712\" data-end=\"2739\">\n<th data-start=\"2712\" data-end=\"2722\" data-col-size=\"sm\">Jellemz\u0151<\/th>\n<th data-start=\"2722\" data-end=\"2739\" data-col-size=\"sm\">Specifik\u00e1ci\u00f3<\/th>\n<\/tr>\n<\/thead>\n<tbody data-start=\"2763\" data-end=\"2956\">\n<tr data-start=\"2763\" data-end=\"2797\">\n<td data-start=\"2763\" data-end=\"2777\" data-col-size=\"sm\">Taras\u00faly<\/td>\n<td data-start=\"2777\" data-end=\"2797\" data-col-size=\"sm\">Kb. 2,300 kg<\/td>\n<\/tr>\n<tr data-start=\"2798\" data-end=\"2837\">\n<td data-start=\"2798\" data-end=\"2816\" data-col-size=\"sm\">Maxim\u00e1lis hasznos teher<\/td>\n<td data-start=\"2816\" data-end=\"2837\" data-col-size=\"sm\">Kb. 30,200 kg<\/td>\n<\/tr>\n<tr data-start=\"2838\" data-end=\"2874\">\n<td data-start=\"2838\" data-end=\"2861\" data-col-size=\"sm\">Maxim\u00e1lis brutt\u00f3 t\u00f6meg<\/td>\n<td data-start=\"2861\" data-end=\"2874\" data-col-size=\"sm\">32,500 kg<\/td>\n<\/tr>\n<tr data-start=\"2875\" data-end=\"2912\">\n<td data-start=\"2875\" data-end=\"2893\" data-col-size=\"sm\">Bels\u0151 t\u00e9rfogat<\/td>\n<td data-start=\"2893\" data-end=\"2912\" data-col-size=\"sm\">Kb. 33,2 m\u00b3<\/td>\n<\/tr>\n<tr data-start=\"2913\" data-end=\"2956\">\n<td data-start=\"2913\" data-end=\"2936\" data-col-size=\"sm\">Euro raklap kapacit\u00e1s<\/td>\n<td data-start=\"2936\" data-end=\"2956\" data-col-size=\"sm\">Ak\u00e1r 11 raklap<\/td>\n<\/tr>\n<\/tbody>\n<\/table>\n<\/div>\n<\/div>\n<hr data-start=\"2958\" data-end=\"2961\">\n<h3 data-start=\"2963\" data-end=\"2979\">Tipikus felhaszn\u00e1l\u00e1sok<\/h3>\n<div class=\"TyagGW_tableContainer\">\n<div class=\"group TyagGW_tableWrapper flex w-fit flex-col-reverse\" tabindex=\"-1\">\n<table class=\"w-fit min-w-(--thread-content-width)\" data-start=\"2981\" data-end=\"3158\">\n<thead data-start=\"2981\" data-end=\"2996\">\n<tr data-start=\"2981\" data-end=\"2996\">\n<th data-start=\"2981\" data-end=\"2996\" data-col-size=\"sm\">Alkalmaz\u00e1s<\/th>\n<\/tr>\n<\/thead>\n<tbody data-start=\"3011\" data-end=\"3158\">\n<tr data-start=\"3011\" data-end=\"3029\">\n<td data-start=\"3011\" data-end=\"3029\" data-col-size=\"sm\">Biztons\u00e1gos t\u00e1rol\u00e1s<\/td>\n<\/tr>\n<tr data-start=\"3030\" data-end=\"3052\">\n<td data-start=\"3030\" data-end=\"3052\" data-col-size=\"sm\">\u00c9p\u00edt\u00e9si ter\u00fcletek<\/td>\n<\/tr>\n<tr data-start=\"3053\" data-end=\"3088\">\n<td data-start=\"3053\" data-end=\"3088\" data-col-size=\"sm\">Ipari \u00e9s kereskedelmi t\u00e1rol\u00e1s<\/td>\n<\/tr>\n<tr data-start=\"3089\" data-end=\"3114\">\n<td data-start=\"3089\" data-end=\"3114\" data-col-size=\"sm\">Sz\u00e1ll\u00edt\u00e1s \u00e9s logisztika<\/td>\n<\/tr>\n<tr data-start=\"3115\" data-end=\"3158\">\n<td data-start=\"3115\" data-end=\"3158\" data-col-size=\"sm\">Kont\u00e9ner \u00e1talak\u00edt\u00e1sok (k\u00f6lts\u00e9gvet\u00e9si projektek)<\/td>\n<\/tr>\n<\/tbody>\n<\/table>\n<\/div>\n<\/div>\n<\/div>\n<\/div>\n<\/div>\n<\/div>\n<\/div>\n<\/div>\n","protected":false},"excerpt":{"rendered":"<p>A haszn\u00e1lt 20 l\u00e1bas standard sz\u00e1ll\u00edt\u00e1si kont\u00e9nerek k\u00f6lts\u00e9ghat\u00e9kony alternat\u00edv\u00e1t jelentenek az egyutas kont\u00e9nerekkel szemben. T\u00f6bbsz\u00f6ri haszn\u00e1lat ut\u00e1n l\u00e1that\u00f3 kop\u00e1snyomokat mutatnak, de tov\u00e1bbra is v\u00edzz\u00e1r\u00f3ak \u00e9s rakom\u00e1nyra alkalmasak, \u00edgy ide\u00e1lisak t\u00e1rol\u00e1sra, sz\u00e1ll\u00edt\u00e1sra \u00e9s gyakorlati alkalmaz\u00e1sra. <\/p>\n","protected":false},"featured_media":602,"comment_status":"open","ping_status":"closed","template":"","meta":{"_kad_blocks_custom_css":"","_kad_blocks_head_custom_js":"","_kad_blocks_body_custom_js":"","_kad_blocks_footer_custom_js":"","_kad_post_transparent":"","_kad_post_title":"","_kad_post_layout":"","_kad_post_sidebar_id":"","_kad_post_content_style":"","_kad_post_vertical_padding":"","_kad_post_feature":"","_kad_post_feature_position":"","_kad_post_header":false,"_kad_post_footer":false,"_kad_post_classname":""},"product_brand":[],"product_cat":[419,418],"product_tag":[425,430,432,429,424,431],"product_brands":[311],"class_list":{"0":"post-2781","1":"product","2":"type-product","3":"status-publish","4":"has-post-thumbnail","6":"product_cat-20-labas-kontener","7":"product_cat-hasznalt-hajozasi-kontenerek","8":"product_tag-20-labas-kontener-meretei","9":"product_tag-20-labas-kontenerek","10":"product_tag-hasznalt-20ft-standard-tengeri-kontener","11":"product_tag-hasznalt-hajozasi-kontenerek","12":"product_tag-olcso-20-labas-kontener","13":"product_tag-piros-hajozasi-kontener","14":"pa_container-condition-hasznalt","15":"pa_container-type-tarolo-kontener","16":"pa_contanier-size-20ft","17":"product_brands-swiety-marcin-poland","19":"first","20":"instock","21":"sale","22":"taxable","23":"shipping-taxable","24":"purchasable","25":"product-type-simple","26":"entry","27":"content-bg","28":"loop-entry"},"taxonomy_info":{"product_cat":[{"value":419,"label":"20 l\u00e1bas kont\u00e9ner"},{"value":418,"label":"Haszn\u00e1lt haj\u00f3z\u00e1si kont\u00e9nerek"}],"product_tag":[{"value":425,"label":"20 l\u00e1bas kont\u00e9ner m\u00e9retei"},{"value":430,"label":"20 l\u00e1bas kont\u00e9nerek"},{"value":432,"label":"haszn\u00e1lt 20ft standard tengeri kont\u00e9ner"},{"value":429,"label":"haszn\u00e1lt haj\u00f3z\u00e1si kont\u00e9nerek"},{"value":424,"label":"olcs\u00f3 20 l\u00e1bas kont\u00e9ner"},{"value":431,"label":"piros haj\u00f3z\u00e1si kont\u00e9ner"}],"pa_container-condition":[{"value":426,"label":"Haszn\u00e1lt"}],"pa_container-type":[{"value":427,"label":"T\u00e1rol\u00f3 kont\u00e9ner"}],"pa_contanier-size":[{"value":428,"label":"20ft"}],"product_brands":[{"value":311,"label":"\u015awi\u0119ty Marcin, Poland"}]},"featured_image_src_large":["https:\/\/olborglogistics.com\/wp-content\/uploads\/2025\/12\/Seecontainer-20-CW-Mase-Preis-fur-ausrangierte-Seecontainer-HZ-Container-1.jpg",1021,766,false],"author_info":[],"comment_info":0,"_links":{"self":[{"href":"https:\/\/olborglogistics.com\/hu\/wp-json\/wp\/v2\/product\/2781","targetHints":{"allow":["GET"]}}],"collection":[{"href":"https:\/\/olborglogistics.com\/hu\/wp-json\/wp\/v2\/product"}],"about":[{"href":"https:\/\/olborglogistics.com\/hu\/wp-json\/wp\/v2\/types\/product"}],"replies":[{"embeddable":true,"href":"https:\/\/olborglogistics.com\/hu\/wp-json\/wp\/v2\/comments?post=2781"}],"wp:featuredmedia":[{"embeddable":true,"href":"https:\/\/olborglogistics.com\/hu\/wp-json\/wp\/v2\/media\/602"}],"wp:attachment":[{"href":"https:\/\/olborglogistics.com\/hu\/wp-json\/wp\/v2\/media?parent=2781"}],"wp:term":[{"taxonomy":"product_brand","embeddable":true,"href":"https:\/\/olborglogistics.com\/hu\/wp-json\/wp\/v2\/product_brand?post=2781"},{"taxonomy":"product_cat","embeddable":true,"href":"https:\/\/olborglogistics.com\/hu\/wp-json\/wp\/v2\/product_cat?post=2781"},{"taxonomy":"product_tag","embeddable":true,"href":"https:\/\/olborglogistics.com\/hu\/wp-json\/wp\/v2\/product_tag?post=2781"},{"taxonomy":"product_brands","embeddable":true,"href":"https:\/\/olborglogistics.com\/hu\/wp-json\/wp\/v2\/product_brands?post=2781"}],"curies":[{"name":"wp","href":"https:\/\/api.w.org\/{rel}","templated":true}]}}