{"id":2775,"date":"2026-01-29T01:20:45","date_gmt":"2026-01-29T01:20:45","guid":{"rendered":"https:\/\/olborglogistics.com\/product\/20-lab-magas-kocka-szallito-kontener-kek-iso-tanusitott\/"},"modified":"2026-02-17T01:38:48","modified_gmt":"2026-02-17T01:38:48","slug":"20-lab-magas-kocka-szallito-kontener-kek-iso-tanusitott","status":"publish","type":"product","link":"https:\/\/olborglogistics.com\/hu\/termek\/20-lab-magas-kocka-szallito-kontener-kek-iso-tanusitott\/","title":{"rendered":"20 l\u00e1b magas kocka sz\u00e1ll\u00edt\u00f3 kont\u00e9ner, k\u00e9k ISO tan\u00fas\u00edtott"},"content":{"rendered":"<h3 data-start=\"255\" data-end=\"319\">20ft High Cube haj\u00f3z\u00e1si kont\u00e9ner &#8211; M\u0171szaki adatok<\/h3>\n<div class=\"TyagGW_tableContainer\">\n<div class=\"group TyagGW_tableWrapper flex flex-col-reverse w-fit\" tabindex=\"-1\">\n<table class=\"w-fit min-w-(--thread-content-width)\" data-start=\"321\" data-end=\"1827\">\n<thead data-start=\"321\" data-end=\"357\">\n<tr data-start=\"321\" data-end=\"357\">\n<th data-start=\"321\" data-end=\"346\" data-col-size=\"sm\">Specifik\u00e1ci\u00f3 kateg\u00f3ria<\/th>\n<th data-start=\"346\" data-end=\"357\" data-col-size=\"md\">R\u00e9szletek<\/th>\n<\/tr>\n<\/thead>\n<tbody data-start=\"395\" data-end=\"1827\">\n<tr data-start=\"395\" data-end=\"449\">\n<td data-start=\"395\" data-end=\"412\" data-col-size=\"sm\">Kont\u00e9ner t\u00edpusa<\/td>\n<td data-start=\"412\" data-end=\"449\" data-col-size=\"md\">20 l\u00e1b magas kocka sz\u00e1ll\u00edt\u00f3 kont\u00e9ner<\/td>\n<\/tr>\n<tr data-start=\"450\" data-end=\"487\">\n<td data-start=\"450\" data-end=\"462\" data-col-size=\"sm\">Felt\u00e9tel<\/td>\n<td data-start=\"462\" data-end=\"487\" data-col-size=\"md\">Egy \u00fat (majdnem \u00faj)<\/td>\n<\/tr>\n<tr data-start=\"488\" data-end=\"534\">\n<td data-start=\"488\" data-end=\"509\" data-col-size=\"sm\">Kont\u00e9ner szabv\u00e1ny<\/td>\n<td data-col-size=\"md\" data-start=\"509\" data-end=\"534\">ISO \u00e1rusz\u00e1ll\u00edt\u00f3 kont\u00e9ner<\/td>\n<\/tr>\n<tr data-start=\"535\" data-end=\"577\">\n<td data-start=\"535\" data-end=\"553\" data-col-size=\"sm\">K\u00fcls\u0151 hossz<\/td>\n<td data-start=\"553\" data-end=\"577\" data-col-size=\"md\">kb. <strong data-start=\"563\" data-end=\"575\">6,058 mm<\/strong><\/td>\n<\/tr>\n<tr data-start=\"578\" data-end=\"619\">\n<td data-start=\"578\" data-end=\"595\" data-col-size=\"sm\">K\u00fcls\u0151 sz\u00e9less\u00e9g<\/td>\n<td data-start=\"595\" data-end=\"619\" data-col-size=\"md\">kb. <strong data-start=\"605\" data-end=\"617\">2,438 mm<\/strong><\/td>\n<\/tr>\n<tr data-start=\"620\" data-end=\"662\">\n<td data-start=\"620\" data-end=\"638\" data-col-size=\"sm\">K\u00fcls\u0151 magass\u00e1g<\/td>\n<td data-col-size=\"md\" data-start=\"638\" data-end=\"662\">kb. <strong data-start=\"648\" data-end=\"660\">2896 mm<\/strong><\/td>\n<\/tr>\n<tr data-start=\"663\" data-end=\"705\">\n<td data-start=\"663\" data-end=\"681\" data-col-size=\"sm\">Bels\u0151 hossz<\/td>\n<td data-start=\"681\" data-end=\"705\" data-col-size=\"md\">kb. <strong data-start=\"691\" data-end=\"703\">5,898 mm<\/strong><\/td>\n<\/tr>\n<tr data-start=\"706\" data-end=\"747\">\n<td data-start=\"706\" data-end=\"723\" data-col-size=\"sm\">Bels\u0151 sz\u00e9less\u00e9g<\/td>\n<td data-col-size=\"md\" data-start=\"723\" data-end=\"747\">kb. <strong data-start=\"733\" data-end=\"745\">2,352 mm<\/strong><\/td>\n<\/tr>\n<tr data-start=\"748\" data-end=\"790\">\n<td data-start=\"748\" data-end=\"766\" data-col-size=\"sm\">Bels\u0151 magass\u00e1g<\/td>\n<td data-col-size=\"md\" data-start=\"766\" data-end=\"790\">kb. <strong data-start=\"776\" data-end=\"788\">2690 mm<\/strong><\/td>\n<\/tr>\n<tr data-start=\"791\" data-end=\"830\">\n<td data-start=\"791\" data-end=\"809\" data-col-size=\"sm\">Bels\u0151 t\u00e9rfogat<\/td>\n<td data-col-size=\"md\" data-start=\"809\" data-end=\"830\">kb. <strong data-start=\"819\" data-end=\"828\">37 m\u00b3<\/strong><\/td>\n<\/tr>\n<tr data-start=\"831\" data-end=\"883\">\n<td data-start=\"831\" data-end=\"853\" data-col-size=\"sm\">T\u00e1ra s\u00faly (\u00fcres)<\/td>\n<td data-start=\"853\" data-end=\"883\" data-col-size=\"md\">kb. <strong data-start=\"863\" data-end=\"881\">2,300-2,500 kg<\/strong><\/td>\n<\/tr>\n<tr data-start=\"884\" data-end=\"933\">\n<td data-start=\"884\" data-end=\"902\" data-col-size=\"sm\">Maxim\u00e1lis hasznos teher<\/td>\n<td data-start=\"902\" data-end=\"933\" data-col-size=\"md\">kb. <strong data-start=\"918\" data-end=\"931\">28 000 kg-ig<\/strong><\/td>\n<\/tr>\n<tr data-start=\"934\" data-end=\"974\">\n<td data-start=\"934\" data-end=\"957\" data-col-size=\"sm\">Maxim\u00e1lis brutt\u00f3 t\u00f6meg<\/td>\n<td data-start=\"957\" data-end=\"974\" data-col-size=\"md\"><strong data-start=\"959\" data-end=\"972\">30,480 kg<\/strong><\/td>\n<\/tr>\n<tr data-start=\"975\" data-end=\"1020\">\n<td data-start=\"975\" data-end=\"986\" data-col-size=\"sm\">Anyag<\/td>\n<td data-start=\"986\" data-end=\"1020\" data-col-size=\"md\">Nagy szil\u00e1rds\u00e1g\u00fa <strong data-start=\"1002\" data-end=\"1018\">Corten ac\u00e9l<\/strong><\/td>\n<\/tr>\n<tr data-start=\"1021\" data-end=\"1075\">\n<td data-start=\"1021\" data-end=\"1048\" data-col-size=\"sm\">Fal \u00e9s tet\u0151szerkezet<\/td>\n<td data-start=\"1048\" data-end=\"1075\" data-col-size=\"md\">Hull\u00e1mos ac\u00e9llemezek<\/td>\n<\/tr>\n<tr data-start=\"1076\" data-end=\"1123\">\n<td data-start=\"1076\" data-end=\"1089\" data-col-size=\"sm\">Padl\u00f3 t\u00edpus<\/td>\n<td data-start=\"1089\" data-end=\"1123\" data-col-size=\"md\"><strong data-start=\"1091\" data-end=\"1121\">Tengeri min\u0151s\u00e9g\u0171 r\u00e9tegelt lemez padl\u00f3<\/strong><\/td>\n<\/tr>\n<tr data-start=\"1124\" data-end=\"1190\">\n<td data-start=\"1124\" data-end=\"1146\" data-col-size=\"sm\">Padl\u00f3 terhelhet\u0151s\u00e9g<\/td>\n<td data-start=\"1146\" data-end=\"1190\" data-col-size=\"md\">Alkalmas neh\u00e9z raklapokhoz \u00e9s g\u00e9pekhez<\/td>\n<\/tr>\n<tr data-start=\"1191\" data-end=\"1225\">\n<td data-start=\"1191\" data-end=\"1203\" data-col-size=\"sm\">Ajt\u00f3 t\u00edpusa<\/td>\n<td data-col-size=\"md\" data-start=\"1203\" data-end=\"1225\">Dupla rakom\u00e1nyajt\u00f3k<\/td>\n<\/tr>\n<tr data-start=\"1226\" data-end=\"1255\">\n<td data-start=\"1226\" data-end=\"1242\" data-col-size=\"sm\">Ajt\u00f3 helye<\/td>\n<td data-start=\"1242\" data-end=\"1255\" data-col-size=\"md\">El\u00fcls\u0151 r\u00e9sz<\/td>\n<\/tr>\n<tr data-start=\"1256\" data-end=\"1301\">\n<td data-start=\"1256\" data-end=\"1277\" data-col-size=\"sm\">Ajt\u00f3ny\u00edl\u00e1s sz\u00e9less\u00e9ge<\/td>\n<td data-start=\"1277\" data-end=\"1301\" data-col-size=\"md\">kb. <strong data-start=\"1287\" data-end=\"1299\">2340 mm<\/strong><\/td>\n<\/tr>\n<tr data-start=\"1302\" data-end=\"1348\">\n<td data-start=\"1302\" data-end=\"1324\" data-col-size=\"sm\">Ajt\u00f3ny\u00edl\u00e1s magass\u00e1ga<\/td>\n<td data-start=\"1324\" data-end=\"1348\" data-col-size=\"md\">kb. <strong data-start=\"1334\" data-end=\"1346\">2585 mm<\/strong><\/td>\n<\/tr>\n<tr data-start=\"1349\" data-end=\"1403\">\n<td data-start=\"1349\" data-end=\"1365\" data-col-size=\"sm\">Ajt\u00f3 hardver<\/td>\n<td data-start=\"1365\" data-end=\"1403\" data-col-size=\"md\">Nagy teherb\u00edr\u00e1s\u00fa z\u00e1r\u00f3rudak \u00e9s zsan\u00e9rok<\/td>\n<\/tr>\n<tr data-start=\"1404\" data-end=\"1453\">\n<td data-start=\"1404\" data-end=\"1425\" data-col-size=\"sm\">Id\u0151j\u00e1r\u00e1s elleni v\u00e9delem<\/td>\n<td data-col-size=\"md\" data-start=\"1425\" data-end=\"1453\"><strong data-start=\"1427\" data-end=\"1451\">Sz\u00e9l- \u00e9s v\u00edzz\u00e1r\u00f3<\/strong><\/td>\n<\/tr>\n<tr data-start=\"1454\" data-end=\"1500\">\n<td data-start=\"1454\" data-end=\"1468\" data-col-size=\"sm\">Szell\u0151z\u00e9s<\/td>\n<td data-col-size=\"md\" data-start=\"1468\" data-end=\"1500\">Passz\u00edv szell\u0151z\u0151ny\u00edl\u00e1sok<\/td>\n<\/tr>\n<tr data-start=\"1501\" data-end=\"1544\">\n<td data-start=\"1501\" data-end=\"1516\" data-col-size=\"sm\">Rakodhat\u00f3s\u00e1g<\/td>\n<td data-start=\"1516\" data-end=\"1544\" data-col-size=\"md\">ISO-konform, egym\u00e1sra helyezhet\u0151<\/td>\n<\/tr>\n<tr data-start=\"1545\" data-end=\"1623\">\n<td data-start=\"1545\" data-end=\"1570\" data-col-size=\"sm\">Kezel\u00e9si kompatibilit\u00e1s<\/td>\n<td data-start=\"1570\" data-end=\"1623\" data-col-size=\"md\">Daru, ny\u00falv\u00e1nyos rakod\u00f3g\u00e9p, targonca, kont\u00e9ner alv\u00e1zak<\/td>\n<\/tr>\n<tr data-start=\"1624\" data-end=\"1683\">\n<td data-start=\"1624\" data-end=\"1650\" data-col-size=\"sm\">Sz\u00e1ll\u00edt\u00e1si kompatibilit\u00e1s<\/td>\n<td data-col-size=\"md\" data-start=\"1650\" data-end=\"1683\">K\u00f6z\u00fati, vas\u00fati \u00e9s tengeri sz\u00e1ll\u00edt\u00e1s<\/td>\n<\/tr>\n<tr data-start=\"1684\" data-end=\"1700\">\n<td data-start=\"1684\" data-end=\"1692\" data-col-size=\"sm\">Sz\u00ednes<\/td>\n<td data-start=\"1692\" data-end=\"1700\" data-col-size=\"md\">K\u00e9k<\/td>\n<\/tr>\n<tr data-start=\"1701\" data-end=\"1761\">\n<td data-start=\"1701\" data-end=\"1723\" data-col-size=\"sm\">K\u00fclt\u00e9ri alkalmass\u00e1g<\/td>\n<td data-col-size=\"md\" data-start=\"1723\" data-end=\"1761\">Hossz\u00fa t\u00e1v\u00fa k\u00fclt\u00e9ri haszn\u00e1latra tervezt\u00e9k<\/td>\n<\/tr>\n<tr data-start=\"1762\" data-end=\"1827\">\n<td data-start=\"1762\" data-end=\"1778\" data-col-size=\"sm\">Tan\u00fas\u00edt\u00e1s<\/td>\n<td data-start=\"1778\" data-end=\"1827\" data-col-size=\"md\">ISO-konform, CSC tan\u00fas\u00edt\u00e1s (egys\u00e9gt\u0151l f\u00fcgg\u0151en)<\/td>\n<\/tr>\n<\/tbody>\n<\/table>\n<\/div>\n<\/div>\n","protected":false},"excerpt":{"rendered":"<p>Ez a <strong data-start=\"269\" data-end=\"334\">20 l\u00e1b magas kocka sz\u00e1ll\u00edt\u00f3 kont\u00e9ner k\u00e9k sz\u00ednben, egy \u00fat \u00e1llapot\u00e1ban<\/strong>, egy szinte \u00faj ISO kont\u00e9ner, amelyet professzion\u00e1lis t\u00e1rol\u00e1sra, sz\u00e1ll\u00edt\u00e1sra \u00e9s ipari felhaszn\u00e1l\u00e1sra terveztek. A High Cube konfigur\u00e1ci\u00f3 megn\u00f6velt bels\u0151 magass\u00e1got biztos\u00edt, \u00edgy t\u00f6bb f\u00fcgg\u0151leges t\u00e1rol\u00f3helyet \u00e9s jobb haszn\u00e1lhat\u00f3s\u00e1got biztos\u00edt raklapos \u00e1ruk, g\u00e9pek \u00e9s polcrendszerek sz\u00e1m\u00e1ra. <\/p>\n","protected":false},"featured_media":482,"comment_status":"open","ping_status":"closed","template":"","meta":{"_kad_blocks_custom_css":"","_kad_blocks_head_custom_js":"","_kad_blocks_body_custom_js":"","_kad_blocks_footer_custom_js":"","_kad_post_transparent":"","_kad_post_title":"","_kad_post_layout":"","_kad_post_sidebar_id":"","_kad_post_content_style":"","_kad_post_vertical_padding":"","_kad_post_feature":"","_kad_post_feature_position":"","_kad_post_header":false,"_kad_post_footer":false,"_kad_post_classname":""},"product_brand":[],"product_cat":[419,418,417],"product_tag":[421,420,423,425,424,422],"product_brands":[313],"class_list":{"0":"post-2775","1":"product","2":"type-product","3":"status-publish","4":"has-post-thumbnail","6":"product_cat-20-labas-kontener","7":"product_cat-hasznalt-hajozasi-kontenerek","8":"product_cat-standard-kontenerek","9":"product_tag-20-lab-magas-kocka-kontener","10":"product_tag-20-labas-hajozasi-kontenerek","11":"product_tag-20-labas-kontener","12":"product_tag-20-labas-kontener-meretei","13":"product_tag-olcso-20-labas-kontener","14":"product_tag-vasarolni-20ft-kontener-garazs","15":"pa_container-condition-uj-egy-utra","16":"pa_container-type-standard-kontener","17":"pa_contanier-size-20-lab-magas-kocka","18":"product_brands-leixoes-portugal","20":"first","21":"instock","22":"taxable","23":"shipping-taxable","24":"purchasable","25":"product-type-simple","26":"entry","27":"content-bg","28":"loop-entry"},"taxonomy_info":{"product_cat":[{"value":419,"label":"20 l\u00e1bas kont\u00e9ner"},{"value":418,"label":"Haszn\u00e1lt haj\u00f3z\u00e1si kont\u00e9nerek"},{"value":417,"label":"Standard kont\u00e9nerek"}],"product_tag":[{"value":421,"label":"20 l\u00e1b magas kocka kont\u00e9ner"},{"value":420,"label":"20 l\u00e1bas haj\u00f3z\u00e1si kont\u00e9nerek"},{"value":423,"label":"20 l\u00e1bas kont\u00e9ner"},{"value":425,"label":"20 l\u00e1bas kont\u00e9ner m\u00e9retei"},{"value":424,"label":"olcs\u00f3 20 l\u00e1bas kont\u00e9ner"},{"value":422,"label":"v\u00e1s\u00e1rolni 20ft kont\u00e9ner gar\u00e1zs"}],"pa_container-condition":[{"value":413,"label":"\u00daj (egy \u00fatra)"}],"pa_container-type":[{"value":415,"label":"Standard kont\u00e9ner"}],"pa_contanier-size":[{"value":416,"label":"20 l\u00e1b magas kocka"}],"product_brands":[{"value":313,"label":"Leix\u00f5es, Portugal"}]},"featured_image_src_large":["https:\/\/olborglogistics.com\/wp-content\/uploads\/2025\/12\/20FT-High-Cube-Container-RAL-5010-HZK-1024x768.jpg",1021,766,true],"author_info":[],"comment_info":0,"_links":{"self":[{"href":"https:\/\/olborglogistics.com\/hu\/wp-json\/wp\/v2\/product\/2775","targetHints":{"allow":["GET"]}}],"collection":[{"href":"https:\/\/olborglogistics.com\/hu\/wp-json\/wp\/v2\/product"}],"about":[{"href":"https:\/\/olborglogistics.com\/hu\/wp-json\/wp\/v2\/types\/product"}],"replies":[{"embeddable":true,"href":"https:\/\/olborglogistics.com\/hu\/wp-json\/wp\/v2\/comments?post=2775"}],"wp:featuredmedia":[{"embeddable":true,"href":"https:\/\/olborglogistics.com\/hu\/wp-json\/wp\/v2\/media\/482"}],"wp:attachment":[{"href":"https:\/\/olborglogistics.com\/hu\/wp-json\/wp\/v2\/media?parent=2775"}],"wp:term":[{"taxonomy":"product_brand","embeddable":true,"href":"https:\/\/olborglogistics.com\/hu\/wp-json\/wp\/v2\/product_brand?post=2775"},{"taxonomy":"product_cat","embeddable":true,"href":"https:\/\/olborglogistics.com\/hu\/wp-json\/wp\/v2\/product_cat?post=2775"},{"taxonomy":"product_tag","embeddable":true,"href":"https:\/\/olborglogistics.com\/hu\/wp-json\/wp\/v2\/product_tag?post=2775"},{"taxonomy":"product_brands","embeddable":true,"href":"https:\/\/olborglogistics.com\/hu\/wp-json\/wp\/v2\/product_brands?post=2775"}],"curies":[{"name":"wp","href":"https:\/\/api.w.org\/{rel}","templated":true}]}}