{"id":2768,"date":"2025-12-20T09:12:46","date_gmt":"2025-12-20T09:12:46","guid":{"rendered":"https:\/\/olborglogistics.com\/szallitasi-politika\/"},"modified":"2026-02-17T01:19:52","modified_gmt":"2026-02-17T01:19:52","slug":"szallitasi-politika","status":"publish","type":"page","link":"https:\/\/olborglogistics.com\/hu\/szallitasi-politika\/","title":{"rendered":"Sz\u00e1ll\u00edt\u00e1si politika"},"content":{"rendered":"\n<p>Az online sz\u00e1ll\u00edt\u00e1si kont\u00e9ner v\u00e1s\u00e1rl\u00e1sa nem eg\u00e9szen ugyanaz, mintha valamit dobozban rendelne. Ha a v\u00e1s\u00e1rl\u00e1s dobozos &#8211; \u00e9s azok ak\u00e1r 8000 fontot is nyomhatnak -, akkor egy kicsit t\u00f6bb tervez\u00e9st \u00e9s koordin\u00e1ci\u00f3t kell v\u00e9geznie. <\/p>\n\n<p>Ez az \u00fatmutat\u00f3 elmagyar\u00e1zza, hogyan sz\u00e1ll\u00edtj\u00e1k a sz\u00e1ll\u00edtm\u00e1nyoz\u00e1si kont\u00e9nereket, milyen k\u00f6lts\u00e9gek mer\u00fclnek fel, \u00e9s hogyan k\u00e9sz\u00edtse el\u0151 a helysz\u00ednt a sz\u00e1ll\u00edt\u00e1sra.<\/p>\n\n<h3 class=\"wp-block-heading\"><strong><em>Helyig\u00e9ny \u00e9s helyig\u00e9ny<br\/><\/em><\/strong><\/h3>\n\n<p>Minden kont\u00e9neres sz\u00e1ll\u00edt\u00e1si m\u00f3dnak megvannak a maga hely- \u00e9s hozz\u00e1f\u00e9r\u00e9si k\u00f6vetelm\u00e9nyei. Itt egy \u00e1ltal\u00e1nos \u00fatmutat\u00f3.<br\/>R\u00e9gi\u00f3 M\u00f3dszer Hossz\u00fas\u00e1g T\u00e1vols\u00e1g Magass\u00e1g T\u00e1vols\u00e1g Sz\u00e9less\u00e9g T\u00e1vols\u00e1g Maxim\u00e1lis j\u00e1rm\u0171t\u00f6meg<br\/>Europe Oldalemel\u0151 18,75 m \/ 61,5 ft 4 m \/ 13 ft 7 m \/ 23 ft Legfeljebb 40 tonna<br\/>Europe Teheraut\u00f3daru 18,75 m \/ 61,5 ft 4 m \/ 13 ft 3,65 m \/ 12 ft Legfeljebb 40 tonna <\/p>\n\n<p><em>*Ha a sz\u00e1ll\u00edt\u00e1si helyen alacsonyan l\u00f3g\u00f3 vezet\u00e9kek vannak, akkor azoknak legal\u00e1bb 18 l\u00e1b magasan kell lenni\u00fck a f\u00f6ldt\u0151l, hogy lehet\u0151v\u00e9 tegy\u00e9k a billen\u0151\u00e1gyas sz\u00e1ll\u00edt\u00e1st.<\/em><\/p>\n\n<p>Ha az \u00d6n telephelye nem teszi lehet\u0151v\u00e9 ezt a fajta hozz\u00e1f\u00e9r\u00e9st, besz\u00e9ljen a kont\u00e9ner k\u00e9pvisel\u0151j\u00e9vel. Lehetnek alternat\u00edv\u00e1k, p\u00e9ld\u00e1ul egy kisebb p\u00f3tkocsi vagy ak\u00e1r speci\u00e1lis \u00e1trak\u00f3 berendez\u00e9s biztos\u00edt\u00e1sa a sz\u00e1ll\u00edt\u00e1s megk\u00f6nny\u00edt\u00e9se \u00e9rdek\u00e9ben. <\/p>\n\n<h4 class=\"wp-block-heading\"><strong>Sz\u00e1ll\u00edt\u00e1si k\u00f6lts\u00e9g tengeri kont\u00e9ner eset\u00e9n<\/strong><\/h4>\n\n<p>A sz\u00e1ll\u00edt\u00e1si kont\u00e9nerek sz\u00e1ll\u00edt\u00e1si k\u00f6lts\u00e9ge t\u00f6bb t\u00e9nyez\u0151t\u0151l f\u00fcgg, t\u00f6bbek k\u00f6z\u00f6tt a t\u00e1vols\u00e1gt\u00f3l, a megk\u00f6zel\u00edt\u00e9si k\u00f6r\u00fclm\u00e9nyekt\u0151l, az \u00fatkorl\u00e1toz\u00e1sokt\u00f3l \u00e9s a helyi sof\u0151r\u00f6k el\u00e9rhet\u0151s\u00e9g\u00e9t\u0151l. Az al\u00e1bbiakban durva becsl\u00e9sek seg\u00edtik a k\u00f6lts\u00e9gvet\u00e9s tervez\u00e9s\u00e9t. <\/p>\n\n<p>A sz\u00e1ll\u00edt\u00e1sokat a neh\u00e9z teherg\u00e9pkocsik \u00fatvonalai alapj\u00e1n sz\u00e1m\u00edtj\u00e1k ki, lehet\u0151s\u00e9g szerint elker\u00fclve a fizet\u0151s utakat. A kont\u00e9nerek \u00e1ltal\u00e1ban a rakt\u00e1r 300 m\u00e9rf\u00f6ldes k\u00f6rzet\u00e9ben sz\u00e1ll\u00edthat\u00f3k. Az \u00e1llamokon \u00e1tny\u00fal\u00f3 sz\u00e1ll\u00edt\u00e1sok azonban tov\u00e1bbi d\u00edjakkal j\u00e1rhatnak.  <\/p>\n\n<p>Helyi billen\u0151s sz\u00e1ll\u00edt\u00e1s r\u00f6vid t\u00e1vols\u00e1gra: kb. 400-600 \u20ac<br\/>Hossz\u00fa t\u00e1v\u00fa sz\u00e1ll\u00edt\u00e1s (200-300 m\u00e9rf\u00f6ld): <br\/> Rakott teheraut\u00f3s sz\u00e1ll\u00edt\u00e1s: m\u00e9rf\u00f6ldenk\u00e9nt kb. 1 eur\u00f3val olcs\u00f3bb lehet (de tov\u00e1bbi kirakod\u00f3 berendez\u00e9seket ig\u00e9nyel).<\/p>\n\n<p>Ezek a sz\u00e1madatok csak k\u00f6lts\u00e9gvet\u00e9si c\u00e9lokat szolg\u00e1lnak. A pontos sz\u00e1ll\u00edt\u00e1si k\u00f6lts\u00e9geket az \u00e1raj\u00e1nlatban tal\u00e1lja meg. <\/p>\n\n<h4 class=\"wp-block-heading\"><strong>Sz\u00e1ll\u00edt\u00e1si k\u00f6lts\u00e9gek <\/strong><strong>Lengyelorsz\u00e1g \u00e9s m\u00e1s eur\u00f3pai orsz\u00e1gok<\/strong><\/h4>\n\n<p>A sz\u00e1ll\u00edt\u00e1si k\u00f6lts\u00e9geket neh\u00e9zfuvaroz\u00e1s alapj\u00e1n sz\u00e1m\u00edtj\u00e1k ki, \u00e9s \u00e1ltal\u00e1ban kilom\u00e9terenk\u00e9nt \u00e9rtend\u0151k. A kont\u00e9nereket \u00e1ltal\u00e1ban a rakt\u00e1r 400 kilom\u00e9teres k\u00f6rzet\u00e9ben lehet lesz\u00e1ll\u00edtani, komp\u00e1tkel\u00e9s eset\u00e9n tov\u00e1bbi d\u00edjakat kell fizetni. <\/p>\n\n<p><strong>R\u00f6vid t\u00e1v\u00fa (helyi) sz\u00e1ll\u00edt\u00e1s:<\/strong><br\/>Kisz\u00e1ll\u00edt\u00e1s mobil daruval: 370-600 \u20ac<br\/>Kisz\u00e1ll\u00edt\u00e1s oldalrakod\u00f3val: 380-650 \u20ac<br\/>Kisz\u00e1ll\u00edt\u00e1s nagyobb t\u00e1vols\u00e1gra (300-400 km):<br\/>Kisz\u00e1ll\u00edt\u00e1s mobil daruval: 1 200-1 550 \u20ac+<br\/>Kisz\u00e1ll\u00edt\u00e1s oldalrakod\u00f3val: 1 300-1 700 \u20ac+<br\/>Ezek az adatok csak k\u00f6lts\u00e9gvet\u00e9si c\u00e9lokat szolg\u00e1lnak. A pontos sz\u00e1ll\u00edt\u00e1si k\u00f6lts\u00e9geket az \u00e1raj\u00e1nlatban tal\u00e1lja meg. <\/p>\n\n<p><strong>A sz\u00e1ll\u00edt\u00e1s el\u0151k\u00e9sz\u00edt\u00e9se<\/strong><br\/>A kont\u00e9ner z\u00f6kken\u0151mentes kisz\u00e1ll\u00edt\u00e1s\u00e1nak biztos\u00edt\u00e1sa \u00e9rdek\u00e9ben (\u00e9s a sz\u00e1razra sz\u00e1ll\u00edt\u00e1s vagy \u00fajb\u00f3li kisz\u00e1ll\u00edt\u00e1s k\u00f6lts\u00e9geinek elker\u00fcl\u00e9se \u00e9rdek\u00e9ben) fontos, hogy el\u0151zetesen el\u0151k\u00e9sz\u00edtse a telephelyet. Az alapvet\u0151 l\u00e9p\u00e9sek k\u00f6z\u00e9 tartoznak: <\/p>\n\n<p><strong>A helysz\u00edn megk\u00f6zel\u00edt\u00e9se<\/strong><br\/>Biztos\u00edtsa, hogy az \u00fat alkalmas legyen egy neh\u00e9z teheraut\u00f3 sz\u00e1m\u00e1ra, \u00e9s hogy a j\u00e1rm\u0171vezet\u0151nek legyen el\u00e9g hely a megfordul\u00e1shoz \u00e9s a tolat\u00e1shoz. Ellen\u0151rizze, hogy nincsenek-e olyan kapuk, \u00e1gak vagy villanyvezet\u00e9kek, amelyek akad\u00e1lyozhatj\u00e1k az \u00fatvonalat az \u00fat \u00e9s a kont\u00e9ner rendeltet\u00e9si helye k\u00f6z\u00f6tt. <\/p>\n\n<p><strong>A talaj el\u0151k\u00e9sz\u00edt\u00e9se<\/strong><br\/>A kont\u00e9nereket s\u00edk, szil\u00e1rd talajra kell helyezni a megfelel\u0151 m\u0171k\u00f6d\u00e9shez. A megfelel\u0151 szintez\u00e9s seg\u00edt elker\u00fclni az olyan probl\u00e9m\u00e1kat, mint az elferd\u00fclt ajt\u00f3k vagy a szerkezeti fesz\u00fclts\u00e9gek, amelyek akad\u00e1lyozhatj\u00e1k a kont\u00e9ner k\u00e9s\u0151bbi haszn\u00e1lat\u00e1t. Ha a ter\u00fclet puha vagy egyenetlen, akkor alapot kell k\u00e9sz\u00edtenie, p\u00e9ld\u00e1ul kavics- vagy betonlapot. Ha csak ideiglenesen helyezi el a kont\u00e9nert, haszn\u00e1ljon fakock\u00e1kat vagy vas\u00fati s\u00edneket a szintben tart\u00e1shoz.   <\/p>\n\n<p><strong>Kommunik\u00e1ci\u00f3 a sof\u0151rrel<\/strong><br\/>K\u00fcldj\u00f6n nek\u00fcnk el\u0151re f\u00e9nyk\u00e9peket a helysz\u00ednr\u0151l \u00e9s egy\u00e9rtelm\u0171 \u00fatbaigaz\u00edt\u00e1st. Min\u00e9l t\u00f6bb inform\u00e1ci\u00f3t ad, ann\u00e1l z\u00f6kken\u0151mentesebb lesz a sz\u00e1ll\u00edt\u00e1s napja. Ha a sof\u0151r nem tudja biztons\u00e1gosan megk\u00f6zel\u00edteni az ingatlan\u00e1t, akkor is felsz\u00e1m\u00edthatjuk az \u00fat &#8211; \u00e9s a visszautaz\u00e1s &#8211; k\u00f6lts\u00e9g\u00e9t.  <\/p>\n\n<h2 class=\"wp-block-heading\">Tov\u00e1bbi r\u00e9szletek\u00e9rt forduljon hozz\u00e1nk.<\/h2>\n<style>.kb-row-layout-id368_4ee3ad-f5 > .kt-row-column-wrap{align-content:start;}:where(.kb-row-layout-id368_4ee3ad-f5 > .kt-row-column-wrap) > .wp-block-kadence-column{justify-content:start;}.kb-row-layout-id368_4ee3ad-f5 > .kt-row-column-wrap{column-gap:var(--global-kb-gap-md, 2rem);row-gap:var(--global-kb-gap-md, 2rem);max-width:var( --global-content-width, 1021px );padding-left:var(--global-content-edge-padding);padding-right:var(--global-content-edge-padding);padding-top:var(--global-kb-spacing-sm, 1.5rem);padding-bottom:var(--global-kb-spacing-xxs, 0.5rem);}.kb-row-layout-id368_4ee3ad-f5 > .kt-row-column-wrap > div:not(.added-for-specificity){grid-column:initial;}.kb-row-layout-id368_4ee3ad-f5 > .kt-row-column-wrap{grid-template-columns:repeat(3, minmax(0, 1fr));}.kb-row-layout-id368_4ee3ad-f5 > .kt-row-layout-overlay{opacity:0.30;}@media all and (max-width: 1024px){.kb-row-layout-id368_4ee3ad-f5 > .kt-row-column-wrap > div:not(.added-for-specificity){grid-column:initial;}}@media all and (max-width: 1024px){.kb-row-layout-id368_4ee3ad-f5 > .kt-row-column-wrap{grid-template-columns:repeat(3, minmax(0, 1fr));}}@media all and (max-width: 767px){.kb-row-layout-id368_4ee3ad-f5 > .kt-row-column-wrap > div:not(.added-for-specificity){grid-column:initial;}.kb-row-layout-id368_4ee3ad-f5 > .kt-row-column-wrap{grid-template-columns:minmax(0, 1fr);}}<\/style><div class=\"kb-row-layout-wrap kb-row-layout-id368_4ee3ad-f5 alignfull has-theme-palette8-background-color kt-row-has-bg wp-block-kadence-rowlayout\"><div class=\"kt-row-column-wrap kt-has-3-columns kt-row-layout-equal kt-tab-layout-inherit kt-mobile-layout-row kt-row-valign-top kb-theme-content-width\">\n<style>.kadence-column368_a4b30a-c4 > .kt-inside-inner-col,.kadence-column368_a4b30a-c4 > .kt-inside-inner-col:before{border-top-left-radius:0px;border-top-right-radius:0px;border-bottom-right-radius:0px;border-bottom-left-radius:0px;}.kadence-column368_a4b30a-c4 > .kt-inside-inner-col{column-gap:var(--global-kb-gap-sm, 1rem);}.kadence-column368_a4b30a-c4 > .kt-inside-inner-col{flex-direction:column;}.kadence-column368_a4b30a-c4 > .kt-inside-inner-col > .aligncenter{width:100%;}.kadence-column368_a4b30a-c4 > .kt-inside-inner-col:before{opacity:0.3;}.kadence-column368_a4b30a-c4{position:relative;}@media all and (max-width: 1024px){.kadence-column368_a4b30a-c4 > .kt-inside-inner-col{flex-direction:column;justify-content:center;}}@media all and (max-width: 767px){.kadence-column368_a4b30a-c4 > .kt-inside-inner-col{flex-direction:column;justify-content:center;}}<\/style>\n<div class=\"wp-block-kadence-column kadence-column368_a4b30a-c4 inner-column-1\"><div class=\"kt-inside-inner-col\"><style>.wp-block-kadence-column.kb-section-dir-horizontal > .kt-inside-inner-col > .kt-info-box368_4db0da-e3 .kt-blocks-info-box-link-wrap{max-width:unset;}.kt-info-box368_4db0da-e3 .kt-blocks-info-box-link-wrap{border-top:5px solid var(--global-palette7, #eeeeee);border-right:5px solid var(--global-palette7, #eeeeee);border-bottom:5px solid var(--global-palette7, #eeeeee);border-left:5px solid var(--global-palette7, #eeeeee);background:rgba(255, 255, 255, 0);padding-top:var(--global-kb-spacing-sm, 1.5rem);padding-right:var(--global-kb-spacing-sm, 1.5rem);padding-bottom:var(--global-kb-spacing-sm, 1.5rem);padding-left:var(--global-kb-spacing-sm, 1.5rem);margin-top:50px;}.kt-info-box368_4db0da-e3 .kt-blocks-info-box-link-wrap:hover{background:rgba(255, 255, 255, 0);}.kt-info-box368_4db0da-e3 .kadence-info-box-icon-container .kt-info-svg-icon, .kt-info-box368_4db0da-e3 .kt-info-svg-icon-flip, .kt-info-box368_4db0da-e3 .kt-blocks-info-box-number{font-size:50px;}.kt-info-box368_4db0da-e3 .kt-blocks-info-box-media{color:var(--global-palette9, #ffffff);background:var(--global-palette15, #3182CE);border-top-width:5px;border-right-width:5px;border-bottom-width:5px;border-left-width:5px;padding-top:20px;padding-right:20px;padding-bottom:20px;padding-left:20px;}.kt-info-box368_4db0da-e3 .kt-blocks-info-box-media-container{margin-top:-75px;margin-right:0px;margin-bottom:20px;margin-left:0px;}.kt-info-box368_4db0da-e3 .kt-blocks-info-box-link-wrap:hover .kt-blocks-info-box-media{color:var(--global-palette9, #ffffff);background:var(--global-palette5, #4A5568);}.kt-info-box368_4db0da-e3 .kt-infobox-textcontent h6.kt-blocks-info-box-title{color:var(--global-palette3, #1A202C);padding-top:0px;padding-right:0px;padding-bottom:0px;padding-left:0px;margin-top:5px;margin-right:0px;margin-bottom:10px;margin-left:0px;}.kt-info-box368_4db0da-e3 .kt-infobox-textcontent .kt-blocks-info-box-text{color:var(--global-palette3, #1A202C);}.kt-info-box368_4db0da-e3 .kt-blocks-info-box-learnmore{background:transparent;border-color:#555555;border-width:0px 0px 0px 0px;padding-top:4px;padding-right:8px;padding-bottom:4px;padding-left:8px;margin-top:10px;margin-right:0px;margin-bottom:10px;margin-left:0px;}.kt-info-box368_4db0da-e3 .kt-blocks-info-box-link-wrap:hover .kt-blocks-info-box-learnmore,.kt-info-box368_4db0da-e3 .kt-blocks-info-box-link-wrap .kt-blocks-info-box-learnmore:focus{color:#ffffff;background:#444444;border-color:#444444;}@media all and (max-width: 1024px){.kt-info-box368_4db0da-e3 .kt-blocks-info-box-link-wrap{border-top:5px solid var(--global-palette7, #eeeeee);border-right:5px solid var(--global-palette7, #eeeeee);border-bottom:5px solid var(--global-palette7, #eeeeee);border-left:5px solid var(--global-palette7, #eeeeee);}}@media all and (max-width: 1024px){.wp-block-kadence-infobox.kt-info-box368_4db0da-e3 .kt-blocks-info-box-text{font-size:18px;}}@media all and (max-width: 767px){.kt-info-box368_4db0da-e3 .kt-blocks-info-box-link-wrap{border-top:5px solid var(--global-palette7, #eeeeee);border-right:5px solid var(--global-palette7, #eeeeee);border-bottom:5px solid var(--global-palette7, #eeeeee);border-left:5px solid var(--global-palette7, #eeeeee);}}<\/style>\n<div class=\"wp-block-kadence-infobox kt-info-box368_4db0da-e3\"><a class=\"kt-blocks-info-box-link-wrap info-box-link kt-blocks-info-box-media-align-top kt-info-halign-left\" href=\"mailto:info@olborglogistics.com\"><div class=\"kt-blocks-info-box-media-container\"><div class=\"kt-blocks-info-box-media kt-info-media-animate-none\"><div class=\"kadence-info-box-icon-container kt-info-icon-animate-none\"><div class=\"kadence-info-box-icon-inner-container\"><span class=\"kb-svg-icon-wrap kb-svg-icon-fe_mail kt-info-svg-icon\"><svg viewBox=\"0 0 24 24\"  fill=\"none\" stroke=\"currentColor\" stroke-width=\"2\" stroke-linecap=\"round\" stroke-linejoin=\"round\" xmlns=\"http:\/\/www.w3.org\/2000\/svg\"  aria-hidden=\"true\"><path d=\"M4 4h16c1.1 0 2 .9 2 2v12c0 1.1-.9 2-2 2H4c-1.1 0-2-.9-2-2V6c0-1.1.9-2 2-2z\"\/><polyline points=\"22,6 12,13 2,6\"\/><\/svg><\/span><\/div><\/div><\/div><\/div><div class=\"kt-infobox-textcontent\"><h6 class=\"kt-blocks-info-box-title\">E-mail<\/h6><p class=\"kt-blocks-info-box-text\"><strong><em>info@olborglogistics.com<\/em><\/strong><\/p><\/div><\/a><\/div>\n<\/div><\/div>\n\n\n<style>.kadence-column368_f3b045-82 > .kt-inside-inner-col,.kadence-column368_f3b045-82 > .kt-inside-inner-col:before{border-top-left-radius:0px;border-top-right-radius:0px;border-bottom-right-radius:0px;border-bottom-left-radius:0px;}.kadence-column368_f3b045-82 > .kt-inside-inner-col{column-gap:var(--global-kb-gap-sm, 1rem);}.kadence-column368_f3b045-82 > .kt-inside-inner-col{flex-direction:column;}.kadence-column368_f3b045-82 > .kt-inside-inner-col > .aligncenter{width:100%;}.kadence-column368_f3b045-82 > .kt-inside-inner-col:before{opacity:0.3;}.kadence-column368_f3b045-82{position:relative;}@media all and (max-width: 1024px){.kadence-column368_f3b045-82 > .kt-inside-inner-col{flex-direction:column;justify-content:center;}}@media all and (max-width: 767px){.kadence-column368_f3b045-82 > .kt-inside-inner-col{flex-direction:column;justify-content:center;}}<\/style>\n<div class=\"wp-block-kadence-column kadence-column368_f3b045-82 inner-column-3\"><div class=\"kt-inside-inner-col\"><style>.wp-block-kadence-column.kb-section-dir-horizontal > .kt-inside-inner-col > .kt-info-box368_b98eb0-4a .kt-blocks-info-box-link-wrap{max-width:unset;}.kt-info-box368_b98eb0-4a .kt-blocks-info-box-link-wrap{border-top:5px solid var(--global-palette7, #eeeeee);border-right:5px solid var(--global-palette7, #eeeeee);border-bottom:5px solid var(--global-palette7, #eeeeee);border-left:5px solid var(--global-palette7, #eeeeee);background:rgba(255, 255, 255, 0);padding-top:var(--global-kb-spacing-sm, 1.5rem);padding-right:var(--global-kb-spacing-sm, 1.5rem);padding-bottom:var(--global-kb-spacing-sm, 1.5rem);padding-left:var(--global-kb-spacing-sm, 1.5rem);margin-top:50px;}.kt-info-box368_b98eb0-4a .kt-blocks-info-box-link-wrap:hover{background:rgba(255, 255, 255, 0);}.kt-info-box368_b98eb0-4a .kadence-info-box-icon-container .kt-info-svg-icon, .kt-info-box368_b98eb0-4a .kt-info-svg-icon-flip, .kt-info-box368_b98eb0-4a .kt-blocks-info-box-number{font-size:50px;}.kt-info-box368_b98eb0-4a .kt-blocks-info-box-media{color:var(--global-palette9, #ffffff);background:var(--global-palette15, #3182CE);border-top-width:5px;border-right-width:5px;border-bottom-width:5px;border-left-width:5px;padding-top:20px;padding-right:20px;padding-bottom:20px;padding-left:20px;}.kt-info-box368_b98eb0-4a .kt-blocks-info-box-media-container{margin-top:-75px;margin-right:0px;margin-bottom:20px;margin-left:0px;}.kt-info-box368_b98eb0-4a .kt-blocks-info-box-link-wrap:hover .kt-blocks-info-box-media{color:var(--global-palette9, #ffffff);background:var(--global-palette5, #4A5568);}.kt-info-box368_b98eb0-4a .kt-infobox-textcontent h6.kt-blocks-info-box-title{color:var(--global-palette3, #1A202C);padding-top:0px;padding-right:0px;padding-bottom:0px;padding-left:0px;margin-top:5px;margin-right:0px;margin-bottom:10px;margin-left:0px;}.kt-info-box368_b98eb0-4a .kt-infobox-textcontent .kt-blocks-info-box-text{color:var(--global-palette3, #1A202C);}.kt-info-box368_b98eb0-4a .kt-blocks-info-box-learnmore{background:transparent;border-color:#555555;border-width:0px 0px 0px 0px;padding-top:4px;padding-right:8px;padding-bottom:4px;padding-left:8px;margin-top:10px;margin-right:0px;margin-bottom:10px;margin-left:0px;}.kt-info-box368_b98eb0-4a .kt-blocks-info-box-link-wrap:hover .kt-blocks-info-box-learnmore,.kt-info-box368_b98eb0-4a .kt-blocks-info-box-link-wrap .kt-blocks-info-box-learnmore:focus{color:#ffffff;background:#444444;border-color:#444444;}@media all and (max-width: 1024px){.kt-info-box368_b98eb0-4a .kt-blocks-info-box-link-wrap{border-top:5px solid var(--global-palette7, #eeeeee);border-right:5px solid var(--global-palette7, #eeeeee);border-bottom:5px solid var(--global-palette7, #eeeeee);border-left:5px solid var(--global-palette7, #eeeeee);}}@media all and (max-width: 1024px){.wp-block-kadence-infobox.kt-info-box368_b98eb0-4a .kt-blocks-info-box-text{font-size:18px;}}@media all and (max-width: 767px){.kt-info-box368_b98eb0-4a .kt-blocks-info-box-link-wrap{border-top:5px solid var(--global-palette7, #eeeeee);border-right:5px solid var(--global-palette7, #eeeeee);border-bottom:5px solid var(--global-palette7, #eeeeee);border-left:5px solid var(--global-palette7, #eeeeee);}}<\/style>\n<div class=\"wp-block-kadence-infobox kt-info-box368_b98eb0-4a\"><span class=\"kt-blocks-info-box-link-wrap info-box-link kt-blocks-info-box-media-align-top kt-info-halign-left\"><div class=\"kt-blocks-info-box-media-container\"><div class=\"kt-blocks-info-box-media kt-info-media-animate-none\"><div class=\"kadence-info-box-icon-container kt-info-icon-animate-none\"><div class=\"kadence-info-box-icon-inner-container\"><span class=\"kb-svg-icon-wrap kb-svg-icon-ic_phone kt-info-svg-icon\"><svg viewBox=\"0 0 8 8\"  fill=\"currentColor\" xmlns=\"http:\/\/www.w3.org\/2000\/svg\"  aria-hidden=\"true\"><path d=\"M.19 0c-.11 0-.19.08-.19.19v7.63c0 .11.08.19.19.19h4.63c.11 0 .19-.08.19-.19v-7.63c0-.11-.08-.19-.19-.19h-4.63zm.81 1h3v5h-3v-5zm1.5 5.5c.28 0 .5.22.5.5s-.22.5-.5.5-.5-.22-.5-.5.22-.5.5-.5z\" transform=\"translate(1)\"\/><\/svg><\/span><\/div><\/div><\/div><\/div><div class=\"kt-infobox-textcontent\"><h6 class=\"kt-blocks-info-box-title\">Telefon<\/h6><p class=\"kt-blocks-info-box-text\"><strong><em>+48 505 611 446<\/em><\/strong><\/p><\/div><\/span><\/div>\n<\/div><\/div>\n\n\n<style>.kadence-column368_d46b1d-5e > .kt-inside-inner-col,.kadence-column368_d46b1d-5e > .kt-inside-inner-col:before{border-top-left-radius:0px;border-top-right-radius:0px;border-bottom-right-radius:0px;border-bottom-left-radius:0px;}.kadence-column368_d46b1d-5e > .kt-inside-inner-col{column-gap:var(--global-kb-gap-sm, 1rem);}.kadence-column368_d46b1d-5e > .kt-inside-inner-col{flex-direction:column;}.kadence-column368_d46b1d-5e > .kt-inside-inner-col > .aligncenter{width:100%;}.kadence-column368_d46b1d-5e > .kt-inside-inner-col:before{opacity:0.3;}.kadence-column368_d46b1d-5e{position:relative;}@media all and (max-width: 1024px){.kadence-column368_d46b1d-5e > .kt-inside-inner-col{flex-direction:column;justify-content:center;}}@media all and (max-width: 767px){.kadence-column368_d46b1d-5e > .kt-inside-inner-col{flex-direction:column;justify-content:center;}}<\/style>\n<div class=\"wp-block-kadence-column kadence-column368_d46b1d-5e inner-column-4\"><div class=\"kt-inside-inner-col\"><style>.wp-block-kadence-column.kb-section-dir-horizontal > .kt-inside-inner-col > .kt-info-box368_05fac8-31 .kt-blocks-info-box-link-wrap{max-width:unset;}.kt-info-box368_05fac8-31 .kt-blocks-info-box-link-wrap{border-top:5px solid var(--global-palette7, #eeeeee);border-right:5px solid var(--global-palette7, #eeeeee);border-bottom:5px solid var(--global-palette7, #eeeeee);border-left:5px solid var(--global-palette7, #eeeeee);background:rgba(255, 255, 255, 0);padding-top:var(--global-kb-spacing-sm, 1.5rem);padding-right:var(--global-kb-spacing-sm, 1.5rem);padding-bottom:var(--global-kb-spacing-sm, 1.5rem);padding-left:var(--global-kb-spacing-sm, 1.5rem);margin-top:50px;}.kt-info-box368_05fac8-31 .kt-blocks-info-box-link-wrap:hover{background:rgba(255, 255, 255, 0);}.kt-info-box368_05fac8-31 .kadence-info-box-icon-container .kt-info-svg-icon, .kt-info-box368_05fac8-31 .kt-info-svg-icon-flip, .kt-info-box368_05fac8-31 .kt-blocks-info-box-number{font-size:50px;}.kt-info-box368_05fac8-31 .kt-blocks-info-box-media{color:var(--global-palette9, #ffffff);background:var(--global-palette15, #3182CE);border-top-width:5px;border-right-width:5px;border-bottom-width:5px;border-left-width:5px;padding-top:20px;padding-right:20px;padding-bottom:20px;padding-left:20px;}.kt-info-box368_05fac8-31 .kt-blocks-info-box-media-container{margin-top:-75px;margin-right:0px;margin-bottom:20px;margin-left:0px;}.kt-info-box368_05fac8-31 .kt-blocks-info-box-link-wrap:hover .kt-blocks-info-box-media{color:var(--global-palette9, #ffffff);background:var(--global-palette5, #4A5568);}.kt-info-box368_05fac8-31 .kt-infobox-textcontent h6.kt-blocks-info-box-title{color:var(--global-palette3, #1A202C);padding-top:0px;padding-right:0px;padding-bottom:0px;padding-left:0px;margin-top:5px;margin-right:0px;margin-bottom:10px;margin-left:0px;}.kt-info-box368_05fac8-31 .kt-infobox-textcontent .kt-blocks-info-box-text{color:var(--global-palette3, #1A202C);}.kt-info-box368_05fac8-31 .kt-blocks-info-box-learnmore{background:transparent;border-color:#555555;border-width:0px 0px 0px 0px;padding-top:4px;padding-right:8px;padding-bottom:4px;padding-left:8px;margin-top:10px;margin-right:0px;margin-bottom:10px;margin-left:0px;}.kt-info-box368_05fac8-31 .kt-blocks-info-box-link-wrap:hover .kt-blocks-info-box-learnmore,.kt-info-box368_05fac8-31 .kt-blocks-info-box-link-wrap .kt-blocks-info-box-learnmore:focus{color:#ffffff;background:#444444;border-color:#444444;}@media all and (max-width: 1024px){.kt-info-box368_05fac8-31 .kt-blocks-info-box-link-wrap{border-top:5px solid var(--global-palette7, #eeeeee);border-right:5px solid var(--global-palette7, #eeeeee);border-bottom:5px solid var(--global-palette7, #eeeeee);border-left:5px solid var(--global-palette7, #eeeeee);}}@media all and (max-width: 1024px){.wp-block-kadence-infobox.kt-info-box368_05fac8-31 .kt-blocks-info-box-text{font-size:18px;}}@media all and (max-width: 767px){.kt-info-box368_05fac8-31 .kt-blocks-info-box-link-wrap{border-top:5px solid var(--global-palette7, #eeeeee);border-right:5px solid var(--global-palette7, #eeeeee);border-bottom:5px solid var(--global-palette7, #eeeeee);border-left:5px solid var(--global-palette7, #eeeeee);}}<\/style>\n<div class=\"wp-block-kadence-infobox kt-info-box368_05fac8-31\"><span class=\"kt-blocks-info-box-link-wrap info-box-link kt-blocks-info-box-media-align-top kt-info-halign-left\"><div class=\"kt-blocks-info-box-media-container\"><div class=\"kt-blocks-info-box-media kt-info-media-animate-none\"><div class=\"kadence-info-box-icon-container kt-info-icon-animate-none\"><div class=\"kadence-info-box-icon-inner-container\"><span class=\"kb-svg-icon-wrap kb-svg-icon-fe_clock kt-info-svg-icon\"><svg viewBox=\"0 0 24 24\"  fill=\"none\" stroke=\"currentColor\" stroke-width=\"2\" stroke-linecap=\"round\" stroke-linejoin=\"round\" xmlns=\"http:\/\/www.w3.org\/2000\/svg\"  aria-hidden=\"true\"><circle cx=\"12\" cy=\"12\" r=\"10\"\/><polyline points=\"12 6 12 12 16 14\"\/><\/svg><\/span><\/div><\/div><\/div><\/div><div class=\"kt-infobox-textcontent\"><h6 class=\"kt-blocks-info-box-title\">\u00d3r\u00e1k<\/h6><p class=\"kt-blocks-info-box-text\"><strong><em>H\u00e9tf\u0151 &#8211; p\u00e9ntek<br\/>8:00 &#8211; 17:00 \u00f3ra k\u00f6z\u00f6tt<\/em><\/strong><\/p><\/div><\/span><\/div>\n<\/div><\/div>\n\n<\/div><\/div>","protected":false},"excerpt":{"rendered":"<p>Az online sz\u00e1ll\u00edt\u00e1si kont\u00e9ner v\u00e1s\u00e1rl\u00e1sa nem eg\u00e9szen ugyanaz, mintha valamit dobozban rendelne. Ha a v\u00e1s\u00e1rl\u00e1s dobozos &#8211; \u00e9s azok ak\u00e1r 8000 fontot is nyomhatnak -, akkor egy kicsit t\u00f6bb tervez\u00e9st \u00e9s koordin\u00e1ci\u00f3t kell v\u00e9geznie. Ez az \u00fatmutat\u00f3 elmagyar\u00e1zza, hogyan sz\u00e1ll\u00edtj\u00e1k a sz\u00e1ll\u00edtm\u00e1nyoz\u00e1si kont\u00e9nereket, milyen k\u00f6lts\u00e9gek mer\u00fclnek fel, \u00e9s hogyan k\u00e9sz\u00edtse el\u0151 a helysz\u00ednt a sz\u00e1ll\u00edt\u00e1sra&#8230;.<\/p>\n","protected":false},"author":1,"featured_media":0,"parent":0,"menu_order":0,"comment_status":"closed","ping_status":"closed","template":"","meta":{"_kad_blocks_custom_css":"","_kad_blocks_head_custom_js":"","_kad_blocks_body_custom_js":"","_kad_blocks_footer_custom_js":"","_kad_post_transparent":"","_kad_post_title":"","_kad_post_layout":"","_kad_post_sidebar_id":"","_kad_post_content_style":"","_kad_post_vertical_padding":"","_kad_post_feature":"","_kad_post_feature_position":"","_kad_post_header":false,"_kad_post_footer":false,"_kad_post_classname":"","footnotes":""},"class_list":["post-2768","page","type-page","status-publish","hentry"],"taxonomy_info":[],"featured_image_src_large":false,"author_info":{"display_name":"Olborglogistics","author_link":"https:\/\/olborglogistics.com\/hu\/author\/olborglogistics\/"},"comment_info":0,"_links":{"self":[{"href":"https:\/\/olborglogistics.com\/hu\/wp-json\/wp\/v2\/pages\/2768","targetHints":{"allow":["GET"]}}],"collection":[{"href":"https:\/\/olborglogistics.com\/hu\/wp-json\/wp\/v2\/pages"}],"about":[{"href":"https:\/\/olborglogistics.com\/hu\/wp-json\/wp\/v2\/types\/page"}],"author":[{"embeddable":true,"href":"https:\/\/olborglogistics.com\/hu\/wp-json\/wp\/v2\/users\/1"}],"replies":[{"embeddable":true,"href":"https:\/\/olborglogistics.com\/hu\/wp-json\/wp\/v2\/comments?post=2768"}],"version-history":[{"count":1,"href":"https:\/\/olborglogistics.com\/hu\/wp-json\/wp\/v2\/pages\/2768\/revisions"}],"predecessor-version":[{"id":2769,"href":"https:\/\/olborglogistics.com\/hu\/wp-json\/wp\/v2\/pages\/2768\/revisions\/2769"}],"wp:attachment":[{"href":"https:\/\/olborglogistics.com\/hu\/wp-json\/wp\/v2\/media?parent=2768"}],"curies":[{"name":"wp","href":"https:\/\/api.w.org\/{rel}","templated":true}]}}