{"id":2669,"date":"2026-01-29T01:20:45","date_gmt":"2026-01-29T01:20:45","guid":{"rendered":"https:\/\/olborglogistics.com\/product\/20-stopni-visoki-kontejner-za-prijevoz-plavi-iso-certificiran\/"},"modified":"2026-01-29T01:20:45","modified_gmt":"2026-01-29T01:20:45","slug":"20-stopni-visoki-kontejner-za-prijevoz-plavi-iso-certificiran","status":"publish","type":"product","link":"https:\/\/olborglogistics.com\/hr\/proizvod\/20-stopni-visoki-kontejner-za-prijevoz-plavi-iso-certificiran\/","title":{"rendered":"20-stopni visoki kontejner za prijevoz, plavi, ISO certificiran"},"content":{"rendered":"<h3 data-start=\"255\" data-end=\"319\">20-stopni visoki kontejner za prijevoz \u2013 Tehni\u010dke specifikacije<\/h3>\n<div class=\"TyagGW_tableContainer\">\n<div class=\"group TyagGW_tableWrapper flex flex-col-reverse w-fit\" tabindex=\"-1\">\n<table class=\"w-fit min-w-(--thread-content-width)\" data-start=\"321\" data-end=\"1827\">\n<thead data-start=\"321\" data-end=\"357\">\n<tr data-start=\"321\" data-end=\"357\">\n<th data-start=\"321\" data-end=\"346\" data-col-size=\"sm\">Kategorija specifikacije<\/th>\n<th data-start=\"346\" data-end=\"357\" data-col-size=\"md\">Detalji<\/th>\n<\/tr>\n<\/thead>\n<tbody data-start=\"395\" data-end=\"1827\">\n<tr data-start=\"395\" data-end=\"449\">\n<td data-start=\"395\" data-end=\"412\" data-col-size=\"sm\">Vrsta kontejnera<\/td>\n<td data-start=\"412\" data-end=\"449\" data-col-size=\"md\">20-stopni visoki kontejner za otpremu u kocki<\/td>\n<\/tr>\n<tr data-start=\"450\" data-end=\"487\">\n<td data-start=\"450\" data-end=\"462\" data-col-size=\"sm\">Stanje<\/td>\n<td data-start=\"462\" data-end=\"487\" data-col-size=\"md\">Jedno putovanje (skoro novo)<\/td>\n<\/tr>\n<tr data-start=\"488\" data-end=\"534\">\n<td data-start=\"488\" data-end=\"509\" data-col-size=\"sm\">Standardni kontejner<\/td>\n<td data-col-size=\"md\" data-start=\"509\" data-end=\"534\">ISO teretni kontejner<\/td>\n<\/tr>\n<tr data-start=\"535\" data-end=\"577\">\n<td data-start=\"535\" data-end=\"553\" data-col-size=\"sm\">Vanjska duljina<\/td>\n<td data-start=\"553\" data-end=\"577\" data-col-size=\"md\">cca. <strong data-start=\"563\" data-end=\"575\">6.058 mm<\/strong><\/td>\n<\/tr>\n<tr data-start=\"578\" data-end=\"619\">\n<td data-start=\"578\" data-end=\"595\" data-col-size=\"sm\">Vanjska \u0161irina<\/td>\n<td data-start=\"595\" data-end=\"619\" data-col-size=\"md\">cca. <strong data-start=\"605\" data-end=\"617\">2.438 mm<\/strong><\/td>\n<\/tr>\n<tr data-start=\"620\" data-end=\"662\">\n<td data-start=\"620\" data-end=\"638\" data-col-size=\"sm\">Vanjska visina<\/td>\n<td data-col-size=\"md\" data-start=\"638\" data-end=\"662\">cca. <strong data-start=\"648\" data-end=\"660\">2.896 mm<\/strong><\/td>\n<\/tr>\n<tr data-start=\"663\" data-end=\"705\">\n<td data-start=\"663\" data-end=\"681\" data-col-size=\"sm\">Unutarnja duljina<\/td>\n<td data-start=\"681\" data-end=\"705\" data-col-size=\"md\">cca. <strong data-start=\"691\" data-end=\"703\">5.898 mm<\/strong><\/td>\n<\/tr>\n<tr data-start=\"706\" data-end=\"747\">\n<td data-start=\"706\" data-end=\"723\" data-col-size=\"sm\">Unutarnja \u0161irina<\/td>\n<td data-col-size=\"md\" data-start=\"723\" data-end=\"747\">cca. <strong data-start=\"733\" data-end=\"745\">2.352 mm<\/strong><\/td>\n<\/tr>\n<tr data-start=\"748\" data-end=\"790\">\n<td data-start=\"748\" data-end=\"766\" data-col-size=\"sm\">Unutarnja visina<\/td>\n<td data-col-size=\"md\" data-start=\"766\" data-end=\"790\">cca. <strong data-start=\"776\" data-end=\"788\">2.690 mm<\/strong><\/td>\n<\/tr>\n<tr data-start=\"791\" data-end=\"830\">\n<td data-start=\"791\" data-end=\"809\" data-col-size=\"sm\">Unutarnji volumen<\/td>\n<td data-col-size=\"md\" data-start=\"809\" data-end=\"830\">cca. <strong data-start=\"819\" data-end=\"828\">37 m\u00b3<\/strong><\/td>\n<\/tr>\n<tr data-start=\"831\" data-end=\"883\">\n<td data-start=\"831\" data-end=\"853\" data-col-size=\"sm\">Tara te\u017eina (prazno)<\/td>\n<td data-start=\"853\" data-end=\"883\" data-col-size=\"md\">cca. <strong data-start=\"863\" data-end=\"881\">2300\u20132500 kg<\/strong><\/td>\n<\/tr>\n<tr data-start=\"884\" data-end=\"933\">\n<td data-start=\"884\" data-end=\"902\" data-col-size=\"sm\">Maksimalni korisni teret<\/td>\n<td data-start=\"902\" data-end=\"933\" data-col-size=\"md\">do cca. <strong data-start=\"918\" data-end=\"931\">28.000 kg<\/strong><\/td>\n<\/tr>\n<tr data-start=\"934\" data-end=\"974\">\n<td data-start=\"934\" data-end=\"957\" data-col-size=\"sm\">Maksimalna bruto te\u017eina<\/td>\n<td data-start=\"957\" data-end=\"974\" data-col-size=\"md\"><strong data-start=\"959\" data-end=\"972\">30.480 kg<\/strong><\/td>\n<\/tr>\n<tr data-start=\"975\" data-end=\"1020\">\n<td data-start=\"975\" data-end=\"986\" data-col-size=\"sm\">Materijal<\/td>\n<td data-start=\"986\" data-end=\"1020\" data-col-size=\"md\">Visoko\u010dvrsti <strong data-start=\"1002\" data-end=\"1018\">Corten \u010delik<\/strong><\/td>\n<\/tr>\n<tr data-start=\"1021\" data-end=\"1075\">\n<td data-start=\"1021\" data-end=\"1048\" data-col-size=\"sm\">Izgradnja zidova i krovova<\/td>\n<td data-start=\"1048\" data-end=\"1075\" data-col-size=\"md\">Valovite \u010deli\u010dne plo\u010de<\/td>\n<\/tr>\n<tr data-start=\"1076\" data-end=\"1123\">\n<td data-start=\"1076\" data-end=\"1089\" data-col-size=\"sm\">Vrsta poda<\/td>\n<td data-start=\"1089\" data-end=\"1123\" data-col-size=\"md\"><strong data-start=\"1091\" data-end=\"1121\">Pod od \u0161perplo\u010de morskog kvaliteta<\/strong><\/td>\n<\/tr>\n<tr data-start=\"1124\" data-end=\"1190\">\n<td data-start=\"1124\" data-end=\"1146\" data-col-size=\"sm\">Nosivost poda<\/td>\n<td data-start=\"1146\" data-end=\"1190\" data-col-size=\"md\">Pogodno za te\u0161ke palete i strojeve<\/td>\n<\/tr>\n<tr data-start=\"1191\" data-end=\"1225\">\n<td data-start=\"1191\" data-end=\"1203\" data-col-size=\"sm\">Vrsta vrata<\/td>\n<td data-col-size=\"md\" data-start=\"1203\" data-end=\"1225\">Dvostruka teretna vrata<\/td>\n<\/tr>\n<tr data-start=\"1226\" data-end=\"1255\">\n<td data-start=\"1226\" data-end=\"1242\" data-col-size=\"sm\">Lokacija vrata<\/td>\n<td data-start=\"1242\" data-end=\"1255\" data-col-size=\"md\">Prednji kraj<\/td>\n<\/tr>\n<tr data-start=\"1256\" data-end=\"1301\">\n<td data-start=\"1256\" data-end=\"1277\" data-col-size=\"sm\">\u0160irina otvora vrata<\/td>\n<td data-start=\"1277\" data-end=\"1301\" data-col-size=\"md\">cca. <strong data-start=\"1287\" data-end=\"1299\">2.340 mm<\/strong><\/td>\n<\/tr>\n<tr data-start=\"1302\" data-end=\"1348\">\n<td data-start=\"1302\" data-end=\"1324\" data-col-size=\"sm\">Visina otvora vrata<\/td>\n<td data-start=\"1324\" data-end=\"1348\" data-col-size=\"md\">cca. <strong data-start=\"1334\" data-end=\"1346\">2.585 mm<\/strong><\/td>\n<\/tr>\n<tr data-start=\"1349\" data-end=\"1403\">\n<td data-start=\"1349\" data-end=\"1365\" data-col-size=\"sm\">Okov za vrata<\/td>\n<td data-start=\"1365\" data-end=\"1403\" data-col-size=\"md\">Te\u0161ke brave i \u0161arke<\/td>\n<\/tr>\n<tr data-start=\"1404\" data-end=\"1453\">\n<td data-start=\"1404\" data-end=\"1425\" data-col-size=\"sm\">Za\u0161tita od vremenskih uvjeta<\/td>\n<td data-col-size=\"md\" data-start=\"1425\" data-end=\"1453\"><strong data-start=\"1427\" data-end=\"1451\">Otporan na vjetar i vodu<\/strong><\/td>\n<\/tr>\n<tr data-start=\"1454\" data-end=\"1500\">\n<td data-start=\"1454\" data-end=\"1468\" data-col-size=\"sm\">Ventilacija<\/td>\n<td data-col-size=\"md\" data-start=\"1468\" data-end=\"1500\">Pasivni ventilacijski otvori<\/td>\n<\/tr>\n<tr data-start=\"1501\" data-end=\"1544\">\n<td data-start=\"1501\" data-end=\"1516\" data-col-size=\"sm\">Slaganje<\/td>\n<td data-start=\"1516\" data-end=\"1544\" data-col-size=\"md\">U skladu s ISO standardima, slo\u017eivo<\/td>\n<\/tr>\n<tr data-start=\"1545\" data-end=\"1623\">\n<td data-start=\"1545\" data-end=\"1570\" data-col-size=\"sm\">Kompatibilnost rukovanja<\/td>\n<td data-start=\"1570\" data-end=\"1623\" data-col-size=\"md\">Dizalica, vili\u010dar, dizalica za kontejnere<\/td>\n<\/tr>\n<tr data-start=\"1624\" data-end=\"1683\">\n<td data-start=\"1624\" data-end=\"1650\" data-col-size=\"sm\">Kompatibilnost s prijevozom<\/td>\n<td data-col-size=\"md\" data-start=\"1650\" data-end=\"1683\">Cestovni, \u017eeljezni\u010dki i pomorski prijevoz<\/td>\n<\/tr>\n<tr data-start=\"1684\" data-end=\"1700\">\n<td data-start=\"1684\" data-end=\"1692\" data-col-size=\"sm\">Boja<\/td>\n<td data-start=\"1692\" data-end=\"1700\" data-col-size=\"md\">Plava<\/td>\n<\/tr>\n<tr data-start=\"1701\" data-end=\"1761\">\n<td data-start=\"1701\" data-end=\"1723\" data-col-size=\"sm\">Prikladnost za vanjsku upotrebu<\/td>\n<td data-col-size=\"md\" data-start=\"1723\" data-end=\"1761\">Dizajnirano za dugotrajnu vanjsku upotrebu<\/td>\n<\/tr>\n<tr data-start=\"1762\" data-end=\"1827\">\n<td data-start=\"1762\" data-end=\"1778\" data-col-size=\"sm\">Certifikacija<\/td>\n<td data-start=\"1778\" data-end=\"1827\" data-col-size=\"md\">Sukladno s ISO standardima, CSC certifikat (ovisno o jedinici)<\/td>\n<\/tr>\n<\/tbody>\n<\/table>\n<\/div>\n<\/div>\n","protected":false},"excerpt":{"rendered":"<p>Ovaj <strong data-start=\"269\" data-end=\"334\">6-metarski High Cube brodski kontejner u plavoj boji, u stanju nakon jednog putovanja<\/strong> , gotovo je novi ISO kontejner dizajniran za profesionalno skladi\u0161tenje, transport i industrijsku upotrebu. Konfiguracija High Cube pru\u017ea pove\u0107anu unutarnju visinu, \u0161to omogu\u0107uje vi\u0161e vertikalnog prostora za skladi\u0161tenje i pobolj\u0161anu upotrebljivost za paletiziranu robu, strojeve i police. <\/p>\n","protected":false},"featured_media":482,"comment_status":"open","ping_status":"closed","template":"","meta":{"_kad_blocks_custom_css":"","_kad_blocks_head_custom_js":"","_kad_blocks_body_custom_js":"","_kad_blocks_footer_custom_js":"","_kad_post_transparent":"","_kad_post_title":"","_kad_post_layout":"","_kad_post_sidebar_id":"","_kad_post_content_style":"","_kad_post_vertical_padding":"","_kad_post_feature":"","_kad_post_feature_position":"","_kad_post_header":false,"_kad_post_footer":false,"_kad_post_classname":""},"product_brand":[],"product_cat":[241,203,169],"product_tag":[402,276,274,375,265,403],"product_brands":[313],"class_list":{"0":"post-2669","1":"product","2":"type-product","3":"status-publish","4":"has-post-thumbnail","6":"product_cat-kontejner-od-20-stopa","7":"product_cat-rabljeni-transportni-kontejneri","8":"product_cat-standardni-kontejneri","9":"product_tag-20-stopni-transportni-kontejneri","10":"product_tag-dimenzije-kontejnera-od-20-stopa","11":"product_tag-jeftin-kontejner-od-20-stopa","12":"product_tag-kontejner-od-20-stopa-2","13":"product_tag-kontejner-visoke-kocke-od-20-stopa","14":"product_tag-kupiti-garazu-s-kontejnerom-od-20-stopa","15":"pa_container-condition-novo-jedno-putovanje","16":"pa_container-type-standardni-kontejner","17":"pa_contanier-size-6-metara-visoka-kocka","18":"product_brands-leixoes-portugal","20":"first","21":"instock","22":"taxable","23":"shipping-taxable","24":"purchasable","25":"product-type-simple","26":"entry","27":"content-bg","28":"loop-entry"},"taxonomy_info":{"product_cat":[{"value":241,"label":"Kontejner od 20 stopa"},{"value":203,"label":"Rabljeni transportni kontejneri"},{"value":169,"label":"Standardni kontejneri"}],"product_tag":[{"value":402,"label":"20-stopni transportni kontejneri"},{"value":276,"label":"Dimenzije kontejnera od 20 stopa"},{"value":274,"label":"jeftin kontejner od 20 stopa"},{"value":375,"label":"Kontejner od 20 stopa"},{"value":265,"label":"Kontejner visoke kocke od 20 stopa"},{"value":403,"label":"kupiti gara\u017eu s kontejnerom od 20 stopa"}],"pa_container-condition":[{"value":166,"label":"Novo (jedno putovanje)"}],"pa_container-type":[{"value":167,"label":"Standardni kontejner"}],"pa_contanier-size":[{"value":202,"label":"6 metara visoka kocka"}],"product_brands":[{"value":313,"label":"Leix\u00f5es, Portugal"}]},"featured_image_src_large":["https:\/\/olborglogistics.com\/wp-content\/uploads\/2025\/12\/20FT-High-Cube-Container-RAL-5010-HZK-1024x768.jpg",1021,766,true],"author_info":[],"comment_info":0,"_links":{"self":[{"href":"https:\/\/olborglogistics.com\/hr\/wp-json\/wp\/v2\/product\/2669","targetHints":{"allow":["GET"]}}],"collection":[{"href":"https:\/\/olborglogistics.com\/hr\/wp-json\/wp\/v2\/product"}],"about":[{"href":"https:\/\/olborglogistics.com\/hr\/wp-json\/wp\/v2\/types\/product"}],"replies":[{"embeddable":true,"href":"https:\/\/olborglogistics.com\/hr\/wp-json\/wp\/v2\/comments?post=2669"}],"wp:featuredmedia":[{"embeddable":true,"href":"https:\/\/olborglogistics.com\/hr\/wp-json\/wp\/v2\/media\/482"}],"wp:attachment":[{"href":"https:\/\/olborglogistics.com\/hr\/wp-json\/wp\/v2\/media?parent=2669"}],"wp:term":[{"taxonomy":"product_brand","embeddable":true,"href":"https:\/\/olborglogistics.com\/hr\/wp-json\/wp\/v2\/product_brand?post=2669"},{"taxonomy":"product_cat","embeddable":true,"href":"https:\/\/olborglogistics.com\/hr\/wp-json\/wp\/v2\/product_cat?post=2669"},{"taxonomy":"product_tag","embeddable":true,"href":"https:\/\/olborglogistics.com\/hr\/wp-json\/wp\/v2\/product_tag?post=2669"},{"taxonomy":"product_brands","embeddable":true,"href":"https:\/\/olborglogistics.com\/hr\/wp-json\/wp\/v2\/product_brands?post=2669"}],"curies":[{"name":"wp","href":"https:\/\/api.w.org\/{rel}","templated":true}]}}