{"id":2274,"date":"2025-12-22T22:28:32","date_gmt":"2025-12-22T22:28:32","guid":{"rendered":"https:\/\/olborglogistics.com\/product\/rabljeni-standardni-brodski-kontejneri-od-20-stopa\/"},"modified":"2026-01-21T14:13:02","modified_gmt":"2026-01-21T14:13:02","slug":"rabljeni-standardni-brodski-kontejneri-od-20-stopa","status":"publish","type":"product","link":"https:\/\/olborglogistics.com\/hr\/proizvod\/rabljeni-standardni-brodski-kontejneri-od-20-stopa\/","title":{"rendered":"Rabljeni standardni brodski kontejneri od 20 stopa"},"content":{"rendered":"<div class=\"text-base my-auto mx-auto pb-10 [--thread-content-margin:--spacing(4)] @w-sm\/main:[--thread-content-margin:--spacing(6)] @w-lg\/main:[--thread-content-margin:--spacing(16)] px-(--thread-content-margin)\">\n<div class=\"[--thread-content-max-width:40rem] @w-lg\/main:[--thread-content-max-width:48rem] mx-auto max-w-(--thread-content-max-width) flex-1 group\/turn-messages focus-visible:outline-hidden relative flex w-full min-w-0 flex-col agent-turn\" tabindex=\"-1\">\n<div class=\"flex max-w-full flex-col grow\">\n<div class=\"min-h-8 text-message relative flex w-full flex-col items-end gap-2 text-start break-words whitespace-normal [.text-message+&amp;]:mt-1\" dir=\"auto\" data-message-author-role=\"assistant\" data-message-id=\"b67d1634-e156-4b49-9128-4f6e7400b495\" data-message-model-slug=\"gpt-5-2\">\n<div class=\"flex w-full flex-col gap-1 empty:hidden first:pt-[1px]\">\n<div class=\"markdown prose dark:prose-invert w-full break-words dark markdown-new-styling\">\n<p data-start=\"562\" data-end=\"915\"><strong data-start=\"562\" data-end=\"604\">Rabljeni standardni brodski kontejneri od 20 stopa (6,2 m)<\/strong> popularno su i ekonomi\u010dno rje\u0161enje za kupce kojima je potrebno pouzdano skladi\u0161tenje ili prijevoz bez visokih tro\u0161kova novih kontejnera. Ovi kontejneri su u upotrebi nekoliko ciklusa otpreme i stoga pokazuju <strong data-start=\"828\" data-end=\"887\">znakove kori\u0161tenja poput povr\u0161inske hr\u0111e, udubljenja ili istro\u0161enosti boje<\/strong> , koji su isklju\u010divo kozmeti\u010dke prirode. <\/p>\n<p data-start=\"917\" data-end=\"1237\">Unato\u010d kori\u0161tenom stanju, svi kontejneri ostaju <strong data-start=\"969\" data-end=\"1001\">vodonepropusni i sposobni za prijevoz tereta<\/strong> , osiguravaju\u0107i za\u0161titu robe od ki\u0161e, vjetra i vanjskih utjecaja. Svaka jedinica zadr\u017eava svoju strukturnu cjelovitost, funkcionalna vrata i sigurne mehanizme zaklju\u010davanja, \u0161to je \u010dini prikladnom i za stati\u010dko skladi\u0161tenje i za kontinuiranu upotrebu tereta.<\/p>\n<p data-start=\"1239\" data-end=\"1548\">Izra\u0111eni od izdr\u017eljivog <strong data-start=\"1264\" data-end=\"1280\">korten \u010delika<\/strong> , rabljeni kontejneri dizajnirani su da izdr\u017ee te\u0161ke uvjete i te\u0161ko rukovanje. Obi\u010dno se koriste za gradili\u0161ta, industrijska skladi\u0161ta, radionice, farme, skladi\u0161ta i me\u0111unarodni ili doma\u0107i prijevoz gdje je izgled manje va\u017ean od funkcionalnosti.<\/p>\n<p data-start=\"1550\" data-end=\"1716\">Rabljeni kontejneri od 20 stopa nude izvrsnu vrijednost za novac i \u0161iroko se odabiru za projekte gdje su izdr\u017eljivost, prakti\u010dnost i prora\u010dunska u\u010dinkovitost glavni prioriteti.<\/p>\n<hr data-start=\"1718\" data-end=\"1721\">\n<h2 data-start=\"1723\" data-end=\"1750\">Tehni\u010dke specifikacije<\/h2>\n<h3 data-start=\"1752\" data-end=\"1775\">Op\u0107e informacije<\/h3>\n<div class=\"TyagGW_tableContainer\">\n<div class=\"group TyagGW_tableWrapper flex w-fit flex-col-reverse\" tabindex=\"-1\">\n<table class=\"w-fit min-w-(--thread-content-width)\" data-start=\"1777\" data-end=\"2182\">\n<thead data-start=\"1777\" data-end=\"1804\">\n<tr data-start=\"1777\" data-end=\"1804\">\n<th data-start=\"1777\" data-end=\"1787\" data-col-size=\"sm\">Zna\u010dajka<\/th>\n<th data-start=\"1787\" data-end=\"1804\" data-col-size=\"sm\">Specifikacija<\/th>\n<\/tr>\n<\/thead>\n<tbody data-start=\"1828\" data-end=\"2182\">\n<tr data-start=\"1828\" data-end=\"1881\">\n<td data-start=\"1828\" data-end=\"1845\" data-col-size=\"sm\">Vrsta kontejnera<\/td>\n<td data-start=\"1845\" data-end=\"1881\" data-col-size=\"sm\">Standardni transportni kontejner od 20 stopa<\/td>\n<\/tr>\n<tr data-start=\"1882\" data-end=\"1918\">\n<td data-start=\"1882\" data-end=\"1894\" data-col-size=\"sm\">Stanje<\/td>\n<td data-start=\"1894\" data-end=\"1918\" data-col-size=\"sm\">Rabljeno (za vi\u0161e putovanja)<\/td>\n<\/tr>\n<tr data-start=\"1919\" data-end=\"1941\">\n<td data-start=\"1919\" data-end=\"1934\" data-col-size=\"sm\">Vrijedan tereta<\/td>\n<td data-start=\"1934\" data-end=\"1941\" data-col-size=\"sm\">Da<\/td>\n<\/tr>\n<tr data-start=\"1942\" data-end=\"1963\">\n<td data-start=\"1942\" data-end=\"1956\" data-col-size=\"sm\">Vodootporan<\/td>\n<td data-start=\"1956\" data-end=\"1963\" data-col-size=\"sm\">Da<\/td>\n<\/tr>\n<tr data-start=\"1964\" data-end=\"1991\">\n<td data-start=\"1964\" data-end=\"1975\" data-col-size=\"sm\">Materijal<\/td>\n<td data-start=\"1975\" data-end=\"1991\" data-col-size=\"sm\">Korten \u010delik<\/td>\n<\/tr>\n<tr data-start=\"1992\" data-end=\"2018\">\n<td data-start=\"1992\" data-end=\"2000\" data-col-size=\"sm\">Kat<\/td>\n<td data-start=\"2000\" data-end=\"2018\" data-col-size=\"sm\">Brodska \u0161perplo\u010da<\/td>\n<\/tr>\n<tr data-start=\"2019\" data-end=\"2049\">\n<td data-start=\"2019\" data-end=\"2027\" data-col-size=\"sm\">Vrata<\/td>\n<td data-start=\"2027\" data-end=\"2049\" data-col-size=\"sm\">Dvostruka teretna vrata<\/td>\n<\/tr>\n<tr data-start=\"2050\" data-end=\"2083\">\n<td data-start=\"2050\" data-end=\"2067\" data-col-size=\"sm\">Sustav zaklju\u010davanja<\/td>\n<td data-start=\"2067\" data-end=\"2083\" data-col-size=\"sm\">Zaklju\u010davaju\u0107e \u0161ipke<\/td>\n<\/tr>\n<tr data-start=\"2084\" data-end=\"2110\">\n<td data-start=\"2084\" data-end=\"2103\" data-col-size=\"sm\">D\u017eepovi za vili\u010dar<\/td>\n<td data-start=\"2103\" data-end=\"2110\" data-col-size=\"sm\">Da<\/td>\n<\/tr>\n<tr data-start=\"2111\" data-end=\"2162\">\n<td data-start=\"2111\" data-end=\"2127\" data-col-size=\"sm\">CSC certificirano<\/td>\n<td data-start=\"2127\" data-end=\"2162\" data-col-size=\"sm\">Da (ako je potrebno za prijevoz)<\/td>\n<\/tr>\n<tr data-start=\"2163\" data-end=\"2182\">\n<td data-start=\"2163\" data-end=\"2175\" data-col-size=\"sm\">Mo\u017ee se slagati<\/td>\n<td data-start=\"2175\" data-end=\"2182\" data-col-size=\"sm\">Da<\/td>\n<\/tr>\n<\/tbody>\n<\/table>\n<\/div>\n<\/div>\n<hr data-start=\"2184\" data-end=\"2187\">\n<h3 data-start=\"2189\" data-end=\"2212\">Vanjske dimenzije<\/h3>\n<div class=\"TyagGW_tableContainer\">\n<div class=\"group TyagGW_tableWrapper flex w-fit flex-col-reverse\" tabindex=\"-1\">\n<table class=\"w-fit min-w-(--thread-content-width)\" data-start=\"2214\" data-end=\"2318\">\n<thead data-start=\"2214\" data-end=\"2237\">\n<tr data-start=\"2214\" data-end=\"2237\">\n<th data-start=\"2214\" data-end=\"2228\" data-col-size=\"sm\">Mjerenje<\/th>\n<th data-start=\"2228\" data-end=\"2237\" data-col-size=\"sm\">Vrijednost<\/th>\n<\/tr>\n<\/thead>\n<tbody data-start=\"2254\" data-end=\"2318\">\n<tr data-start=\"2254\" data-end=\"2275\">\n<td data-start=\"2254\" data-end=\"2263\" data-col-size=\"sm\">Duljina<\/td>\n<td data-start=\"2263\" data-end=\"2275\" data-col-size=\"sm\">6.058 mm<\/td>\n<\/tr>\n<tr data-start=\"2276\" data-end=\"2296\">\n<td data-start=\"2276\" data-end=\"2284\" data-col-size=\"sm\">\u0160irina<\/td>\n<td data-start=\"2284\" data-end=\"2296\" data-col-size=\"sm\">2.438 mm<\/td>\n<\/tr>\n<tr data-start=\"2297\" data-end=\"2318\">\n<td data-start=\"2297\" data-end=\"2306\" data-col-size=\"sm\">Visina<\/td>\n<td data-start=\"2306\" data-end=\"2318\" data-col-size=\"sm\">2.591 mm<\/td>\n<\/tr>\n<\/tbody>\n<\/table>\n<\/div>\n<\/div>\n<hr data-start=\"2320\" data-end=\"2323\">\n<h3 data-start=\"2325\" data-end=\"2348\">Unutarnje dimenzije<\/h3>\n<div class=\"TyagGW_tableContainer\">\n<div class=\"group TyagGW_tableWrapper flex w-fit flex-col-reverse\" tabindex=\"-1\">\n<table class=\"w-fit min-w-(--thread-content-width)\" data-start=\"2350\" data-end=\"2478\">\n<thead data-start=\"2350\" data-end=\"2373\">\n<tr data-start=\"2350\" data-end=\"2373\">\n<th data-start=\"2350\" data-end=\"2364\" data-col-size=\"sm\">Mjerenje<\/th>\n<th data-start=\"2364\" data-end=\"2373\" data-col-size=\"sm\">Vrijednost<\/th>\n<\/tr>\n<\/thead>\n<tbody data-start=\"2390\" data-end=\"2478\">\n<tr data-start=\"2390\" data-end=\"2419\">\n<td data-start=\"2390\" data-end=\"2399\" data-col-size=\"sm\">Duljina<\/td>\n<td data-start=\"2399\" data-end=\"2419\" data-col-size=\"sm\">Otprilike 5.898 mm<\/td>\n<\/tr>\n<tr data-start=\"2420\" data-end=\"2448\">\n<td data-start=\"2420\" data-end=\"2428\" data-col-size=\"sm\">\u0160irina<\/td>\n<td data-start=\"2428\" data-end=\"2448\" data-col-size=\"sm\">Otprilike 2.352 mm<\/td>\n<\/tr>\n<tr data-start=\"2449\" data-end=\"2478\">\n<td data-start=\"2449\" data-end=\"2458\" data-col-size=\"sm\">Visina<\/td>\n<td data-start=\"2458\" data-end=\"2478\" data-col-size=\"sm\">Otprilike 2.393 mm<\/td>\n<\/tr>\n<\/tbody>\n<\/table>\n<\/div>\n<\/div>\n<hr data-start=\"2480\" data-end=\"2483\">\n<h3 data-start=\"2485\" data-end=\"2513\">Dimenzije vrata i pristup<\/h3>\n<div class=\"TyagGW_tableContainer\">\n<div class=\"group TyagGW_tableWrapper flex w-fit flex-col-reverse\" tabindex=\"-1\">\n<table class=\"w-fit min-w-(--thread-content-width)\" data-start=\"2515\" data-end=\"2682\">\n<thead data-start=\"2515\" data-end=\"2540\">\n<tr data-start=\"2515\" data-end=\"2540\">\n<th data-start=\"2515\" data-end=\"2525\" data-col-size=\"sm\">Zna\u010dajka<\/th>\n<th data-start=\"2525\" data-end=\"2540\" data-col-size=\"sm\">Mjerenje<\/th>\n<\/tr>\n<\/thead>\n<tbody data-start=\"2562\" data-end=\"2682\">\n<tr data-start=\"2562\" data-end=\"2603\">\n<td data-start=\"2562\" data-end=\"2583\" data-col-size=\"sm\">\u0160irina otvora vrata<\/td>\n<td data-start=\"2583\" data-end=\"2603\" data-col-size=\"sm\">Otprilike 2.343 mm<\/td>\n<\/tr>\n<tr data-start=\"2604\" data-end=\"2646\">\n<td data-start=\"2604\" data-end=\"2626\" data-col-size=\"sm\">Visina otvora vrata<\/td>\n<td data-start=\"2626\" data-end=\"2646\" data-col-size=\"sm\">Otprilike 2.280 mm<\/td>\n<\/tr>\n<tr data-start=\"2647\" data-end=\"2682\">\n<td data-start=\"2647\" data-end=\"2668\" data-col-size=\"sm\">Kut otvaranja vrata<\/td>\n<td data-start=\"2668\" data-end=\"2682\" data-col-size=\"sm\">Do 270\u00b0<\/td>\n<\/tr>\n<\/tbody>\n<\/table>\n<\/div>\n<\/div>\n<hr data-start=\"2684\" data-end=\"2687\">\n<h3 data-start=\"2689\" data-end=\"2710\">Te\u017eina i kapacitet<\/h3>\n<div class=\"TyagGW_tableContainer\">\n<div class=\"group TyagGW_tableWrapper flex w-fit flex-col-reverse\" tabindex=\"-1\">\n<table class=\"w-fit min-w-(--thread-content-width)\" data-start=\"2712\" data-end=\"2956\">\n<thead data-start=\"2712\" data-end=\"2739\">\n<tr data-start=\"2712\" data-end=\"2739\">\n<th data-start=\"2712\" data-end=\"2722\" data-col-size=\"sm\">Zna\u010dajka<\/th>\n<th data-start=\"2722\" data-end=\"2739\" data-col-size=\"sm\">Specifikacija<\/th>\n<\/tr>\n<\/thead>\n<tbody data-start=\"2763\" data-end=\"2956\">\n<tr data-start=\"2763\" data-end=\"2797\">\n<td data-start=\"2763\" data-end=\"2777\" data-col-size=\"sm\">Tara te\u017eina<\/td>\n<td data-start=\"2777\" data-end=\"2797\" data-col-size=\"sm\">Otprilike 2300 kg<\/td>\n<\/tr>\n<tr data-start=\"2798\" data-end=\"2837\">\n<td data-start=\"2798\" data-end=\"2816\" data-col-size=\"sm\">Maksimalni korisni teret<\/td>\n<td data-start=\"2816\" data-end=\"2837\" data-col-size=\"sm\">Otprilike 30.200 kg<\/td>\n<\/tr>\n<tr data-start=\"2838\" data-end=\"2874\">\n<td data-start=\"2838\" data-end=\"2861\" data-col-size=\"sm\">Maksimalna bruto te\u017eina<\/td>\n<td data-start=\"2861\" data-end=\"2874\" data-col-size=\"sm\">32.500 kg<\/td>\n<\/tr>\n<tr data-start=\"2875\" data-end=\"2912\">\n<td data-start=\"2875\" data-end=\"2893\" data-col-size=\"sm\">Unutarnji volumen<\/td>\n<td data-start=\"2893\" data-end=\"2912\" data-col-size=\"sm\">Otprilike 33,2 m\u00b3<\/td>\n<\/tr>\n<tr data-start=\"2913\" data-end=\"2956\">\n<td data-start=\"2913\" data-end=\"2936\" data-col-size=\"sm\">Kapacitet euro paleta<\/td>\n<td data-start=\"2936\" data-end=\"2956\" data-col-size=\"sm\">Do 11 paleta<\/td>\n<\/tr>\n<\/tbody>\n<\/table>\n<\/div>\n<\/div>\n<hr data-start=\"2958\" data-end=\"2961\">\n<h3 data-start=\"2963\" data-end=\"2979\">Tipi\u010dne upotrebe<\/h3>\n<div class=\"TyagGW_tableContainer\">\n<div class=\"group TyagGW_tableWrapper flex w-fit flex-col-reverse\" tabindex=\"-1\">\n<table class=\"w-fit min-w-(--thread-content-width)\" data-start=\"2981\" data-end=\"3158\">\n<thead data-start=\"2981\" data-end=\"2996\">\n<tr data-start=\"2981\" data-end=\"2996\">\n<th data-start=\"2981\" data-end=\"2996\" data-col-size=\"sm\">Primjena<\/th>\n<\/tr>\n<\/thead>\n<tbody data-start=\"3011\" data-end=\"3158\">\n<tr data-start=\"3011\" data-end=\"3029\">\n<td data-start=\"3011\" data-end=\"3029\" data-col-size=\"sm\">Sigurna pohrana<\/td>\n<\/tr>\n<tr data-start=\"3030\" data-end=\"3052\">\n<td data-start=\"3030\" data-end=\"3052\" data-col-size=\"sm\">Gradili\u0161ta<\/td>\n<\/tr>\n<tr data-start=\"3053\" data-end=\"3088\">\n<td data-start=\"3053\" data-end=\"3088\" data-col-size=\"sm\">Industrijsko i komercijalno skladi\u0161tenje<\/td>\n<\/tr>\n<tr data-start=\"3089\" data-end=\"3114\">\n<td data-start=\"3089\" data-end=\"3114\" data-col-size=\"sm\">Prijevoz i logistika<\/td>\n<\/tr>\n<tr data-start=\"3115\" data-end=\"3158\">\n<td data-start=\"3115\" data-end=\"3158\" data-col-size=\"sm\">Prenamjene kontejnera (prora\u010dunski projekti)<\/td>\n<\/tr>\n<\/tbody>\n<\/table>\n<\/div>\n<\/div>\n<\/div>\n<\/div>\n<\/div>\n<\/div>\n<\/div>\n<\/div>\n","protected":false},"excerpt":{"rendered":"<p>Rabljeni standardni brodski kontejneri od 20 stopa (6 metara) isplativa su alternativa kontejnerima za jednokratnu upotrebu. Budu\u0107i da su kori\u0161teni vi\u0161e puta, pokazuju vidljive znakove habanja, ali ostaju vodonepropusni i otporni na teret, \u0161to ih \u010dini idealnim za skladi\u0161tenje, transport i prakti\u010dnu primjenu. <\/p>\n","protected":false},"featured_media":2290,"comment_status":"open","ping_status":"closed","template":"","meta":{"_kad_blocks_custom_css":"","_kad_blocks_head_custom_js":"","_kad_blocks_body_custom_js":"","_kad_blocks_footer_custom_js":"","_kad_post_transparent":"","_kad_post_title":"","_kad_post_layout":"","_kad_post_sidebar_id":"","_kad_post_content_style":"","_kad_post_vertical_padding":"","_kad_post_feature":"","_kad_post_feature_position":"","_kad_post_header":false,"_kad_post_footer":false,"_kad_post_classname":""},"product_brand":[],"product_cat":[241,203],"product_tag":[273,276,274,272,275,271],"product_brands":[],"class_list":{"0":"post-2274","1":"product","2":"type-product","3":"status-publish","4":"has-post-thumbnail","6":"product_cat-kontejner-od-20-stopa","7":"product_cat-rabljeni-transportni-kontejneri","8":"product_tag-crveni-transportni-kontejner","9":"product_tag-dimenzije-kontejnera-od-20-stopa","10":"product_tag-jeftin-kontejner-od-20-stopa","11":"product_tag-kontejneri-od-20-stopa","12":"product_tag-rabljeni-standardni-morski-kontejner-od-20-stopa","13":"product_tag-rabljeni-transportni-kontejneri","14":"pa_container-condition-rabljeno","15":"pa_container-type-spremnik-za-skladistenje","16":"pa_contanier-size-6-metara","18":"first","19":"instock","20":"sale","21":"taxable","22":"shipping-taxable","23":"purchasable","24":"product-type-simple","25":"entry","26":"content-bg","27":"loop-entry"},"taxonomy_info":{"product_cat":[{"value":241,"label":"Kontejner od 20 stopa"},{"value":203,"label":"Rabljeni transportni kontejneri"}],"product_tag":[{"value":273,"label":"crveni transportni kontejner"},{"value":276,"label":"Dimenzije kontejnera od 20 stopa"},{"value":274,"label":"jeftin kontejner od 20 stopa"},{"value":272,"label":"Kontejneri od 20 stopa"},{"value":275,"label":"rabljeni standardni morski kontejner od 20 stopa"},{"value":271,"label":"rabljeni transportni kontejneri"}],"pa_container-condition":[{"value":183,"label":"Rabljeno"}],"pa_container-type":[{"value":177,"label":"Spremnik za skladi\u0161tenje"}],"pa_contanier-size":[{"value":168,"label":"6 metara"}]},"featured_image_src_large":["https:\/\/olborglogistics.com\/wp-content\/uploads\/2025\/12\/Seecontainer-20-CW-Mase-Preis-fur-ausrangierte-Seecontainer-HZ-Container-1.jpg",1021,766,false],"author_info":[],"comment_info":0,"_links":{"self":[{"href":"https:\/\/olborglogistics.com\/hr\/wp-json\/wp\/v2\/product\/2274","targetHints":{"allow":["GET"]}}],"collection":[{"href":"https:\/\/olborglogistics.com\/hr\/wp-json\/wp\/v2\/product"}],"about":[{"href":"https:\/\/olborglogistics.com\/hr\/wp-json\/wp\/v2\/types\/product"}],"replies":[{"embeddable":true,"href":"https:\/\/olborglogistics.com\/hr\/wp-json\/wp\/v2\/comments?post=2274"}],"wp:featuredmedia":[{"embeddable":true,"href":"https:\/\/olborglogistics.com\/hr\/wp-json\/wp\/v2\/media\/2290"}],"wp:attachment":[{"href":"https:\/\/olborglogistics.com\/hr\/wp-json\/wp\/v2\/media?parent=2274"}],"wp:term":[{"taxonomy":"product_brand","embeddable":true,"href":"https:\/\/olborglogistics.com\/hr\/wp-json\/wp\/v2\/product_brand?post=2274"},{"taxonomy":"product_cat","embeddable":true,"href":"https:\/\/olborglogistics.com\/hr\/wp-json\/wp\/v2\/product_cat?post=2274"},{"taxonomy":"product_tag","embeddable":true,"href":"https:\/\/olborglogistics.com\/hr\/wp-json\/wp\/v2\/product_tag?post=2274"},{"taxonomy":"product_brands","embeddable":true,"href":"https:\/\/olborglogistics.com\/hr\/wp-json\/wp\/v2\/product_brands?post=2274"}],"curies":[{"name":"wp","href":"https:\/\/api.w.org\/{rel}","templated":true}]}}