{"id":2246,"date":"2025-12-22T09:20:12","date_gmt":"2025-12-22T09:20:12","guid":{"rendered":"https:\/\/olborglogistics.com\/product\/6-metara-visoki-kontejner-s-otvorenom-stranom-i-jednim-putovanjem\/"},"modified":"2026-02-17T01:20:14","modified_gmt":"2026-02-17T01:20:14","slug":"6-metara-visoki-kontejner-s-otvorenom-stranom-i-jednim-putovanjem","status":"publish","type":"product","link":"https:\/\/olborglogistics.com\/hr\/proizvod\/6-metara-visoki-kontejner-s-otvorenom-stranom-i-jednim-putovanjem\/","title":{"rendered":"6 metara visoki kontejner s otvorenom stranom i jednim putovanjem"},"content":{"rendered":"<p data-start=\"563\" data-end=\"913\"><strong data-start=\"567\" data-end=\"623\">6 metara visoki kockasti kontejner za jednokratnu upotrebu s otvorenim bo\u010dnim stranama<\/strong> vrlo je svestrano rje\u0161enje dizajnirano za korisnike kojima je potrebna i <strong data-start=\"688\" data-end=\"709\">dodatna visina<\/strong> i <strong data-start=\"714\" data-end=\"742\">neograni\u010den bo\u010dni pristup<\/strong> . Za razliku od standardnih kontejnera koji se otvaraju samo na jednom kraju, ovaj model ima bo\u010dna vrata pune duljine, \u0161to omogu\u0107uje jednostavan utovar i istovar \u0161iroke, duge ili paletizirane robe.<\/p>\n<p data-start=\"915\" data-end=\"1220\">Kao <strong data-start=\"920\" data-end=\"942\">kontejner za jednokratnu upotrebu<\/strong> , kori\u0161ten je samo jednom u me\u0111unarodnom prijevozu i jo\u0161 uvijek je u izvrsnom, gotovo novom stanju. Izra\u0111en od izdr\u017eljivog <strong data-start=\"1069\" data-end=\"1085\">kortenskog \u010delika<\/strong> , kontejner pru\u017ea sna\u017enu otpornost na koroziju i te\u0161ke vremenske uvjete, a istovremeno ostaje potpuno nepropustan za vjetar i vodu kada je zatvoren.<\/p>\n<p data-start=\"1222\" data-end=\"1555\">Dizajn High Cube nudi pove\u0107anu unutarnju visinu, \u0161to ga \u010dini posebno prikladnim za visoku opremu, police i projekte prenamjene. Ovaj kontejner se obi\u010dno koristi za radionice, mobilne skladi\u0161ne \u200b\u200bjedinice, maloprodajne izlo\u017ebe, tehni\u010dke prostorije i prilago\u0111ena kontejnerska rje\u0161enja gdje su pristup i vertikalni prostor klju\u010dni. <\/p>\n<p data-start=\"1557\" data-end=\"1773\">S oja\u010danim okvirima bo\u010dnih vrata, sigurnim sustavima zaklju\u010davanja i podom od te\u0161ke \u0161perplo\u010de za brodove, kontejner High Cube Open Side od 6 metara pru\u017ea funkcionalnost i dugoro\u010dnu pouzdanost u zahtjevnim okru\u017eenjima.<\/p>\n<hr data-start=\"1775\" data-end=\"1778\">\n<h2 data-start=\"1780\" data-end=\"1807\">Tehni\u010dke specifikacije<\/h2>\n<h3 data-start=\"1809\" data-end=\"1832\">Op\u0107e informacije<\/h3>\n<div class=\"TyagGW_tableContainer\">\n<div class=\"group TyagGW_tableWrapper flex w-fit flex-col-reverse\" tabindex=\"-1\">\n<table class=\"w-fit min-w-(--thread-content-width)\" data-start=\"1834\" data-end=\"2213\">\n<thead data-start=\"1834\" data-end=\"1861\">\n<tr data-start=\"1834\" data-end=\"1861\">\n<th data-start=\"1834\" data-end=\"1844\" data-col-size=\"sm\">Zna\u010dajka<\/th>\n<th data-start=\"1844\" data-end=\"1861\" data-col-size=\"md\">Specifikacija<\/th>\n<\/tr>\n<\/thead>\n<tbody data-start=\"1885\" data-end=\"2213\">\n<tr data-start=\"1885\" data-end=\"1930\">\n<td data-start=\"1885\" data-end=\"1902\" data-col-size=\"sm\">Vrsta kontejnera<\/td>\n<td data-start=\"1902\" data-end=\"1930\" data-col-size=\"md\">6 metara visoka kocka otvorene strane<\/td>\n<\/tr>\n<tr data-start=\"1931\" data-end=\"1968\">\n<td data-start=\"1931\" data-end=\"1943\" data-col-size=\"sm\">Stanje<\/td>\n<td data-start=\"1943\" data-end=\"1968\" data-col-size=\"md\">Jedno putovanje (skoro novo)<\/td>\n<\/tr>\n<tr data-start=\"1969\" data-end=\"2016\">\n<td data-start=\"1969\" data-end=\"1980\" data-col-size=\"sm\">Materijal<\/td>\n<td data-start=\"1980\" data-end=\"2016\" data-col-size=\"md\">Corten \u010delik (otporan na vremenske uvjete)<\/td>\n<\/tr>\n<tr data-start=\"2017\" data-end=\"2043\">\n<td data-start=\"2017\" data-end=\"2025\" data-col-size=\"sm\">Kat<\/td>\n<td data-start=\"2025\" data-end=\"2043\" data-col-size=\"md\">Brodska \u0161perplo\u010da<\/td>\n<\/tr>\n<tr data-start=\"2044\" data-end=\"2097\">\n<td data-start=\"2044\" data-end=\"2052\" data-col-size=\"sm\">Vrata<\/td>\n<td data-start=\"2052\" data-end=\"2097\" data-col-size=\"md\">Bo\u010dna vrata pune du\u017eine + stra\u017enja teretna vrata<\/td>\n<\/tr>\n<tr data-start=\"2098\" data-end=\"2142\">\n<td data-start=\"2098\" data-end=\"2115\" data-col-size=\"sm\">Sustav zaklju\u010davanja<\/td>\n<td data-start=\"2115\" data-end=\"2142\" data-col-size=\"md\">Te\u0161ke zaporne \u0161ipke<\/td>\n<\/tr>\n<tr data-start=\"2143\" data-end=\"2169\">\n<td data-start=\"2143\" data-end=\"2162\" data-col-size=\"sm\">D\u017eepovi za vili\u010dar<\/td>\n<td data-start=\"2162\" data-end=\"2169\" data-col-size=\"md\">Da<\/td>\n<\/tr>\n<tr data-start=\"2170\" data-end=\"2193\">\n<td data-start=\"2170\" data-end=\"2186\" data-col-size=\"sm\">CSC certificirano<\/td>\n<td data-start=\"2186\" data-end=\"2193\" data-col-size=\"md\">Da<\/td>\n<\/tr>\n<tr data-start=\"2194\" data-end=\"2213\">\n<td data-start=\"2194\" data-end=\"2206\" data-col-size=\"sm\">Mo\u017ee se slagati<\/td>\n<td data-start=\"2206\" data-end=\"2213\" data-col-size=\"md\">Da<\/td>\n<\/tr>\n<\/tbody>\n<\/table>\n<\/div>\n<\/div>\n<hr data-start=\"2215\" data-end=\"2218\">\n<h3 data-start=\"2220\" data-end=\"2243\">Vanjske dimenzije<\/h3>\n<div class=\"TyagGW_tableContainer\">\n<div class=\"group TyagGW_tableWrapper flex w-fit flex-col-reverse\" tabindex=\"-1\">\n<table class=\"w-fit min-w-(--thread-content-width)\" data-start=\"2245\" data-end=\"2349\">\n<thead data-start=\"2245\" data-end=\"2268\">\n<tr data-start=\"2245\" data-end=\"2268\">\n<th data-start=\"2245\" data-end=\"2259\" data-col-size=\"sm\">Mjerenje<\/th>\n<th data-start=\"2259\" data-end=\"2268\" data-col-size=\"sm\">Vrijednost<\/th>\n<\/tr>\n<\/thead>\n<tbody data-start=\"2285\" data-end=\"2349\">\n<tr data-start=\"2285\" data-end=\"2306\">\n<td data-start=\"2285\" data-end=\"2294\" data-col-size=\"sm\">Duljina<\/td>\n<td data-start=\"2294\" data-end=\"2306\" data-col-size=\"sm\">6.058 mm<\/td>\n<\/tr>\n<tr data-start=\"2307\" data-end=\"2327\">\n<td data-start=\"2307\" data-end=\"2315\" data-col-size=\"sm\">\u0160irina<\/td>\n<td data-start=\"2315\" data-end=\"2327\" data-col-size=\"sm\">2.438 mm<\/td>\n<\/tr>\n<tr data-start=\"2328\" data-end=\"2349\">\n<td data-start=\"2328\" data-end=\"2337\" data-col-size=\"sm\">Visina<\/td>\n<td data-start=\"2337\" data-end=\"2349\" data-col-size=\"sm\">2.896 mm<\/td>\n<\/tr>\n<\/tbody>\n<\/table>\n<\/div>\n<\/div>\n<hr data-start=\"2351\" data-end=\"2354\">\n<h3 data-start=\"2356\" data-end=\"2379\">Unutarnje dimenzije<\/h3>\n<div class=\"TyagGW_tableContainer\">\n<div class=\"group TyagGW_tableWrapper flex w-fit flex-col-reverse\" tabindex=\"-1\">\n<table class=\"w-fit min-w-(--thread-content-width)\" data-start=\"2381\" data-end=\"2509\">\n<thead data-start=\"2381\" data-end=\"2404\">\n<tr data-start=\"2381\" data-end=\"2404\">\n<th data-start=\"2381\" data-end=\"2395\" data-col-size=\"sm\">Mjerenje<\/th>\n<th data-start=\"2395\" data-end=\"2404\" data-col-size=\"sm\">Vrijednost<\/th>\n<\/tr>\n<\/thead>\n<tbody data-start=\"2421\" data-end=\"2509\">\n<tr data-start=\"2421\" data-end=\"2450\">\n<td data-start=\"2421\" data-end=\"2430\" data-col-size=\"sm\">Duljina<\/td>\n<td data-start=\"2430\" data-end=\"2450\" data-col-size=\"sm\">Otprilike 5.898 mm<\/td>\n<\/tr>\n<tr data-start=\"2451\" data-end=\"2479\">\n<td data-start=\"2451\" data-end=\"2459\" data-col-size=\"sm\">\u0160irina<\/td>\n<td data-start=\"2459\" data-end=\"2479\" data-col-size=\"sm\">Otprilike 2.352 mm<\/td>\n<\/tr>\n<tr data-start=\"2480\" data-end=\"2509\">\n<td data-start=\"2480\" data-end=\"2489\" data-col-size=\"sm\">Visina<\/td>\n<td data-start=\"2489\" data-end=\"2509\" data-col-size=\"sm\">Otprilike 2.698 mm<\/td>\n<\/tr>\n<\/tbody>\n<\/table>\n<\/div>\n<\/div>\n<hr data-start=\"2511\" data-end=\"2514\">\n<h3 data-start=\"2516\" data-end=\"2544\">Dimenzije vrata i pristup<\/h3>\n<div class=\"TyagGW_tableContainer\">\n<div class=\"group TyagGW_tableWrapper flex w-fit flex-col-reverse\" tabindex=\"-1\">\n<table class=\"w-fit min-w-(--thread-content-width)\" data-start=\"2546\" data-end=\"2772\">\n<thead data-start=\"2546\" data-end=\"2571\">\n<tr data-start=\"2546\" data-end=\"2571\">\n<th data-start=\"2546\" data-end=\"2556\" data-col-size=\"sm\">Zna\u010dajka<\/th>\n<th data-start=\"2556\" data-end=\"2571\" data-col-size=\"sm\">Mjerenje<\/th>\n<\/tr>\n<\/thead>\n<tbody data-start=\"2593\" data-end=\"2772\">\n<tr data-start=\"2593\" data-end=\"2641\">\n<td data-start=\"2593\" data-end=\"2613\" data-col-size=\"sm\">Otvaranje bo\u010dnih vrata<\/td>\n<td data-start=\"2613\" data-end=\"2641\" data-col-size=\"sm\">Puna duljina spremnika<\/td>\n<\/tr>\n<tr data-start=\"2642\" data-end=\"2688\">\n<td data-start=\"2642\" data-end=\"2668\" data-col-size=\"sm\">\u0160irina otvora stra\u017enjih vrata<\/td>\n<td data-start=\"2668\" data-end=\"2688\" data-col-size=\"sm\">Otprilike 2.343 mm<\/td>\n<\/tr>\n<tr data-start=\"2689\" data-end=\"2736\">\n<td data-start=\"2689\" data-end=\"2716\" data-col-size=\"sm\">Visina otvaranja stra\u017enjih vrata<\/td>\n<td data-start=\"2716\" data-end=\"2736\" data-col-size=\"sm\">Otprilike 2.585 mm<\/td>\n<\/tr>\n<tr data-start=\"2737\" data-end=\"2772\">\n<td data-start=\"2737\" data-end=\"2758\" data-col-size=\"sm\">Kut otvaranja vrata<\/td>\n<td data-start=\"2758\" data-end=\"2772\" data-col-size=\"sm\">Do 270\u00b0<\/td>\n<\/tr>\n<\/tbody>\n<\/table>\n<\/div>\n<\/div>\n<hr data-start=\"2774\" data-end=\"2777\">\n<h3 data-start=\"2779\" data-end=\"2816\">Dimenzije \u2013 Zatvorena vrata u odnosu na otvorena vrata<\/h3>\n<div class=\"TyagGW_tableContainer\">\n<div class=\"group TyagGW_tableWrapper flex w-fit flex-col-reverse\" tabindex=\"-1\">\n<table class=\"w-fit min-w-(--thread-content-width)\" data-start=\"2818\" data-end=\"3062\">\n<thead data-start=\"2818\" data-end=\"2847\">\n<tr data-start=\"2818\" data-end=\"2847\">\n<th data-start=\"2818\" data-end=\"2834\" data-col-size=\"sm\">Konfiguracija<\/th>\n<th data-start=\"2834\" data-end=\"2847\" data-col-size=\"sm\">Dimenzija<\/th>\n<\/tr>\n<\/thead>\n<tbody data-start=\"2869\" data-end=\"3062\">\n<tr data-start=\"2869\" data-end=\"2911\">\n<td data-start=\"2869\" data-end=\"2899\" data-col-size=\"sm\">Ukupna duljina (vrata zatvorena)<\/td>\n<td data-start=\"2899\" data-end=\"2911\" data-col-size=\"sm\">6.058 mm<\/td>\n<\/tr>\n<tr data-start=\"2912\" data-end=\"2976\">\n<td data-start=\"2912\" data-end=\"2951\" data-col-size=\"sm\">Potreban bo\u010dni razmak (vrata otvorena)<\/td>\n<td data-start=\"2951\" data-end=\"2976\" data-col-size=\"sm\">Puna duljina spremnika<\/td>\n<\/tr>\n<tr data-start=\"2977\" data-end=\"3032\">\n<td data-start=\"2977\" data-end=\"3012\" data-col-size=\"sm\">Stra\u017enji prostor (vrata se otvaraju 270\u00b0)<\/td>\n<td data-start=\"3012\" data-end=\"3032\" data-col-size=\"sm\">Otprilike 1200 mm<\/td>\n<\/tr>\n<tr data-start=\"3033\" data-end=\"3062\">\n<td data-start=\"3033\" data-end=\"3047\" data-col-size=\"sm\">Vrsta pristupa<\/td>\n<td data-start=\"3047\" data-end=\"3062\" data-col-size=\"sm\">Bo\u010dno i stra\u017enje<\/td>\n<\/tr>\n<\/tbody>\n<\/table>\n<\/div>\n<\/div>\n<hr data-start=\"3064\" data-end=\"3067\">\n<h3 data-start=\"3069\" data-end=\"3090\">Te\u017eina i kapacitet<\/h3>\n<div class=\"TyagGW_tableContainer\">\n<div class=\"group TyagGW_tableWrapper flex w-fit flex-col-reverse\" tabindex=\"-1\">\n<table class=\"w-fit min-w-(--thread-content-width)\" data-start=\"3092\" data-end=\"3350\">\n<thead data-start=\"3092\" data-end=\"3119\">\n<tr data-start=\"3092\" data-end=\"3119\">\n<th data-start=\"3092\" data-end=\"3102\" data-col-size=\"sm\">Zna\u010dajka<\/th>\n<th data-start=\"3102\" data-end=\"3119\" data-col-size=\"sm\">Specifikacija<\/th>\n<\/tr>\n<\/thead>\n<tbody data-start=\"3143\" data-end=\"3350\">\n<tr data-start=\"3143\" data-end=\"3177\">\n<td data-start=\"3143\" data-end=\"3157\" data-col-size=\"sm\">Tara te\u017eina<\/td>\n<td data-start=\"3157\" data-end=\"3177\" data-col-size=\"sm\">Otprilike 3.200 kg<\/td>\n<\/tr>\n<tr data-start=\"3178\" data-end=\"3217\">\n<td data-start=\"3178\" data-end=\"3196\" data-col-size=\"sm\">Maksimalni korisni teret<\/td>\n<td data-start=\"3196\" data-end=\"3217\" data-col-size=\"sm\">Otprilike 29.300 kg<\/td>\n<\/tr>\n<tr data-start=\"3218\" data-end=\"3254\">\n<td data-start=\"3218\" data-end=\"3241\" data-col-size=\"sm\">Maksimalna bruto te\u017eina<\/td>\n<td data-start=\"3241\" data-end=\"3254\" data-col-size=\"sm\">32.500 kg<\/td>\n<\/tr>\n<tr data-start=\"3255\" data-end=\"3292\">\n<td data-start=\"3255\" data-end=\"3273\" data-col-size=\"sm\">Unutarnji volumen<\/td>\n<td data-start=\"3273\" data-end=\"3292\" data-col-size=\"sm\">Otprilike 37,4 m\u00b3<\/td>\n<\/tr>\n<tr data-start=\"3293\" data-end=\"3350\">\n<td data-start=\"3293\" data-end=\"3316\" data-col-size=\"sm\">Kapacitet euro paleta<\/td>\n<td data-start=\"3316\" data-end=\"3350\" data-col-size=\"sm\">Do 11 paleta (bo\u010dno utovarivanje)<\/td>\n<\/tr>\n<\/tbody>\n<\/table>\n<\/div>\n<\/div>\n","protected":false},"excerpt":{"rendered":"<p>Kontejner za jednokratnu upotrebu s otvorenim bo\u010dnim stranama visine 6 metara kombinira dodatnu unutarnju visinu s bo\u010dnim pristupom u cijeloj du\u017eini. Kori\u0161ten samo jednom za prijevoz tereta, nudi gotovo novo stanje, maksimalnu dostupnost i fleksibilno skladi\u0161tenje &#8211; idealno za glomaznu robu, radionice i prenamjene kontejnera. <\/p>\n","protected":false},"featured_media":2273,"comment_status":"open","ping_status":"closed","template":"","meta":{"_kad_blocks_custom_css":"","_kad_blocks_head_custom_js":"","_kad_blocks_body_custom_js":"","_kad_blocks_footer_custom_js":"","_kad_post_transparent":"","_kad_post_title":"","_kad_post_layout":"","_kad_post_sidebar_id":"","_kad_post_content_style":"","_kad_post_vertical_padding":"","_kad_post_feature":"","_kad_post_feature_position":"","_kad_post_header":false,"_kad_post_footer":false,"_kad_post_classname":""},"product_brand":[],"product_cat":[241,194],"product_tag":[],"product_brands":[317],"class_list":{"0":"post-2246","1":"product","2":"type-product","3":"status-publish","4":"has-post-thumbnail","6":"product_cat-kontejner-od-20-stopa","7":"product_cat-otvoreni-bocni-kontejneri","8":"pa_container-condition-novo-jedno-putovanje","9":"pa_container-type-otvoreni-bocni-kontejner","10":"pa_contanier-size-6-metara-visoka-kocka","11":"product_brands-dunajska-streda-slovensko","13":"first","14":"instock","15":"sale","16":"taxable","17":"shipping-taxable","18":"purchasable","19":"product-type-simple","20":"entry","21":"content-bg","22":"loop-entry"},"taxonomy_info":{"product_cat":[{"value":241,"label":"Kontejner od 20 stopa"},{"value":194,"label":"Otvoreni bo\u010dni kontejneri"}],"pa_container-condition":[{"value":166,"label":"Novo (jedno putovanje)"}],"pa_container-type":[{"value":192,"label":"Otvoreni bo\u010dni kontejner"}],"pa_contanier-size":[{"value":202,"label":"6 metara visoka kocka"}],"product_brands":[{"value":317,"label":"Dunajsk\u00e1 Streda, Slovensko"}]},"featured_image_src_large":["https:\/\/olborglogistics.com\/wp-content\/uploads\/2025\/12\/12-2.jpg",1021,766,false],"author_info":[],"comment_info":0,"_links":{"self":[{"href":"https:\/\/olborglogistics.com\/hr\/wp-json\/wp\/v2\/product\/2246","targetHints":{"allow":["GET"]}}],"collection":[{"href":"https:\/\/olborglogistics.com\/hr\/wp-json\/wp\/v2\/product"}],"about":[{"href":"https:\/\/olborglogistics.com\/hr\/wp-json\/wp\/v2\/types\/product"}],"replies":[{"embeddable":true,"href":"https:\/\/olborglogistics.com\/hr\/wp-json\/wp\/v2\/comments?post=2246"}],"wp:featuredmedia":[{"embeddable":true,"href":"https:\/\/olborglogistics.com\/hr\/wp-json\/wp\/v2\/media\/2273"}],"wp:attachment":[{"href":"https:\/\/olborglogistics.com\/hr\/wp-json\/wp\/v2\/media?parent=2246"}],"wp:term":[{"taxonomy":"product_brand","embeddable":true,"href":"https:\/\/olborglogistics.com\/hr\/wp-json\/wp\/v2\/product_brand?post=2246"},{"taxonomy":"product_cat","embeddable":true,"href":"https:\/\/olborglogistics.com\/hr\/wp-json\/wp\/v2\/product_cat?post=2246"},{"taxonomy":"product_tag","embeddable":true,"href":"https:\/\/olborglogistics.com\/hr\/wp-json\/wp\/v2\/product_tag?post=2246"},{"taxonomy":"product_brands","embeddable":true,"href":"https:\/\/olborglogistics.com\/hr\/wp-json\/wp\/v2\/product_brands?post=2246"}],"curies":[{"name":"wp","href":"https:\/\/api.w.org\/{rel}","templated":true}]}}