{"id":2245,"date":"2025-12-22T07:54:56","date_gmt":"2025-12-22T07:54:56","guid":{"rendered":"https:\/\/olborglogistics.com\/product\/20-stopni-visoki-kontejner-za-otpremu-u-kocki\/"},"modified":"2026-02-17T01:20:24","modified_gmt":"2026-02-17T01:20:24","slug":"20-stopni-visoki-kontejner-za-otpremu-u-kocki","status":"publish","type":"product","link":"https:\/\/olborglogistics.com\/hr\/proizvod\/20-stopni-visoki-kontejner-za-otpremu-u-kocki\/","title":{"rendered":"20-stopni visoki kontejner za otpremu u kocki"},"content":{"rendered":"<p data-start=\"593\" data-end=\"945\"><strong data-start=\"597\" data-end=\"643\">Jednokratni transportni kontejner od 6 metara (20 stopa)<\/strong> dizajniran je za korisnike kojima je potrebna dodatna unutarnja visina bez prelaska na du\u017ei kontejner. U usporedbi sa standardnim 20-stopnim kontejnerom, verzija High Cube nudi dodatni vertikalni prostor, \u0161to je \u010dini posebno prikladnom za visoke strojeve, regalne sustave, radionice i prilago\u0111ena kontejnerska rje\u0161enja.<\/p>\n<p data-start=\"947\" data-end=\"1293\">Nakon \u0161to je zavr\u0161io samo jedno me\u0111unarodno prijevozno putovanje, ovaj kontejner je u izvrsnom stanju s minimalnim habanjem. Izra\u0111en je od visokokvalitetnog <strong data-start=\"1103\" data-end=\"1119\">corten \u010delika<\/strong> , \u0161to osigurava dugotrajnu otpornost na koroziju i te\u0161ke uvjete okoline. Kontejner je potpuno nepropusan za vjetar i vodu, \u0161tite\u0107i uskladi\u0161tenu robu od vlage i pra\u0161ine.  <\/p>\n<p data-start=\"1295\" data-end=\"1745\">Jedinica je opremljena robusnim dvostrukim teretnim vratima, te\u0161kim zasunima i jakim podom od \u0161perplo\u010de dizajniranim za rukovanje zahtjevnim teretima. Njegove standardizirane dimenzije omogu\u0107uju jednostavno rukovanje, slaganje i prijevoz kamionom, \u017eeljeznicom ili brodom. Zahvaljuju\u0107i svojoj svestranosti i dodatnoj visini, kontejner High Cube od 6 metara \u0161iroko se koristi za skladi\u0161tenje, industrijske primjene i preinake kontejnera kao \u0161to su uredi, gara\u017ee i tehni\u010dke prostorije.  <\/p>\n<hr data-start=\"1747\" data-end=\"1750\">\n<h2 data-start=\"1752\" data-end=\"1779\">Tehni\u010dke specifikacije<\/h2>\n<h3 data-start=\"1781\" data-end=\"1804\">Op\u0107e informacije<\/h3>\n<div class=\"TyagGW_tableContainer\">\n<div class=\"group TyagGW_tableWrapper flex w-fit flex-col-reverse\" tabindex=\"-1\">\n<table class=\"w-fit min-w-(--thread-content-width)\" data-start=\"1806\" data-end=\"2160\">\n<thead data-start=\"1806\" data-end=\"1833\">\n<tr data-start=\"1806\" data-end=\"1833\">\n<th data-start=\"1806\" data-end=\"1816\" data-col-size=\"sm\">Zna\u010dajka<\/th>\n<th data-start=\"1816\" data-end=\"1833\" data-col-size=\"sm\">Specifikacija<\/th>\n<\/tr>\n<\/thead>\n<tbody data-start=\"1857\" data-end=\"2160\">\n<tr data-start=\"1857\" data-end=\"1911\">\n<td data-start=\"1857\" data-end=\"1874\" data-col-size=\"sm\">Vrsta kontejnera<\/td>\n<td data-start=\"1874\" data-end=\"1911\" data-col-size=\"sm\">20-stopni visoki kontejner za otpremu u kocki<\/td>\n<\/tr>\n<tr data-start=\"1912\" data-end=\"1949\">\n<td data-start=\"1912\" data-end=\"1924\" data-col-size=\"sm\">Stanje<\/td>\n<td data-start=\"1924\" data-end=\"1949\" data-col-size=\"sm\">Jedno putovanje (skoro novo)<\/td>\n<\/tr>\n<tr data-start=\"1950\" data-end=\"1997\">\n<td data-start=\"1950\" data-end=\"1961\" data-col-size=\"sm\">Materijal<\/td>\n<td data-start=\"1961\" data-end=\"1997\" data-col-size=\"sm\">Corten \u010delik (otporan na vremenske uvjete)<\/td>\n<\/tr>\n<tr data-start=\"1998\" data-end=\"2024\">\n<td data-start=\"1998\" data-end=\"2006\" data-col-size=\"sm\">Kat<\/td>\n<td data-start=\"2006\" data-end=\"2024\" data-col-size=\"sm\">Brodska \u0161perplo\u010da<\/td>\n<\/tr>\n<tr data-start=\"2025\" data-end=\"2055\">\n<td data-start=\"2025\" data-end=\"2033\" data-col-size=\"sm\">Vrata<\/td>\n<td data-start=\"2033\" data-end=\"2055\" data-col-size=\"sm\">Dvostruka teretna vrata<\/td>\n<\/tr>\n<tr data-start=\"2056\" data-end=\"2089\">\n<td data-start=\"2056\" data-end=\"2073\" data-col-size=\"sm\">Sustav zaklju\u010davanja<\/td>\n<td data-start=\"2073\" data-end=\"2089\" data-col-size=\"sm\">Zaklju\u010davaju\u0107e \u0161ipke<\/td>\n<\/tr>\n<tr data-start=\"2090\" data-end=\"2116\">\n<td data-start=\"2090\" data-end=\"2109\" data-col-size=\"sm\">D\u017eepovi za vili\u010dar<\/td>\n<td data-start=\"2109\" data-end=\"2116\" data-col-size=\"sm\">Da<\/td>\n<\/tr>\n<tr data-start=\"2117\" data-end=\"2140\">\n<td data-start=\"2117\" data-end=\"2133\" data-col-size=\"sm\">CSC certificirano<\/td>\n<td data-start=\"2133\" data-end=\"2140\" data-col-size=\"sm\">Da<\/td>\n<\/tr>\n<tr data-start=\"2141\" data-end=\"2160\">\n<td data-start=\"2141\" data-end=\"2153\" data-col-size=\"sm\">Mo\u017ee se slagati<\/td>\n<td data-start=\"2153\" data-end=\"2160\" data-col-size=\"sm\">Da<\/td>\n<\/tr>\n<\/tbody>\n<\/table>\n<\/div>\n<\/div>\n<hr data-start=\"2162\" data-end=\"2165\">\n<h3 data-start=\"2167\" data-end=\"2190\">Vanjske dimenzije<\/h3>\n<div class=\"TyagGW_tableContainer\">\n<div class=\"group TyagGW_tableWrapper flex w-fit flex-col-reverse\" tabindex=\"-1\">\n<table class=\"w-fit min-w-(--thread-content-width)\" data-start=\"2192\" data-end=\"2296\">\n<thead data-start=\"2192\" data-end=\"2215\">\n<tr data-start=\"2192\" data-end=\"2215\">\n<th data-start=\"2192\" data-end=\"2206\" data-col-size=\"sm\">Mjerenje<\/th>\n<th data-start=\"2206\" data-end=\"2215\" data-col-size=\"sm\">Vrijednost<\/th>\n<\/tr>\n<\/thead>\n<tbody data-start=\"2232\" data-end=\"2296\">\n<tr data-start=\"2232\" data-end=\"2253\">\n<td data-start=\"2232\" data-end=\"2241\" data-col-size=\"sm\">Duljina<\/td>\n<td data-start=\"2241\" data-end=\"2253\" data-col-size=\"sm\">6.058 mm<\/td>\n<\/tr>\n<tr data-start=\"2254\" data-end=\"2274\">\n<td data-start=\"2254\" data-end=\"2262\" data-col-size=\"sm\">\u0160irina<\/td>\n<td data-start=\"2262\" data-end=\"2274\" data-col-size=\"sm\">2.438 mm<\/td>\n<\/tr>\n<tr data-start=\"2275\" data-end=\"2296\">\n<td data-start=\"2275\" data-end=\"2284\" data-col-size=\"sm\">Visina<\/td>\n<td data-start=\"2284\" data-end=\"2296\" data-col-size=\"sm\">2.896 mm<\/td>\n<\/tr>\n<\/tbody>\n<\/table>\n<\/div>\n<\/div>\n<hr data-start=\"2298\" data-end=\"2301\">\n<h3 data-start=\"2303\" data-end=\"2326\">Unutarnje dimenzije<\/h3>\n<div class=\"TyagGW_tableContainer\">\n<div class=\"group TyagGW_tableWrapper flex w-fit flex-col-reverse\" tabindex=\"-1\">\n<table class=\"w-fit min-w-(--thread-content-width)\" data-start=\"2328\" data-end=\"2456\">\n<thead data-start=\"2328\" data-end=\"2351\">\n<tr data-start=\"2328\" data-end=\"2351\">\n<th data-start=\"2328\" data-end=\"2342\" data-col-size=\"sm\">Mjerenje<\/th>\n<th data-start=\"2342\" data-end=\"2351\" data-col-size=\"sm\">Vrijednost<\/th>\n<\/tr>\n<\/thead>\n<tbody data-start=\"2368\" data-end=\"2456\">\n<tr data-start=\"2368\" data-end=\"2397\">\n<td data-start=\"2368\" data-end=\"2377\" data-col-size=\"sm\">Duljina<\/td>\n<td data-start=\"2377\" data-end=\"2397\" data-col-size=\"sm\">Otprilike 5.898 mm<\/td>\n<\/tr>\n<tr data-start=\"2398\" data-end=\"2426\">\n<td data-start=\"2398\" data-end=\"2406\" data-col-size=\"sm\">\u0160irina<\/td>\n<td data-start=\"2406\" data-end=\"2426\" data-col-size=\"sm\">Otprilike 2.352 mm<\/td>\n<\/tr>\n<tr data-start=\"2427\" data-end=\"2456\">\n<td data-start=\"2427\" data-end=\"2436\" data-col-size=\"sm\">Visina<\/td>\n<td data-start=\"2436\" data-end=\"2456\" data-col-size=\"sm\">Otprilike 2.698 mm<\/td>\n<\/tr>\n<\/tbody>\n<\/table>\n<\/div>\n<\/div>\n<hr data-start=\"2458\" data-end=\"2461\">\n<h3 data-start=\"2463\" data-end=\"2491\">Dimenzije vrata i pristup<\/h3>\n<div class=\"TyagGW_tableContainer\">\n<div class=\"group TyagGW_tableWrapper flex w-fit flex-col-reverse\" tabindex=\"-1\">\n<table class=\"w-fit min-w-(--thread-content-width)\" data-start=\"2493\" data-end=\"2662\">\n<thead data-start=\"2493\" data-end=\"2518\">\n<tr data-start=\"2493\" data-end=\"2518\">\n<th data-start=\"2493\" data-end=\"2503\" data-col-size=\"sm\">Zna\u010dajka<\/th>\n<th data-start=\"2503\" data-end=\"2518\" data-col-size=\"sm\">Mjerenje<\/th>\n<\/tr>\n<\/thead>\n<tbody data-start=\"2540\" data-end=\"2662\">\n<tr data-start=\"2540\" data-end=\"2581\">\n<td data-start=\"2540\" data-end=\"2561\" data-col-size=\"sm\">\u0160irina otvora vrata<\/td>\n<td data-start=\"2561\" data-end=\"2581\" data-col-size=\"sm\">Otprilike 2.343 mm<\/td>\n<\/tr>\n<tr data-start=\"2582\" data-end=\"2624\">\n<td data-start=\"2582\" data-end=\"2604\" data-col-size=\"sm\">Visina otvora vrata<\/td>\n<td data-start=\"2604\" data-end=\"2624\" data-col-size=\"sm\">Otprilike 2.585 mm<\/td>\n<\/tr>\n<tr data-start=\"2625\" data-end=\"2662\">\n<td data-start=\"2625\" data-end=\"2646\" data-col-size=\"sm\">Kut otvaranja vrata<\/td>\n<td data-start=\"2646\" data-end=\"2662\" data-col-size=\"sm\">Otprilike 270\u00b0<\/td>\n<\/tr>\n<\/tbody>\n<\/table>\n<\/div>\n<\/div>\n<hr data-start=\"2664\" data-end=\"2667\">\n<h3 data-start=\"2669\" data-end=\"2706\">Dimenzije \u2013 Zatvorena vrata u odnosu na otvorena vrata<\/h3>\n<div class=\"TyagGW_tableContainer\">\n<div class=\"group TyagGW_tableWrapper flex w-fit flex-col-reverse\" tabindex=\"-1\">\n<table class=\"w-fit min-w-(--thread-content-width)\" data-start=\"2708\" data-end=\"2957\">\n<thead data-start=\"2708\" data-end=\"2737\">\n<tr data-start=\"2708\" data-end=\"2737\">\n<th data-start=\"2708\" data-end=\"2724\" data-col-size=\"sm\">Konfiguracija<\/th>\n<th data-start=\"2724\" data-end=\"2737\" data-col-size=\"sm\">Dimenzija<\/th>\n<\/tr>\n<\/thead>\n<tbody data-start=\"2759\" data-end=\"2957\">\n<tr data-start=\"2759\" data-end=\"2801\">\n<td data-start=\"2759\" data-end=\"2789\" data-col-size=\"sm\">Ukupna duljina (vrata zatvorena)<\/td>\n<td data-start=\"2789\" data-end=\"2801\" data-col-size=\"sm\">6.058 mm<\/td>\n<\/tr>\n<tr data-start=\"2802\" data-end=\"2857\">\n<td data-start=\"2802\" data-end=\"2837\" data-col-size=\"sm\">Ukupna duljina (vrata se otvaraju pod kutom od 90\u00b0)<\/td>\n<td data-start=\"2837\" data-end=\"2857\" data-col-size=\"sm\">Otprilike 6.700 mm<\/td>\n<\/tr>\n<tr data-start=\"2858\" data-end=\"2914\">\n<td data-start=\"2858\" data-end=\"2894\" data-col-size=\"sm\">Ukupna duljina (vrata se otvaraju pod kutom od 270\u00b0)<\/td>\n<td data-start=\"2894\" data-end=\"2914\" data-col-size=\"sm\">Otprilike 7.200 mm<\/td>\n<\/tr>\n<tr data-start=\"2915\" data-end=\"2957\">\n<td data-start=\"2915\" data-end=\"2936\" data-col-size=\"sm\">Potrebno odobrenje<\/td>\n<td data-start=\"2936\" data-end=\"2957\" data-col-size=\"sm\">Min. 800\u20131200 mm<\/td>\n<\/tr>\n<\/tbody>\n<\/table>\n<\/div>\n<\/div>\n<hr data-start=\"2959\" data-end=\"2962\">\n<h3 data-start=\"2964\" data-end=\"2985\">Te\u017eina i kapacitet<\/h3>\n<div class=\"TyagGW_tableContainer\">\n<div class=\"group TyagGW_tableWrapper flex w-fit flex-col-reverse\" tabindex=\"-1\">\n<table class=\"w-fit min-w-(--thread-content-width)\" data-start=\"2987\" data-end=\"3231\">\n<thead data-start=\"2987\" data-end=\"3014\">\n<tr data-start=\"2987\" data-end=\"3014\">\n<th data-start=\"2987\" data-end=\"2997\" data-col-size=\"sm\">Zna\u010dajka<\/th>\n<th data-start=\"2997\" data-end=\"3014\" data-col-size=\"sm\">Specifikacija<\/th>\n<\/tr>\n<\/thead>\n<tbody data-start=\"3038\" data-end=\"3231\">\n<tr data-start=\"3038\" data-end=\"3072\">\n<td data-start=\"3038\" data-end=\"3052\" data-col-size=\"sm\">Tara te\u017eina<\/td>\n<td data-start=\"3052\" data-end=\"3072\" data-col-size=\"sm\">Otprilike 2.350 kg<\/td>\n<\/tr>\n<tr data-start=\"3073\" data-end=\"3112\">\n<td data-start=\"3073\" data-end=\"3091\" data-col-size=\"sm\">Maksimalni korisni teret<\/td>\n<td data-start=\"3091\" data-end=\"3112\" data-col-size=\"sm\">Otprilike 30.150 kg<\/td>\n<\/tr>\n<tr data-start=\"3113\" data-end=\"3149\">\n<td data-start=\"3113\" data-end=\"3136\" data-col-size=\"sm\">Maksimalna bruto te\u017eina<\/td>\n<td data-start=\"3136\" data-end=\"3149\" data-col-size=\"sm\">32.500 kg<\/td>\n<\/tr>\n<tr data-start=\"3150\" data-end=\"3187\">\n<td data-start=\"3150\" data-end=\"3168\" data-col-size=\"sm\">Unutarnji volumen<\/td>\n<td data-start=\"3168\" data-end=\"3187\" data-col-size=\"sm\">Otprilike 37,4 m\u00b3<\/td>\n<\/tr>\n<tr data-start=\"3188\" data-end=\"3231\">\n<td data-start=\"3188\" data-end=\"3211\" data-col-size=\"sm\">Kapacitet euro paleta<\/td>\n<td data-start=\"3211\" data-end=\"3231\" data-col-size=\"sm\">Do 11 paleta<\/td>\n<\/tr>\n<\/tbody>\n<\/table>\n<\/div>\n<\/div>\n","protected":false},"excerpt":{"rendered":"<p>6 metara visoki kockasti kontejner za jednokratno putovanje pru\u017ea pove\u0107anu unutarnju visinu za u\u010dinkovito vertikalno skladi\u0161tenje. Kori\u0161ten je samo jednom za prijevoz tereta, u gotovo je novom stanju i nudi izdr\u017eljivu, vremensko otpornu za\u0161titu &#8211; idealan za projekte skladi\u0161tenja, logistike i prenamjene kontejnera koji zahtijevaju dodatni prostor. <\/p>\n","protected":false},"featured_media":2263,"comment_status":"open","ping_status":"closed","template":"","meta":{"_kad_blocks_custom_css":"","_kad_blocks_head_custom_js":"","_kad_blocks_body_custom_js":"","_kad_blocks_footer_custom_js":"","_kad_post_transparent":"","_kad_post_title":"","_kad_post_layout":"","_kad_post_sidebar_id":"","_kad_post_content_style":"","_kad_post_vertical_padding":"","_kad_post_feature":"","_kad_post_feature_position":"","_kad_post_header":false,"_kad_post_footer":false,"_kad_post_classname":""},"product_brand":[],"product_cat":[241,169],"product_tag":[],"product_brands":[313],"class_list":{"0":"post-2245","1":"product","2":"type-product","3":"status-publish","4":"has-post-thumbnail","6":"product_cat-kontejner-od-20-stopa","7":"product_cat-standardni-kontejneri","8":"pa_container-condition-novo-jedno-putovanje","9":"pa_container-type-standardni-kontejner","10":"pa_contanier-size-6-metara-visoka-kocka","11":"product_brands-leixoes-portugal","13":"first","14":"instock","15":"taxable","16":"shipping-taxable","17":"purchasable","18":"product-type-simple","19":"entry","20":"content-bg","21":"loop-entry"},"taxonomy_info":{"product_cat":[{"value":241,"label":"Kontejner od 20 stopa"},{"value":169,"label":"Standardni kontejneri"}],"pa_container-condition":[{"value":166,"label":"Novo (jedno putovanje)"}],"pa_container-type":[{"value":167,"label":"Standardni kontejner"}],"pa_contanier-size":[{"value":202,"label":"6 metara visoka kocka"}],"product_brands":[{"value":313,"label":"Leix\u00f5es, Portugal"}]},"featured_image_src_large":["https:\/\/olborglogistics.com\/wp-content\/uploads\/2025\/12\/lodni-kontejnery-na-prodej-cena-lodniho-kontejneru-20-hc.jpg",750,563,false],"author_info":[],"comment_info":0,"_links":{"self":[{"href":"https:\/\/olborglogistics.com\/hr\/wp-json\/wp\/v2\/product\/2245","targetHints":{"allow":["GET"]}}],"collection":[{"href":"https:\/\/olborglogistics.com\/hr\/wp-json\/wp\/v2\/product"}],"about":[{"href":"https:\/\/olborglogistics.com\/hr\/wp-json\/wp\/v2\/types\/product"}],"replies":[{"embeddable":true,"href":"https:\/\/olborglogistics.com\/hr\/wp-json\/wp\/v2\/comments?post=2245"}],"wp:featuredmedia":[{"embeddable":true,"href":"https:\/\/olborglogistics.com\/hr\/wp-json\/wp\/v2\/media\/2263"}],"wp:attachment":[{"href":"https:\/\/olborglogistics.com\/hr\/wp-json\/wp\/v2\/media?parent=2245"}],"wp:term":[{"taxonomy":"product_brand","embeddable":true,"href":"https:\/\/olborglogistics.com\/hr\/wp-json\/wp\/v2\/product_brand?post=2245"},{"taxonomy":"product_cat","embeddable":true,"href":"https:\/\/olborglogistics.com\/hr\/wp-json\/wp\/v2\/product_cat?post=2245"},{"taxonomy":"product_tag","embeddable":true,"href":"https:\/\/olborglogistics.com\/hr\/wp-json\/wp\/v2\/product_tag?post=2245"},{"taxonomy":"product_brands","embeddable":true,"href":"https:\/\/olborglogistics.com\/hr\/wp-json\/wp\/v2\/product_brands?post=2245"}],"curies":[{"name":"wp","href":"https:\/\/api.w.org\/{rel}","templated":true}]}}