{"id":2205,"date":"2025-12-22T09:33:21","date_gmt":"2025-12-22T09:33:21","guid":{"rendered":"https:\/\/olborglogistics.com\/product\/20-stopni-brodski-kontejner-s-otvorenom-stranom-novi\/"},"modified":"2026-01-26T08:21:06","modified_gmt":"2026-01-26T08:21:06","slug":"20-stopni-brodski-kontejner-s-otvorenom-stranom-novi","status":"publish","type":"product","link":"https:\/\/olborglogistics.com\/hr\/proizvod\/20-stopni-brodski-kontejner-s-otvorenom-stranom-novi\/","title":{"rendered":"20-stopni brodski kontejner s otvorenom stranom, novi"},"content":{"rendered":"<div class=\"text-base my-auto mx-auto pb-10 [--thread-content-margin:--spacing(4)] @w-sm\/main:[--thread-content-margin:--spacing(6)] @w-lg\/main:[--thread-content-margin:--spacing(16)] px-(--thread-content-margin)\">\n<div class=\"[--thread-content-max-width:40rem] @w-lg\/main:[--thread-content-max-width:48rem] mx-auto max-w-(--thread-content-max-width) flex-1 group\/turn-messages focus-visible:outline-hidden relative flex w-full min-w-0 flex-col agent-turn\" tabindex=\"-1\">\n<div class=\"flex max-w-full flex-col grow\">\n<div class=\"min-h-8 text-message relative flex w-full flex-col items-end gap-2 text-start break-words whitespace-normal [.text-message+&amp;]:mt-1\" dir=\"auto\" data-message-author-role=\"assistant\" data-message-id=\"48c16461-c8b7-444f-8563-7439667a21e7\" data-message-model-slug=\"gpt-5-2\">\n<div class=\"flex w-full flex-col gap-1 empty:hidden first:pt-[1px]\">\n<div class=\"markdown prose dark:prose-invert w-full break-words dark markdown-new-styling\">\n<hr data-start=\"540\" data-end=\"543\">\n<h2 data-start=\"545\" data-end=\"564\">Dugi opis<\/h2>\n<p data-start=\"566\" data-end=\"962\"><strong data-start=\"570\" data-end=\"624\">6-metarski otvoreni bo\u010dni brodski kontejner \u2013 novi (za jedno putovanje)<\/strong> dizajniran je za maksimalnu dostupnost i fleksibilnost. Za razliku od standardnih kontejnera koji se otvaraju samo na jednom kraju, ovaj model je opremljen <strong data-start=\"762\" data-end=\"788\">bo\u010dnim vratima pune duljine<\/strong> , \u0161to omogu\u0107uje izravan bo\u010dni pristup cijeloj unutra\u0161njosti kontejnera. Zbog toga je posebno prikladan za utovar \u0161iroke, duge ili paletizirane robe vili\u010darima ili paletnim kolicima.<\/p>\n<p data-start=\"964\" data-end=\"1341\">Kao <strong data-start=\"969\" data-end=\"995\">novi kontejner za jednokratnu upotrebu<\/strong> , kori\u0161ten je samo jednom za prijevoz tereta i jo\u0161 uvijek je u izvrsnom stanju s minimalnim znakovima kori\u0161tenja. Spremnik je izra\u0111en od visokokvalitetnog <strong data-start=\"1154\" data-end=\"1170\">corten \u010delika<\/strong> , koji nudi sna\u017enu otpornost na koroziju i te\u0161ke vremenske uvjete. Kada je zatvoren, ostaje potpuno nepropusn za vjetar i vodu, osiguravaju\u0107i pouzdanu za\u0161titu uskladi\u0161tene robe.<\/p>\n<p data-start=\"1343\" data-end=\"1661\">Kontejner tako\u0111er ima standardna stra\u017enja teretna vrata, \u0161to omogu\u0107uje dvostruki pristup i sa strane i s kraja. S izdr\u017eljivim podom od \u0161perplo\u010de za brodove i oja\u010danim okvirima vrata, ovaj se kontejner obi\u010dno koristi za logisti\u010dke operacije, radionice, privremeno skladi\u0161tenje, maloprodajne jedinice i prilago\u0111ena kontejnerska rje\u0161enja. <\/p>\n<p data-start=\"1663\" data-end=\"1867\">Njegove standardizirane dimenzije omogu\u0107uju jednostavan transport, slaganje i integraciju u postoje\u0107e logisti\u010dke sustave, \u0161to ga \u010dini prakti\u010dnim i svestranim izborom za komercijalne i industrijske primjene.<\/p>\n<hr data-start=\"1869\" data-end=\"1872\">\n<h2 data-start=\"1874\" data-end=\"1901\">Tehni\u010dke specifikacije<\/h2>\n<h3 data-start=\"1903\" data-end=\"1926\">Op\u0107e informacije<\/h3>\n<div class=\"TyagGW_tableContainer\">\n<div class=\"group TyagGW_tableWrapper flex w-fit flex-col-reverse\" tabindex=\"-1\">\n<table class=\"w-fit min-w-(--thread-content-width)\" data-start=\"1928\" data-end=\"2309\">\n<thead data-start=\"1928\" data-end=\"1955\">\n<tr data-start=\"1928\" data-end=\"1955\">\n<th data-start=\"1928\" data-end=\"1938\" data-col-size=\"sm\">Zna\u010dajka<\/th>\n<th data-start=\"1938\" data-end=\"1955\" data-col-size=\"md\">Specifikacija<\/th>\n<\/tr>\n<\/thead>\n<tbody data-start=\"1979\" data-end=\"2309\">\n<tr data-start=\"1979\" data-end=\"2033\">\n<td data-start=\"1979\" data-end=\"1996\" data-col-size=\"sm\">Vrsta kontejnera<\/td>\n<td data-start=\"1996\" data-end=\"2033\" data-col-size=\"md\">20-stopni otvoreni bo\u010dni transportni kontejner<\/td>\n<\/tr>\n<tr data-start=\"2034\" data-end=\"2064\">\n<td data-start=\"2034\" data-end=\"2046\" data-col-size=\"sm\">Stanje<\/td>\n<td data-start=\"2046\" data-end=\"2064\" data-col-size=\"md\">Novo \/ Jednokratno putovanje<\/td>\n<\/tr>\n<tr data-start=\"2065\" data-end=\"2112\">\n<td data-start=\"2065\" data-end=\"2076\" data-col-size=\"sm\">Materijal<\/td>\n<td data-start=\"2076\" data-end=\"2112\" data-col-size=\"md\">Corten \u010delik (otporan na vremenske uvjete)<\/td>\n<\/tr>\n<tr data-start=\"2113\" data-end=\"2139\">\n<td data-start=\"2113\" data-end=\"2121\" data-col-size=\"sm\">Kat<\/td>\n<td data-start=\"2121\" data-end=\"2139\" data-col-size=\"md\">Brodska \u0161perplo\u010da<\/td>\n<\/tr>\n<tr data-start=\"2140\" data-end=\"2193\">\n<td data-start=\"2140\" data-end=\"2148\" data-col-size=\"sm\">Vrata<\/td>\n<td data-start=\"2148\" data-end=\"2193\" data-col-size=\"md\">Bo\u010dna vrata pune du\u017eine + stra\u017enja teretna vrata<\/td>\n<\/tr>\n<tr data-start=\"2194\" data-end=\"2238\">\n<td data-start=\"2194\" data-end=\"2211\" data-col-size=\"sm\">Sustav zaklju\u010davanja<\/td>\n<td data-start=\"2211\" data-end=\"2238\" data-col-size=\"md\">Te\u0161ke zaporne \u0161ipke<\/td>\n<\/tr>\n<tr data-start=\"2239\" data-end=\"2265\">\n<td data-start=\"2239\" data-end=\"2258\" data-col-size=\"sm\">D\u017eepovi za vili\u010dar<\/td>\n<td data-start=\"2258\" data-end=\"2265\" data-col-size=\"md\">Da<\/td>\n<\/tr>\n<tr data-start=\"2266\" data-end=\"2289\">\n<td data-start=\"2266\" data-end=\"2282\" data-col-size=\"sm\">CSC certificirano<\/td>\n<td data-start=\"2282\" data-end=\"2289\" data-col-size=\"md\">Da<\/td>\n<\/tr>\n<tr data-start=\"2290\" data-end=\"2309\">\n<td data-start=\"2290\" data-end=\"2302\" data-col-size=\"sm\">Mo\u017ee se slagati<\/td>\n<td data-start=\"2302\" data-end=\"2309\" data-col-size=\"md\">Da<\/td>\n<\/tr>\n<\/tbody>\n<\/table>\n<\/div>\n<\/div>\n<hr data-start=\"2311\" data-end=\"2314\">\n<h3 data-start=\"2316\" data-end=\"2339\">Vanjske dimenzije<\/h3>\n<div class=\"TyagGW_tableContainer\">\n<div class=\"group TyagGW_tableWrapper flex w-fit flex-col-reverse\" tabindex=\"-1\">\n<table class=\"w-fit min-w-(--thread-content-width)\" data-start=\"2341\" data-end=\"2445\">\n<thead data-start=\"2341\" data-end=\"2364\">\n<tr data-start=\"2341\" data-end=\"2364\">\n<th data-start=\"2341\" data-end=\"2355\" data-col-size=\"sm\">Mjerenje<\/th>\n<th data-start=\"2355\" data-end=\"2364\" data-col-size=\"sm\">Vrijednost<\/th>\n<\/tr>\n<\/thead>\n<tbody data-start=\"2381\" data-end=\"2445\">\n<tr data-start=\"2381\" data-end=\"2402\">\n<td data-start=\"2381\" data-end=\"2390\" data-col-size=\"sm\">Duljina<\/td>\n<td data-start=\"2390\" data-end=\"2402\" data-col-size=\"sm\">6.058 mm<\/td>\n<\/tr>\n<tr data-start=\"2403\" data-end=\"2423\">\n<td data-start=\"2403\" data-end=\"2411\" data-col-size=\"sm\">\u0160irina<\/td>\n<td data-start=\"2411\" data-end=\"2423\" data-col-size=\"sm\">2.438 mm<\/td>\n<\/tr>\n<tr data-start=\"2424\" data-end=\"2445\">\n<td data-start=\"2424\" data-end=\"2433\" data-col-size=\"sm\">Visina<\/td>\n<td data-start=\"2433\" data-end=\"2445\" data-col-size=\"sm\">2.591 mm<\/td>\n<\/tr>\n<\/tbody>\n<\/table>\n<\/div>\n<\/div>\n<hr data-start=\"2447\" data-end=\"2450\">\n<h3 data-start=\"2452\" data-end=\"2475\">Unutarnje dimenzije<\/h3>\n<div class=\"TyagGW_tableContainer\">\n<div class=\"group TyagGW_tableWrapper flex w-fit flex-col-reverse\" tabindex=\"-1\">\n<table class=\"w-fit min-w-(--thread-content-width)\" data-start=\"2477\" data-end=\"2605\">\n<thead data-start=\"2477\" data-end=\"2500\">\n<tr data-start=\"2477\" data-end=\"2500\">\n<th data-start=\"2477\" data-end=\"2491\" data-col-size=\"sm\">Mjerenje<\/th>\n<th data-start=\"2491\" data-end=\"2500\" data-col-size=\"sm\">Vrijednost<\/th>\n<\/tr>\n<\/thead>\n<tbody data-start=\"2517\" data-end=\"2605\">\n<tr data-start=\"2517\" data-end=\"2546\">\n<td data-start=\"2517\" data-end=\"2526\" data-col-size=\"sm\">Duljina<\/td>\n<td data-start=\"2526\" data-end=\"2546\" data-col-size=\"sm\">Otprilike 5.898 mm<\/td>\n<\/tr>\n<tr data-start=\"2547\" data-end=\"2575\">\n<td data-start=\"2547\" data-end=\"2555\" data-col-size=\"sm\">\u0160irina<\/td>\n<td data-start=\"2555\" data-end=\"2575\" data-col-size=\"sm\">Otprilike 2.352 mm<\/td>\n<\/tr>\n<tr data-start=\"2576\" data-end=\"2605\">\n<td data-start=\"2576\" data-end=\"2585\" data-col-size=\"sm\">Visina<\/td>\n<td data-start=\"2585\" data-end=\"2605\" data-col-size=\"sm\">Otprilike 2.393 mm<\/td>\n<\/tr>\n<\/tbody>\n<\/table>\n<\/div>\n<\/div>\n<hr data-start=\"2607\" data-end=\"2610\">\n<h3 data-start=\"2612\" data-end=\"2640\">Dimenzije vrata i pristup<\/h3>\n<div class=\"TyagGW_tableContainer\">\n<div class=\"group TyagGW_tableWrapper flex w-fit flex-col-reverse\" tabindex=\"-1\">\n<table class=\"w-fit min-w-(--thread-content-width)\" data-start=\"2642\" data-end=\"2865\">\n<thead data-start=\"2642\" data-end=\"2667\">\n<tr data-start=\"2642\" data-end=\"2667\">\n<th data-start=\"2642\" data-end=\"2652\" data-col-size=\"sm\">Zna\u010dajka<\/th>\n<th data-start=\"2652\" data-end=\"2667\" data-col-size=\"sm\">Mjerenje<\/th>\n<\/tr>\n<\/thead>\n<tbody data-start=\"2689\" data-end=\"2865\">\n<tr data-start=\"2689\" data-end=\"2734\">\n<td data-start=\"2689\" data-end=\"2709\" data-col-size=\"sm\">Otvaranje bo\u010dnih vrata<\/td>\n<td data-start=\"2709\" data-end=\"2734\" data-col-size=\"sm\">Puna duljina spremnika<\/td>\n<\/tr>\n<tr data-start=\"2735\" data-end=\"2781\">\n<td data-start=\"2735\" data-end=\"2761\" data-col-size=\"sm\">\u0160irina otvora stra\u017enjih vrata<\/td>\n<td data-start=\"2761\" data-end=\"2781\" data-col-size=\"sm\">Otprilike 2.343 mm<\/td>\n<\/tr>\n<tr data-start=\"2782\" data-end=\"2829\">\n<td data-start=\"2782\" data-end=\"2809\" data-col-size=\"sm\">Visina otvaranja stra\u017enjih vrata<\/td>\n<td data-start=\"2809\" data-end=\"2829\" data-col-size=\"sm\">Otprilike 2.280 mm<\/td>\n<\/tr>\n<tr data-start=\"2830\" data-end=\"2865\">\n<td data-start=\"2830\" data-end=\"2851\" data-col-size=\"sm\">Kut otvaranja vrata<\/td>\n<td data-start=\"2851\" data-end=\"2865\" data-col-size=\"sm\">Do 270\u00b0<\/td>\n<\/tr>\n<\/tbody>\n<\/table>\n<\/div>\n<\/div>\n<hr data-start=\"2867\" data-end=\"2870\">\n<h3 data-start=\"2872\" data-end=\"2909\">Dimenzije \u2013 Zatvorena vrata u odnosu na otvorena vrata<\/h3>\n<div class=\"TyagGW_tableContainer\">\n<div class=\"group TyagGW_tableWrapper flex w-fit flex-col-reverse\" tabindex=\"-1\">\n<table class=\"w-fit min-w-(--thread-content-width)\" data-start=\"2911\" data-end=\"3158\">\n<thead data-start=\"2911\" data-end=\"2940\">\n<tr data-start=\"2911\" data-end=\"2940\">\n<th data-start=\"2911\" data-end=\"2927\" data-col-size=\"sm\">Konfiguracija<\/th>\n<th data-start=\"2927\" data-end=\"2940\" data-col-size=\"sm\">Dimenzija<\/th>\n<\/tr>\n<\/thead>\n<tbody data-start=\"2962\" data-end=\"3158\">\n<tr data-start=\"2962\" data-end=\"3004\">\n<td data-start=\"2962\" data-end=\"2992\" data-col-size=\"sm\">Ukupna duljina (vrata zatvorena)<\/td>\n<td data-start=\"2992\" data-end=\"3004\" data-col-size=\"sm\">6.058 mm<\/td>\n<\/tr>\n<tr data-start=\"3005\" data-end=\"3069\">\n<td data-start=\"3005\" data-end=\"3044\" data-col-size=\"sm\">Potreban bo\u010dni razmak (vrata otvorena)<\/td>\n<td data-start=\"3044\" data-end=\"3069\" data-col-size=\"sm\">Puna duljina spremnika<\/td>\n<\/tr>\n<tr data-start=\"3070\" data-end=\"3125\">\n<td data-start=\"3070\" data-end=\"3105\" data-col-size=\"sm\">Stra\u017enji prostor (vrata se otvaraju 270\u00b0)<\/td>\n<td data-start=\"3105\" data-end=\"3125\" data-col-size=\"sm\">Otprilike 1200 mm<\/td>\n<\/tr>\n<tr data-start=\"3126\" data-end=\"3158\">\n<td data-start=\"3126\" data-end=\"3143\" data-col-size=\"sm\">Mogu\u0107nosti pristupa<\/td>\n<td data-start=\"3143\" data-end=\"3158\" data-col-size=\"sm\">Bo\u010dno i stra\u017enje<\/td>\n<\/tr>\n<\/tbody>\n<\/table>\n<\/div>\n<\/div>\n<hr data-start=\"3160\" data-end=\"3163\">\n<h3 data-start=\"3165\" data-end=\"3186\">Te\u017eina i kapacitet<\/h3>\n<div class=\"TyagGW_tableContainer\">\n<div class=\"group TyagGW_tableWrapper flex w-fit flex-col-reverse\" tabindex=\"-1\">\n<table class=\"w-fit min-w-(--thread-content-width)\" data-start=\"3188\" data-end=\"3432\">\n<thead data-start=\"3188\" data-end=\"3215\">\n<tr data-start=\"3188\" data-end=\"3215\">\n<th data-start=\"3188\" data-end=\"3198\" data-col-size=\"sm\">Zna\u010dajka<\/th>\n<th data-start=\"3198\" data-end=\"3215\" data-col-size=\"sm\">Specifikacija<\/th>\n<\/tr>\n<\/thead>\n<tbody data-start=\"3239\" data-end=\"3432\">\n<tr data-start=\"3239\" data-end=\"3273\">\n<td data-start=\"3239\" data-end=\"3253\" data-col-size=\"sm\">Tara te\u017eina<\/td>\n<td data-start=\"3253\" data-end=\"3273\" data-col-size=\"sm\">Otprilike 3.050 kg<\/td>\n<\/tr>\n<tr data-start=\"3274\" data-end=\"3313\">\n<td data-start=\"3274\" data-end=\"3292\" data-col-size=\"sm\">Maksimalni korisni teret<\/td>\n<td data-start=\"3292\" data-end=\"3313\" data-col-size=\"sm\">Otprilike 29.450 kg<\/td>\n<\/tr>\n<tr data-start=\"3314\" data-end=\"3350\">\n<td data-start=\"3314\" data-end=\"3337\" data-col-size=\"sm\">Maksimalna bruto te\u017eina<\/td>\n<td data-start=\"3337\" data-end=\"3350\" data-col-size=\"sm\">32.500 kg<\/td>\n<\/tr>\n<tr data-start=\"3351\" data-end=\"3388\">\n<td data-start=\"3351\" data-end=\"3369\" data-col-size=\"sm\">Unutarnji volumen<\/td>\n<td data-start=\"3369\" data-end=\"3388\" data-col-size=\"sm\">Otprilike 33,2 m\u00b3<\/td>\n<\/tr>\n<tr data-start=\"3389\" data-end=\"3432\">\n<td data-start=\"3389\" data-end=\"3412\" data-col-size=\"sm\">Kapacitet euro paleta<\/td>\n<td data-start=\"3412\" data-end=\"3432\" data-col-size=\"sm\">Do 11 paleta<\/td>\n<\/tr>\n<\/tbody>\n<\/table>\n<\/div>\n<\/div>\n<\/div>\n<\/div>\n<\/div>\n<\/div>\n<\/div>\n<\/div>\n","protected":false},"excerpt":{"rendered":"<p>6-metarski otvoreni bo\u010dni transportni kontejner (novi \/ za jedno putovanje) ima bo\u010dna vrata pune du\u017eine za jednostavan utovar i istovar. U gotovo novom stanju nudi sigurno skladi\u0161tenje otporno na vremenske uvjete i idealan je za glomaznu robu, radionice i projekte prenamjene kontejnera. <\/p>\n","protected":false},"featured_media":2212,"comment_status":"open","ping_status":"closed","template":"","meta":{"_kad_blocks_custom_css":"","_kad_blocks_head_custom_js":"","_kad_blocks_body_custom_js":"","_kad_blocks_footer_custom_js":"","_kad_post_transparent":"","_kad_post_title":"","_kad_post_layout":"","_kad_post_sidebar_id":"","_kad_post_content_style":"","_kad_post_vertical_padding":"","_kad_post_feature":"","_kad_post_feature_position":"","_kad_post_header":false,"_kad_post_footer":false,"_kad_post_classname":""},"product_brand":[],"product_cat":[241,194],"product_tag":[],"product_brands":[314],"class_list":{"0":"post-2205","1":"product","2":"type-product","3":"status-publish","4":"has-post-thumbnail","6":"product_cat-kontejner-od-20-stopa","7":"product_cat-otvoreni-bocni-kontejneri","8":"pa_container-condition-novo-jedno-putovanje","9":"pa_container-type-otvoreni-bocni-kontejner","10":"pa_contanier-size-6-metara","11":"product_brands-espana-valencia","13":"first","14":"instock","15":"taxable","16":"shipping-taxable","17":"purchasable","18":"product-type-simple","19":"entry","20":"content-bg","21":"loop-entry"},"taxonomy_info":{"product_cat":[{"value":241,"label":"Kontejner od 20 stopa"},{"value":194,"label":"Otvoreni bo\u010dni kontejneri"}],"pa_container-condition":[{"value":166,"label":"Novo (jedno putovanje)"}],"pa_container-type":[{"value":192,"label":"Otvoreni bo\u010dni kontejner"}],"pa_contanier-size":[{"value":168,"label":"6 metara"}],"product_brands":[{"value":314,"label":"Espa\u00f1a, Valencia"}]},"featured_image_src_large":["https:\/\/olborglogistics.com\/wp-content\/uploads\/2025\/12\/container-usati-acquisto-container-comprare-container-vendita-container-marittimi-20-piedi-1024x768.jpg",1021,766,true],"author_info":[],"comment_info":0,"_links":{"self":[{"href":"https:\/\/olborglogistics.com\/hr\/wp-json\/wp\/v2\/product\/2205","targetHints":{"allow":["GET"]}}],"collection":[{"href":"https:\/\/olborglogistics.com\/hr\/wp-json\/wp\/v2\/product"}],"about":[{"href":"https:\/\/olborglogistics.com\/hr\/wp-json\/wp\/v2\/types\/product"}],"replies":[{"embeddable":true,"href":"https:\/\/olborglogistics.com\/hr\/wp-json\/wp\/v2\/comments?post=2205"}],"wp:featuredmedia":[{"embeddable":true,"href":"https:\/\/olborglogistics.com\/hr\/wp-json\/wp\/v2\/media\/2212"}],"wp:attachment":[{"href":"https:\/\/olborglogistics.com\/hr\/wp-json\/wp\/v2\/media?parent=2205"}],"wp:term":[{"taxonomy":"product_brand","embeddable":true,"href":"https:\/\/olborglogistics.com\/hr\/wp-json\/wp\/v2\/product_brand?post=2205"},{"taxonomy":"product_cat","embeddable":true,"href":"https:\/\/olborglogistics.com\/hr\/wp-json\/wp\/v2\/product_cat?post=2205"},{"taxonomy":"product_tag","embeddable":true,"href":"https:\/\/olborglogistics.com\/hr\/wp-json\/wp\/v2\/product_tag?post=2205"},{"taxonomy":"product_brands","embeddable":true,"href":"https:\/\/olborglogistics.com\/hr\/wp-json\/wp\/v2\/product_brands?post=2205"}],"curies":[{"name":"wp","href":"https:\/\/api.w.org\/{rel}","templated":true}]}}