{"id":2180,"date":"2025-12-22T08:55:01","date_gmt":"2025-12-22T08:55:01","guid":{"rendered":"https:\/\/olborglogistics.com\/product\/40ft-high-cube-brodski-kontejner-novi\/"},"modified":"2026-01-28T02:18:51","modified_gmt":"2026-01-28T02:18:51","slug":"40ft-high-cube-brodski-kontejner-novi","status":"publish","type":"product","link":"https:\/\/olborglogistics.com\/hr\/proizvod\/40ft-high-cube-brodski-kontejner-novi\/","title":{"rendered":"40ft High Cube brodski kontejner Novi"},"content":{"rendered":"<div class=\"text-base my-auto mx-auto pb-10 [--thread-content-margin:--spacing(4)] @w-sm\/main:[--thread-content-margin:--spacing(6)] @w-lg\/main:[--thread-content-margin:--spacing(16)] px-(--thread-content-margin)\">\n<div class=\"[--thread-content-max-width:40rem] @w-lg\/main:[--thread-content-max-width:48rem] mx-auto max-w-(--thread-content-max-width) flex-1 group\/turn-messages focus-visible:outline-hidden relative flex w-full min-w-0 flex-col agent-turn\" tabindex=\"-1\">\n<div class=\"flex max-w-full flex-col grow\">\n<div class=\"min-h-8 text-message relative flex w-full flex-col items-end gap-2 text-start break-words whitespace-normal [.text-message+&amp;]:mt-1\" dir=\"auto\" data-message-author-role=\"assistant\" data-message-id=\"c852fc45-00ac-4f7a-b427-2a6c7e86f995\" data-message-model-slug=\"gpt-5-2\">\n<div class=\"flex w-full flex-col gap-1 empty:hidden first:pt-[1px]\">\n<div class=\"markdown prose dark:prose-invert w-full break-words dark markdown-new-styling\">\n<p data-start=\"567\" data-end=\"935\"><strong data-start=\"571\" data-end=\"617\">12-metarski High Cube kontejner za jednokratni prijevoz<\/strong> najve\u0107e je standardno kontejnersko rje\u0161enje za kupce kojima je potreban maksimalan unutarnji prostor bez ugro\u017eavanja strukturne \u010dvrsto\u0107e. S produljenom duljinom i dodatnom visinom u usporedbi sa standardnim kontejnerima, posebno je prikladan za skladi\u0161tenje velikih volumena, industrijsku upotrebu i slo\u017eene modifikacije kontejnera.<\/p>\n<p data-start=\"937\" data-end=\"1291\">Nakon \u0161to je zavr\u0161io samo jedno me\u0111unarodno brodsko putovanje, ovaj kontejner je u izvrsnom stanju s minimalnim habanjem. Izra\u0111en je od vrhunskog <strong data-start=\"1086\" data-end=\"1102\">corten \u010delika<\/strong> , \u0161to osigurava vrhunsku otpornost na koroziju, udarce i te\u0161ke vremenske uvjete. Kontejner je potpuno nepropusan za vjetar i vodu, \u0161tite\u0107i robu od vlage, pra\u0161ine i vanjskih o\u0161te\u0107enja.  <\/p>\n<p data-start=\"1293\" data-end=\"1754\">Kontejner ima dvostruka teretna vrata za te\u0161ke uvjete s sigurnim bravama za siguran pristup, zajedno s oja\u010danim podom od \u0161perplo\u010de sposobnim za rukovanje te\u0161kim teretima. Njegov standardizirani dizajn omogu\u0107uje jednostavan transport, slaganje i integraciju u globalne logisti\u010dke mre\u017ee. Zahvaljuju\u0107i svojoj veli\u010dini i dodatnom prostoru, kontejner High Cube od 12 metara \u010desto se koristi za skladi\u0161ta, logisti\u010dka sredi\u0161ta, radionice, urede i velike projekte prenamjene kontejnera.  <\/p>\n<h2 data-start=\"1761\" data-end=\"1788\">Tehni\u010dke specifikacije<\/h2>\n<h3 data-start=\"1790\" data-end=\"1813\">Op\u0107e informacije<\/h3>\n<div class=\"TyagGW_tableContainer\">\n<div class=\"group TyagGW_tableWrapper flex w-fit flex-col-reverse\" tabindex=\"-1\">\n<table class=\"w-fit min-w-(--thread-content-width)\" data-start=\"1815\" data-end=\"2169\">\n<thead data-start=\"1815\" data-end=\"1842\">\n<tr data-start=\"1815\" data-end=\"1842\">\n<th data-start=\"1815\" data-end=\"1825\" data-col-size=\"sm\">Zna\u010dajka<\/th>\n<th data-start=\"1825\" data-end=\"1842\" data-col-size=\"sm\">Specifikacija<\/th>\n<\/tr>\n<\/thead>\n<tbody data-start=\"1866\" data-end=\"2169\">\n<tr data-start=\"1866\" data-end=\"1920\">\n<td data-start=\"1866\" data-end=\"1883\" data-col-size=\"sm\">Vrsta kontejnera<\/td>\n<td data-start=\"1883\" data-end=\"1920\" data-col-size=\"sm\">40-stopni visoki kontejner za otpremu u kocki<\/td>\n<\/tr>\n<tr data-start=\"1921\" data-end=\"1958\">\n<td data-start=\"1921\" data-end=\"1933\" data-col-size=\"sm\">Stanje<\/td>\n<td data-start=\"1933\" data-end=\"1958\" data-col-size=\"sm\">Jedno putovanje (skoro novo)<\/td>\n<\/tr>\n<tr data-start=\"1959\" data-end=\"2006\">\n<td data-start=\"1959\" data-end=\"1970\" data-col-size=\"sm\">Materijal<\/td>\n<td data-start=\"1970\" data-end=\"2006\" data-col-size=\"sm\">Corten \u010delik (otporan na vremenske uvjete)<\/td>\n<\/tr>\n<tr data-start=\"2007\" data-end=\"2033\">\n<td data-start=\"2007\" data-end=\"2015\" data-col-size=\"sm\">Kat<\/td>\n<td data-start=\"2015\" data-end=\"2033\" data-col-size=\"sm\">Brodska \u0161perplo\u010da<\/td>\n<\/tr>\n<tr data-start=\"2034\" data-end=\"2064\">\n<td data-start=\"2034\" data-end=\"2042\" data-col-size=\"sm\">Vrata<\/td>\n<td data-start=\"2042\" data-end=\"2064\" data-col-size=\"sm\">Dvostruka teretna vrata<\/td>\n<\/tr>\n<tr data-start=\"2065\" data-end=\"2098\">\n<td data-start=\"2065\" data-end=\"2082\" data-col-size=\"sm\">Sustav zaklju\u010davanja<\/td>\n<td data-start=\"2082\" data-end=\"2098\" data-col-size=\"sm\">Zaklju\u010davaju\u0107e \u0161ipke<\/td>\n<\/tr>\n<tr data-start=\"2099\" data-end=\"2125\">\n<td data-start=\"2099\" data-end=\"2118\" data-col-size=\"sm\">D\u017eepovi za vili\u010dar<\/td>\n<td data-start=\"2118\" data-end=\"2125\" data-col-size=\"sm\">Da<\/td>\n<\/tr>\n<tr data-start=\"2126\" data-end=\"2149\">\n<td data-start=\"2126\" data-end=\"2142\" data-col-size=\"sm\">CSC certificirano<\/td>\n<td data-start=\"2142\" data-end=\"2149\" data-col-size=\"sm\">Da<\/td>\n<\/tr>\n<tr data-start=\"2150\" data-end=\"2169\">\n<td data-start=\"2150\" data-end=\"2162\" data-col-size=\"sm\">Mo\u017ee se slagati<\/td>\n<td data-start=\"2162\" data-end=\"2169\" data-col-size=\"sm\">Da<\/td>\n<\/tr>\n<\/tbody>\n<\/table>\n<\/div>\n<\/div>\n<hr data-start=\"2171\" data-end=\"2174\">\n<h3 data-start=\"2176\" data-end=\"2199\">Vanjske dimenzije<\/h3>\n<div class=\"TyagGW_tableContainer\">\n<div class=\"group TyagGW_tableWrapper flex w-fit flex-col-reverse\" tabindex=\"-1\">\n<table class=\"w-fit min-w-(--thread-content-width)\" data-start=\"2201\" data-end=\"2306\">\n<thead data-start=\"2201\" data-end=\"2224\">\n<tr data-start=\"2201\" data-end=\"2224\">\n<th data-start=\"2201\" data-end=\"2215\" data-col-size=\"sm\">Mjerenje<\/th>\n<th data-start=\"2215\" data-end=\"2224\" data-col-size=\"sm\">Vrijednost<\/th>\n<\/tr>\n<\/thead>\n<tbody data-start=\"2241\" data-end=\"2306\">\n<tr data-start=\"2241\" data-end=\"2263\">\n<td data-start=\"2241\" data-end=\"2250\" data-col-size=\"sm\">Duljina<\/td>\n<td data-start=\"2250\" data-end=\"2263\" data-col-size=\"sm\">12.192 mm<\/td>\n<\/tr>\n<tr data-start=\"2264\" data-end=\"2284\">\n<td data-start=\"2264\" data-end=\"2272\" data-col-size=\"sm\">\u0160irina<\/td>\n<td data-start=\"2272\" data-end=\"2284\" data-col-size=\"sm\">2.438 mm<\/td>\n<\/tr>\n<tr data-start=\"2285\" data-end=\"2306\">\n<td data-start=\"2285\" data-end=\"2294\" data-col-size=\"sm\">Visina<\/td>\n<td data-start=\"2294\" data-end=\"2306\" data-col-size=\"sm\">2.896 mm<\/td>\n<\/tr>\n<\/tbody>\n<\/table>\n<\/div>\n<\/div>\n<hr data-start=\"2308\" data-end=\"2311\">\n<h3 data-start=\"2313\" data-end=\"2336\">Unutarnje dimenzije<\/h3>\n<div class=\"TyagGW_tableContainer\">\n<div class=\"group TyagGW_tableWrapper flex w-fit flex-col-reverse\" tabindex=\"-1\">\n<table class=\"w-fit min-w-(--thread-content-width)\" data-start=\"2338\" data-end=\"2467\">\n<thead data-start=\"2338\" data-end=\"2361\">\n<tr data-start=\"2338\" data-end=\"2361\">\n<th data-start=\"2338\" data-end=\"2352\" data-col-size=\"sm\">Mjerenje<\/th>\n<th data-start=\"2352\" data-end=\"2361\" data-col-size=\"sm\">Vrijednost<\/th>\n<\/tr>\n<\/thead>\n<tbody data-start=\"2378\" data-end=\"2467\">\n<tr data-start=\"2378\" data-end=\"2408\">\n<td data-start=\"2378\" data-end=\"2387\" data-col-size=\"sm\">Duljina<\/td>\n<td data-start=\"2387\" data-end=\"2408\" data-col-size=\"sm\">Otprilike 12.032 mm<\/td>\n<\/tr>\n<tr data-start=\"2409\" data-end=\"2437\">\n<td data-start=\"2409\" data-end=\"2417\" data-col-size=\"sm\">\u0160irina<\/td>\n<td data-start=\"2417\" data-end=\"2437\" data-col-size=\"sm\">Otprilike 2.352 mm<\/td>\n<\/tr>\n<tr data-start=\"2438\" data-end=\"2467\">\n<td data-start=\"2438\" data-end=\"2447\" data-col-size=\"sm\">Visina<\/td>\n<td data-start=\"2447\" data-end=\"2467\" data-col-size=\"sm\">Otprilike 2.698 mm<\/td>\n<\/tr>\n<\/tbody>\n<\/table>\n<\/div>\n<\/div>\n<hr data-start=\"2469\" data-end=\"2472\">\n<h3 data-start=\"2474\" data-end=\"2502\">Dimenzije vrata i pristup<\/h3>\n<div class=\"TyagGW_tableContainer\">\n<div class=\"group TyagGW_tableWrapper flex w-fit flex-col-reverse\" tabindex=\"-1\">\n<table class=\"w-fit min-w-(--thread-content-width)\" data-start=\"2504\" data-end=\"2673\">\n<thead data-start=\"2504\" data-end=\"2529\">\n<tr data-start=\"2504\" data-end=\"2529\">\n<th data-start=\"2504\" data-end=\"2514\" data-col-size=\"sm\">Zna\u010dajka<\/th>\n<th data-start=\"2514\" data-end=\"2529\" data-col-size=\"sm\">Mjerenje<\/th>\n<\/tr>\n<\/thead>\n<tbody data-start=\"2551\" data-end=\"2673\">\n<tr data-start=\"2551\" data-end=\"2592\">\n<td data-start=\"2551\" data-end=\"2572\" data-col-size=\"sm\">\u0160irina otvora vrata<\/td>\n<td data-start=\"2572\" data-end=\"2592\" data-col-size=\"sm\">Otprilike 2.343 mm<\/td>\n<\/tr>\n<tr data-start=\"2593\" data-end=\"2635\">\n<td data-start=\"2593\" data-end=\"2615\" data-col-size=\"sm\">Visina otvora vrata<\/td>\n<td data-start=\"2615\" data-end=\"2635\" data-col-size=\"sm\">Otprilike 2.585 mm<\/td>\n<\/tr>\n<tr data-start=\"2636\" data-end=\"2673\">\n<td data-start=\"2636\" data-end=\"2657\" data-col-size=\"sm\">Kut otvaranja vrata<\/td>\n<td data-start=\"2657\" data-end=\"2673\" data-col-size=\"sm\">Otprilike 270\u00b0<\/td>\n<\/tr>\n<\/tbody>\n<\/table>\n<\/div>\n<\/div>\n<hr data-start=\"2675\" data-end=\"2678\">\n<h3 data-start=\"2680\" data-end=\"2717\">Dimenzije \u2013 Zatvorena vrata u odnosu na otvorena vrata<\/h3>\n<div class=\"TyagGW_tableContainer\">\n<div class=\"group TyagGW_tableWrapper flex w-fit flex-col-reverse\" tabindex=\"-1\">\n<table class=\"w-fit min-w-(--thread-content-width)\" data-start=\"2719\" data-end=\"2971\">\n<thead data-start=\"2719\" data-end=\"2748\">\n<tr data-start=\"2719\" data-end=\"2748\">\n<th data-start=\"2719\" data-end=\"2735\" data-col-size=\"sm\">Konfiguracija<\/th>\n<th data-start=\"2735\" data-end=\"2748\" data-col-size=\"sm\">Dimenzija<\/th>\n<\/tr>\n<\/thead>\n<tbody data-start=\"2770\" data-end=\"2971\">\n<tr data-start=\"2770\" data-end=\"2813\">\n<td data-start=\"2770\" data-end=\"2800\" data-col-size=\"sm\">Ukupna duljina (vrata zatvorena)<\/td>\n<td data-start=\"2800\" data-end=\"2813\" data-col-size=\"sm\">12.192 mm<\/td>\n<\/tr>\n<tr data-start=\"2814\" data-end=\"2870\">\n<td data-start=\"2814\" data-end=\"2849\" data-col-size=\"sm\">Ukupna duljina (vrata se otvaraju pod kutom od 90\u00b0)<\/td>\n<td data-start=\"2849\" data-end=\"2870\" data-col-size=\"sm\">Otprilike 12.900 mm<\/td>\n<\/tr>\n<tr data-start=\"2871\" data-end=\"2928\">\n<td data-start=\"2871\" data-end=\"2907\" data-col-size=\"sm\">Ukupna duljina (vrata se otvaraju pod kutom od 270\u00b0)<\/td>\n<td data-start=\"2907\" data-end=\"2928\" data-col-size=\"sm\">Otprilike 13.500 mm<\/td>\n<\/tr>\n<tr data-start=\"2929\" data-end=\"2971\">\n<td data-start=\"2929\" data-end=\"2950\" data-col-size=\"sm\">Potrebno odobrenje<\/td>\n<td data-start=\"2950\" data-end=\"2971\" data-col-size=\"sm\">Min. 800\u20131200 mm<\/td>\n<\/tr>\n<\/tbody>\n<\/table>\n<\/div>\n<\/div>\n<hr data-start=\"2973\" data-end=\"2976\">\n<h3 data-start=\"2978\" data-end=\"2999\">Te\u017eina i kapacitet<\/h3>\n<div class=\"TyagGW_tableContainer\">\n<div class=\"group TyagGW_tableWrapper flex w-fit flex-col-reverse\" tabindex=\"-1\">\n<table class=\"w-fit min-w-(--thread-content-width)\" data-start=\"3001\" data-end=\"3245\">\n<thead data-start=\"3001\" data-end=\"3028\">\n<tr data-start=\"3001\" data-end=\"3028\">\n<th data-start=\"3001\" data-end=\"3011\" data-col-size=\"sm\">Zna\u010dajka<\/th>\n<th data-start=\"3011\" data-end=\"3028\" data-col-size=\"sm\">Specifikacija<\/th>\n<\/tr>\n<\/thead>\n<tbody data-start=\"3052\" data-end=\"3245\">\n<tr data-start=\"3052\" data-end=\"3086\">\n<td data-start=\"3052\" data-end=\"3066\" data-col-size=\"sm\">Tara te\u017eina<\/td>\n<td data-start=\"3066\" data-end=\"3086\" data-col-size=\"sm\">Otprilike 3.900 kg<\/td>\n<\/tr>\n<tr data-start=\"3087\" data-end=\"3126\">\n<td data-start=\"3087\" data-end=\"3105\" data-col-size=\"sm\">Maksimalni korisni teret<\/td>\n<td data-start=\"3105\" data-end=\"3126\" data-col-size=\"sm\">Otprilike 28.600 kg<\/td>\n<\/tr>\n<tr data-start=\"3127\" data-end=\"3163\">\n<td data-start=\"3127\" data-end=\"3150\" data-col-size=\"sm\">Maksimalna bruto te\u017eina<\/td>\n<td data-start=\"3150\" data-end=\"3163\" data-col-size=\"sm\">32.500 kg<\/td>\n<\/tr>\n<tr data-start=\"3164\" data-end=\"3201\">\n<td data-start=\"3164\" data-end=\"3182\" data-col-size=\"sm\">Unutarnji volumen<\/td>\n<td data-start=\"3182\" data-end=\"3201\" data-col-size=\"sm\">Otprilike 76,4 m\u00b3<\/td>\n<\/tr>\n<tr data-start=\"3202\" data-end=\"3245\">\n<td data-start=\"3202\" data-end=\"3225\" data-col-size=\"sm\">Kapacitet euro paleta<\/td>\n<td data-start=\"3225\" data-end=\"3245\" data-col-size=\"sm\">Do 25 paleta<\/td>\n<\/tr>\n<\/tbody>\n<\/table>\n<\/div>\n<\/div>\n<\/div>\n<\/div>\n<\/div>\n<\/div>\n<\/div>\n<\/div>\n","protected":false},"excerpt":{"rendered":"<p>Jednokratni transportni kontejner od 12 metara nudi maksimalni volumen skladi\u0161tenja s pove\u0107anom unutarnjom visinom. Kori\u0161ten je samo jednom za prijevoz tereta, u gotovo novom je stanju i pru\u017ea izdr\u017eljivu, vremensko otpornu za\u0161titu &#8211; idealan za velike projekte skladi\u0161tenja, logistike i prenamjene kontejnera. <\/p>\n","protected":false},"featured_media":2201,"comment_status":"open","ping_status":"closed","template":"","meta":{"_kad_blocks_custom_css":"","_kad_blocks_head_custom_js":"","_kad_blocks_body_custom_js":"","_kad_blocks_footer_custom_js":"","_kad_post_transparent":"","_kad_post_title":"","_kad_post_layout":"","_kad_post_sidebar_id":"","_kad_post_content_style":"","_kad_post_vertical_padding":"","_kad_post_feature":"","_kad_post_feature_position":"","_kad_post_header":false,"_kad_post_footer":false,"_kad_post_classname":""},"product_brand":[],"product_cat":[200,245,169],"product_tag":[],"product_brands":[313],"class_list":{"0":"post-2180","1":"product","2":"type-product","3":"status-publish","4":"has-post-thumbnail","6":"product_cat-high-cube-kontejneri","7":"product_cat-kontejner-od-40-stopa","8":"product_cat-standardni-kontejneri","9":"pa_container-condition-novo-jedno-putovanje","10":"pa_container-type-standardni-kontejner","11":"pa_contanier-size-12-metara-visoka-kocka","12":"product_brands-leixoes-portugal","14":"first","15":"instock","16":"sale","17":"taxable","18":"shipping-taxable","19":"purchasable","20":"product-type-simple","21":"entry","22":"content-bg","23":"loop-entry"},"taxonomy_info":{"product_cat":[{"value":200,"label":"High Cube kontejneri"},{"value":245,"label":"Kontejner od 40 stopa"},{"value":169,"label":"Standardni kontejneri"}],"pa_container-condition":[{"value":166,"label":"Novo (jedno putovanje)"}],"pa_container-type":[{"value":167,"label":"Standardni kontejner"}],"pa_contanier-size":[{"value":199,"label":"12 metara visoka kocka"}],"product_brands":[{"value":313,"label":"Leix\u00f5es, Portugal"}]},"featured_image_src_large":["https:\/\/olborglogistics.com\/wp-content\/uploads\/2025\/12\/wwwhz-containerscom-wwwhz-kontejnerycz-vendiamo-container-navali-nuovi-marittimo-magazzino-noleg-6.jpg",1021,766,false],"author_info":[],"comment_info":0,"_links":{"self":[{"href":"https:\/\/olborglogistics.com\/hr\/wp-json\/wp\/v2\/product\/2180","targetHints":{"allow":["GET"]}}],"collection":[{"href":"https:\/\/olborglogistics.com\/hr\/wp-json\/wp\/v2\/product"}],"about":[{"href":"https:\/\/olborglogistics.com\/hr\/wp-json\/wp\/v2\/types\/product"}],"replies":[{"embeddable":true,"href":"https:\/\/olborglogistics.com\/hr\/wp-json\/wp\/v2\/comments?post=2180"}],"wp:featuredmedia":[{"embeddable":true,"href":"https:\/\/olborglogistics.com\/hr\/wp-json\/wp\/v2\/media\/2201"}],"wp:attachment":[{"href":"https:\/\/olborglogistics.com\/hr\/wp-json\/wp\/v2\/media?parent=2180"}],"wp:term":[{"taxonomy":"product_brand","embeddable":true,"href":"https:\/\/olborglogistics.com\/hr\/wp-json\/wp\/v2\/product_brand?post=2180"},{"taxonomy":"product_cat","embeddable":true,"href":"https:\/\/olborglogistics.com\/hr\/wp-json\/wp\/v2\/product_cat?post=2180"},{"taxonomy":"product_tag","embeddable":true,"href":"https:\/\/olborglogistics.com\/hr\/wp-json\/wp\/v2\/product_tag?post=2180"},{"taxonomy":"product_brands","embeddable":true,"href":"https:\/\/olborglogistics.com\/hr\/wp-json\/wp\/v2\/product_brands?post=2180"}],"curies":[{"name":"wp","href":"https:\/\/api.w.org\/{rel}","templated":true}]}}