{"id":2158,"date":"2025-12-22T09:41:31","date_gmt":"2025-12-22T09:41:31","guid":{"rendered":"https:\/\/olborglogistics.com\/product\/40-stopa-visoki-kockasti-kontejner-s-otvorenim-stranicama-antracit-siva\/"},"modified":"2026-01-26T08:19:49","modified_gmt":"2026-01-26T08:19:49","slug":"40-stopa-visoki-kockasti-kontejner-s-otvorenim-stranicama-antracit-siva","status":"publish","type":"product","link":"https:\/\/olborglogistics.com\/hr\/proizvod\/40-stopa-visoki-kockasti-kontejner-s-otvorenim-stranicama-antracit-siva\/","title":{"rendered":"40 stopa visoki kockasti kontejner s otvorenim stranicama, antracit siva"},"content":{"rendered":"<div class=\"text-base my-auto mx-auto pb-10 [--thread-content-margin:--spacing(4)] @w-sm\/main:[--thread-content-margin:--spacing(6)] @w-lg\/main:[--thread-content-margin:--spacing(16)] px-(--thread-content-margin)\">\n<div class=\"[--thread-content-max-width:40rem] @w-lg\/main:[--thread-content-max-width:48rem] mx-auto max-w-(--thread-content-max-width) flex-1 group\/turn-messages focus-visible:outline-hidden relative flex w-full min-w-0 flex-col agent-turn\" tabindex=\"-1\">\n<div class=\"flex max-w-full flex-col grow\">\n<div class=\"min-h-8 text-message relative flex w-full flex-col items-end gap-2 text-start break-words whitespace-normal [.text-message+&amp;]:mt-1\" dir=\"auto\" data-message-author-role=\"assistant\" data-message-id=\"7952f9df-5ffb-4c0b-b9a6-67de2bc2006e\" data-message-model-slug=\"gpt-5-2\">\n<div class=\"flex w-full flex-col gap-1 empty:hidden first:pt-[1px]\">\n<div class=\"markdown prose dark:prose-invert w-full break-words dark markdown-new-styling\">\n<p data-start=\"0\" data-end=\"235\"><strong data-start=\"583\" data-end=\"659\">12-metarski visoki kockasti brodski kontejner s otvorenim bo\u010dnim stranama \u2013 antracitno siva (za jedno putovanje)<\/strong> je kontejner velikog kapaciteta dizajniran za profesionalne i industrijske primjene gdje su <strong data-start=\"749\" data-end=\"782\">prostor, pristup i izdr\u017eljivost<\/strong> klju\u010dni. S produljenom duljinom, pove\u0107anom visinom i vratima koja se otvaraju u potpunosti sa strane, ovaj kontejner omogu\u0107uje jednostavno utovarivanje prevelike, duga\u010dke ili paletizirane robe.<\/p>\n<p data-start=\"954\" data-end=\"1315\">Kao <strong data-start=\"959\" data-end=\"981\">kontejner za jednokratnu upotrebu<\/strong> , kori\u0161ten je samo jednom za me\u0111unarodni prijevoz tereta i jo\u0161 uvijek je u izvrsnom, gotovo novom stanju. Izra\u0111en od robusnog <strong data-start=\"1115\" data-end=\"1131\">corten \u010delika<\/strong> , pru\u017ea izvanrednu otpornost na koroziju i te\u0161ke vremenske uvjete. Kada je zatvoren, kontejner je potpuno nepropusan za vjetar i vodu, \u0161to osigurava pouzdanu za\u0161titu uskladi\u0161tene robe.<\/p>\n<p data-start=\"1317\" data-end=\"1637\"><strong data-start=\"1321\" data-end=\"1341\">Dizajn High Cube<\/strong> pru\u017ea dodatnu unutarnju visinu, \u0161to ga \u010dini pogodnim za visoku opremu, sustave polica i slo\u017eene prenamjene kontejnera. <strong data-start=\"1475\" data-end=\"1502\">Otvorena bo\u010dna konfiguracija<\/strong> omogu\u0107uje pristup vili\u010daru cijelom du\u017einom kontejnera, \u0161to zna\u010dajno pobolj\u0161ava u\u010dinkovitost utovara u usporedbi sa standardnim kontejnerima.<\/p>\n<p data-start=\"1639\" data-end=\"1892\">Zavr\u0161na obrada u <strong data-start=\"1651\" data-end=\"1681\">antracit sivoj boji (RAL 7016)<\/strong> , ovaj kontejner nudi moderan, profesionalan izgled, \u0161to ga \u010dini posebno prikladnim za vidljive instalacije kao \u0161to su komercijalni objekti, logisti\u010dki centri, radionice i maloprodajni ili tehni\u010dki kontejnerski projekti.<\/p>\n<hr data-start=\"1894\" data-end=\"1897\">\n<h2 data-start=\"1899\" data-end=\"1926\">Tehni\u010dke specifikacije<\/h2>\n<h3 data-start=\"1928\" data-end=\"1951\">Op\u0107e informacije<\/h3>\n<div class=\"TyagGW_tableContainer\">\n<div class=\"group TyagGW_tableWrapper flex w-fit flex-col-reverse\" tabindex=\"-1\">\n<table class=\"w-fit min-w-(--thread-content-width)\" data-start=\"1953\" data-end=\"2365\">\n<thead data-start=\"1953\" data-end=\"1980\">\n<tr data-start=\"1953\" data-end=\"1980\">\n<th data-start=\"1953\" data-end=\"1963\" data-col-size=\"sm\">Zna\u010dajka<\/th>\n<th data-start=\"1963\" data-end=\"1980\" data-col-size=\"md\">Specifikacija<\/th>\n<\/tr>\n<\/thead>\n<tbody data-start=\"2004\" data-end=\"2365\">\n<tr data-start=\"2004\" data-end=\"2049\">\n<td data-start=\"2004\" data-end=\"2021\" data-col-size=\"sm\">Vrsta kontejnera<\/td>\n<td data-start=\"2021\" data-end=\"2049\" data-col-size=\"md\">12 metara visoka kocka otvorene strane<\/td>\n<\/tr>\n<tr data-start=\"2050\" data-end=\"2080\">\n<td data-start=\"2050\" data-end=\"2062\" data-col-size=\"sm\">Stanje<\/td>\n<td data-start=\"2062\" data-end=\"2080\" data-col-size=\"md\">Novo \/ Jednokratno putovanje<\/td>\n<\/tr>\n<tr data-start=\"2081\" data-end=\"2120\">\n<td data-start=\"2081\" data-end=\"2090\" data-col-size=\"sm\">Boja<\/td>\n<td data-start=\"2090\" data-end=\"2120\" data-col-size=\"md\">Antracit siva (RAL 7016)<\/td>\n<\/tr>\n<tr data-start=\"2121\" data-end=\"2168\">\n<td data-start=\"2121\" data-end=\"2132\" data-col-size=\"sm\">Materijal<\/td>\n<td data-start=\"2132\" data-end=\"2168\" data-col-size=\"md\">Corten \u010delik (otporan na vremenske uvjete)<\/td>\n<\/tr>\n<tr data-start=\"2169\" data-end=\"2195\">\n<td data-start=\"2169\" data-end=\"2177\" data-col-size=\"sm\">Kat<\/td>\n<td data-start=\"2177\" data-end=\"2195\" data-col-size=\"md\">Brodska \u0161perplo\u010da<\/td>\n<\/tr>\n<tr data-start=\"2196\" data-end=\"2249\">\n<td data-start=\"2196\" data-end=\"2204\" data-col-size=\"sm\">Vrata<\/td>\n<td data-start=\"2204\" data-end=\"2249\" data-col-size=\"md\">Bo\u010dna vrata pune du\u017eine + stra\u017enja teretna vrata<\/td>\n<\/tr>\n<tr data-start=\"2250\" data-end=\"2294\">\n<td data-start=\"2250\" data-end=\"2267\" data-col-size=\"sm\">Sustav zaklju\u010davanja<\/td>\n<td data-start=\"2267\" data-end=\"2294\" data-col-size=\"md\">Te\u0161ke zaporne \u0161ipke<\/td>\n<\/tr>\n<tr data-start=\"2295\" data-end=\"2321\">\n<td data-start=\"2295\" data-end=\"2314\" data-col-size=\"sm\">D\u017eepovi za vili\u010dar<\/td>\n<td data-start=\"2314\" data-end=\"2321\" data-col-size=\"md\">Da<\/td>\n<\/tr>\n<tr data-start=\"2322\" data-end=\"2345\">\n<td data-start=\"2322\" data-end=\"2338\" data-col-size=\"sm\">CSC certificirano<\/td>\n<td data-start=\"2338\" data-end=\"2345\" data-col-size=\"md\">Da<\/td>\n<\/tr>\n<tr data-start=\"2346\" data-end=\"2365\">\n<td data-start=\"2346\" data-end=\"2358\" data-col-size=\"sm\">Mo\u017ee se slagati<\/td>\n<td data-start=\"2358\" data-end=\"2365\" data-col-size=\"md\">Da<\/td>\n<\/tr>\n<\/tbody>\n<\/table>\n<\/div>\n<\/div>\n<hr data-start=\"2367\" data-end=\"2370\">\n<h3 data-start=\"2372\" data-end=\"2395\">Vanjske dimenzije<\/h3>\n<div class=\"TyagGW_tableContainer\">\n<div class=\"group TyagGW_tableWrapper flex w-fit flex-col-reverse\" tabindex=\"-1\">\n<table class=\"w-fit min-w-(--thread-content-width)\" data-start=\"2397\" data-end=\"2502\">\n<thead data-start=\"2397\" data-end=\"2420\">\n<tr data-start=\"2397\" data-end=\"2420\">\n<th data-start=\"2397\" data-end=\"2411\" data-col-size=\"sm\">Mjerenje<\/th>\n<th data-start=\"2411\" data-end=\"2420\" data-col-size=\"sm\">Vrijednost<\/th>\n<\/tr>\n<\/thead>\n<tbody data-start=\"2437\" data-end=\"2502\">\n<tr data-start=\"2437\" data-end=\"2459\">\n<td data-start=\"2437\" data-end=\"2446\" data-col-size=\"sm\">Duljina<\/td>\n<td data-start=\"2446\" data-end=\"2459\" data-col-size=\"sm\">12.192 mm<\/td>\n<\/tr>\n<tr data-start=\"2460\" data-end=\"2480\">\n<td data-start=\"2460\" data-end=\"2468\" data-col-size=\"sm\">\u0160irina<\/td>\n<td data-start=\"2468\" data-end=\"2480\" data-col-size=\"sm\">2.438 mm<\/td>\n<\/tr>\n<tr data-start=\"2481\" data-end=\"2502\">\n<td data-start=\"2481\" data-end=\"2490\" data-col-size=\"sm\">Visina<\/td>\n<td data-start=\"2490\" data-end=\"2502\" data-col-size=\"sm\">2.896 mm<\/td>\n<\/tr>\n<\/tbody>\n<\/table>\n<\/div>\n<\/div>\n<hr data-start=\"2504\" data-end=\"2507\">\n<h3 data-start=\"2509\" data-end=\"2532\">Unutarnje dimenzije<\/h3>\n<div class=\"TyagGW_tableContainer\">\n<div class=\"group TyagGW_tableWrapper flex w-fit flex-col-reverse\" tabindex=\"-1\">\n<table class=\"w-fit min-w-(--thread-content-width)\" data-start=\"2534\" data-end=\"2663\">\n<thead data-start=\"2534\" data-end=\"2557\">\n<tr data-start=\"2534\" data-end=\"2557\">\n<th data-start=\"2534\" data-end=\"2548\" data-col-size=\"sm\">Mjerenje<\/th>\n<th data-start=\"2548\" data-end=\"2557\" data-col-size=\"sm\">Vrijednost<\/th>\n<\/tr>\n<\/thead>\n<tbody data-start=\"2574\" data-end=\"2663\">\n<tr data-start=\"2574\" data-end=\"2604\">\n<td data-start=\"2574\" data-end=\"2583\" data-col-size=\"sm\">Duljina<\/td>\n<td data-start=\"2583\" data-end=\"2604\" data-col-size=\"sm\">Otprilike 12.032 mm<\/td>\n<\/tr>\n<tr data-start=\"2605\" data-end=\"2633\">\n<td data-start=\"2605\" data-end=\"2613\" data-col-size=\"sm\">\u0160irina<\/td>\n<td data-start=\"2613\" data-end=\"2633\" data-col-size=\"sm\">Otprilike 2.352 mm<\/td>\n<\/tr>\n<tr data-start=\"2634\" data-end=\"2663\">\n<td data-start=\"2634\" data-end=\"2643\" data-col-size=\"sm\">Visina<\/td>\n<td data-start=\"2643\" data-end=\"2663\" data-col-size=\"sm\">Otprilike 2.698 mm<\/td>\n<\/tr>\n<\/tbody>\n<\/table>\n<\/div>\n<\/div>\n<hr data-start=\"2665\" data-end=\"2668\">\n<h3 data-start=\"2670\" data-end=\"2698\">Dimenzije vrata i pristup<\/h3>\n<div class=\"TyagGW_tableContainer\">\n<div class=\"group TyagGW_tableWrapper flex w-fit flex-col-reverse\" tabindex=\"-1\">\n<table class=\"w-fit min-w-(--thread-content-width)\" data-start=\"2700\" data-end=\"2923\">\n<thead data-start=\"2700\" data-end=\"2725\">\n<tr data-start=\"2700\" data-end=\"2725\">\n<th data-start=\"2700\" data-end=\"2710\" data-col-size=\"sm\">Zna\u010dajka<\/th>\n<th data-start=\"2710\" data-end=\"2725\" data-col-size=\"sm\">Mjerenje<\/th>\n<\/tr>\n<\/thead>\n<tbody data-start=\"2747\" data-end=\"2923\">\n<tr data-start=\"2747\" data-end=\"2792\">\n<td data-start=\"2747\" data-end=\"2767\" data-col-size=\"sm\">Otvaranje bo\u010dnih vrata<\/td>\n<td data-start=\"2767\" data-end=\"2792\" data-col-size=\"sm\">Puna duljina spremnika<\/td>\n<\/tr>\n<tr data-start=\"2793\" data-end=\"2839\">\n<td data-start=\"2793\" data-end=\"2819\" data-col-size=\"sm\">\u0160irina otvora stra\u017enjih vrata<\/td>\n<td data-start=\"2819\" data-end=\"2839\" data-col-size=\"sm\">Otprilike 2.343 mm<\/td>\n<\/tr>\n<tr data-start=\"2840\" data-end=\"2887\">\n<td data-start=\"2840\" data-end=\"2867\" data-col-size=\"sm\">Visina otvaranja stra\u017enjih vrata<\/td>\n<td data-start=\"2867\" data-end=\"2887\" data-col-size=\"sm\">Otprilike 2.585 mm<\/td>\n<\/tr>\n<tr data-start=\"2888\" data-end=\"2923\">\n<td data-start=\"2888\" data-end=\"2909\" data-col-size=\"sm\">Kut otvaranja vrata<\/td>\n<td data-start=\"2909\" data-end=\"2923\" data-col-size=\"sm\">Do 270\u00b0<\/td>\n<\/tr>\n<\/tbody>\n<\/table>\n<\/div>\n<\/div>\n<hr data-start=\"2925\" data-end=\"2928\">\n<h3 data-start=\"2930\" data-end=\"2967\">Dimenzije \u2013 Zatvorena vrata u odnosu na otvorena vrata<\/h3>\n<div class=\"TyagGW_tableContainer\">\n<div class=\"group TyagGW_tableWrapper flex w-fit flex-col-reverse\" tabindex=\"-1\">\n<table class=\"w-fit min-w-(--thread-content-width)\" data-start=\"2969\" data-end=\"3217\">\n<thead data-start=\"2969\" data-end=\"2998\">\n<tr data-start=\"2969\" data-end=\"2998\">\n<th data-start=\"2969\" data-end=\"2985\" data-col-size=\"sm\">Konfiguracija<\/th>\n<th data-start=\"2985\" data-end=\"2998\" data-col-size=\"sm\">Dimenzija<\/th>\n<\/tr>\n<\/thead>\n<tbody data-start=\"3020\" data-end=\"3217\">\n<tr data-start=\"3020\" data-end=\"3063\">\n<td data-start=\"3020\" data-end=\"3050\" data-col-size=\"sm\">Ukupna duljina (vrata zatvorena)<\/td>\n<td data-start=\"3050\" data-end=\"3063\" data-col-size=\"sm\">12.192 mm<\/td>\n<\/tr>\n<tr data-start=\"3064\" data-end=\"3128\">\n<td data-start=\"3064\" data-end=\"3103\" data-col-size=\"sm\">Potreban bo\u010dni razmak (vrata otvorena)<\/td>\n<td data-start=\"3103\" data-end=\"3128\" data-col-size=\"sm\">Puna duljina spremnika<\/td>\n<\/tr>\n<tr data-start=\"3129\" data-end=\"3184\">\n<td data-start=\"3129\" data-end=\"3164\" data-col-size=\"sm\">Stra\u017enji prostor (vrata se otvaraju 270\u00b0)<\/td>\n<td data-start=\"3164\" data-end=\"3184\" data-col-size=\"sm\">Otprilike 1200 mm<\/td>\n<\/tr>\n<tr data-start=\"3185\" data-end=\"3217\">\n<td data-start=\"3185\" data-end=\"3202\" data-col-size=\"sm\">Mogu\u0107nosti pristupa<\/td>\n<td data-start=\"3202\" data-end=\"3217\" data-col-size=\"sm\">Bo\u010dno i stra\u017enje<\/td>\n<\/tr>\n<\/tbody>\n<\/table>\n<\/div>\n<\/div>\n<hr data-start=\"3219\" data-end=\"3222\">\n<h3 data-start=\"3224\" data-end=\"3245\">Te\u017eina i kapacitet<\/h3>\n<div class=\"TyagGW_tableContainer\">\n<div class=\"group TyagGW_tableWrapper flex w-fit flex-col-reverse\" tabindex=\"-1\">\n<table class=\"w-fit min-w-(--thread-content-width)\" data-start=\"3247\" data-end=\"3505\">\n<thead data-start=\"3247\" data-end=\"3274\">\n<tr data-start=\"3247\" data-end=\"3274\">\n<th data-start=\"3247\" data-end=\"3257\" data-col-size=\"sm\">Zna\u010dajka<\/th>\n<th data-start=\"3257\" data-end=\"3274\" data-col-size=\"sm\">Specifikacija<\/th>\n<\/tr>\n<\/thead>\n<tbody data-start=\"3298\" data-end=\"3505\">\n<tr data-start=\"3298\" data-end=\"3332\">\n<td data-start=\"3298\" data-end=\"3312\" data-col-size=\"sm\">Tara te\u017eina<\/td>\n<td data-start=\"3312\" data-end=\"3332\" data-col-size=\"sm\">Otprilike 4.800 kg<\/td>\n<\/tr>\n<tr data-start=\"3333\" data-end=\"3372\">\n<td data-start=\"3333\" data-end=\"3351\" data-col-size=\"sm\">Maksimalni korisni teret<\/td>\n<td data-start=\"3351\" data-end=\"3372\" data-col-size=\"sm\">Otprilike 27.700 kg<\/td>\n<\/tr>\n<tr data-start=\"3373\" data-end=\"3409\">\n<td data-start=\"3373\" data-end=\"3396\" data-col-size=\"sm\">Maksimalna bruto te\u017eina<\/td>\n<td data-start=\"3396\" data-end=\"3409\" data-col-size=\"sm\">32.500 kg<\/td>\n<\/tr>\n<tr data-start=\"3410\" data-end=\"3447\">\n<td data-start=\"3410\" data-end=\"3428\" data-col-size=\"sm\">Unutarnji volumen<\/td>\n<td data-start=\"3428\" data-end=\"3447\" data-col-size=\"sm\">Otprilike 76,4 m\u00b3<\/td>\n<\/tr>\n<tr data-start=\"3448\" data-end=\"3505\">\n<td data-start=\"3448\" data-end=\"3471\" data-col-size=\"sm\">Kapacitet euro paleta<\/td>\n<td data-start=\"3471\" data-end=\"3505\" data-col-size=\"sm\">Do 25 paleta (bo\u010dno utovarivanje)<\/td>\n<\/tr>\n<\/tbody>\n<\/table>\n<\/div>\n<\/div>\n<\/div>\n<\/div>\n<\/div>\n<\/div>\n<\/div>\n<\/div>\n","protected":false},"excerpt":{"rendered":"<p>Na\u0161 40-stopni visoki kockasti otvoreni bo\u010dni brodski kontejner u antracit sivoj boji nudi maksimalni unutarnji volumen s bo\u010dnim pristupom u cijeloj du\u017eini. U novom stanju za jednokratnu upotrebu, idealan je za velike projekte skladi\u0161tenja, logistike, radionica i prenamjene kontejnera koji zahtijevaju i prostor i pristupa\u010dnost. <\/p>\n","protected":false},"featured_media":2166,"comment_status":"open","ping_status":"closed","template":"","meta":{"_kad_blocks_custom_css":"","_kad_blocks_head_custom_js":"","_kad_blocks_body_custom_js":"","_kad_blocks_footer_custom_js":"","_kad_post_transparent":"","_kad_post_title":"","_kad_post_layout":"","_kad_post_sidebar_id":"","_kad_post_content_style":"","_kad_post_vertical_padding":"","_kad_post_feature":"","_kad_post_feature_position":"","_kad_post_header":false,"_kad_post_footer":false,"_kad_post_classname":""},"product_brand":[],"product_cat":[245,194],"product_tag":[],"product_brands":[311],"class_list":{"0":"post-2158","1":"product","2":"type-product","3":"status-publish","4":"has-post-thumbnail","6":"product_cat-kontejner-od-40-stopa","7":"product_cat-otvoreni-bocni-kontejneri","8":"pa_container-condition-novo-jedno-putovanje","9":"pa_container-type-otvoreni-bocni-kontejner","10":"pa_contanier-size-12-metara-visoka-kocka","11":"product_brands-swiety-marcin-poland","13":"first","14":"instock","15":"sale","16":"taxable","17":"shipping-taxable","18":"purchasable","19":"product-type-simple","20":"entry","21":"content-bg","22":"loop-entry"},"taxonomy_info":{"product_cat":[{"value":245,"label":"Kontejner od 40 stopa"},{"value":194,"label":"Otvoreni bo\u010dni kontejneri"}],"pa_container-condition":[{"value":166,"label":"Novo (jedno putovanje)"}],"pa_container-type":[{"value":192,"label":"Otvoreni bo\u010dni kontejner"}],"pa_contanier-size":[{"value":199,"label":"12 metara visoka kocka"}],"product_brands":[{"value":311,"label":"\u015awi\u0119ty Marcin, Poland"}]},"featured_image_src_large":["https:\/\/olborglogistics.com\/wp-content\/uploads\/2025\/12\/40FT-high-cube-container-mit-offener-seite-RAL-7016.jpg",1021,766,false],"author_info":[],"comment_info":0,"_links":{"self":[{"href":"https:\/\/olborglogistics.com\/hr\/wp-json\/wp\/v2\/product\/2158","targetHints":{"allow":["GET"]}}],"collection":[{"href":"https:\/\/olborglogistics.com\/hr\/wp-json\/wp\/v2\/product"}],"about":[{"href":"https:\/\/olborglogistics.com\/hr\/wp-json\/wp\/v2\/types\/product"}],"replies":[{"embeddable":true,"href":"https:\/\/olborglogistics.com\/hr\/wp-json\/wp\/v2\/comments?post=2158"}],"wp:featuredmedia":[{"embeddable":true,"href":"https:\/\/olborglogistics.com\/hr\/wp-json\/wp\/v2\/media\/2166"}],"wp:attachment":[{"href":"https:\/\/olborglogistics.com\/hr\/wp-json\/wp\/v2\/media?parent=2158"}],"wp:term":[{"taxonomy":"product_brand","embeddable":true,"href":"https:\/\/olborglogistics.com\/hr\/wp-json\/wp\/v2\/product_brand?post=2158"},{"taxonomy":"product_cat","embeddable":true,"href":"https:\/\/olborglogistics.com\/hr\/wp-json\/wp\/v2\/product_cat?post=2158"},{"taxonomy":"product_tag","embeddable":true,"href":"https:\/\/olborglogistics.com\/hr\/wp-json\/wp\/v2\/product_tag?post=2158"},{"taxonomy":"product_brands","embeddable":true,"href":"https:\/\/olborglogistics.com\/hr\/wp-json\/wp\/v2\/product_brands?post=2158"}],"curies":[{"name":"wp","href":"https:\/\/api.w.org\/{rel}","templated":true}]}}