{"id":2134,"date":"2025-12-22T09:50:04","date_gmt":"2025-12-22T09:50:04","guid":{"rendered":"https:\/\/olborglogistics.com\/product\/40-stopa-visoki-kockasti-kontejner-s-otvorenim-stranicama-kobaltno-plave-boje\/"},"modified":"2026-01-21T08:10:54","modified_gmt":"2026-01-21T08:10:54","slug":"40-stopa-visoki-kockasti-kontejner-s-otvorenim-stranicama-kobaltno-plave-boje","status":"publish","type":"product","link":"https:\/\/olborglogistics.com\/hr\/proizvod\/40-stopa-visoki-kockasti-kontejner-s-otvorenim-stranicama-kobaltno-plave-boje\/","title":{"rendered":"40 stopa visoki kockasti kontejner s otvorenim stranicama, kobaltno plave boje"},"content":{"rendered":"<p data-start=\"622\" data-end=\"1014\"><strong data-start=\"626\" data-end=\"698\">12-metarski visoki kockasti brodski kontejner s otvorenim bo\u010dnim stranama \u2013 kobaltno plava (za jedno putovanje)<\/strong> je visokou\u010dinkovito kontejnersko rje\u0161enje dizajnirano za projekte koji zahtijevaju <strong data-start=\"774\" data-end=\"817\">prostor, pristupa\u010dnost i vizualni dojam<\/strong> . S produ\u017eenom duljinom od 12 metara, pove\u0107anom visinom High Cube-a i vratima koja se otvaraju u potpunosti sa strane, ovaj kontejner omogu\u0107uje brz i u\u010dinkovit utovar prevelike ili paletizirane robe du\u017e cijele duljine.<\/p>\n<p data-start=\"1016\" data-end=\"1378\">Kao <strong data-start=\"1021\" data-end=\"1043\">kontejner za jednokratnu upotrebu<\/strong> , kori\u0161ten je samo jednom za me\u0111unarodni prijevoz tereta i jo\u0161 uvijek je u izvrsnom, gotovo novom stanju. Izra\u0111en od izdr\u017eljivog <strong data-start=\"1171\" data-end=\"1187\">kortenskog \u010delika<\/strong> , spremnik pru\u017ea dugotrajnu otpornost na koroziju, te\u0161ku upotrebu i te\u0161ke vremenske uvjete. Kada je zatvoren, ostaje potpuno nepropusn za vjetar i vodu, osiguravaju\u0107i sigurnu pohranu u svakom trenutku.<\/p>\n<p data-start=\"1380\" data-end=\"1745\"><strong data-start=\"1384\" data-end=\"1404\">Dizajn High Cube<\/strong> pru\u017ea dodatni vertikalni razmak, \u0161to ovaj kontejner \u010dini posebno prikladnim za visoku opremu, police i prenamjene velikih kontejnera. <strong data-start=\"1570\" data-end=\"1597\">Otvorena bo\u010dna konfiguracija<\/strong> zna\u010dajno pobolj\u0161ava operativnu u\u010dinkovitost, posebno u logistici, industrijskom skladi\u0161tenju, radionicama i projektima maloprodajnih ili izlo\u017ebenih kontejnera.<\/p>\n<p data-start=\"1747\" data-end=\"1993\">Zavr\u0161en u upe\u010datljivoj <strong data-start=\"1770\" data-end=\"1785\">kobaltno plavoj boji<\/strong> , ovaj kontejner se vizualno isti\u010de i vrlo je prikladan za instalacije usmjerene na brendiranje, komercijalne lokacije, logisti\u010dka sredi\u0161ta i moderne kontejnerske razvojne projekte gdje je izgled jednako va\u017ean kao i performanse.<\/p>\n<hr data-start=\"1995\" data-end=\"1998\">\n<h2 data-start=\"2000\" data-end=\"2027\">Tehni\u010dke specifikacije<\/h2>\n<h3 data-start=\"2029\" data-end=\"2052\">Op\u0107e informacije<\/h3>\n<div class=\"TyagGW_tableContainer\">\n<div class=\"group TyagGW_tableWrapper flex w-fit flex-col-reverse\" tabindex=\"-1\">\n<table class=\"w-fit min-w-(--thread-content-width)\" data-start=\"2054\" data-end=\"2451\">\n<thead data-start=\"2054\" data-end=\"2081\">\n<tr data-start=\"2054\" data-end=\"2081\">\n<th data-start=\"2054\" data-end=\"2064\" data-col-size=\"sm\">Zna\u010dajka<\/th>\n<th data-start=\"2064\" data-end=\"2081\" data-col-size=\"md\">Specifikacija<\/th>\n<\/tr>\n<\/thead>\n<tbody data-start=\"2105\" data-end=\"2451\">\n<tr data-start=\"2105\" data-end=\"2150\">\n<td data-start=\"2105\" data-end=\"2122\" data-col-size=\"sm\">Vrsta kontejnera<\/td>\n<td data-start=\"2122\" data-end=\"2150\" data-col-size=\"md\">12 metara visoka kocka otvorene strane<\/td>\n<\/tr>\n<tr data-start=\"2151\" data-end=\"2181\">\n<td data-start=\"2151\" data-end=\"2163\" data-col-size=\"sm\">Stanje<\/td>\n<td data-start=\"2163\" data-end=\"2181\" data-col-size=\"md\">Novo \/ Jednokratno putovanje<\/td>\n<\/tr>\n<tr data-start=\"2182\" data-end=\"2206\">\n<td data-start=\"2182\" data-end=\"2191\" data-col-size=\"sm\">Boja<\/td>\n<td data-start=\"2191\" data-end=\"2206\" data-col-size=\"md\">Kobaltno plava<\/td>\n<\/tr>\n<tr data-start=\"2207\" data-end=\"2254\">\n<td data-start=\"2207\" data-end=\"2218\" data-col-size=\"sm\">Materijal<\/td>\n<td data-start=\"2218\" data-end=\"2254\" data-col-size=\"md\">Corten \u010delik (otporan na vremenske uvjete)<\/td>\n<\/tr>\n<tr data-start=\"2255\" data-end=\"2281\">\n<td data-start=\"2255\" data-end=\"2263\" data-col-size=\"sm\">Kat<\/td>\n<td data-start=\"2263\" data-end=\"2281\" data-col-size=\"md\">Brodska \u0161perplo\u010da<\/td>\n<\/tr>\n<tr data-start=\"2282\" data-end=\"2335\">\n<td data-start=\"2282\" data-end=\"2290\" data-col-size=\"sm\">Vrata<\/td>\n<td data-start=\"2290\" data-end=\"2335\" data-col-size=\"md\">Bo\u010dna vrata pune du\u017eine + stra\u017enja teretna vrata<\/td>\n<\/tr>\n<tr data-start=\"2336\" data-end=\"2380\">\n<td data-start=\"2336\" data-end=\"2353\" data-col-size=\"sm\">Sustav zaklju\u010davanja<\/td>\n<td data-start=\"2353\" data-end=\"2380\" data-col-size=\"md\">Te\u0161ke zaporne \u0161ipke<\/td>\n<\/tr>\n<tr data-start=\"2381\" data-end=\"2407\">\n<td data-start=\"2381\" data-end=\"2400\" data-col-size=\"sm\">D\u017eepovi za vili\u010dar<\/td>\n<td data-start=\"2400\" data-end=\"2407\" data-col-size=\"md\">Da<\/td>\n<\/tr>\n<tr data-start=\"2408\" data-end=\"2431\">\n<td data-start=\"2408\" data-end=\"2424\" data-col-size=\"sm\">CSC certificirano<\/td>\n<td data-start=\"2424\" data-end=\"2431\" data-col-size=\"md\">Da<\/td>\n<\/tr>\n<tr data-start=\"2432\" data-end=\"2451\">\n<td data-start=\"2432\" data-end=\"2444\" data-col-size=\"sm\">Mo\u017ee se slagati<\/td>\n<td data-start=\"2444\" data-end=\"2451\" data-col-size=\"md\">Da<\/td>\n<\/tr>\n<\/tbody>\n<\/table>\n<\/div>\n<\/div>\n<hr data-start=\"2453\" data-end=\"2456\">\n<h3 data-start=\"2458\" data-end=\"2481\">Vanjske dimenzije<\/h3>\n<div class=\"TyagGW_tableContainer\">\n<div class=\"group TyagGW_tableWrapper flex w-fit flex-col-reverse\" tabindex=\"-1\">\n<table class=\"w-fit min-w-(--thread-content-width)\" data-start=\"2483\" data-end=\"2588\">\n<thead data-start=\"2483\" data-end=\"2506\">\n<tr data-start=\"2483\" data-end=\"2506\">\n<th data-start=\"2483\" data-end=\"2497\" data-col-size=\"sm\">Mjerenje<\/th>\n<th data-start=\"2497\" data-end=\"2506\" data-col-size=\"sm\">Vrijednost<\/th>\n<\/tr>\n<\/thead>\n<tbody data-start=\"2523\" data-end=\"2588\">\n<tr data-start=\"2523\" data-end=\"2545\">\n<td data-start=\"2523\" data-end=\"2532\" data-col-size=\"sm\">Duljina<\/td>\n<td data-start=\"2532\" data-end=\"2545\" data-col-size=\"sm\">12.192 mm<\/td>\n<\/tr>\n<tr data-start=\"2546\" data-end=\"2566\">\n<td data-start=\"2546\" data-end=\"2554\" data-col-size=\"sm\">\u0160irina<\/td>\n<td data-start=\"2554\" data-end=\"2566\" data-col-size=\"sm\">2.438 mm<\/td>\n<\/tr>\n<tr data-start=\"2567\" data-end=\"2588\">\n<td data-start=\"2567\" data-end=\"2576\" data-col-size=\"sm\">Visina<\/td>\n<td data-start=\"2576\" data-end=\"2588\" data-col-size=\"sm\">2.896 mm<\/td>\n<\/tr>\n<\/tbody>\n<\/table>\n<\/div>\n<\/div>\n<hr data-start=\"2590\" data-end=\"2593\">\n<h3 data-start=\"2595\" data-end=\"2618\">Unutarnje dimenzije<\/h3>\n<div class=\"TyagGW_tableContainer\">\n<div class=\"group TyagGW_tableWrapper flex w-fit flex-col-reverse\" tabindex=\"-1\">\n<table class=\"w-fit min-w-(--thread-content-width)\" data-start=\"2620\" data-end=\"2749\">\n<thead data-start=\"2620\" data-end=\"2643\">\n<tr data-start=\"2620\" data-end=\"2643\">\n<th data-start=\"2620\" data-end=\"2634\" data-col-size=\"sm\">Mjerenje<\/th>\n<th data-start=\"2634\" data-end=\"2643\" data-col-size=\"sm\">Vrijednost<\/th>\n<\/tr>\n<\/thead>\n<tbody data-start=\"2660\" data-end=\"2749\">\n<tr data-start=\"2660\" data-end=\"2690\">\n<td data-start=\"2660\" data-end=\"2669\" data-col-size=\"sm\">Duljina<\/td>\n<td data-start=\"2669\" data-end=\"2690\" data-col-size=\"sm\">Otprilike 12.032 mm<\/td>\n<\/tr>\n<tr data-start=\"2691\" data-end=\"2719\">\n<td data-start=\"2691\" data-end=\"2699\" data-col-size=\"sm\">\u0160irina<\/td>\n<td data-start=\"2699\" data-end=\"2719\" data-col-size=\"sm\">Otprilike 2.352 mm<\/td>\n<\/tr>\n<tr data-start=\"2720\" data-end=\"2749\">\n<td data-start=\"2720\" data-end=\"2729\" data-col-size=\"sm\">Visina<\/td>\n<td data-start=\"2729\" data-end=\"2749\" data-col-size=\"sm\">Otprilike 2.698 mm<\/td>\n<\/tr>\n<\/tbody>\n<\/table>\n<\/div>\n<\/div>\n<hr data-start=\"2751\" data-end=\"2754\">\n<h3 data-start=\"2756\" data-end=\"2784\">Dimenzije vrata i pristup<\/h3>\n<div class=\"TyagGW_tableContainer\">\n<div class=\"group TyagGW_tableWrapper flex w-fit flex-col-reverse\" tabindex=\"-1\">\n<table class=\"w-fit min-w-(--thread-content-width)\" data-start=\"2786\" data-end=\"3009\">\n<thead data-start=\"2786\" data-end=\"2811\">\n<tr data-start=\"2786\" data-end=\"2811\">\n<th data-start=\"2786\" data-end=\"2796\" data-col-size=\"sm\">Zna\u010dajka<\/th>\n<th data-start=\"2796\" data-end=\"2811\" data-col-size=\"sm\">Mjerenje<\/th>\n<\/tr>\n<\/thead>\n<tbody data-start=\"2833\" data-end=\"3009\">\n<tr data-start=\"2833\" data-end=\"2878\">\n<td data-start=\"2833\" data-end=\"2853\" data-col-size=\"sm\">Otvaranje bo\u010dnih vrata<\/td>\n<td data-start=\"2853\" data-end=\"2878\" data-col-size=\"sm\">Puna duljina spremnika<\/td>\n<\/tr>\n<tr data-start=\"2879\" data-end=\"2925\">\n<td data-start=\"2879\" data-end=\"2905\" data-col-size=\"sm\">\u0160irina otvora stra\u017enjih vrata<\/td>\n<td data-start=\"2905\" data-end=\"2925\" data-col-size=\"sm\">Otprilike 2.343 mm<\/td>\n<\/tr>\n<tr data-start=\"2926\" data-end=\"2973\">\n<td data-start=\"2926\" data-end=\"2953\" data-col-size=\"sm\">Visina otvaranja stra\u017enjih vrata<\/td>\n<td data-start=\"2953\" data-end=\"2973\" data-col-size=\"sm\">Otprilike 2.585 mm<\/td>\n<\/tr>\n<tr data-start=\"2974\" data-end=\"3009\">\n<td data-start=\"2974\" data-end=\"2995\" data-col-size=\"sm\">Kut otvaranja vrata<\/td>\n<td data-start=\"2995\" data-end=\"3009\" data-col-size=\"sm\">Do 270\u00b0<\/td>\n<\/tr>\n<\/tbody>\n<\/table>\n<\/div>\n<\/div>\n<hr data-start=\"3011\" data-end=\"3014\">\n<h3 data-start=\"3016\" data-end=\"3053\">Dimenzije \u2013 Zatvorena vrata u odnosu na otvorena vrata<\/h3>\n<div class=\"TyagGW_tableContainer\">\n<div class=\"group TyagGW_tableWrapper flex w-fit flex-col-reverse\" tabindex=\"-1\">\n<table class=\"w-fit min-w-(--thread-content-width)\" data-start=\"3055\" data-end=\"3303\">\n<thead data-start=\"3055\" data-end=\"3084\">\n<tr data-start=\"3055\" data-end=\"3084\">\n<th data-start=\"3055\" data-end=\"3071\" data-col-size=\"sm\">Konfiguracija<\/th>\n<th data-start=\"3071\" data-end=\"3084\" data-col-size=\"sm\">Dimenzija<\/th>\n<\/tr>\n<\/thead>\n<tbody data-start=\"3106\" data-end=\"3303\">\n<tr data-start=\"3106\" data-end=\"3149\">\n<td data-start=\"3106\" data-end=\"3136\" data-col-size=\"sm\">Ukupna duljina (vrata zatvorena)<\/td>\n<td data-start=\"3136\" data-end=\"3149\" data-col-size=\"sm\">12.192 mm<\/td>\n<\/tr>\n<tr data-start=\"3150\" data-end=\"3214\">\n<td data-start=\"3150\" data-end=\"3189\" data-col-size=\"sm\">Potreban bo\u010dni razmak (vrata otvorena)<\/td>\n<td data-start=\"3189\" data-end=\"3214\" data-col-size=\"sm\">Puna duljina spremnika<\/td>\n<\/tr>\n<tr data-start=\"3215\" data-end=\"3270\">\n<td data-start=\"3215\" data-end=\"3250\" data-col-size=\"sm\">Stra\u017enji prostor (vrata se otvaraju 270\u00b0)<\/td>\n<td data-start=\"3250\" data-end=\"3270\" data-col-size=\"sm\">Otprilike 1200 mm<\/td>\n<\/tr>\n<tr data-start=\"3271\" data-end=\"3303\">\n<td data-start=\"3271\" data-end=\"3288\" data-col-size=\"sm\">Mogu\u0107nosti pristupa<\/td>\n<td data-start=\"3288\" data-end=\"3303\" data-col-size=\"sm\">Bo\u010dno i stra\u017enje<\/td>\n<\/tr>\n<\/tbody>\n<\/table>\n<\/div>\n<\/div>\n<hr data-start=\"3305\" data-end=\"3308\">\n<h3 data-start=\"3310\" data-end=\"3331\">Te\u017eina i kapacitet<\/h3>\n<div class=\"TyagGW_tableContainer\">\n<div class=\"group TyagGW_tableWrapper flex w-fit flex-col-reverse\" tabindex=\"-1\">\n<table class=\"w-fit min-w-(--thread-content-width)\" data-start=\"3333\" data-end=\"3591\">\n<thead data-start=\"3333\" data-end=\"3360\">\n<tr data-start=\"3333\" data-end=\"3360\">\n<th data-start=\"3333\" data-end=\"3343\" data-col-size=\"sm\">Zna\u010dajka<\/th>\n<th data-start=\"3343\" data-end=\"3360\" data-col-size=\"sm\">Specifikacija<\/th>\n<\/tr>\n<\/thead>\n<tbody data-start=\"3384\" data-end=\"3591\">\n<tr data-start=\"3384\" data-end=\"3418\">\n<td data-start=\"3384\" data-end=\"3398\" data-col-size=\"sm\">Tara te\u017eina<\/td>\n<td data-start=\"3398\" data-end=\"3418\" data-col-size=\"sm\">Otprilike 4.800 kg<\/td>\n<\/tr>\n<tr data-start=\"3419\" data-end=\"3458\">\n<td data-start=\"3419\" data-end=\"3437\" data-col-size=\"sm\">Maksimalni korisni teret<\/td>\n<td data-start=\"3437\" data-end=\"3458\" data-col-size=\"sm\">Otprilike 27.700 kg<\/td>\n<\/tr>\n<tr data-start=\"3459\" data-end=\"3495\">\n<td data-start=\"3459\" data-end=\"3482\" data-col-size=\"sm\">Maksimalna bruto te\u017eina<\/td>\n<td data-start=\"3482\" data-end=\"3495\" data-col-size=\"sm\">32.500 kg<\/td>\n<\/tr>\n<tr data-start=\"3496\" data-end=\"3533\">\n<td data-start=\"3496\" data-end=\"3514\" data-col-size=\"sm\">Unutarnji volumen<\/td>\n<td data-start=\"3514\" data-end=\"3533\" data-col-size=\"sm\">Otprilike 76,4 m\u00b3<\/td>\n<\/tr>\n<tr data-start=\"3534\" data-end=\"3591\">\n<td data-start=\"3534\" data-end=\"3557\" data-col-size=\"sm\">Kapacitet euro paleta<\/td>\n<td data-start=\"3557\" data-end=\"3591\" data-col-size=\"sm\">Do 25 paleta (bo\u010dno utovarivanje)<\/td>\n<\/tr>\n<\/tbody>\n<\/table>\n<\/div>\n<\/div>\n","protected":false},"excerpt":{"rendered":"<p data-start=\"318\" data-end=\"594\">12-metarski visoki kockasti kontejner s otvorenim bo\u010dnim stranama u kobaltno plavoj boji nudi maksimalni kapacitet skladi\u0161tenja s bo\u010dnim pristupom u cijeloj du\u017eini i dodatnom unutarnjom visinom. U novom stanju za jednokratnu upotrebu, idealan je za velike skladi\u0161ne \u200b\u200bprojekte, logistiku, radionice i projekte kontejnera visoke vidljivosti. <\/p>\n","protected":false},"featured_media":2141,"comment_status":"open","ping_status":"closed","template":"","meta":{"_kad_blocks_custom_css":"","_kad_blocks_head_custom_js":"","_kad_blocks_body_custom_js":"","_kad_blocks_footer_custom_js":"","_kad_post_transparent":"","_kad_post_title":"","_kad_post_layout":"","_kad_post_sidebar_id":"","_kad_post_content_style":"","_kad_post_vertical_padding":"","_kad_post_feature":"","_kad_post_feature_position":"","_kad_post_header":false,"_kad_post_footer":false,"_kad_post_classname":""},"product_brand":[],"product_cat":[245,194],"product_tag":[],"product_brands":[],"class_list":{"0":"post-2134","1":"product","2":"type-product","3":"status-publish","4":"has-post-thumbnail","6":"product_cat-kontejner-od-40-stopa","7":"product_cat-otvoreni-bocni-kontejneri","8":"pa_container-condition-novo-jedno-putovanje","9":"pa_container-type-otvoreni-bocni-kontejner","10":"pa_contanier-size-12-metara","12":"first","13":"instock","14":"taxable","15":"shipping-taxable","16":"purchasable","17":"product-type-simple","18":"entry","19":"content-bg","20":"loop-entry"},"taxonomy_info":{"product_cat":[{"value":245,"label":"Kontejner od 40 stopa"},{"value":194,"label":"Otvoreni bo\u010dni kontejneri"}],"pa_container-condition":[{"value":166,"label":"Novo (jedno putovanje)"}],"pa_container-type":[{"value":192,"label":"Otvoreni bo\u010dni kontejner"}],"pa_contanier-size":[{"value":193,"label":"12 metara"}]},"featured_image_src_large":["https:\/\/olborglogistics.com\/wp-content\/uploads\/2025\/12\/40FT-high-cube-container-mit-offener-seite-RAL-5010-4.jpg",1021,766,false],"author_info":[],"comment_info":0,"_links":{"self":[{"href":"https:\/\/olborglogistics.com\/hr\/wp-json\/wp\/v2\/product\/2134","targetHints":{"allow":["GET"]}}],"collection":[{"href":"https:\/\/olborglogistics.com\/hr\/wp-json\/wp\/v2\/product"}],"about":[{"href":"https:\/\/olborglogistics.com\/hr\/wp-json\/wp\/v2\/types\/product"}],"replies":[{"embeddable":true,"href":"https:\/\/olborglogistics.com\/hr\/wp-json\/wp\/v2\/comments?post=2134"}],"wp:featuredmedia":[{"embeddable":true,"href":"https:\/\/olborglogistics.com\/hr\/wp-json\/wp\/v2\/media\/2141"}],"wp:attachment":[{"href":"https:\/\/olborglogistics.com\/hr\/wp-json\/wp\/v2\/media?parent=2134"}],"wp:term":[{"taxonomy":"product_brand","embeddable":true,"href":"https:\/\/olborglogistics.com\/hr\/wp-json\/wp\/v2\/product_brand?post=2134"},{"taxonomy":"product_cat","embeddable":true,"href":"https:\/\/olborglogistics.com\/hr\/wp-json\/wp\/v2\/product_cat?post=2134"},{"taxonomy":"product_tag","embeddable":true,"href":"https:\/\/olborglogistics.com\/hr\/wp-json\/wp\/v2\/product_tag?post=2134"},{"taxonomy":"product_brands","embeddable":true,"href":"https:\/\/olborglogistics.com\/hr\/wp-json\/wp\/v2\/product_brands?post=2134"}],"curies":[{"name":"wp","href":"https:\/\/api.w.org\/{rel}","templated":true}]}}