{"id":2119,"date":"2025-12-22T10:21:08","date_gmt":"2025-12-22T10:21:08","guid":{"rendered":"https:\/\/olborglogistics.com\/product\/garazni-kontejner-od-6-metara-s-rolo-vratima-novo\/"},"modified":"2026-01-26T21:55:53","modified_gmt":"2026-01-26T21:55:53","slug":"garazni-kontejner-od-6-metara-s-rolo-vratima-novo","status":"publish","type":"product","link":"https:\/\/olborglogistics.com\/hr\/proizvod\/garazni-kontejner-od-6-metara-s-rolo-vratima-novo\/","title":{"rendered":"Gara\u017eni kontejner od 6 metara s rolo vratima. Novo"},"content":{"rendered":"<p data-start=\"587\" data-end=\"915\"><strong data-start=\"591\" data-end=\"658\">Kontejner za gara\u017eu od 6 metara s rolo vratima \u2013 Novi (jednokratni prijevoz)<\/strong> prakti\u010dno je i robusno rje\u0161enje za kupce koji tra\u017ee sigurnu gara\u017eu ili skladi\u0161ni prostor u kompaktnom prostoru. Izra\u0111en od novog kontejnera za jednokratni prijevoz, u gotovo je novom stanju i nudi izvrsnu izdr\u017eljivost s minimalnim znakovima prethodne upotrebe.<\/p>\n<p data-start=\"917\" data-end=\"1268\">Za razliku od standardnih kontejnera s vratima za teret, ovaj gara\u017eni kontejner opremljen je <strong data-start=\"995\" data-end=\"1018\">rolo vratima<\/strong> , \u0161to omogu\u0107uje nesmetan i u\u010dinkovit pristup bez potrebe za dodatnim prostorom ispred kontejnera. Zbog toga je posebno prikladan za skladi\u0161tenje vozila s mogu\u0107no\u0161\u0107u ulaska u vozilo, radionice, motocikle, alate i strojeve &#8211; posebno u podru\u010djima s ograni\u010denim prostorom za no\u0161enje.<\/p>\n<p data-start=\"1270\" data-end=\"1597\">Izra\u0111en od visokokvalitetnog <strong data-start=\"1301\" data-end=\"1317\">corten \u010delika<\/strong> , spremnik pru\u017ea sna\u017enu otpornost na koroziju i te\u0161ke vremenske uvjete. Kada je zatvoren, ostaje potpuno nepropusno za vjetar i vodu, \u0161tite\u0107i pohranjene predmete od ki\u0161e, pra\u0161ine i neovla\u0161tenog pristupa. \u010cvrsti pod od \u0161perplo\u010de za brodove podnosi te\u0161ka optere\u0107enja i \u010destu svakodnevnu upotrebu.<\/p>\n<p data-start=\"1599\" data-end=\"1865\">Ova kontejnerska gara\u017ea se obi\u010dno koristi u stambenim objektima, gradili\u0161tima, industrijskim zonama i komercijalnim dvori\u0161tima. Tako\u0111er se mo\u017ee dodatno prilagoditi ventilacijom, elektri\u010dnim instalacijama, rasvjetom ili izolacijom, ovisno o namjeni. <\/p>\n<hr data-start=\"1867\" data-end=\"1870\">\n<h2 data-start=\"1872\" data-end=\"1899\">Tehni\u010dke specifikacije<\/h2>\n<h3 data-start=\"1901\" data-end=\"1924\">Op\u0107e informacije<\/h3>\n<div class=\"TyagGW_tableContainer\">\n<div class=\"group TyagGW_tableWrapper flex w-fit flex-col-reverse\" tabindex=\"-1\">\n<table class=\"w-fit min-w-(--thread-content-width)\" data-start=\"1926\" data-end=\"2346\">\n<thead data-start=\"1926\" data-end=\"1953\">\n<tr data-start=\"1926\" data-end=\"1953\">\n<th data-start=\"1926\" data-end=\"1936\" data-col-size=\"sm\">Zna\u010dajka<\/th>\n<th data-start=\"1936\" data-end=\"1953\" data-col-size=\"sm\">Specifikacija<\/th>\n<\/tr>\n<\/thead>\n<tbody data-start=\"1977\" data-end=\"2346\">\n<tr data-start=\"1977\" data-end=\"2019\">\n<td data-start=\"1977\" data-end=\"1994\" data-col-size=\"sm\">Vrsta kontejnera<\/td>\n<td data-start=\"1994\" data-end=\"2019\" data-col-size=\"sm\">Kontejner za gara\u017eu od 20 stopa<\/td>\n<\/tr>\n<tr data-start=\"2020\" data-end=\"2050\">\n<td data-start=\"2020\" data-end=\"2032\" data-col-size=\"sm\">Stanje<\/td>\n<td data-start=\"2032\" data-end=\"2050\" data-col-size=\"sm\">Novo \/ Jednokratno putovanje<\/td>\n<\/tr>\n<tr data-start=\"2051\" data-end=\"2098\">\n<td data-start=\"2051\" data-end=\"2062\" data-col-size=\"sm\">Materijal<\/td>\n<td data-start=\"2062\" data-end=\"2098\" data-col-size=\"sm\">Corten \u010delik (otporan na vremenske uvjete)<\/td>\n<\/tr>\n<tr data-start=\"2099\" data-end=\"2125\">\n<td data-start=\"2099\" data-end=\"2107\" data-col-size=\"sm\">Kat<\/td>\n<td data-start=\"2107\" data-end=\"2125\" data-col-size=\"sm\">Brodska \u0161perplo\u010da<\/td>\n<\/tr>\n<tr data-start=\"2126\" data-end=\"2161\">\n<td data-start=\"2126\" data-end=\"2138\" data-col-size=\"sm\">Vrsta vrata<\/td>\n<td data-start=\"2138\" data-end=\"2161\" data-col-size=\"sm\">Vrata s rolo zatvara\u010dima<\/td>\n<\/tr>\n<tr data-start=\"2162\" data-end=\"2213\">\n<td data-start=\"2162\" data-end=\"2179\" data-col-size=\"sm\">Rad vrata<\/td>\n<td data-start=\"2179\" data-end=\"2213\" data-col-size=\"sm\">Ru\u010dni ili motorizirani (opcionalno)<\/td>\n<\/tr>\n<tr data-start=\"2214\" data-end=\"2258\">\n<td data-start=\"2214\" data-end=\"2231\" data-col-size=\"sm\">Sustav zaklju\u010davanja<\/td>\n<td data-start=\"2231\" data-end=\"2258\" data-col-size=\"sm\">Integrirana brava zatvara\u010da<\/td>\n<\/tr>\n<tr data-start=\"2259\" data-end=\"2285\">\n<td data-start=\"2259\" data-end=\"2278\" data-col-size=\"sm\">D\u017eepovi za vili\u010dar<\/td>\n<td data-start=\"2278\" data-end=\"2285\" data-col-size=\"sm\">Da<\/td>\n<\/tr>\n<tr data-start=\"2286\" data-end=\"2326\">\n<td data-start=\"2286\" data-end=\"2302\" data-col-size=\"sm\">CSC certificirano<\/td>\n<td data-start=\"2302\" data-end=\"2326\" data-col-size=\"sm\">Da (osnovni spremnik)<\/td>\n<\/tr>\n<tr data-start=\"2327\" data-end=\"2346\">\n<td data-start=\"2327\" data-end=\"2339\" data-col-size=\"sm\">Mo\u017ee se slagati<\/td>\n<td data-start=\"2339\" data-end=\"2346\" data-col-size=\"sm\">Da<\/td>\n<\/tr>\n<\/tbody>\n<\/table>\n<\/div>\n<\/div>\n<hr data-start=\"2348\" data-end=\"2351\">\n<h3 data-start=\"2353\" data-end=\"2376\">Vanjske dimenzije<\/h3>\n<div class=\"TyagGW_tableContainer\">\n<div class=\"group TyagGW_tableWrapper flex w-fit flex-col-reverse\" tabindex=\"-1\">\n<table class=\"w-fit min-w-(--thread-content-width)\" data-start=\"2378\" data-end=\"2482\">\n<thead data-start=\"2378\" data-end=\"2401\">\n<tr data-start=\"2378\" data-end=\"2401\">\n<th data-start=\"2378\" data-end=\"2392\" data-col-size=\"sm\">Mjerenje<\/th>\n<th data-start=\"2392\" data-end=\"2401\" data-col-size=\"sm\">Vrijednost<\/th>\n<\/tr>\n<\/thead>\n<tbody data-start=\"2418\" data-end=\"2482\">\n<tr data-start=\"2418\" data-end=\"2439\">\n<td data-start=\"2418\" data-end=\"2427\" data-col-size=\"sm\">Duljina<\/td>\n<td data-start=\"2427\" data-end=\"2439\" data-col-size=\"sm\">6.058 mm<\/td>\n<\/tr>\n<tr data-start=\"2440\" data-end=\"2460\">\n<td data-start=\"2440\" data-end=\"2448\" data-col-size=\"sm\">\u0160irina<\/td>\n<td data-start=\"2448\" data-end=\"2460\" data-col-size=\"sm\">2.438 mm<\/td>\n<\/tr>\n<tr data-start=\"2461\" data-end=\"2482\">\n<td data-start=\"2461\" data-end=\"2470\" data-col-size=\"sm\">Visina<\/td>\n<td data-start=\"2470\" data-end=\"2482\" data-col-size=\"sm\">2.591 mm<\/td>\n<\/tr>\n<\/tbody>\n<\/table>\n<\/div>\n<\/div>\n<hr data-start=\"2484\" data-end=\"2487\">\n<h3 data-start=\"2489\" data-end=\"2512\">Unutarnje dimenzije<\/h3>\n<div class=\"TyagGW_tableContainer\">\n<div class=\"group TyagGW_tableWrapper flex w-fit flex-col-reverse\" tabindex=\"-1\">\n<table class=\"w-fit min-w-(--thread-content-width)\" data-start=\"2514\" data-end=\"2642\">\n<thead data-start=\"2514\" data-end=\"2537\">\n<tr data-start=\"2514\" data-end=\"2537\">\n<th data-start=\"2514\" data-end=\"2528\" data-col-size=\"sm\">Mjerenje<\/th>\n<th data-start=\"2528\" data-end=\"2537\" data-col-size=\"sm\">Vrijednost<\/th>\n<\/tr>\n<\/thead>\n<tbody data-start=\"2554\" data-end=\"2642\">\n<tr data-start=\"2554\" data-end=\"2583\">\n<td data-start=\"2554\" data-end=\"2563\" data-col-size=\"sm\">Duljina<\/td>\n<td data-start=\"2563\" data-end=\"2583\" data-col-size=\"sm\">Otprilike 5.898 mm<\/td>\n<\/tr>\n<tr data-start=\"2584\" data-end=\"2612\">\n<td data-start=\"2584\" data-end=\"2592\" data-col-size=\"sm\">\u0160irina<\/td>\n<td data-start=\"2592\" data-end=\"2612\" data-col-size=\"sm\">Otprilike 2.352 mm<\/td>\n<\/tr>\n<tr data-start=\"2613\" data-end=\"2642\">\n<td data-start=\"2613\" data-end=\"2622\" data-col-size=\"sm\">Visina<\/td>\n<td data-start=\"2622\" data-end=\"2642\" data-col-size=\"sm\">Otprilike 2.393 mm<\/td>\n<\/tr>\n<\/tbody>\n<\/table>\n<\/div>\n<\/div>\n<hr data-start=\"2644\" data-end=\"2647\">\n<h3 data-start=\"2649\" data-end=\"2677\">Dimenzije vrata i pristup<\/h3>\n<div class=\"TyagGW_tableContainer\">\n<div class=\"group TyagGW_tableWrapper flex w-fit flex-col-reverse\" tabindex=\"-1\">\n<table class=\"w-fit min-w-(--thread-content-width)\" data-start=\"2679\" data-end=\"2909\">\n<thead data-start=\"2679\" data-end=\"2704\">\n<tr data-start=\"2679\" data-end=\"2704\">\n<th data-start=\"2679\" data-end=\"2689\" data-col-size=\"sm\">Zna\u010dajka<\/th>\n<th data-start=\"2689\" data-end=\"2704\" data-col-size=\"sm\">Mjerenje<\/th>\n<\/tr>\n<\/thead>\n<tbody data-start=\"2726\" data-end=\"2909\">\n<tr data-start=\"2726\" data-end=\"2777\">\n<td data-start=\"2726\" data-end=\"2757\" data-col-size=\"sm\">\u0160irina otvaranja roleta<\/td>\n<td data-start=\"2757\" data-end=\"2777\" data-col-size=\"sm\">Otprilike 2300 mm<\/td>\n<\/tr>\n<tr data-start=\"2778\" data-end=\"2830\">\n<td data-start=\"2778\" data-end=\"2810\" data-col-size=\"sm\">Visina otvaranja roleta<\/td>\n<td data-start=\"2810\" data-end=\"2830\" data-col-size=\"sm\">Otprilike 2200 mm<\/td>\n<\/tr>\n<tr data-start=\"2831\" data-end=\"2861\">\n<td data-start=\"2831\" data-end=\"2845\" data-col-size=\"sm\">Vrsta pristupa<\/td>\n<td data-start=\"2845\" data-end=\"2861\" data-col-size=\"sm\">Prednji pristup<\/td>\n<\/tr>\n<tr data-start=\"2862\" data-end=\"2909\">\n<td data-start=\"2862\" data-end=\"2882\" data-col-size=\"sm\">Potreban prostor<\/td>\n<td data-start=\"2882\" data-end=\"2909\" data-col-size=\"sm\">Minimalni prednji razmak<\/td>\n<\/tr>\n<\/tbody>\n<\/table>\n<\/div>\n<\/div>\n<hr data-start=\"2911\" data-end=\"2914\">\n<h3 data-start=\"2916\" data-end=\"2937\">Te\u017eina i kapacitet<\/h3>\n<div class=\"TyagGW_tableContainer\">\n<div class=\"group TyagGW_tableWrapper flex w-fit flex-col-reverse\" tabindex=\"-1\">\n<table class=\"w-fit min-w-(--thread-content-width)\" data-start=\"2939\" data-end=\"3150\">\n<thead data-start=\"2939\" data-end=\"2966\">\n<tr data-start=\"2939\" data-end=\"2966\">\n<th data-start=\"2939\" data-end=\"2949\" data-col-size=\"sm\">Zna\u010dajka<\/th>\n<th data-start=\"2949\" data-end=\"2966\" data-col-size=\"sm\">Specifikacija<\/th>\n<\/tr>\n<\/thead>\n<tbody data-start=\"2990\" data-end=\"3150\">\n<tr data-start=\"2990\" data-end=\"3035\">\n<td data-start=\"2990\" data-end=\"3004\" data-col-size=\"sm\">Tara te\u017eina<\/td>\n<td data-start=\"3004\" data-end=\"3035\" data-col-size=\"sm\">Pribli\u017eno 2800 kg (modificirano)<\/td>\n<\/tr>\n<tr data-start=\"3036\" data-end=\"3075\">\n<td data-start=\"3036\" data-end=\"3054\" data-col-size=\"sm\">Maksimalni korisni teret<\/td>\n<td data-start=\"3054\" data-end=\"3075\" data-col-size=\"sm\">Otprilike 29.700 kg<\/td>\n<\/tr>\n<tr data-start=\"3076\" data-end=\"3112\">\n<td data-start=\"3076\" data-end=\"3099\" data-col-size=\"sm\">Maksimalna bruto te\u017eina<\/td>\n<td data-start=\"3099\" data-end=\"3112\" data-col-size=\"sm\">32.500 kg<\/td>\n<\/tr>\n<tr data-start=\"3113\" data-end=\"3150\">\n<td data-start=\"3113\" data-end=\"3131\" data-col-size=\"sm\">Unutarnji volumen<\/td>\n<td data-start=\"3131\" data-end=\"3150\" data-col-size=\"sm\">Otprilike 33,2 m\u00b3<\/td>\n<\/tr>\n<\/tbody>\n<\/table>\n<\/div>\n<\/div>\n","protected":false},"excerpt":{"rendered":"<p>Kontejner za gara\u017eu od 6 metara s rolo vratima dizajniran je za sigurno skladi\u0161tenje vozila i opreme. S rolo vratima koja \u0161tede prostor, nudi jednostavan pristup, za\u0161titu od vremenskih uvjeta i izdr\u017eljivu \u010deli\u010dnu konstrukciju za svakodnevnu upotrebu. <\/p>\n","protected":false},"featured_media":2131,"comment_status":"open","ping_status":"closed","template":"","meta":{"_kad_blocks_custom_css":"","_kad_blocks_head_custom_js":"","_kad_blocks_body_custom_js":"","_kad_blocks_footer_custom_js":"","_kad_post_transparent":"","_kad_post_title":"","_kad_post_layout":"","_kad_post_sidebar_id":"","_kad_post_content_style":"","_kad_post_vertical_padding":"","_kad_post_feature":"","_kad_post_feature_position":"","_kad_post_header":false,"_kad_post_footer":false,"_kad_post_classname":""},"product_brand":[],"product_cat":[241,191],"product_tag":[],"product_brands":[315],"class_list":{"0":"post-2119","1":"product","2":"type-product","3":"status-publish","4":"has-post-thumbnail","6":"product_cat-kontejner-od-20-stopa","7":"product_cat-kontejnerska-garaza","8":"pa_container-condition-novo-jedno-putovanje","9":"pa_container-type-kontejner-za-garazu","10":"pa_contanier-size-6-metara","11":"product_brands-barcelona-espana","13":"first","14":"instock","15":"sale","16":"taxable","17":"shipping-taxable","18":"purchasable","19":"product-type-simple","20":"entry","21":"content-bg","22":"loop-entry"},"taxonomy_info":{"product_cat":[{"value":241,"label":"Kontejner od 20 stopa"},{"value":191,"label":"Kontejnerska gara\u017ea"}],"pa_container-condition":[{"value":166,"label":"Novo (jedno putovanje)"}],"pa_container-type":[{"value":190,"label":"Kontejner za gara\u017eu"}],"pa_contanier-size":[{"value":168,"label":"6 metara"}],"product_brands":[{"value":315,"label":"Barcelona, Espa\u00f1a"}]},"featured_image_src_large":["https:\/\/olborglogistics.com\/wp-content\/uploads\/2025\/12\/20ft-contanier-garage-with-roller-shutter-doors.jpg",1021,766,false],"author_info":[],"comment_info":0,"_links":{"self":[{"href":"https:\/\/olborglogistics.com\/hr\/wp-json\/wp\/v2\/product\/2119","targetHints":{"allow":["GET"]}}],"collection":[{"href":"https:\/\/olborglogistics.com\/hr\/wp-json\/wp\/v2\/product"}],"about":[{"href":"https:\/\/olborglogistics.com\/hr\/wp-json\/wp\/v2\/types\/product"}],"replies":[{"embeddable":true,"href":"https:\/\/olborglogistics.com\/hr\/wp-json\/wp\/v2\/comments?post=2119"}],"wp:featuredmedia":[{"embeddable":true,"href":"https:\/\/olborglogistics.com\/hr\/wp-json\/wp\/v2\/media\/2131"}],"wp:attachment":[{"href":"https:\/\/olborglogistics.com\/hr\/wp-json\/wp\/v2\/media?parent=2119"}],"wp:term":[{"taxonomy":"product_brand","embeddable":true,"href":"https:\/\/olborglogistics.com\/hr\/wp-json\/wp\/v2\/product_brand?post=2119"},{"taxonomy":"product_cat","embeddable":true,"href":"https:\/\/olborglogistics.com\/hr\/wp-json\/wp\/v2\/product_cat?post=2119"},{"taxonomy":"product_tag","embeddable":true,"href":"https:\/\/olborglogistics.com\/hr\/wp-json\/wp\/v2\/product_tag?post=2119"},{"taxonomy":"product_brands","embeddable":true,"href":"https:\/\/olborglogistics.com\/hr\/wp-json\/wp\/v2\/product_brands?post=2119"}],"curies":[{"name":"wp","href":"https:\/\/api.w.org\/{rel}","templated":true}]}}