{"id":2089,"date":"2025-12-22T14:18:39","date_gmt":"2025-12-22T14:18:39","guid":{"rendered":"https:\/\/olborglogistics.com\/product\/kontejner-od-20-stopa-s-dvostrukim-vratima-novi\/"},"modified":"2026-01-28T02:25:40","modified_gmt":"2026-01-28T02:25:40","slug":"kontejner-od-20-stopa-s-dvostrukim-vratima-novi","status":"publish","type":"product","link":"https:\/\/olborglogistics.com\/hr\/proizvod\/kontejner-od-20-stopa-s-dvostrukim-vratima-novi\/","title":{"rendered":"Kontejner od 20 stopa s dvostrukim vratima Novi"},"content":{"rendered":"<article class=\"text-token-text-primary w-full focus:outline-none [--shadow-height:45px] has-data-writing-block:pointer-events-none has-data-writing-block:-mt-(--shadow-height) has-data-writing-block:pt-(--shadow-height) [&amp;:has([data-writing-block])&gt;*]:pointer-events-auto scroll-mt-(--header-height)\" dir=\"auto\" tabindex=\"-1\" data-turn-id=\"40a6084a-2e9a-41b7-8ebd-bb94825c2e21\" data-testid=\"conversation-turn-39\" data-scroll-anchor=\"false\" data-turn=\"user\">\n<div class=\"text-base my-auto mx-auto pt-12 [--thread-content-margin:--spacing(4)] @w-sm\/main:[--thread-content-margin:--spacing(6)] @w-lg\/main:[--thread-content-margin:--spacing(16)] px-(--thread-content-margin)\">\n<div class=\"[--thread-content-max-width:40rem] @w-lg\/main:[--thread-content-max-width:48rem] mx-auto max-w-(--thread-content-max-width) flex-1 group\/turn-messages focus-visible:outline-hidden relative flex w-full min-w-0 flex-col\" tabindex=\"-1\">\n<div class=\"flex max-w-full flex-col grow\">\n<div class=\"min-h-8 text-message relative flex w-full flex-col items-end gap-2 text-start break-words whitespace-normal [.text-message+&amp;]:mt-1\" dir=\"auto\" data-message-author-role=\"user\" data-message-id=\"40a6084a-2e9a-41b7-8ebd-bb94825c2e21\">\n<div class=\"flex w-full flex-col gap-1 empty:hidden items-end rtl:items-start\">\n<div class=\"user-message-bubble-color corner-superellipse\/1.1 relative rounded-[18px] px-4 py-1.5 data-[multiline]:py-3 max-w-[var(--user-chat-width,70%)]\"><\/div>\n<\/div>\n<\/div>\n<\/div>\n<\/div>\n<\/div>\n<\/article>\n<article class=\"text-token-text-primary w-full focus:outline-none [--shadow-height:45px] has-data-writing-block:pointer-events-none has-data-writing-block:-mt-(--shadow-height) has-data-writing-block:pt-(--shadow-height) [&amp;:has([data-writing-block])&gt;*]:pointer-events-auto scroll-mt-[calc(var(--header-height)+min(200px,max(70px,20svh)))]\" dir=\"auto\" tabindex=\"-1\" data-turn-id=\"request-69472639-30a4-832e-81e7-02987b101fa9-10\" data-testid=\"conversation-turn-40\" data-scroll-anchor=\"true\" data-turn=\"assistant\">\n<div class=\"text-base my-auto mx-auto pb-10 [--thread-content-margin:--spacing(4)] @w-sm\/main:[--thread-content-margin:--spacing(6)] @w-lg\/main:[--thread-content-margin:--spacing(16)] px-(--thread-content-margin)\">\n<div class=\"[--thread-content-max-width:40rem] @w-lg\/main:[--thread-content-max-width:48rem] mx-auto max-w-(--thread-content-max-width) flex-1 group\/turn-messages focus-visible:outline-hidden relative flex w-full min-w-0 flex-col agent-turn\" tabindex=\"-1\">\n<div class=\"flex max-w-full flex-col grow\">\n<div class=\"min-h-8 text-message relative flex w-full flex-col items-end gap-2 text-start break-words whitespace-normal [.text-message+&amp;]:mt-1\" dir=\"auto\" data-message-author-role=\"assistant\" data-message-id=\"1bc6e696-4872-4b0c-911f-440dcef2f8a0\" data-message-model-slug=\"gpt-5-2\">\n<div class=\"flex w-full flex-col gap-1 empty:hidden first:pt-[1px]\">\n<div class=\"markdown prose dark:prose-invert w-full break-words dark markdown-new-styling\">\n<h2 data-start=\"452\" data-end=\"471\">Dugi opis<\/h2>\n<p data-start=\"473\" data-end=\"801\"><strong data-start=\"477\" data-end=\"530\">Kontejner od 20 stopa s dvostrukim vratima \u2013 novi (jednokratni)<\/strong> dizajniran je za korisnike kojima je potreban <strong data-start=\"565\" data-end=\"590\">brz i fleksibilan pristup<\/strong> s oba kraja kontejnera. Za razliku od standardnih kontejnera s vratima samo na jednoj strani, ovaj model je opremljen <strong data-start=\"708\" data-end=\"743\">dvostrukim teretnim vratima na oba kraja<\/strong> , \u0161to omogu\u0107uje izravan utovar i pobolj\u0161ani tijek rada.<\/p>\n<p data-start=\"803\" data-end=\"1172\">Kao <strong data-start=\"808\" data-end=\"834\">novi kontejner za jednokratnu upotrebu<\/strong> , kori\u0161ten je samo jednom u me\u0111unarodnom prijevozu i jo\u0161 uvijek je u izvrsnom stanju s minimalnim habanjem. Spremnik je izra\u0111en od izdr\u017eljivog <strong data-start=\"986\" data-end=\"1002\">kortenskog \u010delika<\/strong> , \u0161to pru\u017ea dugotrajnu otpornost na koroziju i te\u0161ke vremenske uvjete. Kada je zatvoren, potpuno je nepropusn za vjetar i vodu, osiguravaju\u0107i pouzdanu za\u0161titu uskladi\u0161tene robe.<\/p>\n<p data-start=\"1174\" data-end=\"1479\">Unutra\u0161njost nudi veliki, otvoreni prostor za pohranu pogodan za palete, strojeve, alate i dugu robu. Zahvaljuju\u0107i dizajnu s dvostrukim pristupom, ovaj kontejner se \u0161iroko koristi u skladi\u0161tima, logisti\u010dkim centrima, gradili\u0161tima i industrijskim skladi\u0161tima gdje je potreban \u010dest pristup s obje strane. <\/p>\n<p data-start=\"1481\" data-end=\"1671\">Sa standardiziranim dimenzijama i oja\u010danim okvirima vrata, kontejner s dvostrukim vratima od 6 metara lako se integrira u postoje\u0107e transportne i skladi\u0161ne \u200b\u200bsustave, a istovremeno maksimizira operativnu u\u010dinkovitost.<\/p>\n<hr data-start=\"1673\" data-end=\"1676\">\n<h2 data-start=\"1678\" data-end=\"1705\">Tehni\u010dke specifikacije<\/h2>\n<h3 data-start=\"1707\" data-end=\"1730\">Op\u0107e informacije<\/h3>\n<div class=\"TyagGW_tableContainer\">\n<div class=\"group TyagGW_tableWrapper flex w-fit flex-col-reverse\" tabindex=\"-1\">\n<table class=\"w-fit min-w-(--thread-content-width)\" data-start=\"1732\" data-end=\"2105\">\n<thead data-start=\"1732\" data-end=\"1759\">\n<tr data-start=\"1732\" data-end=\"1759\">\n<th data-start=\"1732\" data-end=\"1742\" data-col-size=\"sm\">Zna\u010dajka<\/th>\n<th data-start=\"1742\" data-end=\"1759\" data-col-size=\"sm\">Specifikacija<\/th>\n<\/tr>\n<\/thead>\n<tbody data-start=\"1783\" data-end=\"2105\">\n<tr data-start=\"1783\" data-end=\"1839\">\n<td data-start=\"1783\" data-end=\"1800\" data-col-size=\"sm\">Vrsta kontejnera<\/td>\n<td data-start=\"1800\" data-end=\"1839\" data-col-size=\"sm\">20-stopni transportni kontejner s dvostrukim vratima<\/td>\n<\/tr>\n<tr data-start=\"1840\" data-end=\"1870\">\n<td data-start=\"1840\" data-end=\"1852\" data-col-size=\"sm\">Stanje<\/td>\n<td data-start=\"1852\" data-end=\"1870\" data-col-size=\"sm\">Novo \/ Jednokratno putovanje<\/td>\n<\/tr>\n<tr data-start=\"1871\" data-end=\"1918\">\n<td data-start=\"1871\" data-end=\"1882\" data-col-size=\"sm\">Materijal<\/td>\n<td data-start=\"1882\" data-end=\"1918\" data-col-size=\"sm\">Corten \u010delik (otporan na vremenske uvjete)<\/td>\n<\/tr>\n<tr data-start=\"1919\" data-end=\"1945\">\n<td data-start=\"1919\" data-end=\"1927\" data-col-size=\"sm\">Kat<\/td>\n<td data-start=\"1927\" data-end=\"1945\" data-col-size=\"sm\">Brodska \u0161perplo\u010da<\/td>\n<\/tr>\n<tr data-start=\"1946\" data-end=\"1989\">\n<td data-start=\"1946\" data-end=\"1954\" data-col-size=\"sm\">Vrata<\/td>\n<td data-start=\"1954\" data-end=\"1989\" data-col-size=\"sm\">Dvostruka teretna vrata na oba kraja<\/td>\n<\/tr>\n<tr data-start=\"1990\" data-end=\"2034\">\n<td data-start=\"1990\" data-end=\"2007\" data-col-size=\"sm\">Sustav zaklju\u010davanja<\/td>\n<td data-start=\"2007\" data-end=\"2034\" data-col-size=\"sm\">Te\u0161ke zaporne \u0161ipke<\/td>\n<\/tr>\n<tr data-start=\"2035\" data-end=\"2061\">\n<td data-start=\"2035\" data-end=\"2054\" data-col-size=\"sm\">D\u017eepovi za vili\u010dar<\/td>\n<td data-start=\"2054\" data-end=\"2061\" data-col-size=\"sm\">Da<\/td>\n<\/tr>\n<tr data-start=\"2062\" data-end=\"2085\">\n<td data-start=\"2062\" data-end=\"2078\" data-col-size=\"sm\">CSC certificirano<\/td>\n<td data-start=\"2078\" data-end=\"2085\" data-col-size=\"sm\">Da<\/td>\n<\/tr>\n<tr data-start=\"2086\" data-end=\"2105\">\n<td data-start=\"2086\" data-end=\"2098\" data-col-size=\"sm\">Mo\u017ee se slagati<\/td>\n<td data-start=\"2098\" data-end=\"2105\" data-col-size=\"sm\">Da<\/td>\n<\/tr>\n<\/tbody>\n<\/table>\n<\/div>\n<\/div>\n<hr data-start=\"2107\" data-end=\"2110\">\n<h3 data-start=\"2112\" data-end=\"2135\">Vanjske dimenzije<\/h3>\n<div class=\"TyagGW_tableContainer\">\n<div class=\"group TyagGW_tableWrapper flex w-fit flex-col-reverse\" tabindex=\"-1\">\n<table class=\"w-fit min-w-(--thread-content-width)\" data-start=\"2137\" data-end=\"2241\">\n<thead data-start=\"2137\" data-end=\"2160\">\n<tr data-start=\"2137\" data-end=\"2160\">\n<th data-start=\"2137\" data-end=\"2151\" data-col-size=\"sm\">Mjerenje<\/th>\n<th data-start=\"2151\" data-end=\"2160\" data-col-size=\"sm\">Vrijednost<\/th>\n<\/tr>\n<\/thead>\n<tbody data-start=\"2177\" data-end=\"2241\">\n<tr data-start=\"2177\" data-end=\"2198\">\n<td data-start=\"2177\" data-end=\"2186\" data-col-size=\"sm\">Duljina<\/td>\n<td data-start=\"2186\" data-end=\"2198\" data-col-size=\"sm\">6.058 mm<\/td>\n<\/tr>\n<tr data-start=\"2199\" data-end=\"2219\">\n<td data-start=\"2199\" data-end=\"2207\" data-col-size=\"sm\">\u0160irina<\/td>\n<td data-start=\"2207\" data-end=\"2219\" data-col-size=\"sm\">2.438 mm<\/td>\n<\/tr>\n<tr data-start=\"2220\" data-end=\"2241\">\n<td data-start=\"2220\" data-end=\"2229\" data-col-size=\"sm\">Visina<\/td>\n<td data-start=\"2229\" data-end=\"2241\" data-col-size=\"sm\">2.591 mm<\/td>\n<\/tr>\n<\/tbody>\n<\/table>\n<\/div>\n<\/div>\n<hr data-start=\"2243\" data-end=\"2246\">\n<h3 data-start=\"2248\" data-end=\"2271\">Unutarnje dimenzije<\/h3>\n<div class=\"TyagGW_tableContainer\">\n<div class=\"group TyagGW_tableWrapper flex w-fit flex-col-reverse\" tabindex=\"-1\">\n<table class=\"w-fit min-w-(--thread-content-width)\" data-start=\"2273\" data-end=\"2401\">\n<thead data-start=\"2273\" data-end=\"2296\">\n<tr data-start=\"2273\" data-end=\"2296\">\n<th data-start=\"2273\" data-end=\"2287\" data-col-size=\"sm\">Mjerenje<\/th>\n<th data-start=\"2287\" data-end=\"2296\" data-col-size=\"sm\">Vrijednost<\/th>\n<\/tr>\n<\/thead>\n<tbody data-start=\"2313\" data-end=\"2401\">\n<tr data-start=\"2313\" data-end=\"2342\">\n<td data-start=\"2313\" data-end=\"2322\" data-col-size=\"sm\">Duljina<\/td>\n<td data-start=\"2322\" data-end=\"2342\" data-col-size=\"sm\">Otprilike 5.898 mm<\/td>\n<\/tr>\n<tr data-start=\"2343\" data-end=\"2371\">\n<td data-start=\"2343\" data-end=\"2351\" data-col-size=\"sm\">\u0160irina<\/td>\n<td data-start=\"2351\" data-end=\"2371\" data-col-size=\"sm\">Otprilike 2.352 mm<\/td>\n<\/tr>\n<tr data-start=\"2372\" data-end=\"2401\">\n<td data-start=\"2372\" data-end=\"2381\" data-col-size=\"sm\">Visina<\/td>\n<td data-start=\"2381\" data-end=\"2401\" data-col-size=\"sm\">Otprilike 2.393 mm<\/td>\n<\/tr>\n<\/tbody>\n<\/table>\n<\/div>\n<\/div>\n<hr data-start=\"2403\" data-end=\"2406\">\n<h3 data-start=\"2408\" data-end=\"2436\">Dimenzije vrata i pristup<\/h3>\n<div class=\"TyagGW_tableContainer\">\n<div class=\"group TyagGW_tableWrapper flex w-fit flex-col-reverse\" tabindex=\"-1\">\n<table class=\"w-fit min-w-(--thread-content-width)\" data-start=\"2438\" data-end=\"2674\">\n<thead data-start=\"2438\" data-end=\"2463\">\n<tr data-start=\"2438\" data-end=\"2463\">\n<th data-start=\"2438\" data-end=\"2448\" data-col-size=\"sm\">Zna\u010dajka<\/th>\n<th data-start=\"2448\" data-end=\"2463\" data-col-size=\"sm\">Mjerenje<\/th>\n<\/tr>\n<\/thead>\n<tbody data-start=\"2485\" data-end=\"2674\">\n<tr data-start=\"2485\" data-end=\"2537\">\n<td data-start=\"2485\" data-end=\"2517\" data-col-size=\"sm\">\u0160irina otvora vrata (sa svakog kraja)<\/td>\n<td data-start=\"2517\" data-end=\"2537\" data-col-size=\"sm\">Otprilike 2.343 mm<\/td>\n<\/tr>\n<tr data-start=\"2538\" data-end=\"2591\">\n<td data-start=\"2538\" data-end=\"2571\" data-col-size=\"sm\">Visina otvora vrata (sa svakog kraja)<\/td>\n<td data-start=\"2571\" data-end=\"2591\" data-col-size=\"sm\">Otprilike 2.280 mm<\/td>\n<\/tr>\n<tr data-start=\"2592\" data-end=\"2627\">\n<td data-start=\"2592\" data-end=\"2613\" data-col-size=\"sm\">Kut otvaranja vrata<\/td>\n<td data-start=\"2613\" data-end=\"2627\" data-col-size=\"sm\">Do 270\u00b0<\/td>\n<\/tr>\n<tr data-start=\"2628\" data-end=\"2674\">\n<td data-start=\"2628\" data-end=\"2642\" data-col-size=\"sm\">Vrsta pristupa<\/td>\n<td data-start=\"2642\" data-end=\"2674\" data-col-size=\"sm\">Prednji i stra\u017enji (prolaz za vozila)<\/td>\n<\/tr>\n<\/tbody>\n<\/table>\n<\/div>\n<\/div>\n<hr data-start=\"2676\" data-end=\"2679\">\n<h3 data-start=\"2681\" data-end=\"2718\">Dimenzije \u2013 Zatvorena vrata u odnosu na otvorena vrata<\/h3>\n<div class=\"TyagGW_tableContainer\">\n<div class=\"group TyagGW_tableWrapper flex w-fit flex-col-reverse\" tabindex=\"-1\">\n<table class=\"w-fit min-w-(--thread-content-width)\" data-start=\"2720\" data-end=\"2906\">\n<thead data-start=\"2720\" data-end=\"2749\">\n<tr data-start=\"2720\" data-end=\"2749\">\n<th data-start=\"2720\" data-end=\"2736\" data-col-size=\"sm\">Konfiguracija<\/th>\n<th data-start=\"2736\" data-end=\"2749\" data-col-size=\"sm\">Dimenzija<\/th>\n<\/tr>\n<\/thead>\n<tbody data-start=\"2771\" data-end=\"2906\">\n<tr data-start=\"2771\" data-end=\"2813\">\n<td data-start=\"2771\" data-end=\"2801\" data-col-size=\"sm\">Ukupna duljina (vrata zatvorena)<\/td>\n<td data-start=\"2801\" data-end=\"2813\" data-col-size=\"sm\">6.058 mm<\/td>\n<\/tr>\n<tr data-start=\"2814\" data-end=\"2877\">\n<td data-start=\"2814\" data-end=\"2848\" data-col-size=\"sm\">Potrebna udaljenost (vrata otvorena)<\/td>\n<td data-col-size=\"sm\" data-start=\"2848\" data-end=\"2877\">Otprilike 1200 mm sa svakog kraja<\/td>\n<\/tr>\n<tr data-start=\"2878\" data-end=\"2906\">\n<td data-start=\"2878\" data-end=\"2898\" data-col-size=\"sm\">U\u010dinkovitost pristupa<\/td>\n<td data-col-size=\"sm\" data-start=\"2898\" data-end=\"2906\">Visoko<\/td>\n<\/tr>\n<\/tbody>\n<\/table>\n<\/div>\n<\/div>\n<hr data-start=\"2908\" data-end=\"2911\">\n<h3 data-start=\"2913\" data-end=\"2934\">Te\u017eina i kapacitet<\/h3>\n<div class=\"TyagGW_tableContainer\">\n<div class=\"group TyagGW_tableWrapper flex w-fit flex-col-reverse\" tabindex=\"-1\">\n<table class=\"w-fit min-w-(--thread-content-width)\" data-start=\"2936\" data-end=\"3180\">\n<thead data-start=\"2936\" data-end=\"2963\">\n<tr data-start=\"2936\" data-end=\"2963\">\n<th data-start=\"2936\" data-end=\"2946\" data-col-size=\"sm\">Zna\u010dajka<\/th>\n<th data-start=\"2946\" data-end=\"2963\" data-col-size=\"sm\">Specifikacija<\/th>\n<\/tr>\n<\/thead>\n<tbody data-start=\"2987\" data-end=\"3180\">\n<tr data-start=\"2987\" data-end=\"3021\">\n<td data-start=\"2987\" data-end=\"3001\" data-col-size=\"sm\">Tara te\u017eina<\/td>\n<td data-col-size=\"sm\" data-start=\"3001\" data-end=\"3021\">Otprilike 2.450 kg<\/td>\n<\/tr>\n<tr data-start=\"3022\" data-end=\"3061\">\n<td data-start=\"3022\" data-end=\"3040\" data-col-size=\"sm\">Maksimalni korisni teret<\/td>\n<td data-col-size=\"sm\" data-start=\"3040\" data-end=\"3061\">Otprilike 30.050 kg<\/td>\n<\/tr>\n<tr data-start=\"3062\" data-end=\"3098\">\n<td data-start=\"3062\" data-end=\"3085\" data-col-size=\"sm\">Maksimalna bruto te\u017eina<\/td>\n<td data-col-size=\"sm\" data-start=\"3085\" data-end=\"3098\">32.500 kg<\/td>\n<\/tr>\n<tr data-start=\"3099\" data-end=\"3136\">\n<td data-start=\"3099\" data-end=\"3117\" data-col-size=\"sm\">Unutarnji volumen<\/td>\n<td data-col-size=\"sm\" data-start=\"3117\" data-end=\"3136\">Otprilike 33,2 m\u00b3<\/td>\n<\/tr>\n<tr data-start=\"3137\" data-end=\"3180\">\n<td data-start=\"3137\" data-end=\"3160\" data-col-size=\"sm\">Kapacitet euro paleta<\/td>\n<td data-col-size=\"sm\" data-start=\"3160\" data-end=\"3180\">Do 11 paleta<\/td>\n<\/tr>\n<\/tbody>\n<\/table>\n<\/div>\n<\/div>\n<\/div>\n<\/div>\n<\/div>\n<\/div>\n<\/div>\n<\/div>\n<\/article>\n","protected":false},"excerpt":{"rendered":"<p data-start=\"227\" data-end=\"445\">6 metara veliki transportni kontejner s dvostrukim vratima (novi \/ za jedno putovanje) ima vrata na oba kraja za jednostavan pristup iz vozila. U gotovo novom stanju nudi sigurno, vremensko otporno skladi\u0161tenje i u\u010dinkovit utovar s obje strane. <\/p>\n","protected":false},"featured_media":2098,"comment_status":"open","ping_status":"closed","template":"","meta":{"_kad_blocks_custom_css":"","_kad_blocks_head_custom_js":"","_kad_blocks_body_custom_js":"","_kad_blocks_footer_custom_js":"","_kad_post_transparent":"","_kad_post_title":"","_kad_post_layout":"","_kad_post_sidebar_id":"","_kad_post_content_style":"","_kad_post_vertical_padding":"","_kad_post_feature":"","_kad_post_feature_position":"","_kad_post_header":false,"_kad_post_footer":false,"_kad_post_classname":""},"product_brand":[],"product_cat":[241,187],"product_tag":[],"product_brands":[316],"class_list":{"0":"post-2089","1":"product","2":"type-product","3":"status-publish","4":"has-post-thumbnail","6":"product_cat-kontejner-od-20-stopa","7":"product_cat-kontejneri-s-dvostrukim-vratima","8":"pa_container-condition-novo-jedno-putovanje","9":"pa_container-type-kontejner-s-dvostrukim-vratima","10":"pa_contanier-size-6-metara","11":"product_brands-slovensko-zilina","13":"first","14":"instock","15":"sale","16":"taxable","17":"shipping-taxable","18":"purchasable","19":"product-type-simple","20":"entry","21":"content-bg","22":"loop-entry"},"taxonomy_info":{"product_cat":[{"value":241,"label":"Kontejner od 20 stopa"},{"value":187,"label":"Kontejneri s dvostrukim vratima"}],"pa_container-condition":[{"value":166,"label":"Novo (jedno putovanje)"}],"pa_container-type":[{"value":186,"label":"Kontejner s dvostrukim vratima"}],"pa_contanier-size":[{"value":168,"label":"6 metara"}],"product_brands":[{"value":316,"label":"Slovensko, \u017dilina"}]},"featured_image_src_large":["https:\/\/olborglogistics.com\/wp-content\/uploads\/2025\/12\/20ft-containers-with-double-door.jpg",1021,766,false],"author_info":[],"comment_info":0,"_links":{"self":[{"href":"https:\/\/olborglogistics.com\/hr\/wp-json\/wp\/v2\/product\/2089","targetHints":{"allow":["GET"]}}],"collection":[{"href":"https:\/\/olborglogistics.com\/hr\/wp-json\/wp\/v2\/product"}],"about":[{"href":"https:\/\/olborglogistics.com\/hr\/wp-json\/wp\/v2\/types\/product"}],"replies":[{"embeddable":true,"href":"https:\/\/olborglogistics.com\/hr\/wp-json\/wp\/v2\/comments?post=2089"}],"wp:featuredmedia":[{"embeddable":true,"href":"https:\/\/olborglogistics.com\/hr\/wp-json\/wp\/v2\/media\/2098"}],"wp:attachment":[{"href":"https:\/\/olborglogistics.com\/hr\/wp-json\/wp\/v2\/media?parent=2089"}],"wp:term":[{"taxonomy":"product_brand","embeddable":true,"href":"https:\/\/olborglogistics.com\/hr\/wp-json\/wp\/v2\/product_brand?post=2089"},{"taxonomy":"product_cat","embeddable":true,"href":"https:\/\/olborglogistics.com\/hr\/wp-json\/wp\/v2\/product_cat?post=2089"},{"taxonomy":"product_tag","embeddable":true,"href":"https:\/\/olborglogistics.com\/hr\/wp-json\/wp\/v2\/product_tag?post=2089"},{"taxonomy":"product_brands","embeddable":true,"href":"https:\/\/olborglogistics.com\/hr\/wp-json\/wp\/v2\/product_brands?post=2089"}],"curies":[{"name":"wp","href":"https:\/\/api.w.org\/{rel}","templated":true}]}}