{"id":2058,"date":"2025-12-22T22:36:40","date_gmt":"2025-12-22T22:36:40","guid":{"rendered":"https:\/\/olborglogistics.com\/product\/skladisni-kontejner-od-10-stopa-s-prozorom-i-bocnim-vratima\/"},"modified":"2026-01-26T08:17:39","modified_gmt":"2026-01-26T08:17:39","slug":"skladisni-kontejner-od-10-stopa-s-prozorom-i-bocnim-vratima","status":"publish","type":"product","link":"https:\/\/olborglogistics.com\/hr\/proizvod\/skladisni-kontejner-od-10-stopa-s-prozorom-i-bocnim-vratima\/","title":{"rendered":"Skladi\u0161ni kontejner od 10 stopa s prozorom i bo\u010dnim vratima."},"content":{"rendered":"<p data-start=\"507\" data-end=\"870\"><strong data-start=\"511\" data-end=\"571\">Kontejner za skladi\u0161tenje od 3 metra s prozorom i bo\u010dnim vratima \u2013 bijele boje<\/strong> dizajniran je za kupce kojima je potrebna <strong data-start=\"609\" data-end=\"651\">funkcionalna i pristupa\u010dna skladi\u0161na jedinica<\/strong> kompaktnog formata. Za razliku od standardnih kontejnera s vratima na kraju, ovaj model ima dodatna <strong data-start=\"744\" data-end=\"764\">bo\u010dna vrata<\/strong> i <strong data-start=\"771\" data-end=\"781\">prozor<\/strong> , \u0161to ga \u010dini prakti\u010dnijim za \u010destu upotrebu i pobolj\u0161anu vidljivost unutar kontejnera.<\/p>\n<p data-start=\"872\" data-end=\"1192\">Izra\u0111en od izdr\u017eljivog <strong data-start=\"897\" data-end=\"913\">corten \u010delika<\/strong> , kontejner nudi pouzdanu za\u0161titu od vremenskih uvjeta i vanjskih elemenata. Bijela vanjska zavr\u0161na obrada daje mu \u010dist, profesionalan izgled, \u0161to ga \u010dini pogodnim za upotrebu na gradili\u0161tima, u poslovnim prostorima, stambenim objektima ili lakim industrijskim okru\u017eenjima.<\/p>\n<p data-start=\"1194\" data-end=\"1533\"><strong data-start=\"1198\" data-end=\"1211\">Bo\u010dna vrata<\/strong> omogu\u0107uju prakti\u010dan ulazak bez potpunog otvaranja glavnih teretnih vrata, dok <strong data-start=\"1290\" data-end=\"1300\">prozor<\/strong> osigurava prirodno dnevno svjetlo, smanjuju\u0107i potrebu za stalnom umjetnom rasvjetom tijekom dnevne upotrebe. Unutra\u0161njost je otvorena i svestrana, pogodna za pohranu alata, materijala, opreme ili slu\u017ei kao mali radni prostor ili pomo\u0107na prostorija.<\/p>\n<p data-start=\"1535\" data-end=\"1703\">Ovaj kontejner se obi\u010dno koristi za skladi\u0161tenje na gradili\u0161tu, u prostorijama za odr\u017eavanje, u vrtu ili na imanju, te za privremene radne prostore gdje su pristupa\u010dnost i udobnost va\u017eni.<\/p>\n<hr data-start=\"1705\" data-end=\"1708\">\n<h2 data-start=\"1710\" data-end=\"1737\">Tehni\u010dke specifikacije<\/h2>\n<h3 data-start=\"1739\" data-end=\"1762\">Op\u0107e informacije<\/h3>\n<div class=\"TyagGW_tableContainer\">\n<div class=\"group TyagGW_tableWrapper flex w-fit flex-col-reverse\" tabindex=\"-1\">\n<table class=\"w-fit min-w-(--thread-content-width)\" data-start=\"1764\" data-end=\"2145\">\n<thead data-start=\"1764\" data-end=\"1791\">\n<tr data-start=\"1764\" data-end=\"1791\">\n<th data-start=\"1764\" data-end=\"1774\" data-col-size=\"sm\">Zna\u010dajka<\/th>\n<th data-start=\"1774\" data-end=\"1791\" data-col-size=\"md\">Specifikacija<\/th>\n<\/tr>\n<\/thead>\n<tbody data-start=\"1815\" data-end=\"2145\">\n<tr data-start=\"1815\" data-end=\"1858\">\n<td data-start=\"1815\" data-end=\"1832\" data-col-size=\"sm\">Vrsta kontejnera<\/td>\n<td data-col-size=\"md\" data-start=\"1832\" data-end=\"1858\">Kontejner za skladi\u0161tenje od 10 stopa<\/td>\n<\/tr>\n<tr data-start=\"1859\" data-end=\"1877\">\n<td data-start=\"1859\" data-end=\"1868\" data-col-size=\"sm\">Boja<\/td>\n<td data-col-size=\"md\" data-start=\"1868\" data-end=\"1877\">Bijela<\/td>\n<\/tr>\n<tr data-start=\"1878\" data-end=\"1905\">\n<td data-start=\"1878\" data-end=\"1889\" data-col-size=\"sm\">Materijal<\/td>\n<td data-col-size=\"md\" data-start=\"1889\" data-end=\"1905\">Korten \u010delik<\/td>\n<\/tr>\n<tr data-start=\"1906\" data-end=\"1932\">\n<td data-start=\"1906\" data-end=\"1914\" data-col-size=\"sm\">Kat<\/td>\n<td data-start=\"1914\" data-end=\"1932\" data-col-size=\"md\">Brodska \u0161perplo\u010da<\/td>\n<\/tr>\n<tr data-start=\"1933\" data-end=\"1984\">\n<td data-start=\"1933\" data-end=\"1941\" data-col-size=\"sm\">Vrata<\/td>\n<td data-start=\"1941\" data-end=\"1984\" data-col-size=\"md\">Bo\u010dna pristupna vrata + standardna teretna vrata<\/td>\n<\/tr>\n<tr data-start=\"1985\" data-end=\"2049\">\n<td data-start=\"1985\" data-end=\"1994\" data-col-size=\"sm\">Prozor<\/td>\n<td data-start=\"1994\" data-end=\"2049\" data-col-size=\"md\">Da (s sigurnosnim re\u0161etkama ili roletama, ako je primjenjivo)<\/td>\n<\/tr>\n<tr data-start=\"2050\" data-end=\"2098\">\n<td data-start=\"2050\" data-end=\"2067\" data-col-size=\"sm\">Sustav zaklju\u010davanja<\/td>\n<td data-col-size=\"md\" data-start=\"2067\" data-end=\"2098\">Siguran sustav zaklju\u010davanja od \u010delika<\/td>\n<\/tr>\n<tr data-start=\"2099\" data-end=\"2125\">\n<td data-start=\"2099\" data-end=\"2118\" data-col-size=\"sm\">D\u017eepovi za vili\u010dar<\/td>\n<td data-col-size=\"md\" data-start=\"2118\" data-end=\"2125\">Da<\/td>\n<\/tr>\n<tr data-start=\"2126\" data-end=\"2145\">\n<td data-start=\"2126\" data-end=\"2138\" data-col-size=\"sm\">Mo\u017ee se slagati<\/td>\n<td data-col-size=\"md\" data-start=\"2138\" data-end=\"2145\">Da<\/td>\n<\/tr>\n<\/tbody>\n<\/table>\n<\/div>\n<\/div>\n<hr data-start=\"2147\" data-end=\"2150\">\n<h3 data-start=\"2152\" data-end=\"2175\">Vanjske dimenzije<\/h3>\n<div class=\"TyagGW_tableContainer\">\n<div class=\"group TyagGW_tableWrapper flex w-fit flex-col-reverse\" tabindex=\"-1\">\n<table class=\"w-fit min-w-(--thread-content-width)\" data-start=\"2177\" data-end=\"2289\">\n<thead data-start=\"2177\" data-end=\"2200\">\n<tr data-start=\"2177\" data-end=\"2200\">\n<th data-start=\"2177\" data-end=\"2191\" data-col-size=\"sm\">Mjerenje<\/th>\n<th data-start=\"2191\" data-end=\"2200\" data-col-size=\"sm\">Vrijednost<\/th>\n<\/tr>\n<\/thead>\n<tbody data-start=\"2217\" data-end=\"2289\">\n<tr data-start=\"2217\" data-end=\"2246\">\n<td data-start=\"2217\" data-end=\"2226\" data-col-size=\"sm\">Duljina<\/td>\n<td data-start=\"2226\" data-end=\"2246\" data-col-size=\"sm\">Otprilike 2.991 mm<\/td>\n<\/tr>\n<tr data-start=\"2247\" data-end=\"2267\">\n<td data-start=\"2247\" data-end=\"2255\" data-col-size=\"sm\">\u0160irina<\/td>\n<td data-col-size=\"sm\" data-start=\"2255\" data-end=\"2267\">2.438 mm<\/td>\n<\/tr>\n<tr data-start=\"2268\" data-end=\"2289\">\n<td data-start=\"2268\" data-end=\"2277\" data-col-size=\"sm\">Visina<\/td>\n<td data-col-size=\"sm\" data-start=\"2277\" data-end=\"2289\">2.591 mm<\/td>\n<\/tr>\n<\/tbody>\n<\/table>\n<\/div>\n<\/div>\n<hr data-start=\"2291\" data-end=\"2294\">\n<h3 data-start=\"2296\" data-end=\"2319\">Unutarnje dimenzije<\/h3>\n<div class=\"TyagGW_tableContainer\">\n<div class=\"group TyagGW_tableWrapper flex w-fit flex-col-reverse\" tabindex=\"-1\">\n<table class=\"w-fit min-w-(--thread-content-width)\" data-start=\"2321\" data-end=\"2449\">\n<thead data-start=\"2321\" data-end=\"2344\">\n<tr data-start=\"2321\" data-end=\"2344\">\n<th data-start=\"2321\" data-end=\"2335\" data-col-size=\"sm\">Mjerenje<\/th>\n<th data-start=\"2335\" data-end=\"2344\" data-col-size=\"sm\">Vrijednost<\/th>\n<\/tr>\n<\/thead>\n<tbody data-start=\"2361\" data-end=\"2449\">\n<tr data-start=\"2361\" data-end=\"2390\">\n<td data-start=\"2361\" data-end=\"2370\" data-col-size=\"sm\">Duljina<\/td>\n<td data-start=\"2370\" data-end=\"2390\" data-col-size=\"sm\">Otprilike 2.830 mm<\/td>\n<\/tr>\n<tr data-start=\"2391\" data-end=\"2419\">\n<td data-start=\"2391\" data-end=\"2399\" data-col-size=\"sm\">\u0160irina<\/td>\n<td data-col-size=\"sm\" data-start=\"2399\" data-end=\"2419\">Otprilike 2350 mm<\/td>\n<\/tr>\n<tr data-start=\"2420\" data-end=\"2449\">\n<td data-start=\"2420\" data-end=\"2429\" data-col-size=\"sm\">Visina<\/td>\n<td data-start=\"2429\" data-end=\"2449\" data-col-size=\"sm\">Otprilike 2.390 mm<\/td>\n<\/tr>\n<\/tbody>\n<\/table>\n<\/div>\n<\/div>\n<hr data-start=\"2451\" data-end=\"2454\">\n<h3 data-start=\"2456\" data-end=\"2477\">Pristup i zna\u010dajke<\/h3>\n<div class=\"TyagGW_tableContainer\">\n<div class=\"group TyagGW_tableWrapper flex w-fit flex-col-reverse\" tabindex=\"-1\">\n<table class=\"w-fit min-w-(--thread-content-width)\" data-start=\"2479\" data-end=\"2668\">\n<thead data-start=\"2479\" data-end=\"2500\">\n<tr data-start=\"2479\" data-end=\"2500\">\n<th data-start=\"2479\" data-end=\"2489\" data-col-size=\"sm\">Zna\u010dajka<\/th>\n<th data-start=\"2489\" data-end=\"2500\" data-col-size=\"sm\">Detalji<\/th>\n<\/tr>\n<\/thead>\n<tbody data-start=\"2519\" data-end=\"2668\">\n<tr data-start=\"2519\" data-end=\"2555\">\n<td data-start=\"2519\" data-end=\"2531\" data-col-size=\"sm\">Bo\u010dna vrata<\/td>\n<td data-col-size=\"sm\" data-start=\"2531\" data-end=\"2555\">\u010celi\u010dna vrata za osoblje<\/td>\n<\/tr>\n<tr data-start=\"2556\" data-end=\"2599\">\n<td data-start=\"2556\" data-end=\"2565\" data-col-size=\"sm\">Prozor<\/td>\n<td data-col-size=\"sm\" data-start=\"2565\" data-end=\"2599\">Fiksni prozor za prirodno svjetlo<\/td>\n<\/tr>\n<tr data-start=\"2600\" data-end=\"2623\">\n<td data-start=\"2600\" data-end=\"2616\" data-col-size=\"sm\">Nepropusno za vremenske uvjete<\/td>\n<td data-start=\"2616\" data-end=\"2623\" data-col-size=\"sm\">Da<\/td>\n<\/tr>\n<tr data-start=\"2624\" data-end=\"2668\">\n<td data-start=\"2624\" data-end=\"2635\" data-col-size=\"sm\">Sigurnost<\/td>\n<td data-start=\"2635\" data-end=\"2668\" data-col-size=\"sm\">Konstrukcija od oja\u010danog \u010delika<\/td>\n<\/tr>\n<\/tbody>\n<\/table>\n<\/div>\n<\/div>\n<hr data-start=\"2670\" data-end=\"2673\">\n<h3 data-start=\"2675\" data-end=\"2699\">Tipi\u010dne primjene<\/h3>\n<div class=\"TyagGW_tableContainer\">\n<div class=\"group TyagGW_tableWrapper flex w-fit flex-col-reverse\" tabindex=\"-1\">\n<table class=\"w-fit min-w-(--thread-content-width)\" data-start=\"2701\" data-end=\"2871\">\n<thead data-start=\"2701\" data-end=\"2713\">\n<tr data-start=\"2701\" data-end=\"2713\">\n<th data-start=\"2701\" data-end=\"2713\" data-col-size=\"sm\">Primjer upotrebe<\/th>\n<\/tr>\n<\/thead>\n<tbody data-start=\"2725\" data-end=\"2871\">\n<tr data-start=\"2725\" data-end=\"2753\">\n<td data-start=\"2725\" data-end=\"2753\" data-col-size=\"sm\">Skladi\u0161tenje alata i opreme<\/td>\n<\/tr>\n<tr data-start=\"2754\" data-end=\"2783\">\n<td data-start=\"2754\" data-end=\"2783\" data-col-size=\"sm\">Skladi\u0161tenje na gradili\u0161tu<\/td>\n<\/tr>\n<tr data-start=\"2784\" data-end=\"2814\">\n<td data-start=\"2784\" data-end=\"2814\" data-col-size=\"sm\">Skladi\u0161tenje u vrtu ili na imanju<\/td>\n<\/tr>\n<tr data-start=\"2815\" data-end=\"2835\">\n<td data-start=\"2815\" data-end=\"2835\" data-col-size=\"sm\">Prostorija za odr\u017eavanje<\/td>\n<\/tr>\n<tr data-start=\"2836\" data-end=\"2871\">\n<td data-start=\"2836\" data-end=\"2871\" data-col-size=\"sm\">Mali radni prostor ili pomo\u0107na jedinica<\/td>\n<\/tr>\n<\/tbody>\n<\/table>\n<\/div>\n<\/div>\n","protected":false},"excerpt":{"rendered":"<p>Kontejner za skladi\u0161tenje od 3 metra s prozorom i bo\u010dnim vratima u bijeloj boji kompaktno je i sigurno rje\u0161enje za skladi\u0161tenje s jednostavnim pristupom i prirodnim svjetlom. Idealan je za alate, opremu ili skladi\u0161tenje na gradili\u0161tu gdje su prostor, vidljivost i prakti\u010dnost va\u017eni. <\/p>\n","protected":false},"featured_media":2062,"comment_status":"open","ping_status":"closed","template":"","meta":{"_kad_blocks_custom_css":"","_kad_blocks_head_custom_js":"","_kad_blocks_body_custom_js":"","_kad_blocks_footer_custom_js":"","_kad_post_transparent":"","_kad_post_title":"","_kad_post_layout":"","_kad_post_sidebar_id":"","_kad_post_content_style":"","_kad_post_vertical_padding":"","_kad_post_feature":"","_kad_post_feature_position":"","_kad_post_header":false,"_kad_post_footer":false,"_kad_post_classname":""},"product_brand":[],"product_cat":[236,178],"product_tag":[],"product_brands":[311],"class_list":{"0":"post-2058","1":"product","2":"type-product","3":"status-publish","4":"has-post-thumbnail","6":"product_cat-kontejner-od-10-stopa","7":"product_cat-kontejneri-za-skladistenje","8":"pa_container-condition-novo-jedno-putovanje","9":"pa_container-type-spremnik-za-skladistenje","10":"pa_contanier-size-10-stopa","11":"product_brands-swiety-marcin-poland","13":"first","14":"instock","15":"sale","16":"taxable","17":"shipping-taxable","18":"purchasable","19":"product-type-simple","20":"entry","21":"content-bg","22":"loop-entry"},"taxonomy_info":{"product_cat":[{"value":236,"label":"Kontejner od 10 stopa"},{"value":178,"label":"Kontejneri za skladi\u0161tenje"}],"pa_container-condition":[{"value":166,"label":"Novo (jedno putovanje)"}],"pa_container-type":[{"value":177,"label":"Spremnik za skladi\u0161tenje"}],"pa_contanier-size":[{"value":174,"label":"10 stopa"}],"product_brands":[{"value":311,"label":"\u015awi\u0119ty Marcin, Poland"}]},"featured_image_src_large":["https:\/\/olborglogistics.com\/wp-content\/uploads\/2025\/12\/Weiser-10-Fus-Lagercontainer-mit-Fenster-an-der-Seite-1024x768.png",1021,766,true],"author_info":[],"comment_info":0,"_links":{"self":[{"href":"https:\/\/olborglogistics.com\/hr\/wp-json\/wp\/v2\/product\/2058","targetHints":{"allow":["GET"]}}],"collection":[{"href":"https:\/\/olborglogistics.com\/hr\/wp-json\/wp\/v2\/product"}],"about":[{"href":"https:\/\/olborglogistics.com\/hr\/wp-json\/wp\/v2\/types\/product"}],"replies":[{"embeddable":true,"href":"https:\/\/olborglogistics.com\/hr\/wp-json\/wp\/v2\/comments?post=2058"}],"wp:featuredmedia":[{"embeddable":true,"href":"https:\/\/olborglogistics.com\/hr\/wp-json\/wp\/v2\/media\/2062"}],"wp:attachment":[{"href":"https:\/\/olborglogistics.com\/hr\/wp-json\/wp\/v2\/media?parent=2058"}],"wp:term":[{"taxonomy":"product_brand","embeddable":true,"href":"https:\/\/olborglogistics.com\/hr\/wp-json\/wp\/v2\/product_brand?post=2058"},{"taxonomy":"product_cat","embeddable":true,"href":"https:\/\/olborglogistics.com\/hr\/wp-json\/wp\/v2\/product_cat?post=2058"},{"taxonomy":"product_tag","embeddable":true,"href":"https:\/\/olborglogistics.com\/hr\/wp-json\/wp\/v2\/product_tag?post=2058"},{"taxonomy":"product_brands","embeddable":true,"href":"https:\/\/olborglogistics.com\/hr\/wp-json\/wp\/v2\/product_brands?post=2058"}],"curies":[{"name":"wp","href":"https:\/\/api.w.org\/{rel}","templated":true}]}}