{"id":2029,"date":"2025-12-22T06:58:59","date_gmt":"2025-12-22T06:58:59","guid":{"rendered":"https:\/\/olborglogistics.com\/product\/standardni-brodski-kontejner-od-10-stopa-novo\/"},"modified":"2026-01-26T17:31:47","modified_gmt":"2026-01-26T17:31:47","slug":"standardni-brodski-kontejner-od-10-stopa-novo","status":"publish","type":"product","link":"https:\/\/olborglogistics.com\/hr\/proizvod\/standardni-brodski-kontejner-od-10-stopa-novo\/","title":{"rendered":"Standardni brodski kontejner od 10 stopa (novo)"},"content":{"rendered":"<p data-start=\"486\" data-end=\"778\"><strong data-start=\"490\" data-end=\"526\">Jednokratni brodski kontejner od 10 stopa (3 metra)<\/strong> je visokokvalitetni, gotovo novi kontejner dizajniran za kupce kojima je potrebno pouzdano skladi\u0161tenje bez prostora koji zauzimaju obi\u010dni kontejneri. Nakon \u0161to je obavio samo jedno me\u0111unarodno prijevozno putovanje, u izvrsnom je stanju s minimalnim znakovima kori\u0161tenja.<\/p>\n<p data-start=\"780\" data-end=\"1116\">Izra\u0111en od izdr\u017eljivog <strong data-start=\"805\" data-end=\"821\">kortenskog \u010delika<\/strong> , spremnik pru\u017ea sna\u017enu otpornost na koroziju i te\u0161ke vremenske uvjete. Ima dvostruka teretna vrata sa sigurnim bravama, \u0161to osigurava jednostavan pristup i za\u0161titu od neovla\u0161tenog ulaska. \u010cvrsti pod od \u0161perplo\u010de za brodove prikladan je za skladi\u0161tenje te\u0161ke opreme, alata ili robe.<\/p>\n<p data-start=\"1118\" data-end=\"1400\">Zahvaljuju\u0107i svojoj kompaktnoj veli\u010dini, kontejner od 10 stopa (3 metra) se obi\u010dno koristi za gradili\u0161ta, radionice, gara\u017ee, maloprodajna skladi\u0161ta i privatnu upotrebu. Lako se transportira, premje\u0161ta i postavlja, a istovremeno nudi \u010dvrsto\u0107u i sigurnost koja se o\u010dekuje od standardnog transportnog kontejnera. <\/p>\n<h2 data-start=\"1407\" data-end=\"1434\">Tehni\u010dke specifikacije<\/h2>\n<h3 data-start=\"1436\" data-end=\"1459\">Op\u0107e informacije<\/h3>\n<div class=\"TyagGW_tableContainer\">\n<div class=\"group TyagGW_tableWrapper flex w-fit flex-col-reverse\" tabindex=\"-1\">\n<table class=\"w-fit min-w-(--thread-content-width)\" data-start=\"1461\" data-end=\"1770\">\n<thead data-start=\"1461\" data-end=\"1488\">\n<tr data-start=\"1461\" data-end=\"1488\">\n<th data-start=\"1461\" data-end=\"1471\" data-col-size=\"sm\">Zna\u010dajka<\/th>\n<th data-start=\"1471\" data-end=\"1488\" data-col-size=\"sm\">Specifikacija<\/th>\n<\/tr>\n<\/thead>\n<tbody data-start=\"1512\" data-end=\"1770\">\n<tr data-start=\"1512\" data-end=\"1565\">\n<td data-start=\"1512\" data-end=\"1529\" data-col-size=\"sm\">Vrsta kontejnera<\/td>\n<td data-start=\"1529\" data-end=\"1565\" data-col-size=\"sm\">Standardni transportni kontejner od 10 stopa<\/td>\n<\/tr>\n<tr data-start=\"1566\" data-end=\"1603\">\n<td data-start=\"1566\" data-end=\"1578\" data-col-size=\"sm\">Stanje<\/td>\n<td data-start=\"1578\" data-end=\"1603\" data-col-size=\"sm\">Jedno putovanje (skoro novo)<\/td>\n<\/tr>\n<tr data-start=\"1604\" data-end=\"1631\">\n<td data-start=\"1604\" data-end=\"1615\" data-col-size=\"sm\">Materijal<\/td>\n<td data-start=\"1615\" data-end=\"1631\" data-col-size=\"sm\">Korten \u010delik<\/td>\n<\/tr>\n<tr data-start=\"1632\" data-end=\"1658\">\n<td data-start=\"1632\" data-end=\"1640\" data-col-size=\"sm\">Kat<\/td>\n<td data-start=\"1640\" data-end=\"1658\" data-col-size=\"sm\">Brodska \u0161perplo\u010da<\/td>\n<\/tr>\n<tr data-start=\"1659\" data-end=\"1689\">\n<td data-start=\"1659\" data-end=\"1667\" data-col-size=\"sm\">Vrata<\/td>\n<td data-start=\"1667\" data-end=\"1689\" data-col-size=\"sm\">Dvostruka teretna vrata<\/td>\n<\/tr>\n<tr data-start=\"1690\" data-end=\"1723\">\n<td data-start=\"1690\" data-end=\"1707\" data-col-size=\"sm\">Sustav zaklju\u010davanja<\/td>\n<td data-start=\"1707\" data-end=\"1723\" data-col-size=\"sm\">Zaklju\u010davaju\u0107e \u0161ipke<\/td>\n<\/tr>\n<tr data-start=\"1724\" data-end=\"1750\">\n<td data-start=\"1724\" data-end=\"1743\" data-col-size=\"sm\">D\u017eepovi za vili\u010dar<\/td>\n<td data-start=\"1743\" data-end=\"1750\" data-col-size=\"sm\">Da<\/td>\n<\/tr>\n<tr data-start=\"1751\" data-end=\"1770\">\n<td data-start=\"1751\" data-end=\"1763\" data-col-size=\"sm\">Mo\u017ee se slagati<\/td>\n<td data-start=\"1763\" data-end=\"1770\" data-col-size=\"sm\">Da<\/td>\n<\/tr>\n<\/tbody>\n<\/table>\n<\/div>\n<\/div>\n<hr data-start=\"1772\" data-end=\"1775\">\n<h3 data-start=\"1777\" data-end=\"1800\">Vanjske dimenzije<\/h3>\n<div class=\"TyagGW_tableContainer\">\n<div class=\"group TyagGW_tableWrapper flex w-fit flex-col-reverse\" tabindex=\"-1\">\n<table class=\"w-fit min-w-(--thread-content-width)\" data-start=\"1802\" data-end=\"1906\">\n<thead data-start=\"1802\" data-end=\"1825\">\n<tr data-start=\"1802\" data-end=\"1825\">\n<th data-start=\"1802\" data-end=\"1816\" data-col-size=\"sm\">Mjerenje<\/th>\n<th data-start=\"1816\" data-end=\"1825\" data-col-size=\"sm\">Vrijednost<\/th>\n<\/tr>\n<\/thead>\n<tbody data-start=\"1842\" data-end=\"1906\">\n<tr data-start=\"1842\" data-end=\"1863\">\n<td data-start=\"1842\" data-end=\"1851\" data-col-size=\"sm\">Duljina<\/td>\n<td data-start=\"1851\" data-end=\"1863\" data-col-size=\"sm\">2.991 mm<\/td>\n<\/tr>\n<tr data-start=\"1864\" data-end=\"1884\">\n<td data-start=\"1864\" data-end=\"1872\" data-col-size=\"sm\">\u0160irina<\/td>\n<td data-start=\"1872\" data-end=\"1884\" data-col-size=\"sm\">2.438 mm<\/td>\n<\/tr>\n<tr data-start=\"1885\" data-end=\"1906\">\n<td data-start=\"1885\" data-end=\"1894\" data-col-size=\"sm\">Visina<\/td>\n<td data-start=\"1894\" data-end=\"1906\" data-col-size=\"sm\">2.591 mm<\/td>\n<\/tr>\n<\/tbody>\n<\/table>\n<\/div>\n<\/div>\n<hr data-start=\"1908\" data-end=\"1911\">\n<h3 data-start=\"1913\" data-end=\"1936\">Unutarnje dimenzije<\/h3>\n<div class=\"TyagGW_tableContainer\">\n<div class=\"group TyagGW_tableWrapper flex w-fit flex-col-reverse\" tabindex=\"-1\">\n<table class=\"w-fit min-w-(--thread-content-width)\" data-start=\"1938\" data-end=\"2066\">\n<thead data-start=\"1938\" data-end=\"1961\">\n<tr data-start=\"1938\" data-end=\"1961\">\n<th data-start=\"1938\" data-end=\"1952\" data-col-size=\"sm\">Mjerenje<\/th>\n<th data-start=\"1952\" data-end=\"1961\" data-col-size=\"sm\">Vrijednost<\/th>\n<\/tr>\n<\/thead>\n<tbody data-start=\"1978\" data-end=\"2066\">\n<tr data-start=\"1978\" data-end=\"2007\">\n<td data-start=\"1978\" data-end=\"1987\" data-col-size=\"sm\">Duljina<\/td>\n<td data-start=\"1987\" data-end=\"2007\" data-col-size=\"sm\">Otprilike 2.830 mm<\/td>\n<\/tr>\n<tr data-start=\"2008\" data-end=\"2036\">\n<td data-start=\"2008\" data-end=\"2016\" data-col-size=\"sm\">\u0160irina<\/td>\n<td data-start=\"2016\" data-end=\"2036\" data-col-size=\"sm\">Otprilike 2350 mm<\/td>\n<\/tr>\n<tr data-start=\"2037\" data-end=\"2066\">\n<td data-start=\"2037\" data-end=\"2046\" data-col-size=\"sm\">Visina<\/td>\n<td data-start=\"2046\" data-end=\"2066\" data-col-size=\"sm\">Otprilike 2.390 mm<\/td>\n<\/tr>\n<\/tbody>\n<\/table>\n<\/div>\n<\/div>\n<hr data-start=\"2068\" data-end=\"2071\">\n<h3 data-start=\"2073\" data-end=\"2101\">Dimenzije vrata i pristup<\/h3>\n<div class=\"TyagGW_tableContainer\">\n<div class=\"group TyagGW_tableWrapper flex w-fit flex-col-reverse\" tabindex=\"-1\">\n<table class=\"w-fit min-w-(--thread-content-width)\" data-start=\"2103\" data-end=\"2272\">\n<thead data-start=\"2103\" data-end=\"2128\">\n<tr data-start=\"2103\" data-end=\"2128\">\n<th data-start=\"2103\" data-end=\"2113\" data-col-size=\"sm\">Zna\u010dajka<\/th>\n<th data-start=\"2113\" data-end=\"2128\" data-col-size=\"sm\">Mjerenje<\/th>\n<\/tr>\n<\/thead>\n<tbody data-start=\"2150\" data-end=\"2272\">\n<tr data-start=\"2150\" data-end=\"2191\">\n<td data-start=\"2150\" data-end=\"2171\" data-col-size=\"sm\">\u0160irina otvora vrata<\/td>\n<td data-start=\"2171\" data-end=\"2191\" data-col-size=\"sm\">Otprilike 2.340 mm<\/td>\n<\/tr>\n<tr data-start=\"2192\" data-end=\"2234\">\n<td data-start=\"2192\" data-end=\"2214\" data-col-size=\"sm\">Visina otvora vrata<\/td>\n<td data-start=\"2214\" data-end=\"2234\" data-col-size=\"sm\">Otprilike 2.280 mm<\/td>\n<\/tr>\n<tr data-start=\"2235\" data-end=\"2272\">\n<td data-start=\"2235\" data-end=\"2256\" data-col-size=\"sm\">Kut otvaranja vrata<\/td>\n<td data-start=\"2256\" data-end=\"2272\" data-col-size=\"sm\">Otprilike 270\u00b0<\/td>\n<\/tr>\n<\/tbody>\n<\/table>\n<\/div>\n<\/div>\n<hr data-start=\"2274\" data-end=\"2277\">\n<h3 data-start=\"2279\" data-end=\"2316\">Dimenzije \u2013 Zatvorena vrata u odnosu na otvorena vrata<\/h3>\n<div class=\"TyagGW_tableContainer\">\n<div class=\"group TyagGW_tableWrapper flex w-fit flex-col-reverse\" tabindex=\"-1\">\n<table class=\"w-fit min-w-(--thread-content-width)\" data-start=\"2318\" data-end=\"2567\">\n<thead data-start=\"2318\" data-end=\"2347\">\n<tr data-start=\"2318\" data-end=\"2347\">\n<th data-start=\"2318\" data-end=\"2334\" data-col-size=\"sm\">Konfiguracija<\/th>\n<th data-start=\"2334\" data-end=\"2347\" data-col-size=\"sm\">Dimenzija<\/th>\n<\/tr>\n<\/thead>\n<tbody data-start=\"2369\" data-end=\"2567\">\n<tr data-start=\"2369\" data-end=\"2411\">\n<td data-start=\"2369\" data-end=\"2399\" data-col-size=\"sm\">Ukupna duljina (vrata zatvorena)<\/td>\n<td data-start=\"2399\" data-end=\"2411\" data-col-size=\"sm\">2.991 mm<\/td>\n<\/tr>\n<tr data-start=\"2412\" data-end=\"2467\">\n<td data-start=\"2412\" data-end=\"2447\" data-col-size=\"sm\">Ukupna duljina (vrata se otvaraju pod kutom od 90\u00b0)<\/td>\n<td data-start=\"2447\" data-end=\"2467\" data-col-size=\"sm\">Otprilike 3600 mm<\/td>\n<\/tr>\n<tr data-start=\"2468\" data-end=\"2524\">\n<td data-start=\"2468\" data-end=\"2504\" data-col-size=\"sm\">Ukupna duljina (vrata se otvaraju pod kutom od 270\u00b0)<\/td>\n<td data-start=\"2504\" data-end=\"2524\" data-col-size=\"sm\">Otprilike 4100 mm<\/td>\n<\/tr>\n<tr data-start=\"2525\" data-end=\"2567\">\n<td data-start=\"2525\" data-end=\"2546\" data-col-size=\"sm\">Potrebno odobrenje<\/td>\n<td data-start=\"2546\" data-end=\"2567\" data-col-size=\"sm\">Min. 800\u20131200 mm<\/td>\n<\/tr>\n<\/tbody>\n<\/table>\n<\/div>\n<\/div>\n<hr data-start=\"2569\" data-end=\"2572\">\n<h3 data-start=\"2574\" data-end=\"2595\">Te\u017eina i kapacitet<\/h3>\n<div class=\"TyagGW_tableContainer\">\n<div class=\"group TyagGW_tableWrapper flex w-fit flex-col-reverse\" tabindex=\"-1\">\n<table class=\"w-fit min-w-(--thread-content-width)\" data-start=\"2597\" data-end=\"2846\">\n<thead data-start=\"2597\" data-end=\"2624\">\n<tr data-start=\"2597\" data-end=\"2624\">\n<th data-start=\"2597\" data-end=\"2607\" data-col-size=\"sm\">Zna\u010dajka<\/th>\n<th data-start=\"2607\" data-end=\"2624\" data-col-size=\"sm\">Specifikacija<\/th>\n<\/tr>\n<\/thead>\n<tbody data-start=\"2648\" data-end=\"2846\">\n<tr data-start=\"2648\" data-end=\"2682\">\n<td data-start=\"2648\" data-end=\"2662\" data-col-size=\"sm\">Tara te\u017eina<\/td>\n<td data-start=\"2662\" data-end=\"2682\" data-col-size=\"sm\">Otprilike 1300 kg<\/td>\n<\/tr>\n<tr data-start=\"2683\" data-end=\"2722\">\n<td data-start=\"2683\" data-end=\"2701\" data-col-size=\"sm\">Maksimalni korisni teret<\/td>\n<td data-start=\"2701\" data-end=\"2722\" data-col-size=\"sm\">Otprilike 10.000 kg<\/td>\n<\/tr>\n<tr data-start=\"2723\" data-end=\"2767\">\n<td data-start=\"2723\" data-end=\"2746\" data-col-size=\"sm\">Maksimalna bruto te\u017eina<\/td>\n<td data-start=\"2746\" data-end=\"2767\" data-col-size=\"sm\">Otprilike 11.300 kg<\/td>\n<\/tr>\n<tr data-start=\"2768\" data-end=\"2803\">\n<td data-start=\"2768\" data-end=\"2786\" data-col-size=\"sm\">Unutarnji volumen<\/td>\n<td data-start=\"2786\" data-end=\"2803\" data-col-size=\"sm\">Otprilike 16 m\u00b3<\/td>\n<\/tr>\n<tr data-start=\"2804\" data-end=\"2846\">\n<td data-start=\"2804\" data-end=\"2827\" data-col-size=\"sm\">Kapacitet euro paleta<\/td>\n<td data-start=\"2827\" data-end=\"2846\" data-col-size=\"sm\">Do 5 paleta<\/td>\n<\/tr>\n<\/tbody>\n<\/table>\n<\/div>\n<\/div>\n","protected":false},"excerpt":{"rendered":"<p>Jednokratni brodski kontejner od 3 metra je kompaktan, gotovo nov \u010deli\u010dni kontejner kori\u0161ten samo jednom za prijevoz tereta. Nudi sigurno skladi\u0161tenje otporno na vremenske uvjete u formatu koji \u0161tedi prostor, \u0161to ga \u010dini idealnim za lokacije s ograni\u010denim prostorom ili potrebama za kratkoro\u010dnim i dugoro\u010dnim skladi\u0161tenjem. <\/p>\n","protected":false},"featured_media":2042,"comment_status":"open","ping_status":"closed","template":"","meta":{"_kad_blocks_custom_css":"","_kad_blocks_head_custom_js":"","_kad_blocks_body_custom_js":"","_kad_blocks_footer_custom_js":"","_kad_post_transparent":"","_kad_post_title":"","_kad_post_layout":"","_kad_post_sidebar_id":"","_kad_post_content_style":"","_kad_post_vertical_padding":"","_kad_post_feature":"","_kad_post_feature_position":"","_kad_post_header":false,"_kad_post_footer":false,"_kad_post_classname":""},"product_brand":[],"product_cat":[236,169],"product_tag":[],"product_brands":[315],"class_list":{"0":"post-2029","1":"product","2":"type-product","3":"status-publish","4":"has-post-thumbnail","6":"product_cat-kontejner-od-10-stopa","7":"product_cat-standardni-kontejneri","8":"pa_container-condition-novo-jedno-putovanje","9":"pa_container-type-standardni-kontejner","10":"pa_contanier-size-10-stopa","11":"product_brands-barcelona-espana","13":"first","14":"instock","15":"sale","16":"taxable","17":"shipping-taxable","18":"purchasable","19":"product-type-simple","20":"entry","21":"content-bg","22":"loop-entry"},"taxonomy_info":{"product_cat":[{"value":236,"label":"Kontejner od 10 stopa"},{"value":169,"label":"Standardni kontejneri"}],"pa_container-condition":[{"value":166,"label":"Novo (jedno putovanje)"}],"pa_container-type":[{"value":167,"label":"Standardni kontejner"}],"pa_contanier-size":[{"value":174,"label":"10 stopa"}],"product_brands":[{"value":315,"label":"Barcelona, Espa\u00f1a"}]},"featured_image_src_large":["https:\/\/olborglogistics.com\/wp-content\/uploads\/2025\/12\/blue-new-one-trip-shipping-container.jpg",1021,766,false],"author_info":[],"comment_info":0,"_links":{"self":[{"href":"https:\/\/olborglogistics.com\/hr\/wp-json\/wp\/v2\/product\/2029","targetHints":{"allow":["GET"]}}],"collection":[{"href":"https:\/\/olborglogistics.com\/hr\/wp-json\/wp\/v2\/product"}],"about":[{"href":"https:\/\/olborglogistics.com\/hr\/wp-json\/wp\/v2\/types\/product"}],"replies":[{"embeddable":true,"href":"https:\/\/olborglogistics.com\/hr\/wp-json\/wp\/v2\/comments?post=2029"}],"wp:featuredmedia":[{"embeddable":true,"href":"https:\/\/olborglogistics.com\/hr\/wp-json\/wp\/v2\/media\/2042"}],"wp:attachment":[{"href":"https:\/\/olborglogistics.com\/hr\/wp-json\/wp\/v2\/media?parent=2029"}],"wp:term":[{"taxonomy":"product_brand","embeddable":true,"href":"https:\/\/olborglogistics.com\/hr\/wp-json\/wp\/v2\/product_brand?post=2029"},{"taxonomy":"product_cat","embeddable":true,"href":"https:\/\/olborglogistics.com\/hr\/wp-json\/wp\/v2\/product_cat?post=2029"},{"taxonomy":"product_tag","embeddable":true,"href":"https:\/\/olborglogistics.com\/hr\/wp-json\/wp\/v2\/product_tag?post=2029"},{"taxonomy":"product_brands","embeddable":true,"href":"https:\/\/olborglogistics.com\/hr\/wp-json\/wp\/v2\/product_brands?post=2029"}],"curies":[{"name":"wp","href":"https:\/\/api.w.org\/{rel}","templated":true}]}}