{"id":1909,"date":"2025-12-21T22:34:54","date_gmt":"2025-12-21T22:34:54","guid":{"rendered":"https:\/\/olborglogistics.com\/product\/standardni-transportni-kontejner-od-20-stopa-jedno-putovanje\/"},"modified":"2026-01-26T10:56:41","modified_gmt":"2026-01-26T10:56:41","slug":"standardni-transportni-kontejner-od-20-stopa-jedno-putovanje","status":"publish","type":"product","link":"https:\/\/olborglogistics.com\/hr\/proizvod\/standardni-transportni-kontejner-od-20-stopa-jedno-putovanje\/","title":{"rendered":"Standardni transportni kontejner od 20 stopa (jedno putovanje)"},"content":{"rendered":"<p data-start=\"537\" data-end=\"779\"><strong data-start=\"541\" data-end=\"577\">6-metarski kontejner za jednokratni prijevoz<\/strong> predstavlja najvi\u0161i standard kvalitete kontejnera. Kori\u0161ten samo jednom za prijevoz tereta iz tvornice, ovaj kontejner je u gotovo novom stanju, bez strukturnih o\u0161te\u0107enja, jakog habanja ili korozije. <\/p>\n<p data-start=\"781\" data-end=\"1091\">Izra\u0111en od visokokvalitetnog corten \u010delika, dizajniran je da izdr\u017ei te\u0161ke vremenske uvjete, a istovremeno pru\u017ea sigurno i pouzdano skladi\u0161tenje. Kontejner ima originalna teretna vrata s te\u0161kim bravama, \u010dvrsti pod od \u0161perplo\u010de i potpuno brtvljenje protiv vremenskih uvjeta kako bi se roba za\u0161titila od vlage i pra\u0161ine. <\/p>\n<p data-start=\"1093\" data-end=\"1397\">Ovaj kontejner idealan je za kupce koji tra\u017ee dugoro\u010dno rje\u0161enje za skladi\u0161tenje, izvoznu upotrebu ili \u010distu bazu za prenamjenu u urede, gara\u017ee, radionice ili druge modificirane kontejnerske namjene. Njegove standardne dimenzije osiguravaju jednostavan transport, slaganje i kompatibilnost s globalnim logisti\u010dkim sustavima. <\/p>\n<p data-start=\"1093\" data-end=\"1397\">Ovaj <a href=\"https:\/\/olborglogistics.com\/pl\/kontenery-20-stopowe\/\">kontejner od 20 stopa<\/a> iz bilo kojeg od na\u0161ih skladi\u0161ta i dostava na va\u0161u adresu<\/p>\n<h3 data-start=\"1404\" data-end=\"1437\">Klju\u010dne zna\u010dajke i specifikacije<\/h3>\n<table>\n<thead>\n<tr>\n<th>Zna\u010dajka<\/th>\n<th>Specifikacija<\/th>\n<\/tr>\n<\/thead>\n<tbody>\n<tr>\n<td>Vrsta kontejnera<\/td>\n<td>Standard od 20 stopa (TEU)<\/td>\n<\/tr>\n<tr>\n<td>ISO kod<\/td>\n<td>22G1<\/td>\n<\/tr>\n<tr>\n<td>Stanje<\/td>\n<td>Novo (jednokratno) ili rabljeno<\/td>\n<\/tr>\n<tr>\n<td>Materijal<\/td>\n<td>Corten \u010delik (otporan na vremenske uvjete)<\/td>\n<\/tr>\n<tr>\n<td>Vrsta poda<\/td>\n<td>Brodska \u0161perplo\u010da<\/td>\n<\/tr>\n<tr>\n<td>Vrata<\/td>\n<td>Dvostruka teretna vrata<\/td>\n<\/tr>\n<tr>\n<td>Sustav zaklju\u010davanja<\/td>\n<td>2 zasuna za zaklju\u010davanje po vratima<\/td>\n<\/tr>\n<tr>\n<td>D\u017eepovi za vili\u010dar<\/td>\n<td>Da<\/td>\n<\/tr>\n<tr>\n<td>CSC certificirano<\/td>\n<td>Da<\/td>\n<\/tr>\n<tr>\n<td>Mo\u017ee se slagati<\/td>\n<td>Da<\/td>\n<\/tr>\n<\/tbody>\n<\/table>\n<div class=\"TyagGW_tableContainer\">\n<h3 data-start=\"737\" data-end=\"760\">Vanjske dimenzije<\/h3>\n<div class=\"TyagGW_tableContainer\">\n<div class=\"group TyagGW_tableWrapper flex w-fit flex-col-reverse\" tabindex=\"-1\">\n<table class=\"w-fit min-w-(--thread-content-width)\" data-start=\"762\" data-end=\"893\">\n<thead data-start=\"762\" data-end=\"785\">\n<tr data-start=\"762\" data-end=\"785\">\n<th data-start=\"762\" data-end=\"776\" data-col-size=\"sm\">Mjerenje<\/th>\n<th data-start=\"776\" data-end=\"785\" data-col-size=\"sm\">Vrijednost<\/th>\n<\/tr>\n<\/thead>\n<tbody data-start=\"802\" data-end=\"893\">\n<tr data-start=\"802\" data-end=\"832\">\n<td data-start=\"802\" data-end=\"820\" data-col-size=\"sm\">Vanjska duljina<\/td>\n<td data-col-size=\"sm\" data-start=\"820\" data-end=\"832\">6.058 mm<\/td>\n<\/tr>\n<tr data-start=\"833\" data-end=\"862\">\n<td data-start=\"833\" data-end=\"850\" data-col-size=\"sm\">Vanjska \u0161irina<\/td>\n<td data-col-size=\"sm\" data-start=\"850\" data-end=\"862\">2.438 mm<\/td>\n<\/tr>\n<tr data-start=\"863\" data-end=\"893\">\n<td data-start=\"863\" data-end=\"881\" data-col-size=\"sm\">Vanjska visina<\/td>\n<td data-col-size=\"sm\" data-start=\"881\" data-end=\"893\">2.591 mm<\/td>\n<\/tr>\n<\/tbody>\n<\/table>\n<\/div>\n<h3 data-start=\"900\" data-end=\"923\">Unutarnje dimenzije<\/h3>\n<div class=\"TyagGW_tableContainer\">\n<div class=\"group TyagGW_tableWrapper flex w-fit flex-col-reverse\" tabindex=\"-1\">\n<table class=\"w-fit min-w-(--thread-content-width)\" data-start=\"925\" data-end=\"1056\">\n<thead data-start=\"925\" data-end=\"948\">\n<tr data-start=\"925\" data-end=\"948\">\n<th data-start=\"925\" data-end=\"939\" data-col-size=\"sm\">Mjerenje<\/th>\n<th data-start=\"939\" data-end=\"948\" data-col-size=\"sm\">Vrijednost<\/th>\n<\/tr>\n<\/thead>\n<tbody data-start=\"965\" data-end=\"1056\">\n<tr data-start=\"965\" data-end=\"995\">\n<td data-start=\"965\" data-end=\"983\" data-col-size=\"sm\">Unutarnja duljina<\/td>\n<td data-col-size=\"sm\" data-start=\"983\" data-end=\"995\">5.898 mm<\/td>\n<\/tr>\n<tr data-start=\"996\" data-end=\"1025\">\n<td data-start=\"996\" data-end=\"1013\" data-col-size=\"sm\">Unutarnja \u0161irina<\/td>\n<td data-col-size=\"sm\" data-start=\"1013\" data-end=\"1025\">2.352 mm<\/td>\n<\/tr>\n<tr data-start=\"1026\" data-end=\"1056\">\n<td data-start=\"1026\" data-end=\"1044\" data-col-size=\"sm\">Unutarnja visina<\/td>\n<td data-col-size=\"sm\" data-start=\"1044\" data-end=\"1056\">2.393 mm<\/td>\n<\/tr>\n<\/tbody>\n<\/table>\n<h3 data-start=\"1063\" data-end=\"1091\">Dimenzije vrata i pristup<\/h3>\n<div class=\"TyagGW_tableContainer\">\n<div class=\"group TyagGW_tableWrapper flex w-fit flex-col-reverse\" tabindex=\"-1\">\n<table class=\"w-fit min-w-(--thread-content-width)\" data-start=\"1093\" data-end=\"1315\">\n<thead data-start=\"1093\" data-end=\"1118\">\n<tr data-start=\"1093\" data-end=\"1118\">\n<th data-start=\"1093\" data-end=\"1103\" data-col-size=\"sm\">Zna\u010dajka<\/th>\n<th data-start=\"1103\" data-end=\"1118\" data-col-size=\"sm\">Mjerenje<\/th>\n<\/tr>\n<\/thead>\n<tbody data-start=\"1140\" data-end=\"1315\">\n<tr data-start=\"1140\" data-end=\"1173\">\n<td data-start=\"1140\" data-end=\"1161\" data-col-size=\"sm\">\u0160irina otvora vrata<\/td>\n<td data-col-size=\"sm\" data-start=\"1161\" data-end=\"1173\">2.343 mm<\/td>\n<\/tr>\n<tr data-start=\"1174\" data-end=\"1208\">\n<td data-start=\"1174\" data-end=\"1196\" data-col-size=\"sm\">Visina otvora vrata<\/td>\n<td data-col-size=\"sm\" data-start=\"1196\" data-end=\"1208\">2.280 mm<\/td>\n<\/tr>\n<tr data-start=\"1209\" data-end=\"1236\">\n<td data-start=\"1209\" data-end=\"1221\" data-col-size=\"sm\">Vrsta vrata<\/td>\n<td data-col-size=\"sm\" data-start=\"1221\" data-end=\"1236\">Zakretna vrata<\/td>\n<\/tr>\n<tr data-start=\"1237\" data-end=\"1274\">\n<td data-start=\"1237\" data-end=\"1258\" data-col-size=\"sm\">Kut otvaranja vrata<\/td>\n<td data-col-size=\"sm\" data-start=\"1258\" data-end=\"1274\">Otprilike 270\u00b0<\/td>\n<\/tr>\n<tr data-start=\"1275\" data-end=\"1315\">\n<td data-start=\"1275\" data-end=\"1289\" data-col-size=\"sm\">Pristupna strana<\/td>\n<td data-col-size=\"sm\" data-start=\"1289\" data-end=\"1315\">Kratka strana (zavr\u0161na vrata)<\/td>\n<\/tr>\n<\/tbody>\n<\/table>\n<\/div>\n<\/div>\n<hr data-start=\"1317\" data-end=\"1320\">\n<h3 data-start=\"1322\" data-end=\"1359\">Dimenzije \u2013 Zatvorena vrata u odnosu na otvorena vrata<\/h3>\n<div class=\"TyagGW_tableContainer\">\n<div class=\"group TyagGW_tableWrapper flex w-fit flex-col-reverse\" tabindex=\"-1\">\n<table class=\"w-fit min-w-(--thread-content-width)\" data-start=\"1361\" data-end=\"1629\">\n<thead data-start=\"1361\" data-end=\"1390\">\n<tr data-start=\"1361\" data-end=\"1390\">\n<th data-start=\"1361\" data-end=\"1377\" data-col-size=\"sm\">Konfiguracija<\/th>\n<th data-start=\"1377\" data-end=\"1390\" data-col-size=\"sm\">Dimenzija<\/th>\n<\/tr>\n<\/thead>\n<tbody data-start=\"1412\" data-end=\"1629\">\n<tr data-start=\"1412\" data-end=\"1454\">\n<td data-start=\"1412\" data-end=\"1442\" data-col-size=\"sm\">Ukupna duljina (vrata zatvorena)<\/td>\n<td data-col-size=\"sm\" data-start=\"1442\" data-end=\"1454\">6.058 mm<\/td>\n<\/tr>\n<tr data-start=\"1455\" data-end=\"1510\">\n<td data-start=\"1455\" data-end=\"1490\" data-col-size=\"sm\">Ukupna duljina (vrata se otvaraju pod kutom od 90\u00b0)<\/td>\n<td data-col-size=\"sm\" data-start=\"1490\" data-end=\"1510\">Otprilike 6.700 mm<\/td>\n<\/tr>\n<tr data-start=\"1511\" data-end=\"1567\">\n<td data-start=\"1511\" data-end=\"1547\" data-col-size=\"sm\">Ukupna duljina (vrata se otvaraju pod kutom od 270\u00b0)<\/td>\n<td data-col-size=\"sm\" data-start=\"1547\" data-end=\"1567\">Otprilike 7.200 mm<\/td>\n<\/tr>\n<tr data-start=\"1568\" data-end=\"1629\">\n<td data-start=\"1568\" data-end=\"1608\" data-col-size=\"sm\">Potreban razmak za rad vrata<\/td>\n<td data-col-size=\"sm\" data-start=\"1608\" data-end=\"1629\">Min. 800\u20131200 mm<\/td>\n<\/tr>\n<\/tbody>\n<\/table>\n<\/div>\n<\/div>\n<hr data-start=\"1631\" data-end=\"1634\">\n<h3 data-start=\"1636\" data-end=\"1662\">Te\u017eina i nosivost<\/h3>\n<div class=\"TyagGW_tableContainer\">\n<div class=\"group TyagGW_tableWrapper flex w-fit flex-col-reverse\" tabindex=\"-1\">\n<table class=\"w-fit min-w-(--thread-content-width)\" data-start=\"1664\" data-end=\"1835\">\n<thead data-start=\"1664\" data-end=\"1691\">\n<tr data-start=\"1664\" data-end=\"1691\">\n<th data-start=\"1664\" data-end=\"1674\" data-col-size=\"sm\">Zna\u010dajka<\/th>\n<th data-start=\"1674\" data-end=\"1691\" data-col-size=\"sm\">Specifikacija<\/th>\n<\/tr>\n<\/thead>\n<tbody data-start=\"1716\" data-end=\"1835\">\n<tr data-start=\"1716\" data-end=\"1758\">\n<td data-start=\"1716\" data-end=\"1738\" data-col-size=\"sm\">Tara te\u017eina (prazno)<\/td>\n<td data-col-size=\"sm\" data-start=\"1738\" data-end=\"1758\">Otprilike 2300 kg<\/td>\n<\/tr>\n<tr data-start=\"1759\" data-end=\"1798\">\n<td data-start=\"1759\" data-end=\"1777\" data-col-size=\"sm\">Maksimalni korisni teret<\/td>\n<td data-col-size=\"sm\" data-start=\"1777\" data-end=\"1798\">Otprilike 30.200 kg<\/td>\n<\/tr>\n<tr data-start=\"1799\" data-end=\"1835\">\n<td data-start=\"1799\" data-end=\"1822\" data-col-size=\"sm\">Maksimalna bruto te\u017eina<\/td>\n<td data-col-size=\"sm\" data-start=\"1822\" data-end=\"1835\">32.500 kg<\/td>\n<\/tr>\n<\/tbody>\n<\/table>\n<\/div>\n<\/div>\n<hr data-start=\"1837\" data-end=\"1840\">\n<h3 data-start=\"1842\" data-end=\"1854\">Kapacitet<\/h3>\n<div class=\"TyagGW_tableContainer\">\n<div class=\"group TyagGW_tableWrapper flex w-fit flex-col-reverse\" tabindex=\"-1\">\n<table class=\"w-fit min-w-(--thread-content-width)\" data-start=\"1856\" data-end=\"2008\">\n<thead data-start=\"1856\" data-end=\"1875\">\n<tr data-start=\"1856\" data-end=\"1875\">\n<th data-start=\"1856\" data-end=\"1866\" data-col-size=\"sm\">Zna\u010dajka<\/th>\n<th data-start=\"1866\" data-end=\"1875\" data-col-size=\"sm\">Vrijednost<\/th>\n<\/tr>\n<\/thead>\n<tbody data-start=\"1892\" data-end=\"2008\">\n<tr data-start=\"1892\" data-end=\"1929\">\n<td data-start=\"1892\" data-end=\"1910\" data-col-size=\"sm\">Unutarnji volumen<\/td>\n<td data-col-size=\"sm\" data-start=\"1910\" data-end=\"1929\">Otprilike 33,2 m\u00b3<\/td>\n<\/tr>\n<tr data-start=\"1930\" data-end=\"1973\">\n<td data-start=\"1930\" data-end=\"1953\" data-col-size=\"sm\">Kapacitet euro paleta<\/td>\n<td data-col-size=\"sm\" data-start=\"1953\" data-end=\"1973\">Do 11 paleta<\/td>\n<\/tr>\n<tr data-start=\"1974\" data-end=\"2008\">\n<td data-start=\"1974\" data-end=\"1991\" data-col-size=\"sm\">Maksimalno optere\u0107enje stoga<\/td>\n<td data-col-size=\"sm\" data-start=\"1991\" data-end=\"2008\">Sukladno s ISO standardima<\/td>\n<\/tr>\n<\/tbody>\n<\/table>\n<\/div>\n<\/div>\n<hr data-start=\"2010\" data-end=\"2013\">\n<h3 data-start=\"2015\" data-end=\"2044\">Konstrukcija i trajnost<\/h3>\n<div class=\"TyagGW_tableContainer\">\n<div class=\"group TyagGW_tableWrapper flex w-fit flex-col-reverse\" tabindex=\"-1\">\n<table class=\"w-fit min-w-(--thread-content-width)\" data-start=\"2046\" data-end=\"2281\">\n<thead data-start=\"2046\" data-end=\"2071\">\n<tr data-start=\"2046\" data-end=\"2071\">\n<th data-start=\"2046\" data-end=\"2056\" data-col-size=\"sm\">Zna\u010dajka<\/th>\n<th data-start=\"2056\" data-end=\"2071\" data-col-size=\"sm\">Opis<\/th>\n<\/tr>\n<\/thead>\n<tbody data-start=\"2094\" data-end=\"2281\">\n<tr data-start=\"2094\" data-end=\"2134\">\n<td data-start=\"2094\" data-end=\"2107\" data-col-size=\"sm\">Vrsta \u010delika<\/td>\n<td data-col-size=\"sm\" data-start=\"2107\" data-end=\"2134\">Valoviti kortenski \u010delik<\/td>\n<\/tr>\n<tr data-start=\"2135\" data-end=\"2169\">\n<td data-start=\"2135\" data-end=\"2153\" data-col-size=\"sm\">Kutni odljevci<\/td>\n<td data-col-size=\"sm\" data-start=\"2153\" data-end=\"2169\">ISO standard<\/td>\n<\/tr>\n<tr data-start=\"2170\" data-end=\"2212\">\n<td data-start=\"2170\" data-end=\"2190\" data-col-size=\"sm\">Otpornost na vremenske uvjete<\/td>\n<td data-col-size=\"sm\" data-start=\"2190\" data-end=\"2212\">Otporno na vjetar i vodu<\/td>\n<\/tr>\n<tr data-start=\"2213\" data-end=\"2244\">\n<td data-start=\"2213\" data-end=\"2227\" data-col-size=\"sm\">Ventilacija<\/td>\n<td data-col-size=\"sm\" data-start=\"2227\" data-end=\"2244\">Pasivni otvori<\/td>\n<\/tr>\n<tr data-start=\"2245\" data-end=\"2281\">\n<td data-start=\"2245\" data-end=\"2262\" data-col-size=\"sm\">Antikorozija<\/td>\n<td data-col-size=\"sm\" data-start=\"2262\" data-end=\"2281\">Visoka otpornost<\/td>\n<\/tr>\n<\/tbody>\n<\/table>\n<\/div>\n<\/div>\n<p>&nbsp;<\/p>\n<\/div>\n<\/div>\n<\/div>\n<\/div>\n","protected":false},"excerpt":{"rendered":"<p>6-metarski kontejner za jednokratni prijevoz je potpuno novi, nepropusni \u010deli\u010dni kontejner otporan na vjetar i vodu, kori\u0161ten samo jednom za prijevoz tereta. Nudi maksimalnu izdr\u017eljivost, sigurno skladi\u0161tenje i \u010distu unutra\u0161njost, idealnu za projekte skladi\u0161tenja, logistike ili preinake kontejnera. <\/p>\n","protected":false},"featured_media":1918,"comment_status":"open","ping_status":"closed","template":"","meta":{"_kad_blocks_custom_css":"","_kad_blocks_head_custom_js":"","_kad_blocks_body_custom_js":"","_kad_blocks_footer_custom_js":"","_kad_post_transparent":"","_kad_post_title":"","_kad_post_layout":"","_kad_post_sidebar_id":"","_kad_post_content_style":"","_kad_post_vertical_padding":"","_kad_post_feature":"","_kad_post_feature_position":"","_kad_post_header":false,"_kad_post_footer":false,"_kad_post_classname":""},"product_brand":[],"product_cat":[241,169],"product_tag":[266,375,265,267,268],"product_brands":[317],"class_list":{"0":"post-1909","1":"product","2":"type-product","3":"status-publish","4":"has-post-thumbnail","6":"product_cat-kontejner-od-20-stopa","7":"product_cat-standardni-kontejneri","8":"product_tag-kontejner-od-20-stopa","9":"product_tag-kontejner-od-20-stopa-2","10":"product_tag-kontejner-visoke-kocke-od-20-stopa","11":"product_tag-novi-kontejner","12":"product_tag-standardni-morski-kontejner","13":"pa_container-condition-novo-jedno-putovanje","14":"pa_container-type-standardni-kontejner","15":"pa_contanier-size-6-metara","16":"product_brands-dunajska-streda-slovensko","18":"first","19":"instock","20":"sale","21":"taxable","22":"shipping-taxable","23":"purchasable","24":"product-type-simple","25":"entry","26":"content-bg","27":"loop-entry"},"taxonomy_info":{"product_cat":[{"value":241,"label":"Kontejner od 20 stopa"},{"value":169,"label":"Standardni kontejneri"}],"product_tag":[{"value":266,"label":"Kontejner od 20 stopa"},{"value":375,"label":"Kontejner od 20 stopa"},{"value":265,"label":"Kontejner visoke kocke od 20 stopa"},{"value":267,"label":"novi kontejner"},{"value":268,"label":"standardni morski kontejner"}],"pa_container-condition":[{"value":166,"label":"Novo (jedno putovanje)"}],"pa_container-type":[{"value":167,"label":"Standardni kontejner"}],"pa_contanier-size":[{"value":168,"label":"6 metara"}],"product_brands":[{"value":317,"label":"Dunajsk\u00e1 Streda, Slovensko"}]},"featured_image_src_large":["https:\/\/olborglogistics.com\/wp-content\/uploads\/2025\/12\/price-of-20ft-containers-1024x768.jpg",1021,766,true],"author_info":[],"comment_info":0,"_links":{"self":[{"href":"https:\/\/olborglogistics.com\/hr\/wp-json\/wp\/v2\/product\/1909","targetHints":{"allow":["GET"]}}],"collection":[{"href":"https:\/\/olborglogistics.com\/hr\/wp-json\/wp\/v2\/product"}],"about":[{"href":"https:\/\/olborglogistics.com\/hr\/wp-json\/wp\/v2\/types\/product"}],"replies":[{"embeddable":true,"href":"https:\/\/olborglogistics.com\/hr\/wp-json\/wp\/v2\/comments?post=1909"}],"wp:featuredmedia":[{"embeddable":true,"href":"https:\/\/olborglogistics.com\/hr\/wp-json\/wp\/v2\/media\/1918"}],"wp:attachment":[{"href":"https:\/\/olborglogistics.com\/hr\/wp-json\/wp\/v2\/media?parent=1909"}],"wp:term":[{"taxonomy":"product_brand","embeddable":true,"href":"https:\/\/olborglogistics.com\/hr\/wp-json\/wp\/v2\/product_brand?post=1909"},{"taxonomy":"product_cat","embeddable":true,"href":"https:\/\/olborglogistics.com\/hr\/wp-json\/wp\/v2\/product_cat?post=1909"},{"taxonomy":"product_tag","embeddable":true,"href":"https:\/\/olborglogistics.com\/hr\/wp-json\/wp\/v2\/product_tag?post=1909"},{"taxonomy":"product_brands","embeddable":true,"href":"https:\/\/olborglogistics.com\/hr\/wp-json\/wp\/v2\/product_brands?post=1909"}],"curies":[{"name":"wp","href":"https:\/\/api.w.org\/{rel}","templated":true}]}}