{"id":2030,"date":"2025-12-20T09:12:46","date_gmt":"2025-12-20T09:12:46","guid":{"rendered":"https:\/\/olborglogistics.com\/pravila-povrata-i-refundacije\/"},"modified":"2026-01-19T22:53:42","modified_gmt":"2026-01-19T22:53:42","slug":"pravila-povrata-i-refundacije","status":"publish","type":"page","link":"https:\/\/olborglogistics.com\/hr\/pravila-povrata-i-refundacije\/","title":{"rendered":"Pravila povrata i refundacije"},"content":{"rendered":"\n<p>Kupci mogu vratiti WWT, CW i \u201eone trip\u201c transportne kontejnere u roku od 14 dana od kupnje, pod uvjetom da nisu bili prilago\u0111eni. Kontejneri se moraju vratiti u istom stanju u kojem su primljeni.   <strong>Primjenjuje se naknada za vra\u0107anje robe u skladi\u0161te od 25%, a kupci su odgovorni za sve tro\u0161kove povratne dostave.<\/strong>  Povrat novca se vr\u0161i nakon pregleda kontejnera.<\/p>\n\n<p>Za pokretanje povrata mo\u017eete nas kontaktirati na <em><strong><a href=\"mailto:info@olborglogistics.com\">info@olborglogistics.com<\/a><\/strong><\/em> . Ako va\u0161 povrat bude prihva\u0107en, dat \u0107emo vam informacije o tome kako vratiti artikl. Artikli poslani natrag nama bez prethodnog zahtjeva za povrat ne\u0107e biti prihva\u0107eni.  <\/p>\n\n<p><strong>\u0160tete i problemi<\/strong><br\/> Molimo Vas da pregledate svoju narud\u017ebu prilikom dostave i odmah nas kontaktirate ako je artikl neispravan, o\u0161te\u0107en ili ako ste primili pogre\u0161an artikl, kako bismo mogli procijeniti problem i ispraviti ga.<\/p>\n\n<p><strong>Iznimke \/ artikli koji se ne mogu vratiti<\/strong><br\/><br\/> Odre\u0111ene vrste artikala ne mogu se vratiti, uklju\u010duju\u0107i spremnike prodane \u201ekakvi jesu\u201c, spremnike o\u0161te\u0107ene od strane kupca i spremnike s prilago\u0111enim preinakama.<\/p>\n\n<h5 class=\"wp-block-heading\"><em>Za vi\u0161e informacija i op\u0107u podr\u0161ku u vezi s povratom i refundacijom mo\u017eete nas jednostavno kontaktirati.<\/em><\/h5>\n<style>.kb-row-layout-id368_4ee3ad-f5 > .kt-row-column-wrap{align-content:start;}:where(.kb-row-layout-id368_4ee3ad-f5 > .kt-row-column-wrap) > .wp-block-kadence-column{justify-content:start;}.kb-row-layout-id368_4ee3ad-f5 > .kt-row-column-wrap{column-gap:var(--global-kb-gap-md, 2rem);row-gap:var(--global-kb-gap-md, 2rem);max-width:var( --global-content-width, 1021px );padding-left:var(--global-content-edge-padding);padding-right:var(--global-content-edge-padding);padding-top:var(--global-kb-spacing-sm, 1.5rem);padding-bottom:var(--global-kb-spacing-xxs, 0.5rem);}.kb-row-layout-id368_4ee3ad-f5 > .kt-row-column-wrap > div:not(.added-for-specificity){grid-column:initial;}.kb-row-layout-id368_4ee3ad-f5 > .kt-row-column-wrap{grid-template-columns:repeat(3, minmax(0, 1fr));}.kb-row-layout-id368_4ee3ad-f5 > .kt-row-layout-overlay{opacity:0.30;}@media all and (max-width: 1024px){.kb-row-layout-id368_4ee3ad-f5 > .kt-row-column-wrap > div:not(.added-for-specificity){grid-column:initial;}}@media all and (max-width: 1024px){.kb-row-layout-id368_4ee3ad-f5 > .kt-row-column-wrap{grid-template-columns:repeat(3, minmax(0, 1fr));}}@media all and (max-width: 767px){.kb-row-layout-id368_4ee3ad-f5 > .kt-row-column-wrap > div:not(.added-for-specificity){grid-column:initial;}.kb-row-layout-id368_4ee3ad-f5 > .kt-row-column-wrap{grid-template-columns:minmax(0, 1fr);}}<\/style><div class=\"kb-row-layout-wrap kb-row-layout-id368_4ee3ad-f5 alignfull has-theme-palette8-background-color kt-row-has-bg wp-block-kadence-rowlayout\"><div class=\"kt-row-column-wrap kt-has-3-columns kt-row-layout-equal kt-tab-layout-inherit kt-mobile-layout-row kt-row-valign-top kb-theme-content-width\">\n<style>.kadence-column368_a4b30a-c4 > .kt-inside-inner-col,.kadence-column368_a4b30a-c4 > .kt-inside-inner-col:before{border-top-left-radius:0px;border-top-right-radius:0px;border-bottom-right-radius:0px;border-bottom-left-radius:0px;}.kadence-column368_a4b30a-c4 > .kt-inside-inner-col{column-gap:var(--global-kb-gap-sm, 1rem);}.kadence-column368_a4b30a-c4 > .kt-inside-inner-col{flex-direction:column;}.kadence-column368_a4b30a-c4 > .kt-inside-inner-col > .aligncenter{width:100%;}.kadence-column368_a4b30a-c4 > .kt-inside-inner-col:before{opacity:0.3;}.kadence-column368_a4b30a-c4{position:relative;}@media all and (max-width: 1024px){.kadence-column368_a4b30a-c4 > .kt-inside-inner-col{flex-direction:column;justify-content:center;}}@media all and (max-width: 767px){.kadence-column368_a4b30a-c4 > .kt-inside-inner-col{flex-direction:column;justify-content:center;}}<\/style>\n<div class=\"wp-block-kadence-column kadence-column368_a4b30a-c4 inner-column-1\"><div class=\"kt-inside-inner-col\"><style>.wp-block-kadence-column.kb-section-dir-horizontal > .kt-inside-inner-col > .kt-info-box368_4db0da-e3 .kt-blocks-info-box-link-wrap{max-width:unset;}.kt-info-box368_4db0da-e3 .kt-blocks-info-box-link-wrap{border-top:5px solid var(--global-palette7, #eeeeee);border-right:5px solid var(--global-palette7, #eeeeee);border-bottom:5px solid var(--global-palette7, #eeeeee);border-left:5px solid var(--global-palette7, #eeeeee);background:rgba(255, 255, 255, 0);padding-top:var(--global-kb-spacing-sm, 1.5rem);padding-right:var(--global-kb-spacing-sm, 1.5rem);padding-bottom:var(--global-kb-spacing-sm, 1.5rem);padding-left:var(--global-kb-spacing-sm, 1.5rem);margin-top:50px;}.kt-info-box368_4db0da-e3 .kt-blocks-info-box-link-wrap:hover{background:rgba(255, 255, 255, 0);}.kt-info-box368_4db0da-e3 .kadence-info-box-icon-container .kt-info-svg-icon, .kt-info-box368_4db0da-e3 .kt-info-svg-icon-flip, .kt-info-box368_4db0da-e3 .kt-blocks-info-box-number{font-size:50px;}.kt-info-box368_4db0da-e3 .kt-blocks-info-box-media{color:var(--global-palette9, #ffffff);background:var(--global-palette15, #3182CE);border-top-width:5px;border-right-width:5px;border-bottom-width:5px;border-left-width:5px;padding-top:20px;padding-right:20px;padding-bottom:20px;padding-left:20px;}.kt-info-box368_4db0da-e3 .kt-blocks-info-box-media-container{margin-top:-75px;margin-right:0px;margin-bottom:20px;margin-left:0px;}.kt-info-box368_4db0da-e3 .kt-blocks-info-box-link-wrap:hover .kt-blocks-info-box-media{color:var(--global-palette9, #ffffff);background:var(--global-palette5, #4A5568);}.kt-info-box368_4db0da-e3 .kt-infobox-textcontent h6.kt-blocks-info-box-title{color:var(--global-palette3, #1A202C);padding-top:0px;padding-right:0px;padding-bottom:0px;padding-left:0px;margin-top:5px;margin-right:0px;margin-bottom:10px;margin-left:0px;}.kt-info-box368_4db0da-e3 .kt-infobox-textcontent .kt-blocks-info-box-text{color:var(--global-palette3, #1A202C);}.kt-info-box368_4db0da-e3 .kt-blocks-info-box-learnmore{background:transparent;border-color:#555555;border-width:0px 0px 0px 0px;padding-top:4px;padding-right:8px;padding-bottom:4px;padding-left:8px;margin-top:10px;margin-right:0px;margin-bottom:10px;margin-left:0px;}.kt-info-box368_4db0da-e3 .kt-blocks-info-box-link-wrap:hover .kt-blocks-info-box-learnmore,.kt-info-box368_4db0da-e3 .kt-blocks-info-box-link-wrap .kt-blocks-info-box-learnmore:focus{color:#ffffff;background:#444444;border-color:#444444;}@media all and (max-width: 1024px){.kt-info-box368_4db0da-e3 .kt-blocks-info-box-link-wrap{border-top:5px solid var(--global-palette7, #eeeeee);border-right:5px solid var(--global-palette7, #eeeeee);border-bottom:5px solid var(--global-palette7, #eeeeee);border-left:5px solid var(--global-palette7, #eeeeee);}}@media all and (max-width: 1024px){.wp-block-kadence-infobox.kt-info-box368_4db0da-e3 .kt-blocks-info-box-text{font-size:18px;}}@media all and (max-width: 767px){.kt-info-box368_4db0da-e3 .kt-blocks-info-box-link-wrap{border-top:5px solid var(--global-palette7, #eeeeee);border-right:5px solid var(--global-palette7, #eeeeee);border-bottom:5px solid var(--global-palette7, #eeeeee);border-left:5px solid var(--global-palette7, #eeeeee);}}<\/style>\n<div class=\"wp-block-kadence-infobox kt-info-box368_4db0da-e3\"><a class=\"kt-blocks-info-box-link-wrap info-box-link kt-blocks-info-box-media-align-top kt-info-halign-left\" href=\"mailto:info@olborglogistics.com\"><div class=\"kt-blocks-info-box-media-container\"><div class=\"kt-blocks-info-box-media kt-info-media-animate-none\"><div class=\"kadence-info-box-icon-container kt-info-icon-animate-none\"><div class=\"kadence-info-box-icon-inner-container\"><span class=\"kb-svg-icon-wrap kb-svg-icon-fe_mail kt-info-svg-icon\"><svg viewBox=\"0 0 24 24\"  fill=\"none\" stroke=\"currentColor\" stroke-width=\"2\" stroke-linecap=\"round\" stroke-linejoin=\"round\" xmlns=\"http:\/\/www.w3.org\/2000\/svg\"  aria-hidden=\"true\"><path d=\"M4 4h16c1.1 0 2 .9 2 2v12c0 1.1-.9 2-2 2H4c-1.1 0-2-.9-2-2V6c0-1.1.9-2 2-2z\"\/><polyline points=\"22,6 12,13 2,6\"\/><\/svg><\/span><\/div><\/div><\/div><\/div><div class=\"kt-infobox-textcontent\"><h6 class=\"kt-blocks-info-box-title\">E-po\u0161ta<\/h6><p class=\"kt-blocks-info-box-text\"><strong><em>info@olborglogistics.com<\/em><\/strong><\/p><\/div><\/a><\/div>\n<\/div><\/div>\n\n\n<style>.kadence-column368_f3b045-82 > .kt-inside-inner-col,.kadence-column368_f3b045-82 > .kt-inside-inner-col:before{border-top-left-radius:0px;border-top-right-radius:0px;border-bottom-right-radius:0px;border-bottom-left-radius:0px;}.kadence-column368_f3b045-82 > .kt-inside-inner-col{column-gap:var(--global-kb-gap-sm, 1rem);}.kadence-column368_f3b045-82 > .kt-inside-inner-col{flex-direction:column;}.kadence-column368_f3b045-82 > .kt-inside-inner-col > .aligncenter{width:100%;}.kadence-column368_f3b045-82 > .kt-inside-inner-col:before{opacity:0.3;}.kadence-column368_f3b045-82{position:relative;}@media all and (max-width: 1024px){.kadence-column368_f3b045-82 > .kt-inside-inner-col{flex-direction:column;justify-content:center;}}@media all and (max-width: 767px){.kadence-column368_f3b045-82 > .kt-inside-inner-col{flex-direction:column;justify-content:center;}}<\/style>\n<div class=\"wp-block-kadence-column kadence-column368_f3b045-82 inner-column-3\"><div class=\"kt-inside-inner-col\"><style>.wp-block-kadence-column.kb-section-dir-horizontal > .kt-inside-inner-col > .kt-info-box368_b98eb0-4a .kt-blocks-info-box-link-wrap{max-width:unset;}.kt-info-box368_b98eb0-4a .kt-blocks-info-box-link-wrap{border-top:5px solid var(--global-palette7, #eeeeee);border-right:5px solid var(--global-palette7, #eeeeee);border-bottom:5px solid var(--global-palette7, #eeeeee);border-left:5px solid var(--global-palette7, #eeeeee);background:rgba(255, 255, 255, 0);padding-top:var(--global-kb-spacing-sm, 1.5rem);padding-right:var(--global-kb-spacing-sm, 1.5rem);padding-bottom:var(--global-kb-spacing-sm, 1.5rem);padding-left:var(--global-kb-spacing-sm, 1.5rem);margin-top:50px;}.kt-info-box368_b98eb0-4a .kt-blocks-info-box-link-wrap:hover{background:rgba(255, 255, 255, 0);}.kt-info-box368_b98eb0-4a .kadence-info-box-icon-container .kt-info-svg-icon, .kt-info-box368_b98eb0-4a .kt-info-svg-icon-flip, .kt-info-box368_b98eb0-4a .kt-blocks-info-box-number{font-size:50px;}.kt-info-box368_b98eb0-4a .kt-blocks-info-box-media{color:var(--global-palette9, #ffffff);background:var(--global-palette15, #3182CE);border-top-width:5px;border-right-width:5px;border-bottom-width:5px;border-left-width:5px;padding-top:20px;padding-right:20px;padding-bottom:20px;padding-left:20px;}.kt-info-box368_b98eb0-4a .kt-blocks-info-box-media-container{margin-top:-75px;margin-right:0px;margin-bottom:20px;margin-left:0px;}.kt-info-box368_b98eb0-4a .kt-blocks-info-box-link-wrap:hover .kt-blocks-info-box-media{color:var(--global-palette9, #ffffff);background:var(--global-palette5, #4A5568);}.kt-info-box368_b98eb0-4a .kt-infobox-textcontent h6.kt-blocks-info-box-title{color:var(--global-palette3, #1A202C);padding-top:0px;padding-right:0px;padding-bottom:0px;padding-left:0px;margin-top:5px;margin-right:0px;margin-bottom:10px;margin-left:0px;}.kt-info-box368_b98eb0-4a .kt-infobox-textcontent .kt-blocks-info-box-text{color:var(--global-palette3, #1A202C);}.kt-info-box368_b98eb0-4a .kt-blocks-info-box-learnmore{background:transparent;border-color:#555555;border-width:0px 0px 0px 0px;padding-top:4px;padding-right:8px;padding-bottom:4px;padding-left:8px;margin-top:10px;margin-right:0px;margin-bottom:10px;margin-left:0px;}.kt-info-box368_b98eb0-4a .kt-blocks-info-box-link-wrap:hover .kt-blocks-info-box-learnmore,.kt-info-box368_b98eb0-4a .kt-blocks-info-box-link-wrap .kt-blocks-info-box-learnmore:focus{color:#ffffff;background:#444444;border-color:#444444;}@media all and (max-width: 1024px){.kt-info-box368_b98eb0-4a .kt-blocks-info-box-link-wrap{border-top:5px solid var(--global-palette7, #eeeeee);border-right:5px solid var(--global-palette7, #eeeeee);border-bottom:5px solid var(--global-palette7, #eeeeee);border-left:5px solid var(--global-palette7, #eeeeee);}}@media all and (max-width: 1024px){.wp-block-kadence-infobox.kt-info-box368_b98eb0-4a .kt-blocks-info-box-text{font-size:18px;}}@media all and (max-width: 767px){.kt-info-box368_b98eb0-4a .kt-blocks-info-box-link-wrap{border-top:5px solid var(--global-palette7, #eeeeee);border-right:5px solid var(--global-palette7, #eeeeee);border-bottom:5px solid var(--global-palette7, #eeeeee);border-left:5px solid var(--global-palette7, #eeeeee);}}<\/style>\n<div class=\"wp-block-kadence-infobox kt-info-box368_b98eb0-4a\"><span class=\"kt-blocks-info-box-link-wrap info-box-link kt-blocks-info-box-media-align-top kt-info-halign-left\"><div class=\"kt-blocks-info-box-media-container\"><div class=\"kt-blocks-info-box-media kt-info-media-animate-none\"><div class=\"kadence-info-box-icon-container kt-info-icon-animate-none\"><div class=\"kadence-info-box-icon-inner-container\"><span class=\"kb-svg-icon-wrap kb-svg-icon-ic_phone kt-info-svg-icon\"><svg viewBox=\"0 0 8 8\"  fill=\"currentColor\" xmlns=\"http:\/\/www.w3.org\/2000\/svg\"  aria-hidden=\"true\"><path d=\"M.19 0c-.11 0-.19.08-.19.19v7.63c0 .11.08.19.19.19h4.63c.11 0 .19-.08.19-.19v-7.63c0-.11-.08-.19-.19-.19h-4.63zm.81 1h3v5h-3v-5zm1.5 5.5c.28 0 .5.22.5.5s-.22.5-.5.5-.5-.22-.5-.5.22-.5.5-.5z\" transform=\"translate(1)\"\/><\/svg><\/span><\/div><\/div><\/div><\/div><div class=\"kt-infobox-textcontent\"><h6 class=\"kt-blocks-info-box-title\">Telefon<\/h6><p class=\"kt-blocks-info-box-text\"><strong><em>+48 505 611 446<\/em><\/strong><\/p><\/div><\/span><\/div>\n<\/div><\/div>\n\n\n<style>.kadence-column368_d46b1d-5e > .kt-inside-inner-col,.kadence-column368_d46b1d-5e > .kt-inside-inner-col:before{border-top-left-radius:0px;border-top-right-radius:0px;border-bottom-right-radius:0px;border-bottom-left-radius:0px;}.kadence-column368_d46b1d-5e > .kt-inside-inner-col{column-gap:var(--global-kb-gap-sm, 1rem);}.kadence-column368_d46b1d-5e > .kt-inside-inner-col{flex-direction:column;}.kadence-column368_d46b1d-5e > .kt-inside-inner-col > .aligncenter{width:100%;}.kadence-column368_d46b1d-5e > .kt-inside-inner-col:before{opacity:0.3;}.kadence-column368_d46b1d-5e{position:relative;}@media all and (max-width: 1024px){.kadence-column368_d46b1d-5e > .kt-inside-inner-col{flex-direction:column;justify-content:center;}}@media all and (max-width: 767px){.kadence-column368_d46b1d-5e > .kt-inside-inner-col{flex-direction:column;justify-content:center;}}<\/style>\n<div class=\"wp-block-kadence-column kadence-column368_d46b1d-5e inner-column-4\"><div class=\"kt-inside-inner-col\"><style>.wp-block-kadence-column.kb-section-dir-horizontal > .kt-inside-inner-col > .kt-info-box368_05fac8-31 .kt-blocks-info-box-link-wrap{max-width:unset;}.kt-info-box368_05fac8-31 .kt-blocks-info-box-link-wrap{border-top:5px solid var(--global-palette7, #eeeeee);border-right:5px solid var(--global-palette7, #eeeeee);border-bottom:5px solid var(--global-palette7, #eeeeee);border-left:5px solid var(--global-palette7, #eeeeee);background:rgba(255, 255, 255, 0);padding-top:var(--global-kb-spacing-sm, 1.5rem);padding-right:var(--global-kb-spacing-sm, 1.5rem);padding-bottom:var(--global-kb-spacing-sm, 1.5rem);padding-left:var(--global-kb-spacing-sm, 1.5rem);margin-top:50px;}.kt-info-box368_05fac8-31 .kt-blocks-info-box-link-wrap:hover{background:rgba(255, 255, 255, 0);}.kt-info-box368_05fac8-31 .kadence-info-box-icon-container .kt-info-svg-icon, .kt-info-box368_05fac8-31 .kt-info-svg-icon-flip, .kt-info-box368_05fac8-31 .kt-blocks-info-box-number{font-size:50px;}.kt-info-box368_05fac8-31 .kt-blocks-info-box-media{color:var(--global-palette9, #ffffff);background:var(--global-palette15, #3182CE);border-top-width:5px;border-right-width:5px;border-bottom-width:5px;border-left-width:5px;padding-top:20px;padding-right:20px;padding-bottom:20px;padding-left:20px;}.kt-info-box368_05fac8-31 .kt-blocks-info-box-media-container{margin-top:-75px;margin-right:0px;margin-bottom:20px;margin-left:0px;}.kt-info-box368_05fac8-31 .kt-blocks-info-box-link-wrap:hover .kt-blocks-info-box-media{color:var(--global-palette9, #ffffff);background:var(--global-palette5, #4A5568);}.kt-info-box368_05fac8-31 .kt-infobox-textcontent h6.kt-blocks-info-box-title{color:var(--global-palette3, #1A202C);padding-top:0px;padding-right:0px;padding-bottom:0px;padding-left:0px;margin-top:5px;margin-right:0px;margin-bottom:10px;margin-left:0px;}.kt-info-box368_05fac8-31 .kt-infobox-textcontent .kt-blocks-info-box-text{color:var(--global-palette3, #1A202C);}.kt-info-box368_05fac8-31 .kt-blocks-info-box-learnmore{background:transparent;border-color:#555555;border-width:0px 0px 0px 0px;padding-top:4px;padding-right:8px;padding-bottom:4px;padding-left:8px;margin-top:10px;margin-right:0px;margin-bottom:10px;margin-left:0px;}.kt-info-box368_05fac8-31 .kt-blocks-info-box-link-wrap:hover .kt-blocks-info-box-learnmore,.kt-info-box368_05fac8-31 .kt-blocks-info-box-link-wrap .kt-blocks-info-box-learnmore:focus{color:#ffffff;background:#444444;border-color:#444444;}@media all and (max-width: 1024px){.kt-info-box368_05fac8-31 .kt-blocks-info-box-link-wrap{border-top:5px solid var(--global-palette7, #eeeeee);border-right:5px solid var(--global-palette7, #eeeeee);border-bottom:5px solid var(--global-palette7, #eeeeee);border-left:5px solid var(--global-palette7, #eeeeee);}}@media all and (max-width: 1024px){.wp-block-kadence-infobox.kt-info-box368_05fac8-31 .kt-blocks-info-box-text{font-size:18px;}}@media all and (max-width: 767px){.kt-info-box368_05fac8-31 .kt-blocks-info-box-link-wrap{border-top:5px solid var(--global-palette7, #eeeeee);border-right:5px solid var(--global-palette7, #eeeeee);border-bottom:5px solid var(--global-palette7, #eeeeee);border-left:5px solid var(--global-palette7, #eeeeee);}}<\/style>\n<div class=\"wp-block-kadence-infobox kt-info-box368_05fac8-31\"><span class=\"kt-blocks-info-box-link-wrap info-box-link kt-blocks-info-box-media-align-top kt-info-halign-left\"><div class=\"kt-blocks-info-box-media-container\"><div class=\"kt-blocks-info-box-media kt-info-media-animate-none\"><div class=\"kadence-info-box-icon-container kt-info-icon-animate-none\"><div class=\"kadence-info-box-icon-inner-container\"><span class=\"kb-svg-icon-wrap kb-svg-icon-fe_clock kt-info-svg-icon\"><svg viewBox=\"0 0 24 24\"  fill=\"none\" stroke=\"currentColor\" stroke-width=\"2\" stroke-linecap=\"round\" stroke-linejoin=\"round\" xmlns=\"http:\/\/www.w3.org\/2000\/svg\"  aria-hidden=\"true\"><circle cx=\"12\" cy=\"12\" r=\"10\"\/><polyline points=\"12 6 12 12 16 14\"\/><\/svg><\/span><\/div><\/div><\/div><\/div><div class=\"kt-infobox-textcontent\"><h6 class=\"kt-blocks-info-box-title\">Sati<\/h6><p class=\"kt-blocks-info-box-text\"><strong><em>Ponedjeljak &#8211; petak<br\/> 8:00 &#8211; 17:00<\/em><\/strong><\/p><\/div><\/span><\/div>\n<\/div><\/div>\n\n<\/div><\/div>","protected":false},"excerpt":{"rendered":"<p>Kupci mogu vratiti WWT, CW i \u201eone trip\u201c transportne kontejnere u roku od 14 dana od kupnje, pod uvjetom da nisu bili prilago\u0111eni. Kontejneri se moraju vratiti u istom stanju u kojem su primljeni. Primjenjuje se naknada za vra\u0107anje robe u skladi\u0161te od 25%, a kupci su odgovorni za sve tro\u0161kove povratne dostave. Povrat novca&#8230;<\/p>\n","protected":false},"author":1,"featured_media":0,"parent":0,"menu_order":0,"comment_status":"closed","ping_status":"closed","template":"","meta":{"_kad_blocks_custom_css":"","_kad_blocks_head_custom_js":"","_kad_blocks_body_custom_js":"","_kad_blocks_footer_custom_js":"","_kad_post_transparent":"","_kad_post_title":"","_kad_post_layout":"","_kad_post_sidebar_id":"","_kad_post_content_style":"","_kad_post_vertical_padding":"","_kad_post_feature":"","_kad_post_feature_position":"","_kad_post_header":false,"_kad_post_footer":false,"_kad_post_classname":"","footnotes":""},"class_list":["post-2030","page","type-page","status-publish","hentry"],"taxonomy_info":[],"featured_image_src_large":false,"author_info":{"display_name":"Olborglogistics","author_link":"https:\/\/olborglogistics.com\/hr\/author\/olborglogistics\/"},"comment_info":0,"_links":{"self":[{"href":"https:\/\/olborglogistics.com\/hr\/wp-json\/wp\/v2\/pages\/2030","targetHints":{"allow":["GET"]}}],"collection":[{"href":"https:\/\/olborglogistics.com\/hr\/wp-json\/wp\/v2\/pages"}],"about":[{"href":"https:\/\/olborglogistics.com\/hr\/wp-json\/wp\/v2\/types\/page"}],"author":[{"embeddable":true,"href":"https:\/\/olborglogistics.com\/hr\/wp-json\/wp\/v2\/users\/1"}],"replies":[{"embeddable":true,"href":"https:\/\/olborglogistics.com\/hr\/wp-json\/wp\/v2\/comments?post=2030"}],"version-history":[{"count":1,"href":"https:\/\/olborglogistics.com\/hr\/wp-json\/wp\/v2\/pages\/2030\/revisions"}],"predecessor-version":[{"id":2045,"href":"https:\/\/olborglogistics.com\/hr\/wp-json\/wp\/v2\/pages\/2030\/revisions\/2045"}],"wp:attachment":[{"href":"https:\/\/olborglogistics.com\/hr\/wp-json\/wp\/v2\/media?parent=2030"}],"curies":[{"name":"wp","href":"https:\/\/api.w.org\/{rel}","templated":true}]}}