{"id":2022,"date":"2025-12-20T09:12:46","date_gmt":"2025-12-20T09:12:46","guid":{"rendered":"https:\/\/olborglogistics.com\/pravila-dostave\/"},"modified":"2026-01-19T22:53:33","modified_gmt":"2026-01-19T22:53:33","slug":"pravila-dostave","status":"publish","type":"page","link":"https:\/\/olborglogistics.com\/hr\/pravila-dostave\/","title":{"rendered":"Pravila dostave"},"content":{"rendered":"\n<p>Kupnja transportnog kontejnera putem interneta nije ba\u0161 isto \u0161to i naru\u010divanje ne\u010dega \u0161to sti\u017ee u kutiji. Kada va\u0161a kupnja uklju\u010duje kutiju &#8211; a one mogu te\u017eiti i do 8000 funti &#8211; morat \u0107ete malo vi\u0161e planirati i koordinirati. <\/p>\n\n<p>Ovaj vodi\u010d obja\u0161njava kako se dostavljaju brodski kontejneri, koji su tro\u0161kovi i kako pripremiti lokaciju za dostavu.<\/p>\n\n<h3 class=\"wp-block-heading\"><strong><em>Zahtjevi za prostor i zahtjevi lokacije<br\/><\/em><\/strong><\/h3>\n\n<p>Svaka metoda prijevoza kontejnera ima svoje zahtjeve za prostor i pristup. Evo op\u0107eg vodi\u010da.<br\/> Regija Metoda Duljina Visina \u0160irina Maksimalna te\u017eina vozila<br\/> Bo\u010dni podiza\u010d za Europu 18,75 m \/ 61,5 ft 4 m \/ 13 ft 7 m \/ 23 ft Do 40 tona<br\/> Autodizalica Europa 18,75 m \/ 61,5 ft 4 m \/ 13 ft 3,65 m \/ 12 ft Do 40 tona <\/p>\n\n<p><em>*Ako na mjestu isporuke postoje nisko vise\u0107e \u017eice, one moraju biti najmanje 5,5 metara od tla kako bi se omogu\u0107ila isporuka s kiper kamionom.<\/em><\/p>\n\n<p>Ako va\u0161a lokacija ne dopu\u0161ta ovu vrstu pristupa, razgovarajte s predstavnikom za kontejnere. Mogu postojati alternative, kao \u0161to je pru\u017eanje manje prikolice ili \u010dak posebna oprema za premje\u0161tanje kako bi se olak\u0161ala va\u0161a dostava. <\/p>\n\n<h4 class=\"wp-block-heading\"><strong>Cijena dostave za morski kontejner<\/strong><\/h4>\n\n<p>Tro\u0161ak dostave brodskih kontejnera ovisi o nekoliko \u010dimbenika, uklju\u010duju\u0107i udaljenost, uvjete pristupa, ograni\u010denja na cestama i dostupnost lokalnog voza\u010da. U nastavku su okvirne procjene koje \u0107e vam pomo\u0107i u planiranju prora\u010duna. <\/p>\n\n<p>Dostave se izra\u010dunavaju na temelju ruta za te\u0161ke kamione, izbjegavaju\u0107i ceste s naplatom cestarine kad god je to mogu\u0107e. Kontejneri se obi\u010dno mogu dostaviti u radijusu od 300 milja od skladi\u0161ta. Me\u0111utim, isporuke izme\u0111u dr\u017eava mogu uzrokovati dodatne tro\u0161kove.  <\/p>\n\n<p>Lokalna dostava kiperom na kratke udaljenosti: otprilike 400-600 \u20ac<br\/> Dostava na velike udaljenosti (300-480 km): 1.200-1.550+ \u20ac<br\/> Prijevoz utovarenim kamionom: mo\u017ee biti oko 1 \u20ac po milji jeftiniji (ali zahtijeva dodatnu opremu za istovar).<\/p>\n\n<p>Ove brojke slu\u017ee samo za prora\u010dun. To\u010dne tro\u0161kove dostave potra\u017eite u svojoj ponudi. <\/p>\n\n<h4 class=\"wp-block-heading\"><strong>Tro\u0161kovi dostave u<\/strong> <strong>Poljskoj i drugim europskim zemljama<\/strong><\/h4>\n\n<p>Tro\u0161kovi dostave izra\u010dunavaju se na temelju te\u0161kog prijevoza i uglavnom su po kilometru. Kontejneri se obi\u010dno mogu dostaviti u radijusu od 400 kilometara od skladi\u0161ta, uz dodatne tro\u0161kove ako je potreban prijelaz trajektom. <\/p>\n\n<p><strong>Kratka udaljenost (lokalno):<\/strong><br\/> Dostava mobilnom dizalicom: 370-600 \u20ac<br\/> Dostava s bo\u010dnim utovariva\u010dem: 380-650 \u20ac<br\/> Dostava na ve\u0107e udaljenosti (300-400 km):<br\/> Dostava mobilnom dizalicom: 1.200-1.550+ \u20ac<br\/> Dostava bo\u010dnim utovariva\u010dem: 1.300-1.700+ \u20ac<br\/> Ove brojke slu\u017ee samo za prora\u010dun. To\u010dne tro\u0161kove dostave potra\u017eite u svojoj ponudi. <\/p>\n\n<p><strong>Priprema za dostavu<\/strong><br\/> Kako biste osigurali nesmetanu dostavu va\u0161eg kontejnera (i izbjegli tro\u0161kove za probne vo\u017enje ili ponovnu dostavu), va\u017eno je unaprijed pripremiti lokaciju. Osnovni koraci uklju\u010duju: <\/p>\n\n<p><strong>Pristup web-mjestu<\/strong><br\/> Provjerite je li cesta prikladna za te\u0161ki kamion i ima li voza\u010d dovoljno prostora za okretanje i vo\u017enju unatrag. Provjerite ima li vrata, grana ili dalekovoda koji bi mogli ometati put izme\u0111u ceste i odredi\u0161ta va\u0161eg kontejnera. <\/p>\n\n<p><strong>Priprema tla<\/strong><br\/> Kontejneri moraju biti postavljeni na ravno, \u010dvrsto tlo kako bi ispravno funkcionirali. Ispravno niveliranje poma\u017ee u izbjegavanju problema poput neuskla\u0111enih vrata ili strukturnih naprezanja koja bi mogla ometati budu\u0107u upotrebu kontejnera. Ako je va\u0161e mjesto meko ili neravno, trebali biste stvoriti temelj poput \u0161ljun\u010dane ili betonske plo\u010de. Ako kontejner postavljate samo privremeno, upotrijebite drvene blokove ili \u017eeljezni\u010dke pragove kako biste ga odr\u017eali u ravnom polo\u017eaju.   <\/p>\n\n<p><strong>Komunikacija s voza\u010dem<\/strong><br\/> Unaprijed nam po\u0161aljite fotografije va\u0161e lokacije i jasne upute. \u0160to vi\u0161e informacija navedete, to \u0107e dan dostave biti lak\u0161i. Ako voza\u010d ne mo\u017ee sigurno pristupiti va\u0161em posjedu, mo\u017eda \u0107e vam se i dalje naplatiti putovanje \u2013 i povratno putovanje.  <\/p>\n\n<h2 class=\"wp-block-heading\">Kontaktirajte nas za vi\u0161e detalja.<\/h2>\n<style>.kb-row-layout-id368_4ee3ad-f5 > .kt-row-column-wrap{align-content:start;}:where(.kb-row-layout-id368_4ee3ad-f5 > .kt-row-column-wrap) > .wp-block-kadence-column{justify-content:start;}.kb-row-layout-id368_4ee3ad-f5 > .kt-row-column-wrap{column-gap:var(--global-kb-gap-md, 2rem);row-gap:var(--global-kb-gap-md, 2rem);max-width:var( --global-content-width, 1021px );padding-left:var(--global-content-edge-padding);padding-right:var(--global-content-edge-padding);padding-top:var(--global-kb-spacing-sm, 1.5rem);padding-bottom:var(--global-kb-spacing-xxs, 0.5rem);}.kb-row-layout-id368_4ee3ad-f5 > .kt-row-column-wrap > div:not(.added-for-specificity){grid-column:initial;}.kb-row-layout-id368_4ee3ad-f5 > .kt-row-column-wrap{grid-template-columns:repeat(3, minmax(0, 1fr));}.kb-row-layout-id368_4ee3ad-f5 > .kt-row-layout-overlay{opacity:0.30;}@media all and (max-width: 1024px){.kb-row-layout-id368_4ee3ad-f5 > .kt-row-column-wrap > div:not(.added-for-specificity){grid-column:initial;}}@media all and (max-width: 1024px){.kb-row-layout-id368_4ee3ad-f5 > .kt-row-column-wrap{grid-template-columns:repeat(3, minmax(0, 1fr));}}@media all and (max-width: 767px){.kb-row-layout-id368_4ee3ad-f5 > .kt-row-column-wrap > div:not(.added-for-specificity){grid-column:initial;}.kb-row-layout-id368_4ee3ad-f5 > .kt-row-column-wrap{grid-template-columns:minmax(0, 1fr);}}<\/style><div class=\"kb-row-layout-wrap kb-row-layout-id368_4ee3ad-f5 alignfull has-theme-palette8-background-color kt-row-has-bg wp-block-kadence-rowlayout\"><div class=\"kt-row-column-wrap kt-has-3-columns kt-row-layout-equal kt-tab-layout-inherit kt-mobile-layout-row kt-row-valign-top kb-theme-content-width\">\n<style>.kadence-column368_a4b30a-c4 > .kt-inside-inner-col,.kadence-column368_a4b30a-c4 > .kt-inside-inner-col:before{border-top-left-radius:0px;border-top-right-radius:0px;border-bottom-right-radius:0px;border-bottom-left-radius:0px;}.kadence-column368_a4b30a-c4 > .kt-inside-inner-col{column-gap:var(--global-kb-gap-sm, 1rem);}.kadence-column368_a4b30a-c4 > .kt-inside-inner-col{flex-direction:column;}.kadence-column368_a4b30a-c4 > .kt-inside-inner-col > .aligncenter{width:100%;}.kadence-column368_a4b30a-c4 > .kt-inside-inner-col:before{opacity:0.3;}.kadence-column368_a4b30a-c4{position:relative;}@media all and (max-width: 1024px){.kadence-column368_a4b30a-c4 > .kt-inside-inner-col{flex-direction:column;justify-content:center;}}@media all and (max-width: 767px){.kadence-column368_a4b30a-c4 > .kt-inside-inner-col{flex-direction:column;justify-content:center;}}<\/style>\n<div class=\"wp-block-kadence-column kadence-column368_a4b30a-c4 inner-column-1\"><div class=\"kt-inside-inner-col\"><style>.wp-block-kadence-column.kb-section-dir-horizontal > .kt-inside-inner-col > .kt-info-box368_4db0da-e3 .kt-blocks-info-box-link-wrap{max-width:unset;}.kt-info-box368_4db0da-e3 .kt-blocks-info-box-link-wrap{border-top:5px solid var(--global-palette7, #eeeeee);border-right:5px solid var(--global-palette7, #eeeeee);border-bottom:5px solid var(--global-palette7, #eeeeee);border-left:5px solid var(--global-palette7, #eeeeee);background:rgba(255, 255, 255, 0);padding-top:var(--global-kb-spacing-sm, 1.5rem);padding-right:var(--global-kb-spacing-sm, 1.5rem);padding-bottom:var(--global-kb-spacing-sm, 1.5rem);padding-left:var(--global-kb-spacing-sm, 1.5rem);margin-top:50px;}.kt-info-box368_4db0da-e3 .kt-blocks-info-box-link-wrap:hover{background:rgba(255, 255, 255, 0);}.kt-info-box368_4db0da-e3 .kadence-info-box-icon-container .kt-info-svg-icon, .kt-info-box368_4db0da-e3 .kt-info-svg-icon-flip, .kt-info-box368_4db0da-e3 .kt-blocks-info-box-number{font-size:50px;}.kt-info-box368_4db0da-e3 .kt-blocks-info-box-media{color:var(--global-palette9, #ffffff);background:var(--global-palette15, #3182CE);border-top-width:5px;border-right-width:5px;border-bottom-width:5px;border-left-width:5px;padding-top:20px;padding-right:20px;padding-bottom:20px;padding-left:20px;}.kt-info-box368_4db0da-e3 .kt-blocks-info-box-media-container{margin-top:-75px;margin-right:0px;margin-bottom:20px;margin-left:0px;}.kt-info-box368_4db0da-e3 .kt-blocks-info-box-link-wrap:hover .kt-blocks-info-box-media{color:var(--global-palette9, #ffffff);background:var(--global-palette5, #4A5568);}.kt-info-box368_4db0da-e3 .kt-infobox-textcontent h6.kt-blocks-info-box-title{color:var(--global-palette3, #1A202C);padding-top:0px;padding-right:0px;padding-bottom:0px;padding-left:0px;margin-top:5px;margin-right:0px;margin-bottom:10px;margin-left:0px;}.kt-info-box368_4db0da-e3 .kt-infobox-textcontent .kt-blocks-info-box-text{color:var(--global-palette3, #1A202C);}.kt-info-box368_4db0da-e3 .kt-blocks-info-box-learnmore{background:transparent;border-color:#555555;border-width:0px 0px 0px 0px;padding-top:4px;padding-right:8px;padding-bottom:4px;padding-left:8px;margin-top:10px;margin-right:0px;margin-bottom:10px;margin-left:0px;}.kt-info-box368_4db0da-e3 .kt-blocks-info-box-link-wrap:hover .kt-blocks-info-box-learnmore,.kt-info-box368_4db0da-e3 .kt-blocks-info-box-link-wrap .kt-blocks-info-box-learnmore:focus{color:#ffffff;background:#444444;border-color:#444444;}@media all and (max-width: 1024px){.kt-info-box368_4db0da-e3 .kt-blocks-info-box-link-wrap{border-top:5px solid var(--global-palette7, #eeeeee);border-right:5px solid var(--global-palette7, #eeeeee);border-bottom:5px solid var(--global-palette7, #eeeeee);border-left:5px solid var(--global-palette7, #eeeeee);}}@media all and (max-width: 1024px){.wp-block-kadence-infobox.kt-info-box368_4db0da-e3 .kt-blocks-info-box-text{font-size:18px;}}@media all and (max-width: 767px){.kt-info-box368_4db0da-e3 .kt-blocks-info-box-link-wrap{border-top:5px solid var(--global-palette7, #eeeeee);border-right:5px solid var(--global-palette7, #eeeeee);border-bottom:5px solid var(--global-palette7, #eeeeee);border-left:5px solid var(--global-palette7, #eeeeee);}}<\/style>\n<div class=\"wp-block-kadence-infobox kt-info-box368_4db0da-e3\"><a class=\"kt-blocks-info-box-link-wrap info-box-link kt-blocks-info-box-media-align-top kt-info-halign-left\" href=\"mailto:info@olborglogistics.com\"><div class=\"kt-blocks-info-box-media-container\"><div class=\"kt-blocks-info-box-media kt-info-media-animate-none\"><div class=\"kadence-info-box-icon-container kt-info-icon-animate-none\"><div class=\"kadence-info-box-icon-inner-container\"><span class=\"kb-svg-icon-wrap kb-svg-icon-fe_mail kt-info-svg-icon\"><svg viewBox=\"0 0 24 24\"  fill=\"none\" stroke=\"currentColor\" stroke-width=\"2\" stroke-linecap=\"round\" stroke-linejoin=\"round\" xmlns=\"http:\/\/www.w3.org\/2000\/svg\"  aria-hidden=\"true\"><path d=\"M4 4h16c1.1 0 2 .9 2 2v12c0 1.1-.9 2-2 2H4c-1.1 0-2-.9-2-2V6c0-1.1.9-2 2-2z\"\/><polyline points=\"22,6 12,13 2,6\"\/><\/svg><\/span><\/div><\/div><\/div><\/div><div class=\"kt-infobox-textcontent\"><h6 class=\"kt-blocks-info-box-title\">E-po\u0161ta<\/h6><p class=\"kt-blocks-info-box-text\"><strong><em>info@olborglogistics.com<\/em><\/strong><\/p><\/div><\/a><\/div>\n<\/div><\/div>\n\n\n<style>.kadence-column368_f3b045-82 > .kt-inside-inner-col,.kadence-column368_f3b045-82 > .kt-inside-inner-col:before{border-top-left-radius:0px;border-top-right-radius:0px;border-bottom-right-radius:0px;border-bottom-left-radius:0px;}.kadence-column368_f3b045-82 > .kt-inside-inner-col{column-gap:var(--global-kb-gap-sm, 1rem);}.kadence-column368_f3b045-82 > .kt-inside-inner-col{flex-direction:column;}.kadence-column368_f3b045-82 > .kt-inside-inner-col > .aligncenter{width:100%;}.kadence-column368_f3b045-82 > .kt-inside-inner-col:before{opacity:0.3;}.kadence-column368_f3b045-82{position:relative;}@media all and (max-width: 1024px){.kadence-column368_f3b045-82 > .kt-inside-inner-col{flex-direction:column;justify-content:center;}}@media all and (max-width: 767px){.kadence-column368_f3b045-82 > .kt-inside-inner-col{flex-direction:column;justify-content:center;}}<\/style>\n<div class=\"wp-block-kadence-column kadence-column368_f3b045-82 inner-column-3\"><div class=\"kt-inside-inner-col\"><style>.wp-block-kadence-column.kb-section-dir-horizontal > .kt-inside-inner-col > .kt-info-box368_b98eb0-4a .kt-blocks-info-box-link-wrap{max-width:unset;}.kt-info-box368_b98eb0-4a .kt-blocks-info-box-link-wrap{border-top:5px solid var(--global-palette7, #eeeeee);border-right:5px solid var(--global-palette7, #eeeeee);border-bottom:5px solid var(--global-palette7, #eeeeee);border-left:5px solid var(--global-palette7, #eeeeee);background:rgba(255, 255, 255, 0);padding-top:var(--global-kb-spacing-sm, 1.5rem);padding-right:var(--global-kb-spacing-sm, 1.5rem);padding-bottom:var(--global-kb-spacing-sm, 1.5rem);padding-left:var(--global-kb-spacing-sm, 1.5rem);margin-top:50px;}.kt-info-box368_b98eb0-4a .kt-blocks-info-box-link-wrap:hover{background:rgba(255, 255, 255, 0);}.kt-info-box368_b98eb0-4a .kadence-info-box-icon-container .kt-info-svg-icon, .kt-info-box368_b98eb0-4a .kt-info-svg-icon-flip, .kt-info-box368_b98eb0-4a .kt-blocks-info-box-number{font-size:50px;}.kt-info-box368_b98eb0-4a .kt-blocks-info-box-media{color:var(--global-palette9, #ffffff);background:var(--global-palette15, #3182CE);border-top-width:5px;border-right-width:5px;border-bottom-width:5px;border-left-width:5px;padding-top:20px;padding-right:20px;padding-bottom:20px;padding-left:20px;}.kt-info-box368_b98eb0-4a .kt-blocks-info-box-media-container{margin-top:-75px;margin-right:0px;margin-bottom:20px;margin-left:0px;}.kt-info-box368_b98eb0-4a .kt-blocks-info-box-link-wrap:hover .kt-blocks-info-box-media{color:var(--global-palette9, #ffffff);background:var(--global-palette5, #4A5568);}.kt-info-box368_b98eb0-4a .kt-infobox-textcontent h6.kt-blocks-info-box-title{color:var(--global-palette3, #1A202C);padding-top:0px;padding-right:0px;padding-bottom:0px;padding-left:0px;margin-top:5px;margin-right:0px;margin-bottom:10px;margin-left:0px;}.kt-info-box368_b98eb0-4a .kt-infobox-textcontent .kt-blocks-info-box-text{color:var(--global-palette3, #1A202C);}.kt-info-box368_b98eb0-4a .kt-blocks-info-box-learnmore{background:transparent;border-color:#555555;border-width:0px 0px 0px 0px;padding-top:4px;padding-right:8px;padding-bottom:4px;padding-left:8px;margin-top:10px;margin-right:0px;margin-bottom:10px;margin-left:0px;}.kt-info-box368_b98eb0-4a .kt-blocks-info-box-link-wrap:hover .kt-blocks-info-box-learnmore,.kt-info-box368_b98eb0-4a .kt-blocks-info-box-link-wrap .kt-blocks-info-box-learnmore:focus{color:#ffffff;background:#444444;border-color:#444444;}@media all and (max-width: 1024px){.kt-info-box368_b98eb0-4a .kt-blocks-info-box-link-wrap{border-top:5px solid var(--global-palette7, #eeeeee);border-right:5px solid var(--global-palette7, #eeeeee);border-bottom:5px solid var(--global-palette7, #eeeeee);border-left:5px solid var(--global-palette7, #eeeeee);}}@media all and (max-width: 1024px){.wp-block-kadence-infobox.kt-info-box368_b98eb0-4a .kt-blocks-info-box-text{font-size:18px;}}@media all and (max-width: 767px){.kt-info-box368_b98eb0-4a .kt-blocks-info-box-link-wrap{border-top:5px solid var(--global-palette7, #eeeeee);border-right:5px solid var(--global-palette7, #eeeeee);border-bottom:5px solid var(--global-palette7, #eeeeee);border-left:5px solid var(--global-palette7, #eeeeee);}}<\/style>\n<div class=\"wp-block-kadence-infobox kt-info-box368_b98eb0-4a\"><span class=\"kt-blocks-info-box-link-wrap info-box-link kt-blocks-info-box-media-align-top kt-info-halign-left\"><div class=\"kt-blocks-info-box-media-container\"><div class=\"kt-blocks-info-box-media kt-info-media-animate-none\"><div class=\"kadence-info-box-icon-container kt-info-icon-animate-none\"><div class=\"kadence-info-box-icon-inner-container\"><span class=\"kb-svg-icon-wrap kb-svg-icon-ic_phone kt-info-svg-icon\"><svg viewBox=\"0 0 8 8\"  fill=\"currentColor\" xmlns=\"http:\/\/www.w3.org\/2000\/svg\"  aria-hidden=\"true\"><path d=\"M.19 0c-.11 0-.19.08-.19.19v7.63c0 .11.08.19.19.19h4.63c.11 0 .19-.08.19-.19v-7.63c0-.11-.08-.19-.19-.19h-4.63zm.81 1h3v5h-3v-5zm1.5 5.5c.28 0 .5.22.5.5s-.22.5-.5.5-.5-.22-.5-.5.22-.5.5-.5z\" transform=\"translate(1)\"\/><\/svg><\/span><\/div><\/div><\/div><\/div><div class=\"kt-infobox-textcontent\"><h6 class=\"kt-blocks-info-box-title\">Telefon<\/h6><p class=\"kt-blocks-info-box-text\"><strong><em>+48 505 611 446<\/em><\/strong><\/p><\/div><\/span><\/div>\n<\/div><\/div>\n\n\n<style>.kadence-column368_d46b1d-5e > .kt-inside-inner-col,.kadence-column368_d46b1d-5e > .kt-inside-inner-col:before{border-top-left-radius:0px;border-top-right-radius:0px;border-bottom-right-radius:0px;border-bottom-left-radius:0px;}.kadence-column368_d46b1d-5e > .kt-inside-inner-col{column-gap:var(--global-kb-gap-sm, 1rem);}.kadence-column368_d46b1d-5e > .kt-inside-inner-col{flex-direction:column;}.kadence-column368_d46b1d-5e > .kt-inside-inner-col > .aligncenter{width:100%;}.kadence-column368_d46b1d-5e > .kt-inside-inner-col:before{opacity:0.3;}.kadence-column368_d46b1d-5e{position:relative;}@media all and (max-width: 1024px){.kadence-column368_d46b1d-5e > .kt-inside-inner-col{flex-direction:column;justify-content:center;}}@media all and (max-width: 767px){.kadence-column368_d46b1d-5e > .kt-inside-inner-col{flex-direction:column;justify-content:center;}}<\/style>\n<div class=\"wp-block-kadence-column kadence-column368_d46b1d-5e inner-column-4\"><div class=\"kt-inside-inner-col\"><style>.wp-block-kadence-column.kb-section-dir-horizontal > .kt-inside-inner-col > .kt-info-box368_05fac8-31 .kt-blocks-info-box-link-wrap{max-width:unset;}.kt-info-box368_05fac8-31 .kt-blocks-info-box-link-wrap{border-top:5px solid var(--global-palette7, #eeeeee);border-right:5px solid var(--global-palette7, #eeeeee);border-bottom:5px solid var(--global-palette7, #eeeeee);border-left:5px solid var(--global-palette7, #eeeeee);background:rgba(255, 255, 255, 0);padding-top:var(--global-kb-spacing-sm, 1.5rem);padding-right:var(--global-kb-spacing-sm, 1.5rem);padding-bottom:var(--global-kb-spacing-sm, 1.5rem);padding-left:var(--global-kb-spacing-sm, 1.5rem);margin-top:50px;}.kt-info-box368_05fac8-31 .kt-blocks-info-box-link-wrap:hover{background:rgba(255, 255, 255, 0);}.kt-info-box368_05fac8-31 .kadence-info-box-icon-container .kt-info-svg-icon, .kt-info-box368_05fac8-31 .kt-info-svg-icon-flip, .kt-info-box368_05fac8-31 .kt-blocks-info-box-number{font-size:50px;}.kt-info-box368_05fac8-31 .kt-blocks-info-box-media{color:var(--global-palette9, #ffffff);background:var(--global-palette15, #3182CE);border-top-width:5px;border-right-width:5px;border-bottom-width:5px;border-left-width:5px;padding-top:20px;padding-right:20px;padding-bottom:20px;padding-left:20px;}.kt-info-box368_05fac8-31 .kt-blocks-info-box-media-container{margin-top:-75px;margin-right:0px;margin-bottom:20px;margin-left:0px;}.kt-info-box368_05fac8-31 .kt-blocks-info-box-link-wrap:hover .kt-blocks-info-box-media{color:var(--global-palette9, #ffffff);background:var(--global-palette5, #4A5568);}.kt-info-box368_05fac8-31 .kt-infobox-textcontent h6.kt-blocks-info-box-title{color:var(--global-palette3, #1A202C);padding-top:0px;padding-right:0px;padding-bottom:0px;padding-left:0px;margin-top:5px;margin-right:0px;margin-bottom:10px;margin-left:0px;}.kt-info-box368_05fac8-31 .kt-infobox-textcontent .kt-blocks-info-box-text{color:var(--global-palette3, #1A202C);}.kt-info-box368_05fac8-31 .kt-blocks-info-box-learnmore{background:transparent;border-color:#555555;border-width:0px 0px 0px 0px;padding-top:4px;padding-right:8px;padding-bottom:4px;padding-left:8px;margin-top:10px;margin-right:0px;margin-bottom:10px;margin-left:0px;}.kt-info-box368_05fac8-31 .kt-blocks-info-box-link-wrap:hover .kt-blocks-info-box-learnmore,.kt-info-box368_05fac8-31 .kt-blocks-info-box-link-wrap .kt-blocks-info-box-learnmore:focus{color:#ffffff;background:#444444;border-color:#444444;}@media all and (max-width: 1024px){.kt-info-box368_05fac8-31 .kt-blocks-info-box-link-wrap{border-top:5px solid var(--global-palette7, #eeeeee);border-right:5px solid var(--global-palette7, #eeeeee);border-bottom:5px solid var(--global-palette7, #eeeeee);border-left:5px solid var(--global-palette7, #eeeeee);}}@media all and (max-width: 1024px){.wp-block-kadence-infobox.kt-info-box368_05fac8-31 .kt-blocks-info-box-text{font-size:18px;}}@media all and (max-width: 767px){.kt-info-box368_05fac8-31 .kt-blocks-info-box-link-wrap{border-top:5px solid var(--global-palette7, #eeeeee);border-right:5px solid var(--global-palette7, #eeeeee);border-bottom:5px solid var(--global-palette7, #eeeeee);border-left:5px solid var(--global-palette7, #eeeeee);}}<\/style>\n<div class=\"wp-block-kadence-infobox kt-info-box368_05fac8-31\"><span class=\"kt-blocks-info-box-link-wrap info-box-link kt-blocks-info-box-media-align-top kt-info-halign-left\"><div class=\"kt-blocks-info-box-media-container\"><div class=\"kt-blocks-info-box-media kt-info-media-animate-none\"><div class=\"kadence-info-box-icon-container kt-info-icon-animate-none\"><div class=\"kadence-info-box-icon-inner-container\"><span class=\"kb-svg-icon-wrap kb-svg-icon-fe_clock kt-info-svg-icon\"><svg viewBox=\"0 0 24 24\"  fill=\"none\" stroke=\"currentColor\" stroke-width=\"2\" stroke-linecap=\"round\" stroke-linejoin=\"round\" xmlns=\"http:\/\/www.w3.org\/2000\/svg\"  aria-hidden=\"true\"><circle cx=\"12\" cy=\"12\" r=\"10\"\/><polyline points=\"12 6 12 12 16 14\"\/><\/svg><\/span><\/div><\/div><\/div><\/div><div class=\"kt-infobox-textcontent\"><h6 class=\"kt-blocks-info-box-title\">Sati<\/h6><p class=\"kt-blocks-info-box-text\"><strong><em>Ponedjeljak &#8211; petak<br\/> 8:00 &#8211; 17:00<\/em><\/strong><\/p><\/div><\/span><\/div>\n<\/div><\/div>\n\n<\/div><\/div>","protected":false},"excerpt":{"rendered":"<p>Kupnja transportnog kontejnera putem interneta nije ba\u0161 isto \u0161to i naru\u010divanje ne\u010dega \u0161to sti\u017ee u kutiji. Kada va\u0161a kupnja uklju\u010duje kutiju &#8211; a one mogu te\u017eiti i do 8000 funti &#8211; morat \u0107ete malo vi\u0161e planirati i koordinirati. Ovaj vodi\u010d obja\u0161njava kako se dostavljaju brodski kontejneri, koji su tro\u0161kovi i kako pripremiti lokaciju za dostavu&#8230;.<\/p>\n","protected":false},"author":1,"featured_media":0,"parent":0,"menu_order":0,"comment_status":"closed","ping_status":"closed","template":"","meta":{"_kad_blocks_custom_css":"","_kad_blocks_head_custom_js":"","_kad_blocks_body_custom_js":"","_kad_blocks_footer_custom_js":"","_kad_post_transparent":"","_kad_post_title":"","_kad_post_layout":"","_kad_post_sidebar_id":"","_kad_post_content_style":"","_kad_post_vertical_padding":"","_kad_post_feature":"","_kad_post_feature_position":"","_kad_post_header":false,"_kad_post_footer":false,"_kad_post_classname":"","footnotes":""},"class_list":["post-2022","page","type-page","status-publish","hentry"],"taxonomy_info":[],"featured_image_src_large":false,"author_info":{"display_name":"Olborglogistics","author_link":"https:\/\/olborglogistics.com\/hr\/author\/olborglogistics\/"},"comment_info":0,"_links":{"self":[{"href":"https:\/\/olborglogistics.com\/hr\/wp-json\/wp\/v2\/pages\/2022","targetHints":{"allow":["GET"]}}],"collection":[{"href":"https:\/\/olborglogistics.com\/hr\/wp-json\/wp\/v2\/pages"}],"about":[{"href":"https:\/\/olborglogistics.com\/hr\/wp-json\/wp\/v2\/types\/page"}],"author":[{"embeddable":true,"href":"https:\/\/olborglogistics.com\/hr\/wp-json\/wp\/v2\/users\/1"}],"replies":[{"embeddable":true,"href":"https:\/\/olborglogistics.com\/hr\/wp-json\/wp\/v2\/comments?post=2022"}],"version-history":[{"count":1,"href":"https:\/\/olborglogistics.com\/hr\/wp-json\/wp\/v2\/pages\/2022\/revisions"}],"predecessor-version":[{"id":2024,"href":"https:\/\/olborglogistics.com\/hr\/wp-json\/wp\/v2\/pages\/2022\/revisions\/2024"}],"wp:attachment":[{"href":"https:\/\/olborglogistics.com\/hr\/wp-json\/wp\/v2\/media?parent=2022"}],"curies":[{"name":"wp","href":"https:\/\/api.w.org\/{rel}","templated":true}]}}