{"id":1907,"date":"2025-12-19T23:00:37","date_gmt":"2025-12-19T23:00:37","guid":{"rendered":"https:\/\/olborglogistics.com\/pravila-o-privatnosti\/"},"modified":"2026-01-19T22:52:47","modified_gmt":"2026-01-19T22:52:47","slug":"pravila-o-privatnosti","status":"publish","type":"page","link":"https:\/\/olborglogistics.com\/hr\/pravila-o-privatnosti\/","title":{"rendered":"Pravila o privatnosti"},"content":{"rendered":"\n<p>Za\u0161tita podataka je stvar povjerenja i \u017eelimo vas uvjeriti da je va\u0161a<br\/> podaci su kod nas u dobrim rukama. Za\u0161tita i prikupljanje podataka u skladu sa zakonom,<br\/> Obrada i kori\u0161tenje va\u0161ih podataka nam je od najve\u0107e va\u017enosti, osiguravaju\u0107i po\u0161tivanje va\u0161e privatnosti i osobnih prava. <\/p>\n\n<h3 class=\"wp-block-heading\">1. <strong>Odgovornost za obradu osobnih podataka<\/strong><\/h3>\n\n<p>Tvrtka odgovorna za obradu va\u0161ih osobnih podataka je Olborg Logistics Sp zoo. Kontaktni podaci su:<br\/> Adresa: <strong><em>Olborg Logistic sp. z oo<br\/> Jana III. Sobieskiego 9\/23,<br\/> 99-200 Podd\u0119bice, Poljska<\/em><\/strong> .<br\/> Telefon: <strong><em>+48 505 611 446<\/em><\/strong> .<br\/> E-po\u0161ta: <a href=\"mailto:info@olborglogistics.com\"><strong><em>info@olborglogistics.com<\/em><\/strong><\/a><\/p>\n\n<h3 class=\"wp-block-heading\">2. <strong>Vrsta, svrha i opseg obrade podataka i pravna osnova<\/strong><\/h3>\n\n<h4 class=\"wp-block-heading\">2.1 <strong>. Posjet web stranici<\/strong><\/h4>\n\n<p>Svaki put kada se pristupi na\u0161oj web stranici, na\u0161 sustav automatski prikuplja podatke i<br\/> informacije iz ra\u010dunalnog sustava ure\u0111aja koji pristupa. Prikupljaju se sljede\u0107i podaci:<br\/> 1. Informacije o vrsti i verziji preglednika koji se koristi<br\/> 2. Operativni sustav korisnika<br\/> 3. Korisnikov davatelj internetskih usluga<br\/> 4. IP adresa korisnika<br\/> 5. Datum i vrijeme pristupa<br\/> 6. Web-stranice s kojih je korisnikov sustav pristupio na\u0161oj web-stranici<br\/> 7. Web-stranice kojima korisnik pristupa putem na\u0161e web-stranice <\/p>\n\n<p>Pravna osnova za privremeno pohranjivanje podataka je \u010dlanak 6(1)(f) GDPR-a. Privremeno pohranjivanje IP adrese od strane sustava potrebno je kako bi se omogu\u0107ila isporuka web stranice na korisnikovo ra\u010dunalo. U tu svrhu, IP adresa korisnika mora biti pohranjena tijekom trajanja sesije. To tako\u0111er osigurava funkcionalnost web stranice. Ove svrhe tako\u0111er predstavljaju na\u0161 legitimni interes za obradu podataka u skladu s \u010dlankom 6(1)(f) GDPR-a.    <\/p>\n\n<h4 class=\"wp-block-heading\">2.2. Kola\u010di\u0107i<\/h4>\n\n<p>Kako bismo vam posjet na\u0161oj web stranici u\u010dinili privla\u010dnijim i omogu\u0107ili kori\u0161tenje odre\u0111enih funkcija, koristimo kola\u010di\u0107e, male tekstualne datoteke koje se pohranjuju na va\u0161em ure\u0111aju. Neki od ovih kola\u010di\u0107a automatski se bri\u0161u nakon \u0161to zatvorite preglednik (tzv. &#8220;kola\u010di\u0107i sesije\"), dok drugi ostaju na va\u0161em ure\u0111aju dulje vrijeme i omogu\u0107uju nam spremanje postavki va\u0161e web stranice (tzv. &#8220;trajni kola\u010di\u0107i\"). U potonjem slu\u010daju, informacije o trajanju pohrane mo\u017eete prona\u0107i u postavkama kola\u010di\u0107a va\u0161eg web preglednika. Ako neki od kola\u010di\u0107a koje koristimo obra\u0111uje osobne podatke, ta se obrada provodi u skladu s \u010dlankom 6(1)(b) GDPR-a radi izvr\u0161enja ugovora, u skladu s \u010dlankom 6(1)(a) GDPR-a ako ste dali svoju privolu ili u skladu s \u010dlankom 6(1)(f) GDPR-a radi za\u0161tite na\u0161ih legitimnih interesa u osiguravanju najbolje mogu\u0107e funkcionalnosti web stranice i korisni\u010dkog i u\u010dinkovitog iskustva. Mo\u017eete konfigurirati svoj preglednik da vas obavijesti kada su kola\u010di\u0107i postavljeni i omogu\u0107i vam da odlu\u010dite ho\u0107ete li ih prihvatiti pojedina\u010dno ili da blokirate kola\u010di\u0107e u odre\u0111enim slu\u010dajevima ili u potpunosti. Imajte na umu da ako ne prihva\u0107ate kola\u010di\u0107e, funkcionalnost na\u0161e web stranice mo\u017ee biti ograni\u010dena.<\/p>\n\n<h4 class=\"wp-block-heading\">2.3. Online marketing<\/h4>\n\n<h5 class=\"wp-block-heading\">2.3.1 Pra\u0107enje konverzija u Google Adsu<\/h5>\n\n<p>Ova web stranica koristi program za online ogla\u0161avanje &#8220;Google Ads\" i, u okviru Google Adsa, uslugu pra\u0107enja konverzija tvrtke Google Ireland Limited, Gordon House, 4 Barrow St, Dublin, D04 E5W5, Irska (&#8220;Google\"). Google Ads koristimo kako bismo privukli pozornost na na\u0161e atraktivne ponude na vanjskim web stranicama pomo\u0107u reklamnih materijala (tzv. Google AdWords). Na temelju podataka iz reklamnih kampanja mo\u017eemo utvrditi uspjeh pojedina\u010dnih reklamnih mjera. Na\u0161 je cilj prikazati vam oglase koji su relevantni za vas, u\u010diniti na\u0161u web stranicu zanimljivijom za vas i osigurati po\u0161ten izra\u010dun nastalih tro\u0161kova ogla\u0161avanja. Kola\u010di\u0107 za pra\u0107enje konverzija postavlja se kada korisnik klikne na oglas koji je postavio Google. Kola\u010di\u0107i su male tekstualne datoteke koje se pohranjuju na va\u0161em ure\u0111aju. Ovi kola\u010di\u0107i obi\u010dno istje\u010du nakon 30 dana i ne koriste se za osobnu identifikaciju. Ako korisnik posjeti odre\u0111ene stranice ove web stranice, a kola\u010di\u0107 jo\u0161 nije istekao, Google i mi mo\u017eemo prepoznati da je korisnik kliknuo na oglas i da je preusmjeren na tu stranicu. Svaki Google Ads korisnik prima druga\u010diji kola\u010di\u0107. Stoga se kola\u010di\u0107i ne mogu pratiti na web stranicama razli\u010ditih Google Ads korisnika. Informacije dobivene pomo\u0107u kola\u010di\u0107a za konverzije koriste se za izradu statistike konverzija za korisnike Google Adsa koji su odabrali pra\u0107enje konverzija. Ti korisnici saznaju ukupan broj korisnika koji su kliknuli na njihov oglas i preusmjereni su na stranicu s oznakom za pra\u0107enje konverzija. Me\u0111utim, ne primaju nikakve informacije koje mogu osobno identificirati korisnike. Kori\u0161tenje Google Adsa mo\u017ee uklju\u010divati \u200b\u200bi prijenos osobnih podataka na poslu\u017eitelje tvrtke Google LLC u SAD-u.               <\/p>\n\n<p>Pojedinosti o obradi koju pokre\u0107e pra\u0107enje konverzija Google Adsa i na\u010dinu na koji Google obra\u0111uje podatke web-mjesta mo\u017eete prona\u0107i ovdje: https:\/\/policies.google.com\/technologies\/partner-sites<\/p>\n\n<p>Sva gore opisana obrada, posebno postavljanje kola\u010di\u0107a za \u010ditanje informacija na va\u0161em ure\u0111aju, odvijat \u0107e se samo ako ste nam dali svoju izri\u010ditu privolu u skladu s \u010dlankom 6(1)(a) GDPR-a. Svoju privolu mo\u017eete povu\u0107i u bilo kojem trenutku s u\u010dinkom za budu\u0107nost tako \u0161to \u0107ete<br\/> deaktiviranjem ove usluge u &#8220;Alatu za privolu za kola\u010di\u0107e\" koji se nalazi na web stranici.<br\/> Tako\u0111er mo\u017eete trajno odbiti postavljanje kola\u010di\u0107a od strane Google Ads Conversion Trackinga preuzimanjem i instaliranjem dodatka za preglednik od Googlea dostupnog na sljede\u0107oj poveznici:<br\/> https:\/\/www.google.com\/settings\/ads\/plugin?hl=de.<br\/> Imajte na umu da odre\u0111ene funkcije ove web stranice mo\u017eda ne\u0107e biti dostupne ili mogu biti ograni\u010dene ako ste deaktivirali upotrebu kola\u010di\u0107a.<br\/> Googleova pravila o privatnosti mogu se prona\u0107i ovdje: https:\/\/www.google.de\/policies\/privacy\/ <\/p>\n\n<h5 class=\"wp-block-heading\">2.3.2. Google marketin\u0161ka platforma<\/h5>\n\n<p>Ova web stranica koristi alat za online marketing Google Marketing Platform, kojim upravlja Google Ireland Limited, Gordon House, 4 Barrow St, Dublin, D04 E5W5, Irska (\u201eGMP\u201c). GMP koristi kola\u010di\u0107e za prikazivanje relevantnih oglasa korisnicima, pobolj\u0161anje izvje\u0161\u0107a o u\u010dinkovitosti kampanje i sprje\u010davanje da korisnici vide iste oglase vi\u0161e puta. Google koristi ID kola\u010di\u0107a za pra\u0107enje koji se oglasi prikazuju u kojem pregledniku i tako mo\u017ee sprije\u010diti njihovo ponovljeno prikazivanje. Nadalje, GMP mo\u017ee koristiti ID-ove kola\u010di\u0107a za pra\u0107enje konverzija povezanih s<br\/> zahtjevi za oglase. To se doga\u0111a, na primjer, kada korisnik vidi GMP oglas, a kasnije, koriste\u0107i isti preglednik, posjeti web-stranicu ogla\u0161iva\u010da i izvr\u0161i kupnju. Prema Googleu, GMP kola\u010di\u0107i ne sadr\u017ee nikakve osobne podatke.     <\/p>\n\n<p>Zbog kori\u0161tenih marketin\u0161kih alata, va\u0161 preglednik automatski uspostavlja izravnu vezu s Googleovim poslu\u017eiteljem. Nemamo kontrolu nad opsegom i daljnjom upotrebom podataka koje Google prikuplja putem ovog alata te vas stoga, na temelju na\u0161eg trenutnog znanja, obavje\u0161tavamo o sljede\u0107em: Integracijom Google Marketing Platforme (GMP), Google prima informacije koje vi<br\/> pristupili ste odgovaraju\u0107em dijelu na\u0161e web stranice ili kliknuli na jedan od na\u0161ih oglasa. Ako ste registrirani na Googleovoj usluzi, Google mo\u017ee povezati va\u0161 posjet s va\u0161im ra\u010dunom. \u010cak i ako niste registrirani na Googleu ili niste prijavljeni, mogu\u0107e je da \u0107e pru\u017eatelj usluga saznati i pohraniti va\u0161u IP adresu. Kori\u0161tenje GMP-a mo\u017ee tako\u0111er uklju\u010divati \u200b\u200bprijenos osobnih podataka na poslu\u017eitelje tvrtke Google LLC u SAD-u. Sva gore opisana obrada, posebno postavljanje kola\u010di\u0107a za \u010ditanje informacija na kori\u0161tenom ure\u0111aju, provodit \u0107e se samo ako ste nam dali svoju izri\u010ditu privolu u skladu s \u010dlankom 6. stavkom 1. to\u010dkom a GDPR-a. Bez ove privole, GMP se ne\u0107e koristiti tijekom va\u0161eg posjeta na\u0161oj web stranici.        <\/p>\n\n<p>Svoju privolu mo\u017eete povu\u0107i u bilo kojem trenutku s u\u010dinkom za budu\u0107nost. Da biste iskoristili svoje pravo na povla\u010denje, deaktivirajte ovu uslugu u &#8220;Alatu za privolu za kola\u010di\u0107e\" koji se nalazi na web stranici. <\/p>\n\n<p>Dodatne informacije o pravilima o privatnosti tvrtke GMP by Google mo\u017eete prona\u0107i na sljede\u0107oj web adresi: https:\/\/www.google.de\/policies\/privacy\/<\/p>\n\n<h4 class=\"wp-block-heading\">2.4. Usluge web analitike<\/h4>\n\n<p>Google (Universal) Analytics<br\/> Ova web stranica koristi Google (Universal) Analytics, uslugu web analitike koju pru\u017ea Google Ireland Limited, Gordon House, 4 Barrow St, Dublin, D04 E5W5, Irska (\u201eGoogle\u201c), a koja omogu\u0107uje analizu va\u0161eg kori\u0161tenja na\u0161e web stranice.<\/p>\n\n<p>Prema zadanim postavkama, Google (Universal) Analytics postavlja kola\u010di\u0107e kada posjetite ovu web stranicu. Ovi kola\u010di\u0107i su male tekstualne datoteke pohranjene na va\u0161em ure\u0111aju i prikupljaju odre\u0111ene informacije. Te informacije uklju\u010duju va\u0161u IP adresu koju Google skra\u0107uje uklanjanjem posljednjih nekoliko znamenki kako bi se sprije\u010dila izravna identifikacija pojedinaca. Informacije se prenose i obra\u0111uju na Googleovim poslu\u017eiteljima.<br\/> To mo\u017ee uklju\u010divati \u200b\u200bi prijenose podataka tvrtki Google LLC, koja ima sjedi\u0161te u SAD-u.   <\/p>\n\n<p>Google koristi prikupljene podatke u na\u0161e ime za procjenu va\u0161e upotrebe web stranice, sastavljanje izvje\u0161\u0107a o aktivnosti na web stranici za nas i pru\u017eanje drugih usluga povezanih s aktivno\u0161\u0107u na web stranici i kori\u0161tenjem interneta. IP adresa koju va\u0161 preglednik prenosi kao dio Google Analyticsa, a koja je skra\u0107ena, ne\u0107e se spajati s drugim Googleovim podacima. Podaci prikupljeni kori\u0161tenjem Google (Universal) Analyticsa pohranjuju se dva mjeseca, a zatim se bri\u0161u.  <\/p>\n\n<p>Sva gore opisana obrada, posebno postavljanje kola\u010di\u0107a na kori\u0161tenom ure\u0111aju, odvijat \u0107e se samo ako ste nam dali svoju izri\u010ditu privolu u skladu s \u010dlankom 6. stavkom 1. to\u010dkom a GDPR-a.  <\/p>\n\n<p>Bez va\u0161eg pristanka, Google (Universal) Analytics ne\u0107e se koristiti tijekom va\u0161eg posjeta na\u0161oj web stranici. Svoj pristanak mo\u017eete opozvati u bilo kojem trenutku s u\u010dinkom za budu\u0107nost. Da biste iskoristili svoje pravo na opoziv, deaktivirajte ovu uslugu pomo\u0107u &#8220;Alata za privolu za kola\u010di\u0107e\" koji se nalazi na web stranici.  <\/p>\n\n<p>S tvrtkom Google sklopili smo ugovor o obradi podataka koji osigurava za\u0161titu podataka posjetitelja na\u0161e web stranice i zabranjuje neovla\u0161teno otkrivanje tre\u0107im stranama. Za prijenos podataka u SAD, Google se oslanja na standardne ugovorne klauzule koje je izdala Europska komisija, a koje imaju za cilj osigurati uskla\u0111enost s europskim standardima za\u0161tite podataka. <\/p>\n\n<p>Dodatne pravne informacije u vezi s uslugom Google (Universal) Analytics, uklju\u010duju\u0107i kopiju gore navedenih standardnih ugovornih klauzula, mo\u017eete prona\u0107i<br\/> na https:\/\/policies.google.com\/privacy?hl=de&amp;gl=de i<br\/> na https:\/\/policies.google.com\/technologies\/partner-sites<\/p>\n\n<p>Demografske karakteristike:<br\/> Google (Universal) Analytics koristi posebnu zna\u010dajku &#8220;demografskih karakteristika\" za generiranje statistike o dobi, spolu i interesima posjetitelja web stranice. To se posti\u017ee analizom ogla\u0161avanja i informacija tre\u0107ih strana. To omogu\u0107uje identifikaciju ciljne publike za marketin\u0161ke aktivnosti. Me\u0111utim, prikupljeni podaci ne mogu se povezati s odre\u0111enom osobom i bri\u0161u se nakon razdoblja pohrane od dva mjeseca.   <\/p>\n\n<p>Google Signali:<br\/> Kao pro\u0161irenje usluge Google (Universal) Analytics, ova web stranica mo\u017ee koristiti Google Signals za generiranje izvje\u0161\u0107a na vi\u0161e ure\u0111aja. Ako ste omogu\u0107ili personalizirane oglase i povezali svoje ure\u0111aje sa svojim Google ra\u010dunom, Google mo\u017ee, uz va\u0161 pristanak na kori\u0161tenje usluge Google Analytics u skladu s \u010dlankom 6. stavkom 1. to\u010dkom a GDPR-a, analizirati va\u0161e pona\u0161anje kori\u0161tenja na razli\u010ditim ure\u0111ajima i<br\/> stvarati modele baza podataka, uklju\u010duju\u0107i one povezane s konverzijama na vi\u0161e ure\u0111aja. Ne primamo nikakve osobne podatke od Googlea, samo statistiku. Ako \u017eelite zaustaviti analizu na vi\u0161e ure\u0111aja, mo\u017eete deaktivirati zna\u010dajku &#8220;Personalizirano ogla\u0161avanje\" u postavkama svog Google ra\u010duna.       <\/p>\n\n<p>Da biste to u\u010dinili, slijedite upute na ovoj stranici: https:\/\/support.google.com\/ads\/answer\/2662922?hl=de Dodatne informacije o<br\/> Google Signals mo\u017eete prona\u0107i na sljede\u0107im adresama<br\/> poveznica: https:\/\/support.google.com\/analytics\/answer\/7532985?hl=de<br\/> Korisni\u010dki ID-ovi  <\/p>\n\n<p>Kao pro\u0161irenje usluge Google (Universal) Analytics, na ovoj web stranici mo\u017ee se koristiti funkcija &#8220;UserIDs\". Ako ste pristali na kori\u0161tenje usluge Google (Universal) Analytics u skladu s \u010dlankom 6. stavkom 1. to\u010dkom a GDPR-a, kreirali ste ra\u010dun na ovoj web stranici i prijavite se s tim ra\u010dunom na razli\u010ditim ure\u0111ajima, va\u0161e aktivnosti, uklju\u010duju\u0107i konverzije, mogu se analizirati na razli\u010ditim ure\u0111ajima.   <\/p>\n\n<h4 class=\"wp-block-heading\">2.5. Obrada, ispunjenje i provedba ugovora<\/h4>\n\n<p>Va\u0161e podatke obra\u0111ujemo jer je to potrebno za izvr\u0161enje ugovora o kupnji s vama. Bilje\u017eimo koje robe naru\u010dujete. Tako\u0111er pohranjujemo podatke koji su izravno povezani s obradom va\u0161ih narud\u017ebi.<br\/> Podaci o narud\u017ebi uklju\u010duju, posebno:  <\/p>\n\n<ol start=\"1\" class=\"wp-block-list\">\n<li>  Detalji naru\u010denih proizvoda, kao \u0161to su brojevi artikala<\/li>\n\n\n\n<li>  E-mail adresa<\/li>\n\n\n\n<li>  Adresa za naplatu i dostavu<\/li>\n\n\n\n<li>  Podaci o pla\u0107anju<\/li>\n\n\n\n<li>  Informacije o pla\u0107anju i kreditnoj sposobnosti koje mo\u017eemo dobiti o vama od agencija za kreditnu referencu.<\/li>\n\n\n\n<li>  Detalji o povratu i pritu\u017ebama (npr. razlozi povrata, izvje\u0161\u0107a o nedostacima)<\/li>\n\n\n\n<li>  Brojevi narud\u017ebi<\/li>\n<\/ol>\n\n<p>Ukoliko dobijemo privolu ispitanika za obradu osobnih podataka, \u010dlanak 6(1)(a) GDPR-a slu\u017ei kao pravna osnova za obradu osobnih podataka.<\/p>\n\n<h3 class=\"wp-block-heading\"><strong>3. Trajanje skladi\u0161tenja<\/strong><\/h3>\n\n<p>Va\u0161e podatke op\u0107enito pohranjujemo samo onoliko dugo koliko su nam potrebni za odgovaraju\u0107e svrhe obrade. Ako podaci vi\u0161e nisu potrebni za ispunjenje<br\/> u svrhe obrade navedene u ovoj politici privatnosti, podaci \u0107e biti izbrisani, osim ako njihovo zadr\u017eavanje nije i dalje potrebno radi ispunjavanja obveza zadr\u017eavanja prema trgova\u010dkom ili poreznom pravu. <\/p>\n\n<h3 class=\"wp-block-heading\"><strong>4. Va\u0161a prava<\/strong><\/h3>\n\n<p>Kao subjekt podataka, imate odre\u0111ena prava u vezi s obradom va\u0161ih osobnih podataka. Za ostvarivanje tih prava mo\u017eete nas kontaktirati koriste\u0107i gore navedene kontakt podatke. <\/p>\n\n<h4 class=\"wp-block-heading\"><strong>4.1. Informacija<\/strong><\/h4>\n\n<p>Mo\u017eete zatra\u017eiti informacije o va\u0161im osobnim podacima koje obra\u0111ujemo. Ovo pravo temelji se na \u010dlanku 15. GDPR-a. <\/p>\n\n<h4 class=\"wp-block-heading\"><strong>4.2. Ispravak<\/strong><\/h4>\n\n<p>Ako va\u0161i podaci vi\u0161e nisu to\u010dni, mo\u017eete zatra\u017eiti ispravak. Ako su va\u0161i podaci nepotpuni, mo\u017eete zatra\u017eiti njihovo dopunjavanje. Ovo pravo temelji se na \u010dlanku 16. GDPR-a.  <\/p>\n\n<h4 class=\"wp-block-heading\"><strong>4.3. Brisanje<\/strong><\/h4>\n\n<p>Imate pravo zatra\u017eiti brisanje svojih podataka. Imajte na umu da pravo na brisanje ovisi o postojanju legitimnog razloga. Nadalje, ne smiju postojati zakonske obveze koje nas obvezuju da zadr\u017eimo va\u0161e podatke. Ovo pravo temelji se na \u010dlanku 17. GDPR-a.   <\/p>\n\n<h4 class=\"wp-block-heading\"><strong>4.4. Ograni\u010denje obrade<\/strong><\/h4>\n\n<p>Imate pravo zatra\u017eiti ograni\u010denje obrade va\u0161ih podataka. Imajte na umu da zahtjev za ograni\u010denje obrade ovisi o postojanju legitimnog razloga. Ovo pravo proizlazi iz \u010dlanka 18. GDPR-a.  <\/p>\n\n<h4 class=\"wp-block-heading\"><strong>4.5. Prenosivost podataka<\/strong><\/h4>\n\n<p>Imate pravo primiti podatke koje smo prikupili uz va\u0161 pristanak ili putem automatiziranih sredstava u strukturiranom, uobi\u010dajeno kori\u0161tenom i strojno \u010ditljivom formatu. Ako zatra\u017eite izravan prijenos podataka drugom kontroloru, to \u0107e se u\u010diniti samo ako je tehni\u010dki izvedivo. Ovo pravo temelji se na \u010dlanku 20. GDPR-a.  <\/p>\n\n<h4 class=\"wp-block-heading\"><strong>4.6. Pravo na \u017ealbu<\/strong><\/h4>\n\n<p>Imate pravo podnijeti pritu\u017ebu nadzornom tijelu za za\u0161titu podataka ako se ne sla\u017eete s obradom va\u0161ih podataka.<\/p>\n\n<h4 class=\"wp-block-heading\"><strong>4.7. Opoziv<\/strong><\/h4>\n\n<p>Imate pravo u bilo kojem trenutku povu\u0107i svoju privolu za obradu va\u0161ih podataka koju ste nam dali.<\/p>\n\n<h4 class=\"wp-block-heading\"><strong>4.8. Prigovor<\/strong><\/h4>\n\n<p>Imate pravo prigovoriti na obradu va\u0161ih podataka iz razloga koji se odnose na va\u0161u posebnu situaciju. U slu\u010daju<br\/> opravdanog prigovora, vi\u0161e ne\u0107emo obra\u0111ivati \u200b\u200bva\u0161e podatke. <\/p>\n","protected":false},"excerpt":{"rendered":"<p>Za\u0161tita podataka je stvar povjerenja i \u017eelimo vas uvjeriti da je va\u0161a podaci su kod nas u dobrim rukama. Za\u0161tita i prikupljanje podataka u skladu sa zakonom, Obrada i kori\u0161tenje va\u0161ih podataka nam je od najve\u0107e va\u017enosti, osiguravaju\u0107i po\u0161tivanje va\u0161e privatnosti i osobnih prava. 1. Odgovornost za obradu osobnih podataka Tvrtka odgovorna za obradu va\u0161ih&#8230;<\/p>\n","protected":false},"author":1,"featured_media":0,"parent":0,"menu_order":0,"comment_status":"closed","ping_status":"open","template":"","meta":{"_kad_blocks_custom_css":"","_kad_blocks_head_custom_js":"","_kad_blocks_body_custom_js":"","_kad_blocks_footer_custom_js":"","_kad_post_transparent":"","_kad_post_title":"","_kad_post_layout":"","_kad_post_sidebar_id":"","_kad_post_content_style":"","_kad_post_vertical_padding":"","_kad_post_feature":"","_kad_post_feature_position":"","_kad_post_header":false,"_kad_post_footer":false,"_kad_post_classname":"","footnotes":""},"class_list":["post-1907","page","type-page","status-publish","hentry"],"taxonomy_info":[],"featured_image_src_large":false,"author_info":{"display_name":"Olborglogistics","author_link":"https:\/\/olborglogistics.com\/hr\/author\/olborglogistics\/"},"comment_info":0,"_links":{"self":[{"href":"https:\/\/olborglogistics.com\/hr\/wp-json\/wp\/v2\/pages\/1907","targetHints":{"allow":["GET"]}}],"collection":[{"href":"https:\/\/olborglogistics.com\/hr\/wp-json\/wp\/v2\/pages"}],"about":[{"href":"https:\/\/olborglogistics.com\/hr\/wp-json\/wp\/v2\/types\/page"}],"author":[{"embeddable":true,"href":"https:\/\/olborglogistics.com\/hr\/wp-json\/wp\/v2\/users\/1"}],"replies":[{"embeddable":true,"href":"https:\/\/olborglogistics.com\/hr\/wp-json\/wp\/v2\/comments?post=1907"}],"version-history":[{"count":1,"href":"https:\/\/olborglogistics.com\/hr\/wp-json\/wp\/v2\/pages\/1907\/revisions"}],"predecessor-version":[{"id":1908,"href":"https:\/\/olborglogistics.com\/hr\/wp-json\/wp\/v2\/pages\/1907\/revisions\/1908"}],"wp:attachment":[{"href":"https:\/\/olborglogistics.com\/hr\/wp-json\/wp\/v2\/media?parent=1907"}],"curies":[{"name":"wp","href":"https:\/\/api.w.org\/{rel}","templated":true}]}}