{"id":2665,"date":"2026-01-29T01:20:45","date_gmt":"2026-01-29T01:20:45","guid":{"rendered":"https:\/\/olborglogistics.com\/product\/contenedor-maritimo-cubico-alto-de-20-pies-azul-certificado-iso\/"},"modified":"2026-01-29T01:20:45","modified_gmt":"2026-01-29T01:20:45","slug":"contenedor-maritimo-cubico-alto-de-20-pies-azul-certificado-iso","status":"publish","type":"product","link":"https:\/\/olborglogistics.com\/es\/producto\/contenedor-maritimo-cubico-alto-de-20-pies-azul-certificado-iso\/","title":{"rendered":"Contenedor mar\u00edtimo c\u00fabico alto de 20 pies, azul certificado ISO"},"content":{"rendered":"<h3 data-start=\"255\" data-end=\"319\">Contenedor mar\u00edtimo High Cube de 20 pies &#8211; Especificaciones t\u00e9cnicas<\/h3>\n<div class=\"TyagGW_tableContainer\">\n<div class=\"group TyagGW_tableWrapper flex flex-col-reverse w-fit\" tabindex=\"-1\">\n<table class=\"w-fit min-w-(--thread-content-width)\" data-start=\"321\" data-end=\"1827\">\n<thead data-start=\"321\" data-end=\"357\">\n<tr data-start=\"321\" data-end=\"357\">\n<th data-start=\"321\" data-end=\"346\" data-col-size=\"sm\">Categor\u00eda de especificaciones<\/th>\n<th data-start=\"346\" data-end=\"357\" data-col-size=\"md\">Detalles<\/th>\n<\/tr>\n<\/thead>\n<tbody data-start=\"395\" data-end=\"1827\">\n<tr data-start=\"395\" data-end=\"449\">\n<td data-start=\"395\" data-end=\"412\" data-col-size=\"sm\">Tipo de contenedor<\/td>\n<td data-start=\"412\" data-end=\"449\" data-col-size=\"md\">Contenedor mar\u00edtimo High Cube de 20 pies<\/td>\n<\/tr>\n<tr data-start=\"450\" data-end=\"487\">\n<td data-start=\"450\" data-end=\"462\" data-col-size=\"sm\">Estado<\/td>\n<td data-start=\"462\" data-end=\"487\" data-col-size=\"md\">Un viaje (casi nuevo)<\/td>\n<\/tr>\n<tr data-start=\"488\" data-end=\"534\">\n<td data-start=\"488\" data-end=\"509\" data-col-size=\"sm\">Normativa sobre contenedores<\/td>\n<td data-col-size=\"md\" data-start=\"509\" data-end=\"534\">Contenedor de carga ISO<\/td>\n<\/tr>\n<tr data-start=\"535\" data-end=\"577\">\n<td data-start=\"535\" data-end=\"553\" data-col-size=\"sm\">Longitud exterior<\/td>\n<td data-start=\"553\" data-end=\"577\" data-col-size=\"md\">aprox. <strong data-start=\"563\" data-end=\"575\">6.058 mm<\/strong><\/td>\n<\/tr>\n<tr data-start=\"578\" data-end=\"619\">\n<td data-start=\"578\" data-end=\"595\" data-col-size=\"sm\">Anchura exterior<\/td>\n<td data-start=\"595\" data-end=\"619\" data-col-size=\"md\">aprox. <strong data-start=\"605\" data-end=\"617\">2.438 mm<\/strong><\/td>\n<\/tr>\n<tr data-start=\"620\" data-end=\"662\">\n<td data-start=\"620\" data-end=\"638\" data-col-size=\"sm\">Altura exterior<\/td>\n<td data-col-size=\"md\" data-start=\"638\" data-end=\"662\">aprox. <strong data-start=\"648\" data-end=\"660\">2.896 mm<\/strong><\/td>\n<\/tr>\n<tr data-start=\"663\" data-end=\"705\">\n<td data-start=\"663\" data-end=\"681\" data-col-size=\"sm\">Longitud interior<\/td>\n<td data-start=\"681\" data-end=\"705\" data-col-size=\"md\">aprox. <strong data-start=\"691\" data-end=\"703\">5.898 mm<\/strong><\/td>\n<\/tr>\n<tr data-start=\"706\" data-end=\"747\">\n<td data-start=\"706\" data-end=\"723\" data-col-size=\"sm\">Anchura interior<\/td>\n<td data-col-size=\"md\" data-start=\"723\" data-end=\"747\">aprox. <strong data-start=\"733\" data-end=\"745\">2.352 mm<\/strong><\/td>\n<\/tr>\n<tr data-start=\"748\" data-end=\"790\">\n<td data-start=\"748\" data-end=\"766\" data-col-size=\"sm\">Altura interior<\/td>\n<td data-col-size=\"md\" data-start=\"766\" data-end=\"790\">aprox. <strong data-start=\"776\" data-end=\"788\">2.690 mm<\/strong><\/td>\n<\/tr>\n<tr data-start=\"791\" data-end=\"830\">\n<td data-start=\"791\" data-end=\"809\" data-col-size=\"sm\">Volumen interior<\/td>\n<td data-col-size=\"md\" data-start=\"809\" data-end=\"830\">aprox. <strong data-start=\"819\" data-end=\"828\">37 m\u00b3<\/strong><\/td>\n<\/tr>\n<tr data-start=\"831\" data-end=\"883\">\n<td data-start=\"831\" data-end=\"853\" data-col-size=\"sm\">Peso en tara (vac\u00eda)<\/td>\n<td data-start=\"853\" data-end=\"883\" data-col-size=\"md\">aprox. <strong data-start=\"863\" data-end=\"881\">2.300-2.500 kg<\/strong><\/td>\n<\/tr>\n<tr data-start=\"884\" data-end=\"933\">\n<td data-start=\"884\" data-end=\"902\" data-col-size=\"sm\">Carga \u00fatil m\u00e1xima<\/td>\n<td data-start=\"902\" data-end=\"933\" data-col-size=\"md\">hasta aprox. <strong data-start=\"918\" data-end=\"931\">28.000 kg<\/strong><\/td>\n<\/tr>\n<tr data-start=\"934\" data-end=\"974\">\n<td data-start=\"934\" data-end=\"957\" data-col-size=\"sm\">Peso bruto m\u00e1ximo<\/td>\n<td data-start=\"957\" data-end=\"974\" data-col-size=\"md\"><strong data-start=\"959\" data-end=\"972\">30.480 kg<\/strong><\/td>\n<\/tr>\n<tr data-start=\"975\" data-end=\"1020\">\n<td data-start=\"975\" data-end=\"986\" data-col-size=\"sm\">Material<\/td>\n<td data-start=\"986\" data-end=\"1020\" data-col-size=\"md\"><strong data-start=\"1002\" data-end=\"1018\">Acero corten<\/strong> de alta resistencia<\/td>\n<\/tr>\n<tr data-start=\"1021\" data-end=\"1075\">\n<td data-start=\"1021\" data-end=\"1048\" data-col-size=\"sm\">Construcci\u00f3n de paredes y tejados<\/td>\n<td data-start=\"1048\" data-end=\"1075\" data-col-size=\"md\">Paneles de acero corrugado<\/td>\n<\/tr>\n<tr data-start=\"1076\" data-end=\"1123\">\n<td data-start=\"1076\" data-end=\"1089\" data-col-size=\"sm\">Tipo de suelo<\/td>\n<td data-start=\"1089\" data-end=\"1123\" data-col-size=\"md\"><strong data-start=\"1091\" data-end=\"1121\">Suelo de madera contrachapada de calidad marina<\/strong><\/td>\n<\/tr>\n<tr data-start=\"1124\" data-end=\"1190\">\n<td data-start=\"1124\" data-end=\"1146\" data-col-size=\"sm\">Capacidad de carga en el suelo<\/td>\n<td data-start=\"1146\" data-end=\"1190\" data-col-size=\"md\">Adecuada para pal\u00e9s pesados y maquinaria<\/td>\n<\/tr>\n<tr data-start=\"1191\" data-end=\"1225\">\n<td data-start=\"1191\" data-end=\"1203\" data-col-size=\"sm\">Tipo de puerta<\/td>\n<td data-col-size=\"md\" data-start=\"1203\" data-end=\"1225\">Puertas de carga dobles<\/td>\n<\/tr>\n<tr data-start=\"1226\" data-end=\"1255\">\n<td data-start=\"1226\" data-end=\"1242\" data-col-size=\"sm\">Ubicaci\u00f3n de la puerta<\/td>\n<td data-start=\"1242\" data-end=\"1255\" data-col-size=\"md\">Parte delantera<\/td>\n<\/tr>\n<tr data-start=\"1256\" data-end=\"1301\">\n<td data-start=\"1256\" data-end=\"1277\" data-col-size=\"sm\">Ancho de apertura de la puerta<\/td>\n<td data-start=\"1277\" data-end=\"1301\" data-col-size=\"md\">aprox. <strong data-start=\"1287\" data-end=\"1299\">2.340 mm<\/strong><\/td>\n<\/tr>\n<tr data-start=\"1302\" data-end=\"1348\">\n<td data-start=\"1302\" data-end=\"1324\" data-col-size=\"sm\">Altura de apertura de la puerta<\/td>\n<td data-start=\"1324\" data-end=\"1348\" data-col-size=\"md\">aprox. <strong data-start=\"1334\" data-end=\"1346\">2.585 mm<\/strong><\/td>\n<\/tr>\n<tr data-start=\"1349\" data-end=\"1403\">\n<td data-start=\"1349\" data-end=\"1365\" data-col-size=\"sm\">Herrajes para puertas<\/td>\n<td data-start=\"1365\" data-end=\"1403\" data-col-size=\"md\">Barras de cierre y bisagras resistentes<\/td>\n<\/tr>\n<tr data-start=\"1404\" data-end=\"1453\">\n<td data-start=\"1404\" data-end=\"1425\" data-col-size=\"sm\">Protecci\u00f3n contra la intemperie<\/td>\n<td data-col-size=\"md\" data-start=\"1425\" data-end=\"1453\"><strong data-start=\"1427\" data-end=\"1451\">A prueba de viento y agua<\/strong><\/td>\n<\/tr>\n<tr data-start=\"1454\" data-end=\"1500\">\n<td data-start=\"1454\" data-end=\"1468\" data-col-size=\"sm\">Ventilaci\u00f3n<\/td>\n<td data-col-size=\"md\" data-start=\"1468\" data-end=\"1500\">Aperturas de ventilaci\u00f3n pasiva<\/td>\n<\/tr>\n<tr data-start=\"1501\" data-end=\"1544\">\n<td data-start=\"1501\" data-end=\"1516\" data-col-size=\"sm\">Apilabilidad<\/td>\n<td data-start=\"1516\" data-end=\"1544\" data-col-size=\"md\">Conforme a la norma ISO, apilable<\/td>\n<\/tr>\n<tr data-start=\"1545\" data-end=\"1623\">\n<td data-start=\"1545\" data-end=\"1570\" data-col-size=\"sm\">Compatibilidad de manipulaci\u00f3n<\/td>\n<td data-start=\"1570\" data-end=\"1623\" data-col-size=\"md\">Gr\u00faa, apiladora retr\u00e1ctil, carretilla elevadora, chasis de contenedor<\/td>\n<\/tr>\n<tr data-start=\"1624\" data-end=\"1683\">\n<td data-start=\"1624\" data-end=\"1650\" data-col-size=\"sm\">Compatibilidad del transporte<\/td>\n<td data-col-size=\"md\" data-start=\"1650\" data-end=\"1683\">Transporte por carretera, ferrocarril y mar<\/td>\n<\/tr>\n<tr data-start=\"1684\" data-end=\"1700\">\n<td data-start=\"1684\" data-end=\"1692\" data-col-size=\"sm\">Color<\/td>\n<td data-start=\"1692\" data-end=\"1700\" data-col-size=\"md\">Azul<\/td>\n<\/tr>\n<tr data-start=\"1701\" data-end=\"1761\">\n<td data-start=\"1701\" data-end=\"1723\" data-col-size=\"sm\">Idoneidad para exteriores<\/td>\n<td data-col-size=\"md\" data-start=\"1723\" data-end=\"1761\">Dise\u00f1ado para un uso prolongado en exteriores<\/td>\n<\/tr>\n<tr data-start=\"1762\" data-end=\"1827\">\n<td data-start=\"1762\" data-end=\"1778\" data-col-size=\"sm\">Certificaci\u00f3n<\/td>\n<td data-start=\"1778\" data-end=\"1827\" data-col-size=\"md\">Conforme a ISO, certificado CSC (depende de la unidad)<\/td>\n<\/tr>\n<\/tbody>\n<\/table>\n<\/div>\n<\/div>\n","protected":false},"excerpt":{"rendered":"<p>Este <strong data-start=\"269\" data-end=\"334\">contenedor mar\u00edtimo High Cube de 20 pies en color azul, en estado de un solo viaje<\/strong>, es un contenedor ISO casi nuevo dise\u00f1ado para almacenamiento profesional, transporte y uso industrial. La configuraci\u00f3n High Cube proporciona una mayor altura interna, lo que permite m\u00e1s espacio de almacenamiento vertical y una mejor usabilidad para mercanc\u00edas paletizadas, maquinaria y sistemas de estanter\u00edas. <\/p>\n","protected":false},"featured_media":482,"comment_status":"open","ping_status":"closed","template":"","meta":{"_kad_blocks_custom_css":"","_kad_blocks_head_custom_js":"","_kad_blocks_body_custom_js":"","_kad_blocks_footer_custom_js":"","_kad_post_transparent":"","_kad_post_title":"","_kad_post_layout":"","_kad_post_sidebar_id":"","_kad_post_content_style":"","_kad_post_vertical_padding":"","_kad_post_feature":"","_kad_post_feature_position":"","_kad_post_header":false,"_kad_post_footer":false,"_kad_post_classname":""},"product_brand":[],"product_cat":[233,108,135],"product_tag":[395,280,247,365,394,282],"product_brands":[313],"class_list":{"0":"post-2665","1":"product","2":"type-product","3":"status-publish","4":"has-post-thumbnail","6":"product_cat-contenedor-de-20-pies","7":"product_cat-contenedores-estandar","8":"product_cat-contenedores-maritimos-usados","9":"product_tag-comprar-garaje-contenedor-de-20-pies","10":"product_tag-contenedor-barato-de-20-pies","11":"product_tag-contenedor-cubico-de-20-pies-de-altura","12":"product_tag-contenedor-de-20-pies-2","13":"product_tag-contenedores-maritimos-de-20-pies","14":"product_tag-dimensiones-del-contenedor-de-20-pies","15":"pa_container-condition-nuevo-un-viaje","16":"pa_container-type-contenedor-estandar","17":"pa_contanier-size-high-cube-de-20-pies","18":"product_brands-leixoes-portugal","20":"first","21":"instock","22":"taxable","23":"shipping-taxable","24":"purchasable","25":"product-type-simple","26":"entry","27":"content-bg","28":"loop-entry"},"taxonomy_info":{"product_cat":[{"value":233,"label":"Contenedor de 20 pies"},{"value":108,"label":"Contenedores est\u00e1ndar"},{"value":135,"label":"Contenedores mar\u00edtimos usados"}],"product_tag":[{"value":395,"label":"comprar garaje contenedor de 20 pies"},{"value":280,"label":"contenedor barato de 20 pies"},{"value":247,"label":"Contenedor c\u00fabico de 20 pies de altura"},{"value":365,"label":"Contenedor de 20 pies"},{"value":394,"label":"Contenedores mar\u00edtimos de 20 pies"},{"value":282,"label":"Dimensiones del contenedor de 20 pies"}],"pa_container-condition":[{"value":105,"label":"Nuevo (un viaje)"}],"pa_container-type":[{"value":106,"label":"Contenedor est\u00e1ndar"}],"pa_contanier-size":[{"value":117,"label":"High Cube de 20 pies"}],"product_brands":[{"value":313,"label":"Leix\u00f5es, Portugal"}]},"featured_image_src_large":["https:\/\/olborglogistics.com\/wp-content\/uploads\/2025\/12\/20FT-High-Cube-Container-RAL-5010-HZK-1024x768.jpg",1021,766,true],"author_info":[],"comment_info":0,"_links":{"self":[{"href":"https:\/\/olborglogistics.com\/es\/wp-json\/wp\/v2\/product\/2665","targetHints":{"allow":["GET"]}}],"collection":[{"href":"https:\/\/olborglogistics.com\/es\/wp-json\/wp\/v2\/product"}],"about":[{"href":"https:\/\/olborglogistics.com\/es\/wp-json\/wp\/v2\/types\/product"}],"replies":[{"embeddable":true,"href":"https:\/\/olborglogistics.com\/es\/wp-json\/wp\/v2\/comments?post=2665"}],"wp:featuredmedia":[{"embeddable":true,"href":"https:\/\/olborglogistics.com\/es\/wp-json\/wp\/v2\/media\/482"}],"wp:attachment":[{"href":"https:\/\/olborglogistics.com\/es\/wp-json\/wp\/v2\/media?parent=2665"}],"wp:term":[{"taxonomy":"product_brand","embeddable":true,"href":"https:\/\/olborglogistics.com\/es\/wp-json\/wp\/v2\/product_brand?post=2665"},{"taxonomy":"product_cat","embeddable":true,"href":"https:\/\/olborglogistics.com\/es\/wp-json\/wp\/v2\/product_cat?post=2665"},{"taxonomy":"product_tag","embeddable":true,"href":"https:\/\/olborglogistics.com\/es\/wp-json\/wp\/v2\/product_tag?post=2665"},{"taxonomy":"product_brands","embeddable":true,"href":"https:\/\/olborglogistics.com\/es\/wp-json\/wp\/v2\/product_brands?post=2665"}],"curies":[{"name":"wp","href":"https:\/\/api.w.org\/{rel}","templated":true}]}}