{"id":1707,"date":"2025-12-22T14:18:39","date_gmt":"2025-12-22T14:18:39","guid":{"rendered":"https:\/\/olborglogistics.com\/product\/contenedor-de-20-pies-con-puertas-dobles-nuevo\/"},"modified":"2026-01-28T02:25:48","modified_gmt":"2026-01-28T02:25:48","slug":"contenedor-de-20-pies-con-puertas-dobles-nuevo","status":"publish","type":"product","link":"https:\/\/olborglogistics.com\/es\/producto\/contenedor-de-20-pies-con-puertas-dobles-nuevo\/","title":{"rendered":"Contenedor de 20 pies con puertas dobles, nuevo"},"content":{"rendered":"<article class=\"text-token-text-primary w-full focus:outline-none [--shadow-height:45px] has-data-writing-block:pointer-events-none has-data-writing-block:-mt-(--shadow-height) has-data-writing-block:pt-(--shadow-height) [&amp;:has([data-writing-block])&gt;*]:pointer-events-auto scroll-mt-(--header-height)\" dir=\"auto\" tabindex=\"-1\" data-turn-id=\"40a6084a-2e9a-41b7-8ebd-bb94825c2e21\" data-testid=\"conversation-turn-39\" data-scroll-anchor=\"false\" data-turn=\"user\">\n<div class=\"text-base my-auto mx-auto pt-12 [--thread-content-margin:--spacing(4)] @w-sm\/main:[--thread-content-margin:--spacing(6)] @w-lg\/main:[--thread-content-margin:--spacing(16)] px-(--thread-content-margin)\">\n<div class=\"[--thread-content-max-width:40rem] @w-lg\/main:[--thread-content-max-width:48rem] mx-auto max-w-(--thread-content-max-width) flex-1 group\/turn-messages focus-visible:outline-hidden relative flex w-full min-w-0 flex-col\" tabindex=\"-1\">\n<div class=\"flex max-w-full flex-col grow\">\n<div class=\"min-h-8 text-message relative flex w-full flex-col items-end gap-2 text-start break-words whitespace-normal [.text-message+&amp;]:mt-1\" dir=\"auto\" data-message-author-role=\"user\" data-message-id=\"40a6084a-2e9a-41b7-8ebd-bb94825c2e21\">\n<div class=\"flex w-full flex-col gap-1 empty:hidden items-end rtl:items-start\">\n<div class=\"user-message-bubble-color corner-superellipse\/1.1 relative rounded-[18px] px-4 py-1.5 data-[multiline]:py-3 max-w-[var(--user-chat-width,70%)]\"><\/div>\n<\/div>\n<\/div>\n<\/div>\n<\/div>\n<\/div>\n<\/article>\n<article class=\"text-token-text-primary w-full focus:outline-none [--shadow-height:45px] has-data-writing-block:pointer-events-none has-data-writing-block:-mt-(--shadow-height) has-data-writing-block:pt-(--shadow-height) [&amp;:has([data-writing-block])&gt;*]:pointer-events-auto scroll-mt-[calc(var(--header-height)+min(200px,max(70px,20svh)))]\" dir=\"auto\" tabindex=\"-1\" data-turn-id=\"request-69472639-30a4-832e-81e7-02987b101fa9-10\" data-testid=\"conversation-turn-40\" data-scroll-anchor=\"true\" data-turn=\"assistant\">\n<div class=\"text-base my-auto mx-auto pb-10 [--thread-content-margin:--spacing(4)] @w-sm\/main:[--thread-content-margin:--spacing(6)] @w-lg\/main:[--thread-content-margin:--spacing(16)] px-(--thread-content-margin)\">\n<div class=\"[--thread-content-max-width:40rem] @w-lg\/main:[--thread-content-max-width:48rem] mx-auto max-w-(--thread-content-max-width) flex-1 group\/turn-messages focus-visible:outline-hidden relative flex w-full min-w-0 flex-col agent-turn\" tabindex=\"-1\">\n<div class=\"flex max-w-full flex-col grow\">\n<div class=\"min-h-8 text-message relative flex w-full flex-col items-end gap-2 text-start break-words whitespace-normal [.text-message+&amp;]:mt-1\" dir=\"auto\" data-message-author-role=\"assistant\" data-message-id=\"1bc6e696-4872-4b0c-911f-440dcef2f8a0\" data-message-model-slug=\"gpt-5-2\">\n<div class=\"flex w-full flex-col gap-1 empty:hidden first:pt-[1px]\">\n<div class=\"markdown prose dark:prose-invert w-full break-words dark markdown-new-styling\">\n<h2 data-start=\"452\" data-end=\"471\">Descripci\u00f3n larga<\/h2>\n<p data-start=\"473\" data-end=\"801\">El <strong data-start=\"477\" data-end=\"530\">contenedor de 20 pies con puertas dobles &#8211; Nuevo (One-Trip)<\/strong> est\u00e1 dise\u00f1ado para usuarios que requieren <strong data-start=\"565\" data-end=\"590\">un acceso r\u00e1pido y flexible<\/strong> desde ambos extremos del contenedor. A diferencia de los contenedores est\u00e1ndar con puertas en un solo lado, este modelo est\u00e1 equipado con <strong data-start=\"708\" data-end=\"743\">puertas de carga dobles en ambos extremos<\/strong>, lo que permite una carga en l\u00ednea recta y un flujo de trabajo mejorado.<\/p>\n<p data-start=\"803\" data-end=\"1172\">Al tratarse de un <strong data-start=\"808\" data-end=\"834\">contenedor nuevo de un solo viaje<\/strong>, s\u00f3lo se ha utilizado una vez en transporte internacional y permanece en excelentes condiciones con un desgaste m\u00ednimo. El contenedor est\u00e1 fabricado en <strong data-start=\"986\" data-end=\"1002\">acero corten<\/strong> duradero, lo que le proporciona una resistencia a largo plazo a la corrosi\u00f3n y a las duras condiciones meteorol\u00f3gicas. Cuando est\u00e1 cerrada, es totalmente estanca al viento y al agua, lo que garantiza una protecci\u00f3n fiable de las mercanc\u00edas almacenadas.<\/p>\n<p data-start=\"1174\" data-end=\"1479\">El interior ofrece un espacio de almacenamiento amplio y abierto adecuado para pal\u00e9s, maquinaria, herramientas y productos largos. Gracias a su dise\u00f1o de doble acceso, este contenedor se utiliza ampliamente en almacenes, centros log\u00edsticos, obras de construcci\u00f3n y aplicaciones de almacenamiento industrial donde se requiere un acceso frecuente desde ambos lados.<\/p>\n<p data-start=\"1481\" data-end=\"1671\">Con dimensiones estandarizadas y marcos de puerta reforzados, el contenedor de puerta doble de 20 pies se integra f\u00e1cilmente en los sistemas de transporte y almacenamiento existentes, al tiempo que maximiza la eficiencia operativa.<\/p>\n<hr data-start=\"1673\" data-end=\"1676\" \/>\n<h2 data-start=\"1678\" data-end=\"1705\">Especificaciones t\u00e9cnicas<\/h2>\n<h3 data-start=\"1707\" data-end=\"1730\">Informaci\u00f3n general<\/h3>\n<div class=\"TyagGW_tableContainer\">\n<div class=\"group TyagGW_tableWrapper flex w-fit flex-col-reverse\" tabindex=\"-1\">\n<table class=\"w-fit min-w-(--thread-content-width)\" data-start=\"1732\" data-end=\"2105\">\n<thead data-start=\"1732\" data-end=\"1759\">\n<tr data-start=\"1732\" data-end=\"1759\">\n<th data-start=\"1732\" data-end=\"1742\" data-col-size=\"sm\">Caracter\u00edstica<\/th>\n<th data-start=\"1742\" data-end=\"1759\" data-col-size=\"sm\">Especificaci\u00f3n<\/th>\n<\/tr>\n<\/thead>\n<tbody data-start=\"1783\" data-end=\"2105\">\n<tr data-start=\"1783\" data-end=\"1839\">\n<td data-start=\"1783\" data-end=\"1800\" data-col-size=\"sm\">Tipo de contenedor<\/td>\n<td data-start=\"1800\" data-end=\"1839\" data-col-size=\"sm\">Contenedor mar\u00edtimo de 20 pies con puerta doble<\/td>\n<\/tr>\n<tr data-start=\"1840\" data-end=\"1870\">\n<td data-start=\"1840\" data-end=\"1852\" data-col-size=\"sm\">Condici\u00f3n<\/td>\n<td data-start=\"1852\" data-end=\"1870\" data-col-size=\"sm\">Nuevo \/ Un solo viaje<\/td>\n<\/tr>\n<tr data-start=\"1871\" data-end=\"1918\">\n<td data-start=\"1871\" data-end=\"1882\" data-col-size=\"sm\">Material<\/td>\n<td data-start=\"1882\" data-end=\"1918\" data-col-size=\"sm\">Acero corten (resistente a la intemperie)<\/td>\n<\/tr>\n<tr data-start=\"1919\" data-end=\"1945\">\n<td data-start=\"1919\" data-end=\"1927\" data-col-size=\"sm\">Suelo<\/td>\n<td data-start=\"1927\" data-end=\"1945\" data-col-size=\"sm\">Madera contrachapada marina<\/td>\n<\/tr>\n<tr data-start=\"1946\" data-end=\"1989\">\n<td data-start=\"1946\" data-end=\"1954\" data-col-size=\"sm\">Puertas<\/td>\n<td data-start=\"1954\" data-end=\"1989\" data-col-size=\"sm\">Puertas de carga dobles en ambos extremos<\/td>\n<\/tr>\n<tr data-start=\"1990\" data-end=\"2034\">\n<td data-start=\"1990\" data-end=\"2007\" data-col-size=\"sm\">Sistema de cierre<\/td>\n<td data-start=\"2007\" data-end=\"2034\" data-col-size=\"sm\">Barras de cierre de alta resistencia<\/td>\n<\/tr>\n<tr data-start=\"2035\" data-end=\"2061\">\n<td data-start=\"2035\" data-end=\"2054\" data-col-size=\"sm\">Bolsillos para carretilla elevadora<\/td>\n<td data-start=\"2054\" data-end=\"2061\" data-col-size=\"sm\">S\u00ed<\/td>\n<\/tr>\n<tr data-start=\"2062\" data-end=\"2085\">\n<td data-start=\"2062\" data-end=\"2078\" data-col-size=\"sm\">Certificado CSC<\/td>\n<td data-start=\"2078\" data-end=\"2085\" data-col-size=\"sm\">S\u00ed<\/td>\n<\/tr>\n<tr data-start=\"2086\" data-end=\"2105\">\n<td data-start=\"2086\" data-end=\"2098\" data-col-size=\"sm\">Apilable<\/td>\n<td data-start=\"2098\" data-end=\"2105\" data-col-size=\"sm\">S\u00ed<\/td>\n<\/tr>\n<\/tbody>\n<\/table>\n<\/div>\n<\/div>\n<hr data-start=\"2107\" data-end=\"2110\" \/>\n<h3 data-start=\"2112\" data-end=\"2135\">Dimensiones externas<\/h3>\n<div class=\"TyagGW_tableContainer\">\n<div class=\"group TyagGW_tableWrapper flex w-fit flex-col-reverse\" tabindex=\"-1\">\n<table class=\"w-fit min-w-(--thread-content-width)\" data-start=\"2137\" data-end=\"2241\">\n<thead data-start=\"2137\" data-end=\"2160\">\n<tr data-start=\"2137\" data-end=\"2160\">\n<th data-start=\"2137\" data-end=\"2151\" data-col-size=\"sm\">Medida<\/th>\n<th data-start=\"2151\" data-end=\"2160\" data-col-size=\"sm\">Valor<\/th>\n<\/tr>\n<\/thead>\n<tbody data-start=\"2177\" data-end=\"2241\">\n<tr data-start=\"2177\" data-end=\"2198\">\n<td data-start=\"2177\" data-end=\"2186\" data-col-size=\"sm\">Longitud<\/td>\n<td data-start=\"2186\" data-end=\"2198\" data-col-size=\"sm\">6058 mm<\/td>\n<\/tr>\n<tr data-start=\"2199\" data-end=\"2219\">\n<td data-start=\"2199\" data-end=\"2207\" data-col-size=\"sm\">Anchura<\/td>\n<td data-start=\"2207\" data-end=\"2219\" data-col-size=\"sm\">2438 mm<\/td>\n<\/tr>\n<tr data-start=\"2220\" data-end=\"2241\">\n<td data-start=\"2220\" data-end=\"2229\" data-col-size=\"sm\">Altura<\/td>\n<td data-start=\"2229\" data-end=\"2241\" data-col-size=\"sm\">2591 mm<\/td>\n<\/tr>\n<\/tbody>\n<\/table>\n<\/div>\n<\/div>\n<hr data-start=\"2243\" data-end=\"2246\" \/>\n<h3 data-start=\"2248\" data-end=\"2271\">Dimensiones internas<\/h3>\n<div class=\"TyagGW_tableContainer\">\n<div class=\"group TyagGW_tableWrapper flex w-fit flex-col-reverse\" tabindex=\"-1\">\n<table class=\"w-fit min-w-(--thread-content-width)\" data-start=\"2273\" data-end=\"2401\">\n<thead data-start=\"2273\" data-end=\"2296\">\n<tr data-start=\"2273\" data-end=\"2296\">\n<th data-start=\"2273\" data-end=\"2287\" data-col-size=\"sm\">Medida<\/th>\n<th data-start=\"2287\" data-end=\"2296\" data-col-size=\"sm\">Valor<\/th>\n<\/tr>\n<\/thead>\n<tbody data-start=\"2313\" data-end=\"2401\">\n<tr data-start=\"2313\" data-end=\"2342\">\n<td data-start=\"2313\" data-end=\"2322\" data-col-size=\"sm\">Longitud<\/td>\n<td data-start=\"2322\" data-end=\"2342\" data-col-size=\"sm\">Aprox. 5898 mm<\/td>\n<\/tr>\n<tr data-start=\"2343\" data-end=\"2371\">\n<td data-start=\"2343\" data-end=\"2351\" data-col-size=\"sm\">Anchura<\/td>\n<td data-start=\"2351\" data-end=\"2371\" data-col-size=\"sm\">Aprox. 2352 mm<\/td>\n<\/tr>\n<tr data-start=\"2372\" data-end=\"2401\">\n<td data-start=\"2372\" data-end=\"2381\" data-col-size=\"sm\">Altura<\/td>\n<td data-start=\"2381\" data-end=\"2401\" data-col-size=\"sm\">Aprox. 2393 mm<\/td>\n<\/tr>\n<\/tbody>\n<\/table>\n<\/div>\n<\/div>\n<hr data-start=\"2403\" data-end=\"2406\" \/>\n<h3 data-start=\"2408\" data-end=\"2436\">Dimensiones de la puerta y acceso<\/h3>\n<div class=\"TyagGW_tableContainer\">\n<div class=\"group TyagGW_tableWrapper flex w-fit flex-col-reverse\" tabindex=\"-1\">\n<table class=\"w-fit min-w-(--thread-content-width)\" data-start=\"2438\" data-end=\"2674\">\n<thead data-start=\"2438\" data-end=\"2463\">\n<tr data-start=\"2438\" data-end=\"2463\">\n<th data-start=\"2438\" data-end=\"2448\" data-col-size=\"sm\">Caracter\u00edstica<\/th>\n<th data-start=\"2448\" data-end=\"2463\" data-col-size=\"sm\">Medida<\/th>\n<\/tr>\n<\/thead>\n<tbody data-start=\"2485\" data-end=\"2674\">\n<tr data-start=\"2485\" data-end=\"2537\">\n<td data-start=\"2485\" data-end=\"2517\" data-col-size=\"sm\">Ancho de apertura de la puerta (cada extremo)<\/td>\n<td data-start=\"2517\" data-end=\"2537\" data-col-size=\"sm\">Aprox. 2343 mm<\/td>\n<\/tr>\n<tr data-start=\"2538\" data-end=\"2591\">\n<td data-start=\"2538\" data-end=\"2571\" data-col-size=\"sm\">Altura de apertura de la puerta (cada extremo)<\/td>\n<td data-start=\"2571\" data-end=\"2591\" data-col-size=\"sm\">Aprox. 2280 mm<\/td>\n<\/tr>\n<tr data-start=\"2592\" data-end=\"2627\">\n<td data-start=\"2592\" data-end=\"2613\" data-col-size=\"sm\">\u00c1ngulo de apertura de la puerta<\/td>\n<td data-start=\"2613\" data-end=\"2627\" data-col-size=\"sm\">Hasta 270\u00b0<\/td>\n<\/tr>\n<tr data-start=\"2628\" data-end=\"2674\">\n<td data-start=\"2628\" data-end=\"2642\" data-col-size=\"sm\">Tipo de acceso<\/td>\n<td data-start=\"2642\" data-end=\"2674\" data-col-size=\"sm\">Delantero y trasero (paso directo)<\/td>\n<\/tr>\n<\/tbody>\n<\/table>\n<\/div>\n<\/div>\n<hr data-start=\"2676\" data-end=\"2679\" \/>\n<h3 data-start=\"2681\" data-end=\"2718\">Dimensiones: puertas cerradas frente a puertas abiertas<\/h3>\n<div class=\"TyagGW_tableContainer\">\n<div class=\"group TyagGW_tableWrapper flex w-fit flex-col-reverse\" tabindex=\"-1\">\n<table class=\"w-fit min-w-(--thread-content-width)\" data-start=\"2720\" data-end=\"2906\">\n<thead data-start=\"2720\" data-end=\"2749\">\n<tr data-start=\"2720\" data-end=\"2749\">\n<th data-start=\"2720\" data-end=\"2736\" data-col-size=\"sm\">Configuraci\u00f3n<\/th>\n<th data-start=\"2736\" data-end=\"2749\" data-col-size=\"sm\">Dimensi\u00f3n<\/th>\n<\/tr>\n<\/thead>\n<tbody data-start=\"2771\" data-end=\"2906\">\n<tr data-start=\"2771\" data-end=\"2813\">\n<td data-start=\"2771\" data-end=\"2801\" data-col-size=\"sm\">Longitud total (puertas cerradas)<\/td>\n<td data-start=\"2801\" data-end=\"2813\" data-col-size=\"sm\">6058 mm<\/td>\n<\/tr>\n<tr data-start=\"2814\" data-end=\"2877\">\n<td data-start=\"2814\" data-end=\"2848\" data-col-size=\"sm\">Espacio libre necesario (puertas abiertas)<\/td>\n<td data-col-size=\"sm\" data-start=\"2848\" data-end=\"2877\">Aprox. 1200 mm cada extremo<\/td>\n<\/tr>\n<tr data-start=\"2878\" data-end=\"2906\">\n<td data-start=\"2878\" data-end=\"2898\" data-col-size=\"sm\">Eficiencia de acceso<\/td>\n<td data-col-size=\"sm\" data-start=\"2898\" data-end=\"2906\">Alta<\/td>\n<\/tr>\n<\/tbody>\n<\/table>\n<\/div>\n<\/div>\n<hr data-start=\"2908\" data-end=\"2911\" \/>\n<h3 data-start=\"2913\" data-end=\"2934\">Peso y capacidad<\/h3>\n<div class=\"TyagGW_tableContainer\">\n<div class=\"group TyagGW_tableWrapper flex w-fit flex-col-reverse\" tabindex=\"-1\">\n<table class=\"w-fit min-w-(--thread-content-width)\" data-start=\"2936\" data-end=\"3180\">\n<thead data-start=\"2936\" data-end=\"2963\">\n<tr data-start=\"2936\" data-end=\"2963\">\n<th data-start=\"2936\" data-end=\"2946\" data-col-size=\"sm\">Caracter\u00edstica<\/th>\n<th data-start=\"2946\" data-end=\"2963\" data-col-size=\"sm\">Especificaci\u00f3n<\/th>\n<\/tr>\n<\/thead>\n<tbody data-start=\"2987\" data-end=\"3180\">\n<tr data-start=\"2987\" data-end=\"3021\">\n<td data-start=\"2987\" data-end=\"3001\" data-col-size=\"sm\">Peso en vac\u00edo<\/td>\n<td data-col-size=\"sm\" data-start=\"3001\" data-end=\"3021\">Aprox. 2450 kg<\/td>\n<\/tr>\n<tr data-start=\"3022\" data-end=\"3061\">\n<td data-start=\"3022\" data-end=\"3040\" data-col-size=\"sm\">Carga \u00fatil m\u00e1xima<\/td>\n<td data-col-size=\"sm\" data-start=\"3040\" data-end=\"3061\">Aprox. 30 050 kg<\/td>\n<\/tr>\n<tr data-start=\"3062\" data-end=\"3098\">\n<td data-start=\"3062\" data-end=\"3085\" data-col-size=\"sm\">Peso bruto m\u00e1ximo<\/td>\n<td data-col-size=\"sm\" data-start=\"3085\" data-end=\"3098\">32\u00a0500 kg<\/td>\n<\/tr>\n<tr data-start=\"3099\" data-end=\"3136\">\n<td data-start=\"3099\" data-end=\"3117\" data-col-size=\"sm\">Volumen interno<\/td>\n<td data-col-size=\"sm\" data-start=\"3117\" data-end=\"3136\">Aprox. 33,2 m\u00b3<\/td>\n<\/tr>\n<tr data-start=\"3137\" data-end=\"3180\">\n<td data-start=\"3137\" data-end=\"3160\" data-col-size=\"sm\">Capacidad de europalets<\/td>\n<td data-col-size=\"sm\" data-start=\"3160\" data-end=\"3180\">Hasta 11 palets<\/td>\n<\/tr>\n<\/tbody>\n<\/table>\n<\/div>\n<\/div>\n<\/div>\n<\/div>\n<\/div>\n<\/div>\n<\/div>\n<\/div>\n<\/article>\n","protected":false},"excerpt":{"rendered":"<p data-start=\"227\" data-end=\"445\">El contenedor mar\u00edtimo de 20 pies con puerta doble (nuevo\/de un viaje) cuenta con puertas en ambos extremos para facilitar el acceso directo. En condiciones casi nuevas, ofrece un almacenamiento seguro y herm\u00e9tico a la intemperie y una carga eficiente desde cualquier lado.<\/p>\n","protected":false},"featured_media":1712,"comment_status":"open","ping_status":"closed","template":"","meta":{"_kad_blocks_custom_css":"","_kad_blocks_head_custom_js":"","_kad_blocks_body_custom_js":"","_kad_blocks_footer_custom_js":"","_kad_post_transparent":"default","_kad_post_title":"","_kad_post_layout":"default","_kad_post_sidebar_id":"","_kad_post_content_style":"default","_kad_post_vertical_padding":"default","_kad_post_feature":"","_kad_post_feature_position":"","_kad_post_header":false,"_kad_post_footer":false,"_kad_post_classname":""},"product_brand":[],"product_cat":[233,144],"product_tag":[],"product_brands":[316],"class_list":{"0":"post-1707","1":"product","2":"type-product","3":"status-publish","4":"has-post-thumbnail","6":"product_cat-contenedor-de-20-pies","7":"product_cat-contenedores-de-doble-puerta","8":"pa_container-condition-nuevo-un-viaje","9":"pa_container-type-contenedor-de-puerta-doble","10":"pa_contanier-size-20-pies","11":"product_brands-slovensko-zilina","13":"first","14":"instock","15":"sale","16":"taxable","17":"shipping-taxable","18":"purchasable","19":"product-type-simple","20":"entry","21":"content-bg","22":"loop-entry"},"taxonomy_info":{"product_cat":[{"value":233,"label":"Contenedor de 20 pies"},{"value":144,"label":"Contenedores de doble puerta"}],"pa_container-condition":[{"value":105,"label":"Nuevo (un viaje)"}],"pa_container-type":[{"value":143,"label":"Contenedor de puerta doble"}],"pa_contanier-size":[{"value":113,"label":"20 pies"}],"product_brands":[{"value":316,"label":"Slovensko, \u017dilina"}]},"featured_image_src_large":["https:\/\/olborglogistics.com\/wp-content\/uploads\/2025\/12\/20ft-containers-with-double-door.jpg",1021,766,false],"author_info":[],"comment_info":0,"_links":{"self":[{"href":"https:\/\/olborglogistics.com\/es\/wp-json\/wp\/v2\/product\/1707","targetHints":{"allow":["GET"]}}],"collection":[{"href":"https:\/\/olborglogistics.com\/es\/wp-json\/wp\/v2\/product"}],"about":[{"href":"https:\/\/olborglogistics.com\/es\/wp-json\/wp\/v2\/types\/product"}],"replies":[{"embeddable":true,"href":"https:\/\/olborglogistics.com\/es\/wp-json\/wp\/v2\/comments?post=1707"}],"wp:featuredmedia":[{"embeddable":true,"href":"https:\/\/olborglogistics.com\/es\/wp-json\/wp\/v2\/media\/1712"}],"wp:attachment":[{"href":"https:\/\/olborglogistics.com\/es\/wp-json\/wp\/v2\/media?parent=1707"}],"wp:term":[{"taxonomy":"product_brand","embeddable":true,"href":"https:\/\/olborglogistics.com\/es\/wp-json\/wp\/v2\/product_brand?post=1707"},{"taxonomy":"product_cat","embeddable":true,"href":"https:\/\/olborglogistics.com\/es\/wp-json\/wp\/v2\/product_cat?post=1707"},{"taxonomy":"product_tag","embeddable":true,"href":"https:\/\/olborglogistics.com\/es\/wp-json\/wp\/v2\/product_tag?post=1707"},{"taxonomy":"product_brands","embeddable":true,"href":"https:\/\/olborglogistics.com\/es\/wp-json\/wp\/v2\/product_brands?post=1707"}],"curies":[{"name":"wp","href":"https:\/\/api.w.org\/{rel}","templated":true}]}}