{"id":1696,"date":"2025-12-22T10:21:08","date_gmt":"2025-12-22T10:21:08","guid":{"rendered":"https:\/\/olborglogistics.com\/product\/contenedor-garaje-de-20-pies-con-puertas-de-persiana-enrollable-nuevo\/"},"modified":"2026-01-26T21:55:49","modified_gmt":"2026-01-26T21:55:49","slug":"contenedor-garaje-de-20-pies-con-puertas-de-persiana-enrollable-nuevo","status":"publish","type":"product","link":"https:\/\/olborglogistics.com\/es\/producto\/contenedor-garaje-de-20-pies-con-puertas-de-persiana-enrollable-nuevo\/","title":{"rendered":"Contenedor garaje de 20 pies con puertas de persiana enrollable. Nuevo"},"content":{"rendered":"<p data-start=\"587\" data-end=\"915\">El <strong data-start=\"591\" data-end=\"658\">contenedor de garaje de 6 metros con puerta enrollable &#8211; Nuevo (One-Trip)<\/strong> es una soluci\u00f3n pr\u00e1ctica y robusta para los clientes que buscan un garaje o espacio de almacenamiento seguro en un espacio compacto. Construido a partir de un contenedor de transporte nuevo de un solo viaje, se encuentra en un estado casi nuevo y ofrece una durabilidad excelente con m\u00ednimos signos de uso previo.<\/p>\n<p data-start=\"917\" data-end=\"1268\">A diferencia de los contenedores con puerta de carga est\u00e1ndar, este contenedor garaje est\u00e1 equipado con una <strong data-start=\"995\" data-end=\"1018\">puerta de persiana enrollable<\/strong>, lo que permite un acceso suave y eficaz sin necesidad de espacio adicional delante del contenedor. Esto la hace especialmente adecuada para el almacenamiento de veh\u00edculos, talleres, motocicletas, herramientas y maquinaria, sobre todo en zonas con espacio libre limitado.<\/p>\n<p data-start=\"1270\" data-end=\"1597\">Fabricado en <strong data-start=\"1301\" data-end=\"1317\">acero corten<\/strong> de alta calidad, el contenedor ofrece una gran resistencia a la corrosi\u00f3n y a las duras condiciones meteorol\u00f3gicas. Cuando est\u00e1 cerrada, permanece totalmente estanca al viento y al agua, protegiendo los objetos almacenados de la lluvia, el polvo y el acceso no autorizado. El s\u00f3lido suelo de contrachapado marino soporta cargas pesadas y un uso diario frecuente.<\/p>\n<p data-start=\"1599\" data-end=\"1865\">Este garaje contenedor se utiliza com\u00fanmente en propiedades residenciales, sitios de construcci\u00f3n, \u00e1reas industriales y patios comerciales. Tambi\u00e9n se puede personalizar a\u00fan m\u00e1s con ventilaci\u00f3n, instalaciones el\u00e9ctricas, iluminaci\u00f3n o aislamiento, seg\u00fan la aplicaci\u00f3n prevista. <\/p>\n<hr data-start=\"1867\" data-end=\"1870\">\n<h2 data-start=\"1872\" data-end=\"1899\">Especificaciones t\u00e9cnicas<\/h2>\n<h3 data-start=\"1901\" data-end=\"1924\">Informaci\u00f3n general<\/h3>\n<div class=\"TyagGW_tableContainer\">\n<div class=\"group TyagGW_tableWrapper flex w-fit flex-col-reverse\" tabindex=\"-1\">\n<table class=\"w-fit min-w-(--thread-content-width)\" data-start=\"1926\" data-end=\"2346\">\n<thead data-start=\"1926\" data-end=\"1953\">\n<tr data-start=\"1926\" data-end=\"1953\">\n<th data-start=\"1926\" data-end=\"1936\" data-col-size=\"sm\">Caracter\u00edstica<\/th>\n<th data-start=\"1936\" data-end=\"1953\" data-col-size=\"sm\">Especificaci\u00f3n<\/th>\n<\/tr>\n<\/thead>\n<tbody data-start=\"1977\" data-end=\"2346\">\n<tr data-start=\"1977\" data-end=\"2019\">\n<td data-start=\"1977\" data-end=\"1994\" data-col-size=\"sm\">Tipo de contenedor<\/td>\n<td data-start=\"1994\" data-end=\"2019\" data-col-size=\"sm\">Contenedor garaje de 20 pies<\/td>\n<\/tr>\n<tr data-start=\"2020\" data-end=\"2050\">\n<td data-start=\"2020\" data-end=\"2032\" data-col-size=\"sm\">Condici\u00f3n<\/td>\n<td data-start=\"2032\" data-end=\"2050\" data-col-size=\"sm\">Nuevo \/ Un solo viaje<\/td>\n<\/tr>\n<tr data-start=\"2051\" data-end=\"2098\">\n<td data-start=\"2051\" data-end=\"2062\" data-col-size=\"sm\">Material<\/td>\n<td data-start=\"2062\" data-end=\"2098\" data-col-size=\"sm\">Acero corten (resistente a la intemperie)<\/td>\n<\/tr>\n<tr data-start=\"2099\" data-end=\"2125\">\n<td data-start=\"2099\" data-end=\"2107\" data-col-size=\"sm\">Suelo<\/td>\n<td data-start=\"2107\" data-end=\"2125\" data-col-size=\"sm\">Madera contrachapada marina<\/td>\n<\/tr>\n<tr data-start=\"2126\" data-end=\"2161\">\n<td data-start=\"2126\" data-end=\"2138\" data-col-size=\"sm\">Tipo de puerta<\/td>\n<td data-start=\"2138\" data-end=\"2161\" data-col-size=\"sm\">Puerta de persiana enrollable<\/td>\n<\/tr>\n<tr data-start=\"2162\" data-end=\"2213\">\n<td data-start=\"2162\" data-end=\"2179\" data-col-size=\"sm\">Funcionamiento de la puerta<\/td>\n<td data-start=\"2179\" data-end=\"2213\" data-col-size=\"sm\">Manual o motorizado (opcional)<\/td>\n<\/tr>\n<tr data-start=\"2214\" data-end=\"2258\">\n<td data-start=\"2214\" data-end=\"2231\" data-col-size=\"sm\">Sistema de cierre<\/td>\n<td data-start=\"2231\" data-end=\"2258\" data-col-size=\"sm\">Cierre de persiana integrado<\/td>\n<\/tr>\n<tr data-start=\"2259\" data-end=\"2285\">\n<td data-start=\"2259\" data-end=\"2278\" data-col-size=\"sm\">Bolsillos para carretilla elevadora<\/td>\n<td data-start=\"2278\" data-end=\"2285\" data-col-size=\"sm\">S\u00ed<\/td>\n<\/tr>\n<tr data-start=\"2286\" data-end=\"2326\">\n<td data-start=\"2286\" data-end=\"2302\" data-col-size=\"sm\">Certificado CSC<\/td>\n<td data-start=\"2302\" data-end=\"2326\" data-col-size=\"sm\">S\u00ed (contenedor base)<\/td>\n<\/tr>\n<tr data-start=\"2327\" data-end=\"2346\">\n<td data-start=\"2327\" data-end=\"2339\" data-col-size=\"sm\">Apilable<\/td>\n<td data-start=\"2339\" data-end=\"2346\" data-col-size=\"sm\">S\u00ed<\/td>\n<\/tr>\n<\/tbody>\n<\/table>\n<\/div>\n<\/div>\n<hr data-start=\"2348\" data-end=\"2351\">\n<h3 data-start=\"2353\" data-end=\"2376\">Dimensiones externas<\/h3>\n<div class=\"TyagGW_tableContainer\">\n<div class=\"group TyagGW_tableWrapper flex w-fit flex-col-reverse\" tabindex=\"-1\">\n<table class=\"w-fit min-w-(--thread-content-width)\" data-start=\"2378\" data-end=\"2482\">\n<thead data-start=\"2378\" data-end=\"2401\">\n<tr data-start=\"2378\" data-end=\"2401\">\n<th data-start=\"2378\" data-end=\"2392\" data-col-size=\"sm\">Medida<\/th>\n<th data-start=\"2392\" data-end=\"2401\" data-col-size=\"sm\">Valor<\/th>\n<\/tr>\n<\/thead>\n<tbody data-start=\"2418\" data-end=\"2482\">\n<tr data-start=\"2418\" data-end=\"2439\">\n<td data-start=\"2418\" data-end=\"2427\" data-col-size=\"sm\">Longitud<\/td>\n<td data-start=\"2427\" data-end=\"2439\" data-col-size=\"sm\">6058 mm<\/td>\n<\/tr>\n<tr data-start=\"2440\" data-end=\"2460\">\n<td data-start=\"2440\" data-end=\"2448\" data-col-size=\"sm\">Anchura<\/td>\n<td data-start=\"2448\" data-end=\"2460\" data-col-size=\"sm\">2438 mm<\/td>\n<\/tr>\n<tr data-start=\"2461\" data-end=\"2482\">\n<td data-start=\"2461\" data-end=\"2470\" data-col-size=\"sm\">Altura<\/td>\n<td data-start=\"2470\" data-end=\"2482\" data-col-size=\"sm\">2591 mm<\/td>\n<\/tr>\n<\/tbody>\n<\/table>\n<\/div>\n<\/div>\n<hr data-start=\"2484\" data-end=\"2487\">\n<h3 data-start=\"2489\" data-end=\"2512\">Dimensiones internas<\/h3>\n<div class=\"TyagGW_tableContainer\">\n<div class=\"group TyagGW_tableWrapper flex w-fit flex-col-reverse\" tabindex=\"-1\">\n<table class=\"w-fit min-w-(--thread-content-width)\" data-start=\"2514\" data-end=\"2642\">\n<thead data-start=\"2514\" data-end=\"2537\">\n<tr data-start=\"2514\" data-end=\"2537\">\n<th data-start=\"2514\" data-end=\"2528\" data-col-size=\"sm\">Medida<\/th>\n<th data-start=\"2528\" data-end=\"2537\" data-col-size=\"sm\">Valor<\/th>\n<\/tr>\n<\/thead>\n<tbody data-start=\"2554\" data-end=\"2642\">\n<tr data-start=\"2554\" data-end=\"2583\">\n<td data-start=\"2554\" data-end=\"2563\" data-col-size=\"sm\">Longitud<\/td>\n<td data-start=\"2563\" data-end=\"2583\" data-col-size=\"sm\">Aprox. 5898 mm<\/td>\n<\/tr>\n<tr data-start=\"2584\" data-end=\"2612\">\n<td data-start=\"2584\" data-end=\"2592\" data-col-size=\"sm\">Anchura<\/td>\n<td data-start=\"2592\" data-end=\"2612\" data-col-size=\"sm\">Aprox. 2352 mm<\/td>\n<\/tr>\n<tr data-start=\"2613\" data-end=\"2642\">\n<td data-start=\"2613\" data-end=\"2622\" data-col-size=\"sm\">Altura<\/td>\n<td data-start=\"2622\" data-end=\"2642\" data-col-size=\"sm\">Aprox. 2393 mm<\/td>\n<\/tr>\n<\/tbody>\n<\/table>\n<\/div>\n<\/div>\n<hr data-start=\"2644\" data-end=\"2647\">\n<h3 data-start=\"2649\" data-end=\"2677\">Dimensiones de la puerta y acceso<\/h3>\n<div class=\"TyagGW_tableContainer\">\n<div class=\"group TyagGW_tableWrapper flex w-fit flex-col-reverse\" tabindex=\"-1\">\n<table class=\"w-fit min-w-(--thread-content-width)\" data-start=\"2679\" data-end=\"2909\">\n<thead data-start=\"2679\" data-end=\"2704\">\n<tr data-start=\"2679\" data-end=\"2704\">\n<th data-start=\"2679\" data-end=\"2689\" data-col-size=\"sm\">Caracter\u00edstica<\/th>\n<th data-start=\"2689\" data-end=\"2704\" data-col-size=\"sm\">Medida<\/th>\n<\/tr>\n<\/thead>\n<tbody data-start=\"2726\" data-end=\"2909\">\n<tr data-start=\"2726\" data-end=\"2777\">\n<td data-start=\"2726\" data-end=\"2757\" data-col-size=\"sm\">Ancho de apertura de la persiana enrollable<\/td>\n<td data-start=\"2757\" data-end=\"2777\" data-col-size=\"sm\">Aprox. 2300 mm<\/td>\n<\/tr>\n<tr data-start=\"2778\" data-end=\"2830\">\n<td data-start=\"2778\" data-end=\"2810\" data-col-size=\"sm\">Altura de apertura de la persiana enrollable<\/td>\n<td data-start=\"2810\" data-end=\"2830\" data-col-size=\"sm\">Aprox. 2200 mm<\/td>\n<\/tr>\n<tr data-start=\"2831\" data-end=\"2861\">\n<td data-start=\"2831\" data-end=\"2845\" data-col-size=\"sm\">Tipo de acceso<\/td>\n<td data-start=\"2845\" data-end=\"2861\" data-col-size=\"sm\">Acceso frontal<\/td>\n<\/tr>\n<tr data-start=\"2862\" data-end=\"2909\">\n<td data-start=\"2862\" data-end=\"2882\" data-col-size=\"sm\">Requisitos de espacio<\/td>\n<td data-start=\"2882\" data-end=\"2909\" data-col-size=\"sm\">Espacio libre frontal m\u00ednimo<\/td>\n<\/tr>\n<\/tbody>\n<\/table>\n<\/div>\n<\/div>\n<hr data-start=\"2911\" data-end=\"2914\">\n<h3 data-start=\"2916\" data-end=\"2937\">Peso y capacidad<\/h3>\n<div class=\"TyagGW_tableContainer\">\n<div class=\"group TyagGW_tableWrapper flex w-fit flex-col-reverse\" tabindex=\"-1\">\n<table class=\"w-fit min-w-(--thread-content-width)\" data-start=\"2939\" data-end=\"3150\">\n<thead data-start=\"2939\" data-end=\"2966\">\n<tr data-start=\"2939\" data-end=\"2966\">\n<th data-start=\"2939\" data-end=\"2949\" data-col-size=\"sm\">Caracter\u00edstica<\/th>\n<th data-start=\"2949\" data-end=\"2966\" data-col-size=\"sm\">Especificaci\u00f3n<\/th>\n<\/tr>\n<\/thead>\n<tbody data-start=\"2990\" data-end=\"3150\">\n<tr data-start=\"2990\" data-end=\"3035\">\n<td data-start=\"2990\" data-end=\"3004\" data-col-size=\"sm\">Peso en vac\u00edo<\/td>\n<td data-start=\"3004\" data-end=\"3035\" data-col-size=\"sm\">Aprox. 2800 kg (modificado)<\/td>\n<\/tr>\n<tr data-start=\"3036\" data-end=\"3075\">\n<td data-start=\"3036\" data-end=\"3054\" data-col-size=\"sm\">Carga \u00fatil m\u00e1xima<\/td>\n<td data-start=\"3054\" data-end=\"3075\" data-col-size=\"sm\">Aprox. 29&nbsp;700 kg<\/td>\n<\/tr>\n<tr data-start=\"3076\" data-end=\"3112\">\n<td data-start=\"3076\" data-end=\"3099\" data-col-size=\"sm\">Peso bruto m\u00e1ximo<\/td>\n<td data-start=\"3099\" data-end=\"3112\" data-col-size=\"sm\">32&nbsp;500 kg<\/td>\n<\/tr>\n<tr data-start=\"3113\" data-end=\"3150\">\n<td data-start=\"3113\" data-end=\"3131\" data-col-size=\"sm\">Volumen interno<\/td>\n<td data-start=\"3131\" data-end=\"3150\" data-col-size=\"sm\">Aprox. 33,2 m\u00b3<\/td>\n<\/tr>\n<\/tbody>\n<\/table>\n<\/div>\n<\/div>\n","protected":false},"excerpt":{"rendered":"<p>El contenedor garaje de 20 pies con puerta de persiana enrollable es un contenedor dise\u00f1ado para el almacenamiento seguro de veh\u00edculos y equipos. Con una puerta de persiana enrollable que ahorra espacio, ofrece f\u00e1cil acceso, protecci\u00f3n contra la intemperie y una construcci\u00f3n de acero duradera para el uso diario. <\/p>\n","protected":false},"featured_media":1704,"comment_status":"open","ping_status":"closed","template":"","meta":{"_kad_blocks_custom_css":"","_kad_blocks_head_custom_js":"","_kad_blocks_body_custom_js":"","_kad_blocks_footer_custom_js":"","_kad_post_transparent":"","_kad_post_title":"","_kad_post_layout":"","_kad_post_sidebar_id":"","_kad_post_content_style":"","_kad_post_vertical_padding":"","_kad_post_feature":"","_kad_post_feature_position":"","_kad_post_header":false,"_kad_post_footer":false,"_kad_post_classname":""},"product_brand":[],"product_cat":[233,142],"product_tag":[],"product_brands":[315],"class_list":{"0":"post-1696","1":"product","2":"type-product","3":"status-publish","4":"has-post-thumbnail","6":"product_cat-contenedor-de-20-pies","7":"product_cat-garaje-de-contenedores","8":"pa_container-condition-nuevo-un-viaje","9":"pa_container-type-contenedor-garaje","10":"pa_contanier-size-20-pies","11":"product_brands-barcelona-espana","13":"first","14":"instock","15":"sale","16":"taxable","17":"shipping-taxable","18":"purchasable","19":"product-type-simple","20":"entry","21":"content-bg","22":"loop-entry"},"taxonomy_info":{"product_cat":[{"value":233,"label":"Contenedor de 20 pies"},{"value":142,"label":"Garaje de contenedores"}],"pa_container-condition":[{"value":105,"label":"Nuevo (un viaje)"}],"pa_container-type":[{"value":141,"label":"Contenedor garaje"}],"pa_contanier-size":[{"value":113,"label":"20 pies"}],"product_brands":[{"value":315,"label":"Barcelona, Espa\u00f1a"}]},"featured_image_src_large":["https:\/\/olborglogistics.com\/wp-content\/uploads\/2025\/12\/20ft-contanier-garage-with-roller-shutter-doors.jpg",1021,766,false],"author_info":[],"comment_info":0,"_links":{"self":[{"href":"https:\/\/olborglogistics.com\/es\/wp-json\/wp\/v2\/product\/1696","targetHints":{"allow":["GET"]}}],"collection":[{"href":"https:\/\/olborglogistics.com\/es\/wp-json\/wp\/v2\/product"}],"about":[{"href":"https:\/\/olborglogistics.com\/es\/wp-json\/wp\/v2\/types\/product"}],"replies":[{"embeddable":true,"href":"https:\/\/olborglogistics.com\/es\/wp-json\/wp\/v2\/comments?post=1696"}],"wp:featuredmedia":[{"embeddable":true,"href":"https:\/\/olborglogistics.com\/es\/wp-json\/wp\/v2\/media\/1704"}],"wp:attachment":[{"href":"https:\/\/olborglogistics.com\/es\/wp-json\/wp\/v2\/media?parent=1696"}],"wp:term":[{"taxonomy":"product_brand","embeddable":true,"href":"https:\/\/olborglogistics.com\/es\/wp-json\/wp\/v2\/product_brand?post=1696"},{"taxonomy":"product_cat","embeddable":true,"href":"https:\/\/olborglogistics.com\/es\/wp-json\/wp\/v2\/product_cat?post=1696"},{"taxonomy":"product_tag","embeddable":true,"href":"https:\/\/olborglogistics.com\/es\/wp-json\/wp\/v2\/product_tag?post=1696"},{"taxonomy":"product_brands","embeddable":true,"href":"https:\/\/olborglogistics.com\/es\/wp-json\/wp\/v2\/product_brands?post=1696"}],"curies":[{"name":"wp","href":"https:\/\/api.w.org\/{rel}","templated":true}]}}