{"id":1664,"date":"2025-12-22T09:41:31","date_gmt":"2025-12-22T09:41:31","guid":{"rendered":"https:\/\/olborglogistics.com\/product\/contenedor-high-cube-de-40-pies-con-laterales-abiertos-gris-antracita\/"},"modified":"2026-01-26T08:19:44","modified_gmt":"2026-01-26T08:19:44","slug":"contenedor-high-cube-de-40-pies-con-laterales-abiertos-gris-antracita","status":"publish","type":"product","link":"https:\/\/olborglogistics.com\/es\/producto\/contenedor-high-cube-de-40-pies-con-laterales-abiertos-gris-antracita\/","title":{"rendered":"Contenedor High Cube de 40 pies con laterales abiertos Gris Antracita"},"content":{"rendered":"<div class=\"text-base my-auto mx-auto pb-10 [--thread-content-margin:--spacing(4)] @w-sm\/main:[--thread-content-margin:--spacing(6)] @w-lg\/main:[--thread-content-margin:--spacing(16)] px-(--thread-content-margin)\">\n<div class=\"[--thread-content-max-width:40rem] @w-lg\/main:[--thread-content-max-width:48rem] mx-auto max-w-(--thread-content-max-width) flex-1 group\/turn-messages focus-visible:outline-hidden relative flex w-full min-w-0 flex-col agent-turn\" tabindex=\"-1\">\n<div class=\"flex max-w-full flex-col grow\">\n<div class=\"min-h-8 text-message relative flex w-full flex-col items-end gap-2 text-start break-words whitespace-normal [.text-message+&amp;]:mt-1\" dir=\"auto\" data-message-author-role=\"assistant\" data-message-id=\"7952f9df-5ffb-4c0b-b9a6-67de2bc2006e\" data-message-model-slug=\"gpt-5-2\">\n<div class=\"flex w-full flex-col gap-1 empty:hidden first:pt-[1px]\">\n<div class=\"markdown prose dark:prose-invert w-full break-words dark markdown-new-styling\">\n<p data-start=\"0\" data-end=\"235\">El <strong data-start=\"583\" data-end=\"659\">contenedor mar\u00edtimo High Cube Open Side de 40 pies &#8211; Gris antracita (One-Trip)<\/strong> es un contenedor de gran capacidad dise\u00f1ado para aplicaciones profesionales e industriales en las que <strong data-start=\"749\" data-end=\"782\">el espacio, el acceso y la durabilidad<\/strong> son esenciales. Con su longitud ampliada, su mayor altura y sus puertas de apertura lateral completa, este contenedor permite cargar sin esfuerzo mercanc\u00edas de gran tama\u00f1o, largas o paletizadas.<\/p>\n<p data-start=\"954\" data-end=\"1315\">Al tratarse de un <strong data-start=\"959\" data-end=\"981\">contenedor de un solo viaje<\/strong>, s\u00f3lo se ha utilizado una vez para el transporte internacional de mercanc\u00edas y se mantiene en un estado excelente, casi nuevo. Fabricado en robusto <strong data-start=\"1115\" data-end=\"1131\">acero corten<\/strong>, ofrece una extraordinaria resistencia a la corrosi\u00f3n y a las duras condiciones meteorol\u00f3gicas. Cuando est\u00e1 cerrado, el contenedor es totalmente estanco al viento y al agua, lo que garantiza una protecci\u00f3n fiable de las mercanc\u00edas almacenadas.<\/p>\n<p data-start=\"1317\" data-end=\"1637\">El <strong data-start=\"1321\" data-end=\"1341\">dise\u00f1o High Cube<\/strong> proporciona una altura interna adicional, por lo que es adecuado para equipos altos, sistemas de estanter\u00edas y conversiones complejas de contenedores. La <strong data-start=\"1475\" data-end=\"1502\">configuraci\u00f3n de laterales abiertos<\/strong> permite el acceso de carretillas elevadoras a lo largo de toda la longitud del contenedor, lo que mejora significativamente la eficacia de la carga en comparaci\u00f3n con los contenedores est\u00e1ndar.<\/p>\n<p data-start=\"1639\" data-end=\"1892\">Acabado en <strong data-start=\"1651\" data-end=\"1681\">Gris Antracita (RAL 7016)<\/strong>, este contenedor ofrece un aspecto moderno y profesional, lo que lo hace especialmente adecuado para instalaciones visibles como emplazamientos comerciales, centros log\u00edsticos, talleres y proyectos de contenedores t\u00e9cnicos o minoristas.<\/p>\n<hr data-start=\"1894\" data-end=\"1897\">\n<h2 data-start=\"1899\" data-end=\"1926\">Especificaciones t\u00e9cnicas<\/h2>\n<h3 data-start=\"1928\" data-end=\"1951\">Informaci\u00f3n general<\/h3>\n<div class=\"TyagGW_tableContainer\">\n<div class=\"group TyagGW_tableWrapper flex w-fit flex-col-reverse\" tabindex=\"-1\">\n<table class=\"w-fit min-w-(--thread-content-width)\" data-start=\"1953\" data-end=\"2365\">\n<thead data-start=\"1953\" data-end=\"1980\">\n<tr data-start=\"1953\" data-end=\"1980\">\n<th data-start=\"1953\" data-end=\"1963\" data-col-size=\"sm\">Caracter\u00edstica<\/th>\n<th data-start=\"1963\" data-end=\"1980\" data-col-size=\"md\">Especificaci\u00f3n<\/th>\n<\/tr>\n<\/thead>\n<tbody data-start=\"2004\" data-end=\"2365\">\n<tr data-start=\"2004\" data-end=\"2049\">\n<td data-start=\"2004\" data-end=\"2021\" data-col-size=\"sm\">Tipo de contenedor<\/td>\n<td data-start=\"2021\" data-end=\"2049\" data-col-size=\"md\">High Cube de 40 pies con lateral abierto<\/td>\n<\/tr>\n<tr data-start=\"2050\" data-end=\"2080\">\n<td data-start=\"2050\" data-end=\"2062\" data-col-size=\"sm\">Condici\u00f3n<\/td>\n<td data-start=\"2062\" data-end=\"2080\" data-col-size=\"md\">Nuevo \/ Un solo viaje<\/td>\n<\/tr>\n<tr data-start=\"2081\" data-end=\"2120\">\n<td data-start=\"2081\" data-end=\"2090\" data-col-size=\"sm\">Color<\/td>\n<td data-start=\"2090\" data-end=\"2120\" data-col-size=\"md\">Gris Antracita (RAL 7016)<\/td>\n<\/tr>\n<tr data-start=\"2121\" data-end=\"2168\">\n<td data-start=\"2121\" data-end=\"2132\" data-col-size=\"sm\">Material<\/td>\n<td data-start=\"2132\" data-end=\"2168\" data-col-size=\"md\">Acero corten (resistente a la intemperie)<\/td>\n<\/tr>\n<tr data-start=\"2169\" data-end=\"2195\">\n<td data-start=\"2169\" data-end=\"2177\" data-col-size=\"sm\">Suelo<\/td>\n<td data-start=\"2177\" data-end=\"2195\" data-col-size=\"md\">Madera contrachapada marina<\/td>\n<\/tr>\n<tr data-start=\"2196\" data-end=\"2249\">\n<td data-start=\"2196\" data-end=\"2204\" data-col-size=\"sm\">Puertas<\/td>\n<td data-start=\"2204\" data-end=\"2249\" data-col-size=\"md\">Puertas laterales de longitud completa + puertas de carga traseras<\/td>\n<\/tr>\n<tr data-start=\"2250\" data-end=\"2294\">\n<td data-start=\"2250\" data-end=\"2267\" data-col-size=\"sm\">Sistema de cierre<\/td>\n<td data-start=\"2267\" data-end=\"2294\" data-col-size=\"md\">Barras de cierre de alta resistencia<\/td>\n<\/tr>\n<tr data-start=\"2295\" data-end=\"2321\">\n<td data-start=\"2295\" data-end=\"2314\" data-col-size=\"sm\">Bolsillos para carretilla elevadora<\/td>\n<td data-start=\"2314\" data-end=\"2321\" data-col-size=\"md\">S\u00ed<\/td>\n<\/tr>\n<tr data-start=\"2322\" data-end=\"2345\">\n<td data-start=\"2322\" data-end=\"2338\" data-col-size=\"sm\">Certificado CSC<\/td>\n<td data-start=\"2338\" data-end=\"2345\" data-col-size=\"md\">S\u00ed<\/td>\n<\/tr>\n<tr data-start=\"2346\" data-end=\"2365\">\n<td data-start=\"2346\" data-end=\"2358\" data-col-size=\"sm\">Apilable<\/td>\n<td data-start=\"2358\" data-end=\"2365\" data-col-size=\"md\">S\u00ed<\/td>\n<\/tr>\n<\/tbody>\n<\/table>\n<\/div>\n<\/div>\n<hr data-start=\"2367\" data-end=\"2370\">\n<h3 data-start=\"2372\" data-end=\"2395\">Dimensiones externas<\/h3>\n<div class=\"TyagGW_tableContainer\">\n<div class=\"group TyagGW_tableWrapper flex w-fit flex-col-reverse\" tabindex=\"-1\">\n<table class=\"w-fit min-w-(--thread-content-width)\" data-start=\"2397\" data-end=\"2502\">\n<thead data-start=\"2397\" data-end=\"2420\">\n<tr data-start=\"2397\" data-end=\"2420\">\n<th data-start=\"2397\" data-end=\"2411\" data-col-size=\"sm\">Medida<\/th>\n<th data-start=\"2411\" data-end=\"2420\" data-col-size=\"sm\">Valor<\/th>\n<\/tr>\n<\/thead>\n<tbody data-start=\"2437\" data-end=\"2502\">\n<tr data-start=\"2437\" data-end=\"2459\">\n<td data-start=\"2437\" data-end=\"2446\" data-col-size=\"sm\">Longitud<\/td>\n<td data-start=\"2446\" data-end=\"2459\" data-col-size=\"sm\">12 192 mm<\/td>\n<\/tr>\n<tr data-start=\"2460\" data-end=\"2480\">\n<td data-start=\"2460\" data-end=\"2468\" data-col-size=\"sm\">Anchura<\/td>\n<td data-start=\"2468\" data-end=\"2480\" data-col-size=\"sm\">2438 mm<\/td>\n<\/tr>\n<tr data-start=\"2481\" data-end=\"2502\">\n<td data-start=\"2481\" data-end=\"2490\" data-col-size=\"sm\">Altura<\/td>\n<td data-start=\"2490\" data-end=\"2502\" data-col-size=\"sm\">2896 mm<\/td>\n<\/tr>\n<\/tbody>\n<\/table>\n<\/div>\n<\/div>\n<hr data-start=\"2504\" data-end=\"2507\">\n<h3 data-start=\"2509\" data-end=\"2532\">Dimensiones internas<\/h3>\n<div class=\"TyagGW_tableContainer\">\n<div class=\"group TyagGW_tableWrapper flex w-fit flex-col-reverse\" tabindex=\"-1\">\n<table class=\"w-fit min-w-(--thread-content-width)\" data-start=\"2534\" data-end=\"2663\">\n<thead data-start=\"2534\" data-end=\"2557\">\n<tr data-start=\"2534\" data-end=\"2557\">\n<th data-start=\"2534\" data-end=\"2548\" data-col-size=\"sm\">Medida<\/th>\n<th data-start=\"2548\" data-end=\"2557\" data-col-size=\"sm\">Valor<\/th>\n<\/tr>\n<\/thead>\n<tbody data-start=\"2574\" data-end=\"2663\">\n<tr data-start=\"2574\" data-end=\"2604\">\n<td data-start=\"2574\" data-end=\"2583\" data-col-size=\"sm\">Longitud<\/td>\n<td data-start=\"2583\" data-end=\"2604\" data-col-size=\"sm\">Aprox. 12 032 mm<\/td>\n<\/tr>\n<tr data-start=\"2605\" data-end=\"2633\">\n<td data-start=\"2605\" data-end=\"2613\" data-col-size=\"sm\">Anchura<\/td>\n<td data-start=\"2613\" data-end=\"2633\" data-col-size=\"sm\">Aprox. 2352 mm<\/td>\n<\/tr>\n<tr data-start=\"2634\" data-end=\"2663\">\n<td data-start=\"2634\" data-end=\"2643\" data-col-size=\"sm\">Altura<\/td>\n<td data-start=\"2643\" data-end=\"2663\" data-col-size=\"sm\">Aprox. 2698 mm<\/td>\n<\/tr>\n<\/tbody>\n<\/table>\n<\/div>\n<\/div>\n<hr data-start=\"2665\" data-end=\"2668\">\n<h3 data-start=\"2670\" data-end=\"2698\">Dimensiones de la puerta y acceso<\/h3>\n<div class=\"TyagGW_tableContainer\">\n<div class=\"group TyagGW_tableWrapper flex w-fit flex-col-reverse\" tabindex=\"-1\">\n<table class=\"w-fit min-w-(--thread-content-width)\" data-start=\"2700\" data-end=\"2923\">\n<thead data-start=\"2700\" data-end=\"2725\">\n<tr data-start=\"2700\" data-end=\"2725\">\n<th data-start=\"2700\" data-end=\"2710\" data-col-size=\"sm\">Caracter\u00edstica<\/th>\n<th data-start=\"2710\" data-end=\"2725\" data-col-size=\"sm\">Medida<\/th>\n<\/tr>\n<\/thead>\n<tbody data-start=\"2747\" data-end=\"2923\">\n<tr data-start=\"2747\" data-end=\"2792\">\n<td data-start=\"2747\" data-end=\"2767\" data-col-size=\"sm\">Apertura de la puerta lateral<\/td>\n<td data-start=\"2767\" data-end=\"2792\" data-col-size=\"sm\">Longitud completa del contenedor<\/td>\n<\/tr>\n<tr data-start=\"2793\" data-end=\"2839\">\n<td data-start=\"2793\" data-end=\"2819\" data-col-size=\"sm\">Ancho de apertura de la puerta trasera<\/td>\n<td data-start=\"2819\" data-end=\"2839\" data-col-size=\"sm\">Aprox. 2343 mm<\/td>\n<\/tr>\n<tr data-start=\"2840\" data-end=\"2887\">\n<td data-start=\"2840\" data-end=\"2867\" data-col-size=\"sm\">Altura de apertura de la puerta trasera<\/td>\n<td data-start=\"2867\" data-end=\"2887\" data-col-size=\"sm\">Aprox. 2585 mm<\/td>\n<\/tr>\n<tr data-start=\"2888\" data-end=\"2923\">\n<td data-start=\"2888\" data-end=\"2909\" data-col-size=\"sm\">\u00c1ngulo de apertura de la puerta<\/td>\n<td data-start=\"2909\" data-end=\"2923\" data-col-size=\"sm\">Hasta 270\u00b0<\/td>\n<\/tr>\n<\/tbody>\n<\/table>\n<\/div>\n<\/div>\n<hr data-start=\"2925\" data-end=\"2928\">\n<h3 data-start=\"2930\" data-end=\"2967\">Dimensiones: puertas cerradas frente a puertas abiertas<\/h3>\n<div class=\"TyagGW_tableContainer\">\n<div class=\"group TyagGW_tableWrapper flex w-fit flex-col-reverse\" tabindex=\"-1\">\n<table class=\"w-fit min-w-(--thread-content-width)\" data-start=\"2969\" data-end=\"3217\">\n<thead data-start=\"2969\" data-end=\"2998\">\n<tr data-start=\"2969\" data-end=\"2998\">\n<th data-start=\"2969\" data-end=\"2985\" data-col-size=\"sm\">Configuraci\u00f3n<\/th>\n<th data-start=\"2985\" data-end=\"2998\" data-col-size=\"sm\">Dimensi\u00f3n<\/th>\n<\/tr>\n<\/thead>\n<tbody data-start=\"3020\" data-end=\"3217\">\n<tr data-start=\"3020\" data-end=\"3063\">\n<td data-start=\"3020\" data-end=\"3050\" data-col-size=\"sm\">Longitud total (puertas cerradas)<\/td>\n<td data-start=\"3050\" data-end=\"3063\" data-col-size=\"sm\">12 192 mm<\/td>\n<\/tr>\n<tr data-start=\"3064\" data-end=\"3128\">\n<td data-start=\"3064\" data-end=\"3103\" data-col-size=\"sm\">Espacio lateral necesario (puertas abiertas)<\/td>\n<td data-start=\"3103\" data-end=\"3128\" data-col-size=\"sm\">Longitud completa del contenedor<\/td>\n<\/tr>\n<tr data-start=\"3129\" data-end=\"3184\">\n<td data-start=\"3129\" data-end=\"3164\" data-col-size=\"sm\">Espacio trasero (puertas abiertas 270\u00b0)<\/td>\n<td data-start=\"3164\" data-end=\"3184\" data-col-size=\"sm\">Aprox. 1200 mm<\/td>\n<\/tr>\n<tr data-start=\"3185\" data-end=\"3217\">\n<td data-start=\"3185\" data-end=\"3202\" data-col-size=\"sm\">Opciones de acceso<\/td>\n<td data-start=\"3202\" data-end=\"3217\" data-col-size=\"sm\">Lateral y trasero<\/td>\n<\/tr>\n<\/tbody>\n<\/table>\n<\/div>\n<\/div>\n<hr data-start=\"3219\" data-end=\"3222\">\n<h3 data-start=\"3224\" data-end=\"3245\">Peso y capacidad<\/h3>\n<div class=\"TyagGW_tableContainer\">\n<div class=\"group TyagGW_tableWrapper flex w-fit flex-col-reverse\" tabindex=\"-1\">\n<table class=\"w-fit min-w-(--thread-content-width)\" data-start=\"3247\" data-end=\"3505\">\n<thead data-start=\"3247\" data-end=\"3274\">\n<tr data-start=\"3247\" data-end=\"3274\">\n<th data-start=\"3247\" data-end=\"3257\" data-col-size=\"sm\">Caracter\u00edstica<\/th>\n<th data-start=\"3257\" data-end=\"3274\" data-col-size=\"sm\">Especificaci\u00f3n<\/th>\n<\/tr>\n<\/thead>\n<tbody data-start=\"3298\" data-end=\"3505\">\n<tr data-start=\"3298\" data-end=\"3332\">\n<td data-start=\"3298\" data-end=\"3312\" data-col-size=\"sm\">Peso en vac\u00edo<\/td>\n<td data-start=\"3312\" data-end=\"3332\" data-col-size=\"sm\">Aprox. 4800 kg<\/td>\n<\/tr>\n<tr data-start=\"3333\" data-end=\"3372\">\n<td data-start=\"3333\" data-end=\"3351\" data-col-size=\"sm\">Carga \u00fatil m\u00e1xima<\/td>\n<td data-start=\"3351\" data-end=\"3372\" data-col-size=\"sm\">Aprox. 27 700 kg<\/td>\n<\/tr>\n<tr data-start=\"3373\" data-end=\"3409\">\n<td data-start=\"3373\" data-end=\"3396\" data-col-size=\"sm\">Peso bruto m\u00e1ximo<\/td>\n<td data-start=\"3396\" data-end=\"3409\" data-col-size=\"sm\">32&nbsp;500 kg<\/td>\n<\/tr>\n<tr data-start=\"3410\" data-end=\"3447\">\n<td data-start=\"3410\" data-end=\"3428\" data-col-size=\"sm\">Volumen interno<\/td>\n<td data-start=\"3428\" data-end=\"3447\" data-col-size=\"sm\">Aprox. 76,4 m\u00b3<\/td>\n<\/tr>\n<tr data-start=\"3448\" data-end=\"3505\">\n<td data-start=\"3448\" data-end=\"3471\" data-col-size=\"sm\">Capacidad de europalets<\/td>\n<td data-start=\"3471\" data-end=\"3505\" data-col-size=\"sm\">Hasta 25 palets (cargados lateralmente)<\/td>\n<\/tr>\n<\/tbody>\n<\/table>\n<\/div>\n<\/div>\n<\/div>\n<\/div>\n<\/div>\n<\/div>\n<\/div>\n<\/div>\n","protected":false},"excerpt":{"rendered":"<p>Nuestro contenedor mar\u00edtimo High Cube de 40 pies con lateral abierto en gris antracita ofrece el m\u00e1ximo volumen interno con acceso lateral de longitud completa. En condici\u00f3n de nuevo de un solo viaje, es ideal para almacenamiento a gran escala, log\u00edstica, talleres y proyectos de conversi\u00f3n de contenedores que requieran tanto espacio como accesibilidad. <\/p>\n","protected":false},"featured_media":1672,"comment_status":"open","ping_status":"closed","template":"","meta":{"_kad_blocks_custom_css":"","_kad_blocks_head_custom_js":"","_kad_blocks_body_custom_js":"","_kad_blocks_footer_custom_js":"","_kad_post_transparent":"","_kad_post_title":"","_kad_post_layout":"","_kad_post_sidebar_id":"","_kad_post_content_style":"","_kad_post_vertical_padding":"","_kad_post_feature":"","_kad_post_feature_position":"","_kad_post_header":false,"_kad_post_footer":false,"_kad_post_classname":""},"product_brand":[],"product_cat":[242,125],"product_tag":[],"product_brands":[311],"class_list":{"0":"post-1664","1":"product","2":"type-product","3":"status-publish","4":"has-post-thumbnail","6":"product_cat-contenedor-de-40-pies","7":"product_cat-contenedores-con-lateral-abierto","8":"pa_container-condition-nuevo-un-viaje","9":"pa_container-type-contenedor-con-lateral-abierto","10":"pa_contanier-size-high-cube-de-40-pies","11":"product_brands-swiety-marcin-poland","13":"first","14":"instock","15":"sale","16":"taxable","17":"shipping-taxable","18":"purchasable","19":"product-type-simple","20":"entry","21":"content-bg","22":"loop-entry"},"taxonomy_info":{"product_cat":[{"value":242,"label":"Contenedor de 40 pies"},{"value":125,"label":"Contenedores con lateral abierto"}],"pa_container-condition":[{"value":105,"label":"Nuevo (un viaje)"}],"pa_container-type":[{"value":124,"label":"Contenedor con lateral abierto"}],"pa_contanier-size":[{"value":118,"label":"High Cube de 40 pies"}],"product_brands":[{"value":311,"label":"\u015awi\u0119ty Marcin, Poland"}]},"featured_image_src_large":["https:\/\/olborglogistics.com\/wp-content\/uploads\/2025\/12\/40FT-high-cube-container-mit-offener-seite-RAL-7016.jpg",1021,766,false],"author_info":[],"comment_info":0,"_links":{"self":[{"href":"https:\/\/olborglogistics.com\/es\/wp-json\/wp\/v2\/product\/1664","targetHints":{"allow":["GET"]}}],"collection":[{"href":"https:\/\/olborglogistics.com\/es\/wp-json\/wp\/v2\/product"}],"about":[{"href":"https:\/\/olborglogistics.com\/es\/wp-json\/wp\/v2\/types\/product"}],"replies":[{"embeddable":true,"href":"https:\/\/olborglogistics.com\/es\/wp-json\/wp\/v2\/comments?post=1664"}],"wp:featuredmedia":[{"embeddable":true,"href":"https:\/\/olborglogistics.com\/es\/wp-json\/wp\/v2\/media\/1672"}],"wp:attachment":[{"href":"https:\/\/olborglogistics.com\/es\/wp-json\/wp\/v2\/media?parent=1664"}],"wp:term":[{"taxonomy":"product_brand","embeddable":true,"href":"https:\/\/olborglogistics.com\/es\/wp-json\/wp\/v2\/product_brand?post=1664"},{"taxonomy":"product_cat","embeddable":true,"href":"https:\/\/olborglogistics.com\/es\/wp-json\/wp\/v2\/product_cat?post=1664"},{"taxonomy":"product_tag","embeddable":true,"href":"https:\/\/olborglogistics.com\/es\/wp-json\/wp\/v2\/product_tag?post=1664"},{"taxonomy":"product_brands","embeddable":true,"href":"https:\/\/olborglogistics.com\/es\/wp-json\/wp\/v2\/product_brands?post=1664"}],"curies":[{"name":"wp","href":"https:\/\/api.w.org\/{rel}","templated":true}]}}