{"id":1618,"date":"2025-12-22T22:28:32","date_gmt":"2025-12-22T22:28:32","guid":{"rendered":"https:\/\/olborglogistics.com\/product\/contenedores-maritimos-estandar-usados-de-20-pies\/"},"modified":"2026-01-25T02:44:33","modified_gmt":"2026-01-25T02:44:33","slug":"contenedores-maritimos-estandar-usados-de-20-pies","status":"publish","type":"product","link":"https:\/\/olborglogistics.com\/es\/producto\/contenedores-maritimos-estandar-usados-de-20-pies\/","title":{"rendered":"Contenedores mar\u00edtimos est\u00e1ndar usados de 20 pies"},"content":{"rendered":"<div class=\"text-base my-auto mx-auto pb-10 [--thread-content-margin:--spacing(4)] @w-sm\/main:[--thread-content-margin:--spacing(6)] @w-lg\/main:[--thread-content-margin:--spacing(16)] px-(--thread-content-margin)\">\n<div class=\"[--thread-content-max-width:40rem] @w-lg\/main:[--thread-content-max-width:48rem] mx-auto max-w-(--thread-content-max-width) flex-1 group\/turn-messages focus-visible:outline-hidden relative flex w-full min-w-0 flex-col agent-turn\" tabindex=\"-1\">\n<div class=\"flex max-w-full flex-col grow\">\n<div class=\"min-h-8 text-message relative flex w-full flex-col items-end gap-2 text-start break-words whitespace-normal [.text-message+&amp;]:mt-1\" dir=\"auto\" data-message-author-role=\"assistant\" data-message-id=\"b67d1634-e156-4b49-9128-4f6e7400b495\" data-message-model-slug=\"gpt-5-2\">\n<div class=\"flex w-full flex-col gap-1 empty:hidden first:pt-[1px]\">\n<div class=\"markdown prose dark:prose-invert w-full break-words dark markdown-new-styling\">\n<p data-start=\"562\" data-end=\"915\">Los <strong data-start=\"562\" data-end=\"604\">contenedores mar\u00edtimos est\u00e1ndar usados de 20 pies<\/strong> son una soluci\u00f3n popular y econ\u00f3mica para los clientes que necesitan almacenamiento o transporte fiable sin el coste adicional de los contenedores nuevos. Estos contenedores han estado en servicio durante varios ciclos de env\u00edo y, por lo tanto, muestran <strong data-start=\"828\" data-end=\"887\">signos de uso, como \u00f3xido superficial, abolladuras o desgaste de la pintura<\/strong>, que son puramente est\u00e9ticos.<\/p>\n<p data-start=\"917\" data-end=\"1237\">A pesar de su estado de uso, todos los contenedores siguen siendo <strong data-start=\"969\" data-end=\"1001\">estancos y aptos para la carga<\/strong>, lo que garantiza que las mercanc\u00c3as est\u00c3\u00a9n protegidas de la lluvia, el viento y los elementos externos. Cada unidad conserva su integridad estructural, puertas funcionales y mecanismos de cierre seguros, lo que la hace adecuada tanto para el almacenamiento est\u00e1tico como para el uso continuado de carga.<\/p>\n<p data-start=\"1239\" data-end=\"1548\">Construidos con <strong data-start=\"1264\" data-end=\"1280\">acero corten<\/strong> duradero, los contenedores usados est\u00e1n dise\u00f1ados para soportar entornos dif\u00edciles y una manipulaci\u00f3n pesada. Se utilizan habitualmente en obras de construcci\u00f3n, almacenamiento industrial, talleres, granjas, almacenes y transporte internacional o nacional, donde la apariencia es menos cr\u00edtica que la funci\u00f3n.<\/p>\n<p data-start=\"1550\" data-end=\"1716\">Los contenedores usados de 20 pies ofrecen una excelente relaci\u00f3n calidad-precio y se eligen ampliamente para proyectos donde la durabilidad, la practicidad y la eficiencia presupuestaria son las principales prioridades.<\/p>\n<hr data-start=\"1718\" data-end=\"1721\" \/>\n<h2 data-start=\"1723\" data-end=\"1750\">Especificaciones t\u00e9cnicas<\/h2>\n<h3 data-start=\"1752\" data-end=\"1775\">Informaci\u00f3n general<\/h3>\n<div class=\"TyagGW_tableContainer\">\n<div class=\"group TyagGW_tableWrapper flex w-fit flex-col-reverse\" tabindex=\"-1\">\n<table class=\"w-fit min-w-(--thread-content-width)\" data-start=\"1777\" data-end=\"2182\">\n<thead data-start=\"1777\" data-end=\"1804\">\n<tr data-start=\"1777\" data-end=\"1804\">\n<th data-start=\"1777\" data-end=\"1787\" data-col-size=\"sm\">Caracter\u00edstica<\/th>\n<th data-start=\"1787\" data-end=\"1804\" data-col-size=\"sm\">Especificaci\u00f3n<\/th>\n<\/tr>\n<\/thead>\n<tbody data-start=\"1828\" data-end=\"2182\">\n<tr data-start=\"1828\" data-end=\"1881\">\n<td data-start=\"1828\" data-end=\"1845\" data-col-size=\"sm\">Tipo de contenedor<\/td>\n<td data-start=\"1845\" data-end=\"1881\" data-col-size=\"sm\">Contenedor mar\u00edtimo est\u00e1ndar de 20 pies<\/td>\n<\/tr>\n<tr data-start=\"1882\" data-end=\"1918\">\n<td data-start=\"1882\" data-end=\"1894\" data-col-size=\"sm\">Condici\u00f3n<\/td>\n<td data-start=\"1894\" data-end=\"1918\" data-col-size=\"sm\">Usado (varios viajes)<\/td>\n<\/tr>\n<tr data-start=\"1919\" data-end=\"1941\">\n<td data-start=\"1919\" data-end=\"1934\" data-col-size=\"sm\">Apto para carga<\/td>\n<td data-start=\"1934\" data-end=\"1941\" data-col-size=\"sm\">S\u00ed<\/td>\n<\/tr>\n<tr data-start=\"1942\" data-end=\"1963\">\n<td data-start=\"1942\" data-end=\"1956\" data-col-size=\"sm\">Estanco<\/td>\n<td data-start=\"1956\" data-end=\"1963\" data-col-size=\"sm\">S\u00ed<\/td>\n<\/tr>\n<tr data-start=\"1964\" data-end=\"1991\">\n<td data-start=\"1964\" data-end=\"1975\" data-col-size=\"sm\">Material<\/td>\n<td data-start=\"1975\" data-end=\"1991\" data-col-size=\"sm\">Acero corten<\/td>\n<\/tr>\n<tr data-start=\"1992\" data-end=\"2018\">\n<td data-start=\"1992\" data-end=\"2000\" data-col-size=\"sm\">Suelo<\/td>\n<td data-start=\"2000\" data-end=\"2018\" data-col-size=\"sm\">Madera contrachapada marina<\/td>\n<\/tr>\n<tr data-start=\"2019\" data-end=\"2049\">\n<td data-start=\"2019\" data-end=\"2027\" data-col-size=\"sm\">Puertas<\/td>\n<td data-start=\"2027\" data-end=\"2049\" data-col-size=\"sm\">Puertas de carga dobles<\/td>\n<\/tr>\n<tr data-start=\"2050\" data-end=\"2083\">\n<td data-start=\"2050\" data-end=\"2067\" data-col-size=\"sm\">Sistema de cierre<\/td>\n<td data-start=\"2067\" data-end=\"2083\" data-col-size=\"sm\">Barras de bloqueo<\/td>\n<\/tr>\n<tr data-start=\"2084\" data-end=\"2110\">\n<td data-start=\"2084\" data-end=\"2103\" data-col-size=\"sm\">Bolsillos para carretilla elevadora<\/td>\n<td data-start=\"2103\" data-end=\"2110\" data-col-size=\"sm\">S\u00ed<\/td>\n<\/tr>\n<tr data-start=\"2111\" data-end=\"2162\">\n<td data-start=\"2111\" data-end=\"2127\" data-col-size=\"sm\">Certificado CSC<\/td>\n<td data-start=\"2127\" data-end=\"2162\" data-col-size=\"sm\">S\u00ed (si es necesario para el transporte)<\/td>\n<\/tr>\n<tr data-start=\"2163\" data-end=\"2182\">\n<td data-start=\"2163\" data-end=\"2175\" data-col-size=\"sm\">Apilable<\/td>\n<td data-start=\"2175\" data-end=\"2182\" data-col-size=\"sm\">S\u00ed<\/td>\n<\/tr>\n<\/tbody>\n<\/table>\n<\/div>\n<\/div>\n<hr data-start=\"2184\" data-end=\"2187\" \/>\n<h3 data-start=\"2189\" data-end=\"2212\">Dimensiones externas<\/h3>\n<div class=\"TyagGW_tableContainer\">\n<div class=\"group TyagGW_tableWrapper flex w-fit flex-col-reverse\" tabindex=\"-1\">\n<table class=\"w-fit min-w-(--thread-content-width)\" data-start=\"2214\" data-end=\"2318\">\n<thead data-start=\"2214\" data-end=\"2237\">\n<tr data-start=\"2214\" data-end=\"2237\">\n<th data-start=\"2214\" data-end=\"2228\" data-col-size=\"sm\">Medida<\/th>\n<th data-start=\"2228\" data-end=\"2237\" data-col-size=\"sm\">Valor<\/th>\n<\/tr>\n<\/thead>\n<tbody data-start=\"2254\" data-end=\"2318\">\n<tr data-start=\"2254\" data-end=\"2275\">\n<td data-start=\"2254\" data-end=\"2263\" data-col-size=\"sm\">Longitud<\/td>\n<td data-start=\"2263\" data-end=\"2275\" data-col-size=\"sm\">6058 mm<\/td>\n<\/tr>\n<tr data-start=\"2276\" data-end=\"2296\">\n<td data-start=\"2276\" data-end=\"2284\" data-col-size=\"sm\">Anchura<\/td>\n<td data-start=\"2284\" data-end=\"2296\" data-col-size=\"sm\">2438 mm<\/td>\n<\/tr>\n<tr data-start=\"2297\" data-end=\"2318\">\n<td data-start=\"2297\" data-end=\"2306\" data-col-size=\"sm\">Altura<\/td>\n<td data-start=\"2306\" data-end=\"2318\" data-col-size=\"sm\">2591 mm<\/td>\n<\/tr>\n<\/tbody>\n<\/table>\n<\/div>\n<\/div>\n<hr data-start=\"2320\" data-end=\"2323\" \/>\n<h3 data-start=\"2325\" data-end=\"2348\">Dimensiones internas<\/h3>\n<div class=\"TyagGW_tableContainer\">\n<div class=\"group TyagGW_tableWrapper flex w-fit flex-col-reverse\" tabindex=\"-1\">\n<table class=\"w-fit min-w-(--thread-content-width)\" data-start=\"2350\" data-end=\"2478\">\n<thead data-start=\"2350\" data-end=\"2373\">\n<tr data-start=\"2350\" data-end=\"2373\">\n<th data-start=\"2350\" data-end=\"2364\" data-col-size=\"sm\">Medida<\/th>\n<th data-start=\"2364\" data-end=\"2373\" data-col-size=\"sm\">Valor<\/th>\n<\/tr>\n<\/thead>\n<tbody data-start=\"2390\" data-end=\"2478\">\n<tr data-start=\"2390\" data-end=\"2419\">\n<td data-start=\"2390\" data-end=\"2399\" data-col-size=\"sm\">Longitud<\/td>\n<td data-start=\"2399\" data-end=\"2419\" data-col-size=\"sm\">Aprox. 5898 mm<\/td>\n<\/tr>\n<tr data-start=\"2420\" data-end=\"2448\">\n<td data-start=\"2420\" data-end=\"2428\" data-col-size=\"sm\">Anchura<\/td>\n<td data-start=\"2428\" data-end=\"2448\" data-col-size=\"sm\">Aprox. 2352 mm<\/td>\n<\/tr>\n<tr data-start=\"2449\" data-end=\"2478\">\n<td data-start=\"2449\" data-end=\"2458\" data-col-size=\"sm\">Altura<\/td>\n<td data-start=\"2458\" data-end=\"2478\" data-col-size=\"sm\">Aprox. 2393 mm<\/td>\n<\/tr>\n<\/tbody>\n<\/table>\n<\/div>\n<\/div>\n<hr data-start=\"2480\" data-end=\"2483\" \/>\n<h3 data-start=\"2485\" data-end=\"2513\">Dimensiones de la puerta y acceso<\/h3>\n<div class=\"TyagGW_tableContainer\">\n<div class=\"group TyagGW_tableWrapper flex w-fit flex-col-reverse\" tabindex=\"-1\">\n<table class=\"w-fit min-w-(--thread-content-width)\" data-start=\"2515\" data-end=\"2682\">\n<thead data-start=\"2515\" data-end=\"2540\">\n<tr data-start=\"2515\" data-end=\"2540\">\n<th data-start=\"2515\" data-end=\"2525\" data-col-size=\"sm\">Caracter\u00edstica<\/th>\n<th data-start=\"2525\" data-end=\"2540\" data-col-size=\"sm\">Medida<\/th>\n<\/tr>\n<\/thead>\n<tbody data-start=\"2562\" data-end=\"2682\">\n<tr data-start=\"2562\" data-end=\"2603\">\n<td data-start=\"2562\" data-end=\"2583\" data-col-size=\"sm\">Anchura de apertura de la puerta<\/td>\n<td data-start=\"2583\" data-end=\"2603\" data-col-size=\"sm\">Aprox. 2343 mm<\/td>\n<\/tr>\n<tr data-start=\"2604\" data-end=\"2646\">\n<td data-start=\"2604\" data-end=\"2626\" data-col-size=\"sm\">Altura de apertura de la puerta<\/td>\n<td data-start=\"2626\" data-end=\"2646\" data-col-size=\"sm\">Aprox. 2280 mm<\/td>\n<\/tr>\n<tr data-start=\"2647\" data-end=\"2682\">\n<td data-start=\"2647\" data-end=\"2668\" data-col-size=\"sm\">\u00c1ngulo de apertura de la puerta<\/td>\n<td data-start=\"2668\" data-end=\"2682\" data-col-size=\"sm\">Hasta 270\u00b0<\/td>\n<\/tr>\n<\/tbody>\n<\/table>\n<\/div>\n<\/div>\n<hr data-start=\"2684\" data-end=\"2687\" \/>\n<h3 data-start=\"2689\" data-end=\"2710\">Peso y capacidad<\/h3>\n<div class=\"TyagGW_tableContainer\">\n<div class=\"group TyagGW_tableWrapper flex w-fit flex-col-reverse\" tabindex=\"-1\">\n<table class=\"w-fit min-w-(--thread-content-width)\" data-start=\"2712\" data-end=\"2956\">\n<thead data-start=\"2712\" data-end=\"2739\">\n<tr data-start=\"2712\" data-end=\"2739\">\n<th data-start=\"2712\" data-end=\"2722\" data-col-size=\"sm\">Caracter\u00edstica<\/th>\n<th data-start=\"2722\" data-end=\"2739\" data-col-size=\"sm\">Especificaci\u00f3n<\/th>\n<\/tr>\n<\/thead>\n<tbody data-start=\"2763\" data-end=\"2956\">\n<tr data-start=\"2763\" data-end=\"2797\">\n<td data-start=\"2763\" data-end=\"2777\" data-col-size=\"sm\">Peso tara<\/td>\n<td data-start=\"2777\" data-end=\"2797\" data-col-size=\"sm\">Aprox. 2300 kg<\/td>\n<\/tr>\n<tr data-start=\"2798\" data-end=\"2837\">\n<td data-start=\"2798\" data-end=\"2816\" data-col-size=\"sm\">Carga \u00fatil m\u00e1xima<\/td>\n<td data-start=\"2816\" data-end=\"2837\" data-col-size=\"sm\">Aprox. 30\u00a0200 kg<\/td>\n<\/tr>\n<tr data-start=\"2838\" data-end=\"2874\">\n<td data-start=\"2838\" data-end=\"2861\" data-col-size=\"sm\">Peso bruto m\u00e1ximo<\/td>\n<td data-start=\"2861\" data-end=\"2874\" data-col-size=\"sm\">32\u00a0500 kg<\/td>\n<\/tr>\n<tr data-start=\"2875\" data-end=\"2912\">\n<td data-start=\"2875\" data-end=\"2893\" data-col-size=\"sm\">Volumen interno<\/td>\n<td data-start=\"2893\" data-end=\"2912\" data-col-size=\"sm\">Aprox. 33,2 m\u00b3<\/td>\n<\/tr>\n<tr data-start=\"2913\" data-end=\"2956\">\n<td data-start=\"2913\" data-end=\"2936\" data-col-size=\"sm\">Capacidad de europalets<\/td>\n<td data-start=\"2936\" data-end=\"2956\" data-col-size=\"sm\">Hasta 11 palets<\/td>\n<\/tr>\n<\/tbody>\n<\/table>\n<\/div>\n<\/div>\n<hr data-start=\"2958\" data-end=\"2961\" \/>\n<h3 data-start=\"2963\" data-end=\"2979\">Usos t\u00edpicos<\/h3>\n<div class=\"TyagGW_tableContainer\">\n<div class=\"group TyagGW_tableWrapper flex w-fit flex-col-reverse\" tabindex=\"-1\">\n<table class=\"w-fit min-w-(--thread-content-width)\" data-start=\"2981\" data-end=\"3158\">\n<thead data-start=\"2981\" data-end=\"2996\">\n<tr data-start=\"2981\" data-end=\"2996\">\n<th data-start=\"2981\" data-end=\"2996\" data-col-size=\"sm\">Aplicaci\u00f3n<\/th>\n<\/tr>\n<\/thead>\n<tbody data-start=\"3011\" data-end=\"3158\">\n<tr data-start=\"3011\" data-end=\"3029\">\n<td data-start=\"3011\" data-end=\"3029\" data-col-size=\"sm\">Almacenamiento seguro<\/td>\n<\/tr>\n<tr data-start=\"3030\" data-end=\"3052\">\n<td data-start=\"3030\" data-end=\"3052\" data-col-size=\"sm\">Obras de construcci\u00f3n<\/td>\n<\/tr>\n<tr data-start=\"3053\" data-end=\"3088\">\n<td data-start=\"3053\" data-end=\"3088\" data-col-size=\"sm\">Almacenamiento industrial y comercial<\/td>\n<\/tr>\n<tr data-start=\"3089\" data-end=\"3114\">\n<td data-start=\"3089\" data-end=\"3114\" data-col-size=\"sm\">Transporte y log\u00edstica<\/td>\n<\/tr>\n<tr data-start=\"3115\" data-end=\"3158\">\n<td data-start=\"3115\" data-end=\"3158\" data-col-size=\"sm\">Conversiones de contenedores (proyectos econ\u00f3micos)<\/td>\n<\/tr>\n<\/tbody>\n<\/table>\n<\/div>\n<\/div>\n<\/div>\n<\/div>\n<\/div>\n<\/div>\n<\/div>\n<\/div>\n","protected":false},"excerpt":{"rendered":"<p>Los contenedores mar\u00edtimos est\u00e1ndar usados de 20 pies son una alternativa rentable a los contenedores de un solo viaje. Habiendo sido utilizados varias veces, muestran signos visibles de desgaste, pero siguen siendo estancos y aptos para carga, lo que los hace ideales para el almacenamiento, el transporte y las aplicaciones pr\u00e1cticas.<\/p>\n","protected":false},"featured_media":1634,"comment_status":"open","ping_status":"closed","template":"","meta":{"_kad_blocks_custom_css":"","_kad_blocks_head_custom_js":"","_kad_blocks_body_custom_js":"","_kad_blocks_footer_custom_js":"","_kad_post_transparent":"default","_kad_post_title":"","_kad_post_layout":"default","_kad_post_sidebar_id":"","_kad_post_content_style":"default","_kad_post_vertical_padding":"default","_kad_post_feature":"","_kad_post_feature_position":"","_kad_post_header":false,"_kad_post_footer":false,"_kad_post_classname":""},"product_brand":[],"product_cat":[233,135],"product_tag":[280,279,281,278,277,282],"product_brands":[311],"class_list":{"0":"post-1618","1":"product","2":"type-product","3":"status-publish","4":"has-post-thumbnail","6":"product_cat-contenedor-de-20-pies","7":"product_cat-contenedores-maritimos-usados","8":"product_tag-contenedor-barato-de-20-pies","9":"product_tag-contenedor-de-transporte-rojo","10":"product_tag-contenedor-maritimo-estandar-usado-de-20-pies","11":"product_tag-contenedores-de-20-pies","12":"product_tag-contenedores-de-transporte-usados","13":"product_tag-dimensiones-del-contenedor-de-20-pies","14":"pa_container-condition-usado","15":"pa_container-type-contenedor-de-almacenamiento","16":"pa_contanier-size-20-pies","17":"product_brands-swiety-marcin-poland","19":"first","20":"instock","21":"sale","22":"taxable","23":"shipping-taxable","24":"purchasable","25":"product-type-simple","26":"entry","27":"content-bg","28":"loop-entry"},"taxonomy_info":{"product_cat":[{"value":233,"label":"Contenedor de 20 pies"},{"value":135,"label":"Contenedores mar\u00edtimos usados"}],"product_tag":[{"value":280,"label":"contenedor barato de 20 pies"},{"value":279,"label":"contenedor de transporte rojo"},{"value":281,"label":"contenedor mar\u00edtimo est\u00e1ndar usado de 20 pies"},{"value":278,"label":"Contenedores de 20 pies"},{"value":277,"label":"contenedores de transporte usados"},{"value":282,"label":"Dimensiones del contenedor de 20 pies"}],"pa_container-condition":[{"value":121,"label":"Usado"}],"pa_container-type":[{"value":130,"label":"Contenedor de almacenamiento"}],"pa_contanier-size":[{"value":113,"label":"20 pies"}],"product_brands":[{"value":311,"label":"\u015awi\u0119ty Marcin, Poland"}]},"featured_image_src_large":["https:\/\/olborglogistics.com\/wp-content\/uploads\/2025\/12\/Seecontainer-20-CW-Mase-Preis-fur-ausrangierte-Seecontainer-HZ-Container-1.jpg",1021,766,false],"author_info":[],"comment_info":0,"_links":{"self":[{"href":"https:\/\/olborglogistics.com\/es\/wp-json\/wp\/v2\/product\/1618","targetHints":{"allow":["GET"]}}],"collection":[{"href":"https:\/\/olborglogistics.com\/es\/wp-json\/wp\/v2\/product"}],"about":[{"href":"https:\/\/olborglogistics.com\/es\/wp-json\/wp\/v2\/types\/product"}],"replies":[{"embeddable":true,"href":"https:\/\/olborglogistics.com\/es\/wp-json\/wp\/v2\/comments?post=1618"}],"wp:featuredmedia":[{"embeddable":true,"href":"https:\/\/olborglogistics.com\/es\/wp-json\/wp\/v2\/media\/1634"}],"wp:attachment":[{"href":"https:\/\/olborglogistics.com\/es\/wp-json\/wp\/v2\/media?parent=1618"}],"wp:term":[{"taxonomy":"product_brand","embeddable":true,"href":"https:\/\/olborglogistics.com\/es\/wp-json\/wp\/v2\/product_brand?post=1618"},{"taxonomy":"product_cat","embeddable":true,"href":"https:\/\/olborglogistics.com\/es\/wp-json\/wp\/v2\/product_cat?post=1618"},{"taxonomy":"product_tag","embeddable":true,"href":"https:\/\/olborglogistics.com\/es\/wp-json\/wp\/v2\/product_tag?post=1618"},{"taxonomy":"product_brands","embeddable":true,"href":"https:\/\/olborglogistics.com\/es\/wp-json\/wp\/v2\/product_brands?post=1618"}],"curies":[{"name":"wp","href":"https:\/\/api.w.org\/{rel}","templated":true}]}}