{"id":1543,"date":"2025-12-22T09:33:21","date_gmt":"2025-12-22T09:33:21","guid":{"rendered":"https:\/\/olborglogistics.com\/product\/contenedor-maritimo-de-20-pies-con-lateral-abierto-nuevo\/"},"modified":"2026-01-26T08:21:00","modified_gmt":"2026-01-26T08:21:00","slug":"contenedor-maritimo-de-20-pies-con-lateral-abierto-nuevo","status":"publish","type":"product","link":"https:\/\/olborglogistics.com\/es\/producto\/contenedor-maritimo-de-20-pies-con-lateral-abierto-nuevo\/","title":{"rendered":"Contenedor mar\u00edtimo de 20 pies con lateral abierto, nuevo"},"content":{"rendered":"<div class=\"text-base my-auto mx-auto pb-10 [--thread-content-margin:--spacing(4)] @w-sm\/main:[--thread-content-margin:--spacing(6)] @w-lg\/main:[--thread-content-margin:--spacing(16)] px-(--thread-content-margin)\">\n<div class=\"[--thread-content-max-width:40rem] @w-lg\/main:[--thread-content-max-width:48rem] mx-auto max-w-(--thread-content-max-width) flex-1 group\/turn-messages focus-visible:outline-hidden relative flex w-full min-w-0 flex-col agent-turn\" tabindex=\"-1\">\n<div class=\"flex max-w-full flex-col grow\">\n<div class=\"min-h-8 text-message relative flex w-full flex-col items-end gap-2 text-start break-words whitespace-normal [.text-message+&amp;]:mt-1\" dir=\"auto\" data-message-author-role=\"assistant\" data-message-id=\"48c16461-c8b7-444f-8563-7439667a21e7\" data-message-model-slug=\"gpt-5-2\">\n<div class=\"flex w-full flex-col gap-1 empty:hidden first:pt-[1px]\">\n<div class=\"markdown prose dark:prose-invert w-full break-words dark markdown-new-styling\">\n<hr data-start=\"540\" data-end=\"543\">\n<h2 data-start=\"545\" data-end=\"564\">Descripci\u00f3n larga<\/h2>\n<p data-start=\"566\" data-end=\"962\">El <strong data-start=\"570\" data-end=\"624\">contenedor mar\u00edtimo de laterales abiertos de 20 pies &#8211; Nuevo (One-Trip)<\/strong> est\u00e1 dise\u00f1ado para ofrecer la m\u00e1xima accesibilidad y flexibilidad. A diferencia de los contenedores est\u00e1ndar que s\u00f3lo se abren por un extremo, este modelo est\u00e1 equipado con <strong data-start=\"762\" data-end=\"788\">puertas laterales de longitud completa<\/strong>, lo que permite el acceso lateral directo a todo el interior del contenedor. Esto la hace especialmente adecuada para cargar mercanc\u00edas anchas, largas o paletizadas con carretillas elevadoras o transpaletas.<\/p>\n<p data-start=\"964\" data-end=\"1341\">Al tratarse de un <strong data-start=\"969\" data-end=\"995\">contenedor nuevo de un solo viaje<\/strong>, s\u00f3lo se ha utilizado una vez para el transporte de carga y se mantiene en excelentes condiciones con m\u00ednimos signos de uso. El contenedor est\u00e1 fabricado con <strong data-start=\"1154\" data-end=\"1170\">acero corten<\/strong> de alta calidad, que ofrece una gran resistencia a la corrosi\u00f3n y a las duras condiciones meteorol\u00f3gicas. Cuando est\u00e1 cerrado, permanece totalmente estanco al viento y al agua, garantizando una protecci\u00f3n fiable de los bienes almacenados.<\/p>\n<p data-start=\"1343\" data-end=\"1661\">El contenedor tambi\u00e9n cuenta con puertas de carga traseras est\u00e1ndar, lo que proporciona opciones de acceso dual tanto desde el lateral como desde el extremo. Con un suelo de madera contrachapada marina duradera y marcos de puerta reforzados, este contenedor se utiliza com\u00fanmente para operaciones log\u00edsticas, talleres, almacenamiento temporal, unidades minoristas y soluciones de contenedores personalizados. <\/p>\n<p data-start=\"1663\" data-end=\"1867\">Sus dimensiones estandarizadas permiten un f\u00e1cil transporte, apilamiento e integraci\u00f3n en los sistemas log\u00edsticos existentes, lo que lo convierte en una opci\u00f3n pr\u00e1ctica y vers\u00e1til tanto para aplicaciones comerciales como industriales.<\/p>\n<hr data-start=\"1869\" data-end=\"1872\">\n<h2 data-start=\"1874\" data-end=\"1901\">Especificaciones t\u00e9cnicas<\/h2>\n<h3 data-start=\"1903\" data-end=\"1926\">Informaci\u00f3n general<\/h3>\n<div class=\"TyagGW_tableContainer\">\n<div class=\"group TyagGW_tableWrapper flex w-fit flex-col-reverse\" tabindex=\"-1\">\n<table class=\"w-fit min-w-(--thread-content-width)\" data-start=\"1928\" data-end=\"2309\">\n<thead data-start=\"1928\" data-end=\"1955\">\n<tr data-start=\"1928\" data-end=\"1955\">\n<th data-start=\"1928\" data-end=\"1938\" data-col-size=\"sm\">Caracter\u00edstica<\/th>\n<th data-start=\"1938\" data-end=\"1955\" data-col-size=\"md\">Especificaci\u00f3n<\/th>\n<\/tr>\n<\/thead>\n<tbody data-start=\"1979\" data-end=\"2309\">\n<tr data-start=\"1979\" data-end=\"2033\">\n<td data-start=\"1979\" data-end=\"1996\" data-col-size=\"sm\">Tipo de contenedor<\/td>\n<td data-start=\"1996\" data-end=\"2033\" data-col-size=\"md\">Contenedor mar\u00edtimo de 20 pies con lateral abierto<\/td>\n<\/tr>\n<tr data-start=\"2034\" data-end=\"2064\">\n<td data-start=\"2034\" data-end=\"2046\" data-col-size=\"sm\">Condici\u00f3n<\/td>\n<td data-start=\"2046\" data-end=\"2064\" data-col-size=\"md\">Nuevo \/ Un solo viaje<\/td>\n<\/tr>\n<tr data-start=\"2065\" data-end=\"2112\">\n<td data-start=\"2065\" data-end=\"2076\" data-col-size=\"sm\">Material<\/td>\n<td data-start=\"2076\" data-end=\"2112\" data-col-size=\"md\">Acero corten (resistente a la intemperie)<\/td>\n<\/tr>\n<tr data-start=\"2113\" data-end=\"2139\">\n<td data-start=\"2113\" data-end=\"2121\" data-col-size=\"sm\">Suelo<\/td>\n<td data-start=\"2121\" data-end=\"2139\" data-col-size=\"md\">Madera contrachapada marina<\/td>\n<\/tr>\n<tr data-start=\"2140\" data-end=\"2193\">\n<td data-start=\"2140\" data-end=\"2148\" data-col-size=\"sm\">Puertas<\/td>\n<td data-start=\"2148\" data-end=\"2193\" data-col-size=\"md\">Puertas laterales de longitud completa + puertas de carga traseras<\/td>\n<\/tr>\n<tr data-start=\"2194\" data-end=\"2238\">\n<td data-start=\"2194\" data-end=\"2211\" data-col-size=\"sm\">Sistema de cierre<\/td>\n<td data-start=\"2211\" data-end=\"2238\" data-col-size=\"md\">Barras de cierre de alta resistencia<\/td>\n<\/tr>\n<tr data-start=\"2239\" data-end=\"2265\">\n<td data-start=\"2239\" data-end=\"2258\" data-col-size=\"sm\">Bolsillos para carretilla elevadora<\/td>\n<td data-start=\"2258\" data-end=\"2265\" data-col-size=\"md\">S\u00ed<\/td>\n<\/tr>\n<tr data-start=\"2266\" data-end=\"2289\">\n<td data-start=\"2266\" data-end=\"2282\" data-col-size=\"sm\">Certificado CSC<\/td>\n<td data-start=\"2282\" data-end=\"2289\" data-col-size=\"md\">S\u00ed<\/td>\n<\/tr>\n<tr data-start=\"2290\" data-end=\"2309\">\n<td data-start=\"2290\" data-end=\"2302\" data-col-size=\"sm\">Apilable<\/td>\n<td data-start=\"2302\" data-end=\"2309\" data-col-size=\"md\">S\u00ed<\/td>\n<\/tr>\n<\/tbody>\n<\/table>\n<\/div>\n<\/div>\n<hr data-start=\"2311\" data-end=\"2314\">\n<h3 data-start=\"2316\" data-end=\"2339\">Dimensiones externas<\/h3>\n<div class=\"TyagGW_tableContainer\">\n<div class=\"group TyagGW_tableWrapper flex w-fit flex-col-reverse\" tabindex=\"-1\">\n<table class=\"w-fit min-w-(--thread-content-width)\" data-start=\"2341\" data-end=\"2445\">\n<thead data-start=\"2341\" data-end=\"2364\">\n<tr data-start=\"2341\" data-end=\"2364\">\n<th data-start=\"2341\" data-end=\"2355\" data-col-size=\"sm\">Medida<\/th>\n<th data-start=\"2355\" data-end=\"2364\" data-col-size=\"sm\">Valor<\/th>\n<\/tr>\n<\/thead>\n<tbody data-start=\"2381\" data-end=\"2445\">\n<tr data-start=\"2381\" data-end=\"2402\">\n<td data-start=\"2381\" data-end=\"2390\" data-col-size=\"sm\">Longitud<\/td>\n<td data-start=\"2390\" data-end=\"2402\" data-col-size=\"sm\">6058 mm<\/td>\n<\/tr>\n<tr data-start=\"2403\" data-end=\"2423\">\n<td data-start=\"2403\" data-end=\"2411\" data-col-size=\"sm\">Anchura<\/td>\n<td data-start=\"2411\" data-end=\"2423\" data-col-size=\"sm\">2438 mm<\/td>\n<\/tr>\n<tr data-start=\"2424\" data-end=\"2445\">\n<td data-start=\"2424\" data-end=\"2433\" data-col-size=\"sm\">Altura<\/td>\n<td data-start=\"2433\" data-end=\"2445\" data-col-size=\"sm\">2591 mm<\/td>\n<\/tr>\n<\/tbody>\n<\/table>\n<\/div>\n<\/div>\n<hr data-start=\"2447\" data-end=\"2450\">\n<h3 data-start=\"2452\" data-end=\"2475\">Dimensiones internas<\/h3>\n<div class=\"TyagGW_tableContainer\">\n<div class=\"group TyagGW_tableWrapper flex w-fit flex-col-reverse\" tabindex=\"-1\">\n<table class=\"w-fit min-w-(--thread-content-width)\" data-start=\"2477\" data-end=\"2605\">\n<thead data-start=\"2477\" data-end=\"2500\">\n<tr data-start=\"2477\" data-end=\"2500\">\n<th data-start=\"2477\" data-end=\"2491\" data-col-size=\"sm\">Medida<\/th>\n<th data-start=\"2491\" data-end=\"2500\" data-col-size=\"sm\">Valor<\/th>\n<\/tr>\n<\/thead>\n<tbody data-start=\"2517\" data-end=\"2605\">\n<tr data-start=\"2517\" data-end=\"2546\">\n<td data-start=\"2517\" data-end=\"2526\" data-col-size=\"sm\">Longitud<\/td>\n<td data-start=\"2526\" data-end=\"2546\" data-col-size=\"sm\">Aprox. 5898 mm<\/td>\n<\/tr>\n<tr data-start=\"2547\" data-end=\"2575\">\n<td data-start=\"2547\" data-end=\"2555\" data-col-size=\"sm\">Anchura<\/td>\n<td data-start=\"2555\" data-end=\"2575\" data-col-size=\"sm\">Aprox. 2352 mm<\/td>\n<\/tr>\n<tr data-start=\"2576\" data-end=\"2605\">\n<td data-start=\"2576\" data-end=\"2585\" data-col-size=\"sm\">Altura<\/td>\n<td data-start=\"2585\" data-end=\"2605\" data-col-size=\"sm\">Aprox. 2393 mm<\/td>\n<\/tr>\n<\/tbody>\n<\/table>\n<\/div>\n<\/div>\n<hr data-start=\"2607\" data-end=\"2610\">\n<h3 data-start=\"2612\" data-end=\"2640\">Dimensiones de la puerta y acceso<\/h3>\n<div class=\"TyagGW_tableContainer\">\n<div class=\"group TyagGW_tableWrapper flex w-fit flex-col-reverse\" tabindex=\"-1\">\n<table class=\"w-fit min-w-(--thread-content-width)\" data-start=\"2642\" data-end=\"2865\">\n<thead data-start=\"2642\" data-end=\"2667\">\n<tr data-start=\"2642\" data-end=\"2667\">\n<th data-start=\"2642\" data-end=\"2652\" data-col-size=\"sm\">Caracter\u00edstica<\/th>\n<th data-start=\"2652\" data-end=\"2667\" data-col-size=\"sm\">Medida<\/th>\n<\/tr>\n<\/thead>\n<tbody data-start=\"2689\" data-end=\"2865\">\n<tr data-start=\"2689\" data-end=\"2734\">\n<td data-start=\"2689\" data-end=\"2709\" data-col-size=\"sm\">Apertura de la puerta lateral<\/td>\n<td data-start=\"2709\" data-end=\"2734\" data-col-size=\"sm\">Longitud completa del contenedor<\/td>\n<\/tr>\n<tr data-start=\"2735\" data-end=\"2781\">\n<td data-start=\"2735\" data-end=\"2761\" data-col-size=\"sm\">Ancho de apertura de la puerta trasera<\/td>\n<td data-start=\"2761\" data-end=\"2781\" data-col-size=\"sm\">Aprox. 2343 mm<\/td>\n<\/tr>\n<tr data-start=\"2782\" data-end=\"2829\">\n<td data-start=\"2782\" data-end=\"2809\" data-col-size=\"sm\">Altura de apertura de la puerta trasera<\/td>\n<td data-start=\"2809\" data-end=\"2829\" data-col-size=\"sm\">Aprox. 2280 mm<\/td>\n<\/tr>\n<tr data-start=\"2830\" data-end=\"2865\">\n<td data-start=\"2830\" data-end=\"2851\" data-col-size=\"sm\">\u00c1ngulo de apertura de la puerta<\/td>\n<td data-start=\"2851\" data-end=\"2865\" data-col-size=\"sm\">Hasta 270\u00b0<\/td>\n<\/tr>\n<\/tbody>\n<\/table>\n<\/div>\n<\/div>\n<hr data-start=\"2867\" data-end=\"2870\">\n<h3 data-start=\"2872\" data-end=\"2909\">Dimensiones: puertas cerradas frente a puertas abiertas<\/h3>\n<div class=\"TyagGW_tableContainer\">\n<div class=\"group TyagGW_tableWrapper flex w-fit flex-col-reverse\" tabindex=\"-1\">\n<table class=\"w-fit min-w-(--thread-content-width)\" data-start=\"2911\" data-end=\"3158\">\n<thead data-start=\"2911\" data-end=\"2940\">\n<tr data-start=\"2911\" data-end=\"2940\">\n<th data-start=\"2911\" data-end=\"2927\" data-col-size=\"sm\">Configuraci\u00f3n<\/th>\n<th data-start=\"2927\" data-end=\"2940\" data-col-size=\"sm\">Dimensi\u00f3n<\/th>\n<\/tr>\n<\/thead>\n<tbody data-start=\"2962\" data-end=\"3158\">\n<tr data-start=\"2962\" data-end=\"3004\">\n<td data-start=\"2962\" data-end=\"2992\" data-col-size=\"sm\">Longitud total (puertas cerradas)<\/td>\n<td data-start=\"2992\" data-end=\"3004\" data-col-size=\"sm\">6058 mm<\/td>\n<\/tr>\n<tr data-start=\"3005\" data-end=\"3069\">\n<td data-start=\"3005\" data-end=\"3044\" data-col-size=\"sm\">Espacio lateral necesario (puertas abiertas)<\/td>\n<td data-start=\"3044\" data-end=\"3069\" data-col-size=\"sm\">Longitud completa del contenedor<\/td>\n<\/tr>\n<tr data-start=\"3070\" data-end=\"3125\">\n<td data-start=\"3070\" data-end=\"3105\" data-col-size=\"sm\">Espacio trasero (puertas abiertas 270\u00b0)<\/td>\n<td data-start=\"3105\" data-end=\"3125\" data-col-size=\"sm\">Aprox. 1200 mm<\/td>\n<\/tr>\n<tr data-start=\"3126\" data-end=\"3158\">\n<td data-start=\"3126\" data-end=\"3143\" data-col-size=\"sm\">Opciones de acceso<\/td>\n<td data-start=\"3143\" data-end=\"3158\" data-col-size=\"sm\">Lateral y trasero<\/td>\n<\/tr>\n<\/tbody>\n<\/table>\n<\/div>\n<\/div>\n<hr data-start=\"3160\" data-end=\"3163\">\n<h3 data-start=\"3165\" data-end=\"3186\">Peso y capacidad<\/h3>\n<div class=\"TyagGW_tableContainer\">\n<div class=\"group TyagGW_tableWrapper flex w-fit flex-col-reverse\" tabindex=\"-1\">\n<table class=\"w-fit min-w-(--thread-content-width)\" data-start=\"3188\" data-end=\"3432\">\n<thead data-start=\"3188\" data-end=\"3215\">\n<tr data-start=\"3188\" data-end=\"3215\">\n<th data-start=\"3188\" data-end=\"3198\" data-col-size=\"sm\">Caracter\u00edstica<\/th>\n<th data-start=\"3198\" data-end=\"3215\" data-col-size=\"sm\">Especificaci\u00f3n<\/th>\n<\/tr>\n<\/thead>\n<tbody data-start=\"3239\" data-end=\"3432\">\n<tr data-start=\"3239\" data-end=\"3273\">\n<td data-start=\"3239\" data-end=\"3253\" data-col-size=\"sm\">Peso en vac\u00edo<\/td>\n<td data-start=\"3253\" data-end=\"3273\" data-col-size=\"sm\">Aprox. 3050 kg<\/td>\n<\/tr>\n<tr data-start=\"3274\" data-end=\"3313\">\n<td data-start=\"3274\" data-end=\"3292\" data-col-size=\"sm\">Carga \u00fatil m\u00e1xima<\/td>\n<td data-start=\"3292\" data-end=\"3313\" data-col-size=\"sm\">Aprox. 29&nbsp;450 kg<\/td>\n<\/tr>\n<tr data-start=\"3314\" data-end=\"3350\">\n<td data-start=\"3314\" data-end=\"3337\" data-col-size=\"sm\">Peso bruto m\u00e1ximo<\/td>\n<td data-start=\"3337\" data-end=\"3350\" data-col-size=\"sm\">32&nbsp;500 kg<\/td>\n<\/tr>\n<tr data-start=\"3351\" data-end=\"3388\">\n<td data-start=\"3351\" data-end=\"3369\" data-col-size=\"sm\">Volumen interno<\/td>\n<td data-start=\"3369\" data-end=\"3388\" data-col-size=\"sm\">Aprox. 33,2 m\u00b3<\/td>\n<\/tr>\n<tr data-start=\"3389\" data-end=\"3432\">\n<td data-start=\"3389\" data-end=\"3412\" data-col-size=\"sm\">Capacidad de europalets<\/td>\n<td data-start=\"3412\" data-end=\"3432\" data-col-size=\"sm\">Hasta 11 palets<\/td>\n<\/tr>\n<\/tbody>\n<\/table>\n<\/div>\n<\/div>\n<\/div>\n<\/div>\n<\/div>\n<\/div>\n<\/div>\n<\/div>\n","protected":false},"excerpt":{"rendered":"<p>Un contenedor mar\u00edtimo de 20 pies con lateral abierto (nuevo\/un solo viaje) cuenta con puertas laterales de longitud completa para facilitar la carga y descarga. En condiciones casi nuevas, ofrece un almacenamiento seguro y herm\u00e9tico a la intemperie, y es ideal para mercanc\u00edas voluminosas, talleres y proyectos de conversi\u00f3n de contenedores. <\/p>\n","protected":false},"featured_media":1549,"comment_status":"open","ping_status":"closed","template":"","meta":{"_kad_blocks_custom_css":"","_kad_blocks_head_custom_js":"","_kad_blocks_body_custom_js":"","_kad_blocks_footer_custom_js":"","_kad_post_transparent":"","_kad_post_title":"","_kad_post_layout":"","_kad_post_sidebar_id":"","_kad_post_content_style":"","_kad_post_vertical_padding":"","_kad_post_feature":"","_kad_post_feature_position":"","_kad_post_header":false,"_kad_post_footer":false,"_kad_post_classname":""},"product_brand":[],"product_cat":[233,125],"product_tag":[],"product_brands":[314],"class_list":{"0":"post-1543","1":"product","2":"type-product","3":"status-publish","4":"has-post-thumbnail","6":"product_cat-contenedor-de-20-pies","7":"product_cat-contenedores-con-lateral-abierto","8":"pa_container-condition-nuevo-un-viaje","9":"pa_container-type-contenedor-con-lateral-abierto","10":"pa_contanier-size-20-pies","11":"product_brands-espana-valencia","13":"first","14":"instock","15":"taxable","16":"shipping-taxable","17":"purchasable","18":"product-type-simple","19":"entry","20":"content-bg","21":"loop-entry"},"taxonomy_info":{"product_cat":[{"value":233,"label":"Contenedor de 20 pies"},{"value":125,"label":"Contenedores con lateral abierto"}],"pa_container-condition":[{"value":105,"label":"Nuevo (un viaje)"}],"pa_container-type":[{"value":124,"label":"Contenedor con lateral abierto"}],"pa_contanier-size":[{"value":113,"label":"20 pies"}],"product_brands":[{"value":314,"label":"Espa\u00f1a, Valencia"}]},"featured_image_src_large":["https:\/\/olborglogistics.com\/wp-content\/uploads\/2025\/12\/container-usati-acquisto-container-comprare-container-vendita-container-marittimi-20-piedi-1024x768.jpg",1021,766,true],"author_info":[],"comment_info":0,"_links":{"self":[{"href":"https:\/\/olborglogistics.com\/es\/wp-json\/wp\/v2\/product\/1543","targetHints":{"allow":["GET"]}}],"collection":[{"href":"https:\/\/olborglogistics.com\/es\/wp-json\/wp\/v2\/product"}],"about":[{"href":"https:\/\/olborglogistics.com\/es\/wp-json\/wp\/v2\/types\/product"}],"replies":[{"embeddable":true,"href":"https:\/\/olborglogistics.com\/es\/wp-json\/wp\/v2\/comments?post=1543"}],"wp:featuredmedia":[{"embeddable":true,"href":"https:\/\/olborglogistics.com\/es\/wp-json\/wp\/v2\/media\/1549"}],"wp:attachment":[{"href":"https:\/\/olborglogistics.com\/es\/wp-json\/wp\/v2\/media?parent=1543"}],"wp:term":[{"taxonomy":"product_brand","embeddable":true,"href":"https:\/\/olborglogistics.com\/es\/wp-json\/wp\/v2\/product_brand?post=1543"},{"taxonomy":"product_cat","embeddable":true,"href":"https:\/\/olborglogistics.com\/es\/wp-json\/wp\/v2\/product_cat?post=1543"},{"taxonomy":"product_tag","embeddable":true,"href":"https:\/\/olborglogistics.com\/es\/wp-json\/wp\/v2\/product_tag?post=1543"},{"taxonomy":"product_brands","embeddable":true,"href":"https:\/\/olborglogistics.com\/es\/wp-json\/wp\/v2\/product_brands?post=1543"}],"curies":[{"name":"wp","href":"https:\/\/api.w.org\/{rel}","templated":true}]}}