{"id":1502,"date":"2025-12-22T08:55:01","date_gmt":"2025-12-22T08:55:01","guid":{"rendered":"https:\/\/olborglogistics.com\/product\/contenedor-maritimo-high-cube-de-40-pies-nuevo\/"},"modified":"2026-01-28T02:18:36","modified_gmt":"2026-01-28T02:18:36","slug":"contenedor-maritimo-high-cube-de-40-pies-nuevo","status":"publish","type":"product","link":"https:\/\/olborglogistics.com\/es\/producto\/contenedor-maritimo-high-cube-de-40-pies-nuevo\/","title":{"rendered":"Contenedor mar\u00edtimo High Cube de 40 pies nuevo"},"content":{"rendered":"<div class=\"text-base my-auto mx-auto pb-10 [--thread-content-margin:--spacing(4)] @w-sm\/main:[--thread-content-margin:--spacing(6)] @w-lg\/main:[--thread-content-margin:--spacing(16)] px-(--thread-content-margin)\">\n<div class=\"[--thread-content-max-width:40rem] @w-lg\/main:[--thread-content-max-width:48rem] mx-auto max-w-(--thread-content-max-width) flex-1 group\/turn-messages focus-visible:outline-hidden relative flex w-full min-w-0 flex-col agent-turn\" tabindex=\"-1\">\n<div class=\"flex max-w-full flex-col grow\">\n<div class=\"min-h-8 text-message relative flex w-full flex-col items-end gap-2 text-start break-words whitespace-normal [.text-message+&amp;]:mt-1\" dir=\"auto\" data-message-author-role=\"assistant\" data-message-id=\"c852fc45-00ac-4f7a-b427-2a6c7e86f995\" data-message-model-slug=\"gpt-5-2\">\n<div class=\"flex w-full flex-col gap-1 empty:hidden first:pt-[1px]\">\n<div class=\"markdown prose dark:prose-invert w-full break-words dark markdown-new-styling\">\n<p data-start=\"567\" data-end=\"935\">El <strong data-start=\"571\" data-end=\"617\">contenedor mar\u00edtimo High Cube One-Trip de 40 pies<\/strong> es la soluci\u00f3n de contenedor est\u00e1ndar m\u00e1s grande para los clientes que necesitan el m\u00e1ximo espacio interior sin comprometer la resistencia estructural. Gracias a su mayor longitud y altura adicional en comparaci\u00f3n con los contenedores est\u00e1ndar, resulta especialmente adecuado para el almacenamiento de grandes vol\u00famenes, el uso industrial y las modificaciones complejas de contenedores.<\/p>\n<p data-start=\"937\" data-end=\"1291\">Habiendo completado solo un viaje de env\u00edo internacional, este contenedor est\u00e1 en excelentes condiciones con un desgaste m\u00ednimo. Est\u00e1 construido con <strong data-start=\"1086\" data-end=\"1102\">acero corten<\/strong> de primera calidad, lo que garantiza una resistencia superior a la corrosi\u00f3n, los impactos y las duras condiciones clim\u00e1ticas. El contenedor es totalmente herm\u00e9tico al viento y al agua, lo que protege los productos de la humedad, el polvo y los da\u00f1os externos.  <\/p>\n<p data-start=\"1293\" data-end=\"1754\">El contenedor cuenta con puertas de carga dobles de alta resistencia con barras de bloqueo seguras para un acceso seguro, junto con un piso de madera contrachapada marina reforzada capaz de soportar cargas pesadas. Su dise\u00f1o estandarizado permite un f\u00e1cil transporte, apilamiento e integraci\u00f3n en las redes log\u00edsticas globales. Gracias a su tama\u00f1o y altura adicional, el contenedor High Cube de 40 pies se utiliza com\u00fanmente para almacenes, centros log\u00edsticos, talleres, oficinas y proyectos de conversi\u00f3n de contenedores a gran escala.  <\/p>\n<h2 data-start=\"1761\" data-end=\"1788\">Especificaciones t\u00e9cnicas<\/h2>\n<h3 data-start=\"1790\" data-end=\"1813\">Informaci\u00f3n general<\/h3>\n<div class=\"TyagGW_tableContainer\">\n<div class=\"group TyagGW_tableWrapper flex w-fit flex-col-reverse\" tabindex=\"-1\">\n<table class=\"w-fit min-w-(--thread-content-width)\" data-start=\"1815\" data-end=\"2169\">\n<thead data-start=\"1815\" data-end=\"1842\">\n<tr data-start=\"1815\" data-end=\"1842\">\n<th data-start=\"1815\" data-end=\"1825\" data-col-size=\"sm\">Caracter\u00edstica<\/th>\n<th data-start=\"1825\" data-end=\"1842\" data-col-size=\"sm\">Especificaci\u00f3n<\/th>\n<\/tr>\n<\/thead>\n<tbody data-start=\"1866\" data-end=\"2169\">\n<tr data-start=\"1866\" data-end=\"1920\">\n<td data-start=\"1866\" data-end=\"1883\" data-col-size=\"sm\">Tipo de contenedor<\/td>\n<td data-start=\"1883\" data-end=\"1920\" data-col-size=\"sm\">Contenedor mar\u00edtimo High Cube de 40 pies<\/td>\n<\/tr>\n<tr data-start=\"1921\" data-end=\"1958\">\n<td data-start=\"1921\" data-end=\"1933\" data-col-size=\"sm\">Estado<\/td>\n<td data-start=\"1933\" data-end=\"1958\" data-col-size=\"sm\">Un viaje (casi nuevo)<\/td>\n<\/tr>\n<tr data-start=\"1959\" data-end=\"2006\">\n<td data-start=\"1959\" data-end=\"1970\" data-col-size=\"sm\">Material<\/td>\n<td data-start=\"1970\" data-end=\"2006\" data-col-size=\"sm\">Acero corten (resistente a la intemperie)<\/td>\n<\/tr>\n<tr data-start=\"2007\" data-end=\"2033\">\n<td data-start=\"2007\" data-end=\"2015\" data-col-size=\"sm\">Suelo<\/td>\n<td data-start=\"2015\" data-end=\"2033\" data-col-size=\"sm\">Madera contrachapada marina<\/td>\n<\/tr>\n<tr data-start=\"2034\" data-end=\"2064\">\n<td data-start=\"2034\" data-end=\"2042\" data-col-size=\"sm\">Puertas<\/td>\n<td data-start=\"2042\" data-end=\"2064\" data-col-size=\"sm\">Puertas de carga dobles<\/td>\n<\/tr>\n<tr data-start=\"2065\" data-end=\"2098\">\n<td data-start=\"2065\" data-end=\"2082\" data-col-size=\"sm\">Sistema de cierre<\/td>\n<td data-start=\"2082\" data-end=\"2098\" data-col-size=\"sm\">Barras de bloqueo<\/td>\n<\/tr>\n<tr data-start=\"2099\" data-end=\"2125\">\n<td data-start=\"2099\" data-end=\"2118\" data-col-size=\"sm\">Bolsillos para carretilla elevadora<\/td>\n<td data-start=\"2118\" data-end=\"2125\" data-col-size=\"sm\">S\u00ed<\/td>\n<\/tr>\n<tr data-start=\"2126\" data-end=\"2149\">\n<td data-start=\"2126\" data-end=\"2142\" data-col-size=\"sm\">Certificado CSC<\/td>\n<td data-start=\"2142\" data-end=\"2149\" data-col-size=\"sm\">S\u00ed<\/td>\n<\/tr>\n<tr data-start=\"2150\" data-end=\"2169\">\n<td data-start=\"2150\" data-end=\"2162\" data-col-size=\"sm\">Apilable<\/td>\n<td data-start=\"2162\" data-end=\"2169\" data-col-size=\"sm\">S\u00ed<\/td>\n<\/tr>\n<\/tbody>\n<\/table>\n<\/div>\n<\/div>\n<hr data-start=\"2171\" data-end=\"2174\">\n<h3 data-start=\"2176\" data-end=\"2199\">Dimensiones externas<\/h3>\n<div class=\"TyagGW_tableContainer\">\n<div class=\"group TyagGW_tableWrapper flex w-fit flex-col-reverse\" tabindex=\"-1\">\n<table class=\"w-fit min-w-(--thread-content-width)\" data-start=\"2201\" data-end=\"2306\">\n<thead data-start=\"2201\" data-end=\"2224\">\n<tr data-start=\"2201\" data-end=\"2224\">\n<th data-start=\"2201\" data-end=\"2215\" data-col-size=\"sm\">Medida<\/th>\n<th data-start=\"2215\" data-end=\"2224\" data-col-size=\"sm\">Valor<\/th>\n<\/tr>\n<\/thead>\n<tbody data-start=\"2241\" data-end=\"2306\">\n<tr data-start=\"2241\" data-end=\"2263\">\n<td data-start=\"2241\" data-end=\"2250\" data-col-size=\"sm\">Longitud<\/td>\n<td data-start=\"2250\" data-end=\"2263\" data-col-size=\"sm\">12 192 mm<\/td>\n<\/tr>\n<tr data-start=\"2264\" data-end=\"2284\">\n<td data-start=\"2264\" data-end=\"2272\" data-col-size=\"sm\">Anchura<\/td>\n<td data-start=\"2272\" data-end=\"2284\" data-col-size=\"sm\">2438 mm<\/td>\n<\/tr>\n<tr data-start=\"2285\" data-end=\"2306\">\n<td data-start=\"2285\" data-end=\"2294\" data-col-size=\"sm\">Altura<\/td>\n<td data-start=\"2294\" data-end=\"2306\" data-col-size=\"sm\">2896 mm<\/td>\n<\/tr>\n<\/tbody>\n<\/table>\n<\/div>\n<\/div>\n<hr data-start=\"2308\" data-end=\"2311\">\n<h3 data-start=\"2313\" data-end=\"2336\">Dimensiones internas<\/h3>\n<div class=\"TyagGW_tableContainer\">\n<div class=\"group TyagGW_tableWrapper flex w-fit flex-col-reverse\" tabindex=\"-1\">\n<table class=\"w-fit min-w-(--thread-content-width)\" data-start=\"2338\" data-end=\"2467\">\n<thead data-start=\"2338\" data-end=\"2361\">\n<tr data-start=\"2338\" data-end=\"2361\">\n<th data-start=\"2338\" data-end=\"2352\" data-col-size=\"sm\">Medida<\/th>\n<th data-start=\"2352\" data-end=\"2361\" data-col-size=\"sm\">Valor<\/th>\n<\/tr>\n<\/thead>\n<tbody data-start=\"2378\" data-end=\"2467\">\n<tr data-start=\"2378\" data-end=\"2408\">\n<td data-start=\"2378\" data-end=\"2387\" data-col-size=\"sm\">Longitud<\/td>\n<td data-start=\"2387\" data-end=\"2408\" data-col-size=\"sm\">Aprox. 12 032 mm<\/td>\n<\/tr>\n<tr data-start=\"2409\" data-end=\"2437\">\n<td data-start=\"2409\" data-end=\"2417\" data-col-size=\"sm\">Anchura<\/td>\n<td data-start=\"2417\" data-end=\"2437\" data-col-size=\"sm\">Aprox. 2352 mm<\/td>\n<\/tr>\n<tr data-start=\"2438\" data-end=\"2467\">\n<td data-start=\"2438\" data-end=\"2447\" data-col-size=\"sm\">Altura<\/td>\n<td data-start=\"2447\" data-end=\"2467\" data-col-size=\"sm\">Aprox. 2698 mm<\/td>\n<\/tr>\n<\/tbody>\n<\/table>\n<\/div>\n<\/div>\n<hr data-start=\"2469\" data-end=\"2472\">\n<h3 data-start=\"2474\" data-end=\"2502\">Dimensiones de la puerta y acceso<\/h3>\n<div class=\"TyagGW_tableContainer\">\n<div class=\"group TyagGW_tableWrapper flex w-fit flex-col-reverse\" tabindex=\"-1\">\n<table class=\"w-fit min-w-(--thread-content-width)\" data-start=\"2504\" data-end=\"2673\">\n<thead data-start=\"2504\" data-end=\"2529\">\n<tr data-start=\"2504\" data-end=\"2529\">\n<th data-start=\"2504\" data-end=\"2514\" data-col-size=\"sm\">Caracter\u00edstica<\/th>\n<th data-start=\"2514\" data-end=\"2529\" data-col-size=\"sm\">Medida<\/th>\n<\/tr>\n<\/thead>\n<tbody data-start=\"2551\" data-end=\"2673\">\n<tr data-start=\"2551\" data-end=\"2592\">\n<td data-start=\"2551\" data-end=\"2572\" data-col-size=\"sm\">Anchura de apertura de la puerta<\/td>\n<td data-start=\"2572\" data-end=\"2592\" data-col-size=\"sm\">Aprox. 2343 mm<\/td>\n<\/tr>\n<tr data-start=\"2593\" data-end=\"2635\">\n<td data-start=\"2593\" data-end=\"2615\" data-col-size=\"sm\">Altura de apertura de la puerta<\/td>\n<td data-start=\"2615\" data-end=\"2635\" data-col-size=\"sm\">Aprox. 2585 mm<\/td>\n<\/tr>\n<tr data-start=\"2636\" data-end=\"2673\">\n<td data-start=\"2636\" data-end=\"2657\" data-col-size=\"sm\">\u00c1ngulo de apertura de la puerta<\/td>\n<td data-start=\"2657\" data-end=\"2673\" data-col-size=\"sm\">Aprox. 270\u00b0<\/td>\n<\/tr>\n<\/tbody>\n<\/table>\n<\/div>\n<\/div>\n<hr data-start=\"2675\" data-end=\"2678\">\n<h3 data-start=\"2680\" data-end=\"2717\">Dimensiones: puertas cerradas frente a puertas abiertas<\/h3>\n<div class=\"TyagGW_tableContainer\">\n<div class=\"group TyagGW_tableWrapper flex w-fit flex-col-reverse\" tabindex=\"-1\">\n<table class=\"w-fit min-w-(--thread-content-width)\" data-start=\"2719\" data-end=\"2971\">\n<thead data-start=\"2719\" data-end=\"2748\">\n<tr data-start=\"2719\" data-end=\"2748\">\n<th data-start=\"2719\" data-end=\"2735\" data-col-size=\"sm\">Configuraci\u00f3n<\/th>\n<th data-start=\"2735\" data-end=\"2748\" data-col-size=\"sm\">Dimensi\u00f3n<\/th>\n<\/tr>\n<\/thead>\n<tbody data-start=\"2770\" data-end=\"2971\">\n<tr data-start=\"2770\" data-end=\"2813\">\n<td data-start=\"2770\" data-end=\"2800\" data-col-size=\"sm\">Longitud total (puertas cerradas)<\/td>\n<td data-start=\"2800\" data-end=\"2813\" data-col-size=\"sm\">12 192 mm<\/td>\n<\/tr>\n<tr data-start=\"2814\" data-end=\"2870\">\n<td data-start=\"2814\" data-end=\"2849\" data-col-size=\"sm\">Longitud total (puertas abiertas a 90\u00b0)<\/td>\n<td data-start=\"2849\" data-end=\"2870\" data-col-size=\"sm\">Aprox. 12 900 mm<\/td>\n<\/tr>\n<tr data-start=\"2871\" data-end=\"2928\">\n<td data-start=\"2871\" data-end=\"2907\" data-col-size=\"sm\">Longitud total (puertas abiertas a 270\u00b0)<\/td>\n<td data-start=\"2907\" data-end=\"2928\" data-col-size=\"sm\">Aprox. 13 500 mm<\/td>\n<\/tr>\n<tr data-start=\"2929\" data-end=\"2971\">\n<td data-start=\"2929\" data-end=\"2950\" data-col-size=\"sm\">Espacio libre necesario<\/td>\n<td data-start=\"2950\" data-end=\"2971\" data-col-size=\"sm\">M\u00edn. 800\u20131200 mm<\/td>\n<\/tr>\n<\/tbody>\n<\/table>\n<\/div>\n<\/div>\n<hr data-start=\"2973\" data-end=\"2976\">\n<h3 data-start=\"2978\" data-end=\"2999\">Peso y capacidad<\/h3>\n<div class=\"TyagGW_tableContainer\">\n<div class=\"group TyagGW_tableWrapper flex w-fit flex-col-reverse\" tabindex=\"-1\">\n<table class=\"w-fit min-w-(--thread-content-width)\" data-start=\"3001\" data-end=\"3245\">\n<thead data-start=\"3001\" data-end=\"3028\">\n<tr data-start=\"3001\" data-end=\"3028\">\n<th data-start=\"3001\" data-end=\"3011\" data-col-size=\"sm\">Caracter\u00edstica<\/th>\n<th data-start=\"3011\" data-end=\"3028\" data-col-size=\"sm\">Especificaci\u00f3n<\/th>\n<\/tr>\n<\/thead>\n<tbody data-start=\"3052\" data-end=\"3245\">\n<tr data-start=\"3052\" data-end=\"3086\">\n<td data-start=\"3052\" data-end=\"3066\" data-col-size=\"sm\">Peso en vac\u00edo<\/td>\n<td data-start=\"3066\" data-end=\"3086\" data-col-size=\"sm\">Aprox. 3900 kg<\/td>\n<\/tr>\n<tr data-start=\"3087\" data-end=\"3126\">\n<td data-start=\"3087\" data-end=\"3105\" data-col-size=\"sm\">Carga \u00fatil m\u00e1xima<\/td>\n<td data-start=\"3105\" data-end=\"3126\" data-col-size=\"sm\">Aprox. 28 600 kg<\/td>\n<\/tr>\n<tr data-start=\"3127\" data-end=\"3163\">\n<td data-start=\"3127\" data-end=\"3150\" data-col-size=\"sm\">Peso bruto m\u00e1ximo<\/td>\n<td data-start=\"3150\" data-end=\"3163\" data-col-size=\"sm\">32&nbsp;500 kg<\/td>\n<\/tr>\n<tr data-start=\"3164\" data-end=\"3201\">\n<td data-start=\"3164\" data-end=\"3182\" data-col-size=\"sm\">Volumen interno<\/td>\n<td data-start=\"3182\" data-end=\"3201\" data-col-size=\"sm\">Aprox. 76,4 m\u00b3<\/td>\n<\/tr>\n<tr data-start=\"3202\" data-end=\"3245\">\n<td data-start=\"3202\" data-end=\"3225\" data-col-size=\"sm\">Capacidad de europalets<\/td>\n<td data-start=\"3225\" data-end=\"3245\" data-col-size=\"sm\">Hasta 25 palets<\/td>\n<\/tr>\n<\/tbody>\n<\/table>\n<\/div>\n<\/div>\n<\/div>\n<\/div>\n<\/div>\n<\/div>\n<\/div>\n<\/div>\n","protected":false},"excerpt":{"rendered":"<p>El contenedor mar\u00edtimo High Cube de 40 pies de un solo viaje ofrece el m\u00e1ximo volumen de almacenamiento con mayor altura interna. Utilizado solo una vez para el transporte de carga, est\u00e1 en condiciones casi nuevas y proporciona una protecci\u00f3n duradera y herm\u00e9tica a la intemperie, ideal para almacenamiento a gran escala, log\u00edstica y proyectos de conversi\u00f3n de contenedores. <\/p>\n","protected":false},"featured_media":1513,"comment_status":"open","ping_status":"closed","template":"","meta":{"_kad_blocks_custom_css":"","_kad_blocks_head_custom_js":"","_kad_blocks_body_custom_js":"","_kad_blocks_footer_custom_js":"","_kad_post_transparent":"","_kad_post_title":"","_kad_post_layout":"","_kad_post_sidebar_id":"","_kad_post_content_style":"","_kad_post_vertical_padding":"","_kad_post_feature":"","_kad_post_feature_position":"","_kad_post_header":false,"_kad_post_footer":false,"_kad_post_classname":""},"product_brand":[],"product_cat":[242,108,119],"product_tag":[],"product_brands":[313],"class_list":{"0":"post-1502","1":"product","2":"type-product","3":"status-publish","4":"has-post-thumbnail","6":"product_cat-contenedor-de-40-pies","7":"product_cat-contenedores-estandar","8":"product_cat-contenedores-high-cube","9":"pa_container-condition-nuevo-un-viaje","10":"pa_container-type-contenedor-estandar","11":"pa_contanier-size-high-cube-de-40-pies","12":"product_brands-leixoes-portugal","14":"first","15":"instock","16":"sale","17":"taxable","18":"shipping-taxable","19":"purchasable","20":"product-type-simple","21":"entry","22":"content-bg","23":"loop-entry"},"taxonomy_info":{"product_cat":[{"value":242,"label":"Contenedor de 40 pies"},{"value":108,"label":"Contenedores est\u00e1ndar"},{"value":119,"label":"Contenedores High Cube"}],"pa_container-condition":[{"value":105,"label":"Nuevo (un viaje)"}],"pa_container-type":[{"value":106,"label":"Contenedor est\u00e1ndar"}],"pa_contanier-size":[{"value":118,"label":"High Cube de 40 pies"}],"product_brands":[{"value":313,"label":"Leix\u00f5es, Portugal"}]},"featured_image_src_large":["https:\/\/olborglogistics.com\/wp-content\/uploads\/2025\/12\/wwwhz-containerscom-wwwhz-kontejnerycz-vendiamo-container-navali-nuovi-marittimo-magazzino-noleg-6.jpg",1021,766,false],"author_info":[],"comment_info":0,"_links":{"self":[{"href":"https:\/\/olborglogistics.com\/es\/wp-json\/wp\/v2\/product\/1502","targetHints":{"allow":["GET"]}}],"collection":[{"href":"https:\/\/olborglogistics.com\/es\/wp-json\/wp\/v2\/product"}],"about":[{"href":"https:\/\/olborglogistics.com\/es\/wp-json\/wp\/v2\/types\/product"}],"replies":[{"embeddable":true,"href":"https:\/\/olborglogistics.com\/es\/wp-json\/wp\/v2\/comments?post=1502"}],"wp:featuredmedia":[{"embeddable":true,"href":"https:\/\/olborglogistics.com\/es\/wp-json\/wp\/v2\/media\/1513"}],"wp:attachment":[{"href":"https:\/\/olborglogistics.com\/es\/wp-json\/wp\/v2\/media?parent=1502"}],"wp:term":[{"taxonomy":"product_brand","embeddable":true,"href":"https:\/\/olborglogistics.com\/es\/wp-json\/wp\/v2\/product_brand?post=1502"},{"taxonomy":"product_cat","embeddable":true,"href":"https:\/\/olborglogistics.com\/es\/wp-json\/wp\/v2\/product_cat?post=1502"},{"taxonomy":"product_tag","embeddable":true,"href":"https:\/\/olborglogistics.com\/es\/wp-json\/wp\/v2\/product_tag?post=1502"},{"taxonomy":"product_brands","embeddable":true,"href":"https:\/\/olborglogistics.com\/es\/wp-json\/wp\/v2\/product_brands?post=1502"}],"curies":[{"name":"wp","href":"https:\/\/api.w.org\/{rel}","templated":true}]}}