{"id":1483,"date":"2025-12-22T07:54:56","date_gmt":"2025-12-22T07:54:56","guid":{"rendered":"https:\/\/olborglogistics.com\/product\/contenedor-maritimo-high-cube-de-20-pies\/"},"modified":"2026-02-17T01:20:24","modified_gmt":"2026-02-17T01:20:24","slug":"contenedor-maritimo-high-cube-de-20-pies","status":"publish","type":"product","link":"https:\/\/olborglogistics.com\/es\/producto\/contenedor-maritimo-high-cube-de-20-pies\/","title":{"rendered":"Contenedor mar\u00edtimo High Cube de 20 pies"},"content":{"rendered":"<p data-start=\"593\" data-end=\"945\">El <strong data-start=\"597\" data-end=\"643\">contenedor mar\u00edtimo High Cube One-Trip de 20 pies<\/strong> est\u00e1 dise\u00f1ado para los usuarios que necesitan una altura interna adicional sin pasar a un contenedor m\u00e1s largo. En comparaci\u00f3n con un contenedor est\u00e1ndar de 20 pies, la versi\u00f3n High Cube ofrece espacio vertical extra, lo que lo hace especialmente adecuado para maquinaria alta, sistemas de estanter\u00edas, talleres y soluciones de contenedores a medida.<\/p>\n<p data-start=\"947\" data-end=\"1293\">Habiendo completado solo un viaje de transporte internacional, este contenedor est\u00e1 en excelentes condiciones con un desgaste m\u00ednimo. Est\u00e1 fabricado con <strong data-start=\"1103\" data-end=\"1119\">acero corten<\/strong> de alta calidad, lo que garantiza una resistencia a largo plazo a la corrosi\u00f3n y a las duras condiciones ambientales. El contenedor es completamente estanco al viento y al agua, lo que protege los productos almacenados de la humedad y el polvo.  <\/p>\n<p data-start=\"1295\" data-end=\"1745\">La unidad est\u00e1 equipada con robustas puertas de carga dobles, barras de bloqueo de alta resistencia y un resistente suelo de madera contrachapada marina dise\u00f1ado para soportar cargas exigentes. Sus dimensiones estandarizadas permiten una f\u00e1cil manipulaci\u00f3n, apilamiento y transporte por cami\u00f3n, ferrocarril o barco. Gracias a su versatilidad y altura adicional, el contenedor High Cube de 20 pies se utiliza ampliamente para almacenamiento, aplicaciones industriales y modificaciones de contenedores, como oficinas, garajes y salas t\u00e9cnicas.  <\/p>\n<hr data-start=\"1747\" data-end=\"1750\">\n<h2 data-start=\"1752\" data-end=\"1779\">Especificaciones t\u00e9cnicas<\/h2>\n<h3 data-start=\"1781\" data-end=\"1804\">Informaci\u00f3n general<\/h3>\n<div class=\"TyagGW_tableContainer\">\n<div class=\"group TyagGW_tableWrapper flex w-fit flex-col-reverse\" tabindex=\"-1\">\n<table class=\"w-fit min-w-(--thread-content-width)\" data-start=\"1806\" data-end=\"2160\">\n<thead data-start=\"1806\" data-end=\"1833\">\n<tr data-start=\"1806\" data-end=\"1833\">\n<th data-start=\"1806\" data-end=\"1816\" data-col-size=\"sm\">Caracter\u00edstica<\/th>\n<th data-start=\"1816\" data-end=\"1833\" data-col-size=\"sm\">Especificaci\u00f3n<\/th>\n<\/tr>\n<\/thead>\n<tbody data-start=\"1857\" data-end=\"2160\">\n<tr data-start=\"1857\" data-end=\"1911\">\n<td data-start=\"1857\" data-end=\"1874\" data-col-size=\"sm\">Tipo de contenedor<\/td>\n<td data-start=\"1874\" data-end=\"1911\" data-col-size=\"sm\">Contenedor mar\u00edtimo High Cube de 20 pies<\/td>\n<\/tr>\n<tr data-start=\"1912\" data-end=\"1949\">\n<td data-start=\"1912\" data-end=\"1924\" data-col-size=\"sm\">Estado<\/td>\n<td data-start=\"1924\" data-end=\"1949\" data-col-size=\"sm\">Un viaje (casi nuevo)<\/td>\n<\/tr>\n<tr data-start=\"1950\" data-end=\"1997\">\n<td data-start=\"1950\" data-end=\"1961\" data-col-size=\"sm\">Material<\/td>\n<td data-start=\"1961\" data-end=\"1997\" data-col-size=\"sm\">Acero corten (resistente a la intemperie)<\/td>\n<\/tr>\n<tr data-start=\"1998\" data-end=\"2024\">\n<td data-start=\"1998\" data-end=\"2006\" data-col-size=\"sm\">Suelo<\/td>\n<td data-start=\"2006\" data-end=\"2024\" data-col-size=\"sm\">Madera contrachapada marina<\/td>\n<\/tr>\n<tr data-start=\"2025\" data-end=\"2055\">\n<td data-start=\"2025\" data-end=\"2033\" data-col-size=\"sm\">Puertas<\/td>\n<td data-start=\"2033\" data-end=\"2055\" data-col-size=\"sm\">Puertas de carga dobles<\/td>\n<\/tr>\n<tr data-start=\"2056\" data-end=\"2089\">\n<td data-start=\"2056\" data-end=\"2073\" data-col-size=\"sm\">Sistema de cierre<\/td>\n<td data-start=\"2073\" data-end=\"2089\" data-col-size=\"sm\">Barras de bloqueo<\/td>\n<\/tr>\n<tr data-start=\"2090\" data-end=\"2116\">\n<td data-start=\"2090\" data-end=\"2109\" data-col-size=\"sm\">Bolsillos para carretilla elevadora<\/td>\n<td data-start=\"2109\" data-end=\"2116\" data-col-size=\"sm\">S\u00ed<\/td>\n<\/tr>\n<tr data-start=\"2117\" data-end=\"2140\">\n<td data-start=\"2117\" data-end=\"2133\" data-col-size=\"sm\">Certificado CSC<\/td>\n<td data-start=\"2133\" data-end=\"2140\" data-col-size=\"sm\">S\u00ed<\/td>\n<\/tr>\n<tr data-start=\"2141\" data-end=\"2160\">\n<td data-start=\"2141\" data-end=\"2153\" data-col-size=\"sm\">Apilable<\/td>\n<td data-start=\"2153\" data-end=\"2160\" data-col-size=\"sm\">S\u00ed<\/td>\n<\/tr>\n<\/tbody>\n<\/table>\n<\/div>\n<\/div>\n<hr data-start=\"2162\" data-end=\"2165\">\n<h3 data-start=\"2167\" data-end=\"2190\">Dimensiones externas<\/h3>\n<div class=\"TyagGW_tableContainer\">\n<div class=\"group TyagGW_tableWrapper flex w-fit flex-col-reverse\" tabindex=\"-1\">\n<table class=\"w-fit min-w-(--thread-content-width)\" data-start=\"2192\" data-end=\"2296\">\n<thead data-start=\"2192\" data-end=\"2215\">\n<tr data-start=\"2192\" data-end=\"2215\">\n<th data-start=\"2192\" data-end=\"2206\" data-col-size=\"sm\">Medida<\/th>\n<th data-start=\"2206\" data-end=\"2215\" data-col-size=\"sm\">Valor<\/th>\n<\/tr>\n<\/thead>\n<tbody data-start=\"2232\" data-end=\"2296\">\n<tr data-start=\"2232\" data-end=\"2253\">\n<td data-start=\"2232\" data-end=\"2241\" data-col-size=\"sm\">Longitud<\/td>\n<td data-start=\"2241\" data-end=\"2253\" data-col-size=\"sm\">6058 mm<\/td>\n<\/tr>\n<tr data-start=\"2254\" data-end=\"2274\">\n<td data-start=\"2254\" data-end=\"2262\" data-col-size=\"sm\">Anchura<\/td>\n<td data-start=\"2262\" data-end=\"2274\" data-col-size=\"sm\">2438 mm<\/td>\n<\/tr>\n<tr data-start=\"2275\" data-end=\"2296\">\n<td data-start=\"2275\" data-end=\"2284\" data-col-size=\"sm\">Altura<\/td>\n<td data-start=\"2284\" data-end=\"2296\" data-col-size=\"sm\">2896 mm<\/td>\n<\/tr>\n<\/tbody>\n<\/table>\n<\/div>\n<\/div>\n<hr data-start=\"2298\" data-end=\"2301\">\n<h3 data-start=\"2303\" data-end=\"2326\">Dimensiones internas<\/h3>\n<div class=\"TyagGW_tableContainer\">\n<div class=\"group TyagGW_tableWrapper flex w-fit flex-col-reverse\" tabindex=\"-1\">\n<table class=\"w-fit min-w-(--thread-content-width)\" data-start=\"2328\" data-end=\"2456\">\n<thead data-start=\"2328\" data-end=\"2351\">\n<tr data-start=\"2328\" data-end=\"2351\">\n<th data-start=\"2328\" data-end=\"2342\" data-col-size=\"sm\">Medida<\/th>\n<th data-start=\"2342\" data-end=\"2351\" data-col-size=\"sm\">Valor<\/th>\n<\/tr>\n<\/thead>\n<tbody data-start=\"2368\" data-end=\"2456\">\n<tr data-start=\"2368\" data-end=\"2397\">\n<td data-start=\"2368\" data-end=\"2377\" data-col-size=\"sm\">Longitud<\/td>\n<td data-start=\"2377\" data-end=\"2397\" data-col-size=\"sm\">Aprox. 5898 mm<\/td>\n<\/tr>\n<tr data-start=\"2398\" data-end=\"2426\">\n<td data-start=\"2398\" data-end=\"2406\" data-col-size=\"sm\">Anchura<\/td>\n<td data-start=\"2406\" data-end=\"2426\" data-col-size=\"sm\">Aprox. 2352 mm<\/td>\n<\/tr>\n<tr data-start=\"2427\" data-end=\"2456\">\n<td data-start=\"2427\" data-end=\"2436\" data-col-size=\"sm\">Altura<\/td>\n<td data-start=\"2436\" data-end=\"2456\" data-col-size=\"sm\">Aprox. 2698 mm<\/td>\n<\/tr>\n<\/tbody>\n<\/table>\n<\/div>\n<\/div>\n<hr data-start=\"2458\" data-end=\"2461\">\n<h3 data-start=\"2463\" data-end=\"2491\">Dimensiones de la puerta y acceso<\/h3>\n<div class=\"TyagGW_tableContainer\">\n<div class=\"group TyagGW_tableWrapper flex w-fit flex-col-reverse\" tabindex=\"-1\">\n<table class=\"w-fit min-w-(--thread-content-width)\" data-start=\"2493\" data-end=\"2662\">\n<thead data-start=\"2493\" data-end=\"2518\">\n<tr data-start=\"2493\" data-end=\"2518\">\n<th data-start=\"2493\" data-end=\"2503\" data-col-size=\"sm\">Caracter\u00edstica<\/th>\n<th data-start=\"2503\" data-end=\"2518\" data-col-size=\"sm\">Medida<\/th>\n<\/tr>\n<\/thead>\n<tbody data-start=\"2540\" data-end=\"2662\">\n<tr data-start=\"2540\" data-end=\"2581\">\n<td data-start=\"2540\" data-end=\"2561\" data-col-size=\"sm\">Anchura de apertura de la puerta<\/td>\n<td data-start=\"2561\" data-end=\"2581\" data-col-size=\"sm\">Aprox. 2343 mm<\/td>\n<\/tr>\n<tr data-start=\"2582\" data-end=\"2624\">\n<td data-start=\"2582\" data-end=\"2604\" data-col-size=\"sm\">Altura de apertura de la puerta<\/td>\n<td data-start=\"2604\" data-end=\"2624\" data-col-size=\"sm\">Aprox. 2585 mm<\/td>\n<\/tr>\n<tr data-start=\"2625\" data-end=\"2662\">\n<td data-start=\"2625\" data-end=\"2646\" data-col-size=\"sm\">\u00c1ngulo de apertura de la puerta<\/td>\n<td data-start=\"2646\" data-end=\"2662\" data-col-size=\"sm\">Aprox. 270\u00b0<\/td>\n<\/tr>\n<\/tbody>\n<\/table>\n<\/div>\n<\/div>\n<hr data-start=\"2664\" data-end=\"2667\">\n<h3 data-start=\"2669\" data-end=\"2706\">Dimensiones: puertas cerradas frente a puertas abiertas<\/h3>\n<div class=\"TyagGW_tableContainer\">\n<div class=\"group TyagGW_tableWrapper flex w-fit flex-col-reverse\" tabindex=\"-1\">\n<table class=\"w-fit min-w-(--thread-content-width)\" data-start=\"2708\" data-end=\"2957\">\n<thead data-start=\"2708\" data-end=\"2737\">\n<tr data-start=\"2708\" data-end=\"2737\">\n<th data-start=\"2708\" data-end=\"2724\" data-col-size=\"sm\">Configuraci\u00f3n<\/th>\n<th data-start=\"2724\" data-end=\"2737\" data-col-size=\"sm\">Dimensi\u00f3n<\/th>\n<\/tr>\n<\/thead>\n<tbody data-start=\"2759\" data-end=\"2957\">\n<tr data-start=\"2759\" data-end=\"2801\">\n<td data-start=\"2759\" data-end=\"2789\" data-col-size=\"sm\">Longitud total (puertas cerradas)<\/td>\n<td data-start=\"2789\" data-end=\"2801\" data-col-size=\"sm\">6058 mm<\/td>\n<\/tr>\n<tr data-start=\"2802\" data-end=\"2857\">\n<td data-start=\"2802\" data-end=\"2837\" data-col-size=\"sm\">Longitud total (puertas abiertas a 90\u00b0)<\/td>\n<td data-start=\"2837\" data-end=\"2857\" data-col-size=\"sm\">Aprox. 6700 mm<\/td>\n<\/tr>\n<tr data-start=\"2858\" data-end=\"2914\">\n<td data-start=\"2858\" data-end=\"2894\" data-col-size=\"sm\">Longitud total (puertas abiertas a 270\u00b0)<\/td>\n<td data-start=\"2894\" data-end=\"2914\" data-col-size=\"sm\">Aprox. 7200 mm<\/td>\n<\/tr>\n<tr data-start=\"2915\" data-end=\"2957\">\n<td data-start=\"2915\" data-end=\"2936\" data-col-size=\"sm\">Espacio libre necesario<\/td>\n<td data-start=\"2936\" data-end=\"2957\" data-col-size=\"sm\">M\u00edn. 800\u20131200 mm<\/td>\n<\/tr>\n<\/tbody>\n<\/table>\n<\/div>\n<\/div>\n<hr data-start=\"2959\" data-end=\"2962\">\n<h3 data-start=\"2964\" data-end=\"2985\">Peso y capacidad<\/h3>\n<div class=\"TyagGW_tableContainer\">\n<div class=\"group TyagGW_tableWrapper flex w-fit flex-col-reverse\" tabindex=\"-1\">\n<table class=\"w-fit min-w-(--thread-content-width)\" data-start=\"2987\" data-end=\"3231\">\n<thead data-start=\"2987\" data-end=\"3014\">\n<tr data-start=\"2987\" data-end=\"3014\">\n<th data-start=\"2987\" data-end=\"2997\" data-col-size=\"sm\">Caracter\u00edstica<\/th>\n<th data-start=\"2997\" data-end=\"3014\" data-col-size=\"sm\">Especificaci\u00f3n<\/th>\n<\/tr>\n<\/thead>\n<tbody data-start=\"3038\" data-end=\"3231\">\n<tr data-start=\"3038\" data-end=\"3072\">\n<td data-start=\"3038\" data-end=\"3052\" data-col-size=\"sm\">Peso en vac\u00edo<\/td>\n<td data-start=\"3052\" data-end=\"3072\" data-col-size=\"sm\">Aprox. 2350 kg<\/td>\n<\/tr>\n<tr data-start=\"3073\" data-end=\"3112\">\n<td data-start=\"3073\" data-end=\"3091\" data-col-size=\"sm\">Carga \u00fatil m\u00e1xima<\/td>\n<td data-start=\"3091\" data-end=\"3112\" data-col-size=\"sm\">Aprox. 30 150 kg<\/td>\n<\/tr>\n<tr data-start=\"3113\" data-end=\"3149\">\n<td data-start=\"3113\" data-end=\"3136\" data-col-size=\"sm\">Peso bruto m\u00e1ximo<\/td>\n<td data-start=\"3136\" data-end=\"3149\" data-col-size=\"sm\">32&nbsp;500 kg<\/td>\n<\/tr>\n<tr data-start=\"3150\" data-end=\"3187\">\n<td data-start=\"3150\" data-end=\"3168\" data-col-size=\"sm\">Volumen interno<\/td>\n<td data-start=\"3168\" data-end=\"3187\" data-col-size=\"sm\">Aprox. 37,4 m\u00b3<\/td>\n<\/tr>\n<tr data-start=\"3188\" data-end=\"3231\">\n<td data-start=\"3188\" data-end=\"3211\" data-col-size=\"sm\">Capacidad de europalets<\/td>\n<td data-start=\"3211\" data-end=\"3231\" data-col-size=\"sm\">Hasta 11 palets<\/td>\n<\/tr>\n<\/tbody>\n<\/table>\n<\/div>\n<\/div>\n","protected":false},"excerpt":{"rendered":"<p>El contenedor mar\u00edtimo High Cube de 20 pies de un solo viaje proporciona mayor altura interna para un almacenamiento vertical eficiente. Utilizado solo una vez para el transporte de carga, est\u00e1 en condiciones casi nuevas y ofrece una protecci\u00f3n duradera y herm\u00e9tica, ideal para proyectos de almacenamiento, log\u00edstica y conversi\u00f3n de contenedores que requieren espacio libre adicional. <\/p>\n","protected":false},"featured_media":1499,"comment_status":"open","ping_status":"closed","template":"","meta":{"_kad_blocks_custom_css":"","_kad_blocks_head_custom_js":"","_kad_blocks_body_custom_js":"","_kad_blocks_footer_custom_js":"","_kad_post_transparent":"","_kad_post_title":"","_kad_post_layout":"","_kad_post_sidebar_id":"","_kad_post_content_style":"","_kad_post_vertical_padding":"","_kad_post_feature":"","_kad_post_feature_position":"","_kad_post_header":false,"_kad_post_footer":false,"_kad_post_classname":""},"product_brand":[],"product_cat":[233,108],"product_tag":[],"product_brands":[313],"class_list":{"0":"post-1483","1":"product","2":"type-product","3":"status-publish","4":"has-post-thumbnail","6":"product_cat-contenedor-de-20-pies","7":"product_cat-contenedores-estandar","8":"pa_container-condition-nuevo-un-viaje","9":"pa_container-type-contenedor-estandar","10":"pa_contanier-size-high-cube-de-20-pies","11":"product_brands-leixoes-portugal","13":"first","14":"instock","15":"taxable","16":"shipping-taxable","17":"purchasable","18":"product-type-simple","19":"entry","20":"content-bg","21":"loop-entry"},"taxonomy_info":{"product_cat":[{"value":233,"label":"Contenedor de 20 pies"},{"value":108,"label":"Contenedores est\u00e1ndar"}],"pa_container-condition":[{"value":105,"label":"Nuevo (un viaje)"}],"pa_container-type":[{"value":106,"label":"Contenedor est\u00e1ndar"}],"pa_contanier-size":[{"value":117,"label":"High Cube de 20 pies"}],"product_brands":[{"value":313,"label":"Leix\u00f5es, Portugal"}]},"featured_image_src_large":["https:\/\/olborglogistics.com\/wp-content\/uploads\/2025\/12\/lodni-kontejnery-na-prodej-cena-lodniho-kontejneru-20-hc.jpg",750,563,false],"author_info":[],"comment_info":0,"_links":{"self":[{"href":"https:\/\/olborglogistics.com\/es\/wp-json\/wp\/v2\/product\/1483","targetHints":{"allow":["GET"]}}],"collection":[{"href":"https:\/\/olborglogistics.com\/es\/wp-json\/wp\/v2\/product"}],"about":[{"href":"https:\/\/olborglogistics.com\/es\/wp-json\/wp\/v2\/types\/product"}],"replies":[{"embeddable":true,"href":"https:\/\/olborglogistics.com\/es\/wp-json\/wp\/v2\/comments?post=1483"}],"wp:featuredmedia":[{"embeddable":true,"href":"https:\/\/olborglogistics.com\/es\/wp-json\/wp\/v2\/media\/1499"}],"wp:attachment":[{"href":"https:\/\/olborglogistics.com\/es\/wp-json\/wp\/v2\/media?parent=1483"}],"wp:term":[{"taxonomy":"product_brand","embeddable":true,"href":"https:\/\/olborglogistics.com\/es\/wp-json\/wp\/v2\/product_brand?post=1483"},{"taxonomy":"product_cat","embeddable":true,"href":"https:\/\/olborglogistics.com\/es\/wp-json\/wp\/v2\/product_cat?post=1483"},{"taxonomy":"product_tag","embeddable":true,"href":"https:\/\/olborglogistics.com\/es\/wp-json\/wp\/v2\/product_tag?post=1483"},{"taxonomy":"product_brands","embeddable":true,"href":"https:\/\/olborglogistics.com\/es\/wp-json\/wp\/v2\/product_brands?post=1483"}],"curies":[{"name":"wp","href":"https:\/\/api.w.org\/{rel}","templated":true}]}}