{"id":1459,"date":"2025-12-22T07:11:06","date_gmt":"2025-12-22T07:11:06","guid":{"rendered":"https:\/\/olborglogistics.com\/product\/contenedor-maritimo-high-cube-de-10-pies-nuevo\/"},"modified":"2026-01-25T23:14:14","modified_gmt":"2026-01-25T23:14:14","slug":"contenedor-maritimo-high-cube-de-10-pies-nuevo","status":"publish","type":"product","link":"https:\/\/olborglogistics.com\/es\/producto\/contenedor-maritimo-high-cube-de-10-pies-nuevo\/","title":{"rendered":"Contenedor mar\u00edtimo High Cube de 10 pies, nuevo"},"content":{"rendered":"<article class=\"text-token-text-primary w-full focus:outline-none [--shadow-height:45px] has-data-writing-block:pointer-events-none has-data-writing-block:-mt-(--shadow-height) has-data-writing-block:pt-(--shadow-height) [&amp;:has([data-writing-block])&gt;*]:pointer-events-auto scroll-mt-(--header-height)\" dir=\"auto\" tabindex=\"-1\" data-turn-id=\"1656b4cc-9403-4e40-b781-339ad369ad27\" data-testid=\"conversation-turn-23\" data-scroll-anchor=\"false\" data-turn=\"user\">\n<div class=\"text-base my-auto mx-auto pt-12 [--thread-content-margin:--spacing(4)] @w-sm\/main:[--thread-content-margin:--spacing(6)] @w-lg\/main:[--thread-content-margin:--spacing(16)] px-(--thread-content-margin)\">\n<div class=\"[--thread-content-max-width:40rem] @w-lg\/main:[--thread-content-max-width:48rem] mx-auto max-w-(--thread-content-max-width) flex-1 group\/turn-messages focus-visible:outline-hidden relative flex w-full min-w-0 flex-col\" tabindex=\"-1\">\n<div class=\"flex max-w-full flex-col grow\">\n<div class=\"min-h-8 text-message relative flex w-full flex-col items-end gap-2 text-start break-words whitespace-normal [.text-message+&amp;]:mt-1\" dir=\"auto\" data-message-author-role=\"user\" data-message-id=\"1656b4cc-9403-4e40-b781-339ad369ad27\">\n<div class=\"flex w-full flex-col gap-1 empty:hidden items-end rtl:items-start\">\n<div class=\"user-message-bubble-color corner-superellipse\/1.1 relative rounded-[18px] px-4 py-1.5 data-[multiline]:py-3 max-w-[var(--user-chat-width,70%)]\" data-multiline=\"\"><\/div>\n<\/div>\n<\/div>\n<\/div>\n<\/div>\n<\/div>\n<\/article>\n<article class=\"text-token-text-primary w-full focus:outline-none [--shadow-height:45px] has-data-writing-block:pointer-events-none has-data-writing-block:-mt-(--shadow-height) has-data-writing-block:pt-(--shadow-height) [&amp;:has([data-writing-block])&gt;*]:pointer-events-auto scroll-mt-[calc(var(--header-height)+min(200px,max(70px,20svh)))]\" dir=\"auto\" tabindex=\"-1\" data-turn-id=\"request-69472639-30a4-832e-81e7-02987b101fa9-2\" data-testid=\"conversation-turn-24\" data-scroll-anchor=\"true\" data-turn=\"assistant\">\n<div class=\"text-base my-auto mx-auto pb-10 [--thread-content-margin:--spacing(4)] @w-sm\/main:[--thread-content-margin:--spacing(6)] @w-lg\/main:[--thread-content-margin:--spacing(16)] px-(--thread-content-margin)\">\n<div class=\"[--thread-content-max-width:40rem] @w-lg\/main:[--thread-content-max-width:48rem] mx-auto max-w-(--thread-content-max-width) flex-1 group\/turn-messages focus-visible:outline-hidden relative flex w-full min-w-0 flex-col agent-turn\" tabindex=\"-1\">\n<div class=\"flex max-w-full flex-col grow\">\n<div class=\"min-h-8 text-message relative flex w-full flex-col items-end gap-2 text-start break-words whitespace-normal [.text-message+&amp;]:mt-1\" dir=\"auto\" data-message-author-role=\"assistant\" data-message-id=\"c9d35873-fff3-4533-98f1-c1aeb5f49f69\" data-message-model-slug=\"gpt-5-2\">\n<div class=\"flex w-full flex-col gap-1 empty:hidden first:pt-[1px]\">\n<div class=\"markdown prose dark:prose-invert w-full break-words dark markdown-new-styling\">\n<div class=\"text-base my-auto mx-auto pb-10 [--thread-content-margin:--spacing(4)] @w-sm\/main:[--thread-content-margin:--spacing(6)] @w-lg\/main:[--thread-content-margin:--spacing(16)] px-(--thread-content-margin)\">\n<div class=\"[--thread-content-max-width:40rem] @w-lg\/main:[--thread-content-max-width:48rem] mx-auto max-w-(--thread-content-max-width) flex-1 group\/turn-messages focus-visible:outline-hidden relative flex w-full min-w-0 flex-col agent-turn\" tabindex=\"-1\">\n<div class=\"flex max-w-full flex-col grow\">\n<div class=\"min-h-8 text-message relative flex w-full flex-col items-end gap-2 text-start break-words whitespace-normal [.text-message+&amp;]:mt-1\" dir=\"auto\" data-message-author-role=\"assistant\" data-message-id=\"c9d35873-fff3-4533-98f1-c1aeb5f49f69\" data-message-model-slug=\"gpt-5-2\">\n<div class=\"flex w-full flex-col gap-1 empty:hidden first:pt-[1px]\">\n<div class=\"markdown prose dark:prose-invert w-full break-words dark markdown-new-styling\">\n<p data-start=\"639\" data-end=\"976\">El <strong data-start=\"643\" data-end=\"689\">contenedor mar\u00edtimo High Cube One-Trip de 10 pies<\/strong> es la soluci\u00f3n perfecta para los clientes que necesitan m\u00e1s altura interior sin aumentar el espacio en el suelo. En comparaci\u00f3n con los contenedores est\u00e1ndar de 10 pies, la versi\u00f3n High Cube ofrece un espacio libre adicional, lo que la hace especialmente adecuada para equipos m\u00e1s altos, sistemas de estanter\u00edas y aplicaciones de espacios de trabajo.<\/p>\n<p data-start=\"978\" data-end=\"1315\">Habiendo completado solo un viaje de carga, este contenedor se encuentra en excelentes condiciones, casi como nuevo, con un desgaste m\u00ednimo. Est\u00e1 construido con <strong data-start=\"1131\" data-end=\"1147\">acero corten<\/strong> de alta resistencia, lo que garantiza una resistencia a largo plazo a la corrosi\u00f3n y a las duras condiciones clim\u00e1ticas. El contenedor es totalmente estanco al viento y al agua, lo que proporciona una protecci\u00f3n fiable para los bienes almacenados.  <\/p>\n<p data-start=\"1317\" data-end=\"1714\">Equipado con puertas de carga dobles de alta resistencia y barras de bloqueo seguras, el contenedor permite un f\u00e1cil acceso al tiempo que mantiene un alto nivel de seguridad. El suelo de madera contrachapada marina soporta cargas pesadas y el uso diario. Gracias a su mayor altura interna, este contenedor se utiliza com\u00fanmente para almacenamiento t\u00e9cnico, talleres m\u00f3viles, garajes y proyectos de contenedores personalizados donde el espacio vertical es fundamental.  <\/p>\n<p data-start=\"1716\" data-end=\"1899\">El contenedor High Cube de 10 pies combina flexibilidad, durabilidad y una utilizaci\u00f3n eficiente del espacio, lo que lo convierte en una alternativa inteligente a los contenedores m\u00e1s grandes cuando la altura importa m\u00e1s que la longitud.<\/p>\n<hr data-start=\"1901\" data-end=\"1904\">\n<h2 data-start=\"1906\" data-end=\"1933\">Especificaciones t\u00e9cnicas<\/h2>\n<h3 data-start=\"1935\" data-end=\"1958\">Informaci\u00f3n general<\/h3>\n<div class=\"TyagGW_tableContainer\">\n<div class=\"group TyagGW_tableWrapper flex w-fit flex-col-reverse\" tabindex=\"-1\">\n<table class=\"w-fit min-w-(--thread-content-width)\" data-start=\"1960\" data-end=\"2310\">\n<thead data-start=\"1960\" data-end=\"1987\">\n<tr data-start=\"1960\" data-end=\"1987\">\n<th data-start=\"1960\" data-end=\"1970\" data-col-size=\"sm\">Caracter\u00edstica<\/th>\n<th data-start=\"1970\" data-end=\"1987\" data-col-size=\"sm\">Especificaci\u00f3n<\/th>\n<\/tr>\n<\/thead>\n<tbody data-start=\"2011\" data-end=\"2310\">\n<tr data-start=\"2011\" data-end=\"2065\">\n<td data-start=\"2011\" data-end=\"2028\" data-col-size=\"sm\">Tipo de contenedor<\/td>\n<td data-start=\"2028\" data-end=\"2065\" data-col-size=\"sm\">Contenedor mar\u00edtimo High Cube de 10 pies<\/td>\n<\/tr>\n<tr data-start=\"2066\" data-end=\"2103\">\n<td data-start=\"2066\" data-end=\"2078\" data-col-size=\"sm\">Estado<\/td>\n<td data-start=\"2078\" data-end=\"2103\" data-col-size=\"sm\">Un viaje (casi nuevo)<\/td>\n<\/tr>\n<tr data-start=\"2104\" data-end=\"2151\">\n<td data-start=\"2104\" data-end=\"2115\" data-col-size=\"sm\">Material<\/td>\n<td data-start=\"2115\" data-end=\"2151\" data-col-size=\"sm\">Acero corten (resistente a la intemperie)<\/td>\n<\/tr>\n<tr data-start=\"2152\" data-end=\"2178\">\n<td data-start=\"2152\" data-end=\"2160\" data-col-size=\"sm\">Suelo<\/td>\n<td data-start=\"2160\" data-end=\"2178\" data-col-size=\"sm\">Madera contrachapada marina<\/td>\n<\/tr>\n<tr data-start=\"2179\" data-end=\"2209\">\n<td data-start=\"2179\" data-end=\"2187\" data-col-size=\"sm\">Puertas<\/td>\n<td data-start=\"2187\" data-end=\"2209\" data-col-size=\"sm\">Puertas de carga dobles<\/td>\n<\/tr>\n<tr data-start=\"2210\" data-end=\"2243\">\n<td data-start=\"2210\" data-end=\"2227\" data-col-size=\"sm\">Sistema de cierre<\/td>\n<td data-start=\"2227\" data-end=\"2243\" data-col-size=\"sm\">Barras de bloqueo<\/td>\n<\/tr>\n<tr data-start=\"2244\" data-end=\"2270\">\n<td data-start=\"2244\" data-end=\"2263\" data-col-size=\"sm\">Bolsillos para carretilla elevadora<\/td>\n<td data-start=\"2263\" data-end=\"2270\" data-col-size=\"sm\">S\u00ed<\/td>\n<\/tr>\n<tr data-start=\"2271\" data-end=\"2310\">\n<td data-start=\"2271\" data-end=\"2283\" data-col-size=\"sm\">Apilable<\/td>\n<td data-start=\"2283\" data-end=\"2310\" data-col-size=\"sm\">S\u00ed (con restricciones)<\/td>\n<\/tr>\n<\/tbody>\n<\/table>\n<\/div>\n<\/div>\n<hr data-start=\"2312\" data-end=\"2315\">\n<h3 data-start=\"2317\" data-end=\"2340\">Dimensiones externas<\/h3>\n<div class=\"TyagGW_tableContainer\">\n<div class=\"group TyagGW_tableWrapper flex w-fit flex-col-reverse\" tabindex=\"-1\">\n<table class=\"w-fit min-w-(--thread-content-width)\" data-start=\"2342\" data-end=\"2446\">\n<thead data-start=\"2342\" data-end=\"2365\">\n<tr data-start=\"2342\" data-end=\"2365\">\n<th data-start=\"2342\" data-end=\"2356\" data-col-size=\"sm\">Medida<\/th>\n<th data-start=\"2356\" data-end=\"2365\" data-col-size=\"sm\">Valor<\/th>\n<\/tr>\n<\/thead>\n<tbody data-start=\"2382\" data-end=\"2446\">\n<tr data-start=\"2382\" data-end=\"2403\">\n<td data-start=\"2382\" data-end=\"2391\" data-col-size=\"sm\">Longitud<\/td>\n<td data-start=\"2391\" data-end=\"2403\" data-col-size=\"sm\">2991 mm<\/td>\n<\/tr>\n<tr data-start=\"2404\" data-end=\"2424\">\n<td data-start=\"2404\" data-end=\"2412\" data-col-size=\"sm\">Anchura<\/td>\n<td data-start=\"2412\" data-end=\"2424\" data-col-size=\"sm\">2438 mm<\/td>\n<\/tr>\n<tr data-start=\"2425\" data-end=\"2446\">\n<td data-start=\"2425\" data-end=\"2434\" data-col-size=\"sm\">Altura<\/td>\n<td data-start=\"2434\" data-end=\"2446\" data-col-size=\"sm\">2896 mm<\/td>\n<\/tr>\n<\/tbody>\n<\/table>\n<\/div>\n<\/div>\n<hr data-start=\"2448\" data-end=\"2451\">\n<h3 data-start=\"2453\" data-end=\"2476\">Dimensiones internas<\/h3>\n<div class=\"TyagGW_tableContainer\">\n<div class=\"group TyagGW_tableWrapper flex w-fit flex-col-reverse\" tabindex=\"-1\">\n<table class=\"w-fit min-w-(--thread-content-width)\" data-start=\"2478\" data-end=\"2606\">\n<thead data-start=\"2478\" data-end=\"2501\">\n<tr data-start=\"2478\" data-end=\"2501\">\n<th data-start=\"2478\" data-end=\"2492\" data-col-size=\"sm\">Medida<\/th>\n<th data-start=\"2492\" data-end=\"2501\" data-col-size=\"sm\">Valor<\/th>\n<\/tr>\n<\/thead>\n<tbody data-start=\"2518\" data-end=\"2606\">\n<tr data-start=\"2518\" data-end=\"2547\">\n<td data-start=\"2518\" data-end=\"2527\" data-col-size=\"sm\">Longitud<\/td>\n<td data-start=\"2527\" data-end=\"2547\" data-col-size=\"sm\">Aprox. 2830 mm<\/td>\n<\/tr>\n<tr data-start=\"2548\" data-end=\"2576\">\n<td data-start=\"2548\" data-end=\"2556\" data-col-size=\"sm\">Anchura<\/td>\n<td data-start=\"2556\" data-end=\"2576\" data-col-size=\"sm\">Aprox. 2350 mm<\/td>\n<\/tr>\n<tr data-start=\"2577\" data-end=\"2606\">\n<td data-start=\"2577\" data-end=\"2586\" data-col-size=\"sm\">Altura<\/td>\n<td data-start=\"2586\" data-end=\"2606\" data-col-size=\"sm\">Aprox. 2690 mm<\/td>\n<\/tr>\n<\/tbody>\n<\/table>\n<\/div>\n<\/div>\n<hr data-start=\"2608\" data-end=\"2611\">\n<h3 data-start=\"2613\" data-end=\"2641\">Dimensiones de la puerta y acceso<\/h3>\n<div class=\"TyagGW_tableContainer\">\n<div class=\"group TyagGW_tableWrapper flex w-fit flex-col-reverse\" tabindex=\"-1\">\n<table class=\"w-fit min-w-(--thread-content-width)\" data-start=\"2643\" data-end=\"2812\">\n<thead data-start=\"2643\" data-end=\"2668\">\n<tr data-start=\"2643\" data-end=\"2668\">\n<th data-start=\"2643\" data-end=\"2653\" data-col-size=\"sm\">Caracter\u00edstica<\/th>\n<th data-start=\"2653\" data-end=\"2668\" data-col-size=\"sm\">Medida<\/th>\n<\/tr>\n<\/thead>\n<tbody data-start=\"2690\" data-end=\"2812\">\n<tr data-start=\"2690\" data-end=\"2731\">\n<td data-start=\"2690\" data-end=\"2711\" data-col-size=\"sm\">Anchura de apertura de la puerta<\/td>\n<td data-start=\"2711\" data-end=\"2731\" data-col-size=\"sm\">Aprox. 2340 mm<\/td>\n<\/tr>\n<tr data-start=\"2732\" data-end=\"2774\">\n<td data-start=\"2732\" data-end=\"2754\" data-col-size=\"sm\">Altura de apertura de la puerta<\/td>\n<td data-start=\"2754\" data-end=\"2774\" data-col-size=\"sm\">Aprox. 2585 mm<\/td>\n<\/tr>\n<tr data-start=\"2775\" data-end=\"2812\">\n<td data-start=\"2775\" data-end=\"2796\" data-col-size=\"sm\">\u00c1ngulo de apertura de la puerta<\/td>\n<td data-start=\"2796\" data-end=\"2812\" data-col-size=\"sm\">Aprox. 270\u00b0<\/td>\n<\/tr>\n<\/tbody>\n<\/table>\n<\/div>\n<\/div>\n<hr data-start=\"2814\" data-end=\"2817\">\n<h3 data-start=\"2819\" data-end=\"2856\">Dimensiones: puertas cerradas frente a puertas abiertas<\/h3>\n<div class=\"TyagGW_tableContainer\">\n<div class=\"group TyagGW_tableWrapper flex w-fit flex-col-reverse\" tabindex=\"-1\">\n<table class=\"w-fit min-w-(--thread-content-width)\" data-start=\"2858\" data-end=\"3107\">\n<thead data-start=\"2858\" data-end=\"2887\">\n<tr data-start=\"2858\" data-end=\"2887\">\n<th data-start=\"2858\" data-end=\"2874\" data-col-size=\"sm\">Configuraci\u00f3n<\/th>\n<th data-start=\"2874\" data-end=\"2887\" data-col-size=\"sm\">Dimensi\u00f3n<\/th>\n<\/tr>\n<\/thead>\n<tbody data-start=\"2909\" data-end=\"3107\">\n<tr data-start=\"2909\" data-end=\"2951\">\n<td data-start=\"2909\" data-end=\"2939\" data-col-size=\"sm\">Longitud total (puertas cerradas)<\/td>\n<td data-start=\"2939\" data-end=\"2951\" data-col-size=\"sm\">2991 mm<\/td>\n<\/tr>\n<tr data-start=\"2952\" data-end=\"3007\">\n<td data-start=\"2952\" data-end=\"2987\" data-col-size=\"sm\">Longitud total (puertas abiertas a 90\u00b0)<\/td>\n<td data-start=\"2987\" data-end=\"3007\" data-col-size=\"sm\">Aprox. 3600 mm<\/td>\n<\/tr>\n<tr data-start=\"3008\" data-end=\"3064\">\n<td data-start=\"3008\" data-end=\"3044\" data-col-size=\"sm\">Longitud total (puertas abiertas a 270\u00b0)<\/td>\n<td data-start=\"3044\" data-end=\"3064\" data-col-size=\"sm\">Aprox. 4100 mm<\/td>\n<\/tr>\n<tr data-start=\"3065\" data-end=\"3107\">\n<td data-start=\"3065\" data-end=\"3086\" data-col-size=\"sm\">Espacio libre necesario<\/td>\n<td data-start=\"3086\" data-end=\"3107\" data-col-size=\"sm\">M\u00edn. 800\u20131200 mm<\/td>\n<\/tr>\n<\/tbody>\n<\/table>\n<\/div>\n<\/div>\n<hr data-start=\"3109\" data-end=\"3112\">\n<h3 data-start=\"3114\" data-end=\"3135\">Peso y capacidad<\/h3>\n<div class=\"TyagGW_tableContainer\">\n<div class=\"group TyagGW_tableWrapper flex w-fit flex-col-reverse\" tabindex=\"-1\">\n<table class=\"w-fit min-w-(--thread-content-width)\" data-start=\"3137\" data-end=\"3386\">\n<thead data-start=\"3137\" data-end=\"3164\">\n<tr data-start=\"3137\" data-end=\"3164\">\n<th data-start=\"3137\" data-end=\"3147\" data-col-size=\"sm\">Caracter\u00edstica<\/th>\n<th data-start=\"3147\" data-end=\"3164\" data-col-size=\"sm\">Especificaci\u00f3n<\/th>\n<\/tr>\n<\/thead>\n<tbody data-start=\"3188\" data-end=\"3386\">\n<tr data-start=\"3188\" data-end=\"3222\">\n<td data-start=\"3188\" data-end=\"3202\" data-col-size=\"sm\">Peso en vac\u00edo<\/td>\n<td data-start=\"3202\" data-end=\"3222\" data-col-size=\"sm\">Aprox. 1450 kg<\/td>\n<\/tr>\n<tr data-start=\"3223\" data-end=\"3262\">\n<td data-start=\"3223\" data-end=\"3241\" data-col-size=\"sm\">Carga \u00fatil m\u00e1xima<\/td>\n<td data-start=\"3241\" data-end=\"3262\" data-col-size=\"sm\">Aprox. 10&nbsp;000 kg<\/td>\n<\/tr>\n<tr data-start=\"3263\" data-end=\"3307\">\n<td data-start=\"3263\" data-end=\"3286\" data-col-size=\"sm\">Peso bruto m\u00e1ximo<\/td>\n<td data-start=\"3286\" data-end=\"3307\" data-col-size=\"sm\">Aprox. 11&nbsp;450 kg<\/td>\n<\/tr>\n<tr data-start=\"3308\" data-end=\"3343\">\n<td data-start=\"3308\" data-end=\"3326\" data-col-size=\"sm\">Volumen interno<\/td>\n<td data-start=\"3326\" data-end=\"3343\" data-col-size=\"sm\">Aprox. 18 m\u00b3<\/td>\n<\/tr>\n<tr data-start=\"3344\" data-end=\"3386\">\n<td data-start=\"3344\" data-end=\"3367\" data-col-size=\"sm\">Capacidad de europalets<\/td>\n<td data-start=\"3367\" data-end=\"3386\" data-col-size=\"sm\">Hasta 5 palets<\/td>\n<\/tr>\n<\/tbody>\n<\/table>\n<\/div>\n<\/div>\n<\/div>\n<\/div>\n<\/div>\n<\/div>\n<\/div>\n<\/div>\n<\/div>\n<\/div>\n<\/div>\n<\/div>\n<\/div>\n<\/div>\n<\/article>\n","protected":false},"excerpt":{"rendered":"<p>El contenedor mar\u00edtimo High Cube de 10 pies de un solo viaje ofrece altura interna adicional en un espacio compacto. Utilizado solo una vez para el transporte de carga, proporciona un estado casi nuevo, un espacio de almacenamiento vertical mejorado y una protecci\u00f3n duradera contra la intemperie, ideal para almacenamiento, talleres y conversiones de contenedores. <\/p>\n","protected":false},"featured_media":1462,"comment_status":"open","ping_status":"closed","template":"","meta":{"_kad_blocks_custom_css":"","_kad_blocks_head_custom_js":"","_kad_blocks_body_custom_js":"","_kad_blocks_footer_custom_js":"","_kad_post_transparent":"","_kad_post_title":"","_kad_post_layout":"","_kad_post_sidebar_id":"","_kad_post_content_style":"","_kad_post_vertical_padding":"","_kad_post_feature":"","_kad_post_feature_position":"","_kad_post_header":false,"_kad_post_footer":false,"_kad_post_classname":""},"product_brand":[],"product_cat":[238,108],"product_tag":[],"product_brands":[315],"class_list":{"0":"post-1459","1":"product","2":"type-product","3":"status-publish","4":"has-post-thumbnail","6":"product_cat-contenedor-de-10-pies","7":"product_cat-contenedores-estandar","8":"pa_container-condition-nuevo-un-viaje","9":"pa_container-type-contenedor-estandar","10":"pa_contanier-size-high-cube-de-10-pies","11":"product_brands-barcelona-espana","13":"first","14":"instock","15":"sale","16":"taxable","17":"shipping-taxable","18":"purchasable","19":"product-type-simple","20":"entry","21":"content-bg","22":"loop-entry"},"taxonomy_info":{"product_cat":[{"value":238,"label":"Contenedor de 10 pies"},{"value":108,"label":"Contenedores est\u00e1ndar"}],"pa_container-condition":[{"value":105,"label":"Nuevo (un viaje)"}],"pa_container-type":[{"value":106,"label":"Contenedor est\u00e1ndar"}],"pa_contanier-size":[{"value":115,"label":"High Cube de 10 pies"}],"product_brands":[{"value":315,"label":"Barcelona, Espa\u00f1a"}]},"featured_image_src_large":["https:\/\/olborglogistics.com\/wp-content\/uploads\/2025\/12\/1_2.jpg",783,865,false],"author_info":[],"comment_info":0,"_links":{"self":[{"href":"https:\/\/olborglogistics.com\/es\/wp-json\/wp\/v2\/product\/1459","targetHints":{"allow":["GET"]}}],"collection":[{"href":"https:\/\/olborglogistics.com\/es\/wp-json\/wp\/v2\/product"}],"about":[{"href":"https:\/\/olborglogistics.com\/es\/wp-json\/wp\/v2\/types\/product"}],"replies":[{"embeddable":true,"href":"https:\/\/olborglogistics.com\/es\/wp-json\/wp\/v2\/comments?post=1459"}],"wp:featuredmedia":[{"embeddable":true,"href":"https:\/\/olborglogistics.com\/es\/wp-json\/wp\/v2\/media\/1462"}],"wp:attachment":[{"href":"https:\/\/olborglogistics.com\/es\/wp-json\/wp\/v2\/media?parent=1459"}],"wp:term":[{"taxonomy":"product_brand","embeddable":true,"href":"https:\/\/olborglogistics.com\/es\/wp-json\/wp\/v2\/product_brand?post=1459"},{"taxonomy":"product_cat","embeddable":true,"href":"https:\/\/olborglogistics.com\/es\/wp-json\/wp\/v2\/product_cat?post=1459"},{"taxonomy":"product_tag","embeddable":true,"href":"https:\/\/olborglogistics.com\/es\/wp-json\/wp\/v2\/product_tag?post=1459"},{"taxonomy":"product_brands","embeddable":true,"href":"https:\/\/olborglogistics.com\/es\/wp-json\/wp\/v2\/product_brands?post=1459"}],"curies":[{"name":"wp","href":"https:\/\/api.w.org\/{rel}","templated":true}]}}