{"id":1436,"date":"2025-12-21T22:34:54","date_gmt":"2025-12-21T22:34:54","guid":{"rendered":"https:\/\/olborglogistics.com\/product\/contenedor-maritimo-estandar-de-20-pies-nuevo-un-viaje\/"},"modified":"2026-01-26T10:56:32","modified_gmt":"2026-01-26T10:56:32","slug":"contenedor-maritimo-estandar-de-20-pies-nuevo-un-viaje","status":"publish","type":"product","link":"https:\/\/olborglogistics.com\/es\/producto\/contenedor-maritimo-estandar-de-20-pies-nuevo-un-viaje\/","title":{"rendered":"Contenedor mar\u00edtimo est\u00e1ndar de 20 pies nuevo (un viaje)"},"content":{"rendered":"<p data-start=\"537\" data-end=\"779\">El <strong data-start=\"541\" data-end=\"577\">contenedor mar\u00edtimo de un viaje de 20 pies<\/strong> representa el est\u00e1ndar m\u00e1s alto en calidad de contenedores. Utilizado solo una vez para transportar carga desde la f\u00e1brica, este contenedor est\u00e1 en condiciones casi nuevas, libre de da\u00f1os estructurales, desgaste intenso o corrosi\u00f3n. <\/p>\n<p data-start=\"781\" data-end=\"1091\">Fabricado con acero corten de alta calidad, est\u00e1 dise\u00f1ado para resistir condiciones clim\u00e1ticas adversas al tiempo que proporciona un almacenamiento seguro y confiable. El contenedor cuenta con puertas de carga originales con barras de bloqueo de alta resistencia, un piso de madera contrachapada marina s\u00f3lida y un sellado herm\u00e9tico completo para proteger los productos de la humedad y el polvo. <\/p>\n<p data-start=\"1093\" data-end=\"1397\">Este contenedor es ideal para clientes que buscan una soluci\u00f3n de almacenamiento a largo plazo, uso para exportaci\u00f3n o una base limpia para la conversi\u00f3n en oficinas, garajes, talleres u otras aplicaciones de contenedores modificados. Sus dimensiones est\u00e1ndar garantizan un f\u00e1cil transporte, apilamiento y compatibilidad con los sistemas de log\u00edstica global. <\/p>\n<p data-start=\"1093\" data-end=\"1397\">Obtenga este <a href=\"https:\/\/olborglogistics.com\/pl\/kontenery-20-stopowe\/\">contenedor de 20 pies<\/a> desde cualquiera de nuestros dep\u00f3sitos y rec\u00edbalo en su destino.<\/p>\n<h3 data-start=\"1404\" data-end=\"1437\">Caracter\u00edsticas y especificaciones clave<\/h3>\n<table>\n<thead>\n<tr>\n<th>Caracter\u00edstica<\/th>\n<th>Especificaci\u00f3n<\/th>\n<\/tr>\n<\/thead>\n<tbody>\n<tr>\n<td>Tipo de contenedor<\/td>\n<td>Est\u00e1ndar de 20 pies (TEU)<\/td>\n<\/tr>\n<tr>\n<td>C\u00f3digo ISO<\/td>\n<td>22G1<\/td>\n<\/tr>\n<tr>\n<td>Condici\u00f3n<\/td>\n<td>Nuevo (un viaje) o usado<\/td>\n<\/tr>\n<tr>\n<td>Material<\/td>\n<td>Acero corten (resistente a la intemperie)<\/td>\n<\/tr>\n<tr>\n<td>Tipo de suelo<\/td>\n<td>Madera contrachapada marina<\/td>\n<\/tr>\n<tr>\n<td>Puertas<\/td>\n<td>Puertas de carga dobles<\/td>\n<\/tr>\n<tr>\n<td>Sistema de bloqueo<\/td>\n<td>2 barras de bloqueo por puerta<\/td>\n<\/tr>\n<tr>\n<td>Bolsillos para carretilla elevadora<\/td>\n<td>S\u00ed<\/td>\n<\/tr>\n<tr>\n<td>Certificado CSC<\/td>\n<td>S\u00ed<\/td>\n<\/tr>\n<tr>\n<td>Apilable<\/td>\n<td>S\u00ed<\/td>\n<\/tr>\n<\/tbody>\n<\/table>\n<div class=\"TyagGW_tableContainer\">\n<h3 data-start=\"737\" data-end=\"760\">Dimensiones externas<\/h3>\n<div class=\"TyagGW_tableContainer\">\n<div class=\"group TyagGW_tableWrapper flex w-fit flex-col-reverse\" tabindex=\"-1\">\n<table class=\"w-fit min-w-(--thread-content-width)\" data-start=\"762\" data-end=\"893\">\n<thead data-start=\"762\" data-end=\"785\">\n<tr data-start=\"762\" data-end=\"785\">\n<th data-start=\"762\" data-end=\"776\" data-col-size=\"sm\">Medida<\/th>\n<th data-start=\"776\" data-end=\"785\" data-col-size=\"sm\">Valor<\/th>\n<\/tr>\n<\/thead>\n<tbody data-start=\"802\" data-end=\"893\">\n<tr data-start=\"802\" data-end=\"832\">\n<td data-start=\"802\" data-end=\"820\" data-col-size=\"sm\">Longitud externa<\/td>\n<td data-col-size=\"sm\" data-start=\"820\" data-end=\"832\">6058 mm<\/td>\n<\/tr>\n<tr data-start=\"833\" data-end=\"862\">\n<td data-start=\"833\" data-end=\"850\" data-col-size=\"sm\">Ancho externo<\/td>\n<td data-col-size=\"sm\" data-start=\"850\" data-end=\"862\">2438 mm<\/td>\n<\/tr>\n<tr data-start=\"863\" data-end=\"893\">\n<td data-start=\"863\" data-end=\"881\" data-col-size=\"sm\">Altura externa<\/td>\n<td data-col-size=\"sm\" data-start=\"881\" data-end=\"893\">2591 mm<\/td>\n<\/tr>\n<\/tbody>\n<\/table>\n<\/div>\n<h3 data-start=\"900\" data-end=\"923\">Dimensiones internas<\/h3>\n<div class=\"TyagGW_tableContainer\">\n<div class=\"group TyagGW_tableWrapper flex w-fit flex-col-reverse\" tabindex=\"-1\">\n<table class=\"w-fit min-w-(--thread-content-width)\" data-start=\"925\" data-end=\"1056\">\n<thead data-start=\"925\" data-end=\"948\">\n<tr data-start=\"925\" data-end=\"948\">\n<th data-start=\"925\" data-end=\"939\" data-col-size=\"sm\">Medida<\/th>\n<th data-start=\"939\" data-end=\"948\" data-col-size=\"sm\">Valor<\/th>\n<\/tr>\n<\/thead>\n<tbody data-start=\"965\" data-end=\"1056\">\n<tr data-start=\"965\" data-end=\"995\">\n<td data-start=\"965\" data-end=\"983\" data-col-size=\"sm\">Longitud interna<\/td>\n<td data-col-size=\"sm\" data-start=\"983\" data-end=\"995\">5898 mm<\/td>\n<\/tr>\n<tr data-start=\"996\" data-end=\"1025\">\n<td data-start=\"996\" data-end=\"1013\" data-col-size=\"sm\">Ancho interno<\/td>\n<td data-col-size=\"sm\" data-start=\"1013\" data-end=\"1025\">2352 mm<\/td>\n<\/tr>\n<tr data-start=\"1026\" data-end=\"1056\">\n<td data-start=\"1026\" data-end=\"1044\" data-col-size=\"sm\">Altura interna<\/td>\n<td data-col-size=\"sm\" data-start=\"1044\" data-end=\"1056\">2393 mm<\/td>\n<\/tr>\n<\/tbody>\n<\/table>\n<h3 data-start=\"1063\" data-end=\"1091\">Dimensiones de la puerta y acceso<\/h3>\n<div class=\"TyagGW_tableContainer\">\n<div class=\"group TyagGW_tableWrapper flex w-fit flex-col-reverse\" tabindex=\"-1\">\n<table class=\"w-fit min-w-(--thread-content-width)\" data-start=\"1093\" data-end=\"1315\">\n<thead data-start=\"1093\" data-end=\"1118\">\n<tr data-start=\"1093\" data-end=\"1118\">\n<th data-start=\"1093\" data-end=\"1103\" data-col-size=\"sm\">Caracter\u00edstica<\/th>\n<th data-start=\"1103\" data-end=\"1118\" data-col-size=\"sm\">Medida<\/th>\n<\/tr>\n<\/thead>\n<tbody data-start=\"1140\" data-end=\"1315\">\n<tr data-start=\"1140\" data-end=\"1173\">\n<td data-start=\"1140\" data-end=\"1161\" data-col-size=\"sm\">Ancho de apertura de la puerta<\/td>\n<td data-col-size=\"sm\" data-start=\"1161\" data-end=\"1173\">2343 mm<\/td>\n<\/tr>\n<tr data-start=\"1174\" data-end=\"1208\">\n<td data-start=\"1174\" data-end=\"1196\" data-col-size=\"sm\">Altura de apertura de la puerta<\/td>\n<td data-col-size=\"sm\" data-start=\"1196\" data-end=\"1208\">2280 mm<\/td>\n<\/tr>\n<tr data-start=\"1209\" data-end=\"1236\">\n<td data-start=\"1209\" data-end=\"1221\" data-col-size=\"sm\">Tipo de puerta<\/td>\n<td data-col-size=\"sm\" data-start=\"1221\" data-end=\"1236\">Puertas batientes<\/td>\n<\/tr>\n<tr data-start=\"1237\" data-end=\"1274\">\n<td data-start=\"1237\" data-end=\"1258\" data-col-size=\"sm\">\u00c1ngulo de apertura de la puerta<\/td>\n<td data-col-size=\"sm\" data-start=\"1258\" data-end=\"1274\">Aprox. 270\u00b0<\/td>\n<\/tr>\n<tr data-start=\"1275\" data-end=\"1315\">\n<td data-start=\"1275\" data-end=\"1289\" data-col-size=\"sm\">Lado de acceso<\/td>\n<td data-col-size=\"sm\" data-start=\"1289\" data-end=\"1315\">Lado corto (puertas de los extremos)<\/td>\n<\/tr>\n<\/tbody>\n<\/table>\n<\/div>\n<\/div>\n<hr data-start=\"1317\" data-end=\"1320\">\n<h3 data-start=\"1322\" data-end=\"1359\">Dimensiones: puertas cerradas frente a puertas abiertas<\/h3>\n<div class=\"TyagGW_tableContainer\">\n<div class=\"group TyagGW_tableWrapper flex w-fit flex-col-reverse\" tabindex=\"-1\">\n<table class=\"w-fit min-w-(--thread-content-width)\" data-start=\"1361\" data-end=\"1629\">\n<thead data-start=\"1361\" data-end=\"1390\">\n<tr data-start=\"1361\" data-end=\"1390\">\n<th data-start=\"1361\" data-end=\"1377\" data-col-size=\"sm\">Configuraci\u00f3n<\/th>\n<th data-start=\"1377\" data-end=\"1390\" data-col-size=\"sm\">Dimensi\u00f3n<\/th>\n<\/tr>\n<\/thead>\n<tbody data-start=\"1412\" data-end=\"1629\">\n<tr data-start=\"1412\" data-end=\"1454\">\n<td data-start=\"1412\" data-end=\"1442\" data-col-size=\"sm\">Longitud total (puertas cerradas)<\/td>\n<td data-col-size=\"sm\" data-start=\"1442\" data-end=\"1454\">6058 mm<\/td>\n<\/tr>\n<tr data-start=\"1455\" data-end=\"1510\">\n<td data-start=\"1455\" data-end=\"1490\" data-col-size=\"sm\">Longitud total (puertas abiertas a 90\u00b0)<\/td>\n<td data-col-size=\"sm\" data-start=\"1490\" data-end=\"1510\">Aprox. 6700 mm<\/td>\n<\/tr>\n<tr data-start=\"1511\" data-end=\"1567\">\n<td data-start=\"1511\" data-end=\"1547\" data-col-size=\"sm\">Longitud total (puertas abiertas a 270\u00b0)<\/td>\n<td data-col-size=\"sm\" data-start=\"1547\" data-end=\"1567\">Aprox. 7200 mm<\/td>\n<\/tr>\n<tr data-start=\"1568\" data-end=\"1629\">\n<td data-start=\"1568\" data-end=\"1608\" data-col-size=\"sm\">Espacio libre necesario para el funcionamiento de la puerta<\/td>\n<td data-col-size=\"sm\" data-start=\"1608\" data-end=\"1629\">M\u00edn. 800\u20131200 mm<\/td>\n<\/tr>\n<\/tbody>\n<\/table>\n<\/div>\n<\/div>\n<hr data-start=\"1631\" data-end=\"1634\">\n<h3 data-start=\"1636\" data-end=\"1662\">Peso y capacidad de carga<\/h3>\n<div class=\"TyagGW_tableContainer\">\n<div class=\"group TyagGW_tableWrapper flex w-fit flex-col-reverse\" tabindex=\"-1\">\n<table class=\"w-fit min-w-(--thread-content-width)\" data-start=\"1664\" data-end=\"1835\">\n<thead data-start=\"1664\" data-end=\"1691\">\n<tr data-start=\"1664\" data-end=\"1691\">\n<th data-start=\"1664\" data-end=\"1674\" data-col-size=\"sm\">Caracter\u00edstica<\/th>\n<th data-start=\"1674\" data-end=\"1691\" data-col-size=\"sm\">Especificaci\u00f3n<\/th>\n<\/tr>\n<\/thead>\n<tbody data-start=\"1716\" data-end=\"1835\">\n<tr data-start=\"1716\" data-end=\"1758\">\n<td data-start=\"1716\" data-end=\"1738\" data-col-size=\"sm\">Peso en vac\u00edo (vac\u00edo)<\/td>\n<td data-col-size=\"sm\" data-start=\"1738\" data-end=\"1758\">Aprox. 2300 kg<\/td>\n<\/tr>\n<tr data-start=\"1759\" data-end=\"1798\">\n<td data-start=\"1759\" data-end=\"1777\" data-col-size=\"sm\">Carga \u00fatil m\u00e1xima<\/td>\n<td data-col-size=\"sm\" data-start=\"1777\" data-end=\"1798\">Aprox. 30&nbsp;200 kg<\/td>\n<\/tr>\n<tr data-start=\"1799\" data-end=\"1835\">\n<td data-start=\"1799\" data-end=\"1822\" data-col-size=\"sm\">Peso bruto m\u00e1ximo<\/td>\n<td data-col-size=\"sm\" data-start=\"1822\" data-end=\"1835\">32&nbsp;500 kg<\/td>\n<\/tr>\n<\/tbody>\n<\/table>\n<\/div>\n<\/div>\n<hr data-start=\"1837\" data-end=\"1840\">\n<h3 data-start=\"1842\" data-end=\"1854\">Capacidad<\/h3>\n<div class=\"TyagGW_tableContainer\">\n<div class=\"group TyagGW_tableWrapper flex w-fit flex-col-reverse\" tabindex=\"-1\">\n<table class=\"w-fit min-w-(--thread-content-width)\" data-start=\"1856\" data-end=\"2008\">\n<thead data-start=\"1856\" data-end=\"1875\">\n<tr data-start=\"1856\" data-end=\"1875\">\n<th data-start=\"1856\" data-end=\"1866\" data-col-size=\"sm\">Caracter\u00edstica<\/th>\n<th data-start=\"1866\" data-end=\"1875\" data-col-size=\"sm\">Valor<\/th>\n<\/tr>\n<\/thead>\n<tbody data-start=\"1892\" data-end=\"2008\">\n<tr data-start=\"1892\" data-end=\"1929\">\n<td data-start=\"1892\" data-end=\"1910\" data-col-size=\"sm\">Volumen interno<\/td>\n<td data-col-size=\"sm\" data-start=\"1910\" data-end=\"1929\">Aprox. 33,2 m\u00b3<\/td>\n<\/tr>\n<tr data-start=\"1930\" data-end=\"1973\">\n<td data-start=\"1930\" data-end=\"1953\" data-col-size=\"sm\">Capacidad de europalets<\/td>\n<td data-col-size=\"sm\" data-start=\"1953\" data-end=\"1973\">Hasta 11 palets<\/td>\n<\/tr>\n<tr data-start=\"1974\" data-end=\"2008\">\n<td data-start=\"1974\" data-end=\"1991\" data-col-size=\"sm\">Carga m\u00e1xima de apilamiento<\/td>\n<td data-col-size=\"sm\" data-start=\"1991\" data-end=\"2008\">Cumple con la norma ISO<\/td>\n<\/tr>\n<\/tbody>\n<\/table>\n<\/div>\n<\/div>\n<hr data-start=\"2010\" data-end=\"2013\">\n<h3 data-start=\"2015\" data-end=\"2044\">Construcci\u00f3n y durabilidad<\/h3>\n<div class=\"TyagGW_tableContainer\">\n<div class=\"group TyagGW_tableWrapper flex w-fit flex-col-reverse\" tabindex=\"-1\">\n<table class=\"w-fit min-w-(--thread-content-width)\" data-start=\"2046\" data-end=\"2281\">\n<thead data-start=\"2046\" data-end=\"2071\">\n<tr data-start=\"2046\" data-end=\"2071\">\n<th data-start=\"2046\" data-end=\"2056\" data-col-size=\"sm\">Caracter\u00edstica<\/th>\n<th data-start=\"2056\" data-end=\"2071\" data-col-size=\"sm\">Descripci\u00f3n<\/th>\n<\/tr>\n<\/thead>\n<tbody data-start=\"2094\" data-end=\"2281\">\n<tr data-start=\"2094\" data-end=\"2134\">\n<td data-start=\"2094\" data-end=\"2107\" data-col-size=\"sm\">Tipo de acero<\/td>\n<td data-col-size=\"sm\" data-start=\"2107\" data-end=\"2134\">Acero corten corrugado<\/td>\n<\/tr>\n<tr data-start=\"2135\" data-end=\"2169\">\n<td data-start=\"2135\" data-end=\"2153\" data-col-size=\"sm\">Esquinas de fundici\u00f3n<\/td>\n<td data-col-size=\"sm\" data-start=\"2153\" data-end=\"2169\">Est\u00e1ndar ISO<\/td>\n<\/tr>\n<tr data-start=\"2170\" data-end=\"2212\">\n<td data-start=\"2170\" data-end=\"2190\" data-col-size=\"sm\">Estanqueidad<\/td>\n<td data-col-size=\"sm\" data-start=\"2190\" data-end=\"2212\">Estanco al viento y al agua<\/td>\n<\/tr>\n<tr data-start=\"2213\" data-end=\"2244\">\n<td data-start=\"2213\" data-end=\"2227\" data-col-size=\"sm\">Ventilaci\u00f3n<\/td>\n<td data-col-size=\"sm\" data-start=\"2227\" data-end=\"2244\">Respiraderos pasivos<\/td>\n<\/tr>\n<tr data-start=\"2245\" data-end=\"2281\">\n<td data-start=\"2245\" data-end=\"2262\" data-col-size=\"sm\">Anticorrosi\u00f3n<\/td>\n<td data-col-size=\"sm\" data-start=\"2262\" data-end=\"2281\">Alta resistencia<\/td>\n<\/tr>\n<\/tbody>\n<\/table>\n<\/div>\n<\/div>\n<p>&nbsp;<\/p>\n<\/div>\n<\/div>\n<\/div>\n<\/div>\n","protected":false},"excerpt":{"rendered":"<p>El contenedor mar\u00edtimo de un viaje de 20 pies es un contenedor de acero nuevo, estanco al viento y al agua, utilizado solo una vez para el transporte de carga. Ofrece m\u00e1xima durabilidad, almacenamiento seguro y un interior limpio ideal para almacenamiento, log\u00edstica o proyectos de modificaci\u00f3n de contenedores. <\/p>\n","protected":false},"featured_media":1445,"comment_status":"open","ping_status":"closed","template":"","meta":{"_kad_blocks_custom_css":"","_kad_blocks_head_custom_js":"","_kad_blocks_body_custom_js":"","_kad_blocks_footer_custom_js":"","_kad_post_transparent":"default","_kad_post_title":"","_kad_post_layout":"default","_kad_post_sidebar_id":"","_kad_post_content_style":"default","_kad_post_vertical_padding":"default","_kad_post_feature":"","_kad_post_feature_position":"","_kad_post_header":false,"_kad_post_footer":false,"_kad_post_classname":""},"product_brand":[],"product_cat":[233,108],"product_tag":[247,248,365,250,249],"product_brands":[317],"class_list":{"0":"post-1436","1":"product","2":"type-product","3":"status-publish","4":"has-post-thumbnail","6":"product_cat-contenedor-de-20-pies","7":"product_cat-contenedores-estandar","8":"product_tag-contenedor-cubico-de-20-pies-de-altura","9":"product_tag-contenedor-de-20-pies","10":"product_tag-contenedor-de-20-pies-2","11":"product_tag-contenedor-maritimo-estandar","12":"product_tag-nuevo-contenedor","13":"pa_container-condition-nuevo-un-viaje","14":"pa_container-type-contenedor-estandar","15":"pa_contanier-size-20-pies","16":"product_brands-dunajska-streda-slovensko","18":"first","19":"instock","20":"sale","21":"taxable","22":"shipping-taxable","23":"purchasable","24":"product-type-simple","25":"entry","26":"content-bg","27":"loop-entry"},"taxonomy_info":{"product_cat":[{"value":233,"label":"Contenedor de 20 pies"},{"value":108,"label":"Contenedores est\u00e1ndar"}],"product_tag":[{"value":247,"label":"Contenedor c\u00fabico de 20 pies de altura"},{"value":248,"label":"Contenedor de 20 pies"},{"value":365,"label":"Contenedor de 20 pies"},{"value":250,"label":"contenedor mar\u00edtimo est\u00e1ndar"},{"value":249,"label":"nuevo contenedor"}],"pa_container-condition":[{"value":105,"label":"Nuevo (un viaje)"}],"pa_container-type":[{"value":106,"label":"Contenedor est\u00e1ndar"}],"pa_contanier-size":[{"value":113,"label":"20 pies"}],"product_brands":[{"value":317,"label":"Dunajsk\u00e1 Streda, Slovensko"}]},"featured_image_src_large":["https:\/\/olborglogistics.com\/wp-content\/uploads\/2025\/12\/price-of-20ft-containers-1024x768.jpg",1021,766,true],"author_info":[],"comment_info":0,"_links":{"self":[{"href":"https:\/\/olborglogistics.com\/es\/wp-json\/wp\/v2\/product\/1436","targetHints":{"allow":["GET"]}}],"collection":[{"href":"https:\/\/olborglogistics.com\/es\/wp-json\/wp\/v2\/product"}],"about":[{"href":"https:\/\/olborglogistics.com\/es\/wp-json\/wp\/v2\/types\/product"}],"replies":[{"embeddable":true,"href":"https:\/\/olborglogistics.com\/es\/wp-json\/wp\/v2\/comments?post=1436"}],"wp:featuredmedia":[{"embeddable":true,"href":"https:\/\/olborglogistics.com\/es\/wp-json\/wp\/v2\/media\/1445"}],"wp:attachment":[{"href":"https:\/\/olborglogistics.com\/es\/wp-json\/wp\/v2\/media?parent=1436"}],"wp:term":[{"taxonomy":"product_brand","embeddable":true,"href":"https:\/\/olborglogistics.com\/es\/wp-json\/wp\/v2\/product_brand?post=1436"},{"taxonomy":"product_cat","embeddable":true,"href":"https:\/\/olborglogistics.com\/es\/wp-json\/wp\/v2\/product_cat?post=1436"},{"taxonomy":"product_tag","embeddable":true,"href":"https:\/\/olborglogistics.com\/es\/wp-json\/wp\/v2\/product_tag?post=1436"},{"taxonomy":"product_brands","embeddable":true,"href":"https:\/\/olborglogistics.com\/es\/wp-json\/wp\/v2\/product_brands?post=1436"}],"curies":[{"name":"wp","href":"https:\/\/api.w.org\/{rel}","templated":true}]}}