{"id":1407,"date":"2025-12-22T06:58:59","date_gmt":"2025-12-22T06:58:59","guid":{"rendered":"https:\/\/olborglogistics.com\/product\/contenedor-maritimo-estandar-de-10-pies-nuevo\/"},"modified":"2026-01-26T17:31:45","modified_gmt":"2026-01-26T17:31:45","slug":"contenedor-maritimo-estandar-de-10-pies-nuevo","status":"publish","type":"product","link":"https:\/\/olborglogistics.com\/es\/producto\/contenedor-maritimo-estandar-de-10-pies-nuevo\/","title":{"rendered":"Contenedor mar\u00edtimo est\u00e1ndar de 10 pies nuevo"},"content":{"rendered":"<p data-start=\"486\" data-end=\"778\">El <strong data-start=\"490\" data-end=\"526\">contenedor mar\u00edtimo One-Trip de 10 pies<\/strong> es un contenedor de alta calidad, casi nuevo, dise\u00f1ado para clientes que necesitan un almacenamiento fiable sin el espacio que ocupa un contenedor de tama\u00f1o completo. Tras haber realizado un \u00fanico viaje de transporte internacional, se encuentra en excelentes condiciones con m\u00ednimos signos de uso.<\/p>\n<p data-start=\"780\" data-end=\"1116\">Construido en <strong data-start=\"805\" data-end=\"821\">acero corten<\/strong> duradero, el contenedor ofrece una gran resistencia a la corrosi\u00f3n y a las duras condiciones meteorol\u00f3gicas. Dispone de puertas de carga dobles con barras de cierre seguras, que garantizan un acceso f\u00e1cil y protecci\u00f3n contra la entrada de personas no autorizadas. El s\u00f3lido suelo de contrachapado marino es adecuado para almacenar equipos pesados, herramientas o mercanc\u00edas.<\/p>\n<p data-start=\"1118\" data-end=\"1400\">Gracias a su tama\u00f1o compacto, el contenedor de 10 pies se utiliza com\u00fanmente para obras de construcci\u00f3n, talleres, garajes, almacenamiento minorista y uso privado. Es f\u00e1cil de transportar, reposicionar e instalar, a la vez que ofrece la resistencia y la seguridad que se esperan de un contenedor mar\u00edtimo est\u00e1ndar. <\/p>\n<h2 data-start=\"1407\" data-end=\"1434\">Especificaciones t\u00e9cnicas<\/h2>\n<h3 data-start=\"1436\" data-end=\"1459\">Informaci\u00f3n general<\/h3>\n<div class=\"TyagGW_tableContainer\">\n<div class=\"group TyagGW_tableWrapper flex w-fit flex-col-reverse\" tabindex=\"-1\">\n<table class=\"w-fit min-w-(--thread-content-width)\" data-start=\"1461\" data-end=\"1770\">\n<thead data-start=\"1461\" data-end=\"1488\">\n<tr data-start=\"1461\" data-end=\"1488\">\n<th data-start=\"1461\" data-end=\"1471\" data-col-size=\"sm\">Caracter\u00edstica<\/th>\n<th data-start=\"1471\" data-end=\"1488\" data-col-size=\"sm\">Especificaci\u00f3n<\/th>\n<\/tr>\n<\/thead>\n<tbody data-start=\"1512\" data-end=\"1770\">\n<tr data-start=\"1512\" data-end=\"1565\">\n<td data-start=\"1512\" data-end=\"1529\" data-col-size=\"sm\">Tipo de contenedor<\/td>\n<td data-start=\"1529\" data-end=\"1565\" data-col-size=\"sm\">Contenedor mar\u00edtimo est\u00e1ndar de 10 pies<\/td>\n<\/tr>\n<tr data-start=\"1566\" data-end=\"1603\">\n<td data-start=\"1566\" data-end=\"1578\" data-col-size=\"sm\">Estado<\/td>\n<td data-start=\"1578\" data-end=\"1603\" data-col-size=\"sm\">Un viaje (casi nuevo)<\/td>\n<\/tr>\n<tr data-start=\"1604\" data-end=\"1631\">\n<td data-start=\"1604\" data-end=\"1615\" data-col-size=\"sm\">Material<\/td>\n<td data-start=\"1615\" data-end=\"1631\" data-col-size=\"sm\">Acero corten<\/td>\n<\/tr>\n<tr data-start=\"1632\" data-end=\"1658\">\n<td data-start=\"1632\" data-end=\"1640\" data-col-size=\"sm\">Suelo<\/td>\n<td data-start=\"1640\" data-end=\"1658\" data-col-size=\"sm\">Madera contrachapada marina<\/td>\n<\/tr>\n<tr data-start=\"1659\" data-end=\"1689\">\n<td data-start=\"1659\" data-end=\"1667\" data-col-size=\"sm\">Puertas<\/td>\n<td data-start=\"1667\" data-end=\"1689\" data-col-size=\"sm\">Puertas de carga dobles<\/td>\n<\/tr>\n<tr data-start=\"1690\" data-end=\"1723\">\n<td data-start=\"1690\" data-end=\"1707\" data-col-size=\"sm\">Sistema de cierre<\/td>\n<td data-start=\"1707\" data-end=\"1723\" data-col-size=\"sm\">Barras de bloqueo<\/td>\n<\/tr>\n<tr data-start=\"1724\" data-end=\"1750\">\n<td data-start=\"1724\" data-end=\"1743\" data-col-size=\"sm\">Bolsillos para carretilla elevadora<\/td>\n<td data-start=\"1743\" data-end=\"1750\" data-col-size=\"sm\">S\u00ed<\/td>\n<\/tr>\n<tr data-start=\"1751\" data-end=\"1770\">\n<td data-start=\"1751\" data-end=\"1763\" data-col-size=\"sm\">Apilable<\/td>\n<td data-start=\"1763\" data-end=\"1770\" data-col-size=\"sm\">S\u00ed<\/td>\n<\/tr>\n<\/tbody>\n<\/table>\n<\/div>\n<\/div>\n<hr data-start=\"1772\" data-end=\"1775\">\n<h3 data-start=\"1777\" data-end=\"1800\">Dimensiones externas<\/h3>\n<div class=\"TyagGW_tableContainer\">\n<div class=\"group TyagGW_tableWrapper flex w-fit flex-col-reverse\" tabindex=\"-1\">\n<table class=\"w-fit min-w-(--thread-content-width)\" data-start=\"1802\" data-end=\"1906\">\n<thead data-start=\"1802\" data-end=\"1825\">\n<tr data-start=\"1802\" data-end=\"1825\">\n<th data-start=\"1802\" data-end=\"1816\" data-col-size=\"sm\">Medida<\/th>\n<th data-start=\"1816\" data-end=\"1825\" data-col-size=\"sm\">Valor<\/th>\n<\/tr>\n<\/thead>\n<tbody data-start=\"1842\" data-end=\"1906\">\n<tr data-start=\"1842\" data-end=\"1863\">\n<td data-start=\"1842\" data-end=\"1851\" data-col-size=\"sm\">Longitud<\/td>\n<td data-start=\"1851\" data-end=\"1863\" data-col-size=\"sm\">2991 mm<\/td>\n<\/tr>\n<tr data-start=\"1864\" data-end=\"1884\">\n<td data-start=\"1864\" data-end=\"1872\" data-col-size=\"sm\">Anchura<\/td>\n<td data-start=\"1872\" data-end=\"1884\" data-col-size=\"sm\">2438 mm<\/td>\n<\/tr>\n<tr data-start=\"1885\" data-end=\"1906\">\n<td data-start=\"1885\" data-end=\"1894\" data-col-size=\"sm\">Altura<\/td>\n<td data-start=\"1894\" data-end=\"1906\" data-col-size=\"sm\">2591 mm<\/td>\n<\/tr>\n<\/tbody>\n<\/table>\n<\/div>\n<\/div>\n<hr data-start=\"1908\" data-end=\"1911\">\n<h3 data-start=\"1913\" data-end=\"1936\">Dimensiones internas<\/h3>\n<div class=\"TyagGW_tableContainer\">\n<div class=\"group TyagGW_tableWrapper flex w-fit flex-col-reverse\" tabindex=\"-1\">\n<table class=\"w-fit min-w-(--thread-content-width)\" data-start=\"1938\" data-end=\"2066\">\n<thead data-start=\"1938\" data-end=\"1961\">\n<tr data-start=\"1938\" data-end=\"1961\">\n<th data-start=\"1938\" data-end=\"1952\" data-col-size=\"sm\">Medida<\/th>\n<th data-start=\"1952\" data-end=\"1961\" data-col-size=\"sm\">Valor<\/th>\n<\/tr>\n<\/thead>\n<tbody data-start=\"1978\" data-end=\"2066\">\n<tr data-start=\"1978\" data-end=\"2007\">\n<td data-start=\"1978\" data-end=\"1987\" data-col-size=\"sm\">Longitud<\/td>\n<td data-start=\"1987\" data-end=\"2007\" data-col-size=\"sm\">Aprox. 2830 mm<\/td>\n<\/tr>\n<tr data-start=\"2008\" data-end=\"2036\">\n<td data-start=\"2008\" data-end=\"2016\" data-col-size=\"sm\">Anchura<\/td>\n<td data-start=\"2016\" data-end=\"2036\" data-col-size=\"sm\">Aprox. 2350 mm<\/td>\n<\/tr>\n<tr data-start=\"2037\" data-end=\"2066\">\n<td data-start=\"2037\" data-end=\"2046\" data-col-size=\"sm\">Altura<\/td>\n<td data-start=\"2046\" data-end=\"2066\" data-col-size=\"sm\">Aprox. 2390 mm<\/td>\n<\/tr>\n<\/tbody>\n<\/table>\n<\/div>\n<\/div>\n<hr data-start=\"2068\" data-end=\"2071\">\n<h3 data-start=\"2073\" data-end=\"2101\">Dimensiones de la puerta y acceso<\/h3>\n<div class=\"TyagGW_tableContainer\">\n<div class=\"group TyagGW_tableWrapper flex w-fit flex-col-reverse\" tabindex=\"-1\">\n<table class=\"w-fit min-w-(--thread-content-width)\" data-start=\"2103\" data-end=\"2272\">\n<thead data-start=\"2103\" data-end=\"2128\">\n<tr data-start=\"2103\" data-end=\"2128\">\n<th data-start=\"2103\" data-end=\"2113\" data-col-size=\"sm\">Caracter\u00edstica<\/th>\n<th data-start=\"2113\" data-end=\"2128\" data-col-size=\"sm\">Medida<\/th>\n<\/tr>\n<\/thead>\n<tbody data-start=\"2150\" data-end=\"2272\">\n<tr data-start=\"2150\" data-end=\"2191\">\n<td data-start=\"2150\" data-end=\"2171\" data-col-size=\"sm\">Anchura de apertura de la puerta<\/td>\n<td data-start=\"2171\" data-end=\"2191\" data-col-size=\"sm\">Aprox. 2340 mm<\/td>\n<\/tr>\n<tr data-start=\"2192\" data-end=\"2234\">\n<td data-start=\"2192\" data-end=\"2214\" data-col-size=\"sm\">Altura de apertura de la puerta<\/td>\n<td data-start=\"2214\" data-end=\"2234\" data-col-size=\"sm\">Aprox. 2280 mm<\/td>\n<\/tr>\n<tr data-start=\"2235\" data-end=\"2272\">\n<td data-start=\"2235\" data-end=\"2256\" data-col-size=\"sm\">\u00c1ngulo de apertura de la puerta<\/td>\n<td data-start=\"2256\" data-end=\"2272\" data-col-size=\"sm\">Aprox. 270\u00b0<\/td>\n<\/tr>\n<\/tbody>\n<\/table>\n<\/div>\n<\/div>\n<hr data-start=\"2274\" data-end=\"2277\">\n<h3 data-start=\"2279\" data-end=\"2316\">Dimensiones: puertas cerradas frente a puertas abiertas<\/h3>\n<div class=\"TyagGW_tableContainer\">\n<div class=\"group TyagGW_tableWrapper flex w-fit flex-col-reverse\" tabindex=\"-1\">\n<table class=\"w-fit min-w-(--thread-content-width)\" data-start=\"2318\" data-end=\"2567\">\n<thead data-start=\"2318\" data-end=\"2347\">\n<tr data-start=\"2318\" data-end=\"2347\">\n<th data-start=\"2318\" data-end=\"2334\" data-col-size=\"sm\">Configuraci\u00f3n<\/th>\n<th data-start=\"2334\" data-end=\"2347\" data-col-size=\"sm\">Dimensi\u00f3n<\/th>\n<\/tr>\n<\/thead>\n<tbody data-start=\"2369\" data-end=\"2567\">\n<tr data-start=\"2369\" data-end=\"2411\">\n<td data-start=\"2369\" data-end=\"2399\" data-col-size=\"sm\">Longitud total (puertas cerradas)<\/td>\n<td data-start=\"2399\" data-end=\"2411\" data-col-size=\"sm\">2991 mm<\/td>\n<\/tr>\n<tr data-start=\"2412\" data-end=\"2467\">\n<td data-start=\"2412\" data-end=\"2447\" data-col-size=\"sm\">Longitud total (puertas abiertas a 90\u00b0)<\/td>\n<td data-start=\"2447\" data-end=\"2467\" data-col-size=\"sm\">Aprox. 3600 mm<\/td>\n<\/tr>\n<tr data-start=\"2468\" data-end=\"2524\">\n<td data-start=\"2468\" data-end=\"2504\" data-col-size=\"sm\">Longitud total (puertas abiertas a 270\u00b0)<\/td>\n<td data-start=\"2504\" data-end=\"2524\" data-col-size=\"sm\">Aprox. 4100 mm<\/td>\n<\/tr>\n<tr data-start=\"2525\" data-end=\"2567\">\n<td data-start=\"2525\" data-end=\"2546\" data-col-size=\"sm\">Espacio libre necesario<\/td>\n<td data-start=\"2546\" data-end=\"2567\" data-col-size=\"sm\">M\u00edn. 800\u20131200 mm<\/td>\n<\/tr>\n<\/tbody>\n<\/table>\n<\/div>\n<\/div>\n<hr data-start=\"2569\" data-end=\"2572\">\n<h3 data-start=\"2574\" data-end=\"2595\">Peso y capacidad<\/h3>\n<div class=\"TyagGW_tableContainer\">\n<div class=\"group TyagGW_tableWrapper flex w-fit flex-col-reverse\" tabindex=\"-1\">\n<table class=\"w-fit min-w-(--thread-content-width)\" data-start=\"2597\" data-end=\"2846\">\n<thead data-start=\"2597\" data-end=\"2624\">\n<tr data-start=\"2597\" data-end=\"2624\">\n<th data-start=\"2597\" data-end=\"2607\" data-col-size=\"sm\">Caracter\u00edstica<\/th>\n<th data-start=\"2607\" data-end=\"2624\" data-col-size=\"sm\">Especificaci\u00f3n<\/th>\n<\/tr>\n<\/thead>\n<tbody data-start=\"2648\" data-end=\"2846\">\n<tr data-start=\"2648\" data-end=\"2682\">\n<td data-start=\"2648\" data-end=\"2662\" data-col-size=\"sm\">Peso en vac\u00edo<\/td>\n<td data-start=\"2662\" data-end=\"2682\" data-col-size=\"sm\">Aprox. 1300 kg<\/td>\n<\/tr>\n<tr data-start=\"2683\" data-end=\"2722\">\n<td data-start=\"2683\" data-end=\"2701\" data-col-size=\"sm\">Carga \u00fatil m\u00e1xima<\/td>\n<td data-start=\"2701\" data-end=\"2722\" data-col-size=\"sm\">Aprox. 10&nbsp;000 kg<\/td>\n<\/tr>\n<tr data-start=\"2723\" data-end=\"2767\">\n<td data-start=\"2723\" data-end=\"2746\" data-col-size=\"sm\">Peso bruto m\u00e1ximo<\/td>\n<td data-start=\"2746\" data-end=\"2767\" data-col-size=\"sm\">Aprox. 11&nbsp;300 kg<\/td>\n<\/tr>\n<tr data-start=\"2768\" data-end=\"2803\">\n<td data-start=\"2768\" data-end=\"2786\" data-col-size=\"sm\">Volumen interno<\/td>\n<td data-start=\"2786\" data-end=\"2803\" data-col-size=\"sm\">Aprox. 16 m\u00b3<\/td>\n<\/tr>\n<tr data-start=\"2804\" data-end=\"2846\">\n<td data-start=\"2804\" data-end=\"2827\" data-col-size=\"sm\">Capacidad de europalets<\/td>\n<td data-start=\"2827\" data-end=\"2846\" data-col-size=\"sm\">Hasta 5 palets<\/td>\n<\/tr>\n<\/tbody>\n<\/table>\n<\/div>\n<\/div>\n","protected":false},"excerpt":{"rendered":"<p>El contenedor mar\u00edtimo de primer viaje de 10 pies es un contenedor de acero compacto, casi nuevo, utilizado solo una vez para el transporte de carga. Ofrece un almacenamiento seguro y herm\u00e9tico en un formato que ahorra espacio, lo que lo hace ideal para ubicaciones con espacio limitado o necesidades de almacenamiento a corto y largo plazo. <\/p>\n","protected":false},"featured_media":1419,"comment_status":"open","ping_status":"closed","template":"","meta":{"_kad_blocks_custom_css":"","_kad_blocks_head_custom_js":"","_kad_blocks_body_custom_js":"","_kad_blocks_footer_custom_js":"","_kad_post_transparent":"default","_kad_post_title":"","_kad_post_layout":"default","_kad_post_sidebar_id":"","_kad_post_content_style":"default","_kad_post_vertical_padding":"default","_kad_post_feature":"","_kad_post_feature_position":"","_kad_post_header":false,"_kad_post_footer":false,"_kad_post_classname":""},"product_brand":[],"product_cat":[238,108],"product_tag":[],"product_brands":[315],"class_list":{"0":"post-1407","1":"product","2":"type-product","3":"status-publish","4":"has-post-thumbnail","6":"product_cat-contenedor-de-10-pies","7":"product_cat-contenedores-estandar","8":"pa_container-condition-nuevo-un-viaje","9":"pa_container-type-contenedor-estandar","10":"pa_contanier-size-10-pies","11":"product_brands-barcelona-espana","13":"first","14":"instock","15":"sale","16":"taxable","17":"shipping-taxable","18":"purchasable","19":"product-type-simple","20":"entry","21":"content-bg","22":"loop-entry"},"taxonomy_info":{"product_cat":[{"value":238,"label":"Contenedor de 10 pies"},{"value":108,"label":"Contenedores est\u00e1ndar"}],"pa_container-condition":[{"value":105,"label":"Nuevo (un viaje)"}],"pa_container-type":[{"value":106,"label":"Contenedor est\u00e1ndar"}],"pa_contanier-size":[{"value":107,"label":"10 pies"}],"product_brands":[{"value":315,"label":"Barcelona, Espa\u00f1a"}]},"featured_image_src_large":["https:\/\/olborglogistics.com\/wp-content\/uploads\/2025\/12\/blue-new-one-trip-shipping-container.jpg",1021,766,false],"author_info":[],"comment_info":0,"_links":{"self":[{"href":"https:\/\/olborglogistics.com\/es\/wp-json\/wp\/v2\/product\/1407","targetHints":{"allow":["GET"]}}],"collection":[{"href":"https:\/\/olborglogistics.com\/es\/wp-json\/wp\/v2\/product"}],"about":[{"href":"https:\/\/olborglogistics.com\/es\/wp-json\/wp\/v2\/types\/product"}],"replies":[{"embeddable":true,"href":"https:\/\/olborglogistics.com\/es\/wp-json\/wp\/v2\/comments?post=1407"}],"wp:featuredmedia":[{"embeddable":true,"href":"https:\/\/olborglogistics.com\/es\/wp-json\/wp\/v2\/media\/1419"}],"wp:attachment":[{"href":"https:\/\/olborglogistics.com\/es\/wp-json\/wp\/v2\/media?parent=1407"}],"wp:term":[{"taxonomy":"product_brand","embeddable":true,"href":"https:\/\/olborglogistics.com\/es\/wp-json\/wp\/v2\/product_brand?post=1407"},{"taxonomy":"product_cat","embeddable":true,"href":"https:\/\/olborglogistics.com\/es\/wp-json\/wp\/v2\/product_cat?post=1407"},{"taxonomy":"product_tag","embeddable":true,"href":"https:\/\/olborglogistics.com\/es\/wp-json\/wp\/v2\/product_tag?post=1407"},{"taxonomy":"product_brands","embeddable":true,"href":"https:\/\/olborglogistics.com\/es\/wp-json\/wp\/v2\/product_brands?post=1407"}],"curies":[{"name":"wp","href":"https:\/\/api.w.org\/{rel}","templated":true}]}}