{"id":1382,"date":"2025-12-19T23:00:37","date_gmt":"2025-12-19T23:00:37","guid":{"rendered":"https:\/\/olborglogistics.com\/politica-de-privacidad-2\/"},"modified":"2026-01-19T20:17:36","modified_gmt":"2026-01-19T20:17:36","slug":"politica-de-privacidad-2","status":"publish","type":"page","link":"https:\/\/olborglogistics.com\/es\/politica-de-privacidad-2\/","title":{"rendered":"Pol\u00edtica de privacidad"},"content":{"rendered":"\n<p>La protecci\u00f3n de datos es una cuesti\u00f3n de confianza, y queremos asegurarle que sus datos de<br\/>est\u00e1n en buenas manos con nosotros. La protecci\u00f3n y el cumplimiento legal de la recogida, el tratamiento y el uso de sus datos en<br\/>es de suma importancia para nosotros, garantizando el respeto de su privacidad y sus derechos personales. <\/p>\n\n<h3 class=\"wp-block-heading\">1. <strong>Responsabilidad del tratamiento de datos personales<\/strong><\/h3>\n\n<p>La empresa responsable del tratamiento de sus datos personales es Olborg Logistics Sp z.o.o. Los datos de contacto son:<br\/>Direcci\u00f3n: <strong><em>Olborg Logistic sp. z o.o.<br\/>Jana III Sobieskiego 9\/23,<br\/>99-200 Podd\u0119bice, Polonia<\/em><\/strong>.<br\/>Tel\u00e9fono: <strong><em>+48 505 611 446<\/em><\/strong>.<br\/>Correo electr\u00f3nico: <a href=\"mailto:info@olborglogistics.com\"><strong><em>info@olborglogistics.com<\/em><\/strong><\/a><\/p>\n\n<h3 class=\"wp-block-heading\">2. <strong>Tipo, finalidad y alcance del tratamiento de datos y base jur\u00eddica<\/strong><\/h3>\n\n<h4 class=\"wp-block-heading\">2.1 <strong>. Visitar el sitio web<\/strong><\/h4>\n\n<p>Cada vez que se accede a nuestro sitio web, nuestro sistema recopila autom\u00e1ticamente datos e informaci\u00f3n<br\/>del sistema inform\u00e1tico del dispositivo que accede. Se recogen los siguientes datos:<br\/>1. Informaci\u00f3n sobre el tipo y la versi\u00f3n del navegador utilizado<br\/>2. El sistema operativo del usuario. El sistema operativo del usuario<br\/>3. El proveedor de servicios de Internet del usuario<br\/>4. La direcci\u00f3n IP del usuario<br\/>5. Fecha y hora de acceso<br\/>6. Sitios web desde los que el sistema del usuario accedi\u00f3 a nuestro sitio web<br\/>7. Sitios web a los que accedi\u00f3 el sistema del usuario a trav\u00e9s de nuestro sitio web <\/p>\n\n<p>La base jur\u00eddica para el almacenamiento temporal de datos es el art\u00edculo 6, apartado 1, letra f) del GDPR. El almacenamiento temporal de la direcci\u00f3n IP por parte del sistema es necesario para permitir la entrega del sitio web al ordenador del usuario. Para ello, la direcci\u00f3n IP del usuario debe almacenarse mientras dure la sesi\u00f3n. Esto tambi\u00e9n garantiza la funcionalidad del sitio web. Estos fines tambi\u00e9n constituyen nuestro inter\u00e9s leg\u00edtimo en el tratamiento de datos de conformidad con el art\u00edculo 6, apartado 1, letra f) del GDPR.    <\/p>\n\n<h4 class=\"wp-block-heading\">2.2. Cookies<\/h4>\n\n<p>Para hacer m\u00e1s atractiva su visita a nuestro sitio web y permitir el uso de determinadas funciones, utilizamos cookies, que son peque\u00f1os archivos de texto que se almacenan en su dispositivo. Algunas de estas cookies se eliminan autom\u00e1ticamente despu\u00e9s de que cierre su navegador (las llamadas \u00abcookies de sesi\u00f3n\"), mientras que otras permanecen en su dispositivo durante un per\u00edodo m\u00e1s largo y nos permiten guardar la configuraci\u00f3n de su sitio web (las llamadas \u00abcookies persistentes\"). En este \u00faltimo caso, puede encontrar informaci\u00f3n sobre la duraci\u00f3n del almacenamiento en la configuraci\u00f3n de cookies de su navegador web. Si alguna de las cookies que utilizamos procesa datos personales, este procesamiento se lleva a cabo de conformidad con el art\u00edculo 6, apartado 1, letra b), del GDPR para la ejecuci\u00f3n de un contrato, de conformidad con el art\u00edculo 6, apartado 1, letra a), del GDPR si usted ha dado su consentimiento, o de conformidad con el art\u00edculo 6, apartado 1, letra f), del GDPR para proteger nuestros intereses leg\u00edtimos de garantizar la mejor funcionalidad posible del sitio web y una experiencia del sitio web f\u00e1cil de usar y eficaz. Puede configurar su navegador para que le notifique cu\u00e1ndo se instalan cookies y le permita decidir si las acepta individualmente o si las bloquea en determinados casos o por completo. Tenga en cuenta que si no acepta las cookies, la funcionalidad de nuestro sitio web puede verse limitada.<\/p>\n\n<h4 class=\"wp-block-heading\">2.3. Marketing en l\u00ednea<\/h4>\n\n<h5 class=\"wp-block-heading\">2.3.1 Seguimiento de conversiones de Google Ads<\/h5>\n\n<p>Este sitio web utiliza el programa de publicidad en l\u00ednea \u00abAnuncios Google\" y, en el marco de los Anuncios Google, el servicio de seguimiento de conversiones de Google Ireland Limited, Gordon House, 4 Barrow St, Dubl\u00edn, D04 E5W5, Irlanda (\u00abGoogle\"). Utilizamos Google Ads para llamar la atenci\u00f3n sobre nuestras atractivas ofertas en sitios web externos mediante material publicitario (el denominado Google AdWords). Bas\u00e1ndonos en los datos de las campa\u00f1as publicitarias, podemos determinar el \u00e9xito de las medidas publicitarias individuales. Nuestro objetivo es mostrarle publicidad que sea relevante para usted, hacer nuestro sitio web m\u00e1s interesante para usted y garantizar un c\u00e1lculo justo de los costes publicitarios incurridos. La cookie de seguimiento de conversiones se instala cuando un usuario hace clic en un anuncio publicado por Google. Las cookies son peque\u00f1os archivos de texto que se almacenan en su dispositivo. Estas cookies suelen caducar a los 30 d\u00edas y no se utilizan para la identificaci\u00f3n personal. Si un usuario visita determinadas p\u00e1ginas de este sitio web y la cookie a\u00fan no ha caducado, Google y nosotros podemos reconocer que el usuario hizo clic en el anuncio y fue redirigido a esta p\u00e1gina. Cada cliente de Google Ads recibe una cookie diferente. Por lo tanto, no se puede realizar un seguimiento de las cookies en los sitios web de diferentes clientes de Google Ads. La informaci\u00f3n obtenida mediante la cookie de conversi\u00f3n se utiliza para crear estad\u00edsticas de conversi\u00f3n para los clientes de Google Ads que han optado por el seguimiento de conversiones. Estos clientes conocen el n\u00famero total de usuarios que hicieron clic en su anuncio y fueron redirigidos a una p\u00e1gina con una etiqueta de seguimiento de conversiones. Sin embargo, no reciben ninguna informaci\u00f3n que pueda identificar personalmente a los usuarios. El uso de Google Ads tambi\u00e9n puede implicar la transferencia de datos personales a los servidores de Google LLC en Estados Unidos.               <\/p>\n\n<p>Encontrar\u00e1 informaci\u00f3n detallada sobre el procesamiento que desencadena el seguimiento de conversiones de Google Ads y sobre c\u00f3mo trata Google los datos del sitio web aqu\u00ed: https:\/\/policies.google.com\/technologies\/partner-sites.<\/p>\n\n<p>Todo el procesamiento descrito anteriormente, en particular la instalaci\u00f3n de cookies para la lectura de informaci\u00f3n en su dispositivo, s\u00f3lo tendr\u00e1 lugar si usted nos ha dado su consentimiento expl\u00edcito de conformidad con el art\u00edculo 6, apartado 1, letra a) del GDPR. Puede retirar su consentimiento en cualquier momento con efecto para el futuro desactivando este servicio en<br\/>en la \u00abHerramienta de consentimiento de cookies\" proporcionada en el sitio web. <br\/>Tambi\u00e9n puede oponerse permanentemente a la instalaci\u00f3n de cookies por parte de Google Ads Conversion Tracking descargando e instalando el complemento del navegador de Google disponible en el siguiente enlace:<br\/>https:\/\/www.google.com\/settings\/ads\/plugin?hl=de.<br\/>Tenga en cuenta que algunas funciones de este sitio web pueden no estar disponibles o estar limitadas si ha desactivado el uso de cookies.<br\/>La pol\u00edtica de privacidad de Google puede consultarse aqu\u00ed: https:\/\/www.google.de\/policies\/privacy\/. <\/p>\n\n<h5 class=\"wp-block-heading\">2.3.2. Plataforma de marketing de Google<\/h5>\n\n<p>Este sitio web utiliza la herramienta de marketing online Google Marketing Platform, operada por Google Ireland Limited, Gordon House, 4 Barrow St, Dubl\u00edn, D04 E5W5, Irlanda (\u00abGMP\"). GMP utiliza cookies para mostrar anuncios relevantes a los usuarios, mejorar los informes de rendimiento de las campa\u00f1as y evitar que los usuarios vean los mismos anuncios varias veces. Google utiliza un ID de cookie para realizar un seguimiento de los anuncios que se muestran en cada navegador y, de este modo, puede evitar que se muestren repetidamente. Adem\u00e1s, GMP puede utilizar los ID de las cookies para realizar un seguimiento de las conversiones relacionadas con las solicitudes de anuncios de<br\/>. Esto ocurre, por ejemplo, cuando un usuario ve un anuncio de GMP y m\u00e1s tarde, utilizando el mismo navegador, visita el sitio web del anunciante y realiza una compra. Seg\u00fan Google, las cookies de GMP no contienen informaci\u00f3n personal identificable.     <\/p>\n\n<p>Debido a las herramientas de marketing utilizadas, su navegador establece autom\u00e1ticamente una conexi\u00f3n directa con el servidor de Google. No tenemos ning\u00fan control sobre el alcance y el uso posterior de los datos recopilados por Google mediante el uso de esta herramienta y, por lo tanto, le informamos de lo siguiente, bas\u00e1ndonos en nuestros conocimientos actuales: Al integrar Google Marketing Platform (GMP), Google recibe la informaci\u00f3n de que usted<br\/>ha accedido a la parte correspondiente de nuestro sitio web o ha hecho clic en uno de nuestros anuncios. Si est\u00e1 registrado en un servicio de Google, Google puede asociar su visita a su cuenta. Aunque no est\u00e9 registrado en Google o no haya iniciado sesi\u00f3n, es posible que el proveedor conozca y almacene su direcci\u00f3n IP. El uso de GMP tambi\u00e9n puede implicar la transferencia de datos personales a los servidores de Google LLC en Estados Unidos. Todo el procesamiento descrito anteriormente, en particular la instalaci\u00f3n de cookies para la lectura de informaci\u00f3n sobre el dispositivo utilizado, s\u00f3lo se llevar\u00e1 a cabo si usted nos ha dado su consentimiento expl\u00edcito de conformidad con el Art. 6 Para. 1 lit. a GDPR. Sin este consentimiento, no se utilizar\u00e1n las GMP durante su visita a nuestro sitio web.        <\/p>\n\n<p>Puede retirar su consentimiento en cualquier momento con efecto para el futuro. Para ejercer su derecho de revocaci\u00f3n, desactive este servicio en la \u00abHerramienta de consentimiento de cookies\" proporcionada en el sitio web. <\/p>\n\n<p>Puede encontrar m\u00e1s informaci\u00f3n sobre la pol\u00edtica de privacidad de GMP by Google en la siguiente direcci\u00f3n web: https:\/\/www.google.de\/policies\/privacy\/.<\/p>\n\n<h4 class=\"wp-block-heading\">2.4. Servicios de an\u00e1lisis web<\/h4>\n\n<p>Google (Universal) Analytics<br\/>Este sitio web utiliza Google (Universal) Analytics, un servicio anal\u00edtico de web prestado por Google Ireland Limited, Gordon House, 4 Barrow St, Dubl\u00edn, D04 E5W5, Irlanda (\u00abGoogle\"), que permite analizar el uso que usted hace de nuestro sitio web.<\/p>\n\n<p>Por defecto, Google (Universal) Analytics instala cookies cuando usted visita este sitio web. Estas cookies son peque\u00f1os archivos de texto que se almacenan en su dispositivo y recopilan cierta informaci\u00f3n. Esta informaci\u00f3n incluye su direcci\u00f3n IP, que Google trunca eliminando los \u00faltimos d\u00edgitos para evitar la identificaci\u00f3n directa de las personas. La informaci\u00f3n se transmite y se procesa en los servidores de Google.<br\/>Esto tambi\u00e9n puede implicar transferencias a Google LLC, que tiene su sede en EE.UU..   <\/p>\n\n<p>Google utiliza la informaci\u00f3n recopilada en nuestro nombre para evaluar su uso del sitio web, recopilar informes sobre la actividad del sitio web para nosotros y proporcionar otros servicios relacionados con la actividad del sitio web y el uso de Internet. La direcci\u00f3n IP transmitida por su navegador como parte de Google Analytics, que se acorta, no se fusionar\u00e1 con otros datos de Google. Los datos recopilados mediante el uso de Google (Universal) Analytics se almacenan durante dos meses y luego se eliminan.  <\/p>\n\n<p>Todo el procesamiento descrito anteriormente, en particular la instalaci\u00f3n de cookies en el dispositivo utilizado, s\u00f3lo tendr\u00e1 lugar si usted nos ha dado su consentimiento expl\u00edcito de conformidad con el Art. 6 para. 1 lit. a GDPR.  <\/p>\n\n<p>Sin su consentimiento, no se utilizar\u00e1 Google (Universal) Analytics durante su visita a nuestro sitio web. Puede revocar su consentimiento en cualquier momento con efecto para el futuro. Para ejercer su derecho de revocaci\u00f3n, desactive este servicio utilizando la \u00abHerramienta de consentimiento de cookies\" que se proporciona en el sitio web.  <\/p>\n\n<p>Hemos firmado un acuerdo de procesamiento de datos con Google que garantiza la protecci\u00f3n de los datos de los visitantes de nuestro sitio web y proh\u00edbe su divulgaci\u00f3n no autorizada a terceros. Para la transferencia de datos a EE.UU., Google se basa en las cl\u00e1usulas contractuales est\u00e1ndar emitidas por la Comisi\u00f3n Europea, cuyo objetivo es garantizar el cumplimiento de las normas europeas de protecci\u00f3n de datos. <\/p>\n\n<p>Encontrar\u00e1 m\u00e1s informaci\u00f3n legal sobre Google (Universal) Analytics, incluida una copia de las cl\u00e1usulas contractuales tipo antes mencionadas, en<br\/>en https:\/\/policies.google.com\/privacy?hl=de&amp;gl=de y en<br\/>en https:\/\/policies.google.com\/technologies\/partner-sites.<\/p>\n\n<p>Caracter\u00edsticas demogr\u00e1ficas:<br\/>Google (Universal) Analytics utiliza la funci\u00f3n especial de \u00abcaracter\u00edsticas demogr\u00e1ficas\" para generar estad\u00edsticas sobre la edad, el sexo y los intereses de los visitantes del sitio web. Esto se consigue analizando la publicidad y la informaci\u00f3n de terceros proveedores. Esto permite identificar audiencias objetivo para actividades de marketing. Sin embargo, los datos recopilados no pueden vincularse a ninguna persona concreta y se eliminan tras un periodo de almacenamiento de dos meses.   <\/p>\n\n<p>Google Signals:<br\/>Como extensi\u00f3n de Google (Universal) Analytics, este sitio web puede utilizar Google Signals para generar informes entre dispositivos. Si ha habilitado los anuncios personalizados y ha vinculado sus dispositivos a su cuenta de Google, Google podr\u00e1, previo consentimiento por su parte para el uso de Google Analytics de conformidad con el Art. 6 para. 1 lit. a GDPR, analizar su comportamiento de uso en todos los dispositivos y<br\/>crear modelos de bases de datos, incluidos los relacionados con las conversiones entre dispositivos. No recibimos ning\u00fan dato personal de Google, s\u00f3lo estad\u00edsticas. Si desea detener el an\u00e1lisis entre dispositivos, puede desactivar la funci\u00f3n \u00abPublicidad personalizada\" en la configuraci\u00f3n de su cuenta de Google.       <\/p>\n\n<p>Para ello, siga las instrucciones de esta p\u00e1gina: https:\/\/support.google.com\/ads\/answer\/2662922?hl=de Encontrar\u00e1 m\u00e1s informaci\u00f3n sobre<br\/>Se\u00f1ales de Google en el siguiente enlace<br\/>: https:\/\/support.google.com\/analytics\/answer\/7532985?hl=de<br\/>UserIDs  <\/p>\n\n<p>Como ampliaci\u00f3n de Google (Universal) Analytics, en este sitio web puede utilizarse la funci\u00f3n \u00abUserIDs\". Si ha dado su consentimiento para el uso de Google (Universal) Analytics de conformidad con el Art. 6 para. 1 lit. a GDPR, ha creado una cuenta en este sitio web e inicia sesi\u00f3n con esta cuenta en diferentes dispositivos, sus actividades, incluidas las conversiones, pueden analizarse en todos los dispositivos.   <\/p>\n\n<h4 class=\"wp-block-heading\">2.5. Tramitaci\u00f3n, cumplimiento y ejecuci\u00f3n de un contrato<\/h4>\n\n<p>Procesamos sus datos porque es necesario para la ejecuci\u00f3n del acuerdo de compra con usted. Registramos los productos que usted solicita. Tambi\u00e9n almacenamos datos que est\u00e1n directamente relacionados con la tramitaci\u00f3n de sus pedidos.<br\/>Los datos de los pedidos incluyen, en particular:  <\/p>\n\n<ol start=\"1\" class=\"wp-block-list\">\n<li>  Detalles de los productos solicitados, como los n\u00fameros de art\u00edculo<\/li>\n\n\n\n<li>  Direcci\u00f3n de correo electr\u00f3nico<\/li>\n\n\n\n<li>  Direcci\u00f3n de facturaci\u00f3n y entrega<\/li>\n\n\n\n<li>  Datos de pago<\/li>\n\n\n\n<li>  Informaci\u00f3n sobre el comportamiento de pago y la solvencia crediticia que podamos recibir sobre usted de agencias de referencia de cr\u00e9dito.<\/li>\n\n\n\n<li>  Detalles sobre devoluciones y reclamaciones (por ejemplo, motivos de las devoluciones, informes sobre defectos)<\/li>\n\n\n\n<li>  N\u00fameros de pedido<\/li>\n<\/ol>\n\n<p>En la medida en que obtengamos el consentimiento del interesado para las operaciones de tratamiento de datos personales, el art\u00edculo 6, apartado 1, letra a) del RGPD constituye la base jur\u00eddica para el tratamiento de los datos personales.<\/p>\n\n<h3 class=\"wp-block-heading\"><strong>3. Duraci\u00f3n del almacenamiento<\/strong><\/h3>\n\n<p>Por lo general, s\u00f3lo almacenamos sus datos durante el tiempo que los necesitamos para los fines de procesamiento respectivos. Si los datos dejan de ser necesarios para cumplir los fines de procesamiento de<br\/>indicados en esta pol\u00edtica de privacidad, se eliminar\u00e1n, a menos que su conservaci\u00f3n siga siendo necesaria para cumplir las obligaciones de retenci\u00f3n de la legislaci\u00f3n comercial o fiscal. <\/p>\n\n<h3 class=\"wp-block-heading\"><strong>4. Sus derechos<\/strong><\/h3>\n\n<p>Como interesado, usted tiene ciertos derechos en relaci\u00f3n con el tratamiento de sus datos personales. Para ejercer estos derechos, puede ponerse en contacto con nosotros utilizando los datos de contacto facilitados anteriormente. <\/p>\n\n<h4 class=\"wp-block-heading\"><strong>4.1. Informaci\u00f3n<\/strong><\/h4>\n\n<p>Puede solicitar informaci\u00f3n sobre los datos personales que tratamos. Este derecho se basa en el art\u00edculo 15 del GDPR. <\/p>\n\n<h4 class=\"wp-block-heading\"><strong>4.2. Correcci\u00f3n<\/strong><\/h4>\n\n<p>Si sus datos ya no son exactos, puede solicitar que se corrijan. Si sus datos est\u00e1n incompletos, puede solicitar que se completen. Este derecho se basa en el art\u00edculo 16 del GDPR.  <\/p>\n\n<h4 class=\"wp-block-heading\"><strong>4.3. Supresi\u00f3n<\/strong><\/h4>\n\n<p>Tiene derecho a solicitar la supresi\u00f3n de sus datos. Tenga en cuenta que el derecho de supresi\u00f3n depende de la existencia de un motivo leg\u00edtimo. Adem\u00e1s, no debe existir ninguna obligaci\u00f3n legal que nos obligue a conservar sus datos. Este derecho se basa en el art\u00edculo 17 del GDPR.   <\/p>\n\n<h4 class=\"wp-block-heading\"><strong>4.4. Restricci\u00f3n del tratamiento<\/strong><\/h4>\n\n<p>Tiene derecho a solicitar la restricci\u00f3n del tratamiento de sus datos. Tenga en cuenta que la solicitud de restricci\u00f3n del tratamiento depende de la existencia de un motivo leg\u00edtimo. Este derecho se deriva del art\u00edculo 18 del GDPR.  <\/p>\n\n<h4 class=\"wp-block-heading\"><strong>4.5. Portabilidad de los datos<\/strong><\/h4>\n\n<p>Tiene derecho a recibir los datos que hayamos obtenido con su consentimiento o por medios automatizados en un formato estructurado, de uso com\u00fan y lectura mec\u00e1nica. Si solicita la transferencia directa de los datos a otro responsable del tratamiento, s\u00f3lo se realizar\u00e1 si es t\u00e9cnicamente viable. Este derecho se basa en el art\u00edculo 20 del GDPR.  <\/p>\n\n<h4 class=\"wp-block-heading\"><strong>4.6. Derecho de recurso<\/strong><\/h4>\n\n<p>Tiene derecho a presentar una reclamaci\u00f3n ante una autoridad supervisora de la protecci\u00f3n de datos si no est\u00e1 de acuerdo con el tratamiento de sus datos.<\/p>\n\n<h4 class=\"wp-block-heading\"><strong>4.7. Revocaci\u00f3n<\/strong><\/h4>\n\n<p>Tiene derecho a retirar en cualquier momento el consentimiento que nos ha dado para el tratamiento de sus datos.<\/p>\n\n<h4 class=\"wp-block-heading\"><strong>4.8. Objeci\u00f3n<\/strong><\/h4>\n\n<p>Tiene derecho a oponerse al tratamiento de sus datos por motivos relacionados con su situaci\u00f3n particular. En caso de oposici\u00f3n justificada<br\/>, dejaremos de tratar sus datos. <\/p>\n","protected":false},"excerpt":{"rendered":"<p>La protecci\u00f3n de datos es una cuesti\u00f3n de confianza, y queremos asegurarle que sus datos deest\u00e1n en buenas manos con nosotros. La protecci\u00f3n y el cumplimiento legal de la recogida, el tratamiento y el uso de sus datos enes de suma importancia para nosotros, garantizando el respeto de su privacidad y sus derechos personales. 1&#8230;.<\/p>\n","protected":false},"author":1,"featured_media":0,"parent":0,"menu_order":0,"comment_status":"closed","ping_status":"open","template":"","meta":{"_kad_blocks_custom_css":"","_kad_blocks_head_custom_js":"","_kad_blocks_body_custom_js":"","_kad_blocks_footer_custom_js":"","_kad_post_transparent":"","_kad_post_title":"","_kad_post_layout":"","_kad_post_sidebar_id":"","_kad_post_content_style":"","_kad_post_vertical_padding":"","_kad_post_feature":"","_kad_post_feature_position":"","_kad_post_header":false,"_kad_post_footer":false,"_kad_post_classname":"","footnotes":""},"class_list":["post-1382","page","type-page","status-publish","hentry"],"taxonomy_info":[],"featured_image_src_large":false,"author_info":{"display_name":"Olborglogistics","author_link":"https:\/\/olborglogistics.com\/es\/author\/olborglogistics\/"},"comment_info":0,"_links":{"self":[{"href":"https:\/\/olborglogistics.com\/es\/wp-json\/wp\/v2\/pages\/1382","targetHints":{"allow":["GET"]}}],"collection":[{"href":"https:\/\/olborglogistics.com\/es\/wp-json\/wp\/v2\/pages"}],"about":[{"href":"https:\/\/olborglogistics.com\/es\/wp-json\/wp\/v2\/types\/page"}],"author":[{"embeddable":true,"href":"https:\/\/olborglogistics.com\/es\/wp-json\/wp\/v2\/users\/1"}],"replies":[{"embeddable":true,"href":"https:\/\/olborglogistics.com\/es\/wp-json\/wp\/v2\/comments?post=1382"}],"version-history":[{"count":1,"href":"https:\/\/olborglogistics.com\/es\/wp-json\/wp\/v2\/pages\/1382\/revisions"}],"predecessor-version":[{"id":1383,"href":"https:\/\/olborglogistics.com\/es\/wp-json\/wp\/v2\/pages\/1382\/revisions\/1383"}],"wp:attachment":[{"href":"https:\/\/olborglogistics.com\/es\/wp-json\/wp\/v2\/media?parent=1382"}],"curies":[{"name":"wp","href":"https:\/\/api.w.org\/{rel}","templated":true}]}}