{"id":1299,"date":"2025-12-20T09:12:46","date_gmt":"2025-12-20T09:12:46","guid":{"rendered":"https:\/\/olborglogistics.com\/politica-de-envios\/"},"modified":"2026-01-19T20:17:11","modified_gmt":"2026-01-19T20:17:11","slug":"politica-de-envios","status":"publish","type":"page","link":"https:\/\/olborglogistics.com\/es\/politica-de-envios\/","title":{"rendered":"Pol\u00edtica de env\u00edos"},"content":{"rendered":"\n<p>Comprar un contenedor de transporte por Internet no es exactamente lo mismo que encargar algo que llega en una caja. Cuando su compra implica una caja -y esas pueden pesar hasta 8.000 libras- tendr\u00e1 que hacer un poco m\u00e1s de planificaci\u00f3n y coordinaci\u00f3n. <\/p>\n\n<p>Esta gu\u00eda explica c\u00f3mo se entregan los contenedores mar\u00edtimos, los costes que conllevan y c\u00f3mo preparar su terreno para la entrega.<\/p>\n\n<h3 class=\"wp-block-heading\"><strong><em>Requisitos de espacio y emplazamiento<br\/><\/em><\/strong><\/h3>\n\n<p>Cada m\u00e9todo de env\u00edo de contenedores tiene sus propios requisitos de espacio y acceso. He aqu\u00ed una gu\u00eda general.<br\/>Regi\u00f3n M\u00e9todo Longitud Altura Altura Altura Anchura Peso m\u00e1ximo del veh\u00edculo<br\/>Europa Elevador lateral 18,75 m \/ 61,5 pies 4 m \/ 13 pies 7 m \/ 23 pies Hasta 40 toneladas<br\/>Europa Cami\u00f3n gr\u00faa 18,75 m \/ 61,5 pies 4 m \/ 13 pies 3,65 m \/ 12 pies Hasta 40 toneladas <\/p>\n\n<p><em>*Si hay cables que cuelgan bajos en el lugar de entrega, deben estar al menos a 18 pies del suelo para permitir una entrega con volquete.<\/em><\/p>\n\n<p>Si su ubicaci\u00f3n no permite este tipo de acceso, hable con su representante de contenedores. Puede haber alternativas, como proporcionar un remolque m\u00e1s peque\u00f1o o incluso un equipo especial de reposicionamiento para facilitar su entrega. <\/p>\n\n<h4 class=\"wp-block-heading\"><strong>Gastos de env\u00edo para el contenedor mar\u00edtimo<\/strong><\/h4>\n\n<p>El coste de la entrega de los contenedores mar\u00edtimos depende de varios factores, como la distancia, las condiciones de acceso, las restricciones de la carretera y la disponibilidad de conductores locales. A continuaci\u00f3n encontrar\u00e1 estimaciones aproximadas que le ayudar\u00e1n a planificar su presupuesto. <\/p>\n\n<p>Las entregas se calculan en funci\u00f3n de las rutas de camiones de gran tonelaje, evitando las autopistas de peaje siempre que sea posible. Normalmente, los contenedores pueden entregarse en un radio de 300 millas de un dep\u00f3sito. Sin embargo, las entregas a trav\u00e9s del estado pueden incurrir en cargos adicionales.  <\/p>\n\n<p>Entrega local con volquete en distancias cortas: aproximadamente 400-600 euros<br\/>Entrega a larga distancia (200-300 millas): 1.200-1.550+ euros<br\/>Transporte en cami\u00f3n cargado: puede ser aproximadamente 1 euro por milla m\u00e1s barato (pero requiere equipo de descarga adicional).<\/p>\n\n<p>Estas cifras son s\u00f3lo a efectos de presupuesto. Consulte su presupuesto para conocer los gastos de env\u00edo exactos. <\/p>\n\n<h4 class=\"wp-block-heading\"><strong>Gastos de env\u00edo en <\/strong><strong>Polonia y otros pa\u00edses europeos<\/strong><\/h4>\n\n<p>Los gastos de entrega se calculan en funci\u00f3n del transporte pesado y suelen ser por kil\u00f3metro. Por lo general, los contenedores pueden entregarse en un radio de 400 kil\u00f3metros de un dep\u00f3sito, con cargos adicionales aplicables si es necesario cruzar un ferry. <\/p>\n\n<p><strong>Distancia corta (local):<\/strong><br\/>Entrega con gr\u00faa m\u00f3vil: 370-600 euros<br\/>Entrega con cargador lateral: 380-650 euros<br\/>Entrega en distancias m\u00e1s largas (300-400 km):<br\/>Entrega con gr\u00faa m\u00f3vil: 1.200-1.550 euros+<br\/>Entrega con cargador lateral: 1.300-1.700 euros+<br\/>Estas cifras son s\u00f3lo a efectos de presupuesto. Consulte su presupuesto para conocer los gastos de entrega exactos. <\/p>\n\n<p><strong>Preparaci\u00f3n de la entrega<\/strong><br\/>Para garantizar una entrega sin problemas de su contenedor (y evitar cargos por funcionamiento en seco o nueva entrega), es importante preparar su emplazamiento con antelaci\u00f3n. Los pasos b\u00e1sicos incluyen: <\/p>\n\n<p><strong>Acceso al emplazamiento<\/strong><br\/>Aseg\u00farese de que la carretera es adecuada para un cami\u00f3n pesado y de que el conductor tiene espacio suficiente para dar la vuelta y dar marcha atr\u00e1s. Compruebe que no haya verjas, ramas o l\u00edneas el\u00e9ctricas que puedan obstruir la ruta entre la carretera y el destino de su contenedor. <\/p>\n\n<p><strong>Preparaci\u00f3n del terreno<\/strong><br\/>Los contenedores deben colocarse sobre un terreno nivelado y firme para que funcionen correctamente. Una nivelaci\u00f3n correcta ayuda a evitar problemas como puertas desalineadas o tensiones estructurales que podr\u00edan dificultar el uso futuro del contenedor. Si su terreno es blando o irregular, debe crear una base como una losa de grava u hormig\u00f3n. Si s\u00f3lo va a colocar el contenedor temporalmente, utilice tacos de madera o traviesas de ferrocarril para mantenerlo nivelado.   <\/p>\n\n<p><strong>Comunicaci\u00f3n con el conductor<\/strong><br\/>Env\u00edenos fotos de su ubicaci\u00f3n y direcciones claras con antelaci\u00f3n. Cuanta m\u00e1s informaci\u00f3n nos facilite, m\u00e1s fluido ser\u00e1 el d\u00eda de la entrega. Si el conductor no puede acceder con seguridad a su propiedad, es posible que se le cobre el viaje &#8211; y el viaje de vuelta.  <\/p>\n\n<h2 class=\"wp-block-heading\">P\u00f3ngase en contacto con nosotros para m\u00e1s detalles.<\/h2>\n<style>.kb-row-layout-id368_4ee3ad-f5 > .kt-row-column-wrap{align-content:start;}:where(.kb-row-layout-id368_4ee3ad-f5 > .kt-row-column-wrap) > .wp-block-kadence-column{justify-content:start;}.kb-row-layout-id368_4ee3ad-f5 > .kt-row-column-wrap{column-gap:var(--global-kb-gap-md, 2rem);row-gap:var(--global-kb-gap-md, 2rem);max-width:var( --global-content-width, 1021px );padding-left:var(--global-content-edge-padding);padding-right:var(--global-content-edge-padding);padding-top:var(--global-kb-spacing-sm, 1.5rem);padding-bottom:var(--global-kb-spacing-xxs, 0.5rem);}.kb-row-layout-id368_4ee3ad-f5 > .kt-row-column-wrap > div:not(.added-for-specificity){grid-column:initial;}.kb-row-layout-id368_4ee3ad-f5 > .kt-row-column-wrap{grid-template-columns:repeat(3, minmax(0, 1fr));}.kb-row-layout-id368_4ee3ad-f5 > .kt-row-layout-overlay{opacity:0.30;}@media all and (max-width: 1024px){.kb-row-layout-id368_4ee3ad-f5 > .kt-row-column-wrap > div:not(.added-for-specificity){grid-column:initial;}}@media all and (max-width: 1024px){.kb-row-layout-id368_4ee3ad-f5 > .kt-row-column-wrap{grid-template-columns:repeat(3, minmax(0, 1fr));}}@media all and (max-width: 767px){.kb-row-layout-id368_4ee3ad-f5 > .kt-row-column-wrap > div:not(.added-for-specificity){grid-column:initial;}.kb-row-layout-id368_4ee3ad-f5 > .kt-row-column-wrap{grid-template-columns:minmax(0, 1fr);}}<\/style><div class=\"kb-row-layout-wrap kb-row-layout-id368_4ee3ad-f5 alignfull has-theme-palette8-background-color kt-row-has-bg wp-block-kadence-rowlayout\"><div class=\"kt-row-column-wrap kt-has-3-columns kt-row-layout-equal kt-tab-layout-inherit kt-mobile-layout-row kt-row-valign-top kb-theme-content-width\">\n<style>.kadence-column368_a4b30a-c4 > .kt-inside-inner-col,.kadence-column368_a4b30a-c4 > .kt-inside-inner-col:before{border-top-left-radius:0px;border-top-right-radius:0px;border-bottom-right-radius:0px;border-bottom-left-radius:0px;}.kadence-column368_a4b30a-c4 > .kt-inside-inner-col{column-gap:var(--global-kb-gap-sm, 1rem);}.kadence-column368_a4b30a-c4 > .kt-inside-inner-col{flex-direction:column;}.kadence-column368_a4b30a-c4 > .kt-inside-inner-col > .aligncenter{width:100%;}.kadence-column368_a4b30a-c4 > .kt-inside-inner-col:before{opacity:0.3;}.kadence-column368_a4b30a-c4{position:relative;}@media all and (max-width: 1024px){.kadence-column368_a4b30a-c4 > .kt-inside-inner-col{flex-direction:column;justify-content:center;}}@media all and (max-width: 767px){.kadence-column368_a4b30a-c4 > .kt-inside-inner-col{flex-direction:column;justify-content:center;}}<\/style>\n<div class=\"wp-block-kadence-column kadence-column368_a4b30a-c4 inner-column-1\"><div class=\"kt-inside-inner-col\"><style>.wp-block-kadence-column.kb-section-dir-horizontal > .kt-inside-inner-col > .kt-info-box368_4db0da-e3 .kt-blocks-info-box-link-wrap{max-width:unset;}.kt-info-box368_4db0da-e3 .kt-blocks-info-box-link-wrap{border-top:5px solid var(--global-palette7, #eeeeee);border-right:5px solid var(--global-palette7, #eeeeee);border-bottom:5px solid var(--global-palette7, #eeeeee);border-left:5px solid var(--global-palette7, #eeeeee);background:rgba(255, 255, 255, 0);padding-top:var(--global-kb-spacing-sm, 1.5rem);padding-right:var(--global-kb-spacing-sm, 1.5rem);padding-bottom:var(--global-kb-spacing-sm, 1.5rem);padding-left:var(--global-kb-spacing-sm, 1.5rem);margin-top:50px;}.kt-info-box368_4db0da-e3 .kt-blocks-info-box-link-wrap:hover{background:rgba(255, 255, 255, 0);}.kt-info-box368_4db0da-e3 .kadence-info-box-icon-container .kt-info-svg-icon, .kt-info-box368_4db0da-e3 .kt-info-svg-icon-flip, .kt-info-box368_4db0da-e3 .kt-blocks-info-box-number{font-size:50px;}.kt-info-box368_4db0da-e3 .kt-blocks-info-box-media{color:var(--global-palette9, #ffffff);background:var(--global-palette15, #3182CE);border-top-width:5px;border-right-width:5px;border-bottom-width:5px;border-left-width:5px;padding-top:20px;padding-right:20px;padding-bottom:20px;padding-left:20px;}.kt-info-box368_4db0da-e3 .kt-blocks-info-box-media-container{margin-top:-75px;margin-right:0px;margin-bottom:20px;margin-left:0px;}.kt-info-box368_4db0da-e3 .kt-blocks-info-box-link-wrap:hover .kt-blocks-info-box-media{color:var(--global-palette9, #ffffff);background:var(--global-palette5, #4A5568);}.kt-info-box368_4db0da-e3 .kt-infobox-textcontent h6.kt-blocks-info-box-title{color:var(--global-palette3, #1A202C);padding-top:0px;padding-right:0px;padding-bottom:0px;padding-left:0px;margin-top:5px;margin-right:0px;margin-bottom:10px;margin-left:0px;}.kt-info-box368_4db0da-e3 .kt-infobox-textcontent .kt-blocks-info-box-text{color:var(--global-palette3, #1A202C);}.kt-info-box368_4db0da-e3 .kt-blocks-info-box-learnmore{background:transparent;border-color:#555555;border-width:0px 0px 0px 0px;padding-top:4px;padding-right:8px;padding-bottom:4px;padding-left:8px;margin-top:10px;margin-right:0px;margin-bottom:10px;margin-left:0px;}.kt-info-box368_4db0da-e3 .kt-blocks-info-box-link-wrap:hover .kt-blocks-info-box-learnmore,.kt-info-box368_4db0da-e3 .kt-blocks-info-box-link-wrap .kt-blocks-info-box-learnmore:focus{color:#ffffff;background:#444444;border-color:#444444;}@media all and (max-width: 1024px){.kt-info-box368_4db0da-e3 .kt-blocks-info-box-link-wrap{border-top:5px solid var(--global-palette7, #eeeeee);border-right:5px solid var(--global-palette7, #eeeeee);border-bottom:5px solid var(--global-palette7, #eeeeee);border-left:5px solid var(--global-palette7, #eeeeee);}}@media all and (max-width: 1024px){.wp-block-kadence-infobox.kt-info-box368_4db0da-e3 .kt-blocks-info-box-text{font-size:18px;}}@media all and (max-width: 767px){.kt-info-box368_4db0da-e3 .kt-blocks-info-box-link-wrap{border-top:5px solid var(--global-palette7, #eeeeee);border-right:5px solid var(--global-palette7, #eeeeee);border-bottom:5px solid var(--global-palette7, #eeeeee);border-left:5px solid var(--global-palette7, #eeeeee);}}<\/style>\n<div class=\"wp-block-kadence-infobox kt-info-box368_4db0da-e3\"><a class=\"kt-blocks-info-box-link-wrap info-box-link kt-blocks-info-box-media-align-top kt-info-halign-left\" href=\"mailto:info@olborglogistics.com\"><div class=\"kt-blocks-info-box-media-container\"><div class=\"kt-blocks-info-box-media kt-info-media-animate-none\"><div class=\"kadence-info-box-icon-container kt-info-icon-animate-none\"><div class=\"kadence-info-box-icon-inner-container\"><span class=\"kb-svg-icon-wrap kb-svg-icon-fe_mail kt-info-svg-icon\"><svg viewBox=\"0 0 24 24\"  fill=\"none\" stroke=\"currentColor\" stroke-width=\"2\" stroke-linecap=\"round\" stroke-linejoin=\"round\" xmlns=\"http:\/\/www.w3.org\/2000\/svg\"  aria-hidden=\"true\"><path d=\"M4 4h16c1.1 0 2 .9 2 2v12c0 1.1-.9 2-2 2H4c-1.1 0-2-.9-2-2V6c0-1.1.9-2 2-2z\"\/><polyline points=\"22,6 12,13 2,6\"\/><\/svg><\/span><\/div><\/div><\/div><\/div><div class=\"kt-infobox-textcontent\"><h6 class=\"kt-blocks-info-box-title\">Correo electr\u00f3nico<\/h6><p class=\"kt-blocks-info-box-text\"><strong><em>info@olborglogistics.com<\/em><\/strong><\/p><\/div><\/a><\/div>\n<\/div><\/div>\n\n\n<style>.kadence-column368_f3b045-82 > .kt-inside-inner-col,.kadence-column368_f3b045-82 > .kt-inside-inner-col:before{border-top-left-radius:0px;border-top-right-radius:0px;border-bottom-right-radius:0px;border-bottom-left-radius:0px;}.kadence-column368_f3b045-82 > .kt-inside-inner-col{column-gap:var(--global-kb-gap-sm, 1rem);}.kadence-column368_f3b045-82 > .kt-inside-inner-col{flex-direction:column;}.kadence-column368_f3b045-82 > .kt-inside-inner-col > .aligncenter{width:100%;}.kadence-column368_f3b045-82 > .kt-inside-inner-col:before{opacity:0.3;}.kadence-column368_f3b045-82{position:relative;}@media all and (max-width: 1024px){.kadence-column368_f3b045-82 > .kt-inside-inner-col{flex-direction:column;justify-content:center;}}@media all and (max-width: 767px){.kadence-column368_f3b045-82 > .kt-inside-inner-col{flex-direction:column;justify-content:center;}}<\/style>\n<div class=\"wp-block-kadence-column kadence-column368_f3b045-82 inner-column-3\"><div class=\"kt-inside-inner-col\"><style>.wp-block-kadence-column.kb-section-dir-horizontal > .kt-inside-inner-col > .kt-info-box368_b98eb0-4a .kt-blocks-info-box-link-wrap{max-width:unset;}.kt-info-box368_b98eb0-4a .kt-blocks-info-box-link-wrap{border-top:5px solid var(--global-palette7, #eeeeee);border-right:5px solid var(--global-palette7, #eeeeee);border-bottom:5px solid var(--global-palette7, #eeeeee);border-left:5px solid var(--global-palette7, #eeeeee);background:rgba(255, 255, 255, 0);padding-top:var(--global-kb-spacing-sm, 1.5rem);padding-right:var(--global-kb-spacing-sm, 1.5rem);padding-bottom:var(--global-kb-spacing-sm, 1.5rem);padding-left:var(--global-kb-spacing-sm, 1.5rem);margin-top:50px;}.kt-info-box368_b98eb0-4a .kt-blocks-info-box-link-wrap:hover{background:rgba(255, 255, 255, 0);}.kt-info-box368_b98eb0-4a .kadence-info-box-icon-container .kt-info-svg-icon, .kt-info-box368_b98eb0-4a .kt-info-svg-icon-flip, .kt-info-box368_b98eb0-4a .kt-blocks-info-box-number{font-size:50px;}.kt-info-box368_b98eb0-4a .kt-blocks-info-box-media{color:var(--global-palette9, #ffffff);background:var(--global-palette15, #3182CE);border-top-width:5px;border-right-width:5px;border-bottom-width:5px;border-left-width:5px;padding-top:20px;padding-right:20px;padding-bottom:20px;padding-left:20px;}.kt-info-box368_b98eb0-4a .kt-blocks-info-box-media-container{margin-top:-75px;margin-right:0px;margin-bottom:20px;margin-left:0px;}.kt-info-box368_b98eb0-4a .kt-blocks-info-box-link-wrap:hover .kt-blocks-info-box-media{color:var(--global-palette9, #ffffff);background:var(--global-palette5, #4A5568);}.kt-info-box368_b98eb0-4a .kt-infobox-textcontent h6.kt-blocks-info-box-title{color:var(--global-palette3, #1A202C);padding-top:0px;padding-right:0px;padding-bottom:0px;padding-left:0px;margin-top:5px;margin-right:0px;margin-bottom:10px;margin-left:0px;}.kt-info-box368_b98eb0-4a .kt-infobox-textcontent .kt-blocks-info-box-text{color:var(--global-palette3, #1A202C);}.kt-info-box368_b98eb0-4a .kt-blocks-info-box-learnmore{background:transparent;border-color:#555555;border-width:0px 0px 0px 0px;padding-top:4px;padding-right:8px;padding-bottom:4px;padding-left:8px;margin-top:10px;margin-right:0px;margin-bottom:10px;margin-left:0px;}.kt-info-box368_b98eb0-4a .kt-blocks-info-box-link-wrap:hover .kt-blocks-info-box-learnmore,.kt-info-box368_b98eb0-4a .kt-blocks-info-box-link-wrap .kt-blocks-info-box-learnmore:focus{color:#ffffff;background:#444444;border-color:#444444;}@media all and (max-width: 1024px){.kt-info-box368_b98eb0-4a .kt-blocks-info-box-link-wrap{border-top:5px solid var(--global-palette7, #eeeeee);border-right:5px solid var(--global-palette7, #eeeeee);border-bottom:5px solid var(--global-palette7, #eeeeee);border-left:5px solid var(--global-palette7, #eeeeee);}}@media all and (max-width: 1024px){.wp-block-kadence-infobox.kt-info-box368_b98eb0-4a .kt-blocks-info-box-text{font-size:18px;}}@media all and (max-width: 767px){.kt-info-box368_b98eb0-4a .kt-blocks-info-box-link-wrap{border-top:5px solid var(--global-palette7, #eeeeee);border-right:5px solid var(--global-palette7, #eeeeee);border-bottom:5px solid var(--global-palette7, #eeeeee);border-left:5px solid var(--global-palette7, #eeeeee);}}<\/style>\n<div class=\"wp-block-kadence-infobox kt-info-box368_b98eb0-4a\"><span class=\"kt-blocks-info-box-link-wrap info-box-link kt-blocks-info-box-media-align-top kt-info-halign-left\"><div class=\"kt-blocks-info-box-media-container\"><div class=\"kt-blocks-info-box-media kt-info-media-animate-none\"><div class=\"kadence-info-box-icon-container kt-info-icon-animate-none\"><div class=\"kadence-info-box-icon-inner-container\"><span class=\"kb-svg-icon-wrap kb-svg-icon-ic_phone kt-info-svg-icon\"><svg viewBox=\"0 0 8 8\"  fill=\"currentColor\" xmlns=\"http:\/\/www.w3.org\/2000\/svg\"  aria-hidden=\"true\"><path d=\"M.19 0c-.11 0-.19.08-.19.19v7.63c0 .11.08.19.19.19h4.63c.11 0 .19-.08.19-.19v-7.63c0-.11-.08-.19-.19-.19h-4.63zm.81 1h3v5h-3v-5zm1.5 5.5c.28 0 .5.22.5.5s-.22.5-.5.5-.5-.22-.5-.5.22-.5.5-.5z\" transform=\"translate(1)\"\/><\/svg><\/span><\/div><\/div><\/div><\/div><div class=\"kt-infobox-textcontent\"><h6 class=\"kt-blocks-info-box-title\">Tel\u00e9fono<\/h6><p class=\"kt-blocks-info-box-text\"><strong><em>+48 505 611 446<\/em><\/strong><\/p><\/div><\/span><\/div>\n<\/div><\/div>\n\n\n<style>.kadence-column368_d46b1d-5e > .kt-inside-inner-col,.kadence-column368_d46b1d-5e > .kt-inside-inner-col:before{border-top-left-radius:0px;border-top-right-radius:0px;border-bottom-right-radius:0px;border-bottom-left-radius:0px;}.kadence-column368_d46b1d-5e > .kt-inside-inner-col{column-gap:var(--global-kb-gap-sm, 1rem);}.kadence-column368_d46b1d-5e > .kt-inside-inner-col{flex-direction:column;}.kadence-column368_d46b1d-5e > .kt-inside-inner-col > .aligncenter{width:100%;}.kadence-column368_d46b1d-5e > .kt-inside-inner-col:before{opacity:0.3;}.kadence-column368_d46b1d-5e{position:relative;}@media all and (max-width: 1024px){.kadence-column368_d46b1d-5e > .kt-inside-inner-col{flex-direction:column;justify-content:center;}}@media all and (max-width: 767px){.kadence-column368_d46b1d-5e > .kt-inside-inner-col{flex-direction:column;justify-content:center;}}<\/style>\n<div class=\"wp-block-kadence-column kadence-column368_d46b1d-5e inner-column-4\"><div class=\"kt-inside-inner-col\"><style>.wp-block-kadence-column.kb-section-dir-horizontal > .kt-inside-inner-col > .kt-info-box368_05fac8-31 .kt-blocks-info-box-link-wrap{max-width:unset;}.kt-info-box368_05fac8-31 .kt-blocks-info-box-link-wrap{border-top:5px solid var(--global-palette7, #eeeeee);border-right:5px solid var(--global-palette7, #eeeeee);border-bottom:5px solid var(--global-palette7, #eeeeee);border-left:5px solid var(--global-palette7, #eeeeee);background:rgba(255, 255, 255, 0);padding-top:var(--global-kb-spacing-sm, 1.5rem);padding-right:var(--global-kb-spacing-sm, 1.5rem);padding-bottom:var(--global-kb-spacing-sm, 1.5rem);padding-left:var(--global-kb-spacing-sm, 1.5rem);margin-top:50px;}.kt-info-box368_05fac8-31 .kt-blocks-info-box-link-wrap:hover{background:rgba(255, 255, 255, 0);}.kt-info-box368_05fac8-31 .kadence-info-box-icon-container .kt-info-svg-icon, .kt-info-box368_05fac8-31 .kt-info-svg-icon-flip, .kt-info-box368_05fac8-31 .kt-blocks-info-box-number{font-size:50px;}.kt-info-box368_05fac8-31 .kt-blocks-info-box-media{color:var(--global-palette9, #ffffff);background:var(--global-palette15, #3182CE);border-top-width:5px;border-right-width:5px;border-bottom-width:5px;border-left-width:5px;padding-top:20px;padding-right:20px;padding-bottom:20px;padding-left:20px;}.kt-info-box368_05fac8-31 .kt-blocks-info-box-media-container{margin-top:-75px;margin-right:0px;margin-bottom:20px;margin-left:0px;}.kt-info-box368_05fac8-31 .kt-blocks-info-box-link-wrap:hover .kt-blocks-info-box-media{color:var(--global-palette9, #ffffff);background:var(--global-palette5, #4A5568);}.kt-info-box368_05fac8-31 .kt-infobox-textcontent h6.kt-blocks-info-box-title{color:var(--global-palette3, #1A202C);padding-top:0px;padding-right:0px;padding-bottom:0px;padding-left:0px;margin-top:5px;margin-right:0px;margin-bottom:10px;margin-left:0px;}.kt-info-box368_05fac8-31 .kt-infobox-textcontent .kt-blocks-info-box-text{color:var(--global-palette3, #1A202C);}.kt-info-box368_05fac8-31 .kt-blocks-info-box-learnmore{background:transparent;border-color:#555555;border-width:0px 0px 0px 0px;padding-top:4px;padding-right:8px;padding-bottom:4px;padding-left:8px;margin-top:10px;margin-right:0px;margin-bottom:10px;margin-left:0px;}.kt-info-box368_05fac8-31 .kt-blocks-info-box-link-wrap:hover .kt-blocks-info-box-learnmore,.kt-info-box368_05fac8-31 .kt-blocks-info-box-link-wrap .kt-blocks-info-box-learnmore:focus{color:#ffffff;background:#444444;border-color:#444444;}@media all and (max-width: 1024px){.kt-info-box368_05fac8-31 .kt-blocks-info-box-link-wrap{border-top:5px solid var(--global-palette7, #eeeeee);border-right:5px solid var(--global-palette7, #eeeeee);border-bottom:5px solid var(--global-palette7, #eeeeee);border-left:5px solid var(--global-palette7, #eeeeee);}}@media all and (max-width: 1024px){.wp-block-kadence-infobox.kt-info-box368_05fac8-31 .kt-blocks-info-box-text{font-size:18px;}}@media all and (max-width: 767px){.kt-info-box368_05fac8-31 .kt-blocks-info-box-link-wrap{border-top:5px solid var(--global-palette7, #eeeeee);border-right:5px solid var(--global-palette7, #eeeeee);border-bottom:5px solid var(--global-palette7, #eeeeee);border-left:5px solid var(--global-palette7, #eeeeee);}}<\/style>\n<div class=\"wp-block-kadence-infobox kt-info-box368_05fac8-31\"><span class=\"kt-blocks-info-box-link-wrap info-box-link kt-blocks-info-box-media-align-top kt-info-halign-left\"><div class=\"kt-blocks-info-box-media-container\"><div class=\"kt-blocks-info-box-media kt-info-media-animate-none\"><div class=\"kadence-info-box-icon-container kt-info-icon-animate-none\"><div class=\"kadence-info-box-icon-inner-container\"><span class=\"kb-svg-icon-wrap kb-svg-icon-fe_clock kt-info-svg-icon\"><svg viewBox=\"0 0 24 24\"  fill=\"none\" stroke=\"currentColor\" stroke-width=\"2\" stroke-linecap=\"round\" stroke-linejoin=\"round\" xmlns=\"http:\/\/www.w3.org\/2000\/svg\"  aria-hidden=\"true\"><circle cx=\"12\" cy=\"12\" r=\"10\"\/><polyline points=\"12 6 12 12 16 14\"\/><\/svg><\/span><\/div><\/div><\/div><\/div><div class=\"kt-infobox-textcontent\"><h6 class=\"kt-blocks-info-box-title\">Horas<\/h6><p class=\"kt-blocks-info-box-text\"><strong><em>Lunes &#8211; Viernes<br\/>8:00 AM &#8211; 5:00 PM<\/em><\/strong><\/p><\/div><\/span><\/div>\n<\/div><\/div>\n\n<\/div><\/div>","protected":false},"excerpt":{"rendered":"<p>Comprar un contenedor de transporte por Internet no es exactamente lo mismo que encargar algo que llega en una caja. Cuando su compra implica una caja -y esas pueden pesar hasta 8.000 libras- tendr\u00e1 que hacer un poco m\u00e1s de planificaci\u00f3n y coordinaci\u00f3n. Esta gu\u00eda explica c\u00f3mo se entregan los contenedores mar\u00edtimos, los costes que&#8230;<\/p>\n","protected":false},"author":1,"featured_media":0,"parent":0,"menu_order":0,"comment_status":"closed","ping_status":"closed","template":"","meta":{"_kad_blocks_custom_css":"","_kad_blocks_head_custom_js":"","_kad_blocks_body_custom_js":"","_kad_blocks_footer_custom_js":"","_kad_post_transparent":"","_kad_post_title":"","_kad_post_layout":"","_kad_post_sidebar_id":"","_kad_post_content_style":"","_kad_post_vertical_padding":"","_kad_post_feature":"","_kad_post_feature_position":"","_kad_post_header":false,"_kad_post_footer":false,"_kad_post_classname":"","footnotes":""},"class_list":["post-1299","page","type-page","status-publish","hentry"],"taxonomy_info":[],"featured_image_src_large":false,"author_info":{"display_name":"Olborglogistics","author_link":"https:\/\/olborglogistics.com\/es\/author\/olborglogistics\/"},"comment_info":0,"_links":{"self":[{"href":"https:\/\/olborglogistics.com\/es\/wp-json\/wp\/v2\/pages\/1299","targetHints":{"allow":["GET"]}}],"collection":[{"href":"https:\/\/olborglogistics.com\/es\/wp-json\/wp\/v2\/pages"}],"about":[{"href":"https:\/\/olborglogistics.com\/es\/wp-json\/wp\/v2\/types\/page"}],"author":[{"embeddable":true,"href":"https:\/\/olborglogistics.com\/es\/wp-json\/wp\/v2\/users\/1"}],"replies":[{"embeddable":true,"href":"https:\/\/olborglogistics.com\/es\/wp-json\/wp\/v2\/comments?post=1299"}],"version-history":[{"count":1,"href":"https:\/\/olborglogistics.com\/es\/wp-json\/wp\/v2\/pages\/1299\/revisions"}],"predecessor-version":[{"id":1305,"href":"https:\/\/olborglogistics.com\/es\/wp-json\/wp\/v2\/pages\/1299\/revisions\/1305"}],"wp:attachment":[{"href":"https:\/\/olborglogistics.com\/es\/wp-json\/wp\/v2\/media?parent=1299"}],"curies":[{"name":"wp","href":"https:\/\/api.w.org\/{rel}","templated":true}]}}