{"id":3027,"date":"2025-12-21T22:34:54","date_gmt":"2025-12-21T22:34:54","guid":{"rendered":"https:\/\/olborglogistics.com\/product\/20ft-standardni-prepravni-kontejner-novy-jedna-cesta\/"},"modified":"2025-12-21T22:34:54","modified_gmt":"2025-12-21T22:34:54","slug":"20ft-standardni-prepravni-kontejner-novy-jedna-cesta","status":"publish","type":"product","link":"https:\/\/olborglogistics.com\/cs\/produkt\/20ft-standardni-prepravni-kontejner-novy-jedna-cesta\/","title":{"rendered":"20ft Standardn\u00ed p\u0159epravn\u00ed kontejner Nov\u00fd (jedna cesta)"},"content":{"rendered":"<p data-start=\"537\" data-end=\"779\"><strong data-start=\"541\" data-end=\"577\">20stop\u00fd p\u0159epravn\u00ed kontejner One-Trip<\/strong> p\u0159edstavuje nejvy\u0161\u0161\u00ed standard kvality kontejner\u016f. Tento kontejner, kter\u00fd byl pou\u017eit pouze jednou k p\u0159eprav\u011b n\u00e1kladu z v\u00fdroby, je t\u00e9m\u011b\u0159 nov\u00fd, bez po\u0161kozen\u00ed konstrukce, siln\u00e9ho opot\u0159eben\u00ed nebo koroze. <\/p>\n<p data-start=\"781\" data-end=\"1091\">Je vyroben z vysoce kvalitn\u00ed kortenov\u00e9 oceli a je navr\u017een tak, aby odol\u00e1val nep\u0159\u00edzniv\u00fdm pov\u011btrnostn\u00edm podm\u00ednk\u00e1m a z\u00e1rove\u0148 poskytoval bezpe\u010dn\u00e9 a spolehliv\u00e9 skladov\u00e1n\u00ed. Kontejner je vybaven origin\u00e1ln\u00edmi n\u00e1kladov\u00fdmi dve\u0159mi s odoln\u00fdmi z\u00e1mky, pevnou podlahou z n\u00e1mo\u0159n\u00ed p\u0159ekli\u017eky a \u00fapln\u00fdm ut\u011bsn\u011bn\u00edm proti pov\u011btrnostn\u00edm vliv\u016fm, kter\u00e9 chr\u00e1n\u00ed zbo\u017e\u00ed p\u0159ed vlhkost\u00ed a prachem. <\/p>\n<p data-start=\"1093\" data-end=\"1397\">Tento kontejner je ide\u00e1ln\u00ed pro z\u00e1kazn\u00edky, kte\u0159\u00ed hledaj\u00ed dlouhodob\u00e9 skladovac\u00ed \u0159e\u0161en\u00ed, pou\u017eit\u00ed pro export nebo \u010dist\u00fd z\u00e1klad pro p\u0159estavbu na kancel\u00e1\u0159e, gar\u00e1\u017ee, d\u00edlny nebo jin\u00e9 upraven\u00e9 kontejnery. Jeho standardn\u00ed rozm\u011bry zaji\u0161\u0165uj\u00ed snadnou p\u0159epravu, stohov\u00e1n\u00ed a kompatibilitu s glob\u00e1ln\u00edmi logistick\u00fdmi syst\u00e9my. <\/p>\n<p data-start=\"1093\" data-end=\"1397\">Tento <a href=\"https:\/\/olborglogistics.com\/pl\/kontenery-20-stopowe\/\">20stop\u00fd kontejner<\/a> z kter\u00e9hokoli z na\u0161ich sklad\u016f a nechte si ho doru\u010dit do sv\u00e9 de<\/p>\n<h3 data-start=\"1404\" data-end=\"1437\">Kl\u00ed\u010dov\u00e9 vlastnosti a specifikace<\/h3>\n<table>\n<thead>\n<tr>\n<th>Funkce<\/th>\n<th>Specifikace<\/th>\n<\/tr>\n<\/thead>\n<tbody>\n<tr>\n<td>Typ kontejneru<\/td>\n<td>20 stop standardn\u00ed (TEU)<\/td>\n<\/tr>\n<tr>\n<td>K\u00f3d ISO<\/td>\n<td>22G1<\/td>\n<\/tr>\n<tr>\n<td>Stav<\/td>\n<td>Nov\u00e9 (na jednu j\u00edzdu) nebo pou\u017eit\u00e9<\/td>\n<\/tr>\n<tr>\n<td>Materi\u00e1l<\/td>\n<td>Cortenov\u00e1 ocel (odoln\u00e1 proti pov\u011btrnostn\u00edm vliv\u016fm)<\/td>\n<\/tr>\n<tr>\n<td>Typ podlahy<\/td>\n<td>N\u00e1mo\u0159n\u00ed p\u0159ekli\u017eka<\/td>\n<\/tr>\n<tr>\n<td>Dve\u0159e<\/td>\n<td>Dvojit\u00e9 n\u00e1kladn\u00ed dve\u0159e<\/td>\n<\/tr>\n<tr>\n<td>Uzamykac\u00ed syst\u00e9m<\/td>\n<td>2 zamykac\u00ed ty\u010de na dve\u0159e<\/td>\n<\/tr>\n<tr>\n<td>Kapsy pro vysokozdvi\u017en\u00fd voz\u00edk<\/td>\n<td>Ano<\/td>\n<\/tr>\n<tr>\n<td>Certifikace CSC<\/td>\n<td>Ano<\/td>\n<\/tr>\n<tr>\n<td>Stohovateln\u00e9<\/td>\n<td>Ano<\/td>\n<\/tr>\n<\/tbody>\n<\/table>\n<div class=\"TyagGW_tableContainer\">\n<h3 data-start=\"737\" data-end=\"760\">Vn\u011bj\u0161\u00ed rozm\u011bry<\/h3>\n<div class=\"TyagGW_tableContainer\">\n<div class=\"group TyagGW_tableWrapper flex w-fit flex-col-reverse\" tabindex=\"-1\">\n<table class=\"w-fit min-w-(--thread-content-width)\" data-start=\"762\" data-end=\"893\">\n<thead data-start=\"762\" data-end=\"785\">\n<tr data-start=\"762\" data-end=\"785\">\n<th data-start=\"762\" data-end=\"776\" data-col-size=\"sm\">M\u011b\u0159en\u00ed<\/th>\n<th data-start=\"776\" data-end=\"785\" data-col-size=\"sm\">Hodnota<\/th>\n<\/tr>\n<\/thead>\n<tbody data-start=\"802\" data-end=\"893\">\n<tr data-start=\"802\" data-end=\"832\">\n<td data-start=\"802\" data-end=\"820\" data-col-size=\"sm\">Vn\u011bj\u0161\u00ed d\u00e9lka<\/td>\n<td data-col-size=\"sm\" data-start=\"820\" data-end=\"832\">6 058 mm<\/td>\n<\/tr>\n<tr data-start=\"833\" data-end=\"862\">\n<td data-start=\"833\" data-end=\"850\" data-col-size=\"sm\">Vn\u011bj\u0161\u00ed \u0161\u00ed\u0159ka<\/td>\n<td data-col-size=\"sm\" data-start=\"850\" data-end=\"862\">2 438 mm<\/td>\n<\/tr>\n<tr data-start=\"863\" data-end=\"893\">\n<td data-start=\"863\" data-end=\"881\" data-col-size=\"sm\">Vn\u011bj\u0161\u00ed v\u00fd\u0161ka<\/td>\n<td data-col-size=\"sm\" data-start=\"881\" data-end=\"893\">2 591 mm<\/td>\n<\/tr>\n<\/tbody>\n<\/table>\n<\/div>\n<h3 data-start=\"900\" data-end=\"923\">Vnit\u0159n\u00ed rozm\u011bry<\/h3>\n<div class=\"TyagGW_tableContainer\">\n<div class=\"group TyagGW_tableWrapper flex w-fit flex-col-reverse\" tabindex=\"-1\">\n<table class=\"w-fit min-w-(--thread-content-width)\" data-start=\"925\" data-end=\"1056\">\n<thead data-start=\"925\" data-end=\"948\">\n<tr data-start=\"925\" data-end=\"948\">\n<th data-start=\"925\" data-end=\"939\" data-col-size=\"sm\">M\u011b\u0159en\u00ed<\/th>\n<th data-start=\"939\" data-end=\"948\" data-col-size=\"sm\">Hodnota<\/th>\n<\/tr>\n<\/thead>\n<tbody data-start=\"965\" data-end=\"1056\">\n<tr data-start=\"965\" data-end=\"995\">\n<td data-start=\"965\" data-end=\"983\" data-col-size=\"sm\">Vnit\u0159n\u00ed d\u00e9lka<\/td>\n<td data-col-size=\"sm\" data-start=\"983\" data-end=\"995\">5 898 mm<\/td>\n<\/tr>\n<tr data-start=\"996\" data-end=\"1025\">\n<td data-start=\"996\" data-end=\"1013\" data-col-size=\"sm\">Vnit\u0159n\u00ed \u0161\u00ed\u0159ka<\/td>\n<td data-col-size=\"sm\" data-start=\"1013\" data-end=\"1025\">2 352 mm<\/td>\n<\/tr>\n<tr data-start=\"1026\" data-end=\"1056\">\n<td data-start=\"1026\" data-end=\"1044\" data-col-size=\"sm\">Vnit\u0159n\u00ed v\u00fd\u0161ka<\/td>\n<td data-col-size=\"sm\" data-start=\"1044\" data-end=\"1056\">2 393 mm<\/td>\n<\/tr>\n<\/tbody>\n<\/table>\n<h3 data-start=\"1063\" data-end=\"1091\">Rozm\u011bry dve\u0159\u00ed a p\u0159\u00edstup<\/h3>\n<div class=\"TyagGW_tableContainer\">\n<div class=\"group TyagGW_tableWrapper flex w-fit flex-col-reverse\" tabindex=\"-1\">\n<table class=\"w-fit min-w-(--thread-content-width)\" data-start=\"1093\" data-end=\"1315\">\n<thead data-start=\"1093\" data-end=\"1118\">\n<tr data-start=\"1093\" data-end=\"1118\">\n<th data-start=\"1093\" data-end=\"1103\" data-col-size=\"sm\">Funkce<\/th>\n<th data-start=\"1103\" data-end=\"1118\" data-col-size=\"sm\">M\u011b\u0159en\u00ed<\/th>\n<\/tr>\n<\/thead>\n<tbody data-start=\"1140\" data-end=\"1315\">\n<tr data-start=\"1140\" data-end=\"1173\">\n<td data-start=\"1140\" data-end=\"1161\" data-col-size=\"sm\">\u0160\u00ed\u0159ka otev\u0159en\u00ed dve\u0159\u00ed<\/td>\n<td data-col-size=\"sm\" data-start=\"1161\" data-end=\"1173\">2 343 mm<\/td>\n<\/tr>\n<tr data-start=\"1174\" data-end=\"1208\">\n<td data-start=\"1174\" data-end=\"1196\" data-col-size=\"sm\">V\u00fd\u0161ka otev\u0159en\u00ed dve\u0159\u00ed<\/td>\n<td data-col-size=\"sm\" data-start=\"1196\" data-end=\"1208\">2 280 mm<\/td>\n<\/tr>\n<tr data-start=\"1209\" data-end=\"1236\">\n<td data-start=\"1209\" data-end=\"1221\" data-col-size=\"sm\">Typ dve\u0159\u00ed<\/td>\n<td data-col-size=\"sm\" data-start=\"1221\" data-end=\"1236\">K\u0159\u00eddlov\u00e9 dve\u0159e<\/td>\n<\/tr>\n<tr data-start=\"1237\" data-end=\"1274\">\n<td data-start=\"1237\" data-end=\"1258\" data-col-size=\"sm\">\u00dahel otev\u0159en\u00ed dve\u0159\u00ed<\/td>\n<td data-col-size=\"sm\" data-start=\"1258\" data-end=\"1274\">P\u0159ibli\u017en\u011b 270\u00b0<\/td>\n<\/tr>\n<tr data-start=\"1275\" data-end=\"1315\">\n<td data-start=\"1275\" data-end=\"1289\" data-col-size=\"sm\">P\u0159\u00edstupov\u00e1 strana<\/td>\n<td data-col-size=\"sm\" data-start=\"1289\" data-end=\"1315\">Kr\u00e1tk\u00e1 strana (koncov\u00e9 dve\u0159e)<\/td>\n<\/tr>\n<\/tbody>\n<\/table>\n<\/div>\n<\/div>\n<hr data-start=\"1317\" data-end=\"1320\">\n<h3 data-start=\"1322\" data-end=\"1359\">Rozm\u011bry &#8211; zav\u0159en\u00e9 a otev\u0159en\u00e9 dve\u0159e<\/h3>\n<div class=\"TyagGW_tableContainer\">\n<div class=\"group TyagGW_tableWrapper flex w-fit flex-col-reverse\" tabindex=\"-1\">\n<table class=\"w-fit min-w-(--thread-content-width)\" data-start=\"1361\" data-end=\"1629\">\n<thead data-start=\"1361\" data-end=\"1390\">\n<tr data-start=\"1361\" data-end=\"1390\">\n<th data-start=\"1361\" data-end=\"1377\" data-col-size=\"sm\">Konfigurace<\/th>\n<th data-start=\"1377\" data-end=\"1390\" data-col-size=\"sm\">Rozm\u011br<\/th>\n<\/tr>\n<\/thead>\n<tbody data-start=\"1412\" data-end=\"1629\">\n<tr data-start=\"1412\" data-end=\"1454\">\n<td data-start=\"1412\" data-end=\"1442\" data-col-size=\"sm\">Celkov\u00e1 d\u00e9lka (zav\u0159en\u00e9 dve\u0159e)<\/td>\n<td data-col-size=\"sm\" data-start=\"1442\" data-end=\"1454\">6 058 mm<\/td>\n<\/tr>\n<tr data-start=\"1455\" data-end=\"1510\">\n<td data-start=\"1455\" data-end=\"1490\" data-col-size=\"sm\">Celkov\u00e1 d\u00e9lka (dve\u0159e otev\u0159en\u00e9 pod \u00fahlem 90\u00b0)<\/td>\n<td data-col-size=\"sm\" data-start=\"1490\" data-end=\"1510\">P\u0159ibli\u017en\u011b 6 700 mm<\/td>\n<\/tr>\n<tr data-start=\"1511\" data-end=\"1567\">\n<td data-start=\"1511\" data-end=\"1547\" data-col-size=\"sm\">Celkov\u00e1 d\u00e9lka (dve\u0159e otev\u0159en\u00e9 v \u00fahlu 270\u00b0)<\/td>\n<td data-col-size=\"sm\" data-start=\"1547\" data-end=\"1567\">P\u0159ibli\u017en\u011b 7 200 mm<\/td>\n<\/tr>\n<tr data-start=\"1568\" data-end=\"1629\">\n<td data-start=\"1568\" data-end=\"1608\" data-col-size=\"sm\">Po\u017eadovan\u00fd voln\u00fd prostor pro provoz dve\u0159\u00ed<\/td>\n<td data-col-size=\"sm\" data-start=\"1608\" data-end=\"1629\">Min. 800-1 200 mm<\/td>\n<\/tr>\n<\/tbody>\n<\/table>\n<\/div>\n<\/div>\n<hr data-start=\"1631\" data-end=\"1634\">\n<h3 data-start=\"1636\" data-end=\"1662\">Hmotnost a nosnost<\/h3>\n<div class=\"TyagGW_tableContainer\">\n<div class=\"group TyagGW_tableWrapper flex w-fit flex-col-reverse\" tabindex=\"-1\">\n<table class=\"w-fit min-w-(--thread-content-width)\" data-start=\"1664\" data-end=\"1835\">\n<thead data-start=\"1664\" data-end=\"1691\">\n<tr data-start=\"1664\" data-end=\"1691\">\n<th data-start=\"1664\" data-end=\"1674\" data-col-size=\"sm\">Funkce<\/th>\n<th data-start=\"1674\" data-end=\"1691\" data-col-size=\"sm\">Specifikace<\/th>\n<\/tr>\n<\/thead>\n<tbody data-start=\"1716\" data-end=\"1835\">\n<tr data-start=\"1716\" data-end=\"1758\">\n<td data-start=\"1716\" data-end=\"1738\" data-col-size=\"sm\">Vlastn\u00ed hmotnost (pr\u00e1zdn\u00e1)<\/td>\n<td data-col-size=\"sm\" data-start=\"1738\" data-end=\"1758\">P\u0159ibli\u017en\u011b 2 300 kg<\/td>\n<\/tr>\n<tr data-start=\"1759\" data-end=\"1798\">\n<td data-start=\"1759\" data-end=\"1777\" data-col-size=\"sm\">Maxim\u00e1ln\u00ed u\u017eite\u010dn\u00e9 zat\u00ed\u017een\u00ed<\/td>\n<td data-col-size=\"sm\" data-start=\"1777\" data-end=\"1798\">P\u0159ibli\u017en\u011b 30 200 kg<\/td>\n<\/tr>\n<tr data-start=\"1799\" data-end=\"1835\">\n<td data-start=\"1799\" data-end=\"1822\" data-col-size=\"sm\">Maxim\u00e1ln\u00ed celkov\u00e1 hmotnost<\/td>\n<td data-col-size=\"sm\" data-start=\"1822\" data-end=\"1835\">32 500 kg<\/td>\n<\/tr>\n<\/tbody>\n<\/table>\n<\/div>\n<\/div>\n<hr data-start=\"1837\" data-end=\"1840\">\n<h3 data-start=\"1842\" data-end=\"1854\">Kapacita<\/h3>\n<div class=\"TyagGW_tableContainer\">\n<div class=\"group TyagGW_tableWrapper flex w-fit flex-col-reverse\" tabindex=\"-1\">\n<table class=\"w-fit min-w-(--thread-content-width)\" data-start=\"1856\" data-end=\"2008\">\n<thead data-start=\"1856\" data-end=\"1875\">\n<tr data-start=\"1856\" data-end=\"1875\">\n<th data-start=\"1856\" data-end=\"1866\" data-col-size=\"sm\">Funkce<\/th>\n<th data-start=\"1866\" data-end=\"1875\" data-col-size=\"sm\">Hodnota<\/th>\n<\/tr>\n<\/thead>\n<tbody data-start=\"1892\" data-end=\"2008\">\n<tr data-start=\"1892\" data-end=\"1929\">\n<td data-start=\"1892\" data-end=\"1910\" data-col-size=\"sm\">Vnit\u0159n\u00ed objem<\/td>\n<td data-col-size=\"sm\" data-start=\"1910\" data-end=\"1929\">P\u0159ibli\u017en\u011b 33,2 m\u00b3<\/td>\n<\/tr>\n<tr data-start=\"1930\" data-end=\"1973\">\n<td data-start=\"1930\" data-end=\"1953\" data-col-size=\"sm\">Kapacita europalet<\/td>\n<td data-col-size=\"sm\" data-start=\"1953\" data-end=\"1973\">A\u017e 11 palet<\/td>\n<\/tr>\n<tr data-start=\"1974\" data-end=\"2008\">\n<td data-start=\"1974\" data-end=\"1991\" data-col-size=\"sm\">Maxim\u00e1ln\u00ed zat\u00ed\u017een\u00ed stohu<\/td>\n<td data-col-size=\"sm\" data-start=\"1991\" data-end=\"2008\">V souladu s ISO<\/td>\n<\/tr>\n<\/tbody>\n<\/table>\n<\/div>\n<\/div>\n<hr data-start=\"2010\" data-end=\"2013\">\n<h3 data-start=\"2015\" data-end=\"2044\">Konstrukce a odolnost<\/h3>\n<div class=\"TyagGW_tableContainer\">\n<div class=\"group TyagGW_tableWrapper flex w-fit flex-col-reverse\" tabindex=\"-1\">\n<table class=\"w-fit min-w-(--thread-content-width)\" data-start=\"2046\" data-end=\"2281\">\n<thead data-start=\"2046\" data-end=\"2071\">\n<tr data-start=\"2046\" data-end=\"2071\">\n<th data-start=\"2046\" data-end=\"2056\" data-col-size=\"sm\">Funkce<\/th>\n<th data-start=\"2056\" data-end=\"2071\" data-col-size=\"sm\">Popis<\/th>\n<\/tr>\n<\/thead>\n<tbody data-start=\"2094\" data-end=\"2281\">\n<tr data-start=\"2094\" data-end=\"2134\">\n<td data-start=\"2094\" data-end=\"2107\" data-col-size=\"sm\">Typ oceli<\/td>\n<td data-col-size=\"sm\" data-start=\"2107\" data-end=\"2134\">Vlnit\u00e1 kortenov\u00e1 ocel<\/td>\n<\/tr>\n<tr data-start=\"2135\" data-end=\"2169\">\n<td data-start=\"2135\" data-end=\"2153\" data-col-size=\"sm\">Rohov\u00e9 odlitky<\/td>\n<td data-col-size=\"sm\" data-start=\"2153\" data-end=\"2169\">Norma ISO<\/td>\n<\/tr>\n<tr data-start=\"2170\" data-end=\"2212\">\n<td data-start=\"2170\" data-end=\"2190\" data-col-size=\"sm\">T\u011bsnost v\u016f\u010di pov\u011btrnostn\u00edm vliv\u016fm<\/td>\n<td data-col-size=\"sm\" data-start=\"2190\" data-end=\"2212\">V\u011btru a vodot\u011bsnost<\/td>\n<\/tr>\n<tr data-start=\"2213\" data-end=\"2244\">\n<td data-start=\"2213\" data-end=\"2227\" data-col-size=\"sm\">Ventilace<\/td>\n<td data-col-size=\"sm\" data-start=\"2227\" data-end=\"2244\">Pasivn\u00ed ventilace<\/td>\n<\/tr>\n<tr data-start=\"2245\" data-end=\"2281\">\n<td data-start=\"2245\" data-end=\"2262\" data-col-size=\"sm\">Ochrana proti korozi<\/td>\n<td data-col-size=\"sm\" data-start=\"2262\" data-end=\"2281\">Vysok\u00e1 odolnost<\/td>\n<\/tr>\n<\/tbody>\n<\/table>\n<\/div>\n<\/div>\n<p>&nbsp;<\/p>\n<\/div>\n<\/div>\n<\/div>\n<\/div>\n","protected":false},"excerpt":{"rendered":"<p>20stop\u00fd p\u0159epravn\u00ed kontejner One-Trip je zcela nov\u00fd, v\u011btru a vod\u011b odoln\u00fd ocelov\u00fd kontejner, kter\u00fd se pro p\u0159epravu n\u00e1kladu pou\u017e\u00edv\u00e1 pouze jednou. Nab\u00edz\u00ed maxim\u00e1ln\u00ed odolnost, bezpe\u010dn\u00e9 skladov\u00e1n\u00ed a \u010dist\u00fd interi\u00e9r ide\u00e1ln\u00ed pro skladov\u00e1n\u00ed, logistiku nebo projekty \u00fapravy kontejner\u016f. <\/p>\n","protected":false},"featured_media":430,"comment_status":"open","ping_status":"closed","template":"","meta":{"_kad_blocks_custom_css":"","_kad_blocks_head_custom_js":"","_kad_blocks_body_custom_js":"","_kad_blocks_footer_custom_js":"","_kad_post_transparent":"","_kad_post_title":"","_kad_post_layout":"","_kad_post_sidebar_id":"","_kad_post_content_style":"","_kad_post_vertical_padding":"","_kad_post_feature":"","_kad_post_feature_position":"","_kad_post_header":false,"_kad_post_footer":false,"_kad_post_classname":""},"product_brand":[],"product_cat":[440,438],"product_tag":[444,442,497,498,499],"product_brands":[317],"class_list":{"0":"post-3027","1":"product","2":"type-product","3":"status-publish","4":"has-post-thumbnail","6":"product_cat-20ft-kontejner","7":"product_cat-standardni-kontejnery","8":"product_tag-20-stop-dlouhy-kontejner","9":"product_tag-20-stop-vysoky-kontejner-ve-tvaru-kostky","10":"product_tag-20stopy-kontejner","11":"product_tag-novy-kontejner","12":"product_tag-standardni-namorni-kontejner","13":"pa_container-condition-novy-jednorazovy","14":"pa_container-type-standardni-kontejner","15":"pa_contanier-size-20-stop","16":"product_brands-dunajska-streda-slovensko","18":"first","19":"instock","20":"sale","21":"taxable","22":"shipping-taxable","23":"purchasable","24":"product-type-simple","25":"entry","26":"content-bg","27":"loop-entry"},"taxonomy_info":{"product_cat":[{"value":440,"label":"20ft Kontejner"},{"value":438,"label":"Standardn\u00ed kontejnery"}],"product_tag":[{"value":444,"label":"20 stop dlouh\u00fd kontejner"},{"value":442,"label":"20 stop vysok\u00fd kontejner ve tvaru kostky"},{"value":497,"label":"20stop\u00fd kontejner"},{"value":498,"label":"nov\u00fd kontejner"},{"value":499,"label":"standardn\u00ed n\u00e1mo\u0159n\u00ed kontejner"}],"pa_container-condition":[{"value":405,"label":"Nov\u00fd (jednor\u00e1zov\u00fd)"}],"pa_container-type":[{"value":436,"label":"Standardn\u00ed kontejner"}],"pa_contanier-size":[{"value":448,"label":"20 stop"}],"product_brands":[{"value":317,"label":"Dunajsk\u00e1 Streda, Slovensko"}]},"featured_image_src_large":["https:\/\/olborglogistics.com\/wp-content\/uploads\/2025\/12\/price-of-20ft-containers-1024x768.jpg",1021,766,true],"author_info":[],"comment_info":0,"_links":{"self":[{"href":"https:\/\/olborglogistics.com\/cs\/wp-json\/wp\/v2\/product\/3027","targetHints":{"allow":["GET"]}}],"collection":[{"href":"https:\/\/olborglogistics.com\/cs\/wp-json\/wp\/v2\/product"}],"about":[{"href":"https:\/\/olborglogistics.com\/cs\/wp-json\/wp\/v2\/types\/product"}],"replies":[{"embeddable":true,"href":"https:\/\/olborglogistics.com\/cs\/wp-json\/wp\/v2\/comments?post=3027"}],"wp:featuredmedia":[{"embeddable":true,"href":"https:\/\/olborglogistics.com\/cs\/wp-json\/wp\/v2\/media\/430"}],"wp:attachment":[{"href":"https:\/\/olborglogistics.com\/cs\/wp-json\/wp\/v2\/media?parent=3027"}],"wp:term":[{"taxonomy":"product_brand","embeddable":true,"href":"https:\/\/olborglogistics.com\/cs\/wp-json\/wp\/v2\/product_brand?post=3027"},{"taxonomy":"product_cat","embeddable":true,"href":"https:\/\/olborglogistics.com\/cs\/wp-json\/wp\/v2\/product_cat?post=3027"},{"taxonomy":"product_tag","embeddable":true,"href":"https:\/\/olborglogistics.com\/cs\/wp-json\/wp\/v2\/product_tag?post=3027"},{"taxonomy":"product_brands","embeddable":true,"href":"https:\/\/olborglogistics.com\/cs\/wp-json\/wp\/v2\/product_brands?post=3027"}],"curies":[{"name":"wp","href":"https:\/\/api.w.org\/{rel}","templated":true}]}}