{"id":2966,"date":"2025-12-22T06:58:59","date_gmt":"2025-12-22T06:58:59","guid":{"rendered":"https:\/\/olborglogistics.com\/product\/10ft-standardni-prepravni-kontejner-novy\/"},"modified":"2025-12-22T06:58:59","modified_gmt":"2025-12-22T06:58:59","slug":"10ft-standardni-prepravni-kontejner-novy","status":"publish","type":"product","link":"https:\/\/olborglogistics.com\/cs\/produkt\/10ft-standardni-prepravni-kontejner-novy\/","title":{"rendered":"10ft standardn\u00ed p\u0159epravn\u00ed kontejner Nov\u00fd"},"content":{"rendered":"<p data-start=\"486\" data-end=\"778\"><strong data-start=\"490\" data-end=\"526\">Desetistop\u00fd p\u0159epravn\u00ed kontejner One-Trip<\/strong> je vysoce kvalitn\u00ed, t\u00e9m\u011b\u0159 nov\u00fd kontejner ur\u010den\u00fd pro z\u00e1kazn\u00edky, kte\u0159\u00ed pot\u0159ebuj\u00ed spolehliv\u00e9 skladov\u00e1n\u00ed bez n\u00e1rok\u016f na plochu kontejneru pln\u00e9 velikosti. Po absolvov\u00e1n\u00ed pouze jedn\u00e9 mezin\u00e1rodn\u00ed p\u0159epravy je ve vynikaj\u00edc\u00edm stavu s minim\u00e1ln\u00edmi zn\u00e1mkami pou\u017e\u00edv\u00e1n\u00ed. <\/p>\n<p data-start=\"780\" data-end=\"1116\">Kontejner je vyroben z odoln\u00e9 <strong data-start=\"805\" data-end=\"821\">kortenov\u00e9 oceli<\/strong> a je odoln\u00fd v\u016f\u010di korozi a drsn\u00fdm pov\u011btrnostn\u00edm podm\u00ednk\u00e1m. Je vybaven dvojit\u00fdmi n\u00e1kladov\u00fdmi dve\u0159mi s bezpe\u010dn\u00fdmi uzamykac\u00edmi m\u0159\u00ed\u017eemi, kter\u00e9 zaji\u0161\u0165uj\u00ed snadn\u00fd p\u0159\u00edstup a ochranu proti neopr\u00e1vn\u011bn\u00e9mu vniknut\u00ed. Podlaha z pevn\u00e9 n\u00e1mo\u0159n\u00ed p\u0159ekli\u017eky je vhodn\u00e1 pro skladov\u00e1n\u00ed t\u011b\u017ek\u00e9ho vybaven\u00ed, n\u00e1\u0159ad\u00ed nebo zbo\u017e\u00ed.  <\/p>\n<p data-start=\"1118\" data-end=\"1400\">D\u00edky sv\u00fdm kompaktn\u00edm rozm\u011br\u016fm se 10stop\u00fd kontejner b\u011b\u017en\u011b pou\u017e\u00edv\u00e1 na stavb\u00e1ch, v d\u00edln\u00e1ch, gar\u00e1\u017e\u00edch, maloobchodn\u00edch skladech i pro soukrom\u00e9 \u00fa\u010dely. Snadno se p\u0159epravuje, p\u0159emis\u0165uje a instaluje, p\u0159i\u010dem\u017e st\u00e1le nab\u00edz\u00ed pevnost a bezpe\u010dnost, jakou lze o\u010dek\u00e1vat od standardn\u00edho p\u0159epravn\u00edho kontejneru. <\/p>\n<h2 data-start=\"1407\" data-end=\"1434\">Technick\u00e9 specifikace<\/h2>\n<h3 data-start=\"1436\" data-end=\"1459\">Obecn\u00e9 informace<\/h3>\n<div class=\"TyagGW_tableContainer\">\n<div class=\"group TyagGW_tableWrapper flex w-fit flex-col-reverse\" tabindex=\"-1\">\n<table class=\"w-fit min-w-(--thread-content-width)\" data-start=\"1461\" data-end=\"1770\">\n<thead data-start=\"1461\" data-end=\"1488\">\n<tr data-start=\"1461\" data-end=\"1488\">\n<th data-start=\"1461\" data-end=\"1471\" data-col-size=\"sm\">Funkce<\/th>\n<th data-start=\"1471\" data-end=\"1488\" data-col-size=\"sm\">Specifikace<\/th>\n<\/tr>\n<\/thead>\n<tbody data-start=\"1512\" data-end=\"1770\">\n<tr data-start=\"1512\" data-end=\"1565\">\n<td data-start=\"1512\" data-end=\"1529\" data-col-size=\"sm\">Typ kontejneru<\/td>\n<td data-start=\"1529\" data-end=\"1565\" data-col-size=\"sm\">10 stop standardn\u00ed p\u0159epravn\u00ed kontejner<\/td>\n<\/tr>\n<tr data-start=\"1566\" data-end=\"1603\">\n<td data-start=\"1566\" data-end=\"1578\" data-col-size=\"sm\">Stav<\/td>\n<td data-start=\"1578\" data-end=\"1603\" data-col-size=\"sm\">One-Trip (t\u00e9m\u011b\u0159 nov\u00e9)<\/td>\n<\/tr>\n<tr data-start=\"1604\" data-end=\"1631\">\n<td data-start=\"1604\" data-end=\"1615\" data-col-size=\"sm\">Materi\u00e1l<\/td>\n<td data-start=\"1615\" data-end=\"1631\" data-col-size=\"sm\">Cortenov\u00e1 ocel<\/td>\n<\/tr>\n<tr data-start=\"1632\" data-end=\"1658\">\n<td data-start=\"1632\" data-end=\"1640\" data-col-size=\"sm\">Podlaha<\/td>\n<td data-start=\"1640\" data-end=\"1658\" data-col-size=\"sm\">N\u00e1mo\u0159n\u00ed p\u0159ekli\u017eka<\/td>\n<\/tr>\n<tr data-start=\"1659\" data-end=\"1689\">\n<td data-start=\"1659\" data-end=\"1667\" data-col-size=\"sm\">Dve\u0159e<\/td>\n<td data-start=\"1667\" data-end=\"1689\" data-col-size=\"sm\">Dvojit\u00e9 n\u00e1kladn\u00ed dve\u0159e<\/td>\n<\/tr>\n<tr data-start=\"1690\" data-end=\"1723\">\n<td data-start=\"1690\" data-end=\"1707\" data-col-size=\"sm\">Uzamykac\u00ed syst\u00e9m<\/td>\n<td data-start=\"1707\" data-end=\"1723\" data-col-size=\"sm\">Uzamykac\u00ed ty\u010de<\/td>\n<\/tr>\n<tr data-start=\"1724\" data-end=\"1750\">\n<td data-start=\"1724\" data-end=\"1743\" data-col-size=\"sm\">Kapsy pro vysokozdvi\u017en\u00fd voz\u00edk<\/td>\n<td data-start=\"1743\" data-end=\"1750\" data-col-size=\"sm\">Ano<\/td>\n<\/tr>\n<tr data-start=\"1751\" data-end=\"1770\">\n<td data-start=\"1751\" data-end=\"1763\" data-col-size=\"sm\">Stohovateln\u00e9<\/td>\n<td data-start=\"1763\" data-end=\"1770\" data-col-size=\"sm\">Ano<\/td>\n<\/tr>\n<\/tbody>\n<\/table>\n<\/div>\n<\/div>\n<hr data-start=\"1772\" data-end=\"1775\">\n<h3 data-start=\"1777\" data-end=\"1800\">Vn\u011bj\u0161\u00ed rozm\u011bry<\/h3>\n<div class=\"TyagGW_tableContainer\">\n<div class=\"group TyagGW_tableWrapper flex w-fit flex-col-reverse\" tabindex=\"-1\">\n<table class=\"w-fit min-w-(--thread-content-width)\" data-start=\"1802\" data-end=\"1906\">\n<thead data-start=\"1802\" data-end=\"1825\">\n<tr data-start=\"1802\" data-end=\"1825\">\n<th data-start=\"1802\" data-end=\"1816\" data-col-size=\"sm\">M\u011b\u0159en\u00ed<\/th>\n<th data-start=\"1816\" data-end=\"1825\" data-col-size=\"sm\">Hodnota<\/th>\n<\/tr>\n<\/thead>\n<tbody data-start=\"1842\" data-end=\"1906\">\n<tr data-start=\"1842\" data-end=\"1863\">\n<td data-start=\"1842\" data-end=\"1851\" data-col-size=\"sm\">D\u00e9lka<\/td>\n<td data-start=\"1851\" data-end=\"1863\" data-col-size=\"sm\">2 991 mm<\/td>\n<\/tr>\n<tr data-start=\"1864\" data-end=\"1884\">\n<td data-start=\"1864\" data-end=\"1872\" data-col-size=\"sm\">\u0160\u00ed\u0159ka<\/td>\n<td data-start=\"1872\" data-end=\"1884\" data-col-size=\"sm\">2 438 mm<\/td>\n<\/tr>\n<tr data-start=\"1885\" data-end=\"1906\">\n<td data-start=\"1885\" data-end=\"1894\" data-col-size=\"sm\">V\u00fd\u0161ka<\/td>\n<td data-start=\"1894\" data-end=\"1906\" data-col-size=\"sm\">2 591 mm<\/td>\n<\/tr>\n<\/tbody>\n<\/table>\n<\/div>\n<\/div>\n<hr data-start=\"1908\" data-end=\"1911\">\n<h3 data-start=\"1913\" data-end=\"1936\">Vnit\u0159n\u00ed rozm\u011bry<\/h3>\n<div class=\"TyagGW_tableContainer\">\n<div class=\"group TyagGW_tableWrapper flex w-fit flex-col-reverse\" tabindex=\"-1\">\n<table class=\"w-fit min-w-(--thread-content-width)\" data-start=\"1938\" data-end=\"2066\">\n<thead data-start=\"1938\" data-end=\"1961\">\n<tr data-start=\"1938\" data-end=\"1961\">\n<th data-start=\"1938\" data-end=\"1952\" data-col-size=\"sm\">M\u011b\u0159en\u00ed<\/th>\n<th data-start=\"1952\" data-end=\"1961\" data-col-size=\"sm\">Hodnota<\/th>\n<\/tr>\n<\/thead>\n<tbody data-start=\"1978\" data-end=\"2066\">\n<tr data-start=\"1978\" data-end=\"2007\">\n<td data-start=\"1978\" data-end=\"1987\" data-col-size=\"sm\">D\u00e9lka<\/td>\n<td data-start=\"1987\" data-end=\"2007\" data-col-size=\"sm\">P\u0159ibli\u017en\u011b 2 830 mm<\/td>\n<\/tr>\n<tr data-start=\"2008\" data-end=\"2036\">\n<td data-start=\"2008\" data-end=\"2016\" data-col-size=\"sm\">\u0160\u00ed\u0159ka<\/td>\n<td data-start=\"2016\" data-end=\"2036\" data-col-size=\"sm\">P\u0159ibli\u017en\u011b 2 350 mm<\/td>\n<\/tr>\n<tr data-start=\"2037\" data-end=\"2066\">\n<td data-start=\"2037\" data-end=\"2046\" data-col-size=\"sm\">V\u00fd\u0161ka<\/td>\n<td data-start=\"2046\" data-end=\"2066\" data-col-size=\"sm\">P\u0159ibli\u017en\u011b 2 390 mm<\/td>\n<\/tr>\n<\/tbody>\n<\/table>\n<\/div>\n<\/div>\n<hr data-start=\"2068\" data-end=\"2071\">\n<h3 data-start=\"2073\" data-end=\"2101\">Rozm\u011bry dve\u0159\u00ed a p\u0159\u00edstup<\/h3>\n<div class=\"TyagGW_tableContainer\">\n<div class=\"group TyagGW_tableWrapper flex w-fit flex-col-reverse\" tabindex=\"-1\">\n<table class=\"w-fit min-w-(--thread-content-width)\" data-start=\"2103\" data-end=\"2272\">\n<thead data-start=\"2103\" data-end=\"2128\">\n<tr data-start=\"2103\" data-end=\"2128\">\n<th data-start=\"2103\" data-end=\"2113\" data-col-size=\"sm\">Funkce<\/th>\n<th data-start=\"2113\" data-end=\"2128\" data-col-size=\"sm\">M\u011b\u0159en\u00ed<\/th>\n<\/tr>\n<\/thead>\n<tbody data-start=\"2150\" data-end=\"2272\">\n<tr data-start=\"2150\" data-end=\"2191\">\n<td data-start=\"2150\" data-end=\"2171\" data-col-size=\"sm\">\u0160\u00ed\u0159ka otev\u0159en\u00ed dve\u0159\u00ed<\/td>\n<td data-start=\"2171\" data-end=\"2191\" data-col-size=\"sm\">P\u0159ibli\u017en\u011b 2 340 mm<\/td>\n<\/tr>\n<tr data-start=\"2192\" data-end=\"2234\">\n<td data-start=\"2192\" data-end=\"2214\" data-col-size=\"sm\">V\u00fd\u0161ka otev\u0159en\u00ed dve\u0159\u00ed<\/td>\n<td data-start=\"2214\" data-end=\"2234\" data-col-size=\"sm\">P\u0159ibli\u017en\u011b 2 280 mm<\/td>\n<\/tr>\n<tr data-start=\"2235\" data-end=\"2272\">\n<td data-start=\"2235\" data-end=\"2256\" data-col-size=\"sm\">\u00dahel otev\u0159en\u00ed dve\u0159\u00ed<\/td>\n<td data-start=\"2256\" data-end=\"2272\" data-col-size=\"sm\">P\u0159ibli\u017en\u011b 270\u00b0<\/td>\n<\/tr>\n<\/tbody>\n<\/table>\n<\/div>\n<\/div>\n<hr data-start=\"2274\" data-end=\"2277\">\n<h3 data-start=\"2279\" data-end=\"2316\">Rozm\u011bry &#8211; zav\u0159en\u00e9 a otev\u0159en\u00e9 dve\u0159e<\/h3>\n<div class=\"TyagGW_tableContainer\">\n<div class=\"group TyagGW_tableWrapper flex w-fit flex-col-reverse\" tabindex=\"-1\">\n<table class=\"w-fit min-w-(--thread-content-width)\" data-start=\"2318\" data-end=\"2567\">\n<thead data-start=\"2318\" data-end=\"2347\">\n<tr data-start=\"2318\" data-end=\"2347\">\n<th data-start=\"2318\" data-end=\"2334\" data-col-size=\"sm\">Konfigurace<\/th>\n<th data-start=\"2334\" data-end=\"2347\" data-col-size=\"sm\">Rozm\u011br<\/th>\n<\/tr>\n<\/thead>\n<tbody data-start=\"2369\" data-end=\"2567\">\n<tr data-start=\"2369\" data-end=\"2411\">\n<td data-start=\"2369\" data-end=\"2399\" data-col-size=\"sm\">Celkov\u00e1 d\u00e9lka (zav\u0159en\u00e9 dve\u0159e)<\/td>\n<td data-start=\"2399\" data-end=\"2411\" data-col-size=\"sm\">2 991 mm<\/td>\n<\/tr>\n<tr data-start=\"2412\" data-end=\"2467\">\n<td data-start=\"2412\" data-end=\"2447\" data-col-size=\"sm\">Celkov\u00e1 d\u00e9lka (dve\u0159e otev\u0159en\u00e9 pod \u00fahlem 90\u00b0)<\/td>\n<td data-start=\"2447\" data-end=\"2467\" data-col-size=\"sm\">P\u0159ibli\u017en\u011b 3 600 mm<\/td>\n<\/tr>\n<tr data-start=\"2468\" data-end=\"2524\">\n<td data-start=\"2468\" data-end=\"2504\" data-col-size=\"sm\">Celkov\u00e1 d\u00e9lka (dve\u0159e otev\u0159en\u00e9 v \u00fahlu 270\u00b0)<\/td>\n<td data-start=\"2504\" data-end=\"2524\" data-col-size=\"sm\">P\u0159ibli\u017en\u011b 4 100 mm<\/td>\n<\/tr>\n<tr data-start=\"2525\" data-end=\"2567\">\n<td data-start=\"2525\" data-end=\"2546\" data-col-size=\"sm\">Po\u017eadovan\u00e9 prov\u011b\u0159en\u00ed<\/td>\n<td data-start=\"2546\" data-end=\"2567\" data-col-size=\"sm\">Min. 800-1 200 mm<\/td>\n<\/tr>\n<\/tbody>\n<\/table>\n<\/div>\n<\/div>\n<hr data-start=\"2569\" data-end=\"2572\">\n<h3 data-start=\"2574\" data-end=\"2595\">Hmotnost a kapacita<\/h3>\n<div class=\"TyagGW_tableContainer\">\n<div class=\"group TyagGW_tableWrapper flex w-fit flex-col-reverse\" tabindex=\"-1\">\n<table class=\"w-fit min-w-(--thread-content-width)\" data-start=\"2597\" data-end=\"2846\">\n<thead data-start=\"2597\" data-end=\"2624\">\n<tr data-start=\"2597\" data-end=\"2624\">\n<th data-start=\"2597\" data-end=\"2607\" data-col-size=\"sm\">Funkce<\/th>\n<th data-start=\"2607\" data-end=\"2624\" data-col-size=\"sm\">Specifikace<\/th>\n<\/tr>\n<\/thead>\n<tbody data-start=\"2648\" data-end=\"2846\">\n<tr data-start=\"2648\" data-end=\"2682\">\n<td data-start=\"2648\" data-end=\"2662\" data-col-size=\"sm\">T\u00e1rovac\u00ed hmotnost<\/td>\n<td data-start=\"2662\" data-end=\"2682\" data-col-size=\"sm\">P\u0159ibli\u017en\u011b 1 300 kg<\/td>\n<\/tr>\n<tr data-start=\"2683\" data-end=\"2722\">\n<td data-start=\"2683\" data-end=\"2701\" data-col-size=\"sm\">Maxim\u00e1ln\u00ed u\u017eite\u010dn\u00e9 zat\u00ed\u017een\u00ed<\/td>\n<td data-start=\"2701\" data-end=\"2722\" data-col-size=\"sm\">P\u0159ibli\u017en\u011b 10 000 kg<\/td>\n<\/tr>\n<tr data-start=\"2723\" data-end=\"2767\">\n<td data-start=\"2723\" data-end=\"2746\" data-col-size=\"sm\">Maxim\u00e1ln\u00ed hrub\u00e1 hmotnost<\/td>\n<td data-start=\"2746\" data-end=\"2767\" data-col-size=\"sm\">P\u0159ibli\u017en\u011b 11 300 kg<\/td>\n<\/tr>\n<tr data-start=\"2768\" data-end=\"2803\">\n<td data-start=\"2768\" data-end=\"2786\" data-col-size=\"sm\">Vnit\u0159n\u00ed objem<\/td>\n<td data-start=\"2786\" data-end=\"2803\" data-col-size=\"sm\">P\u0159ibli\u017en\u011b 16 m\u00b3<\/td>\n<\/tr>\n<tr data-start=\"2804\" data-end=\"2846\">\n<td data-start=\"2804\" data-end=\"2827\" data-col-size=\"sm\">Kapacita europalet<\/td>\n<td data-start=\"2827\" data-end=\"2846\" data-col-size=\"sm\">A\u017e 5 palet<\/td>\n<\/tr>\n<\/tbody>\n<\/table>\n<\/div>\n<\/div>\n","protected":false},"excerpt":{"rendered":"<p>Desetistop\u00fd p\u0159epravn\u00ed kontejner One-Trip je kompaktn\u00ed, t\u00e9m\u011b\u0159 nov\u00fd ocelov\u00fd kontejner, kter\u00fd se pro p\u0159epravu n\u00e1kladu pou\u017e\u00edv\u00e1 pouze jednou. Nab\u00edz\u00ed bezpe\u010dn\u00e9, pov\u011btrnostn\u00edm vliv\u016fm odoln\u00e9 skladov\u00e1n\u00ed v prostorov\u011b \u00fasporn\u00e9m form\u00e1tu, tak\u017ee je ide\u00e1ln\u00ed pro m\u00edsta s omezen\u00fdm prostorem nebo pro kr\u00e1tkodob\u00e9 a dlouhodob\u00e9 skladovac\u00ed pot\u0159eby. <\/p>\n","protected":false},"featured_media":466,"comment_status":"open","ping_status":"closed","template":"","meta":{"_kad_blocks_custom_css":"","_kad_blocks_head_custom_js":"","_kad_blocks_body_custom_js":"","_kad_blocks_footer_custom_js":"","_kad_post_transparent":"","_kad_post_title":"","_kad_post_layout":"","_kad_post_sidebar_id":"","_kad_post_content_style":"","_kad_post_vertical_padding":"","_kad_post_feature":"","_kad_post_feature_position":"","_kad_post_header":false,"_kad_post_footer":false,"_kad_post_classname":""},"product_brand":[],"product_cat":[410,438],"product_tag":[],"product_brands":[315],"class_list":{"0":"post-2966","1":"product","2":"type-product","3":"status-publish","4":"has-post-thumbnail","6":"product_cat-10stopy-kontejner","7":"product_cat-standardni-kontejnery","8":"pa_container-condition-novy-jednorazovy","9":"pa_container-type-standardni-kontejner","10":"pa_contanier-size-10-stop","11":"product_brands-barcelona-espana","13":"first","14":"instock","15":"sale","16":"taxable","17":"shipping-taxable","18":"purchasable","19":"product-type-simple","20":"entry","21":"content-bg","22":"loop-entry"},"taxonomy_info":{"product_cat":[{"value":410,"label":"10stop\u00fd kontejner"},{"value":438,"label":"Standardn\u00ed kontejnery"}],"pa_container-condition":[{"value":405,"label":"Nov\u00fd (jednor\u00e1zov\u00fd)"}],"pa_container-type":[{"value":436,"label":"Standardn\u00ed kontejner"}],"pa_contanier-size":[{"value":408,"label":"10 stop"}],"product_brands":[{"value":315,"label":"Barcelona, Espa\u00f1a"}]},"featured_image_src_large":["https:\/\/olborglogistics.com\/wp-content\/uploads\/2025\/12\/blue-new-one-trip-shipping-container.jpg",1021,766,false],"author_info":[],"comment_info":0,"_links":{"self":[{"href":"https:\/\/olborglogistics.com\/cs\/wp-json\/wp\/v2\/product\/2966","targetHints":{"allow":["GET"]}}],"collection":[{"href":"https:\/\/olborglogistics.com\/cs\/wp-json\/wp\/v2\/product"}],"about":[{"href":"https:\/\/olborglogistics.com\/cs\/wp-json\/wp\/v2\/types\/product"}],"replies":[{"embeddable":true,"href":"https:\/\/olborglogistics.com\/cs\/wp-json\/wp\/v2\/comments?post=2966"}],"wp:featuredmedia":[{"embeddable":true,"href":"https:\/\/olborglogistics.com\/cs\/wp-json\/wp\/v2\/media\/466"}],"wp:attachment":[{"href":"https:\/\/olborglogistics.com\/cs\/wp-json\/wp\/v2\/media?parent=2966"}],"wp:term":[{"taxonomy":"product_brand","embeddable":true,"href":"https:\/\/olborglogistics.com\/cs\/wp-json\/wp\/v2\/product_brand?post=2966"},{"taxonomy":"product_cat","embeddable":true,"href":"https:\/\/olborglogistics.com\/cs\/wp-json\/wp\/v2\/product_cat?post=2966"},{"taxonomy":"product_tag","embeddable":true,"href":"https:\/\/olborglogistics.com\/cs\/wp-json\/wp\/v2\/product_tag?post=2966"},{"taxonomy":"product_brands","embeddable":true,"href":"https:\/\/olborglogistics.com\/cs\/wp-json\/wp\/v2\/product_brands?post=2966"}],"curies":[{"name":"wp","href":"https:\/\/api.w.org\/{rel}","templated":true}]}}