{"id":2950,"date":"2025-12-22T08:55:01","date_gmt":"2025-12-22T08:55:01","guid":{"rendered":"https:\/\/olborglogistics.com\/product\/40-stop-vysoky-prepravni-kontejner-cube-new\/"},"modified":"2025-12-22T08:55:01","modified_gmt":"2025-12-22T08:55:01","slug":"40-stop-vysoky-prepravni-kontejner-cube-new","status":"publish","type":"product","link":"https:\/\/olborglogistics.com\/cs\/produkt\/40-stop-vysoky-prepravni-kontejner-cube-new\/","title":{"rendered":"40 stop vysok\u00fd p\u0159epravn\u00ed kontejner Cube New"},"content":{"rendered":"<div class=\"text-base my-auto mx-auto pb-10 [--thread-content-margin:--spacing(4)] @w-sm\/main:[--thread-content-margin:--spacing(6)] @w-lg\/main:[--thread-content-margin:--spacing(16)] px-(--thread-content-margin)\">\n<div class=\"[--thread-content-max-width:40rem] @w-lg\/main:[--thread-content-max-width:48rem] mx-auto max-w-(--thread-content-max-width) flex-1 group\/turn-messages focus-visible:outline-hidden relative flex w-full min-w-0 flex-col agent-turn\" tabindex=\"-1\">\n<div class=\"flex max-w-full flex-col grow\">\n<div class=\"min-h-8 text-message relative flex w-full flex-col items-end gap-2 text-start break-words whitespace-normal [.text-message+&amp;]:mt-1\" dir=\"auto\" data-message-author-role=\"assistant\" data-message-id=\"c852fc45-00ac-4f7a-b427-2a6c7e86f995\" data-message-model-slug=\"gpt-5-2\">\n<div class=\"flex w-full flex-col gap-1 empty:hidden first:pt-[1px]\">\n<div class=\"markdown prose dark:prose-invert w-full break-words dark markdown-new-styling\">\n<p data-start=\"567\" data-end=\"935\"><strong data-start=\"571\" data-end=\"617\">40stop\u00fd p\u0159epravn\u00ed kontejner High Cube One-Trip<\/strong> je nejv\u011bt\u0161\u00ed standardn\u00ed kontejnerov\u00e9 \u0159e\u0161en\u00ed pro z\u00e1kazn\u00edky, kte\u0159\u00ed vy\u017eaduj\u00ed maxim\u00e1ln\u00ed vnit\u0159n\u00ed prostor bez sn\u00ed\u017een\u00ed pevnosti konstrukce. D\u00edky sv\u00e9 prodlou\u017een\u00e9 d\u00e9lce a dodate\u010dn\u00e9 v\u00fd\u0161ce oproti standardn\u00edm kontejner\u016fm je vhodn\u00fd zejm\u00e9na pro velkoobjemov\u00e9 skladov\u00e1n\u00ed, pr\u016fmyslov\u00e9 vyu\u017eit\u00ed a slo\u017eit\u00e9 \u00fapravy kontejner\u016f. <\/p>\n<p data-start=\"937\" data-end=\"1291\">Tento kontejner, kter\u00fd absolvoval pouze jednu mezin\u00e1rodn\u00ed p\u0159epravu, je ve vynikaj\u00edc\u00edm stavu s minim\u00e1ln\u00edm opot\u0159eben\u00edm. Je vyroben z prvot\u0159\u00eddn\u00ed <strong data-start=\"1086\" data-end=\"1102\">kortenov\u00e9 oceli<\/strong>, kter\u00e1 zaji\u0161\u0165uje vynikaj\u00edc\u00ed odolnost proti korozi, n\u00e1raz\u016fm a drsn\u00fdm pov\u011btrnostn\u00edm podm\u00ednk\u00e1m. Kontejner je pln\u011b vodot\u011bsn\u00fd a odoln\u00fd proti v\u011btru, tak\u017ee chr\u00e1n\u00ed zbo\u017e\u00ed p\u0159ed vlhkost\u00ed, prachem a vn\u011bj\u0161\u00edm po\u0161kozen\u00edm.  <\/p>\n<p data-start=\"1293\" data-end=\"1754\">Kontejner je vybaven dvojit\u00fdmi n\u00e1kladov\u00fdmi dve\u0159mi pro velkou z\u00e1t\u011b\u017e s bezpe\u010dn\u00fdm zamyk\u00e1n\u00edm pro bezpe\u010dn\u00fd p\u0159\u00edstup a zes\u00edlenou podlahou z n\u00e1mo\u0159n\u00ed p\u0159ekli\u017eky, kter\u00e1 je schopna zvl\u00e1dnout t\u011b\u017ek\u00fd n\u00e1klad. Jeho standardizovan\u00e1 konstrukce umo\u017e\u0148uje snadnou p\u0159epravu, stohov\u00e1n\u00ed a integraci do glob\u00e1ln\u00edch logistick\u00fdch s\u00edt\u00ed. D\u00edky sv\u00e9 velikosti a mimo\u0159\u00e1dn\u00e9 sv\u011btl\u00e9 v\u00fd\u0161ce se kontejner 40 stop High Cube b\u011b\u017en\u011b pou\u017e\u00edv\u00e1 pro sklady, logistick\u00e1 centra, d\u00edlny, kancel\u00e1\u0159e a rozs\u00e1hl\u00e9 projekty p\u0159estavby kontejner\u016f.  <\/p>\n<h2 data-start=\"1761\" data-end=\"1788\">Technick\u00e9 specifikace<\/h2>\n<h3 data-start=\"1790\" data-end=\"1813\">Obecn\u00e9 informace<\/h3>\n<div class=\"TyagGW_tableContainer\">\n<div class=\"group TyagGW_tableWrapper flex w-fit flex-col-reverse\" tabindex=\"-1\">\n<table class=\"w-fit min-w-(--thread-content-width)\" data-start=\"1815\" data-end=\"2169\">\n<thead data-start=\"1815\" data-end=\"1842\">\n<tr data-start=\"1815\" data-end=\"1842\">\n<th data-start=\"1815\" data-end=\"1825\" data-col-size=\"sm\">Funkce<\/th>\n<th data-start=\"1825\" data-end=\"1842\" data-col-size=\"sm\">Specifikace<\/th>\n<\/tr>\n<\/thead>\n<tbody data-start=\"1866\" data-end=\"2169\">\n<tr data-start=\"1866\" data-end=\"1920\">\n<td data-start=\"1866\" data-end=\"1883\" data-col-size=\"sm\">Typ kontejneru<\/td>\n<td data-start=\"1883\" data-end=\"1920\" data-col-size=\"sm\">40 stop vysok\u00fd p\u0159epravn\u00ed kontejner<\/td>\n<\/tr>\n<tr data-start=\"1921\" data-end=\"1958\">\n<td data-start=\"1921\" data-end=\"1933\" data-col-size=\"sm\">Stav<\/td>\n<td data-start=\"1933\" data-end=\"1958\" data-col-size=\"sm\">One-Trip (t\u00e9m\u011b\u0159 nov\u00e9)<\/td>\n<\/tr>\n<tr data-start=\"1959\" data-end=\"2006\">\n<td data-start=\"1959\" data-end=\"1970\" data-col-size=\"sm\">Materi\u00e1l<\/td>\n<td data-start=\"1970\" data-end=\"2006\" data-col-size=\"sm\">Cortenov\u00e1 ocel (odoln\u00e1 proti pov\u011btrnostn\u00edm vliv\u016fm)<\/td>\n<\/tr>\n<tr data-start=\"2007\" data-end=\"2033\">\n<td data-start=\"2007\" data-end=\"2015\" data-col-size=\"sm\">Podlaha<\/td>\n<td data-start=\"2015\" data-end=\"2033\" data-col-size=\"sm\">N\u00e1mo\u0159n\u00ed p\u0159ekli\u017eka<\/td>\n<\/tr>\n<tr data-start=\"2034\" data-end=\"2064\">\n<td data-start=\"2034\" data-end=\"2042\" data-col-size=\"sm\">Dve\u0159e<\/td>\n<td data-start=\"2042\" data-end=\"2064\" data-col-size=\"sm\">Dvojit\u00e9 n\u00e1kladn\u00ed dve\u0159e<\/td>\n<\/tr>\n<tr data-start=\"2065\" data-end=\"2098\">\n<td data-start=\"2065\" data-end=\"2082\" data-col-size=\"sm\">Uzamykac\u00ed syst\u00e9m<\/td>\n<td data-start=\"2082\" data-end=\"2098\" data-col-size=\"sm\">Uzamykac\u00ed ty\u010de<\/td>\n<\/tr>\n<tr data-start=\"2099\" data-end=\"2125\">\n<td data-start=\"2099\" data-end=\"2118\" data-col-size=\"sm\">Kapsy pro vysokozdvi\u017en\u00fd voz\u00edk<\/td>\n<td data-start=\"2118\" data-end=\"2125\" data-col-size=\"sm\">Ano<\/td>\n<\/tr>\n<tr data-start=\"2126\" data-end=\"2149\">\n<td data-start=\"2126\" data-end=\"2142\" data-col-size=\"sm\">Certifikace CSC<\/td>\n<td data-start=\"2142\" data-end=\"2149\" data-col-size=\"sm\">Ano<\/td>\n<\/tr>\n<tr data-start=\"2150\" data-end=\"2169\">\n<td data-start=\"2150\" data-end=\"2162\" data-col-size=\"sm\">Stohovateln\u00e9<\/td>\n<td data-start=\"2162\" data-end=\"2169\" data-col-size=\"sm\">Ano<\/td>\n<\/tr>\n<\/tbody>\n<\/table>\n<\/div>\n<\/div>\n<hr data-start=\"2171\" data-end=\"2174\">\n<h3 data-start=\"2176\" data-end=\"2199\">Vn\u011bj\u0161\u00ed rozm\u011bry<\/h3>\n<div class=\"TyagGW_tableContainer\">\n<div class=\"group TyagGW_tableWrapper flex w-fit flex-col-reverse\" tabindex=\"-1\">\n<table class=\"w-fit min-w-(--thread-content-width)\" data-start=\"2201\" data-end=\"2306\">\n<thead data-start=\"2201\" data-end=\"2224\">\n<tr data-start=\"2201\" data-end=\"2224\">\n<th data-start=\"2201\" data-end=\"2215\" data-col-size=\"sm\">M\u011b\u0159en\u00ed<\/th>\n<th data-start=\"2215\" data-end=\"2224\" data-col-size=\"sm\">Hodnota<\/th>\n<\/tr>\n<\/thead>\n<tbody data-start=\"2241\" data-end=\"2306\">\n<tr data-start=\"2241\" data-end=\"2263\">\n<td data-start=\"2241\" data-end=\"2250\" data-col-size=\"sm\">D\u00e9lka<\/td>\n<td data-start=\"2250\" data-end=\"2263\" data-col-size=\"sm\">12 192 mm<\/td>\n<\/tr>\n<tr data-start=\"2264\" data-end=\"2284\">\n<td data-start=\"2264\" data-end=\"2272\" data-col-size=\"sm\">\u0160\u00ed\u0159ka<\/td>\n<td data-start=\"2272\" data-end=\"2284\" data-col-size=\"sm\">2 438 mm<\/td>\n<\/tr>\n<tr data-start=\"2285\" data-end=\"2306\">\n<td data-start=\"2285\" data-end=\"2294\" data-col-size=\"sm\">V\u00fd\u0161ka<\/td>\n<td data-start=\"2294\" data-end=\"2306\" data-col-size=\"sm\">2 896 mm<\/td>\n<\/tr>\n<\/tbody>\n<\/table>\n<\/div>\n<\/div>\n<hr data-start=\"2308\" data-end=\"2311\">\n<h3 data-start=\"2313\" data-end=\"2336\">Vnit\u0159n\u00ed rozm\u011bry<\/h3>\n<div class=\"TyagGW_tableContainer\">\n<div class=\"group TyagGW_tableWrapper flex w-fit flex-col-reverse\" tabindex=\"-1\">\n<table class=\"w-fit min-w-(--thread-content-width)\" data-start=\"2338\" data-end=\"2467\">\n<thead data-start=\"2338\" data-end=\"2361\">\n<tr data-start=\"2338\" data-end=\"2361\">\n<th data-start=\"2338\" data-end=\"2352\" data-col-size=\"sm\">M\u011b\u0159en\u00ed<\/th>\n<th data-start=\"2352\" data-end=\"2361\" data-col-size=\"sm\">Hodnota<\/th>\n<\/tr>\n<\/thead>\n<tbody data-start=\"2378\" data-end=\"2467\">\n<tr data-start=\"2378\" data-end=\"2408\">\n<td data-start=\"2378\" data-end=\"2387\" data-col-size=\"sm\">D\u00e9lka<\/td>\n<td data-start=\"2387\" data-end=\"2408\" data-col-size=\"sm\">P\u0159ibli\u017en\u011b 12 032 mm<\/td>\n<\/tr>\n<tr data-start=\"2409\" data-end=\"2437\">\n<td data-start=\"2409\" data-end=\"2417\" data-col-size=\"sm\">\u0160\u00ed\u0159ka<\/td>\n<td data-start=\"2417\" data-end=\"2437\" data-col-size=\"sm\">P\u0159ibli\u017en\u011b 2 352 mm<\/td>\n<\/tr>\n<tr data-start=\"2438\" data-end=\"2467\">\n<td data-start=\"2438\" data-end=\"2447\" data-col-size=\"sm\">V\u00fd\u0161ka<\/td>\n<td data-start=\"2447\" data-end=\"2467\" data-col-size=\"sm\">P\u0159ibli\u017en\u011b 2 698 mm<\/td>\n<\/tr>\n<\/tbody>\n<\/table>\n<\/div>\n<\/div>\n<hr data-start=\"2469\" data-end=\"2472\">\n<h3 data-start=\"2474\" data-end=\"2502\">Rozm\u011bry dve\u0159\u00ed a p\u0159\u00edstup<\/h3>\n<div class=\"TyagGW_tableContainer\">\n<div class=\"group TyagGW_tableWrapper flex w-fit flex-col-reverse\" tabindex=\"-1\">\n<table class=\"w-fit min-w-(--thread-content-width)\" data-start=\"2504\" data-end=\"2673\">\n<thead data-start=\"2504\" data-end=\"2529\">\n<tr data-start=\"2504\" data-end=\"2529\">\n<th data-start=\"2504\" data-end=\"2514\" data-col-size=\"sm\">Funkce<\/th>\n<th data-start=\"2514\" data-end=\"2529\" data-col-size=\"sm\">M\u011b\u0159en\u00ed<\/th>\n<\/tr>\n<\/thead>\n<tbody data-start=\"2551\" data-end=\"2673\">\n<tr data-start=\"2551\" data-end=\"2592\">\n<td data-start=\"2551\" data-end=\"2572\" data-col-size=\"sm\">\u0160\u00ed\u0159ka otev\u0159en\u00ed dve\u0159\u00ed<\/td>\n<td data-start=\"2572\" data-end=\"2592\" data-col-size=\"sm\">P\u0159ibli\u017en\u011b 2 343 mm<\/td>\n<\/tr>\n<tr data-start=\"2593\" data-end=\"2635\">\n<td data-start=\"2593\" data-end=\"2615\" data-col-size=\"sm\">V\u00fd\u0161ka otev\u0159en\u00ed dve\u0159\u00ed<\/td>\n<td data-start=\"2615\" data-end=\"2635\" data-col-size=\"sm\">P\u0159ibli\u017en\u011b 2 585 mm<\/td>\n<\/tr>\n<tr data-start=\"2636\" data-end=\"2673\">\n<td data-start=\"2636\" data-end=\"2657\" data-col-size=\"sm\">\u00dahel otev\u0159en\u00ed dve\u0159\u00ed<\/td>\n<td data-start=\"2657\" data-end=\"2673\" data-col-size=\"sm\">P\u0159ibli\u017en\u011b 270\u00b0<\/td>\n<\/tr>\n<\/tbody>\n<\/table>\n<\/div>\n<\/div>\n<hr data-start=\"2675\" data-end=\"2678\">\n<h3 data-start=\"2680\" data-end=\"2717\">Rozm\u011bry &#8211; zav\u0159en\u00e9 a otev\u0159en\u00e9 dve\u0159e<\/h3>\n<div class=\"TyagGW_tableContainer\">\n<div class=\"group TyagGW_tableWrapper flex w-fit flex-col-reverse\" tabindex=\"-1\">\n<table class=\"w-fit min-w-(--thread-content-width)\" data-start=\"2719\" data-end=\"2971\">\n<thead data-start=\"2719\" data-end=\"2748\">\n<tr data-start=\"2719\" data-end=\"2748\">\n<th data-start=\"2719\" data-end=\"2735\" data-col-size=\"sm\">Konfigurace<\/th>\n<th data-start=\"2735\" data-end=\"2748\" data-col-size=\"sm\">Rozm\u011br<\/th>\n<\/tr>\n<\/thead>\n<tbody data-start=\"2770\" data-end=\"2971\">\n<tr data-start=\"2770\" data-end=\"2813\">\n<td data-start=\"2770\" data-end=\"2800\" data-col-size=\"sm\">Celkov\u00e1 d\u00e9lka (zav\u0159en\u00e9 dve\u0159e)<\/td>\n<td data-start=\"2800\" data-end=\"2813\" data-col-size=\"sm\">12 192 mm<\/td>\n<\/tr>\n<tr data-start=\"2814\" data-end=\"2870\">\n<td data-start=\"2814\" data-end=\"2849\" data-col-size=\"sm\">Celkov\u00e1 d\u00e9lka (dve\u0159e otev\u0159en\u00e9 pod \u00fahlem 90\u00b0)<\/td>\n<td data-start=\"2849\" data-end=\"2870\" data-col-size=\"sm\">P\u0159ibli\u017en\u011b 12 900 mm<\/td>\n<\/tr>\n<tr data-start=\"2871\" data-end=\"2928\">\n<td data-start=\"2871\" data-end=\"2907\" data-col-size=\"sm\">Celkov\u00e1 d\u00e9lka (dve\u0159e otev\u0159en\u00e9 v \u00fahlu 270\u00b0)<\/td>\n<td data-start=\"2907\" data-end=\"2928\" data-col-size=\"sm\">P\u0159ibli\u017en\u011b 13 500 mm<\/td>\n<\/tr>\n<tr data-start=\"2929\" data-end=\"2971\">\n<td data-start=\"2929\" data-end=\"2950\" data-col-size=\"sm\">Po\u017eadovan\u00e9 prov\u011b\u0159en\u00ed<\/td>\n<td data-start=\"2950\" data-end=\"2971\" data-col-size=\"sm\">Min. 800-1 200 mm<\/td>\n<\/tr>\n<\/tbody>\n<\/table>\n<\/div>\n<\/div>\n<hr data-start=\"2973\" data-end=\"2976\">\n<h3 data-start=\"2978\" data-end=\"2999\">Hmotnost a kapacita<\/h3>\n<div class=\"TyagGW_tableContainer\">\n<div class=\"group TyagGW_tableWrapper flex w-fit flex-col-reverse\" tabindex=\"-1\">\n<table class=\"w-fit min-w-(--thread-content-width)\" data-start=\"3001\" data-end=\"3245\">\n<thead data-start=\"3001\" data-end=\"3028\">\n<tr data-start=\"3001\" data-end=\"3028\">\n<th data-start=\"3001\" data-end=\"3011\" data-col-size=\"sm\">Funkce<\/th>\n<th data-start=\"3011\" data-end=\"3028\" data-col-size=\"sm\">Specifikace<\/th>\n<\/tr>\n<\/thead>\n<tbody data-start=\"3052\" data-end=\"3245\">\n<tr data-start=\"3052\" data-end=\"3086\">\n<td data-start=\"3052\" data-end=\"3066\" data-col-size=\"sm\">T\u00e1rovac\u00ed hmotnost<\/td>\n<td data-start=\"3066\" data-end=\"3086\" data-col-size=\"sm\">P\u0159ibli\u017en\u011b 3 900 kg<\/td>\n<\/tr>\n<tr data-start=\"3087\" data-end=\"3126\">\n<td data-start=\"3087\" data-end=\"3105\" data-col-size=\"sm\">Maxim\u00e1ln\u00ed u\u017eite\u010dn\u00e9 zat\u00ed\u017een\u00ed<\/td>\n<td data-start=\"3105\" data-end=\"3126\" data-col-size=\"sm\">P\u0159ibli\u017en\u011b 28 600 kg<\/td>\n<\/tr>\n<tr data-start=\"3127\" data-end=\"3163\">\n<td data-start=\"3127\" data-end=\"3150\" data-col-size=\"sm\">Maxim\u00e1ln\u00ed celkov\u00e1 hmotnost<\/td>\n<td data-start=\"3150\" data-end=\"3163\" data-col-size=\"sm\">32 500 kg<\/td>\n<\/tr>\n<tr data-start=\"3164\" data-end=\"3201\">\n<td data-start=\"3164\" data-end=\"3182\" data-col-size=\"sm\">Vnit\u0159n\u00ed objem<\/td>\n<td data-start=\"3182\" data-end=\"3201\" data-col-size=\"sm\">P\u0159ibli\u017en\u011b 76,4 m\u00b3<\/td>\n<\/tr>\n<tr data-start=\"3202\" data-end=\"3245\">\n<td data-start=\"3202\" data-end=\"3225\" data-col-size=\"sm\">Kapacita europalet<\/td>\n<td data-start=\"3225\" data-end=\"3245\" data-col-size=\"sm\">A\u017e 25 palet<\/td>\n<\/tr>\n<\/tbody>\n<\/table>\n<\/div>\n<\/div>\n<\/div>\n<\/div>\n<\/div>\n<\/div>\n<\/div>\n<\/div>\n","protected":false},"excerpt":{"rendered":"<p>40ft High Cube One-Trip Shipping Container nab\u00edz\u00ed maxim\u00e1ln\u00ed \u00falo\u017en\u00fd objem se zv\u00fd\u0161enou vnit\u0159n\u00ed v\u00fd\u0161kou. Byl pou\u017eit pouze jednou pro p\u0159epravu n\u00e1kladu, je t\u00e9m\u011b\u0159 nov\u00fd a poskytuje odolnou ochranu proti pov\u011btrnostn\u00edm vliv\u016fm &#8211; ide\u00e1ln\u00ed pro rozs\u00e1hl\u00e9 skladovac\u00ed, logistick\u00e9 a kontejnerov\u00e9 projekty. <\/p>\n","protected":false},"featured_media":508,"comment_status":"open","ping_status":"closed","template":"","meta":{"_kad_blocks_custom_css":"","_kad_blocks_head_custom_js":"","_kad_blocks_body_custom_js":"","_kad_blocks_footer_custom_js":"","_kad_post_transparent":"","_kad_post_title":"","_kad_post_layout":"","_kad_post_sidebar_id":"","_kad_post_content_style":"","_kad_post_vertical_padding":"","_kad_post_feature":"","_kad_post_feature_position":"","_kad_post_header":false,"_kad_post_footer":false,"_kad_post_classname":""},"product_brand":[],"product_cat":[473,492,438],"product_tag":[],"product_brands":[313],"class_list":{"0":"post-2950","1":"product","2":"type-product","3":"status-publish","4":"has-post-thumbnail","6":"product_cat-40ft-kontejner","7":"product_cat-high-cube-kontejnery","8":"product_cat-standardni-kontejnery","9":"pa_container-condition-novy-jednorazovy","10":"pa_container-type-standardni-kontejner","11":"pa_contanier-size-40-stop-vysoka-kostka","12":"product_brands-leixoes-portugal","14":"first","15":"instock","16":"sale","17":"taxable","18":"shipping-taxable","19":"purchasable","20":"product-type-simple","21":"entry","22":"content-bg","23":"loop-entry"},"taxonomy_info":{"product_cat":[{"value":473,"label":"40ft Kontejner"},{"value":492,"label":"High Cube Kontejnery"},{"value":438,"label":"Standardn\u00ed kontejnery"}],"pa_container-condition":[{"value":405,"label":"Nov\u00fd (jednor\u00e1zov\u00fd)"}],"pa_container-type":[{"value":436,"label":"Standardn\u00ed kontejner"}],"pa_contanier-size":[{"value":469,"label":"40 stop vysok\u00e1 kostka"}],"product_brands":[{"value":313,"label":"Leix\u00f5es, Portugal"}]},"featured_image_src_large":["https:\/\/olborglogistics.com\/wp-content\/uploads\/2025\/12\/wwwhz-containerscom-wwwhz-kontejnerycz-vendiamo-container-navali-nuovi-marittimo-magazzino-noleg-6.jpg",1021,766,false],"author_info":[],"comment_info":0,"_links":{"self":[{"href":"https:\/\/olborglogistics.com\/cs\/wp-json\/wp\/v2\/product\/2950","targetHints":{"allow":["GET"]}}],"collection":[{"href":"https:\/\/olborglogistics.com\/cs\/wp-json\/wp\/v2\/product"}],"about":[{"href":"https:\/\/olborglogistics.com\/cs\/wp-json\/wp\/v2\/types\/product"}],"replies":[{"embeddable":true,"href":"https:\/\/olborglogistics.com\/cs\/wp-json\/wp\/v2\/comments?post=2950"}],"wp:featuredmedia":[{"embeddable":true,"href":"https:\/\/olborglogistics.com\/cs\/wp-json\/wp\/v2\/media\/508"}],"wp:attachment":[{"href":"https:\/\/olborglogistics.com\/cs\/wp-json\/wp\/v2\/media?parent=2950"}],"wp:term":[{"taxonomy":"product_brand","embeddable":true,"href":"https:\/\/olborglogistics.com\/cs\/wp-json\/wp\/v2\/product_brand?post=2950"},{"taxonomy":"product_cat","embeddable":true,"href":"https:\/\/olborglogistics.com\/cs\/wp-json\/wp\/v2\/product_cat?post=2950"},{"taxonomy":"product_tag","embeddable":true,"href":"https:\/\/olborglogistics.com\/cs\/wp-json\/wp\/v2\/product_tag?post=2950"},{"taxonomy":"product_brands","embeddable":true,"href":"https:\/\/olborglogistics.com\/cs\/wp-json\/wp\/v2\/product_brands?post=2950"}],"curies":[{"name":"wp","href":"https:\/\/api.w.org\/{rel}","templated":true}]}}