{"id":2926,"date":"2025-12-22T07:11:06","date_gmt":"2025-12-22T07:11:06","guid":{"rendered":"https:\/\/olborglogistics.com\/product\/10-stop-vysoky-prepravni-kontejner-cube-new\/"},"modified":"2025-12-22T07:11:06","modified_gmt":"2025-12-22T07:11:06","slug":"10-stop-vysoky-prepravni-kontejner-cube-new","status":"publish","type":"product","link":"https:\/\/olborglogistics.com\/cs\/produkt\/10-stop-vysoky-prepravni-kontejner-cube-new\/","title":{"rendered":"10 stop vysok\u00fd p\u0159epravn\u00ed kontejner Cube New"},"content":{"rendered":"<article class=\"text-token-text-primary w-full focus:outline-none [--shadow-height:45px] has-data-writing-block:pointer-events-none has-data-writing-block:-mt-(--shadow-height) has-data-writing-block:pt-(--shadow-height) [&amp;:has([data-writing-block])&gt;*]:pointer-events-auto scroll-mt-(--header-height)\" dir=\"auto\" tabindex=\"-1\" data-turn-id=\"1656b4cc-9403-4e40-b781-339ad369ad27\" data-testid=\"conversation-turn-23\" data-scroll-anchor=\"false\" data-turn=\"user\">\n<div class=\"text-base my-auto mx-auto pt-12 [--thread-content-margin:--spacing(4)] @w-sm\/main:[--thread-content-margin:--spacing(6)] @w-lg\/main:[--thread-content-margin:--spacing(16)] px-(--thread-content-margin)\">\n<div class=\"[--thread-content-max-width:40rem] @w-lg\/main:[--thread-content-max-width:48rem] mx-auto max-w-(--thread-content-max-width) flex-1 group\/turn-messages focus-visible:outline-hidden relative flex w-full min-w-0 flex-col\" tabindex=\"-1\">\n<div class=\"flex max-w-full flex-col grow\">\n<div class=\"min-h-8 text-message relative flex w-full flex-col items-end gap-2 text-start break-words whitespace-normal [.text-message+&amp;]:mt-1\" dir=\"auto\" data-message-author-role=\"user\" data-message-id=\"1656b4cc-9403-4e40-b781-339ad369ad27\">\n<div class=\"flex w-full flex-col gap-1 empty:hidden items-end rtl:items-start\">\n<div class=\"user-message-bubble-color corner-superellipse\/1.1 relative rounded-[18px] px-4 py-1.5 data-[multiline]:py-3 max-w-[var(--user-chat-width,70%)]\" data-multiline=\"\"><\/div>\n<\/div>\n<\/div>\n<\/div>\n<\/div>\n<\/div>\n<\/article>\n<article class=\"text-token-text-primary w-full focus:outline-none [--shadow-height:45px] has-data-writing-block:pointer-events-none has-data-writing-block:-mt-(--shadow-height) has-data-writing-block:pt-(--shadow-height) [&amp;:has([data-writing-block])&gt;*]:pointer-events-auto scroll-mt-[calc(var(--header-height)+min(200px,max(70px,20svh)))]\" dir=\"auto\" tabindex=\"-1\" data-turn-id=\"request-69472639-30a4-832e-81e7-02987b101fa9-2\" data-testid=\"conversation-turn-24\" data-scroll-anchor=\"true\" data-turn=\"assistant\">\n<div class=\"text-base my-auto mx-auto pb-10 [--thread-content-margin:--spacing(4)] @w-sm\/main:[--thread-content-margin:--spacing(6)] @w-lg\/main:[--thread-content-margin:--spacing(16)] px-(--thread-content-margin)\">\n<div class=\"[--thread-content-max-width:40rem] @w-lg\/main:[--thread-content-max-width:48rem] mx-auto max-w-(--thread-content-max-width) flex-1 group\/turn-messages focus-visible:outline-hidden relative flex w-full min-w-0 flex-col agent-turn\" tabindex=\"-1\">\n<div class=\"flex max-w-full flex-col grow\">\n<div class=\"min-h-8 text-message relative flex w-full flex-col items-end gap-2 text-start break-words whitespace-normal [.text-message+&amp;]:mt-1\" dir=\"auto\" data-message-author-role=\"assistant\" data-message-id=\"c9d35873-fff3-4533-98f1-c1aeb5f49f69\" data-message-model-slug=\"gpt-5-2\">\n<div class=\"flex w-full flex-col gap-1 empty:hidden first:pt-[1px]\">\n<div class=\"markdown prose dark:prose-invert w-full break-words dark markdown-new-styling\">\n<div class=\"text-base my-auto mx-auto pb-10 [--thread-content-margin:--spacing(4)] @w-sm\/main:[--thread-content-margin:--spacing(6)] @w-lg\/main:[--thread-content-margin:--spacing(16)] px-(--thread-content-margin)\">\n<div class=\"[--thread-content-max-width:40rem] @w-lg\/main:[--thread-content-max-width:48rem] mx-auto max-w-(--thread-content-max-width) flex-1 group\/turn-messages focus-visible:outline-hidden relative flex w-full min-w-0 flex-col agent-turn\" tabindex=\"-1\">\n<div class=\"flex max-w-full flex-col grow\">\n<div class=\"min-h-8 text-message relative flex w-full flex-col items-end gap-2 text-start break-words whitespace-normal [.text-message+&amp;]:mt-1\" dir=\"auto\" data-message-author-role=\"assistant\" data-message-id=\"c9d35873-fff3-4533-98f1-c1aeb5f49f69\" data-message-model-slug=\"gpt-5-2\">\n<div class=\"flex w-full flex-col gap-1 empty:hidden first:pt-[1px]\">\n<div class=\"markdown prose dark:prose-invert w-full break-words dark markdown-new-styling\">\n<p data-start=\"639\" data-end=\"976\"><strong data-start=\"643\" data-end=\"689\">Jednosm\u011brn\u00fd p\u0159epravn\u00ed kontejner 10ft High Cube<\/strong> je ide\u00e1ln\u00edm \u0159e\u0161en\u00edm pro z\u00e1kazn\u00edky, kte\u0159\u00ed pot\u0159ebuj\u00ed v\u011bt\u0161\u00ed vnit\u0159n\u00ed v\u00fd\u0161ku bez zv\u011bt\u0161en\u00ed p\u016fdorysn\u00e9 plochy. Oproti standardn\u00edm 10stop\u00fdm kontejner\u016fm nab\u00edz\u00ed verze High Cube dodate\u010dnou v\u00fd\u0161ku, tak\u017ee je vhodn\u00e1 zejm\u00e9na pro vy\u0161\u0161\u00ed za\u0159\u00edzen\u00ed, reg\u00e1lov\u00e9 syst\u00e9my a pracovn\u00ed prostory. <\/p>\n<p data-start=\"978\" data-end=\"1315\">Tento kontejner absolvoval pouze jednu n\u00e1kladn\u00ed cestu a je ve vynikaj\u00edc\u00edm, t\u00e9m\u011b\u0159 nov\u00e9m stavu s minim\u00e1ln\u00edm opot\u0159eben\u00edm. Je vyroben z vysokopevnostn\u00ed <strong data-start=\"1131\" data-end=\"1147\">kortenov\u00e9 oceli<\/strong>, kter\u00e1 zaji\u0161\u0165uje dlouhodobou odolnost proti korozi a drsn\u00fdm pov\u011btrnostn\u00edm podm\u00ednk\u00e1m. Kontejner je pln\u011b vodot\u011bsn\u00fd a odoln\u00fd proti v\u011btru, co\u017e zaji\u0161\u0165uje spolehlivou ochranu ulo\u017een\u00e9ho zbo\u017e\u00ed.  <\/p>\n<p data-start=\"1317\" data-end=\"1714\">Kontejner je vybaven odoln\u00fdmi dvojit\u00fdmi n\u00e1kladov\u00fdmi dve\u0159mi a bezpe\u010dn\u00fdmi zamykac\u00edmi m\u0159\u00ed\u017eemi, kter\u00e9 umo\u017e\u0148uj\u00ed snadn\u00fd p\u0159\u00edstup a z\u00e1rove\u0148 zachov\u00e1vaj\u00ed vysokou \u00farove\u0148 zabezpe\u010den\u00ed. Podlaha z n\u00e1mo\u0159n\u00ed p\u0159ekli\u017eky vydr\u017e\u00ed t\u011b\u017ek\u00fd n\u00e1klad a ka\u017edodenn\u00ed pou\u017e\u00edv\u00e1n\u00ed. D\u00edky zv\u00fd\u0161en\u00e9 vnit\u0159n\u00ed v\u00fd\u0161ce se tento kontejner b\u011b\u017en\u011b pou\u017e\u00edv\u00e1 pro technick\u00e9 sklady, mobiln\u00ed d\u00edlny, gar\u00e1\u017ee a projekty kontejner\u016f na m\u00edru, kde je vertik\u00e1ln\u00ed prostor kritick\u00fd.  <\/p>\n<p data-start=\"1716\" data-end=\"1899\">Desetistop\u00fd kontejner High Cube v sob\u011b spojuje flexibilitu, odolnost a efektivn\u00ed vyu\u017eit\u00ed prostoru, tak\u017ee je chytrou alternativou k v\u011bt\u0161\u00edm kontejner\u016fm, u nich\u017e je v\u00fd\u0161ka d\u016fle\u017eit\u011bj\u0161\u00ed ne\u017e d\u00e9lka.<\/p>\n<hr data-start=\"1901\" data-end=\"1904\">\n<h2 data-start=\"1906\" data-end=\"1933\">Technick\u00e9 specifikace<\/h2>\n<h3 data-start=\"1935\" data-end=\"1958\">Obecn\u00e9 informace<\/h3>\n<div class=\"TyagGW_tableContainer\">\n<div class=\"group TyagGW_tableWrapper flex w-fit flex-col-reverse\" tabindex=\"-1\">\n<table class=\"w-fit min-w-(--thread-content-width)\" data-start=\"1960\" data-end=\"2310\">\n<thead data-start=\"1960\" data-end=\"1987\">\n<tr data-start=\"1960\" data-end=\"1987\">\n<th data-start=\"1960\" data-end=\"1970\" data-col-size=\"sm\">Funkce<\/th>\n<th data-start=\"1970\" data-end=\"1987\" data-col-size=\"sm\">Specifikace<\/th>\n<\/tr>\n<\/thead>\n<tbody data-start=\"2011\" data-end=\"2310\">\n<tr data-start=\"2011\" data-end=\"2065\">\n<td data-start=\"2011\" data-end=\"2028\" data-col-size=\"sm\">Typ kontejneru<\/td>\n<td data-start=\"2028\" data-end=\"2065\" data-col-size=\"sm\">10 stop vysok\u00fd p\u0159epravn\u00ed kontejner Cube<\/td>\n<\/tr>\n<tr data-start=\"2066\" data-end=\"2103\">\n<td data-start=\"2066\" data-end=\"2078\" data-col-size=\"sm\">Stav<\/td>\n<td data-start=\"2078\" data-end=\"2103\" data-col-size=\"sm\">One-Trip (t\u00e9m\u011b\u0159 nov\u00e9)<\/td>\n<\/tr>\n<tr data-start=\"2104\" data-end=\"2151\">\n<td data-start=\"2104\" data-end=\"2115\" data-col-size=\"sm\">Materi\u00e1l<\/td>\n<td data-start=\"2115\" data-end=\"2151\" data-col-size=\"sm\">Cortenov\u00e1 ocel (odoln\u00e1 proti pov\u011btrnostn\u00edm vliv\u016fm)<\/td>\n<\/tr>\n<tr data-start=\"2152\" data-end=\"2178\">\n<td data-start=\"2152\" data-end=\"2160\" data-col-size=\"sm\">Podlaha<\/td>\n<td data-start=\"2160\" data-end=\"2178\" data-col-size=\"sm\">N\u00e1mo\u0159n\u00ed p\u0159ekli\u017eka<\/td>\n<\/tr>\n<tr data-start=\"2179\" data-end=\"2209\">\n<td data-start=\"2179\" data-end=\"2187\" data-col-size=\"sm\">Dve\u0159e<\/td>\n<td data-start=\"2187\" data-end=\"2209\" data-col-size=\"sm\">Dvojit\u00e9 n\u00e1kladn\u00ed dve\u0159e<\/td>\n<\/tr>\n<tr data-start=\"2210\" data-end=\"2243\">\n<td data-start=\"2210\" data-end=\"2227\" data-col-size=\"sm\">Uzamykac\u00ed syst\u00e9m<\/td>\n<td data-start=\"2227\" data-end=\"2243\" data-col-size=\"sm\">Uzamykac\u00ed ty\u010de<\/td>\n<\/tr>\n<tr data-start=\"2244\" data-end=\"2270\">\n<td data-start=\"2244\" data-end=\"2263\" data-col-size=\"sm\">Kapsy pro vysokozdvi\u017en\u00fd voz\u00edk<\/td>\n<td data-start=\"2263\" data-end=\"2270\" data-col-size=\"sm\">Ano<\/td>\n<\/tr>\n<tr data-start=\"2271\" data-end=\"2310\">\n<td data-start=\"2271\" data-end=\"2283\" data-col-size=\"sm\">Stohovateln\u00e9<\/td>\n<td data-start=\"2283\" data-end=\"2310\" data-col-size=\"sm\">Ano (s omezen\u00edm)<\/td>\n<\/tr>\n<\/tbody>\n<\/table>\n<\/div>\n<\/div>\n<hr data-start=\"2312\" data-end=\"2315\">\n<h3 data-start=\"2317\" data-end=\"2340\">Vn\u011bj\u0161\u00ed rozm\u011bry<\/h3>\n<div class=\"TyagGW_tableContainer\">\n<div class=\"group TyagGW_tableWrapper flex w-fit flex-col-reverse\" tabindex=\"-1\">\n<table class=\"w-fit min-w-(--thread-content-width)\" data-start=\"2342\" data-end=\"2446\">\n<thead data-start=\"2342\" data-end=\"2365\">\n<tr data-start=\"2342\" data-end=\"2365\">\n<th data-start=\"2342\" data-end=\"2356\" data-col-size=\"sm\">M\u011b\u0159en\u00ed<\/th>\n<th data-start=\"2356\" data-end=\"2365\" data-col-size=\"sm\">Hodnota<\/th>\n<\/tr>\n<\/thead>\n<tbody data-start=\"2382\" data-end=\"2446\">\n<tr data-start=\"2382\" data-end=\"2403\">\n<td data-start=\"2382\" data-end=\"2391\" data-col-size=\"sm\">D\u00e9lka<\/td>\n<td data-start=\"2391\" data-end=\"2403\" data-col-size=\"sm\">2 991 mm<\/td>\n<\/tr>\n<tr data-start=\"2404\" data-end=\"2424\">\n<td data-start=\"2404\" data-end=\"2412\" data-col-size=\"sm\">\u0160\u00ed\u0159ka<\/td>\n<td data-start=\"2412\" data-end=\"2424\" data-col-size=\"sm\">2 438 mm<\/td>\n<\/tr>\n<tr data-start=\"2425\" data-end=\"2446\">\n<td data-start=\"2425\" data-end=\"2434\" data-col-size=\"sm\">V\u00fd\u0161ka<\/td>\n<td data-start=\"2434\" data-end=\"2446\" data-col-size=\"sm\">2 896 mm<\/td>\n<\/tr>\n<\/tbody>\n<\/table>\n<\/div>\n<\/div>\n<hr data-start=\"2448\" data-end=\"2451\">\n<h3 data-start=\"2453\" data-end=\"2476\">Vnit\u0159n\u00ed rozm\u011bry<\/h3>\n<div class=\"TyagGW_tableContainer\">\n<div class=\"group TyagGW_tableWrapper flex w-fit flex-col-reverse\" tabindex=\"-1\">\n<table class=\"w-fit min-w-(--thread-content-width)\" data-start=\"2478\" data-end=\"2606\">\n<thead data-start=\"2478\" data-end=\"2501\">\n<tr data-start=\"2478\" data-end=\"2501\">\n<th data-start=\"2478\" data-end=\"2492\" data-col-size=\"sm\">M\u011b\u0159en\u00ed<\/th>\n<th data-start=\"2492\" data-end=\"2501\" data-col-size=\"sm\">Hodnota<\/th>\n<\/tr>\n<\/thead>\n<tbody data-start=\"2518\" data-end=\"2606\">\n<tr data-start=\"2518\" data-end=\"2547\">\n<td data-start=\"2518\" data-end=\"2527\" data-col-size=\"sm\">D\u00e9lka<\/td>\n<td data-start=\"2527\" data-end=\"2547\" data-col-size=\"sm\">P\u0159ibli\u017en\u011b 2 830 mm<\/td>\n<\/tr>\n<tr data-start=\"2548\" data-end=\"2576\">\n<td data-start=\"2548\" data-end=\"2556\" data-col-size=\"sm\">\u0160\u00ed\u0159ka<\/td>\n<td data-start=\"2556\" data-end=\"2576\" data-col-size=\"sm\">P\u0159ibli\u017en\u011b 2 350 mm<\/td>\n<\/tr>\n<tr data-start=\"2577\" data-end=\"2606\">\n<td data-start=\"2577\" data-end=\"2586\" data-col-size=\"sm\">V\u00fd\u0161ka<\/td>\n<td data-start=\"2586\" data-end=\"2606\" data-col-size=\"sm\">P\u0159ibli\u017en\u011b 2 690 mm<\/td>\n<\/tr>\n<\/tbody>\n<\/table>\n<\/div>\n<\/div>\n<hr data-start=\"2608\" data-end=\"2611\">\n<h3 data-start=\"2613\" data-end=\"2641\">Rozm\u011bry dve\u0159\u00ed a p\u0159\u00edstup<\/h3>\n<div class=\"TyagGW_tableContainer\">\n<div class=\"group TyagGW_tableWrapper flex w-fit flex-col-reverse\" tabindex=\"-1\">\n<table class=\"w-fit min-w-(--thread-content-width)\" data-start=\"2643\" data-end=\"2812\">\n<thead data-start=\"2643\" data-end=\"2668\">\n<tr data-start=\"2643\" data-end=\"2668\">\n<th data-start=\"2643\" data-end=\"2653\" data-col-size=\"sm\">Funkce<\/th>\n<th data-start=\"2653\" data-end=\"2668\" data-col-size=\"sm\">M\u011b\u0159en\u00ed<\/th>\n<\/tr>\n<\/thead>\n<tbody data-start=\"2690\" data-end=\"2812\">\n<tr data-start=\"2690\" data-end=\"2731\">\n<td data-start=\"2690\" data-end=\"2711\" data-col-size=\"sm\">\u0160\u00ed\u0159ka otev\u0159en\u00ed dve\u0159\u00ed<\/td>\n<td data-start=\"2711\" data-end=\"2731\" data-col-size=\"sm\">P\u0159ibli\u017en\u011b 2 340 mm<\/td>\n<\/tr>\n<tr data-start=\"2732\" data-end=\"2774\">\n<td data-start=\"2732\" data-end=\"2754\" data-col-size=\"sm\">V\u00fd\u0161ka otev\u0159en\u00ed dve\u0159\u00ed<\/td>\n<td data-start=\"2754\" data-end=\"2774\" data-col-size=\"sm\">P\u0159ibli\u017en\u011b 2 585 mm<\/td>\n<\/tr>\n<tr data-start=\"2775\" data-end=\"2812\">\n<td data-start=\"2775\" data-end=\"2796\" data-col-size=\"sm\">\u00dahel otev\u0159en\u00ed dve\u0159\u00ed<\/td>\n<td data-start=\"2796\" data-end=\"2812\" data-col-size=\"sm\">P\u0159ibli\u017en\u011b 270\u00b0<\/td>\n<\/tr>\n<\/tbody>\n<\/table>\n<\/div>\n<\/div>\n<hr data-start=\"2814\" data-end=\"2817\">\n<h3 data-start=\"2819\" data-end=\"2856\">Rozm\u011bry &#8211; zav\u0159en\u00e9 a otev\u0159en\u00e9 dve\u0159e<\/h3>\n<div class=\"TyagGW_tableContainer\">\n<div class=\"group TyagGW_tableWrapper flex w-fit flex-col-reverse\" tabindex=\"-1\">\n<table class=\"w-fit min-w-(--thread-content-width)\" data-start=\"2858\" data-end=\"3107\">\n<thead data-start=\"2858\" data-end=\"2887\">\n<tr data-start=\"2858\" data-end=\"2887\">\n<th data-start=\"2858\" data-end=\"2874\" data-col-size=\"sm\">Konfigurace<\/th>\n<th data-start=\"2874\" data-end=\"2887\" data-col-size=\"sm\">Rozm\u011br<\/th>\n<\/tr>\n<\/thead>\n<tbody data-start=\"2909\" data-end=\"3107\">\n<tr data-start=\"2909\" data-end=\"2951\">\n<td data-start=\"2909\" data-end=\"2939\" data-col-size=\"sm\">Celkov\u00e1 d\u00e9lka (zav\u0159en\u00e9 dve\u0159e)<\/td>\n<td data-start=\"2939\" data-end=\"2951\" data-col-size=\"sm\">2 991 mm<\/td>\n<\/tr>\n<tr data-start=\"2952\" data-end=\"3007\">\n<td data-start=\"2952\" data-end=\"2987\" data-col-size=\"sm\">Celkov\u00e1 d\u00e9lka (dve\u0159e otev\u0159en\u00e9 pod \u00fahlem 90\u00b0)<\/td>\n<td data-start=\"2987\" data-end=\"3007\" data-col-size=\"sm\">P\u0159ibli\u017en\u011b 3 600 mm<\/td>\n<\/tr>\n<tr data-start=\"3008\" data-end=\"3064\">\n<td data-start=\"3008\" data-end=\"3044\" data-col-size=\"sm\">Celkov\u00e1 d\u00e9lka (dve\u0159e otev\u0159en\u00e9 v \u00fahlu 270\u00b0)<\/td>\n<td data-start=\"3044\" data-end=\"3064\" data-col-size=\"sm\">P\u0159ibli\u017en\u011b 4 100 mm<\/td>\n<\/tr>\n<tr data-start=\"3065\" data-end=\"3107\">\n<td data-start=\"3065\" data-end=\"3086\" data-col-size=\"sm\">Po\u017eadovan\u00e9 prov\u011b\u0159en\u00ed<\/td>\n<td data-start=\"3086\" data-end=\"3107\" data-col-size=\"sm\">Min. 800-1 200 mm<\/td>\n<\/tr>\n<\/tbody>\n<\/table>\n<\/div>\n<\/div>\n<hr data-start=\"3109\" data-end=\"3112\">\n<h3 data-start=\"3114\" data-end=\"3135\">Hmotnost a kapacita<\/h3>\n<div class=\"TyagGW_tableContainer\">\n<div class=\"group TyagGW_tableWrapper flex w-fit flex-col-reverse\" tabindex=\"-1\">\n<table class=\"w-fit min-w-(--thread-content-width)\" data-start=\"3137\" data-end=\"3386\">\n<thead data-start=\"3137\" data-end=\"3164\">\n<tr data-start=\"3137\" data-end=\"3164\">\n<th data-start=\"3137\" data-end=\"3147\" data-col-size=\"sm\">Funkce<\/th>\n<th data-start=\"3147\" data-end=\"3164\" data-col-size=\"sm\">Specifikace<\/th>\n<\/tr>\n<\/thead>\n<tbody data-start=\"3188\" data-end=\"3386\">\n<tr data-start=\"3188\" data-end=\"3222\">\n<td data-start=\"3188\" data-end=\"3202\" data-col-size=\"sm\">T\u00e1rovac\u00ed hmotnost<\/td>\n<td data-start=\"3202\" data-end=\"3222\" data-col-size=\"sm\">P\u0159ibli\u017en\u011b 1 450 kg<\/td>\n<\/tr>\n<tr data-start=\"3223\" data-end=\"3262\">\n<td data-start=\"3223\" data-end=\"3241\" data-col-size=\"sm\">Maxim\u00e1ln\u00ed u\u017eite\u010dn\u00e9 zat\u00ed\u017een\u00ed<\/td>\n<td data-start=\"3241\" data-end=\"3262\" data-col-size=\"sm\">P\u0159ibli\u017en\u011b 10 000 kg<\/td>\n<\/tr>\n<tr data-start=\"3263\" data-end=\"3307\">\n<td data-start=\"3263\" data-end=\"3286\" data-col-size=\"sm\">Maxim\u00e1ln\u00ed celkov\u00e1 hmotnost<\/td>\n<td data-start=\"3286\" data-end=\"3307\" data-col-size=\"sm\">P\u0159ibli\u017en\u011b 11 450 kg<\/td>\n<\/tr>\n<tr data-start=\"3308\" data-end=\"3343\">\n<td data-start=\"3308\" data-end=\"3326\" data-col-size=\"sm\">Vnit\u0159n\u00ed objem<\/td>\n<td data-start=\"3326\" data-end=\"3343\" data-col-size=\"sm\">P\u0159ibli\u017en\u011b 18 m\u00b3<\/td>\n<\/tr>\n<tr data-start=\"3344\" data-end=\"3386\">\n<td data-start=\"3344\" data-end=\"3367\" data-col-size=\"sm\">Kapacita europalet<\/td>\n<td data-start=\"3367\" data-end=\"3386\" data-col-size=\"sm\">A\u017e 5 palet<\/td>\n<\/tr>\n<\/tbody>\n<\/table>\n<\/div>\n<\/div>\n<\/div>\n<\/div>\n<\/div>\n<\/div>\n<\/div>\n<\/div>\n<\/div>\n<\/div>\n<\/div>\n<\/div>\n<\/div>\n<\/div>\n<\/article>\n","protected":false},"excerpt":{"rendered":"<p>10ft High Cube One-Trip Shipping Container nab\u00edz\u00ed extra vnit\u0159n\u00ed v\u00fd\u0161ku p\u0159i kompaktn\u00edch rozm\u011brech. Pou\u017e\u00edv\u00e1 se pouze jednou pro p\u0159epravu n\u00e1kladu a poskytuje t\u00e9m\u011b\u0159 nov\u00fd stav, v\u011bt\u0161\u00ed vertik\u00e1ln\u00ed \u00falo\u017en\u00fd prostor a odolnou ochranu proti pov\u011btrnostn\u00edm vliv\u016fm &#8211; ide\u00e1ln\u00ed pro skladov\u00e1n\u00ed, d\u00edlny a p\u0159estavby kontejner\u016f. <\/p>\n","protected":false},"featured_media":472,"comment_status":"open","ping_status":"closed","template":"","meta":{"_kad_blocks_custom_css":"","_kad_blocks_head_custom_js":"","_kad_blocks_body_custom_js":"","_kad_blocks_footer_custom_js":"","_kad_post_transparent":"","_kad_post_title":"","_kad_post_layout":"","_kad_post_sidebar_id":"","_kad_post_content_style":"","_kad_post_vertical_padding":"","_kad_post_feature":"","_kad_post_feature_position":"","_kad_post_header":false,"_kad_post_footer":false,"_kad_post_classname":""},"product_brand":[],"product_cat":[410,438],"product_tag":[],"product_brands":[315],"class_list":{"0":"post-2926","1":"product","2":"type-product","3":"status-publish","4":"has-post-thumbnail","6":"product_cat-10stopy-kontejner","7":"product_cat-standardni-kontejnery","8":"pa_container-condition-novy-jednorazovy","9":"pa_container-type-standardni-kontejner","10":"pa_contanier-size-10-stop-vysoka-kostka","11":"product_brands-barcelona-espana","13":"first","14":"instock","15":"sale","16":"taxable","17":"shipping-taxable","18":"purchasable","19":"product-type-simple","20":"entry","21":"content-bg","22":"loop-entry"},"taxonomy_info":{"product_cat":[{"value":410,"label":"10stop\u00fd kontejner"},{"value":438,"label":"Standardn\u00ed kontejnery"}],"pa_container-condition":[{"value":405,"label":"Nov\u00fd (jednor\u00e1zov\u00fd)"}],"pa_container-type":[{"value":436,"label":"Standardn\u00ed kontejner"}],"pa_contanier-size":[{"value":491,"label":"10 stop vysok\u00e1 kostka"}],"product_brands":[{"value":315,"label":"Barcelona, Espa\u00f1a"}]},"featured_image_src_large":["https:\/\/olborglogistics.com\/wp-content\/uploads\/2025\/12\/1_2.jpg",783,865,false],"author_info":[],"comment_info":0,"_links":{"self":[{"href":"https:\/\/olborglogistics.com\/cs\/wp-json\/wp\/v2\/product\/2926","targetHints":{"allow":["GET"]}}],"collection":[{"href":"https:\/\/olborglogistics.com\/cs\/wp-json\/wp\/v2\/product"}],"about":[{"href":"https:\/\/olborglogistics.com\/cs\/wp-json\/wp\/v2\/types\/product"}],"replies":[{"embeddable":true,"href":"https:\/\/olborglogistics.com\/cs\/wp-json\/wp\/v2\/comments?post=2926"}],"wp:featuredmedia":[{"embeddable":true,"href":"https:\/\/olborglogistics.com\/cs\/wp-json\/wp\/v2\/media\/472"}],"wp:attachment":[{"href":"https:\/\/olborglogistics.com\/cs\/wp-json\/wp\/v2\/media?parent=2926"}],"wp:term":[{"taxonomy":"product_brand","embeddable":true,"href":"https:\/\/olborglogistics.com\/cs\/wp-json\/wp\/v2\/product_brand?post=2926"},{"taxonomy":"product_cat","embeddable":true,"href":"https:\/\/olborglogistics.com\/cs\/wp-json\/wp\/v2\/product_cat?post=2926"},{"taxonomy":"product_tag","embeddable":true,"href":"https:\/\/olborglogistics.com\/cs\/wp-json\/wp\/v2\/product_tag?post=2926"},{"taxonomy":"product_brands","embeddable":true,"href":"https:\/\/olborglogistics.com\/cs\/wp-json\/wp\/v2\/product_brands?post=2926"}],"curies":[{"name":"wp","href":"https:\/\/api.w.org\/{rel}","templated":true}]}}