{"id":2890,"date":"2025-12-22T09:50:04","date_gmt":"2025-12-22T09:50:04","guid":{"rendered":"https:\/\/olborglogistics.com\/product\/40-stop-vysoky-kontejner-s-otevrenymi-boky-kobaltove-modry\/"},"modified":"2025-12-22T09:50:04","modified_gmt":"2025-12-22T09:50:04","slug":"40-stop-vysoky-kontejner-s-otevrenymi-boky-kobaltove-modry","status":"publish","type":"product","link":"https:\/\/olborglogistics.com\/cs\/produkt\/40-stop-vysoky-kontejner-s-otevrenymi-boky-kobaltove-modry\/","title":{"rendered":"40 stop vysok\u00fd kontejner s otev\u0159en\u00fdmi boky kobaltov\u011b modr\u00fd"},"content":{"rendered":"<p data-start=\"622\" data-end=\"1014\"><strong data-start=\"626\" data-end=\"698\">40ft High Cube Open Side Shipping Container &#8211; Cobalt Blue (One-Trip<\/strong> ) je vysoce v\u00fdkonn\u00e9 kontejnerov\u00e9 \u0159e\u0161en\u00ed ur\u010den\u00e9 pro projekty, kter\u00e9 vy\u017eaduj\u00ed <strong data-start=\"774\" data-end=\"817\">prostor, p\u0159\u00edstupnost a vizu\u00e1ln\u00ed efekt<\/strong>. D\u00edky prodlou\u017een\u00e9 d\u00e9lce 40 stop, zv\u00fd\u0161en\u00e9 v\u00fd\u0161ce High Cube a pln\u00fdm bo\u010dn\u00edm otev\u00edrac\u00edm dve\u0159\u00edm umo\u017e\u0148uje tento kontejner rychl\u00e9 a efektivn\u00ed nakl\u00e1d\u00e1n\u00ed nadrozm\u011brn\u00e9ho nebo paletizovan\u00e9ho zbo\u017e\u00ed po cel\u00e9 d\u00e9lce. <\/p>\n<p data-start=\"1016\" data-end=\"1378\">Jako <strong data-start=\"1021\" data-end=\"1043\">kontejner pro jednu cestu<\/strong> byl pou\u017eit pouze jednou pro mezin\u00e1rodn\u00ed p\u0159epravu n\u00e1kladu a je ve vynikaj\u00edc\u00edm, t\u00e9m\u011b\u0159 nov\u00e9m stavu. Kontejner je vyroben z odoln\u00e9 <strong data-start=\"1171\" data-end=\"1187\">kortenov\u00e9 oceli<\/strong> a je dlouhodob\u011b odoln\u00fd v\u016f\u010di korozi, n\u00e1ro\u010dn\u00e9mu pou\u017e\u00edv\u00e1n\u00ed a drsn\u00fdm pov\u011btrnostn\u00edm podm\u00ednk\u00e1m. V zav\u0159en\u00e9m stavu z\u016fst\u00e1v\u00e1 pln\u011b vodot\u011bsn\u00fd a odoln\u00fd proti v\u011btru, co\u017e zaji\u0161\u0165uje bezpe\u010dn\u00e9 skladov\u00e1n\u00ed po celou dobu.  <\/p>\n<p data-start=\"1380\" data-end=\"1745\"><strong data-start=\"1384\" data-end=\"1404\">Konstrukce High Cube<\/strong> poskytuje dodate\u010dn\u00fd vertik\u00e1ln\u00ed prostor, tak\u017ee je tento kontejner vhodn\u00fd zejm\u00e9na pro vysok\u00e9 vybaven\u00ed, reg\u00e1lov\u00e9 syst\u00e9my a p\u0159estavby velk\u00fdch kontejner\u016f. <strong data-start=\"1570\" data-end=\"1597\">Otev\u0159en\u00e1 bo\u010dn\u00ed konfigurace<\/strong> v\u00fdrazn\u011b zvy\u0161uje provozn\u00ed efektivitu, zejm\u00e9na v logistice, pr\u016fmyslov\u00fdch skladech, d\u00edln\u00e1ch a projektech maloobchodn\u00edch nebo v\u00fdstavn\u00edch kontejner\u016f. <\/p>\n<p data-start=\"1747\" data-end=\"1993\">Tento kontejner v n\u00e1padn\u00e9 <strong data-start=\"1770\" data-end=\"1785\">kobaltov\u011b modr\u00e9<\/strong> barv\u011b vizu\u00e1ln\u011b vynik\u00e1 a je vhodn\u00fd pro instalace zam\u011b\u0159en\u00e9 na budov\u00e1n\u00ed zna\u010dky, komer\u010dn\u00ed m\u00edsta, logistick\u00e1 centra a modern\u00ed kontejnerov\u00e9 stavby, kde je vzhled stejn\u011b d\u016fle\u017eit\u00fd jako v\u00fdkon.<\/p>\n<hr data-start=\"1995\" data-end=\"1998\">\n<h2 data-start=\"2000\" data-end=\"2027\">Technick\u00e9 specifikace<\/h2>\n<h3 data-start=\"2029\" data-end=\"2052\">Obecn\u00e9 informace<\/h3>\n<div class=\"TyagGW_tableContainer\">\n<div class=\"group TyagGW_tableWrapper flex w-fit flex-col-reverse\" tabindex=\"-1\">\n<table class=\"w-fit min-w-(--thread-content-width)\" data-start=\"2054\" data-end=\"2451\">\n<thead data-start=\"2054\" data-end=\"2081\">\n<tr data-start=\"2054\" data-end=\"2081\">\n<th data-start=\"2054\" data-end=\"2064\" data-col-size=\"sm\">Funkce<\/th>\n<th data-start=\"2064\" data-end=\"2081\" data-col-size=\"md\">Specifikace<\/th>\n<\/tr>\n<\/thead>\n<tbody data-start=\"2105\" data-end=\"2451\">\n<tr data-start=\"2105\" data-end=\"2150\">\n<td data-start=\"2105\" data-end=\"2122\" data-col-size=\"sm\">Typ kontejneru<\/td>\n<td data-start=\"2122\" data-end=\"2150\" data-col-size=\"md\">40 stop vysok\u00e1 kostka s otev\u0159enou bo\u010dnic\u00ed<\/td>\n<\/tr>\n<tr data-start=\"2151\" data-end=\"2181\">\n<td data-start=\"2151\" data-end=\"2163\" data-col-size=\"sm\">Stav<\/td>\n<td data-start=\"2163\" data-end=\"2181\" data-col-size=\"md\">Nov\u00e9 \/ jednor\u00e1zov\u00e9<\/td>\n<\/tr>\n<tr data-start=\"2182\" data-end=\"2206\">\n<td data-start=\"2182\" data-end=\"2191\" data-col-size=\"sm\">Barva<\/td>\n<td data-start=\"2191\" data-end=\"2206\" data-col-size=\"md\">Kobaltov\u011b modr\u00e1<\/td>\n<\/tr>\n<tr data-start=\"2207\" data-end=\"2254\">\n<td data-start=\"2207\" data-end=\"2218\" data-col-size=\"sm\">Materi\u00e1l<\/td>\n<td data-start=\"2218\" data-end=\"2254\" data-col-size=\"md\">Cortenov\u00e1 ocel (odoln\u00e1 proti pov\u011btrnostn\u00edm vliv\u016fm)<\/td>\n<\/tr>\n<tr data-start=\"2255\" data-end=\"2281\">\n<td data-start=\"2255\" data-end=\"2263\" data-col-size=\"sm\">Podlaha<\/td>\n<td data-start=\"2263\" data-end=\"2281\" data-col-size=\"md\">N\u00e1mo\u0159n\u00ed p\u0159ekli\u017eka<\/td>\n<\/tr>\n<tr data-start=\"2282\" data-end=\"2335\">\n<td data-start=\"2282\" data-end=\"2290\" data-col-size=\"sm\">Dve\u0159e<\/td>\n<td data-start=\"2290\" data-end=\"2335\" data-col-size=\"md\">Bo\u010dn\u00ed dve\u0159e po cel\u00e9 d\u00e9lce + zadn\u00ed n\u00e1kladov\u00e9 dve\u0159e<\/td>\n<\/tr>\n<tr data-start=\"2336\" data-end=\"2380\">\n<td data-start=\"2336\" data-end=\"2353\" data-col-size=\"sm\">Uzamykac\u00ed syst\u00e9m<\/td>\n<td data-start=\"2353\" data-end=\"2380\" data-col-size=\"md\">Siln\u00e9 uzamykac\u00ed ty\u010de<\/td>\n<\/tr>\n<tr data-start=\"2381\" data-end=\"2407\">\n<td data-start=\"2381\" data-end=\"2400\" data-col-size=\"sm\">Kapsy pro vysokozdvi\u017en\u00fd voz\u00edk<\/td>\n<td data-start=\"2400\" data-end=\"2407\" data-col-size=\"md\">Ano<\/td>\n<\/tr>\n<tr data-start=\"2408\" data-end=\"2431\">\n<td data-start=\"2408\" data-end=\"2424\" data-col-size=\"sm\">Certifikace CSC<\/td>\n<td data-start=\"2424\" data-end=\"2431\" data-col-size=\"md\">Ano<\/td>\n<\/tr>\n<tr data-start=\"2432\" data-end=\"2451\">\n<td data-start=\"2432\" data-end=\"2444\" data-col-size=\"sm\">Stohovateln\u00e9<\/td>\n<td data-start=\"2444\" data-end=\"2451\" data-col-size=\"md\">Ano<\/td>\n<\/tr>\n<\/tbody>\n<\/table>\n<\/div>\n<\/div>\n<hr data-start=\"2453\" data-end=\"2456\">\n<h3 data-start=\"2458\" data-end=\"2481\">Vn\u011bj\u0161\u00ed rozm\u011bry<\/h3>\n<div class=\"TyagGW_tableContainer\">\n<div class=\"group TyagGW_tableWrapper flex w-fit flex-col-reverse\" tabindex=\"-1\">\n<table class=\"w-fit min-w-(--thread-content-width)\" data-start=\"2483\" data-end=\"2588\">\n<thead data-start=\"2483\" data-end=\"2506\">\n<tr data-start=\"2483\" data-end=\"2506\">\n<th data-start=\"2483\" data-end=\"2497\" data-col-size=\"sm\">M\u011b\u0159en\u00ed<\/th>\n<th data-start=\"2497\" data-end=\"2506\" data-col-size=\"sm\">Hodnota<\/th>\n<\/tr>\n<\/thead>\n<tbody data-start=\"2523\" data-end=\"2588\">\n<tr data-start=\"2523\" data-end=\"2545\">\n<td data-start=\"2523\" data-end=\"2532\" data-col-size=\"sm\">D\u00e9lka<\/td>\n<td data-start=\"2532\" data-end=\"2545\" data-col-size=\"sm\">12 192 mm<\/td>\n<\/tr>\n<tr data-start=\"2546\" data-end=\"2566\">\n<td data-start=\"2546\" data-end=\"2554\" data-col-size=\"sm\">\u0160\u00ed\u0159ka<\/td>\n<td data-start=\"2554\" data-end=\"2566\" data-col-size=\"sm\">2 438 mm<\/td>\n<\/tr>\n<tr data-start=\"2567\" data-end=\"2588\">\n<td data-start=\"2567\" data-end=\"2576\" data-col-size=\"sm\">V\u00fd\u0161ka<\/td>\n<td data-start=\"2576\" data-end=\"2588\" data-col-size=\"sm\">2 896 mm<\/td>\n<\/tr>\n<\/tbody>\n<\/table>\n<\/div>\n<\/div>\n<hr data-start=\"2590\" data-end=\"2593\">\n<h3 data-start=\"2595\" data-end=\"2618\">Vnit\u0159n\u00ed rozm\u011bry<\/h3>\n<div class=\"TyagGW_tableContainer\">\n<div class=\"group TyagGW_tableWrapper flex w-fit flex-col-reverse\" tabindex=\"-1\">\n<table class=\"w-fit min-w-(--thread-content-width)\" data-start=\"2620\" data-end=\"2749\">\n<thead data-start=\"2620\" data-end=\"2643\">\n<tr data-start=\"2620\" data-end=\"2643\">\n<th data-start=\"2620\" data-end=\"2634\" data-col-size=\"sm\">M\u011b\u0159en\u00ed<\/th>\n<th data-start=\"2634\" data-end=\"2643\" data-col-size=\"sm\">Hodnota<\/th>\n<\/tr>\n<\/thead>\n<tbody data-start=\"2660\" data-end=\"2749\">\n<tr data-start=\"2660\" data-end=\"2690\">\n<td data-start=\"2660\" data-end=\"2669\" data-col-size=\"sm\">D\u00e9lka<\/td>\n<td data-start=\"2669\" data-end=\"2690\" data-col-size=\"sm\">P\u0159ibli\u017en\u011b 12 032 mm<\/td>\n<\/tr>\n<tr data-start=\"2691\" data-end=\"2719\">\n<td data-start=\"2691\" data-end=\"2699\" data-col-size=\"sm\">\u0160\u00ed\u0159ka<\/td>\n<td data-start=\"2699\" data-end=\"2719\" data-col-size=\"sm\">P\u0159ibli\u017en\u011b 2 352 mm<\/td>\n<\/tr>\n<tr data-start=\"2720\" data-end=\"2749\">\n<td data-start=\"2720\" data-end=\"2729\" data-col-size=\"sm\">V\u00fd\u0161ka<\/td>\n<td data-start=\"2729\" data-end=\"2749\" data-col-size=\"sm\">P\u0159ibli\u017en\u011b 2 698 mm<\/td>\n<\/tr>\n<\/tbody>\n<\/table>\n<\/div>\n<\/div>\n<hr data-start=\"2751\" data-end=\"2754\">\n<h3 data-start=\"2756\" data-end=\"2784\">Rozm\u011bry dve\u0159\u00ed a p\u0159\u00edstup<\/h3>\n<div class=\"TyagGW_tableContainer\">\n<div class=\"group TyagGW_tableWrapper flex w-fit flex-col-reverse\" tabindex=\"-1\">\n<table class=\"w-fit min-w-(--thread-content-width)\" data-start=\"2786\" data-end=\"3009\">\n<thead data-start=\"2786\" data-end=\"2811\">\n<tr data-start=\"2786\" data-end=\"2811\">\n<th data-start=\"2786\" data-end=\"2796\" data-col-size=\"sm\">Funkce<\/th>\n<th data-start=\"2796\" data-end=\"2811\" data-col-size=\"sm\">M\u011b\u0159en\u00ed<\/th>\n<\/tr>\n<\/thead>\n<tbody data-start=\"2833\" data-end=\"3009\">\n<tr data-start=\"2833\" data-end=\"2878\">\n<td data-start=\"2833\" data-end=\"2853\" data-col-size=\"sm\">Otev\u00edr\u00e1n\u00ed bo\u010dn\u00edch dve\u0159\u00ed<\/td>\n<td data-start=\"2853\" data-end=\"2878\" data-col-size=\"sm\">Cel\u00e1 d\u00e9lka kontejneru<\/td>\n<\/tr>\n<tr data-start=\"2879\" data-end=\"2925\">\n<td data-start=\"2879\" data-end=\"2905\" data-col-size=\"sm\">\u0160\u00ed\u0159ka otev\u0159en\u00ed zadn\u00edch dve\u0159\u00ed<\/td>\n<td data-start=\"2905\" data-end=\"2925\" data-col-size=\"sm\">P\u0159ibli\u017en\u011b 2 343 mm<\/td>\n<\/tr>\n<tr data-start=\"2926\" data-end=\"2973\">\n<td data-start=\"2926\" data-end=\"2953\" data-col-size=\"sm\">V\u00fd\u0161ka otev\u0159en\u00ed zadn\u00edch dve\u0159\u00ed<\/td>\n<td data-start=\"2953\" data-end=\"2973\" data-col-size=\"sm\">P\u0159ibli\u017en\u011b 2 585 mm<\/td>\n<\/tr>\n<tr data-start=\"2974\" data-end=\"3009\">\n<td data-start=\"2974\" data-end=\"2995\" data-col-size=\"sm\">\u00dahel otev\u0159en\u00ed dve\u0159\u00ed<\/td>\n<td data-start=\"2995\" data-end=\"3009\" data-col-size=\"sm\">A\u017e 270\u00b0<\/td>\n<\/tr>\n<\/tbody>\n<\/table>\n<\/div>\n<\/div>\n<hr data-start=\"3011\" data-end=\"3014\">\n<h3 data-start=\"3016\" data-end=\"3053\">Rozm\u011bry &#8211; zav\u0159en\u00e9 a otev\u0159en\u00e9 dve\u0159e<\/h3>\n<div class=\"TyagGW_tableContainer\">\n<div class=\"group TyagGW_tableWrapper flex w-fit flex-col-reverse\" tabindex=\"-1\">\n<table class=\"w-fit min-w-(--thread-content-width)\" data-start=\"3055\" data-end=\"3303\">\n<thead data-start=\"3055\" data-end=\"3084\">\n<tr data-start=\"3055\" data-end=\"3084\">\n<th data-start=\"3055\" data-end=\"3071\" data-col-size=\"sm\">Konfigurace<\/th>\n<th data-start=\"3071\" data-end=\"3084\" data-col-size=\"sm\">Rozm\u011br<\/th>\n<\/tr>\n<\/thead>\n<tbody data-start=\"3106\" data-end=\"3303\">\n<tr data-start=\"3106\" data-end=\"3149\">\n<td data-start=\"3106\" data-end=\"3136\" data-col-size=\"sm\">Celkov\u00e1 d\u00e9lka (zav\u0159en\u00e9 dve\u0159e)<\/td>\n<td data-start=\"3136\" data-end=\"3149\" data-col-size=\"sm\">12 192 mm<\/td>\n<\/tr>\n<tr data-start=\"3150\" data-end=\"3214\">\n<td data-start=\"3150\" data-end=\"3189\" data-col-size=\"sm\">Po\u017eadovan\u00fd bo\u010dn\u00ed odstup (otev\u0159en\u00e9 dve\u0159e)<\/td>\n<td data-start=\"3189\" data-end=\"3214\" data-col-size=\"sm\">Cel\u00e1 d\u00e9lka kontejneru<\/td>\n<\/tr>\n<tr data-start=\"3215\" data-end=\"3270\">\n<td data-start=\"3215\" data-end=\"3250\" data-col-size=\"sm\">Zadn\u00ed sv\u011btl\u00e1 v\u00fd\u0161ka (dve\u0159e otev\u0159en\u00e9 v \u00fahlu 270\u00b0)<\/td>\n<td data-start=\"3250\" data-end=\"3270\" data-col-size=\"sm\">P\u0159ibli\u017en\u011b 1 200 mm<\/td>\n<\/tr>\n<tr data-start=\"3271\" data-end=\"3303\">\n<td data-start=\"3271\" data-end=\"3288\" data-col-size=\"sm\">Mo\u017enosti p\u0159\u00edstupu<\/td>\n<td data-start=\"3288\" data-end=\"3303\" data-col-size=\"sm\">Bo\u010dn\u00ed a zadn\u00ed<\/td>\n<\/tr>\n<\/tbody>\n<\/table>\n<\/div>\n<\/div>\n<hr data-start=\"3305\" data-end=\"3308\">\n<h3 data-start=\"3310\" data-end=\"3331\">Hmotnost a kapacita<\/h3>\n<div class=\"TyagGW_tableContainer\">\n<div class=\"group TyagGW_tableWrapper flex w-fit flex-col-reverse\" tabindex=\"-1\">\n<table class=\"w-fit min-w-(--thread-content-width)\" data-start=\"3333\" data-end=\"3591\">\n<thead data-start=\"3333\" data-end=\"3360\">\n<tr data-start=\"3333\" data-end=\"3360\">\n<th data-start=\"3333\" data-end=\"3343\" data-col-size=\"sm\">Funkce<\/th>\n<th data-start=\"3343\" data-end=\"3360\" data-col-size=\"sm\">Specifikace<\/th>\n<\/tr>\n<\/thead>\n<tbody data-start=\"3384\" data-end=\"3591\">\n<tr data-start=\"3384\" data-end=\"3418\">\n<td data-start=\"3384\" data-end=\"3398\" data-col-size=\"sm\">T\u00e1rovac\u00ed hmotnost<\/td>\n<td data-start=\"3398\" data-end=\"3418\" data-col-size=\"sm\">P\u0159ibli\u017en\u011b 4 800 kg<\/td>\n<\/tr>\n<tr data-start=\"3419\" data-end=\"3458\">\n<td data-start=\"3419\" data-end=\"3437\" data-col-size=\"sm\">Maxim\u00e1ln\u00ed u\u017eite\u010dn\u00e9 zat\u00ed\u017een\u00ed<\/td>\n<td data-start=\"3437\" data-end=\"3458\" data-col-size=\"sm\">P\u0159ibli\u017en\u011b 27 700 kg<\/td>\n<\/tr>\n<tr data-start=\"3459\" data-end=\"3495\">\n<td data-start=\"3459\" data-end=\"3482\" data-col-size=\"sm\">Maxim\u00e1ln\u00ed celkov\u00e1 hmotnost<\/td>\n<td data-start=\"3482\" data-end=\"3495\" data-col-size=\"sm\">32 500 kg<\/td>\n<\/tr>\n<tr data-start=\"3496\" data-end=\"3533\">\n<td data-start=\"3496\" data-end=\"3514\" data-col-size=\"sm\">Vnit\u0159n\u00ed objem<\/td>\n<td data-start=\"3514\" data-end=\"3533\" data-col-size=\"sm\">P\u0159ibli\u017en\u011b 76,4 m\u00b3<\/td>\n<\/tr>\n<tr data-start=\"3534\" data-end=\"3591\">\n<td data-start=\"3534\" data-end=\"3557\" data-col-size=\"sm\">Kapacita europalet<\/td>\n<td data-start=\"3557\" data-end=\"3591\" data-col-size=\"sm\">A\u017e 25 palet (s bo\u010dn\u00edm zat\u00ed\u017een\u00edm)<\/td>\n<\/tr>\n<\/tbody>\n<\/table>\n<\/div>\n<\/div>\n","protected":false},"excerpt":{"rendered":"<p data-start=\"318\" data-end=\"594\">40ft High Cube Open Side Shipping Container v kobaltov\u011b modr\u00e9 barv\u011b nab\u00edz\u00ed maxim\u00e1ln\u00ed \u00falo\u017enou kapacitu s bo\u010dn\u00edm p\u0159\u00edstupem po cel\u00e9 d\u00e9lce a mimo\u0159\u00e1dnou vnit\u0159n\u00ed v\u00fd\u0161kou. V nov\u00e9m stavu pro jednu j\u00edzdu je ide\u00e1ln\u00ed pro velkokapacitn\u00ed skladov\u00e1n\u00ed, logistiku, d\u00edlny a projekty s kontejnery s vysokou viditelnost\u00ed. <\/p>\n","protected":false},"featured_media":541,"comment_status":"open","ping_status":"closed","template":"","meta":{"_kad_blocks_custom_css":"","_kad_blocks_head_custom_js":"","_kad_blocks_body_custom_js":"","_kad_blocks_footer_custom_js":"","_kad_post_transparent":"","_kad_post_title":"","_kad_post_layout":"","_kad_post_sidebar_id":"","_kad_post_content_style":"","_kad_post_vertical_padding":"","_kad_post_feature":"","_kad_post_feature_position":"","_kad_post_header":false,"_kad_post_footer":false,"_kad_post_classname":""},"product_brand":[],"product_cat":[473,472],"product_tag":[],"product_brands":[314],"class_list":{"0":"post-2890","1":"product","2":"type-product","3":"status-publish","4":"has-post-thumbnail","6":"product_cat-40ft-kontejner","7":"product_cat-kontejnery-s-bocnim-oteviranim","8":"pa_container-condition-novy-jednorazovy","9":"pa_container-type-otevreny-bocni-kontejner","10":"pa_contanier-size-40-stop","11":"product_brands-espana-valencia","13":"first","14":"instock","15":"taxable","16":"shipping-taxable","17":"purchasable","18":"product-type-simple","19":"entry","20":"content-bg","21":"loop-entry"},"taxonomy_info":{"product_cat":[{"value":473,"label":"40ft Kontejner"},{"value":472,"label":"Kontejnery s bo\u010dn\u00edm otev\u00edr\u00e1n\u00edm"}],"pa_container-condition":[{"value":405,"label":"Nov\u00fd (jednor\u00e1zov\u00fd)"}],"pa_container-type":[{"value":468,"label":"Otev\u0159en\u00fd bo\u010dn\u00ed kontejner"}],"pa_contanier-size":[{"value":484,"label":"40 stop"}],"product_brands":[{"value":314,"label":"Espa\u00f1a, Valencia"}]},"featured_image_src_large":["https:\/\/olborglogistics.com\/wp-content\/uploads\/2025\/12\/40FT-high-cube-container-mit-offener-seite-RAL-5010-4.jpg",1021,766,false],"author_info":[],"comment_info":0,"_links":{"self":[{"href":"https:\/\/olborglogistics.com\/cs\/wp-json\/wp\/v2\/product\/2890","targetHints":{"allow":["GET"]}}],"collection":[{"href":"https:\/\/olborglogistics.com\/cs\/wp-json\/wp\/v2\/product"}],"about":[{"href":"https:\/\/olborglogistics.com\/cs\/wp-json\/wp\/v2\/types\/product"}],"replies":[{"embeddable":true,"href":"https:\/\/olborglogistics.com\/cs\/wp-json\/wp\/v2\/comments?post=2890"}],"wp:featuredmedia":[{"embeddable":true,"href":"https:\/\/olborglogistics.com\/cs\/wp-json\/wp\/v2\/media\/541"}],"wp:attachment":[{"href":"https:\/\/olborglogistics.com\/cs\/wp-json\/wp\/v2\/media?parent=2890"}],"wp:term":[{"taxonomy":"product_brand","embeddable":true,"href":"https:\/\/olborglogistics.com\/cs\/wp-json\/wp\/v2\/product_brand?post=2890"},{"taxonomy":"product_cat","embeddable":true,"href":"https:\/\/olborglogistics.com\/cs\/wp-json\/wp\/v2\/product_cat?post=2890"},{"taxonomy":"product_tag","embeddable":true,"href":"https:\/\/olborglogistics.com\/cs\/wp-json\/wp\/v2\/product_tag?post=2890"},{"taxonomy":"product_brands","embeddable":true,"href":"https:\/\/olborglogistics.com\/cs\/wp-json\/wp\/v2\/product_brands?post=2890"}],"curies":[{"name":"wp","href":"https:\/\/api.w.org\/{rel}","templated":true}]}}