{"id":2884,"date":"2025-12-22T09:33:21","date_gmt":"2025-12-22T09:33:21","guid":{"rendered":"https:\/\/olborglogistics.com\/product\/20ft-prepravni-kontejner-s-otevrenou-stranou-novy\/"},"modified":"2025-12-22T09:33:21","modified_gmt":"2025-12-22T09:33:21","slug":"20ft-prepravni-kontejner-s-otevrenou-stranou-novy","status":"publish","type":"product","link":"https:\/\/olborglogistics.com\/cs\/produkt\/20ft-prepravni-kontejner-s-otevrenou-stranou-novy\/","title":{"rendered":"20ft p\u0159epravn\u00ed kontejner s otev\u0159enou stranou nov\u00fd"},"content":{"rendered":"<div class=\"text-base my-auto mx-auto pb-10 [--thread-content-margin:--spacing(4)] @w-sm\/main:[--thread-content-margin:--spacing(6)] @w-lg\/main:[--thread-content-margin:--spacing(16)] px-(--thread-content-margin)\">\n<div class=\"[--thread-content-max-width:40rem] @w-lg\/main:[--thread-content-max-width:48rem] mx-auto max-w-(--thread-content-max-width) flex-1 group\/turn-messages focus-visible:outline-hidden relative flex w-full min-w-0 flex-col agent-turn\" tabindex=\"-1\">\n<div class=\"flex max-w-full flex-col grow\">\n<div class=\"min-h-8 text-message relative flex w-full flex-col items-end gap-2 text-start break-words whitespace-normal [.text-message+&amp;]:mt-1\" dir=\"auto\" data-message-author-role=\"assistant\" data-message-id=\"48c16461-c8b7-444f-8563-7439667a21e7\" data-message-model-slug=\"gpt-5-2\">\n<div class=\"flex w-full flex-col gap-1 empty:hidden first:pt-[1px]\">\n<div class=\"markdown prose dark:prose-invert w-full break-words dark markdown-new-styling\">\n<hr data-start=\"540\" data-end=\"543\">\n<h2 data-start=\"545\" data-end=\"564\">Dlouh\u00fd popis<\/h2>\n<p data-start=\"566\" data-end=\"962\"><strong data-start=\"570\" data-end=\"624\">20stop\u00fd otev\u0159en\u00fd bo\u010dn\u00ed p\u0159epravn\u00ed kontejner &#8211; nov\u00fd (jednocestn\u00fd)<\/strong> je navr\u017een pro maxim\u00e1ln\u00ed p\u0159\u00edstupnost a flexibilitu. Na rozd\u00edl od standardn\u00edch kontejner\u016f, kter\u00e9 se otev\u00edraj\u00ed pouze na jednom konci, je tento model vybaven <strong data-start=\"762\" data-end=\"788\">bo\u010dn\u00edmi dve\u0159mi po cel\u00e9 d\u00e9lce,<\/strong> co\u017e umo\u017e\u0148uje p\u0159\u00edm\u00fd bo\u010dn\u00ed p\u0159\u00edstup do cel\u00e9ho vnit\u0159n\u00edho prostoru kontejneru. D\u00edky tomu je obzvl\u00e1\u0161t\u011b vhodn\u00fd pro nakl\u00e1d\u00e1n\u00ed \u0161irok\u00e9ho, dlouh\u00e9ho nebo paletizovan\u00e9ho zbo\u017e\u00ed pomoc\u00ed vysokozdvi\u017en\u00fdch voz\u00edk\u016f nebo paletov\u00fdch voz\u00edk\u016f.  <\/p>\n<p data-start=\"964\" data-end=\"1341\">Jako <strong data-start=\"969\" data-end=\"995\">nov\u00fd kontejner pro jednu j\u00edzdu<\/strong> byl pou\u017eit pouze jednou pro p\u0159epravu n\u00e1kladu a je ve vynikaj\u00edc\u00edm stavu s minim\u00e1ln\u00edmi zn\u00e1mkami pou\u017e\u00edv\u00e1n\u00ed. Kontejner je vyroben z vysoce kvalitn\u00ed <strong data-start=\"1154\" data-end=\"1170\">kortenov\u00e9 oceli<\/strong>, kter\u00e1 nab\u00edz\u00ed silnou odolnost proti korozi a drsn\u00fdm pov\u011btrnostn\u00edm podm\u00ednk\u00e1m. V zav\u0159en\u00e9m stavu z\u016fst\u00e1v\u00e1 pln\u011b vodot\u011bsn\u00fd a odoln\u00fd proti v\u011btru, co\u017e zaji\u0161\u0165uje spolehlivou ochranu ulo\u017een\u00e9ho zbo\u017e\u00ed.  <\/p>\n<p data-start=\"1343\" data-end=\"1661\">Kontejner je tak\u00e9 vybaven standardn\u00edmi zadn\u00edmi n\u00e1kladov\u00fdmi dve\u0159mi, kter\u00e9 umo\u017e\u0148uj\u00ed dvoj\u00ed p\u0159\u00edstup z boku i z konce. D\u00edky odoln\u00e9 podlaze z n\u00e1mo\u0159n\u00ed p\u0159ekli\u017eky a zes\u00edlen\u00fdm r\u00e1m\u016fm dve\u0159\u00ed se tento kontejner b\u011b\u017en\u011b pou\u017e\u00edv\u00e1 pro logistick\u00e9 operace, d\u00edlny, do\u010dasn\u00e9 skladov\u00e1n\u00ed, maloobchodn\u00ed jednotky a kontejnerov\u00e1 \u0159e\u0161en\u00ed na m\u00edru. <\/p>\n<p data-start=\"1663\" data-end=\"1867\">Jeho standardizovan\u00e9 rozm\u011bry umo\u017e\u0148uj\u00ed snadnou p\u0159epravu, stohov\u00e1n\u00ed a integraci do st\u00e1vaj\u00edc\u00edch logistick\u00fdch syst\u00e9m\u016f, co\u017e z n\u011bj \u010din\u00ed praktickou a univerz\u00e1ln\u00ed volbu pro komer\u010dn\u00ed i pr\u016fmyslov\u00e9 aplikace.<\/p>\n<hr data-start=\"1869\" data-end=\"1872\">\n<h2 data-start=\"1874\" data-end=\"1901\">Technick\u00e9 specifikace<\/h2>\n<h3 data-start=\"1903\" data-end=\"1926\">Obecn\u00e9 informace<\/h3>\n<div class=\"TyagGW_tableContainer\">\n<div class=\"group TyagGW_tableWrapper flex w-fit flex-col-reverse\" tabindex=\"-1\">\n<table class=\"w-fit min-w-(--thread-content-width)\" data-start=\"1928\" data-end=\"2309\">\n<thead data-start=\"1928\" data-end=\"1955\">\n<tr data-start=\"1928\" data-end=\"1955\">\n<th data-start=\"1928\" data-end=\"1938\" data-col-size=\"sm\">Funkce<\/th>\n<th data-start=\"1938\" data-end=\"1955\" data-col-size=\"md\">Specifikace<\/th>\n<\/tr>\n<\/thead>\n<tbody data-start=\"1979\" data-end=\"2309\">\n<tr data-start=\"1979\" data-end=\"2033\">\n<td data-start=\"1979\" data-end=\"1996\" data-col-size=\"sm\">Typ kontejneru<\/td>\n<td data-start=\"1996\" data-end=\"2033\" data-col-size=\"md\">20 stop otev\u0159en\u00fd bo\u010dn\u00ed p\u0159epravn\u00ed kontejner<\/td>\n<\/tr>\n<tr data-start=\"2034\" data-end=\"2064\">\n<td data-start=\"2034\" data-end=\"2046\" data-col-size=\"sm\">Stav<\/td>\n<td data-start=\"2046\" data-end=\"2064\" data-col-size=\"md\">Nov\u00e9 \/ jednor\u00e1zov\u00e9<\/td>\n<\/tr>\n<tr data-start=\"2065\" data-end=\"2112\">\n<td data-start=\"2065\" data-end=\"2076\" data-col-size=\"sm\">Materi\u00e1l<\/td>\n<td data-start=\"2076\" data-end=\"2112\" data-col-size=\"md\">Cortenov\u00e1 ocel (odoln\u00e1 proti pov\u011btrnostn\u00edm vliv\u016fm)<\/td>\n<\/tr>\n<tr data-start=\"2113\" data-end=\"2139\">\n<td data-start=\"2113\" data-end=\"2121\" data-col-size=\"sm\">Podlaha<\/td>\n<td data-start=\"2121\" data-end=\"2139\" data-col-size=\"md\">N\u00e1mo\u0159n\u00ed p\u0159ekli\u017eka<\/td>\n<\/tr>\n<tr data-start=\"2140\" data-end=\"2193\">\n<td data-start=\"2140\" data-end=\"2148\" data-col-size=\"sm\">Dve\u0159e<\/td>\n<td data-start=\"2148\" data-end=\"2193\" data-col-size=\"md\">Bo\u010dn\u00ed dve\u0159e po cel\u00e9 d\u00e9lce + zadn\u00ed n\u00e1kladov\u00e9 dve\u0159e<\/td>\n<\/tr>\n<tr data-start=\"2194\" data-end=\"2238\">\n<td data-start=\"2194\" data-end=\"2211\" data-col-size=\"sm\">Uzamykac\u00ed syst\u00e9m<\/td>\n<td data-start=\"2211\" data-end=\"2238\" data-col-size=\"md\">Siln\u00e9 uzamykac\u00ed ty\u010de<\/td>\n<\/tr>\n<tr data-start=\"2239\" data-end=\"2265\">\n<td data-start=\"2239\" data-end=\"2258\" data-col-size=\"sm\">Kapsy pro vysokozdvi\u017en\u00fd voz\u00edk<\/td>\n<td data-start=\"2258\" data-end=\"2265\" data-col-size=\"md\">Ano<\/td>\n<\/tr>\n<tr data-start=\"2266\" data-end=\"2289\">\n<td data-start=\"2266\" data-end=\"2282\" data-col-size=\"sm\">Certifikace CSC<\/td>\n<td data-start=\"2282\" data-end=\"2289\" data-col-size=\"md\">Ano<\/td>\n<\/tr>\n<tr data-start=\"2290\" data-end=\"2309\">\n<td data-start=\"2290\" data-end=\"2302\" data-col-size=\"sm\">Stohovateln\u00e9<\/td>\n<td data-start=\"2302\" data-end=\"2309\" data-col-size=\"md\">Ano<\/td>\n<\/tr>\n<\/tbody>\n<\/table>\n<\/div>\n<\/div>\n<hr data-start=\"2311\" data-end=\"2314\">\n<h3 data-start=\"2316\" data-end=\"2339\">Vn\u011bj\u0161\u00ed rozm\u011bry<\/h3>\n<div class=\"TyagGW_tableContainer\">\n<div class=\"group TyagGW_tableWrapper flex w-fit flex-col-reverse\" tabindex=\"-1\">\n<table class=\"w-fit min-w-(--thread-content-width)\" data-start=\"2341\" data-end=\"2445\">\n<thead data-start=\"2341\" data-end=\"2364\">\n<tr data-start=\"2341\" data-end=\"2364\">\n<th data-start=\"2341\" data-end=\"2355\" data-col-size=\"sm\">M\u011b\u0159en\u00ed<\/th>\n<th data-start=\"2355\" data-end=\"2364\" data-col-size=\"sm\">Hodnota<\/th>\n<\/tr>\n<\/thead>\n<tbody data-start=\"2381\" data-end=\"2445\">\n<tr data-start=\"2381\" data-end=\"2402\">\n<td data-start=\"2381\" data-end=\"2390\" data-col-size=\"sm\">D\u00e9lka<\/td>\n<td data-start=\"2390\" data-end=\"2402\" data-col-size=\"sm\">6 058 mm<\/td>\n<\/tr>\n<tr data-start=\"2403\" data-end=\"2423\">\n<td data-start=\"2403\" data-end=\"2411\" data-col-size=\"sm\">\u0160\u00ed\u0159ka<\/td>\n<td data-start=\"2411\" data-end=\"2423\" data-col-size=\"sm\">2 438 mm<\/td>\n<\/tr>\n<tr data-start=\"2424\" data-end=\"2445\">\n<td data-start=\"2424\" data-end=\"2433\" data-col-size=\"sm\">V\u00fd\u0161ka<\/td>\n<td data-start=\"2433\" data-end=\"2445\" data-col-size=\"sm\">2 591 mm<\/td>\n<\/tr>\n<\/tbody>\n<\/table>\n<\/div>\n<\/div>\n<hr data-start=\"2447\" data-end=\"2450\">\n<h3 data-start=\"2452\" data-end=\"2475\">Vnit\u0159n\u00ed rozm\u011bry<\/h3>\n<div class=\"TyagGW_tableContainer\">\n<div class=\"group TyagGW_tableWrapper flex w-fit flex-col-reverse\" tabindex=\"-1\">\n<table class=\"w-fit min-w-(--thread-content-width)\" data-start=\"2477\" data-end=\"2605\">\n<thead data-start=\"2477\" data-end=\"2500\">\n<tr data-start=\"2477\" data-end=\"2500\">\n<th data-start=\"2477\" data-end=\"2491\" data-col-size=\"sm\">M\u011b\u0159en\u00ed<\/th>\n<th data-start=\"2491\" data-end=\"2500\" data-col-size=\"sm\">Hodnota<\/th>\n<\/tr>\n<\/thead>\n<tbody data-start=\"2517\" data-end=\"2605\">\n<tr data-start=\"2517\" data-end=\"2546\">\n<td data-start=\"2517\" data-end=\"2526\" data-col-size=\"sm\">D\u00e9lka<\/td>\n<td data-start=\"2526\" data-end=\"2546\" data-col-size=\"sm\">P\u0159ibli\u017en\u011b 5 898 mm<\/td>\n<\/tr>\n<tr data-start=\"2547\" data-end=\"2575\">\n<td data-start=\"2547\" data-end=\"2555\" data-col-size=\"sm\">\u0160\u00ed\u0159ka<\/td>\n<td data-start=\"2555\" data-end=\"2575\" data-col-size=\"sm\">P\u0159ibli\u017en\u011b 2 352 mm<\/td>\n<\/tr>\n<tr data-start=\"2576\" data-end=\"2605\">\n<td data-start=\"2576\" data-end=\"2585\" data-col-size=\"sm\">V\u00fd\u0161ka<\/td>\n<td data-start=\"2585\" data-end=\"2605\" data-col-size=\"sm\">P\u0159ibli\u017en\u011b 2 393 mm<\/td>\n<\/tr>\n<\/tbody>\n<\/table>\n<\/div>\n<\/div>\n<hr data-start=\"2607\" data-end=\"2610\">\n<h3 data-start=\"2612\" data-end=\"2640\">Rozm\u011bry dve\u0159\u00ed a p\u0159\u00edstup<\/h3>\n<div class=\"TyagGW_tableContainer\">\n<div class=\"group TyagGW_tableWrapper flex w-fit flex-col-reverse\" tabindex=\"-1\">\n<table class=\"w-fit min-w-(--thread-content-width)\" data-start=\"2642\" data-end=\"2865\">\n<thead data-start=\"2642\" data-end=\"2667\">\n<tr data-start=\"2642\" data-end=\"2667\">\n<th data-start=\"2642\" data-end=\"2652\" data-col-size=\"sm\">Funkce<\/th>\n<th data-start=\"2652\" data-end=\"2667\" data-col-size=\"sm\">M\u011b\u0159en\u00ed<\/th>\n<\/tr>\n<\/thead>\n<tbody data-start=\"2689\" data-end=\"2865\">\n<tr data-start=\"2689\" data-end=\"2734\">\n<td data-start=\"2689\" data-end=\"2709\" data-col-size=\"sm\">Otev\u00edr\u00e1n\u00ed bo\u010dn\u00edch dve\u0159\u00ed<\/td>\n<td data-start=\"2709\" data-end=\"2734\" data-col-size=\"sm\">Cel\u00e1 d\u00e9lka kontejneru<\/td>\n<\/tr>\n<tr data-start=\"2735\" data-end=\"2781\">\n<td data-start=\"2735\" data-end=\"2761\" data-col-size=\"sm\">\u0160\u00ed\u0159ka otev\u0159en\u00ed zadn\u00edch dve\u0159\u00ed<\/td>\n<td data-start=\"2761\" data-end=\"2781\" data-col-size=\"sm\">P\u0159ibli\u017en\u011b 2 343 mm<\/td>\n<\/tr>\n<tr data-start=\"2782\" data-end=\"2829\">\n<td data-start=\"2782\" data-end=\"2809\" data-col-size=\"sm\">V\u00fd\u0161ka otev\u0159en\u00ed zadn\u00edch dve\u0159\u00ed<\/td>\n<td data-start=\"2809\" data-end=\"2829\" data-col-size=\"sm\">P\u0159ibli\u017en\u011b 2 280 mm<\/td>\n<\/tr>\n<tr data-start=\"2830\" data-end=\"2865\">\n<td data-start=\"2830\" data-end=\"2851\" data-col-size=\"sm\">\u00dahel otev\u0159en\u00ed dve\u0159\u00ed<\/td>\n<td data-start=\"2851\" data-end=\"2865\" data-col-size=\"sm\">A\u017e 270\u00b0<\/td>\n<\/tr>\n<\/tbody>\n<\/table>\n<\/div>\n<\/div>\n<hr data-start=\"2867\" data-end=\"2870\">\n<h3 data-start=\"2872\" data-end=\"2909\">Rozm\u011bry &#8211; zav\u0159en\u00e9 a otev\u0159en\u00e9 dve\u0159e<\/h3>\n<div class=\"TyagGW_tableContainer\">\n<div class=\"group TyagGW_tableWrapper flex w-fit flex-col-reverse\" tabindex=\"-1\">\n<table class=\"w-fit min-w-(--thread-content-width)\" data-start=\"2911\" data-end=\"3158\">\n<thead data-start=\"2911\" data-end=\"2940\">\n<tr data-start=\"2911\" data-end=\"2940\">\n<th data-start=\"2911\" data-end=\"2927\" data-col-size=\"sm\">Konfigurace<\/th>\n<th data-start=\"2927\" data-end=\"2940\" data-col-size=\"sm\">Rozm\u011br<\/th>\n<\/tr>\n<\/thead>\n<tbody data-start=\"2962\" data-end=\"3158\">\n<tr data-start=\"2962\" data-end=\"3004\">\n<td data-start=\"2962\" data-end=\"2992\" data-col-size=\"sm\">Celkov\u00e1 d\u00e9lka (zav\u0159en\u00e9 dve\u0159e)<\/td>\n<td data-start=\"2992\" data-end=\"3004\" data-col-size=\"sm\">6 058 mm<\/td>\n<\/tr>\n<tr data-start=\"3005\" data-end=\"3069\">\n<td data-start=\"3005\" data-end=\"3044\" data-col-size=\"sm\">Po\u017eadovan\u00fd bo\u010dn\u00ed odstup (otev\u0159en\u00e9 dve\u0159e)<\/td>\n<td data-start=\"3044\" data-end=\"3069\" data-col-size=\"sm\">Cel\u00e1 d\u00e9lka kontejneru<\/td>\n<\/tr>\n<tr data-start=\"3070\" data-end=\"3125\">\n<td data-start=\"3070\" data-end=\"3105\" data-col-size=\"sm\">Zadn\u00ed sv\u011btl\u00e1 v\u00fd\u0161ka (dve\u0159e otev\u0159en\u00e9 v \u00fahlu 270\u00b0)<\/td>\n<td data-start=\"3105\" data-end=\"3125\" data-col-size=\"sm\">P\u0159ibli\u017en\u011b 1 200 mm<\/td>\n<\/tr>\n<tr data-start=\"3126\" data-end=\"3158\">\n<td data-start=\"3126\" data-end=\"3143\" data-col-size=\"sm\">Mo\u017enosti p\u0159\u00edstupu<\/td>\n<td data-start=\"3143\" data-end=\"3158\" data-col-size=\"sm\">Bo\u010dn\u00ed a zadn\u00ed<\/td>\n<\/tr>\n<\/tbody>\n<\/table>\n<\/div>\n<\/div>\n<hr data-start=\"3160\" data-end=\"3163\">\n<h3 data-start=\"3165\" data-end=\"3186\">Hmotnost a kapacita<\/h3>\n<div class=\"TyagGW_tableContainer\">\n<div class=\"group TyagGW_tableWrapper flex w-fit flex-col-reverse\" tabindex=\"-1\">\n<table class=\"w-fit min-w-(--thread-content-width)\" data-start=\"3188\" data-end=\"3432\">\n<thead data-start=\"3188\" data-end=\"3215\">\n<tr data-start=\"3188\" data-end=\"3215\">\n<th data-start=\"3188\" data-end=\"3198\" data-col-size=\"sm\">Funkce<\/th>\n<th data-start=\"3198\" data-end=\"3215\" data-col-size=\"sm\">Specifikace<\/th>\n<\/tr>\n<\/thead>\n<tbody data-start=\"3239\" data-end=\"3432\">\n<tr data-start=\"3239\" data-end=\"3273\">\n<td data-start=\"3239\" data-end=\"3253\" data-col-size=\"sm\">T\u00e1rovac\u00ed hmotnost<\/td>\n<td data-start=\"3253\" data-end=\"3273\" data-col-size=\"sm\">P\u0159ibli\u017en\u011b 3 050 kg<\/td>\n<\/tr>\n<tr data-start=\"3274\" data-end=\"3313\">\n<td data-start=\"3274\" data-end=\"3292\" data-col-size=\"sm\">Maxim\u00e1ln\u00ed u\u017eite\u010dn\u00e9 zat\u00ed\u017een\u00ed<\/td>\n<td data-start=\"3292\" data-end=\"3313\" data-col-size=\"sm\">P\u0159ibli\u017en\u011b 29 450 kg<\/td>\n<\/tr>\n<tr data-start=\"3314\" data-end=\"3350\">\n<td data-start=\"3314\" data-end=\"3337\" data-col-size=\"sm\">Maxim\u00e1ln\u00ed celkov\u00e1 hmotnost<\/td>\n<td data-start=\"3337\" data-end=\"3350\" data-col-size=\"sm\">32 500 kg<\/td>\n<\/tr>\n<tr data-start=\"3351\" data-end=\"3388\">\n<td data-start=\"3351\" data-end=\"3369\" data-col-size=\"sm\">Vnit\u0159n\u00ed objem<\/td>\n<td data-start=\"3369\" data-end=\"3388\" data-col-size=\"sm\">P\u0159ibli\u017en\u011b 33,2 m\u00b3<\/td>\n<\/tr>\n<tr data-start=\"3389\" data-end=\"3432\">\n<td data-start=\"3389\" data-end=\"3412\" data-col-size=\"sm\">Kapacita europalet<\/td>\n<td data-start=\"3412\" data-end=\"3432\" data-col-size=\"sm\">A\u017e 11 palet<\/td>\n<\/tr>\n<\/tbody>\n<\/table>\n<\/div>\n<\/div>\n<\/div>\n<\/div>\n<\/div>\n<\/div>\n<\/div>\n<\/div>\n","protected":false},"excerpt":{"rendered":"<p>20stop\u00fd otev\u0159en\u00fd bo\u010dn\u00ed p\u0159epravn\u00ed kontejner (nov\u00fd \/ jednocestn\u00fd) m\u00e1 bo\u010dn\u00ed dve\u0159e po cel\u00e9 d\u00e9lce pro snadn\u00e9 nakl\u00e1d\u00e1n\u00ed a vykl\u00e1d\u00e1n\u00ed. Je t\u00e9m\u011b\u0159 nov\u00fd, nab\u00edz\u00ed bezpe\u010dn\u00e9 skladov\u00e1n\u00ed odoln\u00e9 proti pov\u011btrnostn\u00edm vliv\u016fm a je ide\u00e1ln\u00ed pro objemn\u00e9 zbo\u017e\u00ed, d\u00edlny a projekty p\u0159estavby kontejner\u016f. <\/p>\n","protected":false},"featured_media":527,"comment_status":"open","ping_status":"closed","template":"","meta":{"_kad_blocks_custom_css":"","_kad_blocks_head_custom_js":"","_kad_blocks_body_custom_js":"","_kad_blocks_footer_custom_js":"","_kad_post_transparent":"","_kad_post_title":"","_kad_post_layout":"","_kad_post_sidebar_id":"","_kad_post_content_style":"","_kad_post_vertical_padding":"","_kad_post_feature":"","_kad_post_feature_position":"","_kad_post_header":false,"_kad_post_footer":false,"_kad_post_classname":""},"product_brand":[],"product_cat":[440,472],"product_tag":[],"product_brands":[314],"class_list":{"0":"post-2884","1":"product","2":"type-product","3":"status-publish","4":"has-post-thumbnail","6":"product_cat-20ft-kontejner","7":"product_cat-kontejnery-s-bocnim-oteviranim","8":"pa_container-condition-novy-jednorazovy","9":"pa_container-type-otevreny-bocni-kontejner","10":"pa_contanier-size-20-stop","11":"product_brands-espana-valencia","13":"first","14":"instock","15":"taxable","16":"shipping-taxable","17":"purchasable","18":"product-type-simple","19":"entry","20":"content-bg","21":"loop-entry"},"taxonomy_info":{"product_cat":[{"value":440,"label":"20ft Kontejner"},{"value":472,"label":"Kontejnery s bo\u010dn\u00edm otev\u00edr\u00e1n\u00edm"}],"pa_container-condition":[{"value":405,"label":"Nov\u00fd (jednor\u00e1zov\u00fd)"}],"pa_container-type":[{"value":468,"label":"Otev\u0159en\u00fd bo\u010dn\u00ed kontejner"}],"pa_contanier-size":[{"value":448,"label":"20 stop"}],"product_brands":[{"value":314,"label":"Espa\u00f1a, Valencia"}]},"featured_image_src_large":["https:\/\/olborglogistics.com\/wp-content\/uploads\/2025\/12\/container-usati-acquisto-container-comprare-container-vendita-container-marittimi-20-piedi-1024x768.jpg",1021,766,true],"author_info":[],"comment_info":0,"_links":{"self":[{"href":"https:\/\/olborglogistics.com\/cs\/wp-json\/wp\/v2\/product\/2884","targetHints":{"allow":["GET"]}}],"collection":[{"href":"https:\/\/olborglogistics.com\/cs\/wp-json\/wp\/v2\/product"}],"about":[{"href":"https:\/\/olborglogistics.com\/cs\/wp-json\/wp\/v2\/types\/product"}],"replies":[{"embeddable":true,"href":"https:\/\/olborglogistics.com\/cs\/wp-json\/wp\/v2\/comments?post=2884"}],"wp:featuredmedia":[{"embeddable":true,"href":"https:\/\/olborglogistics.com\/cs\/wp-json\/wp\/v2\/media\/527"}],"wp:attachment":[{"href":"https:\/\/olborglogistics.com\/cs\/wp-json\/wp\/v2\/media?parent=2884"}],"wp:term":[{"taxonomy":"product_brand","embeddable":true,"href":"https:\/\/olborglogistics.com\/cs\/wp-json\/wp\/v2\/product_brand?post=2884"},{"taxonomy":"product_cat","embeddable":true,"href":"https:\/\/olborglogistics.com\/cs\/wp-json\/wp\/v2\/product_cat?post=2884"},{"taxonomy":"product_tag","embeddable":true,"href":"https:\/\/olborglogistics.com\/cs\/wp-json\/wp\/v2\/product_tag?post=2884"},{"taxonomy":"product_brands","embeddable":true,"href":"https:\/\/olborglogistics.com\/cs\/wp-json\/wp\/v2\/product_brands?post=2884"}],"curies":[{"name":"wp","href":"https:\/\/api.w.org\/{rel}","templated":true}]}}