{"id":2861,"date":"2025-12-22T10:21:08","date_gmt":"2025-12-22T10:21:08","guid":{"rendered":"https:\/\/olborglogistics.com\/product\/20ft-garazovy-kontejner-s-roletovymi-vraty-novy\/"},"modified":"2025-12-22T10:21:08","modified_gmt":"2025-12-22T10:21:08","slug":"20ft-garazovy-kontejner-s-roletovymi-vraty-novy","status":"publish","type":"product","link":"https:\/\/olborglogistics.com\/cs\/produkt\/20ft-garazovy-kontejner-s-roletovymi-vraty-novy\/","title":{"rendered":"20ft gar\u00e1\u017eov\u00fd kontejner s roletov\u00fdmi vraty. Nov\u00fd"},"content":{"rendered":"<p data-start=\"587\" data-end=\"915\"><strong data-start=\"591\" data-end=\"658\">20stop\u00fd gar\u00e1\u017eov\u00fd kontejner s roletov\u00fdmi vraty &#8211; nov\u00fd (One-Trip<\/strong> ) je praktick\u00e9 a robustn\u00ed \u0159e\u0161en\u00ed pro z\u00e1kazn\u00edky, kte\u0159\u00ed hledaj\u00ed bezpe\u010dnou gar\u00e1\u017e nebo skladovac\u00ed prostor s kompaktn\u00edmi rozm\u011bry. Je vyroben z nov\u00e9ho jednocestn\u00e9ho p\u0159epravn\u00edho kontejneru, je v t\u00e9m\u011b\u0159 nov\u00e9m stavu a nab\u00edz\u00ed vynikaj\u00edc\u00ed odolnost s minim\u00e1ln\u00edmi zn\u00e1mkami p\u0159edchoz\u00edho pou\u017e\u00edv\u00e1n\u00ed. <\/p>\n<p data-start=\"917\" data-end=\"1268\">Na rozd\u00edl od standardn\u00edch kontejner\u016f s n\u00e1kladn\u00edmi dve\u0159mi je tento gar\u00e1\u017eov\u00fd kontejner vybaven <strong data-start=\"995\" data-end=\"1018\">roletov\u00fdmi vraty<\/strong>, kter\u00e1 umo\u017e\u0148uj\u00ed plynul\u00fd a efektivn\u00ed p\u0159\u00edstup bez nutnosti dal\u0161\u00edho prostoru p\u0159ed kontejnerem. D\u00edky tomu je vhodn\u00fd zejm\u00e9na pro skladov\u00e1n\u00ed vozidel s vjezdem, d\u00edlen, motocykl\u016f, n\u00e1\u0159ad\u00ed a stroj\u016f &#8211; zejm\u00e9na v m\u00edstech s omezen\u00fdm pr\u016fjezdem. <\/p>\n<p data-start=\"1270\" data-end=\"1597\">Kontejner je vyroben z vysoce kvalitn\u00ed <strong data-start=\"1301\" data-end=\"1317\">kortenov\u00e9 oceli<\/strong> a je odoln\u00fd proti korozi a drsn\u00fdm pov\u011btrnostn\u00edm podm\u00ednk\u00e1m. V zav\u0159en\u00e9m stavu z\u016fst\u00e1v\u00e1 pln\u011b vodot\u011bsn\u00fd a v\u011btruodoln\u00fd, tak\u017ee chr\u00e1n\u00ed ulo\u017een\u00e9 p\u0159edm\u011bty p\u0159ed de\u0161t\u011bm, prachem a neopr\u00e1vn\u011bn\u00fdm p\u0159\u00edstupem. Pevn\u00e1 podlaha z lodn\u00ed p\u0159ekli\u017eky vydr\u017e\u00ed t\u011b\u017ek\u00e1 b\u0159emena a \u010dast\u00e9 ka\u017edodenn\u00ed pou\u017e\u00edv\u00e1n\u00ed.  <\/p>\n<p data-start=\"1599\" data-end=\"1865\">Tato kontejnerov\u00e1 gar\u00e1\u017e se b\u011b\u017en\u011b pou\u017e\u00edv\u00e1 v obytn\u00fdch objektech, na stavb\u00e1ch, v pr\u016fmyslov\u00fdch oblastech a na komer\u010dn\u00edch dvorech. V z\u00e1vislosti na zam\u00fd\u0161len\u00e9m pou\u017eit\u00ed ji lze d\u00e1le upravit pomoc\u00ed ventilace, elektroinstalace, osv\u011btlen\u00ed nebo izolace. <\/p>\n<hr data-start=\"1867\" data-end=\"1870\">\n<h2 data-start=\"1872\" data-end=\"1899\">Technick\u00e9 specifikace<\/h2>\n<h3 data-start=\"1901\" data-end=\"1924\">Obecn\u00e9 informace<\/h3>\n<div class=\"TyagGW_tableContainer\">\n<div class=\"group TyagGW_tableWrapper flex w-fit flex-col-reverse\" tabindex=\"-1\">\n<table class=\"w-fit min-w-(--thread-content-width)\" data-start=\"1926\" data-end=\"2346\">\n<thead data-start=\"1926\" data-end=\"1953\">\n<tr data-start=\"1926\" data-end=\"1953\">\n<th data-start=\"1926\" data-end=\"1936\" data-col-size=\"sm\">Funkce<\/th>\n<th data-start=\"1936\" data-end=\"1953\" data-col-size=\"sm\">Specifikace<\/th>\n<\/tr>\n<\/thead>\n<tbody data-start=\"1977\" data-end=\"2346\">\n<tr data-start=\"1977\" data-end=\"2019\">\n<td data-start=\"1977\" data-end=\"1994\" data-col-size=\"sm\">Typ kontejneru<\/td>\n<td data-start=\"1994\" data-end=\"2019\" data-col-size=\"sm\">20stop\u00fd gar\u00e1\u017eov\u00fd kontejner<\/td>\n<\/tr>\n<tr data-start=\"2020\" data-end=\"2050\">\n<td data-start=\"2020\" data-end=\"2032\" data-col-size=\"sm\">Stav<\/td>\n<td data-start=\"2032\" data-end=\"2050\" data-col-size=\"sm\">Nov\u00e9 \/ jednor\u00e1zov\u00e9<\/td>\n<\/tr>\n<tr data-start=\"2051\" data-end=\"2098\">\n<td data-start=\"2051\" data-end=\"2062\" data-col-size=\"sm\">Materi\u00e1l<\/td>\n<td data-start=\"2062\" data-end=\"2098\" data-col-size=\"sm\">Cortenov\u00e1 ocel (odoln\u00e1 proti pov\u011btrnostn\u00edm vliv\u016fm)<\/td>\n<\/tr>\n<tr data-start=\"2099\" data-end=\"2125\">\n<td data-start=\"2099\" data-end=\"2107\" data-col-size=\"sm\">Podlaha<\/td>\n<td data-start=\"2107\" data-end=\"2125\" data-col-size=\"sm\">N\u00e1mo\u0159n\u00ed p\u0159ekli\u017eka<\/td>\n<\/tr>\n<tr data-start=\"2126\" data-end=\"2161\">\n<td data-start=\"2126\" data-end=\"2138\" data-col-size=\"sm\">Typ dve\u0159\u00ed<\/td>\n<td data-start=\"2138\" data-end=\"2161\" data-col-size=\"sm\">Roletov\u00e1 vrata<\/td>\n<\/tr>\n<tr data-start=\"2162\" data-end=\"2213\">\n<td data-start=\"2162\" data-end=\"2179\" data-col-size=\"sm\">Ovl\u00e1d\u00e1n\u00ed dve\u0159\u00ed<\/td>\n<td data-start=\"2179\" data-end=\"2213\" data-col-size=\"sm\">Manu\u00e1ln\u00ed nebo motorizovan\u00e9 (voliteln\u011b)<\/td>\n<\/tr>\n<tr data-start=\"2214\" data-end=\"2258\">\n<td data-start=\"2214\" data-end=\"2231\" data-col-size=\"sm\">Uzamykac\u00ed syst\u00e9m<\/td>\n<td data-start=\"2231\" data-end=\"2258\" data-col-size=\"sm\">Integrovan\u00fd z\u00e1mek z\u00e1v\u011brky<\/td>\n<\/tr>\n<tr data-start=\"2259\" data-end=\"2285\">\n<td data-start=\"2259\" data-end=\"2278\" data-col-size=\"sm\">Kapsy pro vysokozdvi\u017en\u00fd voz\u00edk<\/td>\n<td data-start=\"2278\" data-end=\"2285\" data-col-size=\"sm\">Ano<\/td>\n<\/tr>\n<tr data-start=\"2286\" data-end=\"2326\">\n<td data-start=\"2286\" data-end=\"2302\" data-col-size=\"sm\">Certifikace CSC<\/td>\n<td data-start=\"2302\" data-end=\"2326\" data-col-size=\"sm\">Ano (z\u00e1kladn\u00ed kontejner)<\/td>\n<\/tr>\n<tr data-start=\"2327\" data-end=\"2346\">\n<td data-start=\"2327\" data-end=\"2339\" data-col-size=\"sm\">Stohovateln\u00e9<\/td>\n<td data-start=\"2339\" data-end=\"2346\" data-col-size=\"sm\">Ano<\/td>\n<\/tr>\n<\/tbody>\n<\/table>\n<\/div>\n<\/div>\n<hr data-start=\"2348\" data-end=\"2351\">\n<h3 data-start=\"2353\" data-end=\"2376\">Vn\u011bj\u0161\u00ed rozm\u011bry<\/h3>\n<div class=\"TyagGW_tableContainer\">\n<div class=\"group TyagGW_tableWrapper flex w-fit flex-col-reverse\" tabindex=\"-1\">\n<table class=\"w-fit min-w-(--thread-content-width)\" data-start=\"2378\" data-end=\"2482\">\n<thead data-start=\"2378\" data-end=\"2401\">\n<tr data-start=\"2378\" data-end=\"2401\">\n<th data-start=\"2378\" data-end=\"2392\" data-col-size=\"sm\">M\u011b\u0159en\u00ed<\/th>\n<th data-start=\"2392\" data-end=\"2401\" data-col-size=\"sm\">Hodnota<\/th>\n<\/tr>\n<\/thead>\n<tbody data-start=\"2418\" data-end=\"2482\">\n<tr data-start=\"2418\" data-end=\"2439\">\n<td data-start=\"2418\" data-end=\"2427\" data-col-size=\"sm\">D\u00e9lka<\/td>\n<td data-start=\"2427\" data-end=\"2439\" data-col-size=\"sm\">6 058 mm<\/td>\n<\/tr>\n<tr data-start=\"2440\" data-end=\"2460\">\n<td data-start=\"2440\" data-end=\"2448\" data-col-size=\"sm\">\u0160\u00ed\u0159ka<\/td>\n<td data-start=\"2448\" data-end=\"2460\" data-col-size=\"sm\">2 438 mm<\/td>\n<\/tr>\n<tr data-start=\"2461\" data-end=\"2482\">\n<td data-start=\"2461\" data-end=\"2470\" data-col-size=\"sm\">V\u00fd\u0161ka<\/td>\n<td data-start=\"2470\" data-end=\"2482\" data-col-size=\"sm\">2 591 mm<\/td>\n<\/tr>\n<\/tbody>\n<\/table>\n<\/div>\n<\/div>\n<hr data-start=\"2484\" data-end=\"2487\">\n<h3 data-start=\"2489\" data-end=\"2512\">Vnit\u0159n\u00ed rozm\u011bry<\/h3>\n<div class=\"TyagGW_tableContainer\">\n<div class=\"group TyagGW_tableWrapper flex w-fit flex-col-reverse\" tabindex=\"-1\">\n<table class=\"w-fit min-w-(--thread-content-width)\" data-start=\"2514\" data-end=\"2642\">\n<thead data-start=\"2514\" data-end=\"2537\">\n<tr data-start=\"2514\" data-end=\"2537\">\n<th data-start=\"2514\" data-end=\"2528\" data-col-size=\"sm\">M\u011b\u0159en\u00ed<\/th>\n<th data-start=\"2528\" data-end=\"2537\" data-col-size=\"sm\">Hodnota<\/th>\n<\/tr>\n<\/thead>\n<tbody data-start=\"2554\" data-end=\"2642\">\n<tr data-start=\"2554\" data-end=\"2583\">\n<td data-start=\"2554\" data-end=\"2563\" data-col-size=\"sm\">D\u00e9lka<\/td>\n<td data-start=\"2563\" data-end=\"2583\" data-col-size=\"sm\">P\u0159ibli\u017en\u011b 5 898 mm<\/td>\n<\/tr>\n<tr data-start=\"2584\" data-end=\"2612\">\n<td data-start=\"2584\" data-end=\"2592\" data-col-size=\"sm\">\u0160\u00ed\u0159ka<\/td>\n<td data-start=\"2592\" data-end=\"2612\" data-col-size=\"sm\">P\u0159ibli\u017en\u011b 2 352 mm<\/td>\n<\/tr>\n<tr data-start=\"2613\" data-end=\"2642\">\n<td data-start=\"2613\" data-end=\"2622\" data-col-size=\"sm\">V\u00fd\u0161ka<\/td>\n<td data-start=\"2622\" data-end=\"2642\" data-col-size=\"sm\">P\u0159ibli\u017en\u011b 2 393 mm<\/td>\n<\/tr>\n<\/tbody>\n<\/table>\n<\/div>\n<\/div>\n<hr data-start=\"2644\" data-end=\"2647\">\n<h3 data-start=\"2649\" data-end=\"2677\">Rozm\u011bry dve\u0159\u00ed a p\u0159\u00edstup<\/h3>\n<div class=\"TyagGW_tableContainer\">\n<div class=\"group TyagGW_tableWrapper flex w-fit flex-col-reverse\" tabindex=\"-1\">\n<table class=\"w-fit min-w-(--thread-content-width)\" data-start=\"2679\" data-end=\"2909\">\n<thead data-start=\"2679\" data-end=\"2704\">\n<tr data-start=\"2679\" data-end=\"2704\">\n<th data-start=\"2679\" data-end=\"2689\" data-col-size=\"sm\">Funkce<\/th>\n<th data-start=\"2689\" data-end=\"2704\" data-col-size=\"sm\">M\u011b\u0159en\u00ed<\/th>\n<\/tr>\n<\/thead>\n<tbody data-start=\"2726\" data-end=\"2909\">\n<tr data-start=\"2726\" data-end=\"2777\">\n<td data-start=\"2726\" data-end=\"2757\" data-col-size=\"sm\">\u0160\u00ed\u0159ka otev\u0159en\u00ed rolet<\/td>\n<td data-start=\"2757\" data-end=\"2777\" data-col-size=\"sm\">P\u0159ibli\u017en\u011b 2 300 mm<\/td>\n<\/tr>\n<tr data-start=\"2778\" data-end=\"2830\">\n<td data-start=\"2778\" data-end=\"2810\" data-col-size=\"sm\">V\u00fd\u0161ka otev\u0159en\u00ed rolet<\/td>\n<td data-start=\"2810\" data-end=\"2830\" data-col-size=\"sm\">P\u0159ibli\u017en\u011b 2 200 mm<\/td>\n<\/tr>\n<tr data-start=\"2831\" data-end=\"2861\">\n<td data-start=\"2831\" data-end=\"2845\" data-col-size=\"sm\">Typ p\u0159\u00edstupu<\/td>\n<td data-start=\"2845\" data-end=\"2861\" data-col-size=\"sm\">P\u0159\u00edstup zep\u0159edu<\/td>\n<\/tr>\n<tr data-start=\"2862\" data-end=\"2909\">\n<td data-start=\"2862\" data-end=\"2882\" data-col-size=\"sm\">Po\u017eadavek na prostor<\/td>\n<td data-start=\"2882\" data-end=\"2909\" data-col-size=\"sm\">Minim\u00e1ln\u00ed voln\u00fd prostor vp\u0159edu<\/td>\n<\/tr>\n<\/tbody>\n<\/table>\n<\/div>\n<\/div>\n<hr data-start=\"2911\" data-end=\"2914\">\n<h3 data-start=\"2916\" data-end=\"2937\">Hmotnost a kapacita<\/h3>\n<div class=\"TyagGW_tableContainer\">\n<div class=\"group TyagGW_tableWrapper flex w-fit flex-col-reverse\" tabindex=\"-1\">\n<table class=\"w-fit min-w-(--thread-content-width)\" data-start=\"2939\" data-end=\"3150\">\n<thead data-start=\"2939\" data-end=\"2966\">\n<tr data-start=\"2939\" data-end=\"2966\">\n<th data-start=\"2939\" data-end=\"2949\" data-col-size=\"sm\">Funkce<\/th>\n<th data-start=\"2949\" data-end=\"2966\" data-col-size=\"sm\">Specifikace<\/th>\n<\/tr>\n<\/thead>\n<tbody data-start=\"2990\" data-end=\"3150\">\n<tr data-start=\"2990\" data-end=\"3035\">\n<td data-start=\"2990\" data-end=\"3004\" data-col-size=\"sm\">T\u00e1rovac\u00ed hmotnost<\/td>\n<td data-start=\"3004\" data-end=\"3035\" data-col-size=\"sm\">P\u0159ibli\u017en\u011b 2 800 kg (upraveno)<\/td>\n<\/tr>\n<tr data-start=\"3036\" data-end=\"3075\">\n<td data-start=\"3036\" data-end=\"3054\" data-col-size=\"sm\">Maxim\u00e1ln\u00ed u\u017eite\u010dn\u00e9 zat\u00ed\u017een\u00ed<\/td>\n<td data-start=\"3054\" data-end=\"3075\" data-col-size=\"sm\">P\u0159ibli\u017en\u011b 29 700 kg<\/td>\n<\/tr>\n<tr data-start=\"3076\" data-end=\"3112\">\n<td data-start=\"3076\" data-end=\"3099\" data-col-size=\"sm\">Maxim\u00e1ln\u00ed celkov\u00e1 hmotnost<\/td>\n<td data-start=\"3099\" data-end=\"3112\" data-col-size=\"sm\">32 500 kg<\/td>\n<\/tr>\n<tr data-start=\"3113\" data-end=\"3150\">\n<td data-start=\"3113\" data-end=\"3131\" data-col-size=\"sm\">Vnit\u0159n\u00ed objem<\/td>\n<td data-start=\"3131\" data-end=\"3150\" data-col-size=\"sm\">P\u0159ibli\u017en\u011b 33,2 m\u00b3<\/td>\n<\/tr>\n<\/tbody>\n<\/table>\n<\/div>\n<\/div>\n","protected":false},"excerpt":{"rendered":"<p>20stop\u00fd gar\u00e1\u017eov\u00fd kontejner s roletov\u00fdmi vraty je kontejner ur\u010den\u00fd k bezpe\u010dn\u00e9mu uskladn\u011bn\u00ed vozidel a vybaven\u00ed. D\u00edky prostorov\u011b \u00fasporn\u00fdm roletov\u00fdm vrat\u016fm nab\u00edz\u00ed snadn\u00fd p\u0159\u00edstup, ochranu p\u0159ed pov\u011btrnostn\u00edmi vlivy a odolnou ocelovou konstrukci pro ka\u017edodenn\u00ed pou\u017e\u00edv\u00e1n\u00ed. <\/p>\n","protected":false},"featured_media":551,"comment_status":"open","ping_status":"closed","template":"","meta":{"_kad_blocks_custom_css":"","_kad_blocks_head_custom_js":"","_kad_blocks_body_custom_js":"","_kad_blocks_footer_custom_js":"","_kad_post_transparent":"","_kad_post_title":"","_kad_post_layout":"","_kad_post_sidebar_id":"","_kad_post_content_style":"","_kad_post_vertical_padding":"","_kad_post_feature":"","_kad_post_feature_position":"","_kad_post_header":false,"_kad_post_footer":false,"_kad_post_classname":""},"product_brand":[],"product_cat":[440,476],"product_tag":[],"product_brands":[315],"class_list":{"0":"post-2861","1":"product","2":"type-product","3":"status-publish","4":"has-post-thumbnail","6":"product_cat-20ft-kontejner","7":"product_cat-kontejnerova-garaz","8":"pa_container-condition-novy-jednorazovy","9":"pa_container-type-garazovy-kontejner","10":"pa_contanier-size-20-stop","11":"product_brands-barcelona-espana","13":"first","14":"instock","15":"sale","16":"taxable","17":"shipping-taxable","18":"purchasable","19":"product-type-simple","20":"entry","21":"content-bg","22":"loop-entry"},"taxonomy_info":{"product_cat":[{"value":440,"label":"20ft Kontejner"},{"value":476,"label":"Kontejnerov\u00e1 gar\u00e1\u017e"}],"pa_container-condition":[{"value":405,"label":"Nov\u00fd (jednor\u00e1zov\u00fd)"}],"pa_container-type":[{"value":475,"label":"Gar\u00e1\u017eov\u00fd kontejner"}],"pa_contanier-size":[{"value":448,"label":"20 stop"}],"product_brands":[{"value":315,"label":"Barcelona, Espa\u00f1a"}]},"featured_image_src_large":["https:\/\/olborglogistics.com\/wp-content\/uploads\/2025\/12\/20ft-contanier-garage-with-roller-shutter-doors.jpg",1021,766,false],"author_info":[],"comment_info":0,"_links":{"self":[{"href":"https:\/\/olborglogistics.com\/cs\/wp-json\/wp\/v2\/product\/2861","targetHints":{"allow":["GET"]}}],"collection":[{"href":"https:\/\/olborglogistics.com\/cs\/wp-json\/wp\/v2\/product"}],"about":[{"href":"https:\/\/olborglogistics.com\/cs\/wp-json\/wp\/v2\/types\/product"}],"replies":[{"embeddable":true,"href":"https:\/\/olborglogistics.com\/cs\/wp-json\/wp\/v2\/comments?post=2861"}],"wp:featuredmedia":[{"embeddable":true,"href":"https:\/\/olborglogistics.com\/cs\/wp-json\/wp\/v2\/media\/551"}],"wp:attachment":[{"href":"https:\/\/olborglogistics.com\/cs\/wp-json\/wp\/v2\/media?parent=2861"}],"wp:term":[{"taxonomy":"product_brand","embeddable":true,"href":"https:\/\/olborglogistics.com\/cs\/wp-json\/wp\/v2\/product_brand?post=2861"},{"taxonomy":"product_cat","embeddable":true,"href":"https:\/\/olborglogistics.com\/cs\/wp-json\/wp\/v2\/product_cat?post=2861"},{"taxonomy":"product_tag","embeddable":true,"href":"https:\/\/olborglogistics.com\/cs\/wp-json\/wp\/v2\/product_tag?post=2861"},{"taxonomy":"product_brands","embeddable":true,"href":"https:\/\/olborglogistics.com\/cs\/wp-json\/wp\/v2\/product_brands?post=2861"}],"curies":[{"name":"wp","href":"https:\/\/api.w.org\/{rel}","templated":true}]}}