{"id":2845,"date":"2025-12-22T09:41:31","date_gmt":"2025-12-22T09:41:31","guid":{"rendered":"https:\/\/olborglogistics.com\/product\/40-stop-vysoky-kontejner-cube-s-otevrenymi-boky-antracitove-sedy\/"},"modified":"2025-12-22T09:41:31","modified_gmt":"2025-12-22T09:41:31","slug":"40-stop-vysoky-kontejner-cube-s-otevrenymi-boky-antracitove-sedy","status":"publish","type":"product","link":"https:\/\/olborglogistics.com\/cs\/produkt\/40-stop-vysoky-kontejner-cube-s-otevrenymi-boky-antracitove-sedy\/","title":{"rendered":"40 stop vysok\u00fd kontejner Cube s otev\u0159en\u00fdmi boky antracitov\u011b \u0161ed\u00fd"},"content":{"rendered":"<div class=\"text-base my-auto mx-auto pb-10 [--thread-content-margin:--spacing(4)] @w-sm\/main:[--thread-content-margin:--spacing(6)] @w-lg\/main:[--thread-content-margin:--spacing(16)] px-(--thread-content-margin)\">\n<div class=\"[--thread-content-max-width:40rem] @w-lg\/main:[--thread-content-max-width:48rem] mx-auto max-w-(--thread-content-max-width) flex-1 group\/turn-messages focus-visible:outline-hidden relative flex w-full min-w-0 flex-col agent-turn\" tabindex=\"-1\">\n<div class=\"flex max-w-full flex-col grow\">\n<div class=\"min-h-8 text-message relative flex w-full flex-col items-end gap-2 text-start break-words whitespace-normal [.text-message+&amp;]:mt-1\" dir=\"auto\" data-message-author-role=\"assistant\" data-message-id=\"7952f9df-5ffb-4c0b-b9a6-67de2bc2006e\" data-message-model-slug=\"gpt-5-2\">\n<div class=\"flex w-full flex-col gap-1 empty:hidden first:pt-[1px]\">\n<div class=\"markdown prose dark:prose-invert w-full break-words dark markdown-new-styling\">\n<p data-start=\"0\" data-end=\"235\"><strong data-start=\"583\" data-end=\"659\">40ft High Cube Open Side Shipping Container &#8211; Anthracite Grey (One-Trip<\/strong> ) je velkokapacitn\u00ed kontejner ur\u010den\u00fd pro profesion\u00e1ln\u00ed a pr\u016fmyslov\u00e9 aplikace, kde je d\u016fle\u017eit\u00fd <strong data-start=\"749\" data-end=\"782\">prostor, p\u0159\u00edstup a odolnost<\/strong>. D\u00edky sv\u00e9 prodlou\u017een\u00e9 d\u00e9lce, zv\u00fd\u0161en\u00e9 v\u00fd\u0161ce a pln\u00fdm dve\u0159\u00edm s bo\u010dn\u00edm otev\u00edr\u00e1n\u00edm umo\u017e\u0148uje tento kontejner snadn\u00e9 nakl\u00e1d\u00e1n\u00ed nadrozm\u011brn\u00e9ho, dlouh\u00e9ho nebo paletov\u00e9ho zbo\u017e\u00ed. <\/p>\n<p data-start=\"954\" data-end=\"1315\">Jako <strong data-start=\"959\" data-end=\"981\">kontejner pro jednu cestu<\/strong> byl pou\u017eit pouze jednou pro mezin\u00e1rodn\u00ed p\u0159epravu n\u00e1kladu a je ve vynikaj\u00edc\u00edm, t\u00e9m\u011b\u0159 nov\u00e9m stavu. Je vyroben z robustn\u00ed <strong data-start=\"1115\" data-end=\"1131\">kortenov\u00e9 oceli<\/strong>, tak\u017ee je mimo\u0159\u00e1dn\u011b odoln\u00fd v\u016f\u010di korozi a drsn\u00fdm pov\u011btrnostn\u00edm podm\u00ednk\u00e1m. V zav\u0159en\u00e9m stavu je kontejner pln\u011b vodot\u011bsn\u00fd a odoln\u00fd proti v\u011btru, co\u017e zaji\u0161\u0165uje spolehlivou ochranu ulo\u017een\u00e9ho zbo\u017e\u00ed.  <\/p>\n<p data-start=\"1317\" data-end=\"1637\"><strong data-start=\"1321\" data-end=\"1341\">Konstrukce High Cube<\/strong> poskytuje dodate\u010dnou vnit\u0159n\u00ed v\u00fd\u0161ku, tak\u017ee je vhodn\u00e1 pro vysok\u00e9 vybaven\u00ed, reg\u00e1lov\u00e9 syst\u00e9my a slo\u017eit\u00e9 p\u0159estavby kontejner\u016f. <strong data-start=\"1475\" data-end=\"1502\">Otev\u0159en\u00e1 bo\u010dn\u00ed konfigurace<\/strong> umo\u017e\u0148uje p\u0159\u00edstup vysokozdvi\u017en\u00e9ho voz\u00edku po cel\u00e9 d\u00e9lce kontejneru, co\u017e v\u00fdrazn\u011b zvy\u0161uje efektivitu nakl\u00e1d\u00e1n\u00ed ve srovn\u00e1n\u00ed se standardn\u00edmi kontejnery. <\/p>\n<p data-start=\"1639\" data-end=\"1892\">Tento kontejner s povrchovou \u00fapravou v <strong data-start=\"1651\" data-end=\"1681\">antracitov\u011b \u0161ed\u00e9 barv\u011b (RAL 7016<\/strong>) nab\u00edz\u00ed modern\u00ed, profesion\u00e1ln\u00ed vzhled, tak\u017ee je vhodn\u00fd zejm\u00e9na pro viditeln\u00e9 instalace, jako jsou komer\u010dn\u00ed are\u00e1ly, logistick\u00e1 centra, d\u00edlny a maloobchodn\u00ed nebo technick\u00e9 kontejnerov\u00e9 projekty.<\/p>\n<hr data-start=\"1894\" data-end=\"1897\">\n<h2 data-start=\"1899\" data-end=\"1926\">Technick\u00e9 specifikace<\/h2>\n<h3 data-start=\"1928\" data-end=\"1951\">Obecn\u00e9 informace<\/h3>\n<div class=\"TyagGW_tableContainer\">\n<div class=\"group TyagGW_tableWrapper flex w-fit flex-col-reverse\" tabindex=\"-1\">\n<table class=\"w-fit min-w-(--thread-content-width)\" data-start=\"1953\" data-end=\"2365\">\n<thead data-start=\"1953\" data-end=\"1980\">\n<tr data-start=\"1953\" data-end=\"1980\">\n<th data-start=\"1953\" data-end=\"1963\" data-col-size=\"sm\">Funkce<\/th>\n<th data-start=\"1963\" data-end=\"1980\" data-col-size=\"md\">Specifikace<\/th>\n<\/tr>\n<\/thead>\n<tbody data-start=\"2004\" data-end=\"2365\">\n<tr data-start=\"2004\" data-end=\"2049\">\n<td data-start=\"2004\" data-end=\"2021\" data-col-size=\"sm\">Typ kontejneru<\/td>\n<td data-start=\"2021\" data-end=\"2049\" data-col-size=\"md\">40 stop vysok\u00e1 kostka s otev\u0159enou bo\u010dnic\u00ed<\/td>\n<\/tr>\n<tr data-start=\"2050\" data-end=\"2080\">\n<td data-start=\"2050\" data-end=\"2062\" data-col-size=\"sm\">Stav<\/td>\n<td data-start=\"2062\" data-end=\"2080\" data-col-size=\"md\">Nov\u00e9 \/ jednor\u00e1zov\u00e9<\/td>\n<\/tr>\n<tr data-start=\"2081\" data-end=\"2120\">\n<td data-start=\"2081\" data-end=\"2090\" data-col-size=\"sm\">Barva<\/td>\n<td data-start=\"2090\" data-end=\"2120\" data-col-size=\"md\">Antracitov\u011b \u0161ed\u00e1 (RAL 7016)<\/td>\n<\/tr>\n<tr data-start=\"2121\" data-end=\"2168\">\n<td data-start=\"2121\" data-end=\"2132\" data-col-size=\"sm\">Materi\u00e1l<\/td>\n<td data-start=\"2132\" data-end=\"2168\" data-col-size=\"md\">Cortenov\u00e1 ocel (odoln\u00e1 proti pov\u011btrnostn\u00edm vliv\u016fm)<\/td>\n<\/tr>\n<tr data-start=\"2169\" data-end=\"2195\">\n<td data-start=\"2169\" data-end=\"2177\" data-col-size=\"sm\">Podlaha<\/td>\n<td data-start=\"2177\" data-end=\"2195\" data-col-size=\"md\">N\u00e1mo\u0159n\u00ed p\u0159ekli\u017eka<\/td>\n<\/tr>\n<tr data-start=\"2196\" data-end=\"2249\">\n<td data-start=\"2196\" data-end=\"2204\" data-col-size=\"sm\">Dve\u0159e<\/td>\n<td data-start=\"2204\" data-end=\"2249\" data-col-size=\"md\">Bo\u010dn\u00ed dve\u0159e po cel\u00e9 d\u00e9lce + zadn\u00ed n\u00e1kladov\u00e9 dve\u0159e<\/td>\n<\/tr>\n<tr data-start=\"2250\" data-end=\"2294\">\n<td data-start=\"2250\" data-end=\"2267\" data-col-size=\"sm\">Uzamykac\u00ed syst\u00e9m<\/td>\n<td data-start=\"2267\" data-end=\"2294\" data-col-size=\"md\">Siln\u00e9 uzamykac\u00ed ty\u010de<\/td>\n<\/tr>\n<tr data-start=\"2295\" data-end=\"2321\">\n<td data-start=\"2295\" data-end=\"2314\" data-col-size=\"sm\">Kapsy pro vysokozdvi\u017en\u00fd voz\u00edk<\/td>\n<td data-start=\"2314\" data-end=\"2321\" data-col-size=\"md\">Ano<\/td>\n<\/tr>\n<tr data-start=\"2322\" data-end=\"2345\">\n<td data-start=\"2322\" data-end=\"2338\" data-col-size=\"sm\">Certifikace CSC<\/td>\n<td data-start=\"2338\" data-end=\"2345\" data-col-size=\"md\">Ano<\/td>\n<\/tr>\n<tr data-start=\"2346\" data-end=\"2365\">\n<td data-start=\"2346\" data-end=\"2358\" data-col-size=\"sm\">Stohovateln\u00e9<\/td>\n<td data-start=\"2358\" data-end=\"2365\" data-col-size=\"md\">Ano<\/td>\n<\/tr>\n<\/tbody>\n<\/table>\n<\/div>\n<\/div>\n<hr data-start=\"2367\" data-end=\"2370\">\n<h3 data-start=\"2372\" data-end=\"2395\">Vn\u011bj\u0161\u00ed rozm\u011bry<\/h3>\n<div class=\"TyagGW_tableContainer\">\n<div class=\"group TyagGW_tableWrapper flex w-fit flex-col-reverse\" tabindex=\"-1\">\n<table class=\"w-fit min-w-(--thread-content-width)\" data-start=\"2397\" data-end=\"2502\">\n<thead data-start=\"2397\" data-end=\"2420\">\n<tr data-start=\"2397\" data-end=\"2420\">\n<th data-start=\"2397\" data-end=\"2411\" data-col-size=\"sm\">M\u011b\u0159en\u00ed<\/th>\n<th data-start=\"2411\" data-end=\"2420\" data-col-size=\"sm\">Hodnota<\/th>\n<\/tr>\n<\/thead>\n<tbody data-start=\"2437\" data-end=\"2502\">\n<tr data-start=\"2437\" data-end=\"2459\">\n<td data-start=\"2437\" data-end=\"2446\" data-col-size=\"sm\">D\u00e9lka<\/td>\n<td data-start=\"2446\" data-end=\"2459\" data-col-size=\"sm\">12 192 mm<\/td>\n<\/tr>\n<tr data-start=\"2460\" data-end=\"2480\">\n<td data-start=\"2460\" data-end=\"2468\" data-col-size=\"sm\">\u0160\u00ed\u0159ka<\/td>\n<td data-start=\"2468\" data-end=\"2480\" data-col-size=\"sm\">2 438 mm<\/td>\n<\/tr>\n<tr data-start=\"2481\" data-end=\"2502\">\n<td data-start=\"2481\" data-end=\"2490\" data-col-size=\"sm\">V\u00fd\u0161ka<\/td>\n<td data-start=\"2490\" data-end=\"2502\" data-col-size=\"sm\">2 896 mm<\/td>\n<\/tr>\n<\/tbody>\n<\/table>\n<\/div>\n<\/div>\n<hr data-start=\"2504\" data-end=\"2507\">\n<h3 data-start=\"2509\" data-end=\"2532\">Vnit\u0159n\u00ed rozm\u011bry<\/h3>\n<div class=\"TyagGW_tableContainer\">\n<div class=\"group TyagGW_tableWrapper flex w-fit flex-col-reverse\" tabindex=\"-1\">\n<table class=\"w-fit min-w-(--thread-content-width)\" data-start=\"2534\" data-end=\"2663\">\n<thead data-start=\"2534\" data-end=\"2557\">\n<tr data-start=\"2534\" data-end=\"2557\">\n<th data-start=\"2534\" data-end=\"2548\" data-col-size=\"sm\">M\u011b\u0159en\u00ed<\/th>\n<th data-start=\"2548\" data-end=\"2557\" data-col-size=\"sm\">Hodnota<\/th>\n<\/tr>\n<\/thead>\n<tbody data-start=\"2574\" data-end=\"2663\">\n<tr data-start=\"2574\" data-end=\"2604\">\n<td data-start=\"2574\" data-end=\"2583\" data-col-size=\"sm\">D\u00e9lka<\/td>\n<td data-start=\"2583\" data-end=\"2604\" data-col-size=\"sm\">P\u0159ibli\u017en\u011b 12 032 mm<\/td>\n<\/tr>\n<tr data-start=\"2605\" data-end=\"2633\">\n<td data-start=\"2605\" data-end=\"2613\" data-col-size=\"sm\">\u0160\u00ed\u0159ka<\/td>\n<td data-start=\"2613\" data-end=\"2633\" data-col-size=\"sm\">P\u0159ibli\u017en\u011b 2 352 mm<\/td>\n<\/tr>\n<tr data-start=\"2634\" data-end=\"2663\">\n<td data-start=\"2634\" data-end=\"2643\" data-col-size=\"sm\">V\u00fd\u0161ka<\/td>\n<td data-start=\"2643\" data-end=\"2663\" data-col-size=\"sm\">P\u0159ibli\u017en\u011b 2 698 mm<\/td>\n<\/tr>\n<\/tbody>\n<\/table>\n<\/div>\n<\/div>\n<hr data-start=\"2665\" data-end=\"2668\">\n<h3 data-start=\"2670\" data-end=\"2698\">Rozm\u011bry dve\u0159\u00ed a p\u0159\u00edstup<\/h3>\n<div class=\"TyagGW_tableContainer\">\n<div class=\"group TyagGW_tableWrapper flex w-fit flex-col-reverse\" tabindex=\"-1\">\n<table class=\"w-fit min-w-(--thread-content-width)\" data-start=\"2700\" data-end=\"2923\">\n<thead data-start=\"2700\" data-end=\"2725\">\n<tr data-start=\"2700\" data-end=\"2725\">\n<th data-start=\"2700\" data-end=\"2710\" data-col-size=\"sm\">Funkce<\/th>\n<th data-start=\"2710\" data-end=\"2725\" data-col-size=\"sm\">M\u011b\u0159en\u00ed<\/th>\n<\/tr>\n<\/thead>\n<tbody data-start=\"2747\" data-end=\"2923\">\n<tr data-start=\"2747\" data-end=\"2792\">\n<td data-start=\"2747\" data-end=\"2767\" data-col-size=\"sm\">Otev\u00edr\u00e1n\u00ed bo\u010dn\u00edch dve\u0159\u00ed<\/td>\n<td data-start=\"2767\" data-end=\"2792\" data-col-size=\"sm\">Cel\u00e1 d\u00e9lka kontejneru<\/td>\n<\/tr>\n<tr data-start=\"2793\" data-end=\"2839\">\n<td data-start=\"2793\" data-end=\"2819\" data-col-size=\"sm\">\u0160\u00ed\u0159ka otev\u0159en\u00ed zadn\u00edch dve\u0159\u00ed<\/td>\n<td data-start=\"2819\" data-end=\"2839\" data-col-size=\"sm\">P\u0159ibli\u017en\u011b 2 343 mm<\/td>\n<\/tr>\n<tr data-start=\"2840\" data-end=\"2887\">\n<td data-start=\"2840\" data-end=\"2867\" data-col-size=\"sm\">V\u00fd\u0161ka otev\u0159en\u00ed zadn\u00edch dve\u0159\u00ed<\/td>\n<td data-start=\"2867\" data-end=\"2887\" data-col-size=\"sm\">P\u0159ibli\u017en\u011b 2 585 mm<\/td>\n<\/tr>\n<tr data-start=\"2888\" data-end=\"2923\">\n<td data-start=\"2888\" data-end=\"2909\" data-col-size=\"sm\">\u00dahel otev\u0159en\u00ed dve\u0159\u00ed<\/td>\n<td data-start=\"2909\" data-end=\"2923\" data-col-size=\"sm\">A\u017e 270\u00b0<\/td>\n<\/tr>\n<\/tbody>\n<\/table>\n<\/div>\n<\/div>\n<hr data-start=\"2925\" data-end=\"2928\">\n<h3 data-start=\"2930\" data-end=\"2967\">Rozm\u011bry &#8211; zav\u0159en\u00e9 a otev\u0159en\u00e9 dve\u0159e<\/h3>\n<div class=\"TyagGW_tableContainer\">\n<div class=\"group TyagGW_tableWrapper flex w-fit flex-col-reverse\" tabindex=\"-1\">\n<table class=\"w-fit min-w-(--thread-content-width)\" data-start=\"2969\" data-end=\"3217\">\n<thead data-start=\"2969\" data-end=\"2998\">\n<tr data-start=\"2969\" data-end=\"2998\">\n<th data-start=\"2969\" data-end=\"2985\" data-col-size=\"sm\">Konfigurace<\/th>\n<th data-start=\"2985\" data-end=\"2998\" data-col-size=\"sm\">Rozm\u011br<\/th>\n<\/tr>\n<\/thead>\n<tbody data-start=\"3020\" data-end=\"3217\">\n<tr data-start=\"3020\" data-end=\"3063\">\n<td data-start=\"3020\" data-end=\"3050\" data-col-size=\"sm\">Celkov\u00e1 d\u00e9lka (zav\u0159en\u00e9 dve\u0159e)<\/td>\n<td data-start=\"3050\" data-end=\"3063\" data-col-size=\"sm\">12 192 mm<\/td>\n<\/tr>\n<tr data-start=\"3064\" data-end=\"3128\">\n<td data-start=\"3064\" data-end=\"3103\" data-col-size=\"sm\">Po\u017eadovan\u00fd bo\u010dn\u00ed odstup (otev\u0159en\u00e9 dve\u0159e)<\/td>\n<td data-start=\"3103\" data-end=\"3128\" data-col-size=\"sm\">Cel\u00e1 d\u00e9lka kontejneru<\/td>\n<\/tr>\n<tr data-start=\"3129\" data-end=\"3184\">\n<td data-start=\"3129\" data-end=\"3164\" data-col-size=\"sm\">Zadn\u00ed sv\u011btl\u00e1 v\u00fd\u0161ka (dve\u0159e otev\u0159en\u00e9 v \u00fahlu 270\u00b0)<\/td>\n<td data-start=\"3164\" data-end=\"3184\" data-col-size=\"sm\">P\u0159ibli\u017en\u011b 1 200 mm<\/td>\n<\/tr>\n<tr data-start=\"3185\" data-end=\"3217\">\n<td data-start=\"3185\" data-end=\"3202\" data-col-size=\"sm\">Mo\u017enosti p\u0159\u00edstupu<\/td>\n<td data-start=\"3202\" data-end=\"3217\" data-col-size=\"sm\">Bo\u010dn\u00ed a zadn\u00ed<\/td>\n<\/tr>\n<\/tbody>\n<\/table>\n<\/div>\n<\/div>\n<hr data-start=\"3219\" data-end=\"3222\">\n<h3 data-start=\"3224\" data-end=\"3245\">Hmotnost a kapacita<\/h3>\n<div class=\"TyagGW_tableContainer\">\n<div class=\"group TyagGW_tableWrapper flex w-fit flex-col-reverse\" tabindex=\"-1\">\n<table class=\"w-fit min-w-(--thread-content-width)\" data-start=\"3247\" data-end=\"3505\">\n<thead data-start=\"3247\" data-end=\"3274\">\n<tr data-start=\"3247\" data-end=\"3274\">\n<th data-start=\"3247\" data-end=\"3257\" data-col-size=\"sm\">Funkce<\/th>\n<th data-start=\"3257\" data-end=\"3274\" data-col-size=\"sm\">Specifikace<\/th>\n<\/tr>\n<\/thead>\n<tbody data-start=\"3298\" data-end=\"3505\">\n<tr data-start=\"3298\" data-end=\"3332\">\n<td data-start=\"3298\" data-end=\"3312\" data-col-size=\"sm\">T\u00e1rovac\u00ed hmotnost<\/td>\n<td data-start=\"3312\" data-end=\"3332\" data-col-size=\"sm\">P\u0159ibli\u017en\u011b 4 800 kg<\/td>\n<\/tr>\n<tr data-start=\"3333\" data-end=\"3372\">\n<td data-start=\"3333\" data-end=\"3351\" data-col-size=\"sm\">Maxim\u00e1ln\u00ed u\u017eite\u010dn\u00e9 zat\u00ed\u017een\u00ed<\/td>\n<td data-start=\"3351\" data-end=\"3372\" data-col-size=\"sm\">P\u0159ibli\u017en\u011b 27 700 kg<\/td>\n<\/tr>\n<tr data-start=\"3373\" data-end=\"3409\">\n<td data-start=\"3373\" data-end=\"3396\" data-col-size=\"sm\">Maxim\u00e1ln\u00ed celkov\u00e1 hmotnost<\/td>\n<td data-start=\"3396\" data-end=\"3409\" data-col-size=\"sm\">32 500 kg<\/td>\n<\/tr>\n<tr data-start=\"3410\" data-end=\"3447\">\n<td data-start=\"3410\" data-end=\"3428\" data-col-size=\"sm\">Vnit\u0159n\u00ed objem<\/td>\n<td data-start=\"3428\" data-end=\"3447\" data-col-size=\"sm\">P\u0159ibli\u017en\u011b 76,4 m\u00b3<\/td>\n<\/tr>\n<tr data-start=\"3448\" data-end=\"3505\">\n<td data-start=\"3448\" data-end=\"3471\" data-col-size=\"sm\">Kapacita europalet<\/td>\n<td data-start=\"3471\" data-end=\"3505\" data-col-size=\"sm\">A\u017e 25 palet (s bo\u010dn\u00edm zat\u00ed\u017een\u00edm)<\/td>\n<\/tr>\n<\/tbody>\n<\/table>\n<\/div>\n<\/div>\n<\/div>\n<\/div>\n<\/div>\n<\/div>\n<\/div>\n<\/div>\n","protected":false},"excerpt":{"rendered":"<p>N\u00e1\u0161 40stop\u00fd p\u0159epravn\u00ed kontejner Cube Open Side v antracitov\u011b \u0161ed\u00e9 barv\u011b nab\u00edz\u00ed maxim\u00e1ln\u00ed vnit\u0159n\u00ed objem s bo\u010dn\u00edm p\u0159\u00edstupem po cel\u00e9 d\u00e9lce. V nov\u00e9m stavu pro jednu j\u00edzdu je ide\u00e1ln\u00ed pro velkokapacitn\u00ed skladov\u00e1n\u00ed, logistiku, d\u00edlny a projekty p\u0159estavby kontejner\u016f, kter\u00e9 vy\u017eaduj\u00ed jak prostor, tak p\u0159\u00edstupnost. <\/p>\n","protected":false},"featured_media":536,"comment_status":"open","ping_status":"closed","template":"","meta":{"_kad_blocks_custom_css":"","_kad_blocks_head_custom_js":"","_kad_blocks_body_custom_js":"","_kad_blocks_footer_custom_js":"","_kad_post_transparent":"","_kad_post_title":"","_kad_post_layout":"","_kad_post_sidebar_id":"","_kad_post_content_style":"","_kad_post_vertical_padding":"","_kad_post_feature":"","_kad_post_feature_position":"","_kad_post_header":false,"_kad_post_footer":false,"_kad_post_classname":""},"product_brand":[],"product_cat":[473,472],"product_tag":[],"product_brands":[311],"class_list":{"0":"post-2845","1":"product","2":"type-product","3":"status-publish","4":"has-post-thumbnail","6":"product_cat-40ft-kontejner","7":"product_cat-kontejnery-s-bocnim-oteviranim","8":"pa_container-condition-novy-jednorazovy","9":"pa_container-type-otevreny-bocni-kontejner","10":"pa_contanier-size-40-stop-vysoka-kostka","11":"product_brands-swiety-marcin-poland","13":"first","14":"instock","15":"sale","16":"taxable","17":"shipping-taxable","18":"purchasable","19":"product-type-simple","20":"entry","21":"content-bg","22":"loop-entry"},"taxonomy_info":{"product_cat":[{"value":473,"label":"40ft Kontejner"},{"value":472,"label":"Kontejnery s bo\u010dn\u00edm otev\u00edr\u00e1n\u00edm"}],"pa_container-condition":[{"value":405,"label":"Nov\u00fd (jednor\u00e1zov\u00fd)"}],"pa_container-type":[{"value":468,"label":"Otev\u0159en\u00fd bo\u010dn\u00ed kontejner"}],"pa_contanier-size":[{"value":469,"label":"40 stop vysok\u00e1 kostka"}],"product_brands":[{"value":311,"label":"\u015awi\u0119ty Marcin, Poland"}]},"featured_image_src_large":["https:\/\/olborglogistics.com\/wp-content\/uploads\/2025\/12\/40FT-high-cube-container-mit-offener-seite-RAL-7016.jpg",1021,766,false],"author_info":[],"comment_info":0,"_links":{"self":[{"href":"https:\/\/olborglogistics.com\/cs\/wp-json\/wp\/v2\/product\/2845","targetHints":{"allow":["GET"]}}],"collection":[{"href":"https:\/\/olborglogistics.com\/cs\/wp-json\/wp\/v2\/product"}],"about":[{"href":"https:\/\/olborglogistics.com\/cs\/wp-json\/wp\/v2\/types\/product"}],"replies":[{"embeddable":true,"href":"https:\/\/olborglogistics.com\/cs\/wp-json\/wp\/v2\/comments?post=2845"}],"wp:featuredmedia":[{"embeddable":true,"href":"https:\/\/olborglogistics.com\/cs\/wp-json\/wp\/v2\/media\/536"}],"wp:attachment":[{"href":"https:\/\/olborglogistics.com\/cs\/wp-json\/wp\/v2\/media?parent=2845"}],"wp:term":[{"taxonomy":"product_brand","embeddable":true,"href":"https:\/\/olborglogistics.com\/cs\/wp-json\/wp\/v2\/product_brand?post=2845"},{"taxonomy":"product_cat","embeddable":true,"href":"https:\/\/olborglogistics.com\/cs\/wp-json\/wp\/v2\/product_cat?post=2845"},{"taxonomy":"product_tag","embeddable":true,"href":"https:\/\/olborglogistics.com\/cs\/wp-json\/wp\/v2\/product_tag?post=2845"},{"taxonomy":"product_brands","embeddable":true,"href":"https:\/\/olborglogistics.com\/cs\/wp-json\/wp\/v2\/product_brands?post=2845"}],"curies":[{"name":"wp","href":"https:\/\/api.w.org\/{rel}","templated":true}]}}