{"id":2835,"date":"2025-12-22T14:18:39","date_gmt":"2025-12-22T14:18:39","guid":{"rendered":"https:\/\/olborglogistics.com\/product\/20ft-kontejner-s-dvojitymi-dvermi-novy\/"},"modified":"2025-12-22T14:18:39","modified_gmt":"2025-12-22T14:18:39","slug":"20ft-kontejner-s-dvojitymi-dvermi-novy","status":"publish","type":"product","link":"https:\/\/olborglogistics.com\/cs\/produkt\/20ft-kontejner-s-dvojitymi-dvermi-novy\/","title":{"rendered":"20ft kontejner s dvojit\u00fdmi dve\u0159mi Nov\u00fd"},"content":{"rendered":"<article class=\"text-token-text-primary w-full focus:outline-none [--shadow-height:45px] has-data-writing-block:pointer-events-none has-data-writing-block:-mt-(--shadow-height) has-data-writing-block:pt-(--shadow-height) [&amp;:has([data-writing-block])&gt;*]:pointer-events-auto scroll-mt-(--header-height)\" dir=\"auto\" tabindex=\"-1\" data-turn-id=\"40a6084a-2e9a-41b7-8ebd-bb94825c2e21\" data-testid=\"conversation-turn-39\" data-scroll-anchor=\"false\" data-turn=\"user\">\n<div class=\"text-base my-auto mx-auto pt-12 [--thread-content-margin:--spacing(4)] @w-sm\/main:[--thread-content-margin:--spacing(6)] @w-lg\/main:[--thread-content-margin:--spacing(16)] px-(--thread-content-margin)\">\n<div class=\"[--thread-content-max-width:40rem] @w-lg\/main:[--thread-content-max-width:48rem] mx-auto max-w-(--thread-content-max-width) flex-1 group\/turn-messages focus-visible:outline-hidden relative flex w-full min-w-0 flex-col\" tabindex=\"-1\">\n<div class=\"flex max-w-full flex-col grow\">\n<div class=\"min-h-8 text-message relative flex w-full flex-col items-end gap-2 text-start break-words whitespace-normal [.text-message+&amp;]:mt-1\" dir=\"auto\" data-message-author-role=\"user\" data-message-id=\"40a6084a-2e9a-41b7-8ebd-bb94825c2e21\">\n<div class=\"flex w-full flex-col gap-1 empty:hidden items-end rtl:items-start\">\n<div class=\"user-message-bubble-color corner-superellipse\/1.1 relative rounded-[18px] px-4 py-1.5 data-[multiline]:py-3 max-w-[var(--user-chat-width,70%)]\"><\/div>\n<\/div>\n<\/div>\n<\/div>\n<\/div>\n<\/div>\n<\/article>\n<article class=\"text-token-text-primary w-full focus:outline-none [--shadow-height:45px] has-data-writing-block:pointer-events-none has-data-writing-block:-mt-(--shadow-height) has-data-writing-block:pt-(--shadow-height) [&amp;:has([data-writing-block])&gt;*]:pointer-events-auto scroll-mt-[calc(var(--header-height)+min(200px,max(70px,20svh)))]\" dir=\"auto\" tabindex=\"-1\" data-turn-id=\"request-69472639-30a4-832e-81e7-02987b101fa9-10\" data-testid=\"conversation-turn-40\" data-scroll-anchor=\"true\" data-turn=\"assistant\">\n<div class=\"text-base my-auto mx-auto pb-10 [--thread-content-margin:--spacing(4)] @w-sm\/main:[--thread-content-margin:--spacing(6)] @w-lg\/main:[--thread-content-margin:--spacing(16)] px-(--thread-content-margin)\">\n<div class=\"[--thread-content-max-width:40rem] @w-lg\/main:[--thread-content-max-width:48rem] mx-auto max-w-(--thread-content-max-width) flex-1 group\/turn-messages focus-visible:outline-hidden relative flex w-full min-w-0 flex-col agent-turn\" tabindex=\"-1\">\n<div class=\"flex max-w-full flex-col grow\">\n<div class=\"min-h-8 text-message relative flex w-full flex-col items-end gap-2 text-start break-words whitespace-normal [.text-message+&amp;]:mt-1\" dir=\"auto\" data-message-author-role=\"assistant\" data-message-id=\"1bc6e696-4872-4b0c-911f-440dcef2f8a0\" data-message-model-slug=\"gpt-5-2\">\n<div class=\"flex w-full flex-col gap-1 empty:hidden first:pt-[1px]\">\n<div class=\"markdown prose dark:prose-invert w-full break-words dark markdown-new-styling\">\n<h2 data-start=\"452\" data-end=\"471\">Dlouh\u00fd popis<\/h2>\n<p data-start=\"473\" data-end=\"801\"><strong data-start=\"477\" data-end=\"530\">20stop\u00fd kontejner s dvojit\u00fdmi dve\u0159mi &#8211; nov\u00fd (jednocestn\u00fd)<\/strong> je ur\u010den pro u\u017eivatele, kte\u0159\u00ed vy\u017eaduj\u00ed <strong data-start=\"565\" data-end=\"590\">rychl\u00fd a flexibiln\u00ed p\u0159\u00edstup<\/strong> z obou konc\u016f kontejneru. Na rozd\u00edl od standardn\u00edch kontejner\u016f s dve\u0159mi pouze na jedn\u00e9 stran\u011b je tento model vybaven <strong data-start=\"708\" data-end=\"743\">dvojit\u00fdmi n\u00e1kladov\u00fdmi dve\u0159mi na obou konc\u00edch<\/strong>, co\u017e umo\u017e\u0148uje p\u0159\u00edm\u00e9 nakl\u00e1d\u00e1n\u00ed a zlep\u0161uje pracovn\u00ed postupy. <\/p>\n<p data-start=\"803\" data-end=\"1172\">Jako <strong data-start=\"808\" data-end=\"834\">nov\u00fd kontejner pro jednu cestu<\/strong> byl pou\u017eit pouze jednou v mezin\u00e1rodn\u00ed p\u0159eprav\u011b a je ve v\u00fdborn\u00e9m stavu s minim\u00e1ln\u00edm opot\u0159eben\u00edm. Kontejner je vyroben z odoln\u00e9 <strong data-start=\"986\" data-end=\"1002\">kortenov\u00e9 oceli<\/strong>, kter\u00e1 zaji\u0161\u0165uje dlouhodobou odolnost proti korozi a drsn\u00fdm pov\u011btrnostn\u00edm podm\u00ednk\u00e1m. V zav\u0159en\u00e9m stavu je pln\u011b v\u011btru a vodot\u011bsn\u00fd, co\u017e zaji\u0161\u0165uje spolehlivou ochranu ulo\u017een\u00e9ho zbo\u017e\u00ed.  <\/p>\n<p data-start=\"1174\" data-end=\"1479\">Interi\u00e9r nab\u00edz\u00ed velk\u00fd otev\u0159en\u00fd \u00falo\u017en\u00fd prostor vhodn\u00fd pro palety, stroje, n\u00e1\u0159ad\u00ed a dlouh\u00e9 zbo\u017e\u00ed. D\u00edky sv\u00e9 konstrukci se dv\u011bma p\u0159\u00edstupy je tento kontejner \u0161iroce pou\u017e\u00edv\u00e1n ve skladech, logistick\u00fdch centrech, na staveni\u0161t\u00edch a v pr\u016fmyslov\u00fdch skladech, kde je vy\u017eadov\u00e1n \u010dast\u00fd p\u0159\u00edstup z obou stran. <\/p>\n<p data-start=\"1481\" data-end=\"1671\">D\u00edky standardizovan\u00fdm rozm\u011br\u016fm a zes\u00edlen\u00fdm r\u00e1m\u016fm dve\u0159\u00ed se 20stop\u00fd kontejner s dvojit\u00fdmi dve\u0159mi snadno integruje do st\u00e1vaj\u00edc\u00edch p\u0159epravn\u00edch a skladovac\u00edch syst\u00e9m\u016f a z\u00e1rove\u0148 maximalizuje provozn\u00ed efektivitu.<\/p>\n<hr data-start=\"1673\" data-end=\"1676\">\n<h2 data-start=\"1678\" data-end=\"1705\">Technick\u00e9 specifikace<\/h2>\n<h3 data-start=\"1707\" data-end=\"1730\">Obecn\u00e9 informace<\/h3>\n<div class=\"TyagGW_tableContainer\">\n<div class=\"group TyagGW_tableWrapper flex w-fit flex-col-reverse\" tabindex=\"-1\">\n<table class=\"w-fit min-w-(--thread-content-width)\" data-start=\"1732\" data-end=\"2105\">\n<thead data-start=\"1732\" data-end=\"1759\">\n<tr data-start=\"1732\" data-end=\"1759\">\n<th data-start=\"1732\" data-end=\"1742\" data-col-size=\"sm\">Funkce<\/th>\n<th data-start=\"1742\" data-end=\"1759\" data-col-size=\"sm\">Specifikace<\/th>\n<\/tr>\n<\/thead>\n<tbody data-start=\"1783\" data-end=\"2105\">\n<tr data-start=\"1783\" data-end=\"1839\">\n<td data-start=\"1783\" data-end=\"1800\" data-col-size=\"sm\">Typ kontejneru<\/td>\n<td data-start=\"1800\" data-end=\"1839\" data-col-size=\"sm\">20ft Double Door Shipping Container<\/td>\n<\/tr>\n<tr data-start=\"1840\" data-end=\"1870\">\n<td data-start=\"1840\" data-end=\"1852\" data-col-size=\"sm\">Stav<\/td>\n<td data-start=\"1852\" data-end=\"1870\" data-col-size=\"sm\">Nov\u00e9 \/ jednor\u00e1zov\u00e9<\/td>\n<\/tr>\n<tr data-start=\"1871\" data-end=\"1918\">\n<td data-start=\"1871\" data-end=\"1882\" data-col-size=\"sm\">Materi\u00e1l<\/td>\n<td data-start=\"1882\" data-end=\"1918\" data-col-size=\"sm\">Cortenov\u00e1 ocel (odoln\u00e1 proti pov\u011btrnostn\u00edm vliv\u016fm)<\/td>\n<\/tr>\n<tr data-start=\"1919\" data-end=\"1945\">\n<td data-start=\"1919\" data-end=\"1927\" data-col-size=\"sm\">Podlaha<\/td>\n<td data-start=\"1927\" data-end=\"1945\" data-col-size=\"sm\">N\u00e1mo\u0159n\u00ed p\u0159ekli\u017eka<\/td>\n<\/tr>\n<tr data-start=\"1946\" data-end=\"1989\">\n<td data-start=\"1946\" data-end=\"1954\" data-col-size=\"sm\">Dve\u0159e<\/td>\n<td data-start=\"1954\" data-end=\"1989\" data-col-size=\"sm\">Dvojit\u00e9 n\u00e1kladn\u00ed dve\u0159e na obou konc\u00edch<\/td>\n<\/tr>\n<tr data-start=\"1990\" data-end=\"2034\">\n<td data-start=\"1990\" data-end=\"2007\" data-col-size=\"sm\">Uzamykac\u00ed syst\u00e9m<\/td>\n<td data-start=\"2007\" data-end=\"2034\" data-col-size=\"sm\">Siln\u00e9 uzamykac\u00ed ty\u010de<\/td>\n<\/tr>\n<tr data-start=\"2035\" data-end=\"2061\">\n<td data-start=\"2035\" data-end=\"2054\" data-col-size=\"sm\">Kapsy pro vysokozdvi\u017en\u00fd voz\u00edk<\/td>\n<td data-start=\"2054\" data-end=\"2061\" data-col-size=\"sm\">Ano<\/td>\n<\/tr>\n<tr data-start=\"2062\" data-end=\"2085\">\n<td data-start=\"2062\" data-end=\"2078\" data-col-size=\"sm\">Certifikace CSC<\/td>\n<td data-start=\"2078\" data-end=\"2085\" data-col-size=\"sm\">Ano<\/td>\n<\/tr>\n<tr data-start=\"2086\" data-end=\"2105\">\n<td data-start=\"2086\" data-end=\"2098\" data-col-size=\"sm\">Stohovateln\u00e9<\/td>\n<td data-start=\"2098\" data-end=\"2105\" data-col-size=\"sm\">Ano<\/td>\n<\/tr>\n<\/tbody>\n<\/table>\n<\/div>\n<\/div>\n<hr data-start=\"2107\" data-end=\"2110\">\n<h3 data-start=\"2112\" data-end=\"2135\">Vn\u011bj\u0161\u00ed rozm\u011bry<\/h3>\n<div class=\"TyagGW_tableContainer\">\n<div class=\"group TyagGW_tableWrapper flex w-fit flex-col-reverse\" tabindex=\"-1\">\n<table class=\"w-fit min-w-(--thread-content-width)\" data-start=\"2137\" data-end=\"2241\">\n<thead data-start=\"2137\" data-end=\"2160\">\n<tr data-start=\"2137\" data-end=\"2160\">\n<th data-start=\"2137\" data-end=\"2151\" data-col-size=\"sm\">M\u011b\u0159en\u00ed<\/th>\n<th data-start=\"2151\" data-end=\"2160\" data-col-size=\"sm\">Hodnota<\/th>\n<\/tr>\n<\/thead>\n<tbody data-start=\"2177\" data-end=\"2241\">\n<tr data-start=\"2177\" data-end=\"2198\">\n<td data-start=\"2177\" data-end=\"2186\" data-col-size=\"sm\">D\u00e9lka<\/td>\n<td data-start=\"2186\" data-end=\"2198\" data-col-size=\"sm\">6 058 mm<\/td>\n<\/tr>\n<tr data-start=\"2199\" data-end=\"2219\">\n<td data-start=\"2199\" data-end=\"2207\" data-col-size=\"sm\">\u0160\u00ed\u0159ka<\/td>\n<td data-start=\"2207\" data-end=\"2219\" data-col-size=\"sm\">2 438 mm<\/td>\n<\/tr>\n<tr data-start=\"2220\" data-end=\"2241\">\n<td data-start=\"2220\" data-end=\"2229\" data-col-size=\"sm\">V\u00fd\u0161ka<\/td>\n<td data-start=\"2229\" data-end=\"2241\" data-col-size=\"sm\">2 591 mm<\/td>\n<\/tr>\n<\/tbody>\n<\/table>\n<\/div>\n<\/div>\n<hr data-start=\"2243\" data-end=\"2246\">\n<h3 data-start=\"2248\" data-end=\"2271\">Vnit\u0159n\u00ed rozm\u011bry<\/h3>\n<div class=\"TyagGW_tableContainer\">\n<div class=\"group TyagGW_tableWrapper flex w-fit flex-col-reverse\" tabindex=\"-1\">\n<table class=\"w-fit min-w-(--thread-content-width)\" data-start=\"2273\" data-end=\"2401\">\n<thead data-start=\"2273\" data-end=\"2296\">\n<tr data-start=\"2273\" data-end=\"2296\">\n<th data-start=\"2273\" data-end=\"2287\" data-col-size=\"sm\">M\u011b\u0159en\u00ed<\/th>\n<th data-start=\"2287\" data-end=\"2296\" data-col-size=\"sm\">Hodnota<\/th>\n<\/tr>\n<\/thead>\n<tbody data-start=\"2313\" data-end=\"2401\">\n<tr data-start=\"2313\" data-end=\"2342\">\n<td data-start=\"2313\" data-end=\"2322\" data-col-size=\"sm\">D\u00e9lka<\/td>\n<td data-start=\"2322\" data-end=\"2342\" data-col-size=\"sm\">P\u0159ibli\u017en\u011b 5 898 mm<\/td>\n<\/tr>\n<tr data-start=\"2343\" data-end=\"2371\">\n<td data-start=\"2343\" data-end=\"2351\" data-col-size=\"sm\">\u0160\u00ed\u0159ka<\/td>\n<td data-start=\"2351\" data-end=\"2371\" data-col-size=\"sm\">P\u0159ibli\u017en\u011b 2 352 mm<\/td>\n<\/tr>\n<tr data-start=\"2372\" data-end=\"2401\">\n<td data-start=\"2372\" data-end=\"2381\" data-col-size=\"sm\">V\u00fd\u0161ka<\/td>\n<td data-start=\"2381\" data-end=\"2401\" data-col-size=\"sm\">P\u0159ibli\u017en\u011b 2 393 mm<\/td>\n<\/tr>\n<\/tbody>\n<\/table>\n<\/div>\n<\/div>\n<hr data-start=\"2403\" data-end=\"2406\">\n<h3 data-start=\"2408\" data-end=\"2436\">Rozm\u011bry dve\u0159\u00ed a p\u0159\u00edstup<\/h3>\n<div class=\"TyagGW_tableContainer\">\n<div class=\"group TyagGW_tableWrapper flex w-fit flex-col-reverse\" tabindex=\"-1\">\n<table class=\"w-fit min-w-(--thread-content-width)\" data-start=\"2438\" data-end=\"2674\">\n<thead data-start=\"2438\" data-end=\"2463\">\n<tr data-start=\"2438\" data-end=\"2463\">\n<th data-start=\"2438\" data-end=\"2448\" data-col-size=\"sm\">Funkce<\/th>\n<th data-start=\"2448\" data-end=\"2463\" data-col-size=\"sm\">M\u011b\u0159en\u00ed<\/th>\n<\/tr>\n<\/thead>\n<tbody data-start=\"2485\" data-end=\"2674\">\n<tr data-start=\"2485\" data-end=\"2537\">\n<td data-start=\"2485\" data-end=\"2517\" data-col-size=\"sm\">\u0160\u00ed\u0159ka dve\u0159n\u00edho otvoru (na obou konc\u00edch)<\/td>\n<td data-start=\"2517\" data-end=\"2537\" data-col-size=\"sm\">P\u0159ibli\u017en\u011b 2 343 mm<\/td>\n<\/tr>\n<tr data-start=\"2538\" data-end=\"2591\">\n<td data-start=\"2538\" data-end=\"2571\" data-col-size=\"sm\">V\u00fd\u0161ka otev\u0159en\u00ed dve\u0159\u00ed (na obou konc\u00edch)<\/td>\n<td data-start=\"2571\" data-end=\"2591\" data-col-size=\"sm\">P\u0159ibli\u017en\u011b 2 280 mm<\/td>\n<\/tr>\n<tr data-start=\"2592\" data-end=\"2627\">\n<td data-start=\"2592\" data-end=\"2613\" data-col-size=\"sm\">\u00dahel otev\u0159en\u00ed dve\u0159\u00ed<\/td>\n<td data-start=\"2613\" data-end=\"2627\" data-col-size=\"sm\">A\u017e 270\u00b0<\/td>\n<\/tr>\n<tr data-start=\"2628\" data-end=\"2674\">\n<td data-start=\"2628\" data-end=\"2642\" data-col-size=\"sm\">Typ p\u0159\u00edstupu<\/td>\n<td data-start=\"2642\" data-end=\"2674\" data-col-size=\"sm\">P\u0159edn\u00ed a zadn\u00ed (pr\u016fjezd)<\/td>\n<\/tr>\n<\/tbody>\n<\/table>\n<\/div>\n<\/div>\n<hr data-start=\"2676\" data-end=\"2679\">\n<h3 data-start=\"2681\" data-end=\"2718\">Rozm\u011bry &#8211; zav\u0159en\u00e9 a otev\u0159en\u00e9 dve\u0159e<\/h3>\n<div class=\"TyagGW_tableContainer\">\n<div class=\"group TyagGW_tableWrapper flex w-fit flex-col-reverse\" tabindex=\"-1\">\n<table class=\"w-fit min-w-(--thread-content-width)\" data-start=\"2720\" data-end=\"2906\">\n<thead data-start=\"2720\" data-end=\"2749\">\n<tr data-start=\"2720\" data-end=\"2749\">\n<th data-start=\"2720\" data-end=\"2736\" data-col-size=\"sm\">Konfigurace<\/th>\n<th data-start=\"2736\" data-end=\"2749\" data-col-size=\"sm\">Rozm\u011br<\/th>\n<\/tr>\n<\/thead>\n<tbody data-start=\"2771\" data-end=\"2906\">\n<tr data-start=\"2771\" data-end=\"2813\">\n<td data-start=\"2771\" data-end=\"2801\" data-col-size=\"sm\">Celkov\u00e1 d\u00e9lka (zav\u0159en\u00e9 dve\u0159e)<\/td>\n<td data-start=\"2801\" data-end=\"2813\" data-col-size=\"sm\">6 058 mm<\/td>\n<\/tr>\n<tr data-start=\"2814\" data-end=\"2877\">\n<td data-start=\"2814\" data-end=\"2848\" data-col-size=\"sm\">Po\u017eadovan\u00e1 sv\u011btl\u00e1 v\u00fd\u0161ka (otev\u0159en\u00e9 dve\u0159e)<\/td>\n<td data-col-size=\"sm\" data-start=\"2848\" data-end=\"2877\">P\u0159ibli\u017en\u011b 1 200 mm na ka\u017ed\u00e9m konci<\/td>\n<\/tr>\n<tr data-start=\"2878\" data-end=\"2906\">\n<td data-start=\"2878\" data-end=\"2898\" data-col-size=\"sm\">Efektivita p\u0159\u00edstupu<\/td>\n<td data-col-size=\"sm\" data-start=\"2898\" data-end=\"2906\">Vysok\u00fd<\/td>\n<\/tr>\n<\/tbody>\n<\/table>\n<\/div>\n<\/div>\n<hr data-start=\"2908\" data-end=\"2911\">\n<h3 data-start=\"2913\" data-end=\"2934\">Hmotnost a kapacita<\/h3>\n<div class=\"TyagGW_tableContainer\">\n<div class=\"group TyagGW_tableWrapper flex w-fit flex-col-reverse\" tabindex=\"-1\">\n<table class=\"w-fit min-w-(--thread-content-width)\" data-start=\"2936\" data-end=\"3180\">\n<thead data-start=\"2936\" data-end=\"2963\">\n<tr data-start=\"2936\" data-end=\"2963\">\n<th data-start=\"2936\" data-end=\"2946\" data-col-size=\"sm\">Funkce<\/th>\n<th data-start=\"2946\" data-end=\"2963\" data-col-size=\"sm\">Specifikace<\/th>\n<\/tr>\n<\/thead>\n<tbody data-start=\"2987\" data-end=\"3180\">\n<tr data-start=\"2987\" data-end=\"3021\">\n<td data-start=\"2987\" data-end=\"3001\" data-col-size=\"sm\">T\u00e1rovac\u00ed hmotnost<\/td>\n<td data-col-size=\"sm\" data-start=\"3001\" data-end=\"3021\">P\u0159ibli\u017en\u011b 2 450 kg<\/td>\n<\/tr>\n<tr data-start=\"3022\" data-end=\"3061\">\n<td data-start=\"3022\" data-end=\"3040\" data-col-size=\"sm\">Maxim\u00e1ln\u00ed u\u017eite\u010dn\u00e9 zat\u00ed\u017een\u00ed<\/td>\n<td data-col-size=\"sm\" data-start=\"3040\" data-end=\"3061\">P\u0159ibli\u017en\u011b 30 050 kg<\/td>\n<\/tr>\n<tr data-start=\"3062\" data-end=\"3098\">\n<td data-start=\"3062\" data-end=\"3085\" data-col-size=\"sm\">Maxim\u00e1ln\u00ed celkov\u00e1 hmotnost<\/td>\n<td data-col-size=\"sm\" data-start=\"3085\" data-end=\"3098\">32 500 kg<\/td>\n<\/tr>\n<tr data-start=\"3099\" data-end=\"3136\">\n<td data-start=\"3099\" data-end=\"3117\" data-col-size=\"sm\">Vnit\u0159n\u00ed objem<\/td>\n<td data-col-size=\"sm\" data-start=\"3117\" data-end=\"3136\">P\u0159ibli\u017en\u011b 33,2 m\u00b3<\/td>\n<\/tr>\n<tr data-start=\"3137\" data-end=\"3180\">\n<td data-start=\"3137\" data-end=\"3160\" data-col-size=\"sm\">Kapacita europalet<\/td>\n<td data-col-size=\"sm\" data-start=\"3160\" data-end=\"3180\">A\u017e 11 palet<\/td>\n<\/tr>\n<\/tbody>\n<\/table>\n<\/div>\n<\/div>\n<\/div>\n<\/div>\n<\/div>\n<\/div>\n<\/div>\n<\/div>\n<\/article>\n","protected":false},"excerpt":{"rendered":"<p data-start=\"227\" data-end=\"445\">20stop\u00fd p\u0159epravn\u00ed kontejner s dvojit\u00fdmi dve\u0159mi (nov\u00fd\/jednor\u00e1zov\u00fd) m\u00e1 dve\u0159e na obou konc\u00edch pro snadn\u00fd pr\u016fjezd. Je t\u00e9m\u011b\u0159 nov\u00fd, nab\u00edz\u00ed bezpe\u010dn\u00e9 skladov\u00e1n\u00ed odoln\u00e9 proti pov\u011btrnostn\u00edm vliv\u016fm a efektivn\u00ed nakl\u00e1d\u00e1n\u00ed z obou stran. <\/p>\n","protected":false},"featured_media":559,"comment_status":"open","ping_status":"closed","template":"","meta":{"_kad_blocks_custom_css":"","_kad_blocks_head_custom_js":"","_kad_blocks_body_custom_js":"","_kad_blocks_footer_custom_js":"","_kad_post_transparent":"","_kad_post_title":"","_kad_post_layout":"","_kad_post_sidebar_id":"","_kad_post_content_style":"","_kad_post_vertical_padding":"","_kad_post_feature":"","_kad_post_feature_position":"","_kad_post_header":false,"_kad_post_footer":false,"_kad_post_classname":""},"product_brand":[],"product_cat":[440,465],"product_tag":[],"product_brands":[316],"class_list":{"0":"post-2835","1":"product","2":"type-product","3":"status-publish","4":"has-post-thumbnail","6":"product_cat-20ft-kontejner","7":"product_cat-dvoudverove-kontejnery","8":"pa_container-condition-novy-jednorazovy","9":"pa_container-type-dvoudverovy-kontejner","10":"pa_contanier-size-20-stop","11":"product_brands-slovensko-zilina","13":"first","14":"instock","15":"sale","16":"taxable","17":"shipping-taxable","18":"purchasable","19":"product-type-simple","20":"entry","21":"content-bg","22":"loop-entry"},"taxonomy_info":{"product_cat":[{"value":440,"label":"20ft Kontejner"},{"value":465,"label":"Dvoudve\u0159ov\u00e9 kontejnery"}],"pa_container-condition":[{"value":405,"label":"Nov\u00fd (jednor\u00e1zov\u00fd)"}],"pa_container-type":[{"value":464,"label":"Dvoudve\u0159ov\u00fd kontejner"}],"pa_contanier-size":[{"value":448,"label":"20 stop"}],"product_brands":[{"value":316,"label":"Slovensko, \u017dilina"}]},"featured_image_src_large":["https:\/\/olborglogistics.com\/wp-content\/uploads\/2025\/12\/20ft-containers-with-double-door.jpg",1021,766,false],"author_info":[],"comment_info":0,"_links":{"self":[{"href":"https:\/\/olborglogistics.com\/cs\/wp-json\/wp\/v2\/product\/2835","targetHints":{"allow":["GET"]}}],"collection":[{"href":"https:\/\/olborglogistics.com\/cs\/wp-json\/wp\/v2\/product"}],"about":[{"href":"https:\/\/olborglogistics.com\/cs\/wp-json\/wp\/v2\/types\/product"}],"replies":[{"embeddable":true,"href":"https:\/\/olborglogistics.com\/cs\/wp-json\/wp\/v2\/comments?post=2835"}],"wp:featuredmedia":[{"embeddable":true,"href":"https:\/\/olborglogistics.com\/cs\/wp-json\/wp\/v2\/media\/559"}],"wp:attachment":[{"href":"https:\/\/olborglogistics.com\/cs\/wp-json\/wp\/v2\/media?parent=2835"}],"wp:term":[{"taxonomy":"product_brand","embeddable":true,"href":"https:\/\/olborglogistics.com\/cs\/wp-json\/wp\/v2\/product_brand?post=2835"},{"taxonomy":"product_cat","embeddable":true,"href":"https:\/\/olborglogistics.com\/cs\/wp-json\/wp\/v2\/product_cat?post=2835"},{"taxonomy":"product_tag","embeddable":true,"href":"https:\/\/olborglogistics.com\/cs\/wp-json\/wp\/v2\/product_tag?post=2835"},{"taxonomy":"product_brands","embeddable":true,"href":"https:\/\/olborglogistics.com\/cs\/wp-json\/wp\/v2\/product_brands?post=2835"}],"curies":[{"name":"wp","href":"https:\/\/api.w.org\/{rel}","templated":true}]}}