{"id":2801,"date":"2025-12-22T22:28:32","date_gmt":"2025-12-22T22:28:32","guid":{"rendered":"https:\/\/olborglogistics.com\/product\/pouzite-20ft-standardni-prepravni-kontejnery\/"},"modified":"2025-12-22T22:28:32","modified_gmt":"2025-12-22T22:28:32","slug":"pouzite-20ft-standardni-prepravni-kontejnery","status":"publish","type":"product","link":"https:\/\/olborglogistics.com\/cs\/produkt\/pouzite-20ft-standardni-prepravni-kontejnery\/","title":{"rendered":"Pou\u017eit\u00e9 20ft standardn\u00ed p\u0159epravn\u00ed kontejnery"},"content":{"rendered":"<div class=\"text-base my-auto mx-auto pb-10 [--thread-content-margin:--spacing(4)] @w-sm\/main:[--thread-content-margin:--spacing(6)] @w-lg\/main:[--thread-content-margin:--spacing(16)] px-(--thread-content-margin)\">\n<div class=\"[--thread-content-max-width:40rem] @w-lg\/main:[--thread-content-max-width:48rem] mx-auto max-w-(--thread-content-max-width) flex-1 group\/turn-messages focus-visible:outline-hidden relative flex w-full min-w-0 flex-col agent-turn\" tabindex=\"-1\">\n<div class=\"flex max-w-full flex-col grow\">\n<div class=\"min-h-8 text-message relative flex w-full flex-col items-end gap-2 text-start break-words whitespace-normal [.text-message+&amp;]:mt-1\" dir=\"auto\" data-message-author-role=\"assistant\" data-message-id=\"b67d1634-e156-4b49-9128-4f6e7400b495\" data-message-model-slug=\"gpt-5-2\">\n<div class=\"flex w-full flex-col gap-1 empty:hidden first:pt-[1px]\">\n<div class=\"markdown prose dark:prose-invert w-full break-words dark markdown-new-styling\">\n<p data-start=\"562\" data-end=\"915\"><strong data-start=\"562\" data-end=\"604\">Pou\u017eit\u00e9 20stop\u00e9 standardn\u00ed p\u0159epravn\u00ed kontejnery<\/strong> jsou obl\u00edben\u00fdm a ekonomick\u00fdm \u0159e\u0161en\u00edm pro z\u00e1kazn\u00edky, kte\u0159\u00ed pot\u0159ebuj\u00ed spolehliv\u00e9 skladov\u00e1n\u00ed nebo p\u0159epravu bez vy\u0161\u0161\u00edch n\u00e1klad\u016f na nov\u00e9 kontejnery. Tyto kontejnery byly v provozu po n\u011bkolik p\u0159epravn\u00edch cykl\u016f, a proto vykazuj\u00ed <strong data-start=\"828\" data-end=\"887\">zn\u00e1mky pou\u017e\u00edv\u00e1n\u00ed, jako je povrchov\u00e1 rez, prom\u00e1\u010dkliny nebo opot\u0159eben\u00ed laku<\/strong>, kter\u00e9 jsou \u010dist\u011b kosmetick\u00e9. <\/p>\n<p data-start=\"917\" data-end=\"1237\">V\u0161echny kontejnery z\u016fst\u00e1vaj\u00ed i p\u0159es sv\u016fj pou\u017e\u00edvan\u00fd stav <strong data-start=\"969\" data-end=\"1001\">vodot\u011bsn\u00e9 a vhodn\u00e9 pro p\u0159epravu n\u00e1kladu<\/strong>, tak\u017ee je zbo\u017e\u00ed chr\u00e1n\u011bno p\u0159ed de\u0161t\u011bm, v\u011btrem a vn\u011bj\u0161\u00edmi vlivy. Ka\u017ed\u00e1 jednotka si zachov\u00e1v\u00e1 svou struktur\u00e1ln\u00ed integritu, funk\u010dn\u00ed dve\u0159e a bezpe\u010dn\u00e9 uzamykac\u00ed mechanismy, tak\u017ee je vhodn\u00e1 jak pro statick\u00e9 skladov\u00e1n\u00ed, tak pro trval\u00e9 pou\u017e\u00edv\u00e1n\u00ed pro p\u0159epravu n\u00e1kladu. <\/p>\n<p data-start=\"1239\" data-end=\"1548\">Pou\u017eit\u00e9 kontejnery jsou vyrobeny z odoln\u00e9 <strong data-start=\"1264\" data-end=\"1280\">kortenov\u00e9 oceli<\/strong> a jsou navr\u017eeny tak, aby odolaly drsn\u00e9mu prost\u0159ed\u00ed a t\u011b\u017ek\u00e9 manipulaci. B\u011b\u017en\u011b se pou\u017e\u00edvaj\u00ed na staveni\u0161t\u00edch, v pr\u016fmyslov\u00fdch skladech, d\u00edln\u00e1ch, na farm\u00e1ch, ve skladech a v mezin\u00e1rodn\u00ed nebo vnitrost\u00e1tn\u00ed doprav\u011b, kde vzhled nen\u00ed tak d\u016fle\u017eit\u00fd jako funkce. <\/p>\n<p data-start=\"1550\" data-end=\"1716\">Pou\u017eit\u00e9 20stop\u00e9 kontejnery nab\u00edzej\u00ed vynikaj\u00edc\u00ed pom\u011br ceny a kvality a jsou \u010dasto voleny pro projekty, kde jsou hlavn\u00edmi prioritami odolnost, prakti\u010dnost a \u00faspornost.<\/p>\n<hr data-start=\"1718\" data-end=\"1721\">\n<h2 data-start=\"1723\" data-end=\"1750\">Technick\u00e9 specifikace<\/h2>\n<h3 data-start=\"1752\" data-end=\"1775\">Obecn\u00e9 informace<\/h3>\n<div class=\"TyagGW_tableContainer\">\n<div class=\"group TyagGW_tableWrapper flex w-fit flex-col-reverse\" tabindex=\"-1\">\n<table class=\"w-fit min-w-(--thread-content-width)\" data-start=\"1777\" data-end=\"2182\">\n<thead data-start=\"1777\" data-end=\"1804\">\n<tr data-start=\"1777\" data-end=\"1804\">\n<th data-start=\"1777\" data-end=\"1787\" data-col-size=\"sm\">Funkce<\/th>\n<th data-start=\"1787\" data-end=\"1804\" data-col-size=\"sm\">Specifikace<\/th>\n<\/tr>\n<\/thead>\n<tbody data-start=\"1828\" data-end=\"2182\">\n<tr data-start=\"1828\" data-end=\"1881\">\n<td data-start=\"1828\" data-end=\"1845\" data-col-size=\"sm\">Typ kontejneru<\/td>\n<td data-start=\"1845\" data-end=\"1881\" data-col-size=\"sm\">20 stop standardn\u00ed p\u0159epravn\u00ed kontejner<\/td>\n<\/tr>\n<tr data-start=\"1882\" data-end=\"1918\">\n<td data-start=\"1882\" data-end=\"1894\" data-col-size=\"sm\">Stav<\/td>\n<td data-start=\"1894\" data-end=\"1918\" data-col-size=\"sm\">Pou\u017eit\u00e9 (v\u00edce j\u00edzd)<\/td>\n<\/tr>\n<tr data-start=\"1919\" data-end=\"1941\">\n<td data-start=\"1919\" data-end=\"1934\" data-col-size=\"sm\">Cargo Worthy<\/td>\n<td data-start=\"1934\" data-end=\"1941\" data-col-size=\"sm\">Ano<\/td>\n<\/tr>\n<tr data-start=\"1942\" data-end=\"1963\">\n<td data-start=\"1942\" data-end=\"1956\" data-col-size=\"sm\">Vodot\u011bsnost<\/td>\n<td data-start=\"1956\" data-end=\"1963\" data-col-size=\"sm\">Ano<\/td>\n<\/tr>\n<tr data-start=\"1964\" data-end=\"1991\">\n<td data-start=\"1964\" data-end=\"1975\" data-col-size=\"sm\">Materi\u00e1l<\/td>\n<td data-start=\"1975\" data-end=\"1991\" data-col-size=\"sm\">Cortenov\u00e1 ocel<\/td>\n<\/tr>\n<tr data-start=\"1992\" data-end=\"2018\">\n<td data-start=\"1992\" data-end=\"2000\" data-col-size=\"sm\">Podlaha<\/td>\n<td data-start=\"2000\" data-end=\"2018\" data-col-size=\"sm\">N\u00e1mo\u0159n\u00ed p\u0159ekli\u017eka<\/td>\n<\/tr>\n<tr data-start=\"2019\" data-end=\"2049\">\n<td data-start=\"2019\" data-end=\"2027\" data-col-size=\"sm\">Dve\u0159e<\/td>\n<td data-start=\"2027\" data-end=\"2049\" data-col-size=\"sm\">Dvojit\u00e9 n\u00e1kladn\u00ed dve\u0159e<\/td>\n<\/tr>\n<tr data-start=\"2050\" data-end=\"2083\">\n<td data-start=\"2050\" data-end=\"2067\" data-col-size=\"sm\">Uzamykac\u00ed syst\u00e9m<\/td>\n<td data-start=\"2067\" data-end=\"2083\" data-col-size=\"sm\">Uzamykac\u00ed ty\u010de<\/td>\n<\/tr>\n<tr data-start=\"2084\" data-end=\"2110\">\n<td data-start=\"2084\" data-end=\"2103\" data-col-size=\"sm\">Kapsy pro vysokozdvi\u017en\u00fd voz\u00edk<\/td>\n<td data-start=\"2103\" data-end=\"2110\" data-col-size=\"sm\">Ano<\/td>\n<\/tr>\n<tr data-start=\"2111\" data-end=\"2162\">\n<td data-start=\"2111\" data-end=\"2127\" data-col-size=\"sm\">Certifikace CSC<\/td>\n<td data-start=\"2127\" data-end=\"2162\" data-col-size=\"sm\">Ano (pokud je vy\u017eadov\u00e1no pro p\u0159epravu)<\/td>\n<\/tr>\n<tr data-start=\"2163\" data-end=\"2182\">\n<td data-start=\"2163\" data-end=\"2175\" data-col-size=\"sm\">Stohovateln\u00e9<\/td>\n<td data-start=\"2175\" data-end=\"2182\" data-col-size=\"sm\">Ano<\/td>\n<\/tr>\n<\/tbody>\n<\/table>\n<\/div>\n<\/div>\n<hr data-start=\"2184\" data-end=\"2187\">\n<h3 data-start=\"2189\" data-end=\"2212\">Vn\u011bj\u0161\u00ed rozm\u011bry<\/h3>\n<div class=\"TyagGW_tableContainer\">\n<div class=\"group TyagGW_tableWrapper flex w-fit flex-col-reverse\" tabindex=\"-1\">\n<table class=\"w-fit min-w-(--thread-content-width)\" data-start=\"2214\" data-end=\"2318\">\n<thead data-start=\"2214\" data-end=\"2237\">\n<tr data-start=\"2214\" data-end=\"2237\">\n<th data-start=\"2214\" data-end=\"2228\" data-col-size=\"sm\">M\u011b\u0159en\u00ed<\/th>\n<th data-start=\"2228\" data-end=\"2237\" data-col-size=\"sm\">Hodnota<\/th>\n<\/tr>\n<\/thead>\n<tbody data-start=\"2254\" data-end=\"2318\">\n<tr data-start=\"2254\" data-end=\"2275\">\n<td data-start=\"2254\" data-end=\"2263\" data-col-size=\"sm\">D\u00e9lka<\/td>\n<td data-start=\"2263\" data-end=\"2275\" data-col-size=\"sm\">6 058 mm<\/td>\n<\/tr>\n<tr data-start=\"2276\" data-end=\"2296\">\n<td data-start=\"2276\" data-end=\"2284\" data-col-size=\"sm\">\u0160\u00ed\u0159ka<\/td>\n<td data-start=\"2284\" data-end=\"2296\" data-col-size=\"sm\">2 438 mm<\/td>\n<\/tr>\n<tr data-start=\"2297\" data-end=\"2318\">\n<td data-start=\"2297\" data-end=\"2306\" data-col-size=\"sm\">V\u00fd\u0161ka<\/td>\n<td data-start=\"2306\" data-end=\"2318\" data-col-size=\"sm\">2 591 mm<\/td>\n<\/tr>\n<\/tbody>\n<\/table>\n<\/div>\n<\/div>\n<hr data-start=\"2320\" data-end=\"2323\">\n<h3 data-start=\"2325\" data-end=\"2348\">Vnit\u0159n\u00ed rozm\u011bry<\/h3>\n<div class=\"TyagGW_tableContainer\">\n<div class=\"group TyagGW_tableWrapper flex w-fit flex-col-reverse\" tabindex=\"-1\">\n<table class=\"w-fit min-w-(--thread-content-width)\" data-start=\"2350\" data-end=\"2478\">\n<thead data-start=\"2350\" data-end=\"2373\">\n<tr data-start=\"2350\" data-end=\"2373\">\n<th data-start=\"2350\" data-end=\"2364\" data-col-size=\"sm\">M\u011b\u0159en\u00ed<\/th>\n<th data-start=\"2364\" data-end=\"2373\" data-col-size=\"sm\">Hodnota<\/th>\n<\/tr>\n<\/thead>\n<tbody data-start=\"2390\" data-end=\"2478\">\n<tr data-start=\"2390\" data-end=\"2419\">\n<td data-start=\"2390\" data-end=\"2399\" data-col-size=\"sm\">D\u00e9lka<\/td>\n<td data-start=\"2399\" data-end=\"2419\" data-col-size=\"sm\">P\u0159ibli\u017en\u011b 5 898 mm<\/td>\n<\/tr>\n<tr data-start=\"2420\" data-end=\"2448\">\n<td data-start=\"2420\" data-end=\"2428\" data-col-size=\"sm\">\u0160\u00ed\u0159ka<\/td>\n<td data-start=\"2428\" data-end=\"2448\" data-col-size=\"sm\">P\u0159ibli\u017en\u011b 2 352 mm<\/td>\n<\/tr>\n<tr data-start=\"2449\" data-end=\"2478\">\n<td data-start=\"2449\" data-end=\"2458\" data-col-size=\"sm\">V\u00fd\u0161ka<\/td>\n<td data-start=\"2458\" data-end=\"2478\" data-col-size=\"sm\">P\u0159ibli\u017en\u011b 2 393 mm<\/td>\n<\/tr>\n<\/tbody>\n<\/table>\n<\/div>\n<\/div>\n<hr data-start=\"2480\" data-end=\"2483\">\n<h3 data-start=\"2485\" data-end=\"2513\">Rozm\u011bry dve\u0159\u00ed a p\u0159\u00edstup<\/h3>\n<div class=\"TyagGW_tableContainer\">\n<div class=\"group TyagGW_tableWrapper flex w-fit flex-col-reverse\" tabindex=\"-1\">\n<table class=\"w-fit min-w-(--thread-content-width)\" data-start=\"2515\" data-end=\"2682\">\n<thead data-start=\"2515\" data-end=\"2540\">\n<tr data-start=\"2515\" data-end=\"2540\">\n<th data-start=\"2515\" data-end=\"2525\" data-col-size=\"sm\">Funkce<\/th>\n<th data-start=\"2525\" data-end=\"2540\" data-col-size=\"sm\">M\u011b\u0159en\u00ed<\/th>\n<\/tr>\n<\/thead>\n<tbody data-start=\"2562\" data-end=\"2682\">\n<tr data-start=\"2562\" data-end=\"2603\">\n<td data-start=\"2562\" data-end=\"2583\" data-col-size=\"sm\">\u0160\u00ed\u0159ka otev\u0159en\u00ed dve\u0159\u00ed<\/td>\n<td data-start=\"2583\" data-end=\"2603\" data-col-size=\"sm\">P\u0159ibli\u017en\u011b 2 343 mm<\/td>\n<\/tr>\n<tr data-start=\"2604\" data-end=\"2646\">\n<td data-start=\"2604\" data-end=\"2626\" data-col-size=\"sm\">V\u00fd\u0161ka otev\u0159en\u00ed dve\u0159\u00ed<\/td>\n<td data-start=\"2626\" data-end=\"2646\" data-col-size=\"sm\">P\u0159ibli\u017en\u011b 2 280 mm<\/td>\n<\/tr>\n<tr data-start=\"2647\" data-end=\"2682\">\n<td data-start=\"2647\" data-end=\"2668\" data-col-size=\"sm\">\u00dahel otev\u0159en\u00ed dve\u0159\u00ed<\/td>\n<td data-start=\"2668\" data-end=\"2682\" data-col-size=\"sm\">A\u017e 270\u00b0<\/td>\n<\/tr>\n<\/tbody>\n<\/table>\n<\/div>\n<\/div>\n<hr data-start=\"2684\" data-end=\"2687\">\n<h3 data-start=\"2689\" data-end=\"2710\">Hmotnost a kapacita<\/h3>\n<div class=\"TyagGW_tableContainer\">\n<div class=\"group TyagGW_tableWrapper flex w-fit flex-col-reverse\" tabindex=\"-1\">\n<table class=\"w-fit min-w-(--thread-content-width)\" data-start=\"2712\" data-end=\"2956\">\n<thead data-start=\"2712\" data-end=\"2739\">\n<tr data-start=\"2712\" data-end=\"2739\">\n<th data-start=\"2712\" data-end=\"2722\" data-col-size=\"sm\">Funkce<\/th>\n<th data-start=\"2722\" data-end=\"2739\" data-col-size=\"sm\">Specifikace<\/th>\n<\/tr>\n<\/thead>\n<tbody data-start=\"2763\" data-end=\"2956\">\n<tr data-start=\"2763\" data-end=\"2797\">\n<td data-start=\"2763\" data-end=\"2777\" data-col-size=\"sm\">T\u00e1rovac\u00ed hmotnost<\/td>\n<td data-start=\"2777\" data-end=\"2797\" data-col-size=\"sm\">P\u0159ibli\u017en\u011b 2 300 kg<\/td>\n<\/tr>\n<tr data-start=\"2798\" data-end=\"2837\">\n<td data-start=\"2798\" data-end=\"2816\" data-col-size=\"sm\">Maxim\u00e1ln\u00ed u\u017eite\u010dn\u00e9 zat\u00ed\u017een\u00ed<\/td>\n<td data-start=\"2816\" data-end=\"2837\" data-col-size=\"sm\">P\u0159ibli\u017en\u011b 30 200 kg<\/td>\n<\/tr>\n<tr data-start=\"2838\" data-end=\"2874\">\n<td data-start=\"2838\" data-end=\"2861\" data-col-size=\"sm\">Maxim\u00e1ln\u00ed celkov\u00e1 hmotnost<\/td>\n<td data-start=\"2861\" data-end=\"2874\" data-col-size=\"sm\">32 500 kg<\/td>\n<\/tr>\n<tr data-start=\"2875\" data-end=\"2912\">\n<td data-start=\"2875\" data-end=\"2893\" data-col-size=\"sm\">Vnit\u0159n\u00ed objem<\/td>\n<td data-start=\"2893\" data-end=\"2912\" data-col-size=\"sm\">P\u0159ibli\u017en\u011b 33,2 m\u00b3<\/td>\n<\/tr>\n<tr data-start=\"2913\" data-end=\"2956\">\n<td data-start=\"2913\" data-end=\"2936\" data-col-size=\"sm\">Kapacita europalet<\/td>\n<td data-start=\"2936\" data-end=\"2956\" data-col-size=\"sm\">A\u017e 11 palet<\/td>\n<\/tr>\n<\/tbody>\n<\/table>\n<\/div>\n<\/div>\n<hr data-start=\"2958\" data-end=\"2961\">\n<h3 data-start=\"2963\" data-end=\"2979\">Typick\u00e1 pou\u017eit\u00ed<\/h3>\n<div class=\"TyagGW_tableContainer\">\n<div class=\"group TyagGW_tableWrapper flex w-fit flex-col-reverse\" tabindex=\"-1\">\n<table class=\"w-fit min-w-(--thread-content-width)\" data-start=\"2981\" data-end=\"3158\">\n<thead data-start=\"2981\" data-end=\"2996\">\n<tr data-start=\"2981\" data-end=\"2996\">\n<th data-start=\"2981\" data-end=\"2996\" data-col-size=\"sm\">Aplikace<\/th>\n<\/tr>\n<\/thead>\n<tbody data-start=\"3011\" data-end=\"3158\">\n<tr data-start=\"3011\" data-end=\"3029\">\n<td data-start=\"3011\" data-end=\"3029\" data-col-size=\"sm\">Zabezpe\u010den\u00e9 skladov\u00e1n\u00ed<\/td>\n<\/tr>\n<tr data-start=\"3030\" data-end=\"3052\">\n<td data-start=\"3030\" data-end=\"3052\" data-col-size=\"sm\">Staveni\u0161t\u011b<\/td>\n<\/tr>\n<tr data-start=\"3053\" data-end=\"3088\">\n<td data-start=\"3053\" data-end=\"3088\" data-col-size=\"sm\">Pr\u016fmyslov\u00e9 a komer\u010dn\u00ed skladov\u00e1n\u00ed<\/td>\n<\/tr>\n<tr data-start=\"3089\" data-end=\"3114\">\n<td data-start=\"3089\" data-end=\"3114\" data-col-size=\"sm\">Doprava a logistika<\/td>\n<\/tr>\n<tr data-start=\"3115\" data-end=\"3158\">\n<td data-start=\"3115\" data-end=\"3158\" data-col-size=\"sm\">P\u0159estavby kontejner\u016f (rozpo\u010dtov\u00e9 projekty)<\/td>\n<\/tr>\n<\/tbody>\n<\/table>\n<\/div>\n<\/div>\n<\/div>\n<\/div>\n<\/div>\n<\/div>\n<\/div>\n<\/div>\n","protected":false},"excerpt":{"rendered":"<p>Pou\u017eit\u00e9 20stop\u00e9 standardn\u00ed p\u0159epravn\u00ed kontejnery jsou cenov\u011b v\u00fdhodnou alternativou k jednocestn\u00fdm kontejner\u016fm. Po n\u011bkolikan\u00e1sobn\u00e9m pou\u017eit\u00ed vykazuj\u00ed viditeln\u00e9 zn\u00e1mky opot\u0159eben\u00ed, ale z\u016fst\u00e1vaj\u00ed vodot\u011bsn\u00e9 a vhodn\u00e9 pro p\u0159epravu n\u00e1kladu, tak\u017ee jsou ide\u00e1ln\u00ed pro skladov\u00e1n\u00ed, p\u0159epravu a praktick\u00e9 pou\u017eit\u00ed. <\/p>\n","protected":false},"featured_media":602,"comment_status":"open","ping_status":"closed","template":"","meta":{"_kad_blocks_custom_css":"","_kad_blocks_head_custom_js":"","_kad_blocks_body_custom_js":"","_kad_blocks_footer_custom_js":"","_kad_post_transparent":"","_kad_post_title":"","_kad_post_layout":"","_kad_post_sidebar_id":"","_kad_post_content_style":"","_kad_post_vertical_padding":"","_kad_post_feature":"","_kad_post_feature_position":"","_kad_post_header":false,"_kad_post_footer":false,"_kad_post_classname":""},"product_brand":[],"product_cat":[440,439],"product_tag":[450,451,445,449,452,446],"product_brands":[311],"class_list":{"0":"post-2801","1":"product","2":"type-product","3":"status-publish","4":"has-post-thumbnail","6":"product_cat-20ft-kontejner","7":"product_cat-pouzite-prepravni-kontejnery","8":"product_tag-20stope-kontejnery","9":"product_tag-cerveny-prepravni-kontejner","10":"product_tag-levny-20ft-kontejner","11":"product_tag-pouzite-prepravni-kontejnery","12":"product_tag-pouzity-20ft-standardni-namorni-kontejner","13":"product_tag-rozmery-20stopeho-kontejneru","14":"pa_container-condition-pouzite","15":"pa_container-type-ulozny-kontejner","16":"pa_contanier-size-20-stop","17":"product_brands-swiety-marcin-poland","19":"first","20":"instock","21":"sale","22":"taxable","23":"shipping-taxable","24":"purchasable","25":"product-type-simple","26":"entry","27":"content-bg","28":"loop-entry"},"taxonomy_info":{"product_cat":[{"value":440,"label":"20ft Kontejner"},{"value":439,"label":"Pou\u017eit\u00e9 p\u0159epravn\u00ed kontejnery"}],"product_tag":[{"value":450,"label":"20stop\u00e9 kontejnery"},{"value":451,"label":"\u010derven\u00fd p\u0159epravn\u00ed kontejner"},{"value":445,"label":"levn\u00fd 20ft kontejner"},{"value":449,"label":"pou\u017eit\u00e9 p\u0159epravn\u00ed kontejnery"},{"value":452,"label":"pou\u017eit\u00fd 20ft standardn\u00ed n\u00e1mo\u0159n\u00ed kontejner"},{"value":446,"label":"Rozm\u011bry 20stop\u00e9ho kontejneru"}],"pa_container-condition":[{"value":447,"label":"Pou\u017eit\u00e9"}],"pa_container-type":[{"value":407,"label":"\u00dalo\u017en\u00fd kontejner"}],"pa_contanier-size":[{"value":448,"label":"20 stop"}],"product_brands":[{"value":311,"label":"\u015awi\u0119ty Marcin, Poland"}]},"featured_image_src_large":["https:\/\/olborglogistics.com\/wp-content\/uploads\/2025\/12\/Seecontainer-20-CW-Mase-Preis-fur-ausrangierte-Seecontainer-HZ-Container-1.jpg",1021,766,false],"author_info":[],"comment_info":0,"_links":{"self":[{"href":"https:\/\/olborglogistics.com\/cs\/wp-json\/wp\/v2\/product\/2801","targetHints":{"allow":["GET"]}}],"collection":[{"href":"https:\/\/olborglogistics.com\/cs\/wp-json\/wp\/v2\/product"}],"about":[{"href":"https:\/\/olborglogistics.com\/cs\/wp-json\/wp\/v2\/types\/product"}],"replies":[{"embeddable":true,"href":"https:\/\/olborglogistics.com\/cs\/wp-json\/wp\/v2\/comments?post=2801"}],"wp:featuredmedia":[{"embeddable":true,"href":"https:\/\/olborglogistics.com\/cs\/wp-json\/wp\/v2\/media\/602"}],"wp:attachment":[{"href":"https:\/\/olborglogistics.com\/cs\/wp-json\/wp\/v2\/media?parent=2801"}],"wp:term":[{"taxonomy":"product_brand","embeddable":true,"href":"https:\/\/olborglogistics.com\/cs\/wp-json\/wp\/v2\/product_brand?post=2801"},{"taxonomy":"product_cat","embeddable":true,"href":"https:\/\/olborglogistics.com\/cs\/wp-json\/wp\/v2\/product_cat?post=2801"},{"taxonomy":"product_tag","embeddable":true,"href":"https:\/\/olborglogistics.com\/cs\/wp-json\/wp\/v2\/product_tag?post=2801"},{"taxonomy":"product_brands","embeddable":true,"href":"https:\/\/olborglogistics.com\/cs\/wp-json\/wp\/v2\/product_brands?post=2801"}],"curies":[{"name":"wp","href":"https:\/\/api.w.org\/{rel}","templated":true}]}}