{"id":2783,"date":"2026-01-29T01:20:45","date_gmt":"2026-01-29T01:20:45","guid":{"rendered":"https:\/\/olborglogistics.com\/product\/20-stop-vysoky-prepravni-kontejner-cube-modry-certifikovany-iso\/"},"modified":"2026-02-17T01:38:49","modified_gmt":"2026-02-17T01:38:49","slug":"20-stop-vysoky-prepravni-kontejner-cube-modry-certifikovany-iso","status":"publish","type":"product","link":"https:\/\/olborglogistics.com\/cs\/produkt\/20-stop-vysoky-prepravni-kontejner-cube-modry-certifikovany-iso\/","title":{"rendered":"20 stop vysok\u00fd p\u0159epravn\u00ed kontejner Cube, modr\u00fd certifikovan\u00fd ISO"},"content":{"rendered":"<h3 data-start=\"255\" data-end=\"319\">20 stop vysok\u00fd p\u0159epravn\u00ed kontejner Cube &#8211; technick\u00e9 specifikace<\/h3>\n<div class=\"TyagGW_tableContainer\">\n<div class=\"group TyagGW_tableWrapper flex flex-col-reverse w-fit\" tabindex=\"-1\">\n<table class=\"w-fit min-w-(--thread-content-width)\" data-start=\"321\" data-end=\"1827\">\n<thead data-start=\"321\" data-end=\"357\">\n<tr data-start=\"321\" data-end=\"357\">\n<th data-start=\"321\" data-end=\"346\" data-col-size=\"sm\">Kategorie specifikace<\/th>\n<th data-start=\"346\" data-end=\"357\" data-col-size=\"md\">Podrobnosti<\/th>\n<\/tr>\n<\/thead>\n<tbody data-start=\"395\" data-end=\"1827\">\n<tr data-start=\"395\" data-end=\"449\">\n<td data-start=\"395\" data-end=\"412\" data-col-size=\"sm\">Typ kontejneru<\/td>\n<td data-start=\"412\" data-end=\"449\" data-col-size=\"md\">20 stop vysok\u00fd p\u0159epravn\u00ed kontejner<\/td>\n<\/tr>\n<tr data-start=\"450\" data-end=\"487\">\n<td data-start=\"450\" data-end=\"462\" data-col-size=\"sm\">Stav<\/td>\n<td data-start=\"462\" data-end=\"487\" data-col-size=\"md\">Jedna cesta (t\u00e9m\u011b\u0159 nov\u00e1)<\/td>\n<\/tr>\n<tr data-start=\"488\" data-end=\"534\">\n<td data-start=\"488\" data-end=\"509\" data-col-size=\"sm\">Standardn\u00ed kontejner<\/td>\n<td data-col-size=\"md\" data-start=\"509\" data-end=\"534\">N\u00e1kladn\u00ed kontejner ISO<\/td>\n<\/tr>\n<tr data-start=\"535\" data-end=\"577\">\n<td data-start=\"535\" data-end=\"553\" data-col-size=\"sm\">Vn\u011bj\u0161\u00ed d\u00e9lka<\/td>\n<td data-start=\"553\" data-end=\"577\" data-col-size=\"md\">cca <strong data-start=\"563\" data-end=\"575\">6 058 mm<\/strong><\/td>\n<\/tr>\n<tr data-start=\"578\" data-end=\"619\">\n<td data-start=\"578\" data-end=\"595\" data-col-size=\"sm\">Vn\u011bj\u0161\u00ed \u0161\u00ed\u0159ka<\/td>\n<td data-start=\"595\" data-end=\"619\" data-col-size=\"md\">cca <strong data-start=\"605\" data-end=\"617\">2 438 mm<\/strong><\/td>\n<\/tr>\n<tr data-start=\"620\" data-end=\"662\">\n<td data-start=\"620\" data-end=\"638\" data-col-size=\"sm\">Vn\u011bj\u0161\u00ed v\u00fd\u0161ka<\/td>\n<td data-col-size=\"md\" data-start=\"638\" data-end=\"662\">cca <strong data-start=\"648\" data-end=\"660\">2 896 mm<\/strong><\/td>\n<\/tr>\n<tr data-start=\"663\" data-end=\"705\">\n<td data-start=\"663\" data-end=\"681\" data-col-size=\"sm\">Vnit\u0159n\u00ed d\u00e9lka<\/td>\n<td data-start=\"681\" data-end=\"705\" data-col-size=\"md\">cca <strong data-start=\"691\" data-end=\"703\">5 898 mm<\/strong><\/td>\n<\/tr>\n<tr data-start=\"706\" data-end=\"747\">\n<td data-start=\"706\" data-end=\"723\" data-col-size=\"sm\">Vnit\u0159n\u00ed \u0161\u00ed\u0159ka<\/td>\n<td data-col-size=\"md\" data-start=\"723\" data-end=\"747\">cca <strong data-start=\"733\" data-end=\"745\">2 352 mm<\/strong><\/td>\n<\/tr>\n<tr data-start=\"748\" data-end=\"790\">\n<td data-start=\"748\" data-end=\"766\" data-col-size=\"sm\">Vnit\u0159n\u00ed v\u00fd\u0161ka<\/td>\n<td data-col-size=\"md\" data-start=\"766\" data-end=\"790\">cca <strong data-start=\"776\" data-end=\"788\">2 690 mm<\/strong><\/td>\n<\/tr>\n<tr data-start=\"791\" data-end=\"830\">\n<td data-start=\"791\" data-end=\"809\" data-col-size=\"sm\">Vnit\u0159n\u00ed objem<\/td>\n<td data-col-size=\"md\" data-start=\"809\" data-end=\"830\">cca <strong data-start=\"819\" data-end=\"828\">37 m\u00b3<\/strong><\/td>\n<\/tr>\n<tr data-start=\"831\" data-end=\"883\">\n<td data-start=\"831\" data-end=\"853\" data-col-size=\"sm\">Vlastn\u00ed hmotnost (pr\u00e1zdn\u00e1)<\/td>\n<td data-start=\"853\" data-end=\"883\" data-col-size=\"md\">cca <strong data-start=\"863\" data-end=\"881\">2 300-2 500 kg<\/strong><\/td>\n<\/tr>\n<tr data-start=\"884\" data-end=\"933\">\n<td data-start=\"884\" data-end=\"902\" data-col-size=\"sm\">Maxim\u00e1ln\u00ed u\u017eite\u010dn\u00e9 zat\u00ed\u017een\u00ed<\/td>\n<td data-start=\"902\" data-end=\"933\" data-col-size=\"md\">a\u017e do cca <strong data-start=\"918\" data-end=\"931\">28 000 kg<\/strong><\/td>\n<\/tr>\n<tr data-start=\"934\" data-end=\"974\">\n<td data-start=\"934\" data-end=\"957\" data-col-size=\"sm\">Maxim\u00e1ln\u00ed celkov\u00e1 hmotnost<\/td>\n<td data-start=\"957\" data-end=\"974\" data-col-size=\"md\"><strong data-start=\"959\" data-end=\"972\">30 480 kg<\/strong><\/td>\n<\/tr>\n<tr data-start=\"975\" data-end=\"1020\">\n<td data-start=\"975\" data-end=\"986\" data-col-size=\"sm\">Materi\u00e1l<\/td>\n<td data-start=\"986\" data-end=\"1020\" data-col-size=\"md\">Vysokopevnostn\u00ed <strong data-start=\"1002\" data-end=\"1018\">ocel Corten<\/strong><\/td>\n<\/tr>\n<tr data-start=\"1021\" data-end=\"1075\">\n<td data-start=\"1021\" data-end=\"1048\" data-col-size=\"sm\">Konstrukce st\u011bn a st\u0159ech<\/td>\n<td data-start=\"1048\" data-end=\"1075\" data-col-size=\"md\">Vlnit\u00e9 ocelov\u00e9 panely<\/td>\n<\/tr>\n<tr data-start=\"1076\" data-end=\"1123\">\n<td data-start=\"1076\" data-end=\"1089\" data-col-size=\"sm\">Typ podlahy<\/td>\n<td data-start=\"1089\" data-end=\"1123\" data-col-size=\"md\"><strong data-start=\"1091\" data-end=\"1121\">Podlaha z p\u0159ekli\u017eky pro n\u00e1mo\u0159n\u00ed pou\u017eit\u00ed<\/strong><\/td>\n<\/tr>\n<tr data-start=\"1124\" data-end=\"1190\">\n<td data-start=\"1124\" data-end=\"1146\" data-col-size=\"sm\">Nosnost podlahy<\/td>\n<td data-start=\"1146\" data-end=\"1190\" data-col-size=\"md\">Vhodn\u00e9 pro t\u011b\u017ek\u00e9 palety a stroje<\/td>\n<\/tr>\n<tr data-start=\"1191\" data-end=\"1225\">\n<td data-start=\"1191\" data-end=\"1203\" data-col-size=\"sm\">Typ dve\u0159\u00ed<\/td>\n<td data-col-size=\"md\" data-start=\"1203\" data-end=\"1225\">Dvojit\u00e9 n\u00e1kladn\u00ed dve\u0159e<\/td>\n<\/tr>\n<tr data-start=\"1226\" data-end=\"1255\">\n<td data-start=\"1226\" data-end=\"1242\" data-col-size=\"sm\">Um\u00edst\u011bn\u00ed dve\u0159\u00ed<\/td>\n<td data-start=\"1242\" data-end=\"1255\" data-col-size=\"md\">P\u0159edn\u00ed \u010d\u00e1st<\/td>\n<\/tr>\n<tr data-start=\"1256\" data-end=\"1301\">\n<td data-start=\"1256\" data-end=\"1277\" data-col-size=\"sm\">\u0160\u00ed\u0159ka otev\u0159en\u00ed dve\u0159\u00ed<\/td>\n<td data-start=\"1277\" data-end=\"1301\" data-col-size=\"md\">cca <strong data-start=\"1287\" data-end=\"1299\">2 340 mm<\/strong><\/td>\n<\/tr>\n<tr data-start=\"1302\" data-end=\"1348\">\n<td data-start=\"1302\" data-end=\"1324\" data-col-size=\"sm\">V\u00fd\u0161ka otev\u0159en\u00ed dve\u0159\u00ed<\/td>\n<td data-start=\"1324\" data-end=\"1348\" data-col-size=\"md\">cca <strong data-start=\"1334\" data-end=\"1346\">2 585 mm<\/strong><\/td>\n<\/tr>\n<tr data-start=\"1349\" data-end=\"1403\">\n<td data-start=\"1349\" data-end=\"1365\" data-col-size=\"sm\">Dve\u0159n\u00ed kov\u00e1n\u00ed<\/td>\n<td data-start=\"1365\" data-end=\"1403\" data-col-size=\"md\">T\u011b\u017ek\u00e9 uzamykac\u00ed ty\u010de a z\u00e1v\u011bsy<\/td>\n<\/tr>\n<tr data-start=\"1404\" data-end=\"1453\">\n<td data-start=\"1404\" data-end=\"1425\" data-col-size=\"sm\">Ochrana p\u0159ed pov\u011btrnostn\u00edmi vlivy<\/td>\n<td data-col-size=\"md\" data-start=\"1425\" data-end=\"1453\"><strong data-start=\"1427\" data-end=\"1451\">V\u011btru a vodot\u011bsnost<\/strong><\/td>\n<\/tr>\n<tr data-start=\"1454\" data-end=\"1500\">\n<td data-start=\"1454\" data-end=\"1468\" data-col-size=\"sm\">Ventilace<\/td>\n<td data-col-size=\"md\" data-start=\"1468\" data-end=\"1500\">Pasivn\u00ed v\u011btrac\u00ed otvory<\/td>\n<\/tr>\n<tr data-start=\"1501\" data-end=\"1544\">\n<td data-start=\"1501\" data-end=\"1516\" data-col-size=\"sm\">Stohovatelnost<\/td>\n<td data-start=\"1516\" data-end=\"1544\" data-col-size=\"md\">V souladu s ISO, stohovateln\u00e9<\/td>\n<\/tr>\n<tr data-start=\"1545\" data-end=\"1623\">\n<td data-start=\"1545\" data-end=\"1570\" data-col-size=\"sm\">Kompatibilita manipulace<\/td>\n<td data-start=\"1570\" data-end=\"1623\" data-col-size=\"md\">Je\u0159\u00e1b, vysokozdvi\u017en\u00fd voz\u00edk, vysokozdvi\u017en\u00fd voz\u00edk, kontejnerov\u00fd podvozek<\/td>\n<\/tr>\n<tr data-start=\"1624\" data-end=\"1683\">\n<td data-start=\"1624\" data-end=\"1650\" data-col-size=\"sm\">Kompatibilita s dopravou<\/td>\n<td data-col-size=\"md\" data-start=\"1650\" data-end=\"1683\">Silni\u010dn\u00ed, \u017eelezni\u010dn\u00ed a n\u00e1mo\u0159n\u00ed doprava<\/td>\n<\/tr>\n<tr data-start=\"1684\" data-end=\"1700\">\n<td data-start=\"1684\" data-end=\"1692\" data-col-size=\"sm\">Barva<\/td>\n<td data-start=\"1692\" data-end=\"1700\" data-col-size=\"md\">Modr\u00e1<\/td>\n<\/tr>\n<tr data-start=\"1701\" data-end=\"1761\">\n<td data-start=\"1701\" data-end=\"1723\" data-col-size=\"sm\">Vhodnost pro venkovn\u00ed pou\u017eit\u00ed<\/td>\n<td data-col-size=\"md\" data-start=\"1723\" data-end=\"1761\">Navr\u017eeno pro dlouhodob\u00e9 venkovn\u00ed pou\u017eit\u00ed<\/td>\n<\/tr>\n<tr data-start=\"1762\" data-end=\"1827\">\n<td data-start=\"1762\" data-end=\"1778\" data-col-size=\"sm\">Certifikace<\/td>\n<td data-start=\"1778\" data-end=\"1827\" data-col-size=\"md\">V souladu s ISO, certifikov\u00e1no CSC (v z\u00e1vislosti na jednotce)<\/td>\n<\/tr>\n<\/tbody>\n<\/table>\n<\/div>\n<\/div>\n","protected":false},"excerpt":{"rendered":"<p>Tento <strong data-start=\"269\" data-end=\"334\">20stop\u00fd p\u0159epravn\u00ed kontejner High Cube v modr\u00e9 barv\u011b, ve stavu po jedn\u00e9 cest\u011b<\/strong>, je t\u00e9m\u011b\u0159 nov\u00fd kontejner ISO ur\u010den\u00fd pro profesion\u00e1ln\u00ed skladov\u00e1n\u00ed, p\u0159epravu a pr\u016fmyslov\u00e9 pou\u017eit\u00ed. Konfigurace High Cube poskytuje zv\u00fd\u0161enou vnit\u0159n\u00ed v\u00fd\u0161ku, co\u017e umo\u017e\u0148uje v\u011bt\u0161\u00ed vertik\u00e1ln\u00ed \u00falo\u017en\u00fd prostor a lep\u0161\u00ed vyu\u017eitelnost pro paletovan\u00e9 zbo\u017e\u00ed, stroje a reg\u00e1lov\u00e9 syst\u00e9my. <\/p>\n","protected":false},"featured_media":482,"comment_status":"open","ping_status":"closed","template":"","meta":{"_kad_blocks_custom_css":"","_kad_blocks_head_custom_js":"","_kad_blocks_body_custom_js":"","_kad_blocks_footer_custom_js":"","_kad_post_transparent":"","_kad_post_title":"","_kad_post_layout":"","_kad_post_sidebar_id":"","_kad_post_content_style":"","_kad_post_vertical_padding":"","_kad_post_feature":"","_kad_post_feature_position":"","_kad_post_header":false,"_kad_post_footer":false,"_kad_post_classname":""},"product_brand":[],"product_cat":[440,439,438],"product_tag":[444,442,441,443,445,446],"product_brands":[313],"class_list":{"0":"post-2783","1":"product","2":"type-product","3":"status-publish","4":"has-post-thumbnail","6":"product_cat-20ft-kontejner","7":"product_cat-pouzite-prepravni-kontejnery","8":"product_cat-standardni-kontejnery","9":"product_tag-20-stop-dlouhy-kontejner","10":"product_tag-20-stop-vysoky-kontejner-ve-tvaru-kostky","11":"product_tag-20stope-prepravni-kontejnery","12":"product_tag-koupit-20ft-kontejnerovou-garaz","13":"product_tag-levny-20ft-kontejner","14":"product_tag-rozmery-20stopeho-kontejneru","15":"pa_container-condition-novy-jednorazovy","16":"pa_container-type-standardni-kontejner","17":"pa_contanier-size-20-stop-vysoka-kostka","18":"product_brands-leixoes-portugal","20":"first","21":"instock","22":"taxable","23":"shipping-taxable","24":"purchasable","25":"product-type-simple","26":"entry","27":"content-bg","28":"loop-entry"},"taxonomy_info":{"product_cat":[{"value":440,"label":"20ft Kontejner"},{"value":439,"label":"Pou\u017eit\u00e9 p\u0159epravn\u00ed kontejnery"},{"value":438,"label":"Standardn\u00ed kontejnery"}],"product_tag":[{"value":444,"label":"20 stop dlouh\u00fd kontejner"},{"value":442,"label":"20 stop vysok\u00fd kontejner ve tvaru kostky"},{"value":441,"label":"20stop\u00e9 p\u0159epravn\u00ed kontejnery"},{"value":443,"label":"koupit 20ft kontejnerovou gar\u00e1\u017e"},{"value":445,"label":"levn\u00fd 20ft kontejner"},{"value":446,"label":"Rozm\u011bry 20stop\u00e9ho kontejneru"}],"pa_container-condition":[{"value":405,"label":"Nov\u00fd (jednor\u00e1zov\u00fd)"}],"pa_container-type":[{"value":436,"label":"Standardn\u00ed kontejner"}],"pa_contanier-size":[{"value":437,"label":"20 stop vysok\u00e1 kostka"}],"product_brands":[{"value":313,"label":"Leix\u00f5es, Portugal"}]},"featured_image_src_large":["https:\/\/olborglogistics.com\/wp-content\/uploads\/2025\/12\/20FT-High-Cube-Container-RAL-5010-HZK-1024x768.jpg",1021,766,true],"author_info":[],"comment_info":0,"_links":{"self":[{"href":"https:\/\/olborglogistics.com\/cs\/wp-json\/wp\/v2\/product\/2783","targetHints":{"allow":["GET"]}}],"collection":[{"href":"https:\/\/olborglogistics.com\/cs\/wp-json\/wp\/v2\/product"}],"about":[{"href":"https:\/\/olborglogistics.com\/cs\/wp-json\/wp\/v2\/types\/product"}],"replies":[{"embeddable":true,"href":"https:\/\/olborglogistics.com\/cs\/wp-json\/wp\/v2\/comments?post=2783"}],"wp:featuredmedia":[{"embeddable":true,"href":"https:\/\/olborglogistics.com\/cs\/wp-json\/wp\/v2\/media\/482"}],"wp:attachment":[{"href":"https:\/\/olborglogistics.com\/cs\/wp-json\/wp\/v2\/media?parent=2783"}],"wp:term":[{"taxonomy":"product_brand","embeddable":true,"href":"https:\/\/olborglogistics.com\/cs\/wp-json\/wp\/v2\/product_brand?post=2783"},{"taxonomy":"product_cat","embeddable":true,"href":"https:\/\/olborglogistics.com\/cs\/wp-json\/wp\/v2\/product_cat?post=2783"},{"taxonomy":"product_tag","embeddable":true,"href":"https:\/\/olborglogistics.com\/cs\/wp-json\/wp\/v2\/product_tag?post=2783"},{"taxonomy":"product_brands","embeddable":true,"href":"https:\/\/olborglogistics.com\/cs\/wp-json\/wp\/v2\/product_brands?post=2783"}],"curies":[{"name":"wp","href":"https:\/\/api.w.org\/{rel}","templated":true}]}}