{"id":2774,"date":"2025-12-22T22:36:40","date_gmt":"2025-12-22T22:36:40","guid":{"rendered":"https:\/\/olborglogistics.com\/product\/10stopy-skladovaci-kontejner-s-oknem-a-bocnimi-dvermi\/"},"modified":"2025-12-22T22:36:40","modified_gmt":"2025-12-22T22:36:40","slug":"10stopy-skladovaci-kontejner-s-oknem-a-bocnimi-dvermi","status":"publish","type":"product","link":"https:\/\/olborglogistics.com\/cs\/produkt\/10stopy-skladovaci-kontejner-s-oknem-a-bocnimi-dvermi\/","title":{"rendered":"10stop\u00fd skladovac\u00ed kontejner s oknem a bo\u010dn\u00edmi dve\u0159mi."},"content":{"rendered":"<p data-start=\"507\" data-end=\"870\"><strong data-start=\"511\" data-end=\"571\">Desetistop\u00fd skladovac\u00ed kontejner s oknem a bo\u010dn\u00edmi dve\u0159mi &#8211; b\u00edl\u00fd<\/strong> je ur\u010den pro z\u00e1kazn\u00edky, kte\u0159\u00ed pot\u0159ebuj\u00ed <strong data-start=\"609\" data-end=\"651\">funk\u010dn\u00ed a dostupnou skladovac\u00ed jednotku<\/strong> v kompaktn\u00edm form\u00e1tu. Na rozd\u00edl od standardn\u00edch kontejner\u016f s koncov\u00fdmi dve\u0159mi je tento model vybaven dodate\u010dn\u00fdmi <strong data-start=\"744\" data-end=\"764\">bo\u010dn\u00edmi p\u0159\u00edstupov\u00fdmi dve\u0159mi<\/strong> a <strong data-start=\"771\" data-end=\"781\">oknem<\/strong>, co\u017e je prakti\u010dt\u011bj\u0161\u00ed pro \u010dast\u00e9 pou\u017e\u00edv\u00e1n\u00ed a lep\u0161\u00ed viditelnost uvnit\u0159 kontejneru. <\/p>\n<p data-start=\"872\" data-end=\"1192\">Kontejner je vyroben z odoln\u00e9 <strong data-start=\"897\" data-end=\"913\">kortenov\u00e9 oceli<\/strong> a nab\u00edz\u00ed spolehlivou ochranu p\u0159ed pov\u011btrnostn\u00edmi vlivy a vn\u011bj\u0161\u00edmi vlivy. B\u00edl\u00e1 vn\u011bj\u0161\u00ed \u00faprava mu dod\u00e1v\u00e1 \u010dist\u00fd, profesion\u00e1ln\u00ed vzhled, tak\u017ee je vhodn\u00fd pro pou\u017eit\u00ed na staveni\u0161t\u00edch, v komer\u010dn\u00edch prostor\u00e1ch, obytn\u00fdch objektech nebo v lehk\u00e9m pr\u016fmyslu. <\/p>\n<p data-start=\"1194\" data-end=\"1533\"><strong data-start=\"1198\" data-end=\"1211\">Bo\u010dn\u00ed dve\u0159e<\/strong> umo\u017e\u0148uj\u00ed pohodln\u00fd vstup bez nutnosti \u00fapln\u00e9ho otev\u0159en\u00ed hlavn\u00edch n\u00e1kladov\u00fdch dve\u0159\u00ed, zat\u00edmco <strong data-start=\"1290\" data-end=\"1300\">okno<\/strong> poskytuje p\u0159irozen\u00e9 denn\u00ed sv\u011btlo, \u010d\u00edm\u017e sni\u017euje pot\u0159ebu neust\u00e1l\u00e9ho um\u011bl\u00e9ho osv\u011btlen\u00ed b\u011bhem denn\u00edho provozu. Interi\u00e9r je otev\u0159en\u00fd a univerz\u00e1ln\u00ed, vhodn\u00fd pro ulo\u017een\u00ed n\u00e1\u0159ad\u00ed, materi\u00e1lu, vybaven\u00ed nebo slou\u017e\u00edc\u00ed jako mal\u00fd pracovn\u00ed prostor \u010di technick\u00e1 m\u00edstnost. <\/p>\n<p data-start=\"1535\" data-end=\"1703\">Tento kontejner se b\u011b\u017en\u011b pou\u017e\u00edv\u00e1 pro skladov\u00e1n\u00ed na staveni\u0161ti, v m\u00edstnostech pro \u00fadr\u017ebu, na zahrad\u011b nebo na pozemku a v do\u010dasn\u00fdch pracovn\u00edch prostor\u00e1ch, kde je d\u016fle\u017eit\u00e1 dostupnost a pohodl\u00ed.<\/p>\n<hr data-start=\"1705\" data-end=\"1708\">\n<h2 data-start=\"1710\" data-end=\"1737\">Technick\u00e9 specifikace<\/h2>\n<h3 data-start=\"1739\" data-end=\"1762\">Obecn\u00e9 informace<\/h3>\n<div class=\"TyagGW_tableContainer\">\n<div class=\"group TyagGW_tableWrapper flex w-fit flex-col-reverse\" tabindex=\"-1\">\n<table class=\"w-fit min-w-(--thread-content-width)\" data-start=\"1764\" data-end=\"2145\">\n<thead data-start=\"1764\" data-end=\"1791\">\n<tr data-start=\"1764\" data-end=\"1791\">\n<th data-start=\"1764\" data-end=\"1774\" data-col-size=\"sm\">Funkce<\/th>\n<th data-start=\"1774\" data-end=\"1791\" data-col-size=\"md\">Specifikace<\/th>\n<\/tr>\n<\/thead>\n<tbody data-start=\"1815\" data-end=\"2145\">\n<tr data-start=\"1815\" data-end=\"1858\">\n<td data-start=\"1815\" data-end=\"1832\" data-col-size=\"sm\">Typ kontejneru<\/td>\n<td data-col-size=\"md\" data-start=\"1832\" data-end=\"1858\">10stop\u00fd skladovac\u00ed kontejner<\/td>\n<\/tr>\n<tr data-start=\"1859\" data-end=\"1877\">\n<td data-start=\"1859\" data-end=\"1868\" data-col-size=\"sm\">Barva<\/td>\n<td data-col-size=\"md\" data-start=\"1868\" data-end=\"1877\">B\u00edl\u00e1<\/td>\n<\/tr>\n<tr data-start=\"1878\" data-end=\"1905\">\n<td data-start=\"1878\" data-end=\"1889\" data-col-size=\"sm\">Materi\u00e1l<\/td>\n<td data-col-size=\"md\" data-start=\"1889\" data-end=\"1905\">Cortenov\u00e1 ocel<\/td>\n<\/tr>\n<tr data-start=\"1906\" data-end=\"1932\">\n<td data-start=\"1906\" data-end=\"1914\" data-col-size=\"sm\">Podlaha<\/td>\n<td data-start=\"1914\" data-end=\"1932\" data-col-size=\"md\">N\u00e1mo\u0159n\u00ed p\u0159ekli\u017eka<\/td>\n<\/tr>\n<tr data-start=\"1933\" data-end=\"1984\">\n<td data-start=\"1933\" data-end=\"1941\" data-col-size=\"sm\">Dve\u0159e<\/td>\n<td data-start=\"1941\" data-end=\"1984\" data-col-size=\"md\">Bo\u010dn\u00ed p\u0159\u00edstupov\u00e9 dve\u0159e + standardn\u00ed n\u00e1kladov\u00e9 dve\u0159e<\/td>\n<\/tr>\n<tr data-start=\"1985\" data-end=\"2049\">\n<td data-start=\"1985\" data-end=\"1994\" data-col-size=\"sm\">Okno<\/td>\n<td data-start=\"1994\" data-end=\"2049\" data-col-size=\"md\">Ano (p\u0159\u00edpadn\u011b s bezpe\u010dnostn\u00edmi m\u0159\u00ed\u017eemi nebo okenicemi)<\/td>\n<\/tr>\n<tr data-start=\"2050\" data-end=\"2098\">\n<td data-start=\"2050\" data-end=\"2067\" data-col-size=\"sm\">Uzamykac\u00ed syst\u00e9m<\/td>\n<td data-col-size=\"md\" data-start=\"2067\" data-end=\"2098\">Bezpe\u010dn\u00fd ocelov\u00fd uzamykac\u00ed syst\u00e9m<\/td>\n<\/tr>\n<tr data-start=\"2099\" data-end=\"2125\">\n<td data-start=\"2099\" data-end=\"2118\" data-col-size=\"sm\">Kapsy pro vysokozdvi\u017en\u00fd voz\u00edk<\/td>\n<td data-col-size=\"md\" data-start=\"2118\" data-end=\"2125\">Ano<\/td>\n<\/tr>\n<tr data-start=\"2126\" data-end=\"2145\">\n<td data-start=\"2126\" data-end=\"2138\" data-col-size=\"sm\">Stohovateln\u00e9<\/td>\n<td data-col-size=\"md\" data-start=\"2138\" data-end=\"2145\">Ano<\/td>\n<\/tr>\n<\/tbody>\n<\/table>\n<\/div>\n<\/div>\n<hr data-start=\"2147\" data-end=\"2150\">\n<h3 data-start=\"2152\" data-end=\"2175\">Vn\u011bj\u0161\u00ed rozm\u011bry<\/h3>\n<div class=\"TyagGW_tableContainer\">\n<div class=\"group TyagGW_tableWrapper flex w-fit flex-col-reverse\" tabindex=\"-1\">\n<table class=\"w-fit min-w-(--thread-content-width)\" data-start=\"2177\" data-end=\"2289\">\n<thead data-start=\"2177\" data-end=\"2200\">\n<tr data-start=\"2177\" data-end=\"2200\">\n<th data-start=\"2177\" data-end=\"2191\" data-col-size=\"sm\">M\u011b\u0159en\u00ed<\/th>\n<th data-start=\"2191\" data-end=\"2200\" data-col-size=\"sm\">Hodnota<\/th>\n<\/tr>\n<\/thead>\n<tbody data-start=\"2217\" data-end=\"2289\">\n<tr data-start=\"2217\" data-end=\"2246\">\n<td data-start=\"2217\" data-end=\"2226\" data-col-size=\"sm\">D\u00e9lka<\/td>\n<td data-start=\"2226\" data-end=\"2246\" data-col-size=\"sm\">P\u0159ibli\u017en\u011b 2 991 mm<\/td>\n<\/tr>\n<tr data-start=\"2247\" data-end=\"2267\">\n<td data-start=\"2247\" data-end=\"2255\" data-col-size=\"sm\">\u0160\u00ed\u0159ka<\/td>\n<td data-col-size=\"sm\" data-start=\"2255\" data-end=\"2267\">2 438 mm<\/td>\n<\/tr>\n<tr data-start=\"2268\" data-end=\"2289\">\n<td data-start=\"2268\" data-end=\"2277\" data-col-size=\"sm\">V\u00fd\u0161ka<\/td>\n<td data-col-size=\"sm\" data-start=\"2277\" data-end=\"2289\">2 591 mm<\/td>\n<\/tr>\n<\/tbody>\n<\/table>\n<\/div>\n<\/div>\n<hr data-start=\"2291\" data-end=\"2294\">\n<h3 data-start=\"2296\" data-end=\"2319\">Vnit\u0159n\u00ed rozm\u011bry<\/h3>\n<div class=\"TyagGW_tableContainer\">\n<div class=\"group TyagGW_tableWrapper flex w-fit flex-col-reverse\" tabindex=\"-1\">\n<table class=\"w-fit min-w-(--thread-content-width)\" data-start=\"2321\" data-end=\"2449\">\n<thead data-start=\"2321\" data-end=\"2344\">\n<tr data-start=\"2321\" data-end=\"2344\">\n<th data-start=\"2321\" data-end=\"2335\" data-col-size=\"sm\">M\u011b\u0159en\u00ed<\/th>\n<th data-start=\"2335\" data-end=\"2344\" data-col-size=\"sm\">Hodnota<\/th>\n<\/tr>\n<\/thead>\n<tbody data-start=\"2361\" data-end=\"2449\">\n<tr data-start=\"2361\" data-end=\"2390\">\n<td data-start=\"2361\" data-end=\"2370\" data-col-size=\"sm\">D\u00e9lka<\/td>\n<td data-start=\"2370\" data-end=\"2390\" data-col-size=\"sm\">P\u0159ibli\u017en\u011b 2 830 mm<\/td>\n<\/tr>\n<tr data-start=\"2391\" data-end=\"2419\">\n<td data-start=\"2391\" data-end=\"2399\" data-col-size=\"sm\">\u0160\u00ed\u0159ka<\/td>\n<td data-col-size=\"sm\" data-start=\"2399\" data-end=\"2419\">P\u0159ibli\u017en\u011b 2 350 mm<\/td>\n<\/tr>\n<tr data-start=\"2420\" data-end=\"2449\">\n<td data-start=\"2420\" data-end=\"2429\" data-col-size=\"sm\">V\u00fd\u0161ka<\/td>\n<td data-start=\"2429\" data-end=\"2449\" data-col-size=\"sm\">P\u0159ibli\u017en\u011b 2 390 mm<\/td>\n<\/tr>\n<\/tbody>\n<\/table>\n<\/div>\n<\/div>\n<hr data-start=\"2451\" data-end=\"2454\">\n<h3 data-start=\"2456\" data-end=\"2477\">P\u0159\u00edstup a funkce<\/h3>\n<div class=\"TyagGW_tableContainer\">\n<div class=\"group TyagGW_tableWrapper flex w-fit flex-col-reverse\" tabindex=\"-1\">\n<table class=\"w-fit min-w-(--thread-content-width)\" data-start=\"2479\" data-end=\"2668\">\n<thead data-start=\"2479\" data-end=\"2500\">\n<tr data-start=\"2479\" data-end=\"2500\">\n<th data-start=\"2479\" data-end=\"2489\" data-col-size=\"sm\">Funkce<\/th>\n<th data-start=\"2489\" data-end=\"2500\" data-col-size=\"sm\">Podrobnosti<\/th>\n<\/tr>\n<\/thead>\n<tbody data-start=\"2519\" data-end=\"2668\">\n<tr data-start=\"2519\" data-end=\"2555\">\n<td data-start=\"2519\" data-end=\"2531\" data-col-size=\"sm\">Bo\u010dn\u00ed dve\u0159e<\/td>\n<td data-col-size=\"sm\" data-start=\"2531\" data-end=\"2555\">Ocelov\u00e9 person\u00e1ln\u00ed dve\u0159e<\/td>\n<\/tr>\n<tr data-start=\"2556\" data-end=\"2599\">\n<td data-start=\"2556\" data-end=\"2565\" data-col-size=\"sm\">Okno<\/td>\n<td data-col-size=\"sm\" data-start=\"2565\" data-end=\"2599\">Pevn\u00e9 okno pro p\u0159irozen\u00e9 sv\u011btlo<\/td>\n<\/tr>\n<tr data-start=\"2600\" data-end=\"2623\">\n<td data-start=\"2600\" data-end=\"2616\" data-col-size=\"sm\">T\u011bsn\u00e9 po\u010das\u00ed<\/td>\n<td data-start=\"2616\" data-end=\"2623\" data-col-size=\"sm\">Ano<\/td>\n<\/tr>\n<tr data-start=\"2624\" data-end=\"2668\">\n<td data-start=\"2624\" data-end=\"2635\" data-col-size=\"sm\">Zabezpe\u010den\u00ed<\/td>\n<td data-start=\"2635\" data-end=\"2668\" data-col-size=\"sm\">Zes\u00edlen\u00e1 ocelov\u00e1 konstrukce<\/td>\n<\/tr>\n<\/tbody>\n<\/table>\n<\/div>\n<\/div>\n<hr data-start=\"2670\" data-end=\"2673\">\n<h3 data-start=\"2675\" data-end=\"2699\">Typick\u00e9 aplikace<\/h3>\n<div class=\"TyagGW_tableContainer\">\n<div class=\"group TyagGW_tableWrapper flex w-fit flex-col-reverse\" tabindex=\"-1\">\n<table class=\"w-fit min-w-(--thread-content-width)\" data-start=\"2701\" data-end=\"2871\">\n<thead data-start=\"2701\" data-end=\"2713\">\n<tr data-start=\"2701\" data-end=\"2713\">\n<th data-start=\"2701\" data-end=\"2713\" data-col-size=\"sm\">P\u0159\u00edpad pou\u017eit\u00ed<\/th>\n<\/tr>\n<\/thead>\n<tbody data-start=\"2725\" data-end=\"2871\">\n<tr data-start=\"2725\" data-end=\"2753\">\n<td data-start=\"2725\" data-end=\"2753\" data-col-size=\"sm\">Skladov\u00e1n\u00ed n\u00e1\u0159ad\u00ed a vybaven\u00ed<\/td>\n<\/tr>\n<tr data-start=\"2754\" data-end=\"2783\">\n<td data-start=\"2754\" data-end=\"2783\" data-col-size=\"sm\">Skladov\u00e1n\u00ed na staveni\u0161ti<\/td>\n<\/tr>\n<tr data-start=\"2784\" data-end=\"2814\">\n<td data-start=\"2784\" data-end=\"2814\" data-col-size=\"sm\">Skladov\u00e1n\u00ed na zahrad\u011b nebo na pozemku<\/td>\n<\/tr>\n<tr data-start=\"2815\" data-end=\"2835\">\n<td data-start=\"2815\" data-end=\"2835\" data-col-size=\"sm\">M\u00edstnost pro \u00fadr\u017ebu<\/td>\n<\/tr>\n<tr data-start=\"2836\" data-end=\"2871\">\n<td data-start=\"2836\" data-end=\"2871\" data-col-size=\"sm\">Mal\u00fd pracovn\u00ed prostor nebo u\u017eitkov\u00e1 jednotka<\/td>\n<\/tr>\n<\/tbody>\n<\/table>\n<\/div>\n<\/div>\n","protected":false},"excerpt":{"rendered":"<p>Desetistop\u00fd skladovac\u00ed kontejner s oknem a bo\u010dn\u00edmi dve\u0159mi v b\u00edl\u00e9 barv\u011b je kompaktn\u00ed a bezpe\u010dn\u00e9 \u0159e\u0161en\u00ed pro skladov\u00e1n\u00ed se snadn\u00fdm p\u0159\u00edstupem a p\u0159irozen\u00fdm sv\u011btlem. Ide\u00e1ln\u00ed pro n\u00e1\u0159ad\u00ed, vybaven\u00ed nebo skladov\u00e1n\u00ed na staveni\u0161ti, kde z\u00e1le\u017e\u00ed na prostoru, viditelnosti a pohodl\u00ed. <\/p>\n","protected":false},"featured_media":608,"comment_status":"open","ping_status":"closed","template":"","meta":{"_kad_blocks_custom_css":"","_kad_blocks_head_custom_js":"","_kad_blocks_body_custom_js":"","_kad_blocks_footer_custom_js":"","_kad_post_transparent":"","_kad_post_title":"","_kad_post_layout":"","_kad_post_sidebar_id":"","_kad_post_content_style":"","_kad_post_vertical_padding":"","_kad_post_feature":"","_kad_post_feature_position":"","_kad_post_header":false,"_kad_post_footer":false,"_kad_post_classname":""},"product_brand":[],"product_cat":[410,409],"product_tag":[],"product_brands":[311],"class_list":{"0":"post-2774","1":"product","2":"type-product","3":"status-publish","4":"has-post-thumbnail","6":"product_cat-10stopy-kontejner","7":"product_cat-skladovaci-kontejnery","8":"pa_container-condition-novy-jednorazovy","9":"pa_container-type-ulozny-kontejner","10":"pa_contanier-size-10-stop","11":"product_brands-swiety-marcin-poland","13":"first","14":"instock","15":"sale","16":"taxable","17":"shipping-taxable","18":"purchasable","19":"product-type-simple","20":"entry","21":"content-bg","22":"loop-entry"},"taxonomy_info":{"product_cat":[{"value":410,"label":"10stop\u00fd kontejner"},{"value":409,"label":"Skladovac\u00ed kontejnery"}],"pa_container-condition":[{"value":405,"label":"Nov\u00fd (jednor\u00e1zov\u00fd)"}],"pa_container-type":[{"value":407,"label":"\u00dalo\u017en\u00fd kontejner"}],"pa_contanier-size":[{"value":408,"label":"10 stop"}],"product_brands":[{"value":311,"label":"\u015awi\u0119ty Marcin, Poland"}]},"featured_image_src_large":["https:\/\/olborglogistics.com\/wp-content\/uploads\/2025\/12\/Weiser-10-Fus-Lagercontainer-mit-Fenster-an-der-Seite-1024x768.png",1021,766,true],"author_info":[],"comment_info":0,"_links":{"self":[{"href":"https:\/\/olborglogistics.com\/cs\/wp-json\/wp\/v2\/product\/2774","targetHints":{"allow":["GET"]}}],"collection":[{"href":"https:\/\/olborglogistics.com\/cs\/wp-json\/wp\/v2\/product"}],"about":[{"href":"https:\/\/olborglogistics.com\/cs\/wp-json\/wp\/v2\/types\/product"}],"replies":[{"embeddable":true,"href":"https:\/\/olborglogistics.com\/cs\/wp-json\/wp\/v2\/comments?post=2774"}],"wp:featuredmedia":[{"embeddable":true,"href":"https:\/\/olborglogistics.com\/cs\/wp-json\/wp\/v2\/media\/608"}],"wp:attachment":[{"href":"https:\/\/olborglogistics.com\/cs\/wp-json\/wp\/v2\/media?parent=2774"}],"wp:term":[{"taxonomy":"product_brand","embeddable":true,"href":"https:\/\/olborglogistics.com\/cs\/wp-json\/wp\/v2\/product_brand?post=2774"},{"taxonomy":"product_cat","embeddable":true,"href":"https:\/\/olborglogistics.com\/cs\/wp-json\/wp\/v2\/product_cat?post=2774"},{"taxonomy":"product_tag","embeddable":true,"href":"https:\/\/olborglogistics.com\/cs\/wp-json\/wp\/v2\/product_tag?post=2774"},{"taxonomy":"product_brands","embeddable":true,"href":"https:\/\/olborglogistics.com\/cs\/wp-json\/wp\/v2\/product_brands?post=2774"}],"curies":[{"name":"wp","href":"https:\/\/api.w.org\/{rel}","templated":true}]}}