{"id":2717,"date":"2025-12-20T09:12:46","date_gmt":"2025-12-20T09:12:46","guid":{"rendered":"https:\/\/olborglogistics.com\/zasady-prepravy\/"},"modified":"2026-02-17T01:19:41","modified_gmt":"2026-02-17T01:19:41","slug":"zasady-prepravy","status":"publish","type":"page","link":"https:\/\/olborglogistics.com\/cs\/zasady-prepravy\/","title":{"rendered":"Z\u00e1sady p\u0159epravy"},"content":{"rendered":"\n<p>N\u00e1kup p\u0159epravn\u00edho kontejneru online nen\u00ed \u00fapln\u011b stejn\u00fd jako objedn\u00e1vka n\u011b\u010deho, co p\u0159ijde v krabici. Pokud n\u00e1kup zahrnuje krabici &#8211; a ta m\u016f\u017ee v\u00e1\u017eit a\u017e 8 000 liber -, je t\u0159eba trochu v\u00edce pl\u00e1nov\u00e1n\u00ed a koordinace. <\/p>\n\n<p>Tento pr\u016fvodce vysv\u011btluje, jak se p\u0159epravn\u00ed kontejnery dod\u00e1vaj\u00ed, jak\u00e9 jsou s t\u00edm spojen\u00e9 n\u00e1klady a jak p\u0159ipravit m\u00edsto na dod\u00e1n\u00ed.<\/p>\n\n<h3 class=\"wp-block-heading\"><strong><em>Po\u017eadavky na prostor a m\u00edsto<br\/><\/em><\/strong><\/h3>\n\n<p>Ka\u017ed\u00fd zp\u016fsob p\u0159epravy kontejner\u016f m\u00e1 sv\u00e9 vlastn\u00ed po\u017eadavky na prostor a p\u0159\u00edstup. Zde je obecn\u00fd pr\u016fvodce.<br\/>Region Metoda D\u00e9lka Voln\u00fd prostor V\u00fd\u0161ka Voln\u00fd prostor \u0160\u00ed\u0159ka Voln\u00fd prostor Maxim\u00e1ln\u00ed hmotnost vozidla<br\/>Evropa Bo\u010dn\u00ed zved\u00e1k 18,75 m \/ 61,5 ft 4 m \/ 13 ft 7 m \/ 23 ft Do 40 tun<br\/>Evropa Autoje\u0159\u00e1b 18,75 m \/ 61,5 ft 4 m \/ 13 ft 3,65 m \/ 12 ft Do 40 tun <\/p>\n\n<p><em>*Pokud jsou v m\u00edst\u011b dod\u00e1n\u00ed n\u00edzko zav\u011b\u0161en\u00e9 dr\u00e1ty, mus\u00ed b\u00fdt ve v\u00fd\u0161ce alespo\u0148 18 stop nad zem\u00ed, aby bylo mo\u017en\u00e9 prov\u00e9st dod\u00e1vku na skl\u00e1p\u011bc\u00edm l\u016f\u017eku.<\/em><\/p>\n\n<p>Pokud va\u0161e lokalita tento typ p\u0159\u00edstupu neumo\u017e\u0148uje, pora\u010fte se se z\u00e1stupcem kontejneru. Mohou existovat alternativy, jako je poskytnut\u00ed men\u0161\u00edho p\u0159\u00edv\u011bsu nebo dokonce speci\u00e1ln\u00ed za\u0159\u00edzen\u00ed pro p\u0159em\u00edst\u011bn\u00ed, kter\u00e9 v\u00e1m doru\u010den\u00ed usnadn\u00ed. <\/p>\n\n<h4 class=\"wp-block-heading\"><strong>N\u00e1klady na dod\u00e1n\u00ed n\u00e1mo\u0159n\u00edho kontejneru<\/strong><\/h4>\n\n<p>N\u00e1klady na doru\u010den\u00ed p\u0159epravn\u00edch kontejner\u016f z\u00e1vis\u00ed na n\u011bkolika faktorech, v\u010detn\u011b vzd\u00e1lenosti, p\u0159\u00edstupov\u00fdch podm\u00ednek, silni\u010dn\u00edch omezen\u00ed a dostupnosti m\u00edstn\u00edch \u0159idi\u010d\u016f. N\u00ed\u017ee jsou uvedeny hrub\u00e9 odhady, kter\u00e9 v\u00e1m pomohou p\u0159i pl\u00e1nov\u00e1n\u00ed rozpo\u010dtu. <\/p>\n\n<p>Dod\u00e1vky se vypo\u010d\u00edt\u00e1vaj\u00ed na z\u00e1klad\u011b tras pro t\u011b\u017ek\u00e9 n\u00e1kladn\u00ed automobily, kter\u00e9 se pokud mo\u017eno vyh\u00fdbaj\u00ed zpoplatn\u011bn\u00fdm silnic\u00edm. Kontejnery lze obvykle doru\u010dit v okruhu 300 mil od depa. Dod\u00e1vky p\u0159es hranice st\u00e1t\u016f v\u0161ak mohou b\u00fdt zpoplatn\u011bny.  <\/p>\n\n<p>M\u00edstn\u00ed rozvoz skl\u00e1p\u011b\u010dkou na kr\u00e1tk\u00e9 vzd\u00e1lenosti: p\u0159ibli\u017en\u011b 400-600 EUR<br\/>D\u00e1lkov\u00fd rozvoz (200-300 mil): <br\/> P\u0159eprava s n\u00e1kladem: m\u016f\u017ee b\u00fdt p\u0159ibli\u017en\u011b o 1 euro na m\u00edli levn\u011bj\u0161\u00ed (ale vy\u017eaduje dal\u0161\u00ed vykl\u00e1dac\u00ed za\u0159\u00edzen\u00ed).<\/p>\n\n<p>Tyto \u00fadaje slou\u017e\u00ed pouze pro \u00fa\u010dely sestaven\u00ed rozpo\u010dtu. P\u0159esn\u00e9 n\u00e1klady na dopravu najdete ve sv\u00e9 nab\u00eddce. <\/p>\n\n<h4 class=\"wp-block-heading\"><strong>N\u00e1klady na dod\u00e1n\u00ed v <\/strong><strong>Polsko a dal\u0161\u00ed evropsk\u00e9 zem\u011b<\/strong><\/h4>\n\n<p>N\u00e1klady na doru\u010den\u00ed se po\u010d\u00edtaj\u00ed na z\u00e1klad\u011b t\u011b\u017ek\u00e9 dopravy a jsou zpravidla za kilometr. Kontejnery lze obvykle doru\u010dit v okruhu 400 kilometr\u016f od depa, p\u0159i\u010dem\u017e v p\u0159\u00edpad\u011b nutnosti p\u0159epravy trajektem se \u00fa\u010dtuj\u00ed p\u0159\u00edplatky. <\/p>\n\n<p><strong>Kr\u00e1tk\u00e9 vzd\u00e1lenosti (m\u00edstn\u00ed):<\/strong><br\/>Dod\u00e1vka s mobiln\u00edm je\u0159\u00e1bem: 370-600 EUR<br\/>Dod\u00e1vka s bo\u010dn\u00edm naklada\u010dem: 380-650 EUR<br\/>Dod\u00e1vka na del\u0161\u00ed vzd\u00e1lenosti (300-400 km):<br\/>Dod\u00e1vka s mobiln\u00edm je\u0159\u00e1bem: 1 200-1 550 EUR+<br\/>Dod\u00e1vka s bo\u010dn\u00edm naklada\u010dem: 1 300-1 700 EUR+<br\/>Tyto \u00fadaje slou\u017e\u00ed pouze pro \u00fa\u010dely sestaven\u00ed rozpo\u010dtu. P\u0159esn\u00e9 n\u00e1klady na dod\u00e1n\u00ed naleznete ve sv\u00e9 nab\u00eddce. <\/p>\n\n<p><strong>P\u0159\u00edprava na doru\u010den\u00ed<\/strong><br\/>Abyste zajistili hladk\u00fd pr\u016fb\u011bh doru\u010den\u00ed kontejneru (a vyhnuli se poplatk\u016fm za suchou j\u00edzdu nebo op\u011btovn\u00e9 doru\u010den\u00ed), je d\u016fle\u017eit\u00e9 p\u0159edem p\u0159ipravit m\u00edsto. Mezi z\u00e1kladn\u00ed kroky pat\u0159\u00ed: <\/p>\n\n<p><strong>P\u0159\u00edstup na staveni\u0161t\u011b<\/strong><br\/>Ujist\u011bte se, \u017ee silnice je vhodn\u00e1 pro t\u011b\u017ek\u00fd n\u00e1kladn\u00ed automobil a \u017ee \u0159idi\u010d m\u00e1 dostatek m\u00edsta pro oto\u010den\u00ed a couv\u00e1n\u00ed. Zkontrolujte, zda na trase mezi silnic\u00ed a m\u00edstem ur\u010den\u00ed kontejneru nejsou z\u00e1vory, v\u011btve nebo elektrick\u00e9 veden\u00ed, kter\u00e9 by mohly p\u0159ek\u00e1\u017eet. <\/p>\n\n<p><strong>P\u0159\u00edprava ter\u00e9nu<\/strong><br\/>Aby kontejnery spr\u00e1vn\u011b fungovaly, mus\u00ed b\u00fdt um\u00edst\u011bny na rovn\u00e9m a pevn\u00e9m ter\u00e9nu. Spr\u00e1vn\u00e9 vyrovn\u00e1n\u00ed pom\u00e1h\u00e1 vyhnout se probl\u00e9m\u016fm, jako jsou \u0161patn\u011b nastaven\u00e1 vrata nebo konstruk\u010dn\u00ed nap\u011bt\u00ed, kter\u00e9 by mohly br\u00e1nit budouc\u00edmu pou\u017e\u00edv\u00e1n\u00ed kontejneru. Pokud je v\u00e1\u0161 pozemek m\u011bkk\u00fd nebo nerovn\u00fd, m\u011bli byste vytvo\u0159it z\u00e1klad, nap\u0159\u00edklad \u0161t\u011brkovou nebo betonovou desku. Pokud kontejner umis\u0165ujete pouze do\u010dasn\u011b, pou\u017eijte d\u0159ev\u011bn\u00e9 bloky nebo \u017eelezni\u010dn\u00ed vazn\u00edky, abyste udr\u017eeli jeho rovinu.   <\/p>\n\n<p><strong>Komunikace s \u0159idi\u010dem<\/strong><br\/>Po\u0161lete n\u00e1m p\u0159edem fotografie sv\u00e9 polohy a jasn\u00e9 pokyny. \u010c\u00edm v\u00edce informac\u00ed poskytnete, t\u00edm hlad\u0161\u00ed bude den doru\u010den\u00ed. Pokud se \u0159idi\u010d nem\u016f\u017ee bezpe\u010dn\u011b dostat k va\u0161emu pozemku, m\u016f\u017ee v\u00e1m b\u00fdt cesta &#8211; i zp\u00e1te\u010dn\u00ed &#8211; na\u00fa\u010dtov\u00e1na.  <\/p>\n\n<h2 class=\"wp-block-heading\">Pro v\u00edce informac\u00ed n\u00e1s kontaktujte.<\/h2>\n<style>.kb-row-layout-id368_4ee3ad-f5 > .kt-row-column-wrap{align-content:start;}:where(.kb-row-layout-id368_4ee3ad-f5 > .kt-row-column-wrap) > .wp-block-kadence-column{justify-content:start;}.kb-row-layout-id368_4ee3ad-f5 > .kt-row-column-wrap{column-gap:var(--global-kb-gap-md, 2rem);row-gap:var(--global-kb-gap-md, 2rem);max-width:var( --global-content-width, 1021px );padding-left:var(--global-content-edge-padding);padding-right:var(--global-content-edge-padding);padding-top:var(--global-kb-spacing-sm, 1.5rem);padding-bottom:var(--global-kb-spacing-xxs, 0.5rem);}.kb-row-layout-id368_4ee3ad-f5 > .kt-row-column-wrap > div:not(.added-for-specificity){grid-column:initial;}.kb-row-layout-id368_4ee3ad-f5 > .kt-row-column-wrap{grid-template-columns:repeat(3, minmax(0, 1fr));}.kb-row-layout-id368_4ee3ad-f5 > .kt-row-layout-overlay{opacity:0.30;}@media all and (max-width: 1024px){.kb-row-layout-id368_4ee3ad-f5 > .kt-row-column-wrap > div:not(.added-for-specificity){grid-column:initial;}}@media all and (max-width: 1024px){.kb-row-layout-id368_4ee3ad-f5 > .kt-row-column-wrap{grid-template-columns:repeat(3, minmax(0, 1fr));}}@media all and (max-width: 767px){.kb-row-layout-id368_4ee3ad-f5 > .kt-row-column-wrap > div:not(.added-for-specificity){grid-column:initial;}.kb-row-layout-id368_4ee3ad-f5 > .kt-row-column-wrap{grid-template-columns:minmax(0, 1fr);}}<\/style><div class=\"kb-row-layout-wrap kb-row-layout-id368_4ee3ad-f5 alignfull has-theme-palette8-background-color kt-row-has-bg wp-block-kadence-rowlayout\"><div class=\"kt-row-column-wrap kt-has-3-columns kt-row-layout-equal kt-tab-layout-inherit kt-mobile-layout-row kt-row-valign-top kb-theme-content-width\">\n<style>.kadence-column368_a4b30a-c4 > .kt-inside-inner-col,.kadence-column368_a4b30a-c4 > .kt-inside-inner-col:before{border-top-left-radius:0px;border-top-right-radius:0px;border-bottom-right-radius:0px;border-bottom-left-radius:0px;}.kadence-column368_a4b30a-c4 > .kt-inside-inner-col{column-gap:var(--global-kb-gap-sm, 1rem);}.kadence-column368_a4b30a-c4 > .kt-inside-inner-col{flex-direction:column;}.kadence-column368_a4b30a-c4 > .kt-inside-inner-col > .aligncenter{width:100%;}.kadence-column368_a4b30a-c4 > .kt-inside-inner-col:before{opacity:0.3;}.kadence-column368_a4b30a-c4{position:relative;}@media all and (max-width: 1024px){.kadence-column368_a4b30a-c4 > .kt-inside-inner-col{flex-direction:column;justify-content:center;}}@media all and (max-width: 767px){.kadence-column368_a4b30a-c4 > .kt-inside-inner-col{flex-direction:column;justify-content:center;}}<\/style>\n<div class=\"wp-block-kadence-column kadence-column368_a4b30a-c4 inner-column-1\"><div class=\"kt-inside-inner-col\"><style>.wp-block-kadence-column.kb-section-dir-horizontal > .kt-inside-inner-col > .kt-info-box368_4db0da-e3 .kt-blocks-info-box-link-wrap{max-width:unset;}.kt-info-box368_4db0da-e3 .kt-blocks-info-box-link-wrap{border-top:5px solid var(--global-palette7, #eeeeee);border-right:5px solid var(--global-palette7, #eeeeee);border-bottom:5px solid var(--global-palette7, #eeeeee);border-left:5px solid var(--global-palette7, #eeeeee);background:rgba(255, 255, 255, 0);padding-top:var(--global-kb-spacing-sm, 1.5rem);padding-right:var(--global-kb-spacing-sm, 1.5rem);padding-bottom:var(--global-kb-spacing-sm, 1.5rem);padding-left:var(--global-kb-spacing-sm, 1.5rem);margin-top:50px;}.kt-info-box368_4db0da-e3 .kt-blocks-info-box-link-wrap:hover{background:rgba(255, 255, 255, 0);}.kt-info-box368_4db0da-e3 .kadence-info-box-icon-container .kt-info-svg-icon, .kt-info-box368_4db0da-e3 .kt-info-svg-icon-flip, .kt-info-box368_4db0da-e3 .kt-blocks-info-box-number{font-size:50px;}.kt-info-box368_4db0da-e3 .kt-blocks-info-box-media{color:var(--global-palette9, #ffffff);background:var(--global-palette15, #3182CE);border-top-width:5px;border-right-width:5px;border-bottom-width:5px;border-left-width:5px;padding-top:20px;padding-right:20px;padding-bottom:20px;padding-left:20px;}.kt-info-box368_4db0da-e3 .kt-blocks-info-box-media-container{margin-top:-75px;margin-right:0px;margin-bottom:20px;margin-left:0px;}.kt-info-box368_4db0da-e3 .kt-blocks-info-box-link-wrap:hover .kt-blocks-info-box-media{color:var(--global-palette9, #ffffff);background:var(--global-palette5, #4A5568);}.kt-info-box368_4db0da-e3 .kt-infobox-textcontent h6.kt-blocks-info-box-title{color:var(--global-palette3, #1A202C);padding-top:0px;padding-right:0px;padding-bottom:0px;padding-left:0px;margin-top:5px;margin-right:0px;margin-bottom:10px;margin-left:0px;}.kt-info-box368_4db0da-e3 .kt-infobox-textcontent .kt-blocks-info-box-text{color:var(--global-palette3, #1A202C);}.kt-info-box368_4db0da-e3 .kt-blocks-info-box-learnmore{background:transparent;border-color:#555555;border-width:0px 0px 0px 0px;padding-top:4px;padding-right:8px;padding-bottom:4px;padding-left:8px;margin-top:10px;margin-right:0px;margin-bottom:10px;margin-left:0px;}.kt-info-box368_4db0da-e3 .kt-blocks-info-box-link-wrap:hover .kt-blocks-info-box-learnmore,.kt-info-box368_4db0da-e3 .kt-blocks-info-box-link-wrap .kt-blocks-info-box-learnmore:focus{color:#ffffff;background:#444444;border-color:#444444;}@media all and (max-width: 1024px){.kt-info-box368_4db0da-e3 .kt-blocks-info-box-link-wrap{border-top:5px solid var(--global-palette7, #eeeeee);border-right:5px solid var(--global-palette7, #eeeeee);border-bottom:5px solid var(--global-palette7, #eeeeee);border-left:5px solid var(--global-palette7, #eeeeee);}}@media all and (max-width: 1024px){.wp-block-kadence-infobox.kt-info-box368_4db0da-e3 .kt-blocks-info-box-text{font-size:18px;}}@media all and (max-width: 767px){.kt-info-box368_4db0da-e3 .kt-blocks-info-box-link-wrap{border-top:5px solid var(--global-palette7, #eeeeee);border-right:5px solid var(--global-palette7, #eeeeee);border-bottom:5px solid var(--global-palette7, #eeeeee);border-left:5px solid var(--global-palette7, #eeeeee);}}<\/style>\n<div class=\"wp-block-kadence-infobox kt-info-box368_4db0da-e3\"><a class=\"kt-blocks-info-box-link-wrap info-box-link kt-blocks-info-box-media-align-top kt-info-halign-left\" href=\"mailto:info@olborglogistics.com\"><div class=\"kt-blocks-info-box-media-container\"><div class=\"kt-blocks-info-box-media kt-info-media-animate-none\"><div class=\"kadence-info-box-icon-container kt-info-icon-animate-none\"><div class=\"kadence-info-box-icon-inner-container\"><span class=\"kb-svg-icon-wrap kb-svg-icon-fe_mail kt-info-svg-icon\"><svg viewBox=\"0 0 24 24\"  fill=\"none\" stroke=\"currentColor\" stroke-width=\"2\" stroke-linecap=\"round\" stroke-linejoin=\"round\" xmlns=\"http:\/\/www.w3.org\/2000\/svg\"  aria-hidden=\"true\"><path d=\"M4 4h16c1.1 0 2 .9 2 2v12c0 1.1-.9 2-2 2H4c-1.1 0-2-.9-2-2V6c0-1.1.9-2 2-2z\"\/><polyline points=\"22,6 12,13 2,6\"\/><\/svg><\/span><\/div><\/div><\/div><\/div><div class=\"kt-infobox-textcontent\"><h6 class=\"kt-blocks-info-box-title\">E-mail<\/h6><p class=\"kt-blocks-info-box-text\"><strong><em>info@olborglogistics.com<\/em><\/strong><\/p><\/div><\/a><\/div>\n<\/div><\/div>\n\n\n<style>.kadence-column368_f3b045-82 > .kt-inside-inner-col,.kadence-column368_f3b045-82 > .kt-inside-inner-col:before{border-top-left-radius:0px;border-top-right-radius:0px;border-bottom-right-radius:0px;border-bottom-left-radius:0px;}.kadence-column368_f3b045-82 > .kt-inside-inner-col{column-gap:var(--global-kb-gap-sm, 1rem);}.kadence-column368_f3b045-82 > .kt-inside-inner-col{flex-direction:column;}.kadence-column368_f3b045-82 > .kt-inside-inner-col > .aligncenter{width:100%;}.kadence-column368_f3b045-82 > .kt-inside-inner-col:before{opacity:0.3;}.kadence-column368_f3b045-82{position:relative;}@media all and (max-width: 1024px){.kadence-column368_f3b045-82 > .kt-inside-inner-col{flex-direction:column;justify-content:center;}}@media all and (max-width: 767px){.kadence-column368_f3b045-82 > .kt-inside-inner-col{flex-direction:column;justify-content:center;}}<\/style>\n<div class=\"wp-block-kadence-column kadence-column368_f3b045-82 inner-column-3\"><div class=\"kt-inside-inner-col\"><style>.wp-block-kadence-column.kb-section-dir-horizontal > .kt-inside-inner-col > .kt-info-box368_b98eb0-4a .kt-blocks-info-box-link-wrap{max-width:unset;}.kt-info-box368_b98eb0-4a .kt-blocks-info-box-link-wrap{border-top:5px solid var(--global-palette7, #eeeeee);border-right:5px solid var(--global-palette7, #eeeeee);border-bottom:5px solid var(--global-palette7, #eeeeee);border-left:5px solid var(--global-palette7, #eeeeee);background:rgba(255, 255, 255, 0);padding-top:var(--global-kb-spacing-sm, 1.5rem);padding-right:var(--global-kb-spacing-sm, 1.5rem);padding-bottom:var(--global-kb-spacing-sm, 1.5rem);padding-left:var(--global-kb-spacing-sm, 1.5rem);margin-top:50px;}.kt-info-box368_b98eb0-4a .kt-blocks-info-box-link-wrap:hover{background:rgba(255, 255, 255, 0);}.kt-info-box368_b98eb0-4a .kadence-info-box-icon-container .kt-info-svg-icon, .kt-info-box368_b98eb0-4a .kt-info-svg-icon-flip, .kt-info-box368_b98eb0-4a .kt-blocks-info-box-number{font-size:50px;}.kt-info-box368_b98eb0-4a .kt-blocks-info-box-media{color:var(--global-palette9, #ffffff);background:var(--global-palette15, #3182CE);border-top-width:5px;border-right-width:5px;border-bottom-width:5px;border-left-width:5px;padding-top:20px;padding-right:20px;padding-bottom:20px;padding-left:20px;}.kt-info-box368_b98eb0-4a .kt-blocks-info-box-media-container{margin-top:-75px;margin-right:0px;margin-bottom:20px;margin-left:0px;}.kt-info-box368_b98eb0-4a .kt-blocks-info-box-link-wrap:hover .kt-blocks-info-box-media{color:var(--global-palette9, #ffffff);background:var(--global-palette5, #4A5568);}.kt-info-box368_b98eb0-4a .kt-infobox-textcontent h6.kt-blocks-info-box-title{color:var(--global-palette3, #1A202C);padding-top:0px;padding-right:0px;padding-bottom:0px;padding-left:0px;margin-top:5px;margin-right:0px;margin-bottom:10px;margin-left:0px;}.kt-info-box368_b98eb0-4a .kt-infobox-textcontent .kt-blocks-info-box-text{color:var(--global-palette3, #1A202C);}.kt-info-box368_b98eb0-4a .kt-blocks-info-box-learnmore{background:transparent;border-color:#555555;border-width:0px 0px 0px 0px;padding-top:4px;padding-right:8px;padding-bottom:4px;padding-left:8px;margin-top:10px;margin-right:0px;margin-bottom:10px;margin-left:0px;}.kt-info-box368_b98eb0-4a .kt-blocks-info-box-link-wrap:hover .kt-blocks-info-box-learnmore,.kt-info-box368_b98eb0-4a .kt-blocks-info-box-link-wrap .kt-blocks-info-box-learnmore:focus{color:#ffffff;background:#444444;border-color:#444444;}@media all and (max-width: 1024px){.kt-info-box368_b98eb0-4a .kt-blocks-info-box-link-wrap{border-top:5px solid var(--global-palette7, #eeeeee);border-right:5px solid var(--global-palette7, #eeeeee);border-bottom:5px solid var(--global-palette7, #eeeeee);border-left:5px solid var(--global-palette7, #eeeeee);}}@media all and (max-width: 1024px){.wp-block-kadence-infobox.kt-info-box368_b98eb0-4a .kt-blocks-info-box-text{font-size:18px;}}@media all and (max-width: 767px){.kt-info-box368_b98eb0-4a .kt-blocks-info-box-link-wrap{border-top:5px solid var(--global-palette7, #eeeeee);border-right:5px solid var(--global-palette7, #eeeeee);border-bottom:5px solid var(--global-palette7, #eeeeee);border-left:5px solid var(--global-palette7, #eeeeee);}}<\/style>\n<div class=\"wp-block-kadence-infobox kt-info-box368_b98eb0-4a\"><span class=\"kt-blocks-info-box-link-wrap info-box-link kt-blocks-info-box-media-align-top kt-info-halign-left\"><div class=\"kt-blocks-info-box-media-container\"><div class=\"kt-blocks-info-box-media kt-info-media-animate-none\"><div class=\"kadence-info-box-icon-container kt-info-icon-animate-none\"><div class=\"kadence-info-box-icon-inner-container\"><span class=\"kb-svg-icon-wrap kb-svg-icon-ic_phone kt-info-svg-icon\"><svg viewBox=\"0 0 8 8\"  fill=\"currentColor\" xmlns=\"http:\/\/www.w3.org\/2000\/svg\"  aria-hidden=\"true\"><path d=\"M.19 0c-.11 0-.19.08-.19.19v7.63c0 .11.08.19.19.19h4.63c.11 0 .19-.08.19-.19v-7.63c0-.11-.08-.19-.19-.19h-4.63zm.81 1h3v5h-3v-5zm1.5 5.5c.28 0 .5.22.5.5s-.22.5-.5.5-.5-.22-.5-.5.22-.5.5-.5z\" transform=\"translate(1)\"\/><\/svg><\/span><\/div><\/div><\/div><\/div><div class=\"kt-infobox-textcontent\"><h6 class=\"kt-blocks-info-box-title\">Telefon<\/h6><p class=\"kt-blocks-info-box-text\"><strong><em>+48 505 611 446<\/em><\/strong><\/p><\/div><\/span><\/div>\n<\/div><\/div>\n\n\n<style>.kadence-column368_d46b1d-5e > .kt-inside-inner-col,.kadence-column368_d46b1d-5e > .kt-inside-inner-col:before{border-top-left-radius:0px;border-top-right-radius:0px;border-bottom-right-radius:0px;border-bottom-left-radius:0px;}.kadence-column368_d46b1d-5e > .kt-inside-inner-col{column-gap:var(--global-kb-gap-sm, 1rem);}.kadence-column368_d46b1d-5e > .kt-inside-inner-col{flex-direction:column;}.kadence-column368_d46b1d-5e > .kt-inside-inner-col > .aligncenter{width:100%;}.kadence-column368_d46b1d-5e > .kt-inside-inner-col:before{opacity:0.3;}.kadence-column368_d46b1d-5e{position:relative;}@media all and (max-width: 1024px){.kadence-column368_d46b1d-5e > .kt-inside-inner-col{flex-direction:column;justify-content:center;}}@media all and (max-width: 767px){.kadence-column368_d46b1d-5e > .kt-inside-inner-col{flex-direction:column;justify-content:center;}}<\/style>\n<div class=\"wp-block-kadence-column kadence-column368_d46b1d-5e inner-column-4\"><div class=\"kt-inside-inner-col\"><style>.wp-block-kadence-column.kb-section-dir-horizontal > .kt-inside-inner-col > .kt-info-box368_05fac8-31 .kt-blocks-info-box-link-wrap{max-width:unset;}.kt-info-box368_05fac8-31 .kt-blocks-info-box-link-wrap{border-top:5px solid var(--global-palette7, #eeeeee);border-right:5px solid var(--global-palette7, #eeeeee);border-bottom:5px solid var(--global-palette7, #eeeeee);border-left:5px solid var(--global-palette7, #eeeeee);background:rgba(255, 255, 255, 0);padding-top:var(--global-kb-spacing-sm, 1.5rem);padding-right:var(--global-kb-spacing-sm, 1.5rem);padding-bottom:var(--global-kb-spacing-sm, 1.5rem);padding-left:var(--global-kb-spacing-sm, 1.5rem);margin-top:50px;}.kt-info-box368_05fac8-31 .kt-blocks-info-box-link-wrap:hover{background:rgba(255, 255, 255, 0);}.kt-info-box368_05fac8-31 .kadence-info-box-icon-container .kt-info-svg-icon, .kt-info-box368_05fac8-31 .kt-info-svg-icon-flip, .kt-info-box368_05fac8-31 .kt-blocks-info-box-number{font-size:50px;}.kt-info-box368_05fac8-31 .kt-blocks-info-box-media{color:var(--global-palette9, #ffffff);background:var(--global-palette15, #3182CE);border-top-width:5px;border-right-width:5px;border-bottom-width:5px;border-left-width:5px;padding-top:20px;padding-right:20px;padding-bottom:20px;padding-left:20px;}.kt-info-box368_05fac8-31 .kt-blocks-info-box-media-container{margin-top:-75px;margin-right:0px;margin-bottom:20px;margin-left:0px;}.kt-info-box368_05fac8-31 .kt-blocks-info-box-link-wrap:hover .kt-blocks-info-box-media{color:var(--global-palette9, #ffffff);background:var(--global-palette5, #4A5568);}.kt-info-box368_05fac8-31 .kt-infobox-textcontent h6.kt-blocks-info-box-title{color:var(--global-palette3, #1A202C);padding-top:0px;padding-right:0px;padding-bottom:0px;padding-left:0px;margin-top:5px;margin-right:0px;margin-bottom:10px;margin-left:0px;}.kt-info-box368_05fac8-31 .kt-infobox-textcontent .kt-blocks-info-box-text{color:var(--global-palette3, #1A202C);}.kt-info-box368_05fac8-31 .kt-blocks-info-box-learnmore{background:transparent;border-color:#555555;border-width:0px 0px 0px 0px;padding-top:4px;padding-right:8px;padding-bottom:4px;padding-left:8px;margin-top:10px;margin-right:0px;margin-bottom:10px;margin-left:0px;}.kt-info-box368_05fac8-31 .kt-blocks-info-box-link-wrap:hover .kt-blocks-info-box-learnmore,.kt-info-box368_05fac8-31 .kt-blocks-info-box-link-wrap .kt-blocks-info-box-learnmore:focus{color:#ffffff;background:#444444;border-color:#444444;}@media all and (max-width: 1024px){.kt-info-box368_05fac8-31 .kt-blocks-info-box-link-wrap{border-top:5px solid var(--global-palette7, #eeeeee);border-right:5px solid var(--global-palette7, #eeeeee);border-bottom:5px solid var(--global-palette7, #eeeeee);border-left:5px solid var(--global-palette7, #eeeeee);}}@media all and (max-width: 1024px){.wp-block-kadence-infobox.kt-info-box368_05fac8-31 .kt-blocks-info-box-text{font-size:18px;}}@media all and (max-width: 767px){.kt-info-box368_05fac8-31 .kt-blocks-info-box-link-wrap{border-top:5px solid var(--global-palette7, #eeeeee);border-right:5px solid var(--global-palette7, #eeeeee);border-bottom:5px solid var(--global-palette7, #eeeeee);border-left:5px solid var(--global-palette7, #eeeeee);}}<\/style>\n<div class=\"wp-block-kadence-infobox kt-info-box368_05fac8-31\"><span class=\"kt-blocks-info-box-link-wrap info-box-link kt-blocks-info-box-media-align-top kt-info-halign-left\"><div class=\"kt-blocks-info-box-media-container\"><div class=\"kt-blocks-info-box-media kt-info-media-animate-none\"><div class=\"kadence-info-box-icon-container kt-info-icon-animate-none\"><div class=\"kadence-info-box-icon-inner-container\"><span class=\"kb-svg-icon-wrap kb-svg-icon-fe_clock kt-info-svg-icon\"><svg viewBox=\"0 0 24 24\"  fill=\"none\" stroke=\"currentColor\" stroke-width=\"2\" stroke-linecap=\"round\" stroke-linejoin=\"round\" xmlns=\"http:\/\/www.w3.org\/2000\/svg\"  aria-hidden=\"true\"><circle cx=\"12\" cy=\"12\" r=\"10\"\/><polyline points=\"12 6 12 12 16 14\"\/><\/svg><\/span><\/div><\/div><\/div><\/div><div class=\"kt-infobox-textcontent\"><h6 class=\"kt-blocks-info-box-title\">Hodiny<\/h6><p class=\"kt-blocks-info-box-text\"><strong><em>Pond\u011bl\u00ed &#8211; p\u00e1tek<br\/>8:00 &#8211; 17:00 hod.<\/em><\/strong><\/p><\/div><\/span><\/div>\n<\/div><\/div>\n\n<\/div><\/div>","protected":false},"excerpt":{"rendered":"<p>N\u00e1kup p\u0159epravn\u00edho kontejneru online nen\u00ed \u00fapln\u011b stejn\u00fd jako objedn\u00e1vka n\u011b\u010deho, co p\u0159ijde v krabici. Pokud n\u00e1kup zahrnuje krabici &#8211; a ta m\u016f\u017ee v\u00e1\u017eit a\u017e 8 000 liber -, je t\u0159eba trochu v\u00edce pl\u00e1nov\u00e1n\u00ed a koordinace. Tento pr\u016fvodce vysv\u011btluje, jak se p\u0159epravn\u00ed kontejnery dod\u00e1vaj\u00ed, jak\u00e9 jsou s t\u00edm spojen\u00e9 n\u00e1klady a jak p\u0159ipravit m\u00edsto na dod\u00e1n\u00ed&#8230;.<\/p>\n","protected":false},"author":1,"featured_media":0,"parent":0,"menu_order":0,"comment_status":"closed","ping_status":"closed","template":"","meta":{"_kad_blocks_custom_css":"","_kad_blocks_head_custom_js":"","_kad_blocks_body_custom_js":"","_kad_blocks_footer_custom_js":"","_kad_post_transparent":"","_kad_post_title":"","_kad_post_layout":"","_kad_post_sidebar_id":"","_kad_post_content_style":"","_kad_post_vertical_padding":"","_kad_post_feature":"","_kad_post_feature_position":"","_kad_post_header":false,"_kad_post_footer":false,"_kad_post_classname":"","footnotes":""},"class_list":["post-2717","page","type-page","status-publish","hentry"],"taxonomy_info":[],"featured_image_src_large":false,"author_info":{"display_name":"Olborglogistics","author_link":"https:\/\/olborglogistics.com\/cs\/author\/olborglogistics\/"},"comment_info":0,"_links":{"self":[{"href":"https:\/\/olborglogistics.com\/cs\/wp-json\/wp\/v2\/pages\/2717","targetHints":{"allow":["GET"]}}],"collection":[{"href":"https:\/\/olborglogistics.com\/cs\/wp-json\/wp\/v2\/pages"}],"about":[{"href":"https:\/\/olborglogistics.com\/cs\/wp-json\/wp\/v2\/types\/page"}],"author":[{"embeddable":true,"href":"https:\/\/olborglogistics.com\/cs\/wp-json\/wp\/v2\/users\/1"}],"replies":[{"embeddable":true,"href":"https:\/\/olborglogistics.com\/cs\/wp-json\/wp\/v2\/comments?post=2717"}],"version-history":[{"count":1,"href":"https:\/\/olborglogistics.com\/cs\/wp-json\/wp\/v2\/pages\/2717\/revisions"}],"predecessor-version":[{"id":2719,"href":"https:\/\/olborglogistics.com\/cs\/wp-json\/wp\/v2\/pages\/2717\/revisions\/2719"}],"wp:attachment":[{"href":"https:\/\/olborglogistics.com\/cs\/wp-json\/wp\/v2\/media?parent=2717"}],"curies":[{"name":"wp","href":"https:\/\/api.w.org\/{rel}","templated":true}]}}